{"id":102675,"date":"2022-07-28T09:29:20","date_gmt":"2022-07-28T07:29:20","guid":{"rendered":"https:\/\/clair.si\/izdelek\/gumena-podloga-za-stale-granuflex-2-cm\/"},"modified":"2026-01-01T10:59:53","modified_gmt":"2026-01-01T09:59:53","slug":"gumena-podloga-za-stale-granuflex-2-cm","status":"publish","type":"product","link":"https:\/\/clair.si\/hr\/izdelek\/gumena-podloga-za-stale-granuflex-2-cm\/","title":{"rendered":"Gumena podloga za \u0161tale Granuflex 2 cm"},"content":{"rendered":"<p><span class=\"HwtZe\" lang=\"sl\"><span class=\"jCAhz ChMk0b\"><span class=\"ryNqvb\"><strong>Gumena podloga za staje Granuflex<\/strong>, otporna na habanje i propusna za vlagu, dizajnirana posebno za konjske<\/span><\/span> <span class=\"jCAhz ChMk0b\"><span class=\"ryNqvb\">\u0161tale, ograde, \u0161etnice i prostore za pranje konja. Izra\u0111ena od visokokvalitetnog recikliranog  <\/span><\/span><span class=\"jCAhz ChMk0b\"><span class=\"ryNqvb\">gumenog granulata. Posebno <\/span><\/span> <span class=\"jCAhz ChMk0b\"><span class=\"ryNqvb\">na podru\u010djima za \u0161etanje konja, trebale bi biti omogu\u0107ene sigurne povr\u0161ine za hodanje<\/span><\/span><span class=\"jCAhz ChMk0b\"><span class=\"ryNqvb\">. Granuflex\u00ae podloge su protuklizne i blago elasti\u010dne. <strong>Podloge <\/strong><\/span><\/span><span class=\"jCAhz ChMk0b\"><span class=\"ryNqvb\"><strong>su debele samo 2 cm<\/strong>, zbog \u010dega su<\/span><\/span> <span class=\"jCAhz ChMk0b\"><span class=\"ryNqvb\">savr\u0161ene za brzu i jednostavnu instalaciju.<\/span><\/span><\/span><\/p>\n<p>Gumena podloga za \u0161tale Granuflex, debljine 2 cm:<\/p>\n<ul>\n<li>Djeluje protuklizno, \u010dak i na mokrim povr\u0161inama<\/li>\n<li>Prikladna za unutarnju i vanjsku upotrebu (boksovi, \u0161etnice, hodnici&#8230;)<\/li>\n<li>Optimalna drena\u017ea<\/li>\n<li>Otporna na urin<\/li>\n<li>Vrlo izdr\u017eljiva<\/li>\n<li>Ravna s obje strane<\/li>\n<li><span class=\"HwtZe\" lang=\"sl\"><span class=\"jCAhz ChMk0b\"><span class=\"ryNqvb\">Toplinska provodljivost:<\/span><\/span> <span class=\"jCAhz ChMk0b\"><span class=\"ryNqvb\">0,14 W.m2K<\/span><\/span><\/span><\/li>\n<li>Temperaturna otpornost:<span class=\"HwtZe\" lang=\"sl\"><span class=\"jCAhz ChMk0b\"><span class=\"ryNqvb\"> -40\u2070C \/ +80\u2070C<\/span><\/span><\/span><\/li>\n<li>Dimenzije: 100 cm x 100 cm<\/li>\n<li>Debljina: 2 cm<\/li>\n<li class=\"lRu31\"><span class=\"HwtZe\" lang=\"sl\"><span class=\"jCAhz ChMk0b\"><span class=\"ryNqvb\">Sigurnost:<\/span><\/span> <span class=\"jCAhz ChMk0b\"><span class=\"ryNqvb\">Smanjuje opasnost od klizanja i rastere\u0107uje to\u010dkasta optere\u0107enja zglobova<\/span><\/span><\/span><\/li>\n<li class=\"lRu31\"><span class=\"HwtZe\" lang=\"sl\"> <span class=\"jCAhz ChMk0b\"><span class=\"ryNqvb\">Udobnost: Poma\u017ee konjima da im korak bude sigurniji<\/span><\/span><\/span><\/li>\n<li class=\"lRu31\"><span class=\"HwtZe\" lang=\"sl\">S<span class=\"jCAhz ChMk0b\"><span class=\"ryNqvb\">tvara mirnu atmosferu zbog zvu\u010dnog prigu\u0161nog u\u010dinka gume<\/span><\/span> <\/span><span class=\"HwtZe\" lang=\"sl\"> <\/span><\/li>\n<li class=\"lRu31\"><span class=\"HwtZe\" lang=\"sl\"><span class=\"jCAhz ChMk0b\"><span class=\"ryNqvb\">Ekolo\u0161ki prihvatljiv proizvod, 100% reciklirani materijal<\/span><\/span><\/span><\/li>\n<\/ul>\n","protected":false},"excerpt":{"rendered":"<p>Gumena podloga za staje Granuflex, otporna na habanje i propusna za vlagu, dizajnirana posebno za konjske \u0161tale, ograde, \u0161etnice i<\/p>\n","protected":false},"featured_media":102680,"template":"","meta":{"footnotes":""},"product_brand":[],"product_cat":[5756,6322,5627],"product_tag":[],"class_list":{"0":"post-102675","1":"product","2":"type-product","3":"status-publish","4":"has-post-thumbnail","6":"product_cat-dodaci-za-stalu","7":"product_cat-podloga","8":"product_cat-stala-i-pasnjak","10":"first","11":"instock","12":"sale","13":"shipping-taxable","14":"purchasable","15":"product-type-simple"},"yoast_head":"<!-- This site is optimized with the Yoast SEO plugin v27.3 - https:\/\/yoast.com\/product\/yoast-seo-wordpress\/ -->\n<title>Gumena podloga za \u0161tale Granuflex 2 cm - Clair<\/title>\n<meta name=\"description\" content=\"Gumena podloga za \u0161tale Granuflex prikladna je za podlogu u \u0161tali ili vanjskom ispustu za na\u0161e konje. Kvalitetna i visoke kakvo\u0107e! Provjerite ponudu.\" \/>\n<meta name=\"robots\" content=\"index, follow, max-snippet:-1, max-image-preview:large, max-video-preview:-1\" \/>\n<link rel=\"canonical\" href=\"https:\/\/clair.si\/hr\/izdelek\/gumena-podloga-za-stale-granuflex-2-cm\/\" \/>\n<meta property=\"og:locale\" content=\"hr_HR\" \/>\n<meta property=\"og:type\" content=\"article\" \/>\n<meta property=\"og:title\" content=\"Gumena podloga za \u0161tale Granuflex 2 cm - Clair\" \/>\n<meta property=\"og:description\" content=\"Gumena podloga za \u0161tale Granuflex prikladna je za podlogu u \u0161tali ili vanjskom ispustu za na\u0161e konje. Kvalitetna i visoke kakvo\u0107e! Provjerite ponudu.\" \/>\n<meta property=\"og:url\" content=\"https:\/\/clair.si\/hr\/izdelek\/gumena-podloga-za-stale-granuflex-2-cm\/\" \/>\n<meta property=\"og:site_name\" content=\"Clair\" \/>\n<meta property=\"article:publisher\" content=\"https:\/\/www.facebook.com\/TrgovinaClair\/\" \/>\n<meta property=\"article:modified_time\" content=\"2026-01-01T09:59:53+00:00\" \/>\n<meta property=\"og:image\" content=\"https:\/\/clair.si\/wp-content\/uploads\/2022\/07\/hlevska-guma-Granuflex.jpg\" \/>\n\t<meta property=\"og:image:width\" content=\"1100\" \/>\n\t<meta property=\"og:image:height\" content=\"1100\" \/>\n\t<meta property=\"og:image:type\" content=\"image\/jpeg\" \/>\n<meta name=\"twitter:card\" content=\"summary_large_image\" \/>\n<meta name=\"twitter:label1\" content=\"Procijenjeno vrijeme \u010ditanja\" \/>\n\t<meta name=\"twitter:data1\" content=\"1 minuta\" \/>\n<script type=\"application\/ld+json\" class=\"yoast-schema-graph\">{\"@context\":\"https:\\\/\\\/schema.org\",\"@graph\":[{\"@type\":\"WebPage\",\"@id\":\"https:\\\/\\\/clair.si\\\/hr\\\/izdelek\\\/gumena-podloga-za-stale-granuflex-2-cm\\\/\",\"url\":\"https:\\\/\\\/clair.si\\\/hr\\\/izdelek\\\/gumena-podloga-za-stale-granuflex-2-cm\\\/\",\"name\":\"Gumena podloga za \u0161tale Granuflex 2 cm - Clair\",\"isPartOf\":{\"@id\":\"https:\\\/\\\/clair.si\\\/#website\"},\"primaryImageOfPage\":{\"@id\":\"https:\\\/\\\/clair.si\\\/hr\\\/izdelek\\\/gumena-podloga-za-stale-granuflex-2-cm\\\/#primaryimage\"},\"image\":{\"@id\":\"https:\\\/\\\/clair.si\\\/hr\\\/izdelek\\\/gumena-podloga-za-stale-granuflex-2-cm\\\/#primaryimage\"},\"thumbnailUrl\":\"https:\\\/\\\/clair.si\\\/wp-content\\\/uploads\\\/2022\\\/07\\\/hlevska-guma-Granuflex.webp\",\"datePublished\":\"2022-07-28T07:29:20+00:00\",\"dateModified\":\"2026-01-01T09:59:53+00:00\",\"description\":\"Gumena podloga za \u0161tale Granuflex prikladna je za podlogu u \u0161tali ili vanjskom ispustu za na\u0161e konje. Kvalitetna i visoke kakvo\u0107e! Provjerite ponudu.\",\"breadcrumb\":{\"@id\":\"https:\\\/\\\/clair.si\\\/hr\\\/izdelek\\\/gumena-podloga-za-stale-granuflex-2-cm\\\/#breadcrumb\"},\"inLanguage\":\"hr\",\"potentialAction\":[{\"@type\":\"ReadAction\",\"target\":[\"https:\\\/\\\/clair.si\\\/hr\\\/izdelek\\\/gumena-podloga-za-stale-granuflex-2-cm\\\/\"]}]},{\"@type\":\"ImageObject\",\"inLanguage\":\"hr\",\"@id\":\"https:\\\/\\\/clair.si\\\/hr\\\/izdelek\\\/gumena-podloga-za-stale-granuflex-2-cm\\\/#primaryimage\",\"url\":\"https:\\\/\\\/clair.si\\\/wp-content\\\/uploads\\\/2022\\\/07\\\/hlevska-guma-Granuflex.webp\",\"contentUrl\":\"https:\\\/\\\/clair.si\\\/wp-content\\\/uploads\\\/2022\\\/07\\\/hlevska-guma-Granuflex.webp\",\"width\":1100,\"height\":1100},{\"@type\":\"BreadcrumbList\",\"@id\":\"https:\\\/\\\/clair.si\\\/hr\\\/izdelek\\\/gumena-podloga-za-stale-granuflex-2-cm\\\/#breadcrumb\",\"itemListElement\":[{\"@type\":\"ListItem\",\"position\":1,\"name\":\"Home\",\"item\":\"https:\\\/\\\/clair.si\\\/hr\\\/\"},{\"@type\":\"ListItem\",\"position\":2,\"name\":\"Trgovina\",\"item\":\"https:\\\/\\\/clair.si\\\/trgovina\\\/\"},{\"@type\":\"ListItem\",\"position\":3,\"name\":\"Gumena podloga za \u0161tale Granuflex 2 cm\"}]},{\"@type\":\"WebSite\",\"@id\":\"https:\\\/\\\/clair.si\\\/#website\",\"url\":\"https:\\\/\\\/clair.si\\\/\",\"name\":\"Clair\",\"description\":\"Trgovina s konjeni\u0161ko opremo\",\"publisher\":{\"@id\":\"https:\\\/\\\/clair.si\\\/#organization\"},\"potentialAction\":[{\"@type\":\"SearchAction\",\"target\":{\"@type\":\"EntryPoint\",\"urlTemplate\":\"https:\\\/\\\/clair.si\\\/?s={search_term_string}\"},\"query-input\":{\"@type\":\"PropertyValueSpecification\",\"valueRequired\":true,\"valueName\":\"search_term_string\"}}],\"inLanguage\":\"hr\"},{\"@type\":\"Organization\",\"@id\":\"https:\\\/\\\/clair.si\\\/#organization\",\"name\":\"Clair\",\"url\":\"https:\\\/\\\/clair.si\\\/\",\"logo\":{\"@type\":\"ImageObject\",\"inLanguage\":\"hr\",\"@id\":\"https:\\\/\\\/clair.si\\\/#\\\/schema\\\/logo\\\/image\\\/\",\"url\":\"https:\\\/\\\/clair.si\\\/wp-content\\\/uploads\\\/2022\\\/11\\\/clair_logo_2022.jpg\",\"contentUrl\":\"https:\\\/\\\/clair.si\\\/wp-content\\\/uploads\\\/2022\\\/11\\\/clair_logo_2022.jpg\",\"width\":1920,\"height\":1920,\"caption\":\"Clair\"},\"image\":{\"@id\":\"https:\\\/\\\/clair.si\\\/#\\\/schema\\\/logo\\\/image\\\/\"},\"sameAs\":[\"https:\\\/\\\/www.facebook.com\\\/TrgovinaClair\\\/\"]}]}<\/script>\n<!-- \/ Yoast SEO plugin. -->","yoast_head_json":{"title":"Gumena podloga za \u0161tale Granuflex 2 cm - Clair","description":"Gumena podloga za \u0161tale Granuflex prikladna je za podlogu u \u0161tali ili vanjskom ispustu za na\u0161e konje. Kvalitetna i visoke kakvo\u0107e! Provjerite ponudu.","robots":{"index":"index","follow":"follow","max-snippet":"max-snippet:-1","max-image-preview":"max-image-preview:large","max-video-preview":"max-video-preview:-1"},"canonical":"https:\/\/clair.si\/hr\/izdelek\/gumena-podloga-za-stale-granuflex-2-cm\/","og_locale":"hr_HR","og_type":"article","og_title":"Gumena podloga za \u0161tale Granuflex 2 cm - Clair","og_description":"Gumena podloga za \u0161tale Granuflex prikladna je za podlogu u \u0161tali ili vanjskom ispustu za na\u0161e konje. Kvalitetna i visoke kakvo\u0107e! Provjerite ponudu.","og_url":"https:\/\/clair.si\/hr\/izdelek\/gumena-podloga-za-stale-granuflex-2-cm\/","og_site_name":"Clair","article_publisher":"https:\/\/www.facebook.com\/TrgovinaClair\/","article_modified_time":"2026-01-01T09:59:53+00:00","og_image":[{"width":1100,"height":1100,"url":"https:\/\/clair.si\/wp-content\/uploads\/2022\/07\/hlevska-guma-Granuflex.jpg","type":"image\/jpeg"}],"twitter_card":"summary_large_image","twitter_misc":{"Procijenjeno vrijeme \u010ditanja":"1 minuta"},"schema":{"@context":"https:\/\/schema.org","@graph":[{"@type":"WebPage","@id":"https:\/\/clair.si\/hr\/izdelek\/gumena-podloga-za-stale-granuflex-2-cm\/","url":"https:\/\/clair.si\/hr\/izdelek\/gumena-podloga-za-stale-granuflex-2-cm\/","name":"Gumena podloga za \u0161tale Granuflex 2 cm - Clair","isPartOf":{"@id":"https:\/\/clair.si\/#website"},"primaryImageOfPage":{"@id":"https:\/\/clair.si\/hr\/izdelek\/gumena-podloga-za-stale-granuflex-2-cm\/#primaryimage"},"image":{"@id":"https:\/\/clair.si\/hr\/izdelek\/gumena-podloga-za-stale-granuflex-2-cm\/#primaryimage"},"thumbnailUrl":"https:\/\/clair.si\/wp-content\/uploads\/2022\/07\/hlevska-guma-Granuflex.webp","datePublished":"2022-07-28T07:29:20+00:00","dateModified":"2026-01-01T09:59:53+00:00","description":"Gumena podloga za \u0161tale Granuflex prikladna je za podlogu u \u0161tali ili vanjskom ispustu za na\u0161e konje. Kvalitetna i visoke kakvo\u0107e! Provjerite ponudu.","breadcrumb":{"@id":"https:\/\/clair.si\/hr\/izdelek\/gumena-podloga-za-stale-granuflex-2-cm\/#breadcrumb"},"inLanguage":"hr","potentialAction":[{"@type":"ReadAction","target":["https:\/\/clair.si\/hr\/izdelek\/gumena-podloga-za-stale-granuflex-2-cm\/"]}]},{"@type":"ImageObject","inLanguage":"hr","@id":"https:\/\/clair.si\/hr\/izdelek\/gumena-podloga-za-stale-granuflex-2-cm\/#primaryimage","url":"https:\/\/clair.si\/wp-content\/uploads\/2022\/07\/hlevska-guma-Granuflex.webp","contentUrl":"https:\/\/clair.si\/wp-content\/uploads\/2022\/07\/hlevska-guma-Granuflex.webp","width":1100,"height":1100},{"@type":"BreadcrumbList","@id":"https:\/\/clair.si\/hr\/izdelek\/gumena-podloga-za-stale-granuflex-2-cm\/#breadcrumb","itemListElement":[{"@type":"ListItem","position":1,"name":"Home","item":"https:\/\/clair.si\/hr\/"},{"@type":"ListItem","position":2,"name":"Trgovina","item":"https:\/\/clair.si\/trgovina\/"},{"@type":"ListItem","position":3,"name":"Gumena podloga za \u0161tale Granuflex 2 cm"}]},{"@type":"WebSite","@id":"https:\/\/clair.si\/#website","url":"https:\/\/clair.si\/","name":"Clair","description":"Trgovina s konjeni\u0161ko opremo","publisher":{"@id":"https:\/\/clair.si\/#organization"},"potentialAction":[{"@type":"SearchAction","target":{"@type":"EntryPoint","urlTemplate":"https:\/\/clair.si\/?s={search_term_string}"},"query-input":{"@type":"PropertyValueSpecification","valueRequired":true,"valueName":"search_term_string"}}],"inLanguage":"hr"},{"@type":"Organization","@id":"https:\/\/clair.si\/#organization","name":"Clair","url":"https:\/\/clair.si\/","logo":{"@type":"ImageObject","inLanguage":"hr","@id":"https:\/\/clair.si\/#\/schema\/logo\/image\/","url":"https:\/\/clair.si\/wp-content\/uploads\/2022\/11\/clair_logo_2022.jpg","contentUrl":"https:\/\/clair.si\/wp-content\/uploads\/2022\/11\/clair_logo_2022.jpg","width":1920,"height":1920,"caption":"Clair"},"image":{"@id":"https:\/\/clair.si\/#\/schema\/logo\/image\/"},"sameAs":["https:\/\/www.facebook.com\/TrgovinaClair\/"]}]}},"_links":{"self":[{"href":"https:\/\/clair.si\/hr\/wp-json\/wp\/v2\/product\/102675","targetHints":{"allow":["GET"]}}],"collection":[{"href":"https:\/\/clair.si\/hr\/wp-json\/wp\/v2\/product"}],"about":[{"href":"https:\/\/clair.si\/hr\/wp-json\/wp\/v2\/types\/product"}],"version-history":[{"count":0,"href":"https:\/\/clair.si\/hr\/wp-json\/wp\/v2\/product\/102675\/revisions"}],"wp:featuredmedia":[{"embeddable":true,"href":"https:\/\/clair.si\/hr\/wp-json\/wp\/v2\/media\/102680"}],"wp:attachment":[{"href":"https:\/\/clair.si\/hr\/wp-json\/wp\/v2\/media?parent=102675"}],"wp:term":[{"taxonomy":"product_brand","embeddable":true,"href":"https:\/\/clair.si\/hr\/wp-json\/wp\/v2\/product_brand?post=102675"},{"taxonomy":"product_cat","embeddable":true,"href":"https:\/\/clair.si\/hr\/wp-json\/wp\/v2\/product_cat?post=102675"},{"taxonomy":"product_tag","embeddable":true,"href":"https:\/\/clair.si\/hr\/wp-json\/wp\/v2\/product_tag?post=102675"}],"curies":[{"name":"wp","href":"https:\/\/api.w.org\/{rel}","templated":true}]}}