{"id":102681,"date":"2022-09-12T15:59:36","date_gmt":"2022-09-12T13:59:36","guid":{"rendered":"https:\/\/clair.si\/izdelek\/kavalkade-quentin-uzda\/"},"modified":"2025-11-13T13:48:51","modified_gmt":"2025-11-13T12:48:51","slug":"kavalkade-quentin-uzda","status":"publish","type":"product","link":"https:\/\/clair.si\/hr\/izdelek\/kavalkade-quentin-uzda\/","title":{"rendered":"Kavalkade Quentin uzda"},"content":{"rendered":"<p><strong>Kavalkade Quentin uzda<\/strong> izra\u0111ena je od visokokvalitetne ko\u017ee.<\/p>\n<p>Quentin uzda je engleska uzda s <strong>kombiniranim<\/strong> nosnikom, nenametljiva, ali svejedno <strong>elegantna<\/strong> i <strong>udobna<\/strong> za va\u0161eg konja, jer je meko <strong>podlo\u017eena<\/strong>.<\/p>\n<p>Uzda <strong>klasi\u010dnog<\/strong> izgleda, vrlo je <strong>prilagodljiva<\/strong> jer je podesiva s obje strane. Donji nosnik se po potrebi mo\u017ee ukloniti, ali kod ove uzde om\u010da svejedno ostaje na samoj uzdi. U cijenu su uklju\u010dene i neklizaju\u0107e vodilice.  <\/p>\n<p>Quentin uzda je dostupna u mnogo veli\u010dina i razli\u010ditim kombinacijama boja.<\/p>\n<p>&nbsp;<\/p>\n","protected":false},"excerpt":{"rendered":"<p>Kavalkade Quentin uzda izra\u0111ena je od visokokvalitetne ko\u017ee. Quentin uzda je engleska uzda s kombiniranim nosnikom, nenametljiva, ali svejedno elegantna<\/p>\n","protected":false},"featured_media":102683,"template":"","meta":{"footnotes":""},"product_brand":[],"product_cat":[5624,5843,5697],"product_tag":[],"class_list":{"0":"post-102681","1":"product","2":"type-product","3":"status-publish","4":"has-post-thumbnail","6":"product_cat-konj-hr","7":"product_cat-uzde","8":"product_cat-uzde-i-dizgini","10":"first","11":"instock","12":"shipping-taxable","13":"purchasable","14":"product-type-variable"},"yoast_head":"<!-- This site is optimized with the Yoast SEO plugin v27.3 - https:\/\/yoast.com\/product\/yoast-seo-wordpress\/ -->\n<title>Kavalkade Quentin uzda - Clair<\/title>\n<meta name=\"description\" content=\"Kavalkade Quentin uzda, klasi\u010dna uzda od kvalitetne ko\u017ee, koja nudi svu potrebnu udobnost va\u0161em konju. Najbolji omjer kvalitete i cijene! Provjerite!\" \/>\n<meta name=\"robots\" content=\"index, follow, max-snippet:-1, max-image-preview:large, max-video-preview:-1\" \/>\n<link rel=\"canonical\" href=\"https:\/\/clair.si\/izdelek\/uzda-kavalkade-quentin\/\" \/>\n<meta property=\"og:locale\" content=\"hr_HR\" \/>\n<meta property=\"og:type\" content=\"article\" \/>\n<meta property=\"og:title\" content=\"Kavalkade Quentin uzda - Clair\" \/>\n<meta property=\"og:description\" content=\"Kavalkade Quentin uzda, klasi\u010dna uzda od kvalitetne ko\u017ee, koja nudi svu potrebnu udobnost va\u0161em konju. Najbolji omjer kvalitete i cijene! Provjerite!\" \/>\n<meta property=\"og:url\" content=\"https:\/\/clair.si\/izdelek\/uzda-kavalkade-quentin\/\" \/>\n<meta property=\"og:site_name\" content=\"Clair\" \/>\n<meta property=\"article:publisher\" content=\"https:\/\/www.facebook.com\/TrgovinaClair\/\" \/>\n<meta property=\"article:modified_time\" content=\"2025-11-13T12:48:51+00:00\" \/>\n<meta property=\"og:image\" content=\"https:\/\/clair.si\/wp-content\/uploads\/2022\/09\/19003_02-uzda-za-konja-quentin-kavalkade.jpg\" \/>\n\t<meta property=\"og:image:width\" content=\"825\" \/>\n\t<meta property=\"og:image:height\" content=\"725\" \/>\n\t<meta property=\"og:image:type\" content=\"image\/jpeg\" \/>\n<meta name=\"twitter:card\" content=\"summary_large_image\" \/>\n<meta name=\"twitter:label1\" content=\"Procijenjeno vrijeme \u010ditanja\" \/>\n\t<meta name=\"twitter:data1\" content=\"1 minuta\" \/>\n<script type=\"application\/ld+json\" class=\"yoast-schema-graph\">{\"@context\":\"https:\\\/\\\/schema.org\",\"@graph\":[{\"@type\":\"WebPage\",\"@id\":\"https:\\\/\\\/clair.si\\\/izdelek\\\/uzda-kavalkade-quentin\\\/\",\"url\":\"https:\\\/\\\/clair.si\\\/izdelek\\\/uzda-kavalkade-quentin\\\/\",\"name\":\"Kavalkade Quentin uzda - Clair\",\"isPartOf\":{\"@id\":\"https:\\\/\\\/clair.si\\\/#website\"},\"primaryImageOfPage\":{\"@id\":\"https:\\\/\\\/clair.si\\\/izdelek\\\/uzda-kavalkade-quentin\\\/#primaryimage\"},\"image\":{\"@id\":\"https:\\\/\\\/clair.si\\\/izdelek\\\/uzda-kavalkade-quentin\\\/#primaryimage\"},\"thumbnailUrl\":\"https:\\\/\\\/clair.si\\\/wp-content\\\/uploads\\\/2022\\\/09\\\/19003_02-uzda-za-konja-quentin-kavalkade.webp\",\"datePublished\":\"2022-09-12T13:59:36+00:00\",\"dateModified\":\"2025-11-13T12:48:51+00:00\",\"description\":\"Kavalkade Quentin uzda, klasi\u010dna uzda od kvalitetne ko\u017ee, koja nudi svu potrebnu udobnost va\u0161em konju. Najbolji omjer kvalitete i cijene! Provjerite!\",\"breadcrumb\":{\"@id\":\"https:\\\/\\\/clair.si\\\/izdelek\\\/uzda-kavalkade-quentin\\\/#breadcrumb\"},\"inLanguage\":\"hr\",\"potentialAction\":[{\"@type\":\"ReadAction\",\"target\":[\"https:\\\/\\\/clair.si\\\/izdelek\\\/uzda-kavalkade-quentin\\\/\"]}]},{\"@type\":\"ImageObject\",\"inLanguage\":\"hr\",\"@id\":\"https:\\\/\\\/clair.si\\\/izdelek\\\/uzda-kavalkade-quentin\\\/#primaryimage\",\"url\":\"https:\\\/\\\/clair.si\\\/wp-content\\\/uploads\\\/2022\\\/09\\\/19003_02-uzda-za-konja-quentin-kavalkade.webp\",\"contentUrl\":\"https:\\\/\\\/clair.si\\\/wp-content\\\/uploads\\\/2022\\\/09\\\/19003_02-uzda-za-konja-quentin-kavalkade.webp\",\"width\":825,\"height\":725,\"caption\":\"Uzda za konja Kavalkade quentin.\"},{\"@type\":\"BreadcrumbList\",\"@id\":\"https:\\\/\\\/clair.si\\\/izdelek\\\/uzda-kavalkade-quentin\\\/#breadcrumb\",\"itemListElement\":[{\"@type\":\"ListItem\",\"position\":1,\"name\":\"Home\",\"item\":\"https:\\\/\\\/clair.si\\\/hr\\\/\"},{\"@type\":\"ListItem\",\"position\":2,\"name\":\"Trgovina\",\"item\":\"https:\\\/\\\/clair.si\\\/trgovina\\\/\"},{\"@type\":\"ListItem\",\"position\":3,\"name\":\"Kavalkade Quentin uzda\"}]},{\"@type\":\"WebSite\",\"@id\":\"https:\\\/\\\/clair.si\\\/#website\",\"url\":\"https:\\\/\\\/clair.si\\\/\",\"name\":\"Clair\",\"description\":\"Trgovina s konjeni\u0161ko opremo\",\"publisher\":{\"@id\":\"https:\\\/\\\/clair.si\\\/#organization\"},\"potentialAction\":[{\"@type\":\"SearchAction\",\"target\":{\"@type\":\"EntryPoint\",\"urlTemplate\":\"https:\\\/\\\/clair.si\\\/?s={search_term_string}\"},\"query-input\":{\"@type\":\"PropertyValueSpecification\",\"valueRequired\":true,\"valueName\":\"search_term_string\"}}],\"inLanguage\":\"hr\"},{\"@type\":\"Organization\",\"@id\":\"https:\\\/\\\/clair.si\\\/#organization\",\"name\":\"Clair\",\"url\":\"https:\\\/\\\/clair.si\\\/\",\"logo\":{\"@type\":\"ImageObject\",\"inLanguage\":\"hr\",\"@id\":\"https:\\\/\\\/clair.si\\\/#\\\/schema\\\/logo\\\/image\\\/\",\"url\":\"https:\\\/\\\/clair.si\\\/wp-content\\\/uploads\\\/2022\\\/11\\\/clair_logo_2022.jpg\",\"contentUrl\":\"https:\\\/\\\/clair.si\\\/wp-content\\\/uploads\\\/2022\\\/11\\\/clair_logo_2022.jpg\",\"width\":1920,\"height\":1920,\"caption\":\"Clair\"},\"image\":{\"@id\":\"https:\\\/\\\/clair.si\\\/#\\\/schema\\\/logo\\\/image\\\/\"},\"sameAs\":[\"https:\\\/\\\/www.facebook.com\\\/TrgovinaClair\\\/\"]}]}<\/script>\n<!-- \/ Yoast SEO plugin. -->","yoast_head_json":{"title":"Kavalkade Quentin uzda - Clair","description":"Kavalkade Quentin uzda, klasi\u010dna uzda od kvalitetne ko\u017ee, koja nudi svu potrebnu udobnost va\u0161em konju. Najbolji omjer kvalitete i cijene! Provjerite!","robots":{"index":"index","follow":"follow","max-snippet":"max-snippet:-1","max-image-preview":"max-image-preview:large","max-video-preview":"max-video-preview:-1"},"canonical":"https:\/\/clair.si\/izdelek\/uzda-kavalkade-quentin\/","og_locale":"hr_HR","og_type":"article","og_title":"Kavalkade Quentin uzda - Clair","og_description":"Kavalkade Quentin uzda, klasi\u010dna uzda od kvalitetne ko\u017ee, koja nudi svu potrebnu udobnost va\u0161em konju. Najbolji omjer kvalitete i cijene! Provjerite!","og_url":"https:\/\/clair.si\/izdelek\/uzda-kavalkade-quentin\/","og_site_name":"Clair","article_publisher":"https:\/\/www.facebook.com\/TrgovinaClair\/","article_modified_time":"2025-11-13T12:48:51+00:00","og_image":[{"width":825,"height":725,"url":"https:\/\/clair.si\/wp-content\/uploads\/2022\/09\/19003_02-uzda-za-konja-quentin-kavalkade.jpg","type":"image\/jpeg"}],"twitter_card":"summary_large_image","twitter_misc":{"Procijenjeno vrijeme \u010ditanja":"1 minuta"},"schema":{"@context":"https:\/\/schema.org","@graph":[{"@type":"WebPage","@id":"https:\/\/clair.si\/izdelek\/uzda-kavalkade-quentin\/","url":"https:\/\/clair.si\/izdelek\/uzda-kavalkade-quentin\/","name":"Kavalkade Quentin uzda - Clair","isPartOf":{"@id":"https:\/\/clair.si\/#website"},"primaryImageOfPage":{"@id":"https:\/\/clair.si\/izdelek\/uzda-kavalkade-quentin\/#primaryimage"},"image":{"@id":"https:\/\/clair.si\/izdelek\/uzda-kavalkade-quentin\/#primaryimage"},"thumbnailUrl":"https:\/\/clair.si\/wp-content\/uploads\/2022\/09\/19003_02-uzda-za-konja-quentin-kavalkade.webp","datePublished":"2022-09-12T13:59:36+00:00","dateModified":"2025-11-13T12:48:51+00:00","description":"Kavalkade Quentin uzda, klasi\u010dna uzda od kvalitetne ko\u017ee, koja nudi svu potrebnu udobnost va\u0161em konju. Najbolji omjer kvalitete i cijene! Provjerite!","breadcrumb":{"@id":"https:\/\/clair.si\/izdelek\/uzda-kavalkade-quentin\/#breadcrumb"},"inLanguage":"hr","potentialAction":[{"@type":"ReadAction","target":["https:\/\/clair.si\/izdelek\/uzda-kavalkade-quentin\/"]}]},{"@type":"ImageObject","inLanguage":"hr","@id":"https:\/\/clair.si\/izdelek\/uzda-kavalkade-quentin\/#primaryimage","url":"https:\/\/clair.si\/wp-content\/uploads\/2022\/09\/19003_02-uzda-za-konja-quentin-kavalkade.webp","contentUrl":"https:\/\/clair.si\/wp-content\/uploads\/2022\/09\/19003_02-uzda-za-konja-quentin-kavalkade.webp","width":825,"height":725,"caption":"Uzda za konja Kavalkade quentin."},{"@type":"BreadcrumbList","@id":"https:\/\/clair.si\/izdelek\/uzda-kavalkade-quentin\/#breadcrumb","itemListElement":[{"@type":"ListItem","position":1,"name":"Home","item":"https:\/\/clair.si\/hr\/"},{"@type":"ListItem","position":2,"name":"Trgovina","item":"https:\/\/clair.si\/trgovina\/"},{"@type":"ListItem","position":3,"name":"Kavalkade Quentin uzda"}]},{"@type":"WebSite","@id":"https:\/\/clair.si\/#website","url":"https:\/\/clair.si\/","name":"Clair","description":"Trgovina s konjeni\u0161ko opremo","publisher":{"@id":"https:\/\/clair.si\/#organization"},"potentialAction":[{"@type":"SearchAction","target":{"@type":"EntryPoint","urlTemplate":"https:\/\/clair.si\/?s={search_term_string}"},"query-input":{"@type":"PropertyValueSpecification","valueRequired":true,"valueName":"search_term_string"}}],"inLanguage":"hr"},{"@type":"Organization","@id":"https:\/\/clair.si\/#organization","name":"Clair","url":"https:\/\/clair.si\/","logo":{"@type":"ImageObject","inLanguage":"hr","@id":"https:\/\/clair.si\/#\/schema\/logo\/image\/","url":"https:\/\/clair.si\/wp-content\/uploads\/2022\/11\/clair_logo_2022.jpg","contentUrl":"https:\/\/clair.si\/wp-content\/uploads\/2022\/11\/clair_logo_2022.jpg","width":1920,"height":1920,"caption":"Clair"},"image":{"@id":"https:\/\/clair.si\/#\/schema\/logo\/image\/"},"sameAs":["https:\/\/www.facebook.com\/TrgovinaClair\/"]}]}},"_links":{"self":[{"href":"https:\/\/clair.si\/hr\/wp-json\/wp\/v2\/product\/102681","targetHints":{"allow":["GET"]}}],"collection":[{"href":"https:\/\/clair.si\/hr\/wp-json\/wp\/v2\/product"}],"about":[{"href":"https:\/\/clair.si\/hr\/wp-json\/wp\/v2\/types\/product"}],"version-history":[{"count":1,"href":"https:\/\/clair.si\/hr\/wp-json\/wp\/v2\/product\/102681\/revisions"}],"predecessor-version":[{"id":113635,"href":"https:\/\/clair.si\/hr\/wp-json\/wp\/v2\/product\/102681\/revisions\/113635"}],"wp:featuredmedia":[{"embeddable":true,"href":"https:\/\/clair.si\/hr\/wp-json\/wp\/v2\/media\/102683"}],"wp:attachment":[{"href":"https:\/\/clair.si\/hr\/wp-json\/wp\/v2\/media?parent=102681"}],"wp:term":[{"taxonomy":"product_brand","embeddable":true,"href":"https:\/\/clair.si\/hr\/wp-json\/wp\/v2\/product_brand?post=102681"},{"taxonomy":"product_cat","embeddable":true,"href":"https:\/\/clair.si\/hr\/wp-json\/wp\/v2\/product_cat?post=102681"},{"taxonomy":"product_tag","embeddable":true,"href":"https:\/\/clair.si\/hr\/wp-json\/wp\/v2\/product_tag?post=102681"}],"curies":[{"name":"wp","href":"https:\/\/api.w.org\/{rel}","templated":true}]}}