{"id":102717,"date":"2022-09-13T15:28:40","date_gmt":"2022-09-13T13:28:40","guid":{"rendered":"https:\/\/clair.si\/izdelek\/kavalkade-ivy-lambskin-uzda\/"},"modified":"2025-09-30T12:48:54","modified_gmt":"2025-09-30T10:48:54","slug":"kavalkade-ivy-lambskin-uzda","status":"publish","type":"product","link":"https:\/\/clair.si\/hr\/izdelek\/kavalkade-ivy-lambskin-uzda\/","title":{"rendered":"Uzda Kavalkade Ivy Lambskin"},"content":{"rendered":"<p><strong>Uzda Kavalkade Ivy Lambskin<\/strong> je prodajni hit iz kolekcije Ivy!<\/p>\n<p>Uzda Ivy Lambskin ima <strong>engleski kombinirani nosnik<\/strong>. Zakrivljeni kroj i kontrastni, ukrasni \u0161avovi daju uzdi <strong>moderan<\/strong> i <strong>elegantan<\/strong> izgled.<br \/>\nNaglavni dio na Ivy Lambskin uzdi je \u0161iri od obi\u010dnih naglavnih dijelova. Osim toga, krojen je tako da se <strong>anatomski<\/strong> prilago\u0111ava konjevim u\u0161ima i tako ne ometa pomicanje konjevih u\u0161iju. Nosni dio i naglavni dio su mekano <strong>podlo\u017eeni<\/strong> i udobno se prilago\u0111avaju konjevoj glavi.   <\/p>\n<p>Meka prirodna ov\u010dja ko\u017ea je na uzdu pri\u010dvr\u0161\u0107ena \u010di\u010dkom, \u0161to omogu\u0107uje jednostavno uklanjanje i \u010di\u0161\u0107enje. Ov\u010dja ko\u017ea je name\u0161tena na dijelove gdje se lako razviju to\u010dke pritiska: tjemen, nos i blizu usne pukotine. <\/p>\n<p>Prednosti uzde Kavalkade Ivy Lambskin:<\/p>\n<ul>\n<li>Engleski kombinirani nosnik, podesiv s obje strane<\/li>\n<li>Prirodna ov\u010dja ko\u017ea s \u010di\u010dkom &#8211; lako uklanjanje i jednostavno \u010di\u0161\u0107enje<\/li>\n<li>Podlo\u017een tjemen i nosni dio<\/li>\n<li>Kontrastni \u0161avovi i ukrasni vez<\/li>\n<li>Nosnik s posebnim zakrivljenim rezom<\/li>\n<li>Izuzetno \u0161irok i zakrivljen naglavni dio sa slobodnim u\u0161ima<\/li>\n<li>Zakrivljen ko\u017eni \u010delenka<\/li>\n<li>Uklju\u010duju\u0107i gumirane vodilice<\/li>\n<li>Materijal: ko\u017ea i prava ov\u010dja ko\u017ea<\/li>\n<\/ul>\n<p>&nbsp;<\/p>\n","protected":false},"excerpt":{"rendered":"<p>Uzda Kavalkade Ivy Lambskin je prodajni hit iz kolekcije Ivy! Uzda Ivy Lambskin ima engleski kombinirani nosnik. Zakrivljeni kroj i<\/p>\n","protected":false},"featured_media":102725,"template":"","meta":{"footnotes":""},"product_brand":[],"product_cat":[5624,5843,5697],"product_tag":[],"class_list":{"0":"post-102717","1":"product","2":"type-product","3":"status-publish","4":"has-post-thumbnail","6":"product_cat-konj-hr","7":"product_cat-uzde","8":"product_cat-uzde-i-dizgini","10":"first","11":"instock","12":"sale","13":"shipping-taxable","14":"purchasable","15":"product-type-variable"},"yoast_head":"<!-- This site is optimized with the Yoast SEO plugin v27.4 - https:\/\/yoast.com\/product\/yoast-seo-wordpress\/ -->\n<title>Uzda Kavalkade Ivy Lambski - Clair<\/title>\n<meta name=\"description\" content=\"Uzda Kavalkade Ivy Lambski nudi maksimalnu udobnost va\u0161em konju. Posebno je prikladna za osjetljive konje. Provjerite ponudu u na\u0161oj web trgovini!\" \/>\n<meta name=\"robots\" content=\"index, follow, max-snippet:-1, max-image-preview:large, max-video-preview:-1\" \/>\n<link rel=\"canonical\" href=\"https:\/\/clair.si\/hr\/izdelek\/kavalkade-ivy-lambskin-uzda\/\" \/>\n<meta property=\"og:locale\" content=\"hr_HR\" \/>\n<meta property=\"og:type\" content=\"article\" \/>\n<meta property=\"og:title\" content=\"Uzda Kavalkade Ivy Lambski - Clair\" \/>\n<meta property=\"og:description\" content=\"Uzda Kavalkade Ivy Lambski nudi maksimalnu udobnost va\u0161em konju. Posebno je prikladna za osjetljive konje. Provjerite ponudu u na\u0161oj web trgovini!\" \/>\n<meta property=\"og:url\" content=\"https:\/\/clair.si\/hr\/izdelek\/kavalkade-ivy-lambskin-uzda\/\" \/>\n<meta property=\"og:site_name\" content=\"Clair\" \/>\n<meta property=\"article:publisher\" content=\"https:\/\/www.facebook.com\/TrgovinaClair\/\" \/>\n<meta property=\"article:modified_time\" content=\"2025-09-30T10:48:54+00:00\" \/>\n<meta property=\"og:image\" content=\"https:\/\/clair.si\/wp-content\/uploads\/2022\/09\/19020_01-uzda-za-konja-Ivy-lanbskin-kavalkade.jpg\" \/>\n\t<meta property=\"og:image:width\" content=\"825\" \/>\n\t<meta property=\"og:image:height\" content=\"725\" \/>\n\t<meta property=\"og:image:type\" content=\"image\/jpeg\" \/>\n<meta name=\"twitter:card\" content=\"summary_large_image\" \/>\n<meta name=\"twitter:label1\" content=\"Procijenjeno vrijeme \u010ditanja\" \/>\n\t<meta name=\"twitter:data1\" content=\"1 minuta\" \/>\n<script type=\"application\/ld+json\" class=\"yoast-schema-graph\">{\"@context\":\"https:\\\/\\\/schema.org\",\"@graph\":[{\"@type\":\"WebPage\",\"@id\":\"https:\\\/\\\/clair.si\\\/hr\\\/izdelek\\\/kavalkade-ivy-lambskin-uzda\\\/\",\"url\":\"https:\\\/\\\/clair.si\\\/hr\\\/izdelek\\\/kavalkade-ivy-lambskin-uzda\\\/\",\"name\":\"Uzda Kavalkade Ivy Lambski - Clair\",\"isPartOf\":{\"@id\":\"https:\\\/\\\/clair.si\\\/#website\"},\"primaryImageOfPage\":{\"@id\":\"https:\\\/\\\/clair.si\\\/hr\\\/izdelek\\\/kavalkade-ivy-lambskin-uzda\\\/#primaryimage\"},\"image\":{\"@id\":\"https:\\\/\\\/clair.si\\\/hr\\\/izdelek\\\/kavalkade-ivy-lambskin-uzda\\\/#primaryimage\"},\"thumbnailUrl\":\"https:\\\/\\\/clair.si\\\/wp-content\\\/uploads\\\/2022\\\/09\\\/19020_01-uzda-za-konja-Ivy-lanbskin-kavalkade.webp\",\"datePublished\":\"2022-09-13T13:28:40+00:00\",\"dateModified\":\"2025-09-30T10:48:54+00:00\",\"description\":\"Uzda Kavalkade Ivy Lambski nudi maksimalnu udobnost va\u0161em konju. Posebno je prikladna za osjetljive konje. Provjerite ponudu u na\u0161oj web trgovini!\",\"breadcrumb\":{\"@id\":\"https:\\\/\\\/clair.si\\\/hr\\\/izdelek\\\/kavalkade-ivy-lambskin-uzda\\\/#breadcrumb\"},\"inLanguage\":\"hr\",\"potentialAction\":[{\"@type\":\"ReadAction\",\"target\":[\"https:\\\/\\\/clair.si\\\/hr\\\/izdelek\\\/kavalkade-ivy-lambskin-uzda\\\/\"]}]},{\"@type\":\"ImageObject\",\"inLanguage\":\"hr\",\"@id\":\"https:\\\/\\\/clair.si\\\/hr\\\/izdelek\\\/kavalkade-ivy-lambskin-uzda\\\/#primaryimage\",\"url\":\"https:\\\/\\\/clair.si\\\/wp-content\\\/uploads\\\/2022\\\/09\\\/19020_01-uzda-za-konja-Ivy-lanbskin-kavalkade.webp\",\"contentUrl\":\"https:\\\/\\\/clair.si\\\/wp-content\\\/uploads\\\/2022\\\/09\\\/19020_01-uzda-za-konja-Ivy-lanbskin-kavalkade.webp\",\"width\":825,\"height\":725,\"caption\":\"Uzda Ivy Lambskin Kavalkade.\"},{\"@type\":\"BreadcrumbList\",\"@id\":\"https:\\\/\\\/clair.si\\\/hr\\\/izdelek\\\/kavalkade-ivy-lambskin-uzda\\\/#breadcrumb\",\"itemListElement\":[{\"@type\":\"ListItem\",\"position\":1,\"name\":\"Home\",\"item\":\"https:\\\/\\\/clair.si\\\/hr\\\/\"},{\"@type\":\"ListItem\",\"position\":2,\"name\":\"Trgovina\",\"item\":\"https:\\\/\\\/clair.si\\\/trgovina\\\/\"},{\"@type\":\"ListItem\",\"position\":3,\"name\":\"Uzda Kavalkade Ivy Lambskin\"}]},{\"@type\":\"WebSite\",\"@id\":\"https:\\\/\\\/clair.si\\\/#website\",\"url\":\"https:\\\/\\\/clair.si\\\/\",\"name\":\"Clair\",\"description\":\"Trgovina s konjeni\u0161ko opremo\",\"publisher\":{\"@id\":\"https:\\\/\\\/clair.si\\\/#organization\"},\"potentialAction\":[{\"@type\":\"SearchAction\",\"target\":{\"@type\":\"EntryPoint\",\"urlTemplate\":\"https:\\\/\\\/clair.si\\\/?s={search_term_string}\"},\"query-input\":{\"@type\":\"PropertyValueSpecification\",\"valueRequired\":true,\"valueName\":\"search_term_string\"}}],\"inLanguage\":\"hr\"},{\"@type\":\"Organization\",\"@id\":\"https:\\\/\\\/clair.si\\\/#organization\",\"name\":\"Clair\",\"url\":\"https:\\\/\\\/clair.si\\\/\",\"logo\":{\"@type\":\"ImageObject\",\"inLanguage\":\"hr\",\"@id\":\"https:\\\/\\\/clair.si\\\/#\\\/schema\\\/logo\\\/image\\\/\",\"url\":\"https:\\\/\\\/clair.si\\\/wp-content\\\/uploads\\\/2022\\\/11\\\/clair_logo_2022.jpg\",\"contentUrl\":\"https:\\\/\\\/clair.si\\\/wp-content\\\/uploads\\\/2022\\\/11\\\/clair_logo_2022.jpg\",\"width\":1920,\"height\":1920,\"caption\":\"Clair\"},\"image\":{\"@id\":\"https:\\\/\\\/clair.si\\\/#\\\/schema\\\/logo\\\/image\\\/\"},\"sameAs\":[\"https:\\\/\\\/www.facebook.com\\\/TrgovinaClair\\\/\"]}]}<\/script>\n<!-- \/ Yoast SEO plugin. -->","yoast_head_json":{"title":"Uzda Kavalkade Ivy Lambski - Clair","description":"Uzda Kavalkade Ivy Lambski nudi maksimalnu udobnost va\u0161em konju. Posebno je prikladna za osjetljive konje. Provjerite ponudu u na\u0161oj web trgovini!","robots":{"index":"index","follow":"follow","max-snippet":"max-snippet:-1","max-image-preview":"max-image-preview:large","max-video-preview":"max-video-preview:-1"},"canonical":"https:\/\/clair.si\/hr\/izdelek\/kavalkade-ivy-lambskin-uzda\/","og_locale":"hr_HR","og_type":"article","og_title":"Uzda Kavalkade Ivy Lambski - Clair","og_description":"Uzda Kavalkade Ivy Lambski nudi maksimalnu udobnost va\u0161em konju. Posebno je prikladna za osjetljive konje. Provjerite ponudu u na\u0161oj web trgovini!","og_url":"https:\/\/clair.si\/hr\/izdelek\/kavalkade-ivy-lambskin-uzda\/","og_site_name":"Clair","article_publisher":"https:\/\/www.facebook.com\/TrgovinaClair\/","article_modified_time":"2025-09-30T10:48:54+00:00","og_image":[{"width":825,"height":725,"url":"https:\/\/clair.si\/wp-content\/uploads\/2022\/09\/19020_01-uzda-za-konja-Ivy-lanbskin-kavalkade.jpg","type":"image\/jpeg"}],"twitter_card":"summary_large_image","twitter_misc":{"Procijenjeno vrijeme \u010ditanja":"1 minuta"},"schema":{"@context":"https:\/\/schema.org","@graph":[{"@type":"WebPage","@id":"https:\/\/clair.si\/hr\/izdelek\/kavalkade-ivy-lambskin-uzda\/","url":"https:\/\/clair.si\/hr\/izdelek\/kavalkade-ivy-lambskin-uzda\/","name":"Uzda Kavalkade Ivy Lambski - Clair","isPartOf":{"@id":"https:\/\/clair.si\/#website"},"primaryImageOfPage":{"@id":"https:\/\/clair.si\/hr\/izdelek\/kavalkade-ivy-lambskin-uzda\/#primaryimage"},"image":{"@id":"https:\/\/clair.si\/hr\/izdelek\/kavalkade-ivy-lambskin-uzda\/#primaryimage"},"thumbnailUrl":"https:\/\/clair.si\/wp-content\/uploads\/2022\/09\/19020_01-uzda-za-konja-Ivy-lanbskin-kavalkade.webp","datePublished":"2022-09-13T13:28:40+00:00","dateModified":"2025-09-30T10:48:54+00:00","description":"Uzda Kavalkade Ivy Lambski nudi maksimalnu udobnost va\u0161em konju. Posebno je prikladna za osjetljive konje. Provjerite ponudu u na\u0161oj web trgovini!","breadcrumb":{"@id":"https:\/\/clair.si\/hr\/izdelek\/kavalkade-ivy-lambskin-uzda\/#breadcrumb"},"inLanguage":"hr","potentialAction":[{"@type":"ReadAction","target":["https:\/\/clair.si\/hr\/izdelek\/kavalkade-ivy-lambskin-uzda\/"]}]},{"@type":"ImageObject","inLanguage":"hr","@id":"https:\/\/clair.si\/hr\/izdelek\/kavalkade-ivy-lambskin-uzda\/#primaryimage","url":"https:\/\/clair.si\/wp-content\/uploads\/2022\/09\/19020_01-uzda-za-konja-Ivy-lanbskin-kavalkade.webp","contentUrl":"https:\/\/clair.si\/wp-content\/uploads\/2022\/09\/19020_01-uzda-za-konja-Ivy-lanbskin-kavalkade.webp","width":825,"height":725,"caption":"Uzda Ivy Lambskin Kavalkade."},{"@type":"BreadcrumbList","@id":"https:\/\/clair.si\/hr\/izdelek\/kavalkade-ivy-lambskin-uzda\/#breadcrumb","itemListElement":[{"@type":"ListItem","position":1,"name":"Home","item":"https:\/\/clair.si\/hr\/"},{"@type":"ListItem","position":2,"name":"Trgovina","item":"https:\/\/clair.si\/trgovina\/"},{"@type":"ListItem","position":3,"name":"Uzda Kavalkade Ivy Lambskin"}]},{"@type":"WebSite","@id":"https:\/\/clair.si\/#website","url":"https:\/\/clair.si\/","name":"Clair","description":"Trgovina s konjeni\u0161ko opremo","publisher":{"@id":"https:\/\/clair.si\/#organization"},"potentialAction":[{"@type":"SearchAction","target":{"@type":"EntryPoint","urlTemplate":"https:\/\/clair.si\/?s={search_term_string}"},"query-input":{"@type":"PropertyValueSpecification","valueRequired":true,"valueName":"search_term_string"}}],"inLanguage":"hr"},{"@type":"Organization","@id":"https:\/\/clair.si\/#organization","name":"Clair","url":"https:\/\/clair.si\/","logo":{"@type":"ImageObject","inLanguage":"hr","@id":"https:\/\/clair.si\/#\/schema\/logo\/image\/","url":"https:\/\/clair.si\/wp-content\/uploads\/2022\/11\/clair_logo_2022.jpg","contentUrl":"https:\/\/clair.si\/wp-content\/uploads\/2022\/11\/clair_logo_2022.jpg","width":1920,"height":1920,"caption":"Clair"},"image":{"@id":"https:\/\/clair.si\/#\/schema\/logo\/image\/"},"sameAs":["https:\/\/www.facebook.com\/TrgovinaClair\/"]}]}},"_links":{"self":[{"href":"https:\/\/clair.si\/hr\/wp-json\/wp\/v2\/product\/102717","targetHints":{"allow":["GET"]}}],"collection":[{"href":"https:\/\/clair.si\/hr\/wp-json\/wp\/v2\/product"}],"about":[{"href":"https:\/\/clair.si\/hr\/wp-json\/wp\/v2\/types\/product"}],"version-history":[{"count":1,"href":"https:\/\/clair.si\/hr\/wp-json\/wp\/v2\/product\/102717\/revisions"}],"predecessor-version":[{"id":115255,"href":"https:\/\/clair.si\/hr\/wp-json\/wp\/v2\/product\/102717\/revisions\/115255"}],"wp:featuredmedia":[{"embeddable":true,"href":"https:\/\/clair.si\/hr\/wp-json\/wp\/v2\/media\/102725"}],"wp:attachment":[{"href":"https:\/\/clair.si\/hr\/wp-json\/wp\/v2\/media?parent=102717"}],"wp:term":[{"taxonomy":"product_brand","embeddable":true,"href":"https:\/\/clair.si\/hr\/wp-json\/wp\/v2\/product_brand?post=102717"},{"taxonomy":"product_cat","embeddable":true,"href":"https:\/\/clair.si\/hr\/wp-json\/wp\/v2\/product_cat?post=102717"},{"taxonomy":"product_tag","embeddable":true,"href":"https:\/\/clair.si\/hr\/wp-json\/wp\/v2\/product_tag?post=102717"}],"curies":[{"name":"wp","href":"https:\/\/api.w.org\/{rel}","templated":true}]}}