{"id":102721,"date":"2022-09-22T13:48:11","date_gmt":"2022-09-22T11:48:11","guid":{"rendered":"https:\/\/clair.si\/izdelek\/pomocne-vodilice-norton-pro-daisy\/"},"modified":"2026-02-12T09:52:38","modified_gmt":"2026-02-12T08:52:38","slug":"pomocne-vodilice-norton-pro-daisy","status":"publish","type":"product","link":"https:\/\/clair.si\/hr\/izdelek\/pomocne-vodilice-norton-pro-daisy\/","title":{"rendered":"Pomo\u0107ne uzde NORTON PRO Daisy"},"content":{"rendered":"<p><strong>Pomo\u0107ne uzde NORTON PRO Daisy<\/strong> su pomagalo za treniranje konja, izra\u0111eno od <strong>bivolje ko\u017ee<\/strong>. Me\u0111usobno <strong>povezuje obru\u010de<\/strong> <strong>prednjeg dijela sedla<\/strong> s <strong>tjemenim dijelom uzde<\/strong> i <strong>sprje\u010dava<\/strong> da bi konj <strong>spustio glavu<\/strong>. <strong>Podesivo<\/strong> od shetlandske do pune veli\u010dine. Kop\u010de su izra\u0111ene od <strong>poniklanog mesinga<\/strong>.<\/p>\n","protected":false},"excerpt":{"rendered":"<p>Pomo\u0107ne uzde NORTON PRO Daisy su pomagalo za treniranje konja, izra\u0111eno od bivolje ko\u017ee. Me\u0111usobno povezuje obru\u010de prednjeg dijela sedla<\/p>\n","protected":false},"featured_media":102724,"template":"","meta":{"footnotes":""},"product_brand":[],"product_cat":[5624,6242,5697],"product_tag":[],"class_list":{"0":"post-102721","1":"product","2":"type-product","3":"status-publish","4":"has-post-thumbnail","6":"product_cat-konj-hr","7":"product_cat-pomocni-dizgini","8":"product_cat-uzde-i-dizgini","10":"first","11":"instock","12":"sale","13":"shipping-taxable","14":"purchasable","15":"product-type-simple"},"yoast_head":"<!-- This site is optimized with the Yoast SEO plugin v27.4 - https:\/\/yoast.com\/product\/yoast-seo-wordpress\/ -->\n<title>Pomo\u0107ne uzde NORTON PRO Daisy - Clair<\/title>\n<meta name=\"description\" content=\"Pomo\u0107ne uzde NORTON PRO Daisy su pomagalo koje sprje\u010dava spu\u0161tanje glave. Izra\u0111ene su od kvalitetne bivolje ko\u017ee. Brzo provjerite na\u0161u ponudu!\" \/>\n<meta name=\"robots\" content=\"index, follow, max-snippet:-1, max-image-preview:large, max-video-preview:-1\" \/>\n<link rel=\"canonical\" href=\"https:\/\/clair.si\/hr\/izdelek\/pomocne-vodilice-norton-pro-daisy\/\" \/>\n<meta property=\"og:locale\" content=\"hr_HR\" \/>\n<meta property=\"og:type\" content=\"article\" \/>\n<meta property=\"og:title\" content=\"Pomo\u0107ne uzde NORTON PRO Daisy - Clair\" \/>\n<meta property=\"og:description\" content=\"Pomo\u0107ne uzde NORTON PRO Daisy su pomagalo koje sprje\u010dava spu\u0161tanje glave. Izra\u0111ene su od kvalitetne bivolje ko\u017ee. Brzo provjerite na\u0161u ponudu!\" \/>\n<meta property=\"og:url\" content=\"https:\/\/clair.si\/hr\/izdelek\/pomocne-vodilice-norton-pro-daisy\/\" \/>\n<meta property=\"og:site_name\" content=\"Clair\" \/>\n<meta property=\"article:publisher\" content=\"https:\/\/www.facebook.com\/TrgovinaClair\/\" \/>\n<meta property=\"article:modified_time\" content=\"2026-02-12T08:52:38+00:00\" \/>\n<meta property=\"og:image\" content=\"https:\/\/clair.si\/wp-content\/uploads\/2022\/09\/norton-pro-daisy-pomozne-vajeti.webp\" \/>\n\t<meta property=\"og:image:width\" content=\"800\" \/>\n\t<meta property=\"og:image:height\" content=\"800\" \/>\n\t<meta property=\"og:image:type\" content=\"image\/jpeg\" \/>\n<meta name=\"twitter:card\" content=\"summary_large_image\" \/>\n<meta name=\"twitter:label1\" content=\"Procijenjeno vrijeme \u010ditanja\" \/>\n\t<meta name=\"twitter:data1\" content=\"1 minuta\" \/>\n<script type=\"application\/ld+json\" class=\"yoast-schema-graph\">{\"@context\":\"https:\\\/\\\/schema.org\",\"@graph\":[{\"@type\":\"WebPage\",\"@id\":\"https:\\\/\\\/clair.si\\\/hr\\\/izdelek\\\/pomocne-vodilice-norton-pro-daisy\\\/\",\"url\":\"https:\\\/\\\/clair.si\\\/hr\\\/izdelek\\\/pomocne-vodilice-norton-pro-daisy\\\/\",\"name\":\"Pomo\u0107ne uzde NORTON PRO Daisy - Clair\",\"isPartOf\":{\"@id\":\"https:\\\/\\\/clair.si\\\/#website\"},\"primaryImageOfPage\":{\"@id\":\"https:\\\/\\\/clair.si\\\/hr\\\/izdelek\\\/pomocne-vodilice-norton-pro-daisy\\\/#primaryimage\"},\"image\":{\"@id\":\"https:\\\/\\\/clair.si\\\/hr\\\/izdelek\\\/pomocne-vodilice-norton-pro-daisy\\\/#primaryimage\"},\"thumbnailUrl\":\"https:\\\/\\\/clair.si\\\/wp-content\\\/uploads\\\/2022\\\/09\\\/norton-pro-daisy-pomozne-vajeti.webp\",\"datePublished\":\"2022-09-22T11:48:11+00:00\",\"dateModified\":\"2026-02-12T08:52:38+00:00\",\"description\":\"Pomo\u0107ne uzde NORTON PRO Daisy su pomagalo koje sprje\u010dava spu\u0161tanje glave. Izra\u0111ene su od kvalitetne bivolje ko\u017ee. Brzo provjerite na\u0161u ponudu!\",\"breadcrumb\":{\"@id\":\"https:\\\/\\\/clair.si\\\/hr\\\/izdelek\\\/pomocne-vodilice-norton-pro-daisy\\\/#breadcrumb\"},\"inLanguage\":\"hr\",\"potentialAction\":[{\"@type\":\"ReadAction\",\"target\":[\"https:\\\/\\\/clair.si\\\/hr\\\/izdelek\\\/pomocne-vodilice-norton-pro-daisy\\\/\"]}]},{\"@type\":\"ImageObject\",\"inLanguage\":\"hr\",\"@id\":\"https:\\\/\\\/clair.si\\\/hr\\\/izdelek\\\/pomocne-vodilice-norton-pro-daisy\\\/#primaryimage\",\"url\":\"https:\\\/\\\/clair.si\\\/wp-content\\\/uploads\\\/2022\\\/09\\\/norton-pro-daisy-pomozne-vajeti.webp\",\"contentUrl\":\"https:\\\/\\\/clair.si\\\/wp-content\\\/uploads\\\/2022\\\/09\\\/norton-pro-daisy-pomozne-vajeti.webp\",\"width\":800,\"height\":800,\"caption\":\"Pomo\u017ene vajeti Daisy.\"},{\"@type\":\"BreadcrumbList\",\"@id\":\"https:\\\/\\\/clair.si\\\/hr\\\/izdelek\\\/pomocne-vodilice-norton-pro-daisy\\\/#breadcrumb\",\"itemListElement\":[{\"@type\":\"ListItem\",\"position\":1,\"name\":\"Home\",\"item\":\"https:\\\/\\\/clair.si\\\/hr\\\/\"},{\"@type\":\"ListItem\",\"position\":2,\"name\":\"Trgovina\",\"item\":\"https:\\\/\\\/clair.si\\\/trgovina\\\/\"},{\"@type\":\"ListItem\",\"position\":3,\"name\":\"Pomo\u0107ne uzde NORTON PRO Daisy\"}]},{\"@type\":\"WebSite\",\"@id\":\"https:\\\/\\\/clair.si\\\/#website\",\"url\":\"https:\\\/\\\/clair.si\\\/\",\"name\":\"Clair\",\"description\":\"Trgovina s konjeni\u0161ko opremo\",\"publisher\":{\"@id\":\"https:\\\/\\\/clair.si\\\/#organization\"},\"potentialAction\":[{\"@type\":\"SearchAction\",\"target\":{\"@type\":\"EntryPoint\",\"urlTemplate\":\"https:\\\/\\\/clair.si\\\/?s={search_term_string}\"},\"query-input\":{\"@type\":\"PropertyValueSpecification\",\"valueRequired\":true,\"valueName\":\"search_term_string\"}}],\"inLanguage\":\"hr\"},{\"@type\":\"Organization\",\"@id\":\"https:\\\/\\\/clair.si\\\/#organization\",\"name\":\"Clair\",\"url\":\"https:\\\/\\\/clair.si\\\/\",\"logo\":{\"@type\":\"ImageObject\",\"inLanguage\":\"hr\",\"@id\":\"https:\\\/\\\/clair.si\\\/#\\\/schema\\\/logo\\\/image\\\/\",\"url\":\"https:\\\/\\\/clair.si\\\/wp-content\\\/uploads\\\/2022\\\/11\\\/clair_logo_2022.jpg\",\"contentUrl\":\"https:\\\/\\\/clair.si\\\/wp-content\\\/uploads\\\/2022\\\/11\\\/clair_logo_2022.jpg\",\"width\":1920,\"height\":1920,\"caption\":\"Clair\"},\"image\":{\"@id\":\"https:\\\/\\\/clair.si\\\/#\\\/schema\\\/logo\\\/image\\\/\"},\"sameAs\":[\"https:\\\/\\\/www.facebook.com\\\/TrgovinaClair\\\/\"]}]}<\/script>\n<!-- \/ Yoast SEO plugin. -->","yoast_head_json":{"title":"Pomo\u0107ne uzde NORTON PRO Daisy - Clair","description":"Pomo\u0107ne uzde NORTON PRO Daisy su pomagalo koje sprje\u010dava spu\u0161tanje glave. Izra\u0111ene su od kvalitetne bivolje ko\u017ee. Brzo provjerite na\u0161u ponudu!","robots":{"index":"index","follow":"follow","max-snippet":"max-snippet:-1","max-image-preview":"max-image-preview:large","max-video-preview":"max-video-preview:-1"},"canonical":"https:\/\/clair.si\/hr\/izdelek\/pomocne-vodilice-norton-pro-daisy\/","og_locale":"hr_HR","og_type":"article","og_title":"Pomo\u0107ne uzde NORTON PRO Daisy - Clair","og_description":"Pomo\u0107ne uzde NORTON PRO Daisy su pomagalo koje sprje\u010dava spu\u0161tanje glave. Izra\u0111ene su od kvalitetne bivolje ko\u017ee. Brzo provjerite na\u0161u ponudu!","og_url":"https:\/\/clair.si\/hr\/izdelek\/pomocne-vodilice-norton-pro-daisy\/","og_site_name":"Clair","article_publisher":"https:\/\/www.facebook.com\/TrgovinaClair\/","article_modified_time":"2026-02-12T08:52:38+00:00","og_image":[{"width":800,"height":800,"url":"https:\/\/clair.si\/wp-content\/uploads\/2022\/09\/norton-pro-daisy-pomozne-vajeti.webp","type":"image\/jpeg"}],"twitter_card":"summary_large_image","twitter_misc":{"Procijenjeno vrijeme \u010ditanja":"1 minuta"},"schema":{"@context":"https:\/\/schema.org","@graph":[{"@type":"WebPage","@id":"https:\/\/clair.si\/hr\/izdelek\/pomocne-vodilice-norton-pro-daisy\/","url":"https:\/\/clair.si\/hr\/izdelek\/pomocne-vodilice-norton-pro-daisy\/","name":"Pomo\u0107ne uzde NORTON PRO Daisy - Clair","isPartOf":{"@id":"https:\/\/clair.si\/#website"},"primaryImageOfPage":{"@id":"https:\/\/clair.si\/hr\/izdelek\/pomocne-vodilice-norton-pro-daisy\/#primaryimage"},"image":{"@id":"https:\/\/clair.si\/hr\/izdelek\/pomocne-vodilice-norton-pro-daisy\/#primaryimage"},"thumbnailUrl":"https:\/\/clair.si\/wp-content\/uploads\/2022\/09\/norton-pro-daisy-pomozne-vajeti.webp","datePublished":"2022-09-22T11:48:11+00:00","dateModified":"2026-02-12T08:52:38+00:00","description":"Pomo\u0107ne uzde NORTON PRO Daisy su pomagalo koje sprje\u010dava spu\u0161tanje glave. Izra\u0111ene su od kvalitetne bivolje ko\u017ee. Brzo provjerite na\u0161u ponudu!","breadcrumb":{"@id":"https:\/\/clair.si\/hr\/izdelek\/pomocne-vodilice-norton-pro-daisy\/#breadcrumb"},"inLanguage":"hr","potentialAction":[{"@type":"ReadAction","target":["https:\/\/clair.si\/hr\/izdelek\/pomocne-vodilice-norton-pro-daisy\/"]}]},{"@type":"ImageObject","inLanguage":"hr","@id":"https:\/\/clair.si\/hr\/izdelek\/pomocne-vodilice-norton-pro-daisy\/#primaryimage","url":"https:\/\/clair.si\/wp-content\/uploads\/2022\/09\/norton-pro-daisy-pomozne-vajeti.webp","contentUrl":"https:\/\/clair.si\/wp-content\/uploads\/2022\/09\/norton-pro-daisy-pomozne-vajeti.webp","width":800,"height":800,"caption":"Pomo\u017ene vajeti Daisy."},{"@type":"BreadcrumbList","@id":"https:\/\/clair.si\/hr\/izdelek\/pomocne-vodilice-norton-pro-daisy\/#breadcrumb","itemListElement":[{"@type":"ListItem","position":1,"name":"Home","item":"https:\/\/clair.si\/hr\/"},{"@type":"ListItem","position":2,"name":"Trgovina","item":"https:\/\/clair.si\/trgovina\/"},{"@type":"ListItem","position":3,"name":"Pomo\u0107ne uzde NORTON PRO Daisy"}]},{"@type":"WebSite","@id":"https:\/\/clair.si\/#website","url":"https:\/\/clair.si\/","name":"Clair","description":"Trgovina s konjeni\u0161ko opremo","publisher":{"@id":"https:\/\/clair.si\/#organization"},"potentialAction":[{"@type":"SearchAction","target":{"@type":"EntryPoint","urlTemplate":"https:\/\/clair.si\/?s={search_term_string}"},"query-input":{"@type":"PropertyValueSpecification","valueRequired":true,"valueName":"search_term_string"}}],"inLanguage":"hr"},{"@type":"Organization","@id":"https:\/\/clair.si\/#organization","name":"Clair","url":"https:\/\/clair.si\/","logo":{"@type":"ImageObject","inLanguage":"hr","@id":"https:\/\/clair.si\/#\/schema\/logo\/image\/","url":"https:\/\/clair.si\/wp-content\/uploads\/2022\/11\/clair_logo_2022.jpg","contentUrl":"https:\/\/clair.si\/wp-content\/uploads\/2022\/11\/clair_logo_2022.jpg","width":1920,"height":1920,"caption":"Clair"},"image":{"@id":"https:\/\/clair.si\/#\/schema\/logo\/image\/"},"sameAs":["https:\/\/www.facebook.com\/TrgovinaClair\/"]}]}},"_links":{"self":[{"href":"https:\/\/clair.si\/hr\/wp-json\/wp\/v2\/product\/102721","targetHints":{"allow":["GET"]}}],"collection":[{"href":"https:\/\/clair.si\/hr\/wp-json\/wp\/v2\/product"}],"about":[{"href":"https:\/\/clair.si\/hr\/wp-json\/wp\/v2\/types\/product"}],"version-history":[{"count":1,"href":"https:\/\/clair.si\/hr\/wp-json\/wp\/v2\/product\/102721\/revisions"}],"predecessor-version":[{"id":115152,"href":"https:\/\/clair.si\/hr\/wp-json\/wp\/v2\/product\/102721\/revisions\/115152"}],"wp:featuredmedia":[{"embeddable":true,"href":"https:\/\/clair.si\/hr\/wp-json\/wp\/v2\/media\/102724"}],"wp:attachment":[{"href":"https:\/\/clair.si\/hr\/wp-json\/wp\/v2\/media?parent=102721"}],"wp:term":[{"taxonomy":"product_brand","embeddable":true,"href":"https:\/\/clair.si\/hr\/wp-json\/wp\/v2\/product_brand?post=102721"},{"taxonomy":"product_cat","embeddable":true,"href":"https:\/\/clair.si\/hr\/wp-json\/wp\/v2\/product_cat?post=102721"},{"taxonomy":"product_tag","embeddable":true,"href":"https:\/\/clair.si\/hr\/wp-json\/wp\/v2\/product_tag?post=102721"}],"curies":[{"name":"wp","href":"https:\/\/api.w.org\/{rel}","templated":true}]}}