{"id":102759,"date":"2022-09-13T14:51:11","date_gmt":"2022-09-13T12:51:11","guid":{"rendered":"https:\/\/clair.si\/izdelek\/kavalkade-rose-uzda\/"},"modified":"2025-10-19T09:52:10","modified_gmt":"2025-10-19T07:52:10","slug":"kavalkade-rose-uzda","status":"publish","type":"product","link":"https:\/\/clair.si\/hr\/izdelek\/kavalkade-rose-uzda\/","title":{"rendered":"Kavalkade Rose uzda"},"content":{"rendered":"<p><strong>Engleska uzda Kavalkade Rose, <\/strong>je <strong>ko\u017ena<\/strong> uzda s <strong>kombiniranim nosnikom<\/strong>, kod koje je donji nosnik mogu\u0107e u potpunosti ukloniti ako ga ne trebate. Uzda Rose je anatomski oblikovana, ugodna za no\u0161enje, \u0161to joj omogu\u0107uju <strong>odebljani nosni<\/strong> i <strong>tjemeni<\/strong> dio. <\/p>\n<p>Uzda Rose ima jedinstven izgled, kojeg dopunjuje <strong>nje\u017eno roza ko\u017eni podlo\u017eeni nosnik<\/strong>, <strong>rose gold kristali\u0107i<\/strong> na lijepo oblikovanom naglavniku, a to\u010dku na i dodaju <strong>rose gold kop\u010de<\/strong> na cijeloj uzdi.<\/p>\n<p>Veli\u010dine: Pony, Cob, Full<\/p>\n<p>Boja: crna<\/p>\n","protected":false},"excerpt":{"rendered":"<p>Engleska uzda Kavalkade Rose, je ko\u017ena uzda s kombiniranim nosnikom, kod koje je donji nosnik mogu\u0107e u potpunosti ukloniti ako<\/p>\n","protected":false},"featured_media":102774,"template":"","meta":{"footnotes":""},"product_brand":[],"product_cat":[5624,5843,5697],"product_tag":[],"class_list":{"0":"post-102759","1":"product","2":"type-product","3":"status-publish","4":"has-post-thumbnail","6":"product_cat-konj-hr","7":"product_cat-uzde","8":"product_cat-uzde-i-dizgini","10":"first","11":"instock","12":"shipping-taxable","13":"purchasable","14":"product-type-variable"},"yoast_head":"<!-- This site is optimized with the Yoast SEO plugin v27.3 - https:\/\/yoast.com\/product\/yoast-seo-wordpress\/ -->\n<title>Kavalkade Rose uzda - Clair<\/title>\n<meta name=\"description\" content=\"Kavalkade Rose uzda je kombinirana, anatomski oblikovana uzda, atraktivnog izgleda, koja \u0107e vas odu\u0161eviti rose gold detaljima. Brzo provjerite na\u0161u ponudu!\" \/>\n<meta name=\"robots\" content=\"index, follow, max-snippet:-1, max-image-preview:large, max-video-preview:-1\" \/>\n<link rel=\"canonical\" href=\"https:\/\/clair.si\/hr\/izdelek\/kavalkade-rose-uzda\/\" \/>\n<meta property=\"og:locale\" content=\"hr_HR\" \/>\n<meta property=\"og:type\" content=\"article\" \/>\n<meta property=\"og:title\" content=\"Kavalkade Rose uzda - Clair\" \/>\n<meta property=\"og:description\" content=\"Kavalkade Rose uzda je kombinirana, anatomski oblikovana uzda, atraktivnog izgleda, koja \u0107e vas odu\u0161eviti rose gold detaljima. Brzo provjerite na\u0161u ponudu!\" \/>\n<meta property=\"og:url\" content=\"https:\/\/clair.si\/hr\/izdelek\/kavalkade-rose-uzda\/\" \/>\n<meta property=\"og:site_name\" content=\"Clair\" \/>\n<meta property=\"article:publisher\" content=\"https:\/\/www.facebook.com\/TrgovinaClair\/\" \/>\n<meta property=\"article:modified_time\" content=\"2025-10-19T07:52:10+00:00\" \/>\n<meta property=\"og:image\" content=\"https:\/\/clair.si\/wp-content\/uploads\/2022\/09\/19040_01-uzda-kavalkade-rose.jpg\" \/>\n\t<meta property=\"og:image:width\" content=\"825\" \/>\n\t<meta property=\"og:image:height\" content=\"725\" \/>\n\t<meta property=\"og:image:type\" content=\"image\/jpeg\" \/>\n<meta name=\"twitter:card\" content=\"summary_large_image\" \/>\n<script type=\"application\/ld+json\" class=\"yoast-schema-graph\">{\"@context\":\"https:\\\/\\\/schema.org\",\"@graph\":[{\"@type\":\"WebPage\",\"@id\":\"https:\\\/\\\/clair.si\\\/hr\\\/izdelek\\\/kavalkade-rose-uzda\\\/\",\"url\":\"https:\\\/\\\/clair.si\\\/hr\\\/izdelek\\\/kavalkade-rose-uzda\\\/\",\"name\":\"Kavalkade Rose uzda - Clair\",\"isPartOf\":{\"@id\":\"https:\\\/\\\/clair.si\\\/#website\"},\"primaryImageOfPage\":{\"@id\":\"https:\\\/\\\/clair.si\\\/hr\\\/izdelek\\\/kavalkade-rose-uzda\\\/#primaryimage\"},\"image\":{\"@id\":\"https:\\\/\\\/clair.si\\\/hr\\\/izdelek\\\/kavalkade-rose-uzda\\\/#primaryimage\"},\"thumbnailUrl\":\"https:\\\/\\\/clair.si\\\/wp-content\\\/uploads\\\/2022\\\/09\\\/19040_01-uzda-kavalkade-rose.webp\",\"datePublished\":\"2022-09-13T12:51:11+00:00\",\"dateModified\":\"2025-10-19T07:52:10+00:00\",\"description\":\"Kavalkade Rose uzda je kombinirana, anatomski oblikovana uzda, atraktivnog izgleda, koja \u0107e vas odu\u0161eviti rose gold detaljima. Brzo provjerite na\u0161u ponudu!\",\"breadcrumb\":{\"@id\":\"https:\\\/\\\/clair.si\\\/hr\\\/izdelek\\\/kavalkade-rose-uzda\\\/#breadcrumb\"},\"inLanguage\":\"hr\",\"potentialAction\":[{\"@type\":\"ReadAction\",\"target\":[\"https:\\\/\\\/clair.si\\\/hr\\\/izdelek\\\/kavalkade-rose-uzda\\\/\"]}]},{\"@type\":\"ImageObject\",\"inLanguage\":\"hr\",\"@id\":\"https:\\\/\\\/clair.si\\\/hr\\\/izdelek\\\/kavalkade-rose-uzda\\\/#primaryimage\",\"url\":\"https:\\\/\\\/clair.si\\\/wp-content\\\/uploads\\\/2022\\\/09\\\/19040_01-uzda-kavalkade-rose.webp\",\"contentUrl\":\"https:\\\/\\\/clair.si\\\/wp-content\\\/uploads\\\/2022\\\/09\\\/19040_01-uzda-kavalkade-rose.webp\",\"width\":825,\"height\":725,\"caption\":\"Uzda Kavalkade rose\"},{\"@type\":\"BreadcrumbList\",\"@id\":\"https:\\\/\\\/clair.si\\\/hr\\\/izdelek\\\/kavalkade-rose-uzda\\\/#breadcrumb\",\"itemListElement\":[{\"@type\":\"ListItem\",\"position\":1,\"name\":\"Home\",\"item\":\"https:\\\/\\\/clair.si\\\/hr\\\/\"},{\"@type\":\"ListItem\",\"position\":2,\"name\":\"Trgovina\",\"item\":\"https:\\\/\\\/clair.si\\\/trgovina\\\/\"},{\"@type\":\"ListItem\",\"position\":3,\"name\":\"Kavalkade Rose uzda\"}]},{\"@type\":\"WebSite\",\"@id\":\"https:\\\/\\\/clair.si\\\/#website\",\"url\":\"https:\\\/\\\/clair.si\\\/\",\"name\":\"Clair\",\"description\":\"Trgovina s konjeni\u0161ko opremo\",\"publisher\":{\"@id\":\"https:\\\/\\\/clair.si\\\/#organization\"},\"potentialAction\":[{\"@type\":\"SearchAction\",\"target\":{\"@type\":\"EntryPoint\",\"urlTemplate\":\"https:\\\/\\\/clair.si\\\/?s={search_term_string}\"},\"query-input\":{\"@type\":\"PropertyValueSpecification\",\"valueRequired\":true,\"valueName\":\"search_term_string\"}}],\"inLanguage\":\"hr\"},{\"@type\":\"Organization\",\"@id\":\"https:\\\/\\\/clair.si\\\/#organization\",\"name\":\"Clair\",\"url\":\"https:\\\/\\\/clair.si\\\/\",\"logo\":{\"@type\":\"ImageObject\",\"inLanguage\":\"hr\",\"@id\":\"https:\\\/\\\/clair.si\\\/#\\\/schema\\\/logo\\\/image\\\/\",\"url\":\"https:\\\/\\\/clair.si\\\/wp-content\\\/uploads\\\/2022\\\/11\\\/clair_logo_2022.jpg\",\"contentUrl\":\"https:\\\/\\\/clair.si\\\/wp-content\\\/uploads\\\/2022\\\/11\\\/clair_logo_2022.jpg\",\"width\":1920,\"height\":1920,\"caption\":\"Clair\"},\"image\":{\"@id\":\"https:\\\/\\\/clair.si\\\/#\\\/schema\\\/logo\\\/image\\\/\"},\"sameAs\":[\"https:\\\/\\\/www.facebook.com\\\/TrgovinaClair\\\/\"]}]}<\/script>\n<!-- \/ Yoast SEO plugin. -->","yoast_head_json":{"title":"Kavalkade Rose uzda - Clair","description":"Kavalkade Rose uzda je kombinirana, anatomski oblikovana uzda, atraktivnog izgleda, koja \u0107e vas odu\u0161eviti rose gold detaljima. Brzo provjerite na\u0161u ponudu!","robots":{"index":"index","follow":"follow","max-snippet":"max-snippet:-1","max-image-preview":"max-image-preview:large","max-video-preview":"max-video-preview:-1"},"canonical":"https:\/\/clair.si\/hr\/izdelek\/kavalkade-rose-uzda\/","og_locale":"hr_HR","og_type":"article","og_title":"Kavalkade Rose uzda - Clair","og_description":"Kavalkade Rose uzda je kombinirana, anatomski oblikovana uzda, atraktivnog izgleda, koja \u0107e vas odu\u0161eviti rose gold detaljima. Brzo provjerite na\u0161u ponudu!","og_url":"https:\/\/clair.si\/hr\/izdelek\/kavalkade-rose-uzda\/","og_site_name":"Clair","article_publisher":"https:\/\/www.facebook.com\/TrgovinaClair\/","article_modified_time":"2025-10-19T07:52:10+00:00","og_image":[{"width":825,"height":725,"url":"https:\/\/clair.si\/wp-content\/uploads\/2022\/09\/19040_01-uzda-kavalkade-rose.jpg","type":"image\/jpeg"}],"twitter_card":"summary_large_image","schema":{"@context":"https:\/\/schema.org","@graph":[{"@type":"WebPage","@id":"https:\/\/clair.si\/hr\/izdelek\/kavalkade-rose-uzda\/","url":"https:\/\/clair.si\/hr\/izdelek\/kavalkade-rose-uzda\/","name":"Kavalkade Rose uzda - Clair","isPartOf":{"@id":"https:\/\/clair.si\/#website"},"primaryImageOfPage":{"@id":"https:\/\/clair.si\/hr\/izdelek\/kavalkade-rose-uzda\/#primaryimage"},"image":{"@id":"https:\/\/clair.si\/hr\/izdelek\/kavalkade-rose-uzda\/#primaryimage"},"thumbnailUrl":"https:\/\/clair.si\/wp-content\/uploads\/2022\/09\/19040_01-uzda-kavalkade-rose.webp","datePublished":"2022-09-13T12:51:11+00:00","dateModified":"2025-10-19T07:52:10+00:00","description":"Kavalkade Rose uzda je kombinirana, anatomski oblikovana uzda, atraktivnog izgleda, koja \u0107e vas odu\u0161eviti rose gold detaljima. Brzo provjerite na\u0161u ponudu!","breadcrumb":{"@id":"https:\/\/clair.si\/hr\/izdelek\/kavalkade-rose-uzda\/#breadcrumb"},"inLanguage":"hr","potentialAction":[{"@type":"ReadAction","target":["https:\/\/clair.si\/hr\/izdelek\/kavalkade-rose-uzda\/"]}]},{"@type":"ImageObject","inLanguage":"hr","@id":"https:\/\/clair.si\/hr\/izdelek\/kavalkade-rose-uzda\/#primaryimage","url":"https:\/\/clair.si\/wp-content\/uploads\/2022\/09\/19040_01-uzda-kavalkade-rose.webp","contentUrl":"https:\/\/clair.si\/wp-content\/uploads\/2022\/09\/19040_01-uzda-kavalkade-rose.webp","width":825,"height":725,"caption":"Uzda Kavalkade rose"},{"@type":"BreadcrumbList","@id":"https:\/\/clair.si\/hr\/izdelek\/kavalkade-rose-uzda\/#breadcrumb","itemListElement":[{"@type":"ListItem","position":1,"name":"Home","item":"https:\/\/clair.si\/hr\/"},{"@type":"ListItem","position":2,"name":"Trgovina","item":"https:\/\/clair.si\/trgovina\/"},{"@type":"ListItem","position":3,"name":"Kavalkade Rose uzda"}]},{"@type":"WebSite","@id":"https:\/\/clair.si\/#website","url":"https:\/\/clair.si\/","name":"Clair","description":"Trgovina s konjeni\u0161ko opremo","publisher":{"@id":"https:\/\/clair.si\/#organization"},"potentialAction":[{"@type":"SearchAction","target":{"@type":"EntryPoint","urlTemplate":"https:\/\/clair.si\/?s={search_term_string}"},"query-input":{"@type":"PropertyValueSpecification","valueRequired":true,"valueName":"search_term_string"}}],"inLanguage":"hr"},{"@type":"Organization","@id":"https:\/\/clair.si\/#organization","name":"Clair","url":"https:\/\/clair.si\/","logo":{"@type":"ImageObject","inLanguage":"hr","@id":"https:\/\/clair.si\/#\/schema\/logo\/image\/","url":"https:\/\/clair.si\/wp-content\/uploads\/2022\/11\/clair_logo_2022.jpg","contentUrl":"https:\/\/clair.si\/wp-content\/uploads\/2022\/11\/clair_logo_2022.jpg","width":1920,"height":1920,"caption":"Clair"},"image":{"@id":"https:\/\/clair.si\/#\/schema\/logo\/image\/"},"sameAs":["https:\/\/www.facebook.com\/TrgovinaClair\/"]}]}},"_links":{"self":[{"href":"https:\/\/clair.si\/hr\/wp-json\/wp\/v2\/product\/102759","targetHints":{"allow":["GET"]}}],"collection":[{"href":"https:\/\/clair.si\/hr\/wp-json\/wp\/v2\/product"}],"about":[{"href":"https:\/\/clair.si\/hr\/wp-json\/wp\/v2\/types\/product"}],"version-history":[{"count":0,"href":"https:\/\/clair.si\/hr\/wp-json\/wp\/v2\/product\/102759\/revisions"}],"wp:featuredmedia":[{"embeddable":true,"href":"https:\/\/clair.si\/hr\/wp-json\/wp\/v2\/media\/102774"}],"wp:attachment":[{"href":"https:\/\/clair.si\/hr\/wp-json\/wp\/v2\/media?parent=102759"}],"wp:term":[{"taxonomy":"product_brand","embeddable":true,"href":"https:\/\/clair.si\/hr\/wp-json\/wp\/v2\/product_brand?post=102759"},{"taxonomy":"product_cat","embeddable":true,"href":"https:\/\/clair.si\/hr\/wp-json\/wp\/v2\/product_cat?post=102759"},{"taxonomy":"product_tag","embeddable":true,"href":"https:\/\/clair.si\/hr\/wp-json\/wp\/v2\/product_tag?post=102759"}],"curies":[{"name":"wp","href":"https:\/\/api.w.org\/{rel}","templated":true}]}}