{"id":102786,"date":"2022-09-13T15:08:19","date_gmt":"2022-09-13T13:08:19","guid":{"rendered":"https:\/\/clair.si\/izdelek\/uzda-kavalkade-ivy\/"},"modified":"2025-10-31T11:06:26","modified_gmt":"2025-10-31T10:06:26","slug":"uzda-kavalkade-ivy","status":"publish","type":"product","link":"https:\/\/clair.si\/hr\/izdelek\/uzda-kavalkade-ivy\/","title":{"rendered":"Kavalkade Ivy uzda"},"content":{"rendered":"<p><strong>Engleska kombinirana uzda Kavalkade Ivy<\/strong> je srodnica <a href=\"https:\/\/clair.si\/hr\/kategorija\/konj-hr\/uzde-i-dizgini\/\">uzde<\/a> Kavalkade Ivy Lambskin. Svojim <strong>anatomskim oblikom<\/strong> i <strong>dovr\u0161enom izradom<\/strong> uvjerava i najzahtjevnijeg kupca jer konju omogu\u0107uje ugodno no\u0161enje. <\/p>\n<p>Uzda Ivy sastavljena je od <strong>englesko kombiniranog nosa\u010da<\/strong>, \u0161to omogu\u0107uje ve\u0107u kontrolu nad konjem, ali jo\u0161 uvijek blago utje\u010de na jaha\u010deve postupke zbog <strong>prvoklasne ko\u017ee<\/strong> i svog anatomskog oblika.<\/p>\n<p>Uzda Ivy je stilski dovr\u0161ena, s vrlo preciznim, <strong>kontrastnim \u0161avovima<\/strong> koji uzdi daju jo\u0161 elegantniji izgled. U cijenu su uklju\u010dene i neklizaju\u0107e vodilice. <\/p>\n<p>Veli\u010dine: Pony, Cob, Full, X-Full<\/p>\n<p>Boje: sme\u0111a, crna<\/p>\n<p>Materijal: ko\u017ea<\/p>\n<p>&nbsp;<\/p>\n","protected":false},"excerpt":{"rendered":"<p>Engleska kombinirana uzda Kavalkade Ivy je srodnica uzde Kavalkade Ivy Lambskin. Svojim anatomskim oblikom i dovr\u0161enom izradom uvjerava i najzahtjevnijeg<\/p>\n","protected":false},"featured_media":102791,"template":"","meta":{"footnotes":""},"product_brand":[],"product_cat":[5624,5843,5697],"product_tag":[],"class_list":{"0":"post-102786","1":"product","2":"type-product","3":"status-publish","4":"has-post-thumbnail","6":"product_cat-konj-hr","7":"product_cat-uzde","8":"product_cat-uzde-i-dizgini","10":"first","11":"instock","12":"shipping-taxable","13":"purchasable","14":"product-type-variable"},"yoast_head":"<!-- This site is optimized with the Yoast SEO plugin v27.3 - https:\/\/yoast.com\/product\/yoast-seo-wordpress\/ -->\n<title>Kavalkade Ivy uzda - Clair<\/title>\n<meta name=\"description\" content=\"Kombinirana engleska uzda Kavalkade Ivy je jedinstvena uzda, s anatomskim oblikom i prekrasnim izgledom koji \u0107e vas uvjeriti. Provjerite ponudu!\" \/>\n<meta name=\"robots\" content=\"index, follow, max-snippet:-1, max-image-preview:large, max-video-preview:-1\" \/>\n<link rel=\"canonical\" href=\"https:\/\/clair.si\/hr\/izdelek\/uzda-kavalkade-ivy\/\" \/>\n<meta property=\"og:locale\" content=\"hr_HR\" \/>\n<meta property=\"og:type\" content=\"article\" \/>\n<meta property=\"og:title\" content=\"Kavalkade Ivy uzda - Clair\" \/>\n<meta property=\"og:description\" content=\"Kombinirana engleska uzda Kavalkade Ivy je jedinstvena uzda, s anatomskim oblikom i prekrasnim izgledom koji \u0107e vas uvjeriti. Provjerite ponudu!\" \/>\n<meta property=\"og:url\" content=\"https:\/\/clair.si\/hr\/izdelek\/uzda-kavalkade-ivy\/\" \/>\n<meta property=\"og:site_name\" content=\"Clair\" \/>\n<meta property=\"article:publisher\" content=\"https:\/\/www.facebook.com\/TrgovinaClair\/\" \/>\n<meta property=\"article:modified_time\" content=\"2025-10-31T10:06:26+00:00\" \/>\n<meta property=\"og:image\" content=\"https:\/\/clair.si\/wp-content\/uploads\/2022\/09\/19013_01-uzda-ivy-kavalkade.jpg\" \/>\n\t<meta property=\"og:image:width\" content=\"825\" \/>\n\t<meta property=\"og:image:height\" content=\"725\" \/>\n\t<meta property=\"og:image:type\" content=\"image\/jpeg\" \/>\n<meta name=\"twitter:card\" content=\"summary_large_image\" \/>\n<meta name=\"twitter:label1\" content=\"Procijenjeno vrijeme \u010ditanja\" \/>\n\t<meta name=\"twitter:data1\" content=\"1 minuta\" \/>\n<script type=\"application\/ld+json\" class=\"yoast-schema-graph\">{\"@context\":\"https:\\\/\\\/schema.org\",\"@graph\":[{\"@type\":\"WebPage\",\"@id\":\"https:\\\/\\\/clair.si\\\/hr\\\/izdelek\\\/uzda-kavalkade-ivy\\\/\",\"url\":\"https:\\\/\\\/clair.si\\\/hr\\\/izdelek\\\/uzda-kavalkade-ivy\\\/\",\"name\":\"Kavalkade Ivy uzda - Clair\",\"isPartOf\":{\"@id\":\"https:\\\/\\\/clair.si\\\/#website\"},\"primaryImageOfPage\":{\"@id\":\"https:\\\/\\\/clair.si\\\/hr\\\/izdelek\\\/uzda-kavalkade-ivy\\\/#primaryimage\"},\"image\":{\"@id\":\"https:\\\/\\\/clair.si\\\/hr\\\/izdelek\\\/uzda-kavalkade-ivy\\\/#primaryimage\"},\"thumbnailUrl\":\"https:\\\/\\\/clair.si\\\/wp-content\\\/uploads\\\/2022\\\/09\\\/19013_01-uzda-ivy-kavalkade.webp\",\"datePublished\":\"2022-09-13T13:08:19+00:00\",\"dateModified\":\"2025-10-31T10:06:26+00:00\",\"description\":\"Kombinirana engleska uzda Kavalkade Ivy je jedinstvena uzda, s anatomskim oblikom i prekrasnim izgledom koji \u0107e vas uvjeriti. Provjerite ponudu!\",\"breadcrumb\":{\"@id\":\"https:\\\/\\\/clair.si\\\/hr\\\/izdelek\\\/uzda-kavalkade-ivy\\\/#breadcrumb\"},\"inLanguage\":\"hr\",\"potentialAction\":[{\"@type\":\"ReadAction\",\"target\":[\"https:\\\/\\\/clair.si\\\/hr\\\/izdelek\\\/uzda-kavalkade-ivy\\\/\"]}]},{\"@type\":\"ImageObject\",\"inLanguage\":\"hr\",\"@id\":\"https:\\\/\\\/clair.si\\\/hr\\\/izdelek\\\/uzda-kavalkade-ivy\\\/#primaryimage\",\"url\":\"https:\\\/\\\/clair.si\\\/wp-content\\\/uploads\\\/2022\\\/09\\\/19013_01-uzda-ivy-kavalkade.webp\",\"contentUrl\":\"https:\\\/\\\/clair.si\\\/wp-content\\\/uploads\\\/2022\\\/09\\\/19013_01-uzda-ivy-kavalkade.webp\",\"width\":825,\"height\":725,\"caption\":\"Uzda Kavalkade Ivy.\"},{\"@type\":\"BreadcrumbList\",\"@id\":\"https:\\\/\\\/clair.si\\\/hr\\\/izdelek\\\/uzda-kavalkade-ivy\\\/#breadcrumb\",\"itemListElement\":[{\"@type\":\"ListItem\",\"position\":1,\"name\":\"Home\",\"item\":\"https:\\\/\\\/clair.si\\\/hr\\\/\"},{\"@type\":\"ListItem\",\"position\":2,\"name\":\"Trgovina\",\"item\":\"https:\\\/\\\/clair.si\\\/trgovina\\\/\"},{\"@type\":\"ListItem\",\"position\":3,\"name\":\"Kavalkade Ivy uzda\"}]},{\"@type\":\"WebSite\",\"@id\":\"https:\\\/\\\/clair.si\\\/#website\",\"url\":\"https:\\\/\\\/clair.si\\\/\",\"name\":\"Clair\",\"description\":\"Trgovina s konjeni\u0161ko opremo\",\"publisher\":{\"@id\":\"https:\\\/\\\/clair.si\\\/#organization\"},\"potentialAction\":[{\"@type\":\"SearchAction\",\"target\":{\"@type\":\"EntryPoint\",\"urlTemplate\":\"https:\\\/\\\/clair.si\\\/?s={search_term_string}\"},\"query-input\":{\"@type\":\"PropertyValueSpecification\",\"valueRequired\":true,\"valueName\":\"search_term_string\"}}],\"inLanguage\":\"hr\"},{\"@type\":\"Organization\",\"@id\":\"https:\\\/\\\/clair.si\\\/#organization\",\"name\":\"Clair\",\"url\":\"https:\\\/\\\/clair.si\\\/\",\"logo\":{\"@type\":\"ImageObject\",\"inLanguage\":\"hr\",\"@id\":\"https:\\\/\\\/clair.si\\\/#\\\/schema\\\/logo\\\/image\\\/\",\"url\":\"https:\\\/\\\/clair.si\\\/wp-content\\\/uploads\\\/2022\\\/11\\\/clair_logo_2022.jpg\",\"contentUrl\":\"https:\\\/\\\/clair.si\\\/wp-content\\\/uploads\\\/2022\\\/11\\\/clair_logo_2022.jpg\",\"width\":1920,\"height\":1920,\"caption\":\"Clair\"},\"image\":{\"@id\":\"https:\\\/\\\/clair.si\\\/#\\\/schema\\\/logo\\\/image\\\/\"},\"sameAs\":[\"https:\\\/\\\/www.facebook.com\\\/TrgovinaClair\\\/\"]}]}<\/script>\n<!-- \/ Yoast SEO plugin. -->","yoast_head_json":{"title":"Kavalkade Ivy uzda - Clair","description":"Kombinirana engleska uzda Kavalkade Ivy je jedinstvena uzda, s anatomskim oblikom i prekrasnim izgledom koji \u0107e vas uvjeriti. Provjerite ponudu!","robots":{"index":"index","follow":"follow","max-snippet":"max-snippet:-1","max-image-preview":"max-image-preview:large","max-video-preview":"max-video-preview:-1"},"canonical":"https:\/\/clair.si\/hr\/izdelek\/uzda-kavalkade-ivy\/","og_locale":"hr_HR","og_type":"article","og_title":"Kavalkade Ivy uzda - Clair","og_description":"Kombinirana engleska uzda Kavalkade Ivy je jedinstvena uzda, s anatomskim oblikom i prekrasnim izgledom koji \u0107e vas uvjeriti. Provjerite ponudu!","og_url":"https:\/\/clair.si\/hr\/izdelek\/uzda-kavalkade-ivy\/","og_site_name":"Clair","article_publisher":"https:\/\/www.facebook.com\/TrgovinaClair\/","article_modified_time":"2025-10-31T10:06:26+00:00","og_image":[{"width":825,"height":725,"url":"https:\/\/clair.si\/wp-content\/uploads\/2022\/09\/19013_01-uzda-ivy-kavalkade.jpg","type":"image\/jpeg"}],"twitter_card":"summary_large_image","twitter_misc":{"Procijenjeno vrijeme \u010ditanja":"1 minuta"},"schema":{"@context":"https:\/\/schema.org","@graph":[{"@type":"WebPage","@id":"https:\/\/clair.si\/hr\/izdelek\/uzda-kavalkade-ivy\/","url":"https:\/\/clair.si\/hr\/izdelek\/uzda-kavalkade-ivy\/","name":"Kavalkade Ivy uzda - Clair","isPartOf":{"@id":"https:\/\/clair.si\/#website"},"primaryImageOfPage":{"@id":"https:\/\/clair.si\/hr\/izdelek\/uzda-kavalkade-ivy\/#primaryimage"},"image":{"@id":"https:\/\/clair.si\/hr\/izdelek\/uzda-kavalkade-ivy\/#primaryimage"},"thumbnailUrl":"https:\/\/clair.si\/wp-content\/uploads\/2022\/09\/19013_01-uzda-ivy-kavalkade.webp","datePublished":"2022-09-13T13:08:19+00:00","dateModified":"2025-10-31T10:06:26+00:00","description":"Kombinirana engleska uzda Kavalkade Ivy je jedinstvena uzda, s anatomskim oblikom i prekrasnim izgledom koji \u0107e vas uvjeriti. Provjerite ponudu!","breadcrumb":{"@id":"https:\/\/clair.si\/hr\/izdelek\/uzda-kavalkade-ivy\/#breadcrumb"},"inLanguage":"hr","potentialAction":[{"@type":"ReadAction","target":["https:\/\/clair.si\/hr\/izdelek\/uzda-kavalkade-ivy\/"]}]},{"@type":"ImageObject","inLanguage":"hr","@id":"https:\/\/clair.si\/hr\/izdelek\/uzda-kavalkade-ivy\/#primaryimage","url":"https:\/\/clair.si\/wp-content\/uploads\/2022\/09\/19013_01-uzda-ivy-kavalkade.webp","contentUrl":"https:\/\/clair.si\/wp-content\/uploads\/2022\/09\/19013_01-uzda-ivy-kavalkade.webp","width":825,"height":725,"caption":"Uzda Kavalkade Ivy."},{"@type":"BreadcrumbList","@id":"https:\/\/clair.si\/hr\/izdelek\/uzda-kavalkade-ivy\/#breadcrumb","itemListElement":[{"@type":"ListItem","position":1,"name":"Home","item":"https:\/\/clair.si\/hr\/"},{"@type":"ListItem","position":2,"name":"Trgovina","item":"https:\/\/clair.si\/trgovina\/"},{"@type":"ListItem","position":3,"name":"Kavalkade Ivy uzda"}]},{"@type":"WebSite","@id":"https:\/\/clair.si\/#website","url":"https:\/\/clair.si\/","name":"Clair","description":"Trgovina s konjeni\u0161ko opremo","publisher":{"@id":"https:\/\/clair.si\/#organization"},"potentialAction":[{"@type":"SearchAction","target":{"@type":"EntryPoint","urlTemplate":"https:\/\/clair.si\/?s={search_term_string}"},"query-input":{"@type":"PropertyValueSpecification","valueRequired":true,"valueName":"search_term_string"}}],"inLanguage":"hr"},{"@type":"Organization","@id":"https:\/\/clair.si\/#organization","name":"Clair","url":"https:\/\/clair.si\/","logo":{"@type":"ImageObject","inLanguage":"hr","@id":"https:\/\/clair.si\/#\/schema\/logo\/image\/","url":"https:\/\/clair.si\/wp-content\/uploads\/2022\/11\/clair_logo_2022.jpg","contentUrl":"https:\/\/clair.si\/wp-content\/uploads\/2022\/11\/clair_logo_2022.jpg","width":1920,"height":1920,"caption":"Clair"},"image":{"@id":"https:\/\/clair.si\/#\/schema\/logo\/image\/"},"sameAs":["https:\/\/www.facebook.com\/TrgovinaClair\/"]}]}},"_links":{"self":[{"href":"https:\/\/clair.si\/hr\/wp-json\/wp\/v2\/product\/102786","targetHints":{"allow":["GET"]}}],"collection":[{"href":"https:\/\/clair.si\/hr\/wp-json\/wp\/v2\/product"}],"about":[{"href":"https:\/\/clair.si\/hr\/wp-json\/wp\/v2\/types\/product"}],"version-history":[{"count":0,"href":"https:\/\/clair.si\/hr\/wp-json\/wp\/v2\/product\/102786\/revisions"}],"wp:featuredmedia":[{"embeddable":true,"href":"https:\/\/clair.si\/hr\/wp-json\/wp\/v2\/media\/102791"}],"wp:attachment":[{"href":"https:\/\/clair.si\/hr\/wp-json\/wp\/v2\/media?parent=102786"}],"wp:term":[{"taxonomy":"product_brand","embeddable":true,"href":"https:\/\/clair.si\/hr\/wp-json\/wp\/v2\/product_brand?post=102786"},{"taxonomy":"product_cat","embeddable":true,"href":"https:\/\/clair.si\/hr\/wp-json\/wp\/v2\/product_cat?post=102786"},{"taxonomy":"product_tag","embeddable":true,"href":"https:\/\/clair.si\/hr\/wp-json\/wp\/v2\/product_tag?post=102786"}],"curies":[{"name":"wp","href":"https:\/\/api.w.org\/{rel}","templated":true}]}}