{"id":102789,"date":"2022-09-14T14:07:33","date_gmt":"2022-09-14T12:07:33","guid":{"rendered":"https:\/\/clair.si\/izdelek\/lonza-kavalkade-kavalduo\/"},"modified":"2025-08-27T21:07:51","modified_gmt":"2025-08-27T19:07:51","slug":"lonza-kavalkade-kavalduo","status":"publish","type":"product","link":"https:\/\/clair.si\/hr\/izdelek\/lonza-kavalkade-kavalduo\/","title":{"rendered":"Lon\u017ea Kavalkade KavalDuo"},"content":{"rendered":"<p><strong>Lon\u017ea Kavalkade KavalDuo <\/strong>od mekog materijala i s okretnim karabinom.<\/p>\n<p>Lon\u017ea KavalDuo omogu\u0107uje dobar oprijem, zahvaljuju\u0107i posebnoj tkanini, \u0161to je od bitnog zna\u010daja pri lon\u017eiranju. Okretni karabin sprje\u010dava uvijanje. <\/p>\n<ul>\n<li><strong>Od protuklizne posebne tkanine<\/strong><\/li>\n<li><strong>S om\u010dom na kraju lon\u017eirne vrvi<\/strong><\/li>\n<li><strong>S okretnim karabinom<br \/>\n<\/strong><\/li>\n<\/ul>\n<p>Du\u017eina: 8 m<br \/>\n\u0160irina: 2,5 cm<br \/>\nOkov: srebrno<br \/>\nBoje: dostupno u razli\u010ditim bojama<\/p>\n","protected":false},"excerpt":{"rendered":"<p>Lon\u017ea Kavalkade KavalDuo od mekog materijala i s okretnim karabinom. Lon\u017ea KavalDuo omogu\u0107uje dobar oprijem, zahvaljuju\u0107i posebnoj tkanini, \u0161to je<\/p>\n","protected":false},"featured_media":102830,"template":"","meta":{"footnotes":""},"product_brand":[],"product_cat":[5624,6586,6064,5830,6033],"product_tag":[],"class_list":{"0":"post-102789","1":"product","2":"type-product","3":"status-publish","4":"has-post-thumbnail","6":"product_cat-konj-hr","7":"product_cat-lonze-hr-2","8":"product_cat-lonze-hr","9":"product_cat-lonziranje-hr","10":"product_cat-lonziranje-hr-2","12":"first","13":"instock","14":"sale","15":"shipping-taxable","16":"purchasable","17":"product-type-variable"},"yoast_head":"<!-- This site is optimized with the Yoast SEO plugin v27.4 - https:\/\/yoast.com\/product\/yoast-seo-wordpress\/ -->\n<title>Lon\u017ea Kavalkade KavalDuo - Clair<\/title>\n<meta name=\"description\" content=\"Lon\u017ea KavalDuo omogu\u0107uje dobar oprijem, zahvaljuju\u0107i posebnoj tkanini, \u0161to je od bitnog zna\u010daja pri lon\u017eiranju. Okretni karabin sprje\u010dava uvijanje. Provjerite.\" \/>\n<meta name=\"robots\" content=\"index, follow, max-snippet:-1, max-image-preview:large, max-video-preview:-1\" \/>\n<link rel=\"canonical\" href=\"https:\/\/clair.si\/hr\/izdelek\/lonza-kavalkade-kavalduo\/\" \/>\n<meta property=\"og:locale\" content=\"hr_HR\" \/>\n<meta property=\"og:type\" content=\"article\" \/>\n<meta property=\"og:title\" content=\"Lon\u017ea Kavalkade KavalDuo - Clair\" \/>\n<meta property=\"og:description\" content=\"Lon\u017ea KavalDuo omogu\u0107uje dobar oprijem, zahvaljuju\u0107i posebnoj tkanini, \u0161to je od bitnog zna\u010daja pri lon\u017eiranju. Okretni karabin sprje\u010dava uvijanje. Provjerite.\" \/>\n<meta property=\"og:url\" content=\"https:\/\/clair.si\/hr\/izdelek\/lonza-kavalkade-kavalduo\/\" \/>\n<meta property=\"og:site_name\" content=\"Clair\" \/>\n<meta property=\"article:publisher\" content=\"https:\/\/www.facebook.com\/TrgovinaClair\/\" \/>\n<meta property=\"article:modified_time\" content=\"2025-08-27T19:07:51+00:00\" \/>\n<meta property=\"og:image\" content=\"https:\/\/clair.si\/wp-content\/uploads\/2022\/09\/27212_04-kavalkade-lonza-turkizna.jpg\" \/>\n\t<meta property=\"og:image:width\" content=\"825\" \/>\n\t<meta property=\"og:image:height\" content=\"725\" \/>\n\t<meta property=\"og:image:type\" content=\"image\/jpeg\" \/>\n<meta name=\"twitter:card\" content=\"summary_large_image\" \/>\n<script type=\"application\/ld+json\" class=\"yoast-schema-graph\">{\"@context\":\"https:\\\/\\\/schema.org\",\"@graph\":[{\"@type\":\"WebPage\",\"@id\":\"https:\\\/\\\/clair.si\\\/hr\\\/izdelek\\\/lonza-kavalkade-kavalduo\\\/\",\"url\":\"https:\\\/\\\/clair.si\\\/hr\\\/izdelek\\\/lonza-kavalkade-kavalduo\\\/\",\"name\":\"Lon\u017ea Kavalkade KavalDuo - Clair\",\"isPartOf\":{\"@id\":\"https:\\\/\\\/clair.si\\\/#website\"},\"primaryImageOfPage\":{\"@id\":\"https:\\\/\\\/clair.si\\\/hr\\\/izdelek\\\/lonza-kavalkade-kavalduo\\\/#primaryimage\"},\"image\":{\"@id\":\"https:\\\/\\\/clair.si\\\/hr\\\/izdelek\\\/lonza-kavalkade-kavalduo\\\/#primaryimage\"},\"thumbnailUrl\":\"https:\\\/\\\/clair.si\\\/wp-content\\\/uploads\\\/2022\\\/09\\\/27212_04-kavalkade-lonza-turkizna.webp\",\"datePublished\":\"2022-09-14T12:07:33+00:00\",\"dateModified\":\"2025-08-27T19:07:51+00:00\",\"description\":\"Lon\u017ea KavalDuo omogu\u0107uje dobar oprijem, zahvaljuju\u0107i posebnoj tkanini, \u0161to je od bitnog zna\u010daja pri lon\u017eiranju. Okretni karabin sprje\u010dava uvijanje. Provjerite.\",\"breadcrumb\":{\"@id\":\"https:\\\/\\\/clair.si\\\/hr\\\/izdelek\\\/lonza-kavalkade-kavalduo\\\/#breadcrumb\"},\"inLanguage\":\"hr\",\"potentialAction\":[{\"@type\":\"ReadAction\",\"target\":[\"https:\\\/\\\/clair.si\\\/hr\\\/izdelek\\\/lonza-kavalkade-kavalduo\\\/\"]}]},{\"@type\":\"ImageObject\",\"inLanguage\":\"hr\",\"@id\":\"https:\\\/\\\/clair.si\\\/hr\\\/izdelek\\\/lonza-kavalkade-kavalduo\\\/#primaryimage\",\"url\":\"https:\\\/\\\/clair.si\\\/wp-content\\\/uploads\\\/2022\\\/09\\\/27212_04-kavalkade-lonza-turkizna.webp\",\"contentUrl\":\"https:\\\/\\\/clair.si\\\/wp-content\\\/uploads\\\/2022\\\/09\\\/27212_04-kavalkade-lonza-turkizna.webp\",\"width\":825,\"height\":725,\"caption\":\"Kavalkade lon\u017ea.\"},{\"@type\":\"BreadcrumbList\",\"@id\":\"https:\\\/\\\/clair.si\\\/hr\\\/izdelek\\\/lonza-kavalkade-kavalduo\\\/#breadcrumb\",\"itemListElement\":[{\"@type\":\"ListItem\",\"position\":1,\"name\":\"Home\",\"item\":\"https:\\\/\\\/clair.si\\\/hr\\\/\"},{\"@type\":\"ListItem\",\"position\":2,\"name\":\"Trgovina\",\"item\":\"https:\\\/\\\/clair.si\\\/trgovina\\\/\"},{\"@type\":\"ListItem\",\"position\":3,\"name\":\"Lon\u017ea Kavalkade KavalDuo\"}]},{\"@type\":\"WebSite\",\"@id\":\"https:\\\/\\\/clair.si\\\/#website\",\"url\":\"https:\\\/\\\/clair.si\\\/\",\"name\":\"Clair\",\"description\":\"Trgovina s konjeni\u0161ko opremo\",\"publisher\":{\"@id\":\"https:\\\/\\\/clair.si\\\/#organization\"},\"potentialAction\":[{\"@type\":\"SearchAction\",\"target\":{\"@type\":\"EntryPoint\",\"urlTemplate\":\"https:\\\/\\\/clair.si\\\/?s={search_term_string}\"},\"query-input\":{\"@type\":\"PropertyValueSpecification\",\"valueRequired\":true,\"valueName\":\"search_term_string\"}}],\"inLanguage\":\"hr\"},{\"@type\":\"Organization\",\"@id\":\"https:\\\/\\\/clair.si\\\/#organization\",\"name\":\"Clair\",\"url\":\"https:\\\/\\\/clair.si\\\/\",\"logo\":{\"@type\":\"ImageObject\",\"inLanguage\":\"hr\",\"@id\":\"https:\\\/\\\/clair.si\\\/#\\\/schema\\\/logo\\\/image\\\/\",\"url\":\"https:\\\/\\\/clair.si\\\/wp-content\\\/uploads\\\/2022\\\/11\\\/clair_logo_2022.jpg\",\"contentUrl\":\"https:\\\/\\\/clair.si\\\/wp-content\\\/uploads\\\/2022\\\/11\\\/clair_logo_2022.jpg\",\"width\":1920,\"height\":1920,\"caption\":\"Clair\"},\"image\":{\"@id\":\"https:\\\/\\\/clair.si\\\/#\\\/schema\\\/logo\\\/image\\\/\"},\"sameAs\":[\"https:\\\/\\\/www.facebook.com\\\/TrgovinaClair\\\/\"]}]}<\/script>\n<!-- \/ Yoast SEO plugin. -->","yoast_head_json":{"title":"Lon\u017ea Kavalkade KavalDuo - Clair","description":"Lon\u017ea KavalDuo omogu\u0107uje dobar oprijem, zahvaljuju\u0107i posebnoj tkanini, \u0161to je od bitnog zna\u010daja pri lon\u017eiranju. Okretni karabin sprje\u010dava uvijanje. Provjerite.","robots":{"index":"index","follow":"follow","max-snippet":"max-snippet:-1","max-image-preview":"max-image-preview:large","max-video-preview":"max-video-preview:-1"},"canonical":"https:\/\/clair.si\/hr\/izdelek\/lonza-kavalkade-kavalduo\/","og_locale":"hr_HR","og_type":"article","og_title":"Lon\u017ea Kavalkade KavalDuo - Clair","og_description":"Lon\u017ea KavalDuo omogu\u0107uje dobar oprijem, zahvaljuju\u0107i posebnoj tkanini, \u0161to je od bitnog zna\u010daja pri lon\u017eiranju. Okretni karabin sprje\u010dava uvijanje. Provjerite.","og_url":"https:\/\/clair.si\/hr\/izdelek\/lonza-kavalkade-kavalduo\/","og_site_name":"Clair","article_publisher":"https:\/\/www.facebook.com\/TrgovinaClair\/","article_modified_time":"2025-08-27T19:07:51+00:00","og_image":[{"width":825,"height":725,"url":"https:\/\/clair.si\/wp-content\/uploads\/2022\/09\/27212_04-kavalkade-lonza-turkizna.jpg","type":"image\/jpeg"}],"twitter_card":"summary_large_image","schema":{"@context":"https:\/\/schema.org","@graph":[{"@type":"WebPage","@id":"https:\/\/clair.si\/hr\/izdelek\/lonza-kavalkade-kavalduo\/","url":"https:\/\/clair.si\/hr\/izdelek\/lonza-kavalkade-kavalduo\/","name":"Lon\u017ea Kavalkade KavalDuo - Clair","isPartOf":{"@id":"https:\/\/clair.si\/#website"},"primaryImageOfPage":{"@id":"https:\/\/clair.si\/hr\/izdelek\/lonza-kavalkade-kavalduo\/#primaryimage"},"image":{"@id":"https:\/\/clair.si\/hr\/izdelek\/lonza-kavalkade-kavalduo\/#primaryimage"},"thumbnailUrl":"https:\/\/clair.si\/wp-content\/uploads\/2022\/09\/27212_04-kavalkade-lonza-turkizna.webp","datePublished":"2022-09-14T12:07:33+00:00","dateModified":"2025-08-27T19:07:51+00:00","description":"Lon\u017ea KavalDuo omogu\u0107uje dobar oprijem, zahvaljuju\u0107i posebnoj tkanini, \u0161to je od bitnog zna\u010daja pri lon\u017eiranju. Okretni karabin sprje\u010dava uvijanje. Provjerite.","breadcrumb":{"@id":"https:\/\/clair.si\/hr\/izdelek\/lonza-kavalkade-kavalduo\/#breadcrumb"},"inLanguage":"hr","potentialAction":[{"@type":"ReadAction","target":["https:\/\/clair.si\/hr\/izdelek\/lonza-kavalkade-kavalduo\/"]}]},{"@type":"ImageObject","inLanguage":"hr","@id":"https:\/\/clair.si\/hr\/izdelek\/lonza-kavalkade-kavalduo\/#primaryimage","url":"https:\/\/clair.si\/wp-content\/uploads\/2022\/09\/27212_04-kavalkade-lonza-turkizna.webp","contentUrl":"https:\/\/clair.si\/wp-content\/uploads\/2022\/09\/27212_04-kavalkade-lonza-turkizna.webp","width":825,"height":725,"caption":"Kavalkade lon\u017ea."},{"@type":"BreadcrumbList","@id":"https:\/\/clair.si\/hr\/izdelek\/lonza-kavalkade-kavalduo\/#breadcrumb","itemListElement":[{"@type":"ListItem","position":1,"name":"Home","item":"https:\/\/clair.si\/hr\/"},{"@type":"ListItem","position":2,"name":"Trgovina","item":"https:\/\/clair.si\/trgovina\/"},{"@type":"ListItem","position":3,"name":"Lon\u017ea Kavalkade KavalDuo"}]},{"@type":"WebSite","@id":"https:\/\/clair.si\/#website","url":"https:\/\/clair.si\/","name":"Clair","description":"Trgovina s konjeni\u0161ko opremo","publisher":{"@id":"https:\/\/clair.si\/#organization"},"potentialAction":[{"@type":"SearchAction","target":{"@type":"EntryPoint","urlTemplate":"https:\/\/clair.si\/?s={search_term_string}"},"query-input":{"@type":"PropertyValueSpecification","valueRequired":true,"valueName":"search_term_string"}}],"inLanguage":"hr"},{"@type":"Organization","@id":"https:\/\/clair.si\/#organization","name":"Clair","url":"https:\/\/clair.si\/","logo":{"@type":"ImageObject","inLanguage":"hr","@id":"https:\/\/clair.si\/#\/schema\/logo\/image\/","url":"https:\/\/clair.si\/wp-content\/uploads\/2022\/11\/clair_logo_2022.jpg","contentUrl":"https:\/\/clair.si\/wp-content\/uploads\/2022\/11\/clair_logo_2022.jpg","width":1920,"height":1920,"caption":"Clair"},"image":{"@id":"https:\/\/clair.si\/#\/schema\/logo\/image\/"},"sameAs":["https:\/\/www.facebook.com\/TrgovinaClair\/"]}]}},"_links":{"self":[{"href":"https:\/\/clair.si\/hr\/wp-json\/wp\/v2\/product\/102789","targetHints":{"allow":["GET"]}}],"collection":[{"href":"https:\/\/clair.si\/hr\/wp-json\/wp\/v2\/product"}],"about":[{"href":"https:\/\/clair.si\/hr\/wp-json\/wp\/v2\/types\/product"}],"version-history":[{"count":0,"href":"https:\/\/clair.si\/hr\/wp-json\/wp\/v2\/product\/102789\/revisions"}],"wp:featuredmedia":[{"embeddable":true,"href":"https:\/\/clair.si\/hr\/wp-json\/wp\/v2\/media\/102830"}],"wp:attachment":[{"href":"https:\/\/clair.si\/hr\/wp-json\/wp\/v2\/media?parent=102789"}],"wp:term":[{"taxonomy":"product_brand","embeddable":true,"href":"https:\/\/clair.si\/hr\/wp-json\/wp\/v2\/product_brand?post=102789"},{"taxonomy":"product_cat","embeddable":true,"href":"https:\/\/clair.si\/hr\/wp-json\/wp\/v2\/product_cat?post=102789"},{"taxonomy":"product_tag","embeddable":true,"href":"https:\/\/clair.si\/hr\/wp-json\/wp\/v2\/product_tag?post=102789"}],"curies":[{"name":"wp","href":"https:\/\/api.w.org\/{rel}","templated":true}]}}