{"id":102828,"date":"2022-09-14T13:50:09","date_gmt":"2022-09-14T11:50:09","guid":{"rendered":"https:\/\/clair.si\/izdelek\/martingal-kavalkade-everyday\/"},"modified":"2025-09-24T10:01:32","modified_gmt":"2025-09-24T08:01:32","slug":"martingal-kavalkade-everyday","status":"publish","type":"product","link":"https:\/\/clair.si\/hr\/izdelek\/martingal-kavalkade-everyday\/","title":{"rendered":"Martingal Kavalkade Everyday"},"content":{"rendered":"<p><strong>Martingal Kavalkade Everyday<\/strong> odlikuje se jednostavnim i brzim pristajanjem uz odli\u010dnu udobnost.<\/p>\n<p>Martingal Everyday od <strong>nauljene<\/strong> <strong>ko\u017ee<\/strong> je trito\u010dkovni martingal s bo\u010dnim pri\u010dvr\u0161\u0107ivanjem na sedlo. <strong>Mekana<\/strong> <strong>podloga<\/strong> na grebenu sprje\u010dava trljanje. Dvostruki <strong>elasti\u010dni<\/strong> <strong>umetci<\/strong> du\u017e ramena osiguravaju konju dovoljno slobode za nesmetano kretanje, bez da sedlo sklizne prema natrag. Posebnost je da mo\u017eete <strong>prilagoditi<\/strong> prsni remen na prednjoj strani prsnog ko\u0161a, tako da to vi\u0161e ne morate raditi ispod konjevog trbuha. Ispod se remen pri\u010dvr\u0161\u0107uje malom ko\u017enom om\u010dom ili odvojivim karabinom. Kop\u010de imaju male ko\u017ene jastu\u010di\u0107e.    <\/p>\n<p><strong>\u0160to je nauljena ko\u017ea?<\/strong><br \/>\nNauljena ko\u017ea je biljno \u0161tavljena i ima prirodnu zrnatost. Tijekom postupka \u0161tavljenja obra\u0111uje se visokokvalitetnim uljima, zbog \u010dega je vrlo mekana i otporna na vodu i prljav\u0161tinu. Tako ko\u017ea dugo ostaje fleksibilna, izdr\u017eljiva i jednostavna za njegu.  <\/p>\n<p><strong>Prednosti martingala Kavalkade Everyday:<\/strong><\/p>\n<ul>\n<li>Izra\u0111en od nauljene ko\u017ee<\/li>\n<li>Trito\u010dkovni martingal s bo\u010dnim pri\u010dvr\u0161\u0107ivanjem<\/li>\n<li>Mekano podstavljeno na grebenu<\/li>\n<li>Dvostruki elasti\u010dni umetci du\u017e ramena<\/li>\n<li>Podesivost u 4 smjera<\/li>\n<li>Donje pri\u010dvr\u0161\u0107ivanje remena s malom ko\u017enom om\u010dom ili odvojivim karabinom<\/li>\n<\/ul>\n<p><strong>Upute za njegu:<\/strong><br \/>\nUklonite prljav\u0161tinu krpom i po potrebi obradite odgovaraju\u0107im sredstvima za njegu. Za dugotrajnu uporabu martingal temeljito o\u010distite i pohranite u vre\u0107icu za za\u0161titu od sun\u010deve svjetlosti, pra\u0161ine i vlage. <\/p>\n<p>&nbsp;<\/p>\n<p>&nbsp;<\/p>\n","protected":false},"excerpt":{"rendered":"<p><img loading=\"lazy\" decoding=\"async\" class=\"alignnone wp-image-12781\" src=\"https:\/\/clair.si\/wp-content\/uploads\/2022\/09\/oiled_leather.webp\" alt=\"\" width=\"81\" height=\"81\"><\/p>\n","protected":false},"featured_media":102841,"template":"","meta":{"footnotes":""},"product_brand":[],"product_cat":[5624,5700,5697],"product_tag":[],"class_list":{"0":"post-102828","1":"product","2":"type-product","3":"status-publish","4":"has-post-thumbnail","6":"product_cat-konj-hr","7":"product_cat-martingali-i-prsnjaci","8":"product_cat-uzde-i-dizgini","10":"first","11":"instock","12":"sale","13":"shipping-taxable","14":"purchasable","15":"product-type-variable"},"yoast_head":"<!-- This site is optimized with the Yoast SEO plugin v27.4 - https:\/\/yoast.com\/product\/yoast-seo-wordpress\/ -->\n<title>Martingal Kavalkade Everyday - Clair<\/title>\n<meta name=\"description\" content=\"Martingal Kavalkade Everyday odlikuje se jednostavnim i brzim pristajanjem uz odli\u010dnu udobnost. Trito\u010dkovni martingal od visokokvalitetne ko\u017ee. Provjerite ponudu.\" \/>\n<meta name=\"robots\" content=\"index, follow, max-snippet:-1, max-image-preview:large, max-video-preview:-1\" \/>\n<link rel=\"canonical\" href=\"https:\/\/clair.si\/hr\/izdelek\/martingal-kavalkade-everyday\/\" \/>\n<meta property=\"og:locale\" content=\"hr_HR\" \/>\n<meta property=\"og:type\" content=\"article\" \/>\n<meta property=\"og:title\" content=\"Martingal Kavalkade Everyday - Clair\" \/>\n<meta property=\"og:description\" content=\"Martingal Kavalkade Everyday odlikuje se jednostavnim i brzim pristajanjem uz odli\u010dnu udobnost. Trito\u010dkovni martingal od visokokvalitetne ko\u017ee. Provjerite ponudu.\" \/>\n<meta property=\"og:url\" content=\"https:\/\/clair.si\/hr\/izdelek\/martingal-kavalkade-everyday\/\" \/>\n<meta property=\"og:site_name\" content=\"Clair\" \/>\n<meta property=\"article:publisher\" content=\"https:\/\/www.facebook.com\/TrgovinaClair\/\" \/>\n<meta property=\"article:modified_time\" content=\"2025-09-24T08:01:32+00:00\" \/>\n<meta property=\"og:image\" content=\"https:\/\/clair.si\/wp-content\/uploads\/2022\/09\/16846_04-martingal-predprsnica-kavalkade-everyday.jpg\" \/>\n\t<meta property=\"og:image:width\" content=\"825\" \/>\n\t<meta property=\"og:image:height\" content=\"725\" \/>\n\t<meta property=\"og:image:type\" content=\"image\/jpeg\" \/>\n<meta name=\"twitter:card\" content=\"summary_large_image\" \/>\n<meta name=\"twitter:label1\" content=\"Procijenjeno vrijeme \u010ditanja\" \/>\n\t<meta name=\"twitter:data1\" content=\"1 minuta\" \/>\n<script type=\"application\/ld+json\" class=\"yoast-schema-graph\">{\"@context\":\"https:\\\/\\\/schema.org\",\"@graph\":[{\"@type\":\"WebPage\",\"@id\":\"https:\\\/\\\/clair.si\\\/hr\\\/izdelek\\\/martingal-kavalkade-everyday\\\/\",\"url\":\"https:\\\/\\\/clair.si\\\/hr\\\/izdelek\\\/martingal-kavalkade-everyday\\\/\",\"name\":\"Martingal Kavalkade Everyday - Clair\",\"isPartOf\":{\"@id\":\"https:\\\/\\\/clair.si\\\/#website\"},\"primaryImageOfPage\":{\"@id\":\"https:\\\/\\\/clair.si\\\/hr\\\/izdelek\\\/martingal-kavalkade-everyday\\\/#primaryimage\"},\"image\":{\"@id\":\"https:\\\/\\\/clair.si\\\/hr\\\/izdelek\\\/martingal-kavalkade-everyday\\\/#primaryimage\"},\"thumbnailUrl\":\"https:\\\/\\\/clair.si\\\/wp-content\\\/uploads\\\/2022\\\/09\\\/16846_04-martingal-predprsnica-kavalkade-everyday.webp\",\"datePublished\":\"2022-09-14T11:50:09+00:00\",\"dateModified\":\"2025-09-24T08:01:32+00:00\",\"description\":\"Martingal Kavalkade Everyday odlikuje se jednostavnim i brzim pristajanjem uz odli\u010dnu udobnost. Trito\u010dkovni martingal od visokokvalitetne ko\u017ee. Provjerite ponudu.\",\"breadcrumb\":{\"@id\":\"https:\\\/\\\/clair.si\\\/hr\\\/izdelek\\\/martingal-kavalkade-everyday\\\/#breadcrumb\"},\"inLanguage\":\"hr\",\"potentialAction\":[{\"@type\":\"ReadAction\",\"target\":[\"https:\\\/\\\/clair.si\\\/hr\\\/izdelek\\\/martingal-kavalkade-everyday\\\/\"]}]},{\"@type\":\"ImageObject\",\"inLanguage\":\"hr\",\"@id\":\"https:\\\/\\\/clair.si\\\/hr\\\/izdelek\\\/martingal-kavalkade-everyday\\\/#primaryimage\",\"url\":\"https:\\\/\\\/clair.si\\\/wp-content\\\/uploads\\\/2022\\\/09\\\/16846_04-martingal-predprsnica-kavalkade-everyday.webp\",\"contentUrl\":\"https:\\\/\\\/clair.si\\\/wp-content\\\/uploads\\\/2022\\\/09\\\/16846_04-martingal-predprsnica-kavalkade-everyday.webp\",\"width\":825,\"height\":725,\"caption\":\"Oprsnica in martingal Kavalkade everyday.\"},{\"@type\":\"BreadcrumbList\",\"@id\":\"https:\\\/\\\/clair.si\\\/hr\\\/izdelek\\\/martingal-kavalkade-everyday\\\/#breadcrumb\",\"itemListElement\":[{\"@type\":\"ListItem\",\"position\":1,\"name\":\"Home\",\"item\":\"https:\\\/\\\/clair.si\\\/hr\\\/\"},{\"@type\":\"ListItem\",\"position\":2,\"name\":\"Trgovina\",\"item\":\"https:\\\/\\\/clair.si\\\/trgovina\\\/\"},{\"@type\":\"ListItem\",\"position\":3,\"name\":\"Martingal Kavalkade Everyday\"}]},{\"@type\":\"WebSite\",\"@id\":\"https:\\\/\\\/clair.si\\\/#website\",\"url\":\"https:\\\/\\\/clair.si\\\/\",\"name\":\"Clair\",\"description\":\"Trgovina s konjeni\u0161ko opremo\",\"publisher\":{\"@id\":\"https:\\\/\\\/clair.si\\\/#organization\"},\"potentialAction\":[{\"@type\":\"SearchAction\",\"target\":{\"@type\":\"EntryPoint\",\"urlTemplate\":\"https:\\\/\\\/clair.si\\\/?s={search_term_string}\"},\"query-input\":{\"@type\":\"PropertyValueSpecification\",\"valueRequired\":true,\"valueName\":\"search_term_string\"}}],\"inLanguage\":\"hr\"},{\"@type\":\"Organization\",\"@id\":\"https:\\\/\\\/clair.si\\\/#organization\",\"name\":\"Clair\",\"url\":\"https:\\\/\\\/clair.si\\\/\",\"logo\":{\"@type\":\"ImageObject\",\"inLanguage\":\"hr\",\"@id\":\"https:\\\/\\\/clair.si\\\/#\\\/schema\\\/logo\\\/image\\\/\",\"url\":\"https:\\\/\\\/clair.si\\\/wp-content\\\/uploads\\\/2022\\\/11\\\/clair_logo_2022.jpg\",\"contentUrl\":\"https:\\\/\\\/clair.si\\\/wp-content\\\/uploads\\\/2022\\\/11\\\/clair_logo_2022.jpg\",\"width\":1920,\"height\":1920,\"caption\":\"Clair\"},\"image\":{\"@id\":\"https:\\\/\\\/clair.si\\\/#\\\/schema\\\/logo\\\/image\\\/\"},\"sameAs\":[\"https:\\\/\\\/www.facebook.com\\\/TrgovinaClair\\\/\"]}]}<\/script>\n<!-- \/ Yoast SEO plugin. -->","yoast_head_json":{"title":"Martingal Kavalkade Everyday - Clair","description":"Martingal Kavalkade Everyday odlikuje se jednostavnim i brzim pristajanjem uz odli\u010dnu udobnost. Trito\u010dkovni martingal od visokokvalitetne ko\u017ee. Provjerite ponudu.","robots":{"index":"index","follow":"follow","max-snippet":"max-snippet:-1","max-image-preview":"max-image-preview:large","max-video-preview":"max-video-preview:-1"},"canonical":"https:\/\/clair.si\/hr\/izdelek\/martingal-kavalkade-everyday\/","og_locale":"hr_HR","og_type":"article","og_title":"Martingal Kavalkade Everyday - Clair","og_description":"Martingal Kavalkade Everyday odlikuje se jednostavnim i brzim pristajanjem uz odli\u010dnu udobnost. Trito\u010dkovni martingal od visokokvalitetne ko\u017ee. Provjerite ponudu.","og_url":"https:\/\/clair.si\/hr\/izdelek\/martingal-kavalkade-everyday\/","og_site_name":"Clair","article_publisher":"https:\/\/www.facebook.com\/TrgovinaClair\/","article_modified_time":"2025-09-24T08:01:32+00:00","og_image":[{"width":825,"height":725,"url":"https:\/\/clair.si\/wp-content\/uploads\/2022\/09\/16846_04-martingal-predprsnica-kavalkade-everyday.jpg","type":"image\/jpeg"}],"twitter_card":"summary_large_image","twitter_misc":{"Procijenjeno vrijeme \u010ditanja":"1 minuta"},"schema":{"@context":"https:\/\/schema.org","@graph":[{"@type":"WebPage","@id":"https:\/\/clair.si\/hr\/izdelek\/martingal-kavalkade-everyday\/","url":"https:\/\/clair.si\/hr\/izdelek\/martingal-kavalkade-everyday\/","name":"Martingal Kavalkade Everyday - Clair","isPartOf":{"@id":"https:\/\/clair.si\/#website"},"primaryImageOfPage":{"@id":"https:\/\/clair.si\/hr\/izdelek\/martingal-kavalkade-everyday\/#primaryimage"},"image":{"@id":"https:\/\/clair.si\/hr\/izdelek\/martingal-kavalkade-everyday\/#primaryimage"},"thumbnailUrl":"https:\/\/clair.si\/wp-content\/uploads\/2022\/09\/16846_04-martingal-predprsnica-kavalkade-everyday.webp","datePublished":"2022-09-14T11:50:09+00:00","dateModified":"2025-09-24T08:01:32+00:00","description":"Martingal Kavalkade Everyday odlikuje se jednostavnim i brzim pristajanjem uz odli\u010dnu udobnost. Trito\u010dkovni martingal od visokokvalitetne ko\u017ee. Provjerite ponudu.","breadcrumb":{"@id":"https:\/\/clair.si\/hr\/izdelek\/martingal-kavalkade-everyday\/#breadcrumb"},"inLanguage":"hr","potentialAction":[{"@type":"ReadAction","target":["https:\/\/clair.si\/hr\/izdelek\/martingal-kavalkade-everyday\/"]}]},{"@type":"ImageObject","inLanguage":"hr","@id":"https:\/\/clair.si\/hr\/izdelek\/martingal-kavalkade-everyday\/#primaryimage","url":"https:\/\/clair.si\/wp-content\/uploads\/2022\/09\/16846_04-martingal-predprsnica-kavalkade-everyday.webp","contentUrl":"https:\/\/clair.si\/wp-content\/uploads\/2022\/09\/16846_04-martingal-predprsnica-kavalkade-everyday.webp","width":825,"height":725,"caption":"Oprsnica in martingal Kavalkade everyday."},{"@type":"BreadcrumbList","@id":"https:\/\/clair.si\/hr\/izdelek\/martingal-kavalkade-everyday\/#breadcrumb","itemListElement":[{"@type":"ListItem","position":1,"name":"Home","item":"https:\/\/clair.si\/hr\/"},{"@type":"ListItem","position":2,"name":"Trgovina","item":"https:\/\/clair.si\/trgovina\/"},{"@type":"ListItem","position":3,"name":"Martingal Kavalkade Everyday"}]},{"@type":"WebSite","@id":"https:\/\/clair.si\/#website","url":"https:\/\/clair.si\/","name":"Clair","description":"Trgovina s konjeni\u0161ko opremo","publisher":{"@id":"https:\/\/clair.si\/#organization"},"potentialAction":[{"@type":"SearchAction","target":{"@type":"EntryPoint","urlTemplate":"https:\/\/clair.si\/?s={search_term_string}"},"query-input":{"@type":"PropertyValueSpecification","valueRequired":true,"valueName":"search_term_string"}}],"inLanguage":"hr"},{"@type":"Organization","@id":"https:\/\/clair.si\/#organization","name":"Clair","url":"https:\/\/clair.si\/","logo":{"@type":"ImageObject","inLanguage":"hr","@id":"https:\/\/clair.si\/#\/schema\/logo\/image\/","url":"https:\/\/clair.si\/wp-content\/uploads\/2022\/11\/clair_logo_2022.jpg","contentUrl":"https:\/\/clair.si\/wp-content\/uploads\/2022\/11\/clair_logo_2022.jpg","width":1920,"height":1920,"caption":"Clair"},"image":{"@id":"https:\/\/clair.si\/#\/schema\/logo\/image\/"},"sameAs":["https:\/\/www.facebook.com\/TrgovinaClair\/"]}]}},"_links":{"self":[{"href":"https:\/\/clair.si\/hr\/wp-json\/wp\/v2\/product\/102828","targetHints":{"allow":["GET"]}}],"collection":[{"href":"https:\/\/clair.si\/hr\/wp-json\/wp\/v2\/product"}],"about":[{"href":"https:\/\/clair.si\/hr\/wp-json\/wp\/v2\/types\/product"}],"version-history":[{"count":0,"href":"https:\/\/clair.si\/hr\/wp-json\/wp\/v2\/product\/102828\/revisions"}],"wp:featuredmedia":[{"embeddable":true,"href":"https:\/\/clair.si\/hr\/wp-json\/wp\/v2\/media\/102841"}],"wp:attachment":[{"href":"https:\/\/clair.si\/hr\/wp-json\/wp\/v2\/media?parent=102828"}],"wp:term":[{"taxonomy":"product_brand","embeddable":true,"href":"https:\/\/clair.si\/hr\/wp-json\/wp\/v2\/product_brand?post=102828"},{"taxonomy":"product_cat","embeddable":true,"href":"https:\/\/clair.si\/hr\/wp-json\/wp\/v2\/product_cat?post=102828"},{"taxonomy":"product_tag","embeddable":true,"href":"https:\/\/clair.si\/hr\/wp-json\/wp\/v2\/product_tag?post=102828"}],"curies":[{"name":"wp","href":"https:\/\/api.w.org\/{rel}","templated":true}]}}