{"id":102893,"date":"2022-09-27T00:54:22","date_gmt":"2022-09-26T22:54:22","guid":{"rendered":"https:\/\/clair.si\/izdelek\/pojas-za-sedlo-norton-confort-gel\/"},"modified":"2026-01-05T21:59:37","modified_gmt":"2026-01-05T20:59:37","slug":"kolan-za-sedlo-norton-confort-gel","status":"publish","type":"product","link":"https:\/\/clair.si\/hr\/izdelek\/kolan-za-sedlo-norton-confort-gel\/","title":{"rendered":"Kolan za sedlo Norton Confort Gel"},"content":{"rendered":"<p><strong>Anatomski oblikovan<\/strong> vi\u0161enamjenski kolan <strong>za sedlo Norton Confort Gel.<\/strong> Sredi\u0161nji dio kolan s gelom omogu\u0107uje bolju raspodjelu pritiska preko cijele povr\u0161ine pojasa, <strong>za ve\u0107u udobnost konja.<\/strong> Prsten na sredini kolan za sedlo i polipropilenske trake sa strane omogu\u0107uju jednostavno pri\u010dvr\u0161\u0107ivanje pomo\u0107nih uzdi i drugih sredstava za vje\u017ebanje.<br \/>\nKop\u010de su od poniklanog \u010delika. Na jednoj strani kolan za sedlo su elasti\u010dne trake za jednostavnije pri\u010dvr\u0161\u0107ivanje na sedlo. <strong><br \/>\n<\/strong><\/p>\n","protected":false},"excerpt":{"rendered":"<p>Anatomski oblikovan vi\u0161enamjenski kolan za sedlo Norton Confort Gel. Sredi\u0161nji dio kolan s gelom omogu\u0107uje bolju raspodjelu pritiska preko cijele<\/p>\n","protected":false},"featured_media":102911,"template":"","meta":{"footnotes":""},"product_brand":[],"product_cat":[5818,5624,5819],"product_tag":[],"class_list":{"0":"post-102893","1":"product","2":"type-product","3":"status-publish","4":"has-post-thumbnail","6":"product_cat-kolan","7":"product_cat-konj-hr","8":"product_cat-visenamjenski-kolani","10":"first","11":"instock","12":"sale","13":"shipping-taxable","14":"purchasable","15":"product-type-variable"},"yoast_head":"<!-- This site is optimized with the Yoast SEO plugin v27.4 - https:\/\/yoast.com\/product\/yoast-seo-wordpress\/ -->\n<title>Kolan za sedlo Norton Confort Gel - Clair<\/title>\n<meta name=\"description\" content=\"Vi\u0161enamjenski kolan za sedlo Norton Confort Gel je anatomski oblikovan i podstavljen gelom za smanjenje pritiska na konja. Naru\u010dite brzo, sigurno i povoljno.\" \/>\n<meta name=\"robots\" content=\"index, follow, max-snippet:-1, max-image-preview:large, max-video-preview:-1\" \/>\n<link rel=\"canonical\" href=\"https:\/\/clair.si\/hr\/izdelek\/kolan-za-sedlo-norton-confort-gel\/\" \/>\n<meta property=\"og:locale\" content=\"hr_HR\" \/>\n<meta property=\"og:type\" content=\"article\" \/>\n<meta property=\"og:title\" content=\"Kolan za sedlo Norton Confort Gel - Clair\" \/>\n<meta property=\"og:description\" content=\"Vi\u0161enamjenski kolan za sedlo Norton Confort Gel je anatomski oblikovan i podstavljen gelom za smanjenje pritiska na konja. Naru\u010dite brzo, sigurno i povoljno.\" \/>\n<meta property=\"og:url\" content=\"https:\/\/clair.si\/hr\/izdelek\/kolan-za-sedlo-norton-confort-gel\/\" \/>\n<meta property=\"og:site_name\" content=\"Clair\" \/>\n<meta property=\"article:publisher\" content=\"https:\/\/www.facebook.com\/TrgovinaClair\/\" \/>\n<meta property=\"article:modified_time\" content=\"2026-01-05T20:59:37+00:00\" \/>\n<meta property=\"og:image\" content=\"https:\/\/clair.si\/wp-content\/uploads\/2022\/09\/norton-confort-gel-podsedelni-pas.jpg\" \/>\n\t<meta property=\"og:image:width\" content=\"800\" \/>\n\t<meta property=\"og:image:height\" content=\"800\" \/>\n\t<meta property=\"og:image:type\" content=\"image\/jpeg\" \/>\n<meta name=\"twitter:card\" content=\"summary_large_image\" \/>\n<meta name=\"twitter:label1\" content=\"Procijenjeno vrijeme \u010ditanja\" \/>\n\t<meta name=\"twitter:data1\" content=\"1 minuta\" \/>\n<script type=\"application\/ld+json\" class=\"yoast-schema-graph\">{\"@context\":\"https:\\\/\\\/schema.org\",\"@graph\":[{\"@type\":\"WebPage\",\"@id\":\"https:\\\/\\\/clair.si\\\/hr\\\/izdelek\\\/kolan-za-sedlo-norton-confort-gel\\\/\",\"url\":\"https:\\\/\\\/clair.si\\\/hr\\\/izdelek\\\/kolan-za-sedlo-norton-confort-gel\\\/\",\"name\":\"Kolan za sedlo Norton Confort Gel - Clair\",\"isPartOf\":{\"@id\":\"https:\\\/\\\/clair.si\\\/#website\"},\"primaryImageOfPage\":{\"@id\":\"https:\\\/\\\/clair.si\\\/hr\\\/izdelek\\\/kolan-za-sedlo-norton-confort-gel\\\/#primaryimage\"},\"image\":{\"@id\":\"https:\\\/\\\/clair.si\\\/hr\\\/izdelek\\\/kolan-za-sedlo-norton-confort-gel\\\/#primaryimage\"},\"thumbnailUrl\":\"https:\\\/\\\/clair.si\\\/wp-content\\\/uploads\\\/2022\\\/09\\\/norton-confort-gel-podsedelni-pas.webp\",\"datePublished\":\"2022-09-26T22:54:22+00:00\",\"dateModified\":\"2026-01-05T20:59:37+00:00\",\"description\":\"Vi\u0161enamjenski kolan za sedlo Norton Confort Gel je anatomski oblikovan i podstavljen gelom za smanjenje pritiska na konja. Naru\u010dite brzo, sigurno i povoljno.\",\"breadcrumb\":{\"@id\":\"https:\\\/\\\/clair.si\\\/hr\\\/izdelek\\\/kolan-za-sedlo-norton-confort-gel\\\/#breadcrumb\"},\"inLanguage\":\"hr\",\"potentialAction\":[{\"@type\":\"ReadAction\",\"target\":[\"https:\\\/\\\/clair.si\\\/hr\\\/izdelek\\\/kolan-za-sedlo-norton-confort-gel\\\/\"]}]},{\"@type\":\"ImageObject\",\"inLanguage\":\"hr\",\"@id\":\"https:\\\/\\\/clair.si\\\/hr\\\/izdelek\\\/kolan-za-sedlo-norton-confort-gel\\\/#primaryimage\",\"url\":\"https:\\\/\\\/clair.si\\\/wp-content\\\/uploads\\\/2022\\\/09\\\/norton-confort-gel-podsedelni-pas.webp\",\"contentUrl\":\"https:\\\/\\\/clair.si\\\/wp-content\\\/uploads\\\/2022\\\/09\\\/norton-confort-gel-podsedelni-pas.webp\",\"width\":800,\"height\":800,\"caption\":\"Podsedelni pas Norton Confort gel.\"},{\"@type\":\"BreadcrumbList\",\"@id\":\"https:\\\/\\\/clair.si\\\/hr\\\/izdelek\\\/kolan-za-sedlo-norton-confort-gel\\\/#breadcrumb\",\"itemListElement\":[{\"@type\":\"ListItem\",\"position\":1,\"name\":\"Home\",\"item\":\"https:\\\/\\\/clair.si\\\/hr\\\/\"},{\"@type\":\"ListItem\",\"position\":2,\"name\":\"Trgovina\",\"item\":\"https:\\\/\\\/clair.si\\\/trgovina\\\/\"},{\"@type\":\"ListItem\",\"position\":3,\"name\":\"Kolan za sedlo Norton Confort Gel\"}]},{\"@type\":\"WebSite\",\"@id\":\"https:\\\/\\\/clair.si\\\/#website\",\"url\":\"https:\\\/\\\/clair.si\\\/\",\"name\":\"Clair\",\"description\":\"Trgovina s konjeni\u0161ko opremo\",\"publisher\":{\"@id\":\"https:\\\/\\\/clair.si\\\/#organization\"},\"potentialAction\":[{\"@type\":\"SearchAction\",\"target\":{\"@type\":\"EntryPoint\",\"urlTemplate\":\"https:\\\/\\\/clair.si\\\/?s={search_term_string}\"},\"query-input\":{\"@type\":\"PropertyValueSpecification\",\"valueRequired\":true,\"valueName\":\"search_term_string\"}}],\"inLanguage\":\"hr\"},{\"@type\":\"Organization\",\"@id\":\"https:\\\/\\\/clair.si\\\/#organization\",\"name\":\"Clair\",\"url\":\"https:\\\/\\\/clair.si\\\/\",\"logo\":{\"@type\":\"ImageObject\",\"inLanguage\":\"hr\",\"@id\":\"https:\\\/\\\/clair.si\\\/#\\\/schema\\\/logo\\\/image\\\/\",\"url\":\"https:\\\/\\\/clair.si\\\/wp-content\\\/uploads\\\/2022\\\/11\\\/clair_logo_2022.jpg\",\"contentUrl\":\"https:\\\/\\\/clair.si\\\/wp-content\\\/uploads\\\/2022\\\/11\\\/clair_logo_2022.jpg\",\"width\":1920,\"height\":1920,\"caption\":\"Clair\"},\"image\":{\"@id\":\"https:\\\/\\\/clair.si\\\/#\\\/schema\\\/logo\\\/image\\\/\"},\"sameAs\":[\"https:\\\/\\\/www.facebook.com\\\/TrgovinaClair\\\/\"]}]}<\/script>\n<!-- \/ Yoast SEO plugin. -->","yoast_head_json":{"title":"Kolan za sedlo Norton Confort Gel - Clair","description":"Vi\u0161enamjenski kolan za sedlo Norton Confort Gel je anatomski oblikovan i podstavljen gelom za smanjenje pritiska na konja. Naru\u010dite brzo, sigurno i povoljno.","robots":{"index":"index","follow":"follow","max-snippet":"max-snippet:-1","max-image-preview":"max-image-preview:large","max-video-preview":"max-video-preview:-1"},"canonical":"https:\/\/clair.si\/hr\/izdelek\/kolan-za-sedlo-norton-confort-gel\/","og_locale":"hr_HR","og_type":"article","og_title":"Kolan za sedlo Norton Confort Gel - Clair","og_description":"Vi\u0161enamjenski kolan za sedlo Norton Confort Gel je anatomski oblikovan i podstavljen gelom za smanjenje pritiska na konja. Naru\u010dite brzo, sigurno i povoljno.","og_url":"https:\/\/clair.si\/hr\/izdelek\/kolan-za-sedlo-norton-confort-gel\/","og_site_name":"Clair","article_publisher":"https:\/\/www.facebook.com\/TrgovinaClair\/","article_modified_time":"2026-01-05T20:59:37+00:00","og_image":[{"width":800,"height":800,"url":"https:\/\/clair.si\/wp-content\/uploads\/2022\/09\/norton-confort-gel-podsedelni-pas.jpg","type":"image\/jpeg"}],"twitter_card":"summary_large_image","twitter_misc":{"Procijenjeno vrijeme \u010ditanja":"1 minuta"},"schema":{"@context":"https:\/\/schema.org","@graph":[{"@type":"WebPage","@id":"https:\/\/clair.si\/hr\/izdelek\/kolan-za-sedlo-norton-confort-gel\/","url":"https:\/\/clair.si\/hr\/izdelek\/kolan-za-sedlo-norton-confort-gel\/","name":"Kolan za sedlo Norton Confort Gel - Clair","isPartOf":{"@id":"https:\/\/clair.si\/#website"},"primaryImageOfPage":{"@id":"https:\/\/clair.si\/hr\/izdelek\/kolan-za-sedlo-norton-confort-gel\/#primaryimage"},"image":{"@id":"https:\/\/clair.si\/hr\/izdelek\/kolan-za-sedlo-norton-confort-gel\/#primaryimage"},"thumbnailUrl":"https:\/\/clair.si\/wp-content\/uploads\/2022\/09\/norton-confort-gel-podsedelni-pas.webp","datePublished":"2022-09-26T22:54:22+00:00","dateModified":"2026-01-05T20:59:37+00:00","description":"Vi\u0161enamjenski kolan za sedlo Norton Confort Gel je anatomski oblikovan i podstavljen gelom za smanjenje pritiska na konja. Naru\u010dite brzo, sigurno i povoljno.","breadcrumb":{"@id":"https:\/\/clair.si\/hr\/izdelek\/kolan-za-sedlo-norton-confort-gel\/#breadcrumb"},"inLanguage":"hr","potentialAction":[{"@type":"ReadAction","target":["https:\/\/clair.si\/hr\/izdelek\/kolan-za-sedlo-norton-confort-gel\/"]}]},{"@type":"ImageObject","inLanguage":"hr","@id":"https:\/\/clair.si\/hr\/izdelek\/kolan-za-sedlo-norton-confort-gel\/#primaryimage","url":"https:\/\/clair.si\/wp-content\/uploads\/2022\/09\/norton-confort-gel-podsedelni-pas.webp","contentUrl":"https:\/\/clair.si\/wp-content\/uploads\/2022\/09\/norton-confort-gel-podsedelni-pas.webp","width":800,"height":800,"caption":"Podsedelni pas Norton Confort gel."},{"@type":"BreadcrumbList","@id":"https:\/\/clair.si\/hr\/izdelek\/kolan-za-sedlo-norton-confort-gel\/#breadcrumb","itemListElement":[{"@type":"ListItem","position":1,"name":"Home","item":"https:\/\/clair.si\/hr\/"},{"@type":"ListItem","position":2,"name":"Trgovina","item":"https:\/\/clair.si\/trgovina\/"},{"@type":"ListItem","position":3,"name":"Kolan za sedlo Norton Confort Gel"}]},{"@type":"WebSite","@id":"https:\/\/clair.si\/#website","url":"https:\/\/clair.si\/","name":"Clair","description":"Trgovina s konjeni\u0161ko opremo","publisher":{"@id":"https:\/\/clair.si\/#organization"},"potentialAction":[{"@type":"SearchAction","target":{"@type":"EntryPoint","urlTemplate":"https:\/\/clair.si\/?s={search_term_string}"},"query-input":{"@type":"PropertyValueSpecification","valueRequired":true,"valueName":"search_term_string"}}],"inLanguage":"hr"},{"@type":"Organization","@id":"https:\/\/clair.si\/#organization","name":"Clair","url":"https:\/\/clair.si\/","logo":{"@type":"ImageObject","inLanguage":"hr","@id":"https:\/\/clair.si\/#\/schema\/logo\/image\/","url":"https:\/\/clair.si\/wp-content\/uploads\/2022\/11\/clair_logo_2022.jpg","contentUrl":"https:\/\/clair.si\/wp-content\/uploads\/2022\/11\/clair_logo_2022.jpg","width":1920,"height":1920,"caption":"Clair"},"image":{"@id":"https:\/\/clair.si\/#\/schema\/logo\/image\/"},"sameAs":["https:\/\/www.facebook.com\/TrgovinaClair\/"]}]}},"_links":{"self":[{"href":"https:\/\/clair.si\/hr\/wp-json\/wp\/v2\/product\/102893","targetHints":{"allow":["GET"]}}],"collection":[{"href":"https:\/\/clair.si\/hr\/wp-json\/wp\/v2\/product"}],"about":[{"href":"https:\/\/clair.si\/hr\/wp-json\/wp\/v2\/types\/product"}],"version-history":[{"count":1,"href":"https:\/\/clair.si\/hr\/wp-json\/wp\/v2\/product\/102893\/revisions"}],"predecessor-version":[{"id":115044,"href":"https:\/\/clair.si\/hr\/wp-json\/wp\/v2\/product\/102893\/revisions\/115044"}],"wp:featuredmedia":[{"embeddable":true,"href":"https:\/\/clair.si\/hr\/wp-json\/wp\/v2\/media\/102911"}],"wp:attachment":[{"href":"https:\/\/clair.si\/hr\/wp-json\/wp\/v2\/media?parent=102893"}],"wp:term":[{"taxonomy":"product_brand","embeddable":true,"href":"https:\/\/clair.si\/hr\/wp-json\/wp\/v2\/product_brand?post=102893"},{"taxonomy":"product_cat","embeddable":true,"href":"https:\/\/clair.si\/hr\/wp-json\/wp\/v2\/product_cat?post=102893"},{"taxonomy":"product_tag","embeddable":true,"href":"https:\/\/clair.si\/hr\/wp-json\/wp\/v2\/product_tag?post=102893"}],"curies":[{"name":"wp","href":"https:\/\/api.w.org\/{rel}","templated":true}]}}