{"id":102958,"date":"2022-07-26T18:22:30","date_gmt":"2022-07-26T16:22:30","guid":{"rendered":"https:\/\/clair.si\/izdelek\/zastita-za-stremene-feeling-neoprene\/"},"modified":"2025-09-24T10:26:50","modified_gmt":"2025-09-24T08:26:50","slug":"zastita-za-stremene-feeling-neoprene","status":"publish","type":"product","link":"https:\/\/clair.si\/hr\/izdelek\/zastita-za-stremene-feeling-neoprene\/","title":{"rendered":"Za\u0161tita za stremene Feeling Neoprene"},"content":{"rendered":"<p>Sprije\u010dite da stremeni ogrebu va\u0161e sedlo s neoprenskom za\u0161titom za stremene.<\/p>\n<p><strong>Za\u0161tita za stremene Feeling Neoprene<\/strong> jednostavna je za postavljanje. Jednostavno gurnete stremen u mekanu neoprensku presvlaku i tako za\u0161titite svoje sedlo i stremene od o\u0161te\u0107enja.<br \/>\nMogu se koristiti i tijekom lon\u017eiranja ili transporta. <\/p>\n<p>Prodaju se u paru.<\/p>\n","protected":false},"excerpt":{"rendered":"<p>Sprije\u010dite da stremeni ogrebu va\u0161e sedlo s neoprenskom za\u0161titom za stremene. Za\u0161tita za stremene Feeling Neoprene jednostavna je za postavljanje.<\/p>\n","protected":false},"featured_media":102963,"template":"","meta":{"footnotes":""},"product_brand":[],"product_cat":[5943,5624,5930],"product_tag":[],"class_list":{"0":"post-102958","1":"product","2":"type-product","3":"status-publish","4":"has-post-thumbnail","6":"product_cat-dodaci-za-stremene","7":"product_cat-konj-hr","8":"product_cat-uzengle-i-uzengijski-remeni-remeni","10":"first","11":"instock","12":"sale","13":"shipping-taxable","14":"purchasable","15":"product-type-variable"},"yoast_head":"<!-- This site is optimized with the Yoast SEO plugin v27.4 - https:\/\/yoast.com\/product\/yoast-seo-wordpress\/ -->\n<title>Za\u0161tita za stremene Feeling Neoprene - Clair<\/title>\n<meta name=\"description\" content=\"Sprije\u010dite da stremeni ogrebu va\u0161e sedlo sa za\u0161titom za stremene Feeling Neoprene. Mo\u017eete koristiti i tijekom lon\u017eiranja ili transporta. Provjerite.\" \/>\n<meta name=\"robots\" content=\"index, follow, max-snippet:-1, max-image-preview:large, max-video-preview:-1\" \/>\n<link rel=\"canonical\" href=\"https:\/\/clair.si\/hr\/izdelek\/zastita-za-stremene-feeling-neoprene\/\" \/>\n<meta property=\"og:locale\" content=\"hr_HR\" \/>\n<meta property=\"og:type\" content=\"article\" \/>\n<meta property=\"og:title\" content=\"Za\u0161tita za stremene Feeling Neoprene - Clair\" \/>\n<meta property=\"og:description\" content=\"Sprije\u010dite da stremeni ogrebu va\u0161e sedlo sa za\u0161titom za stremene Feeling Neoprene. Mo\u017eete koristiti i tijekom lon\u017eiranja ili transporta. Provjerite.\" \/>\n<meta property=\"og:url\" content=\"https:\/\/clair.si\/hr\/izdelek\/zastita-za-stremene-feeling-neoprene\/\" \/>\n<meta property=\"og:site_name\" content=\"Clair\" \/>\n<meta property=\"article:publisher\" content=\"https:\/\/www.facebook.com\/TrgovinaClair\/\" \/>\n<meta property=\"article:modified_time\" content=\"2025-09-24T08:26:50+00:00\" \/>\n<meta property=\"og:image\" content=\"https:\/\/clair.si\/wp-content\/uploads\/2022\/07\/zascita-za-stremena-feeling-neoprene.jpg\" \/>\n\t<meta property=\"og:image:width\" content=\"800\" \/>\n\t<meta property=\"og:image:height\" content=\"800\" \/>\n\t<meta property=\"og:image:type\" content=\"image\/jpeg\" \/>\n<meta name=\"twitter:card\" content=\"summary_large_image\" \/>\n<script type=\"application\/ld+json\" class=\"yoast-schema-graph\">{\"@context\":\"https:\\\/\\\/schema.org\",\"@graph\":[{\"@type\":\"WebPage\",\"@id\":\"https:\\\/\\\/clair.si\\\/hr\\\/izdelek\\\/zastita-za-stremene-feeling-neoprene\\\/\",\"url\":\"https:\\\/\\\/clair.si\\\/hr\\\/izdelek\\\/zastita-za-stremene-feeling-neoprene\\\/\",\"name\":\"Za\u0161tita za stremene Feeling Neoprene - Clair\",\"isPartOf\":{\"@id\":\"https:\\\/\\\/clair.si\\\/#website\"},\"primaryImageOfPage\":{\"@id\":\"https:\\\/\\\/clair.si\\\/hr\\\/izdelek\\\/zastita-za-stremene-feeling-neoprene\\\/#primaryimage\"},\"image\":{\"@id\":\"https:\\\/\\\/clair.si\\\/hr\\\/izdelek\\\/zastita-za-stremene-feeling-neoprene\\\/#primaryimage\"},\"thumbnailUrl\":\"https:\\\/\\\/clair.si\\\/wp-content\\\/uploads\\\/2022\\\/07\\\/zascita-za-stremena-feeling-neoprene.webp\",\"datePublished\":\"2022-07-26T16:22:30+00:00\",\"dateModified\":\"2025-09-24T08:26:50+00:00\",\"description\":\"Sprije\u010dite da stremeni ogrebu va\u0161e sedlo sa za\u0161titom za stremene Feeling Neoprene. Mo\u017eete koristiti i tijekom lon\u017eiranja ili transporta. Provjerite.\",\"breadcrumb\":{\"@id\":\"https:\\\/\\\/clair.si\\\/hr\\\/izdelek\\\/zastita-za-stremene-feeling-neoprene\\\/#breadcrumb\"},\"inLanguage\":\"hr\",\"potentialAction\":[{\"@type\":\"ReadAction\",\"target\":[\"https:\\\/\\\/clair.si\\\/hr\\\/izdelek\\\/zastita-za-stremene-feeling-neoprene\\\/\"]}]},{\"@type\":\"ImageObject\",\"inLanguage\":\"hr\",\"@id\":\"https:\\\/\\\/clair.si\\\/hr\\\/izdelek\\\/zastita-za-stremene-feeling-neoprene\\\/#primaryimage\",\"url\":\"https:\\\/\\\/clair.si\\\/wp-content\\\/uploads\\\/2022\\\/07\\\/zascita-za-stremena-feeling-neoprene.webp\",\"contentUrl\":\"https:\\\/\\\/clair.si\\\/wp-content\\\/uploads\\\/2022\\\/07\\\/zascita-za-stremena-feeling-neoprene.webp\",\"width\":800,\"height\":800,\"caption\":\"Za\u0161\u010dita za stremena Feeling neoprene.\"},{\"@type\":\"BreadcrumbList\",\"@id\":\"https:\\\/\\\/clair.si\\\/hr\\\/izdelek\\\/zastita-za-stremene-feeling-neoprene\\\/#breadcrumb\",\"itemListElement\":[{\"@type\":\"ListItem\",\"position\":1,\"name\":\"Home\",\"item\":\"https:\\\/\\\/clair.si\\\/hr\\\/\"},{\"@type\":\"ListItem\",\"position\":2,\"name\":\"Trgovina\",\"item\":\"https:\\\/\\\/clair.si\\\/trgovina\\\/\"},{\"@type\":\"ListItem\",\"position\":3,\"name\":\"Za\u0161tita za stremene Feeling Neoprene\"}]},{\"@type\":\"WebSite\",\"@id\":\"https:\\\/\\\/clair.si\\\/#website\",\"url\":\"https:\\\/\\\/clair.si\\\/\",\"name\":\"Clair\",\"description\":\"Trgovina s konjeni\u0161ko opremo\",\"publisher\":{\"@id\":\"https:\\\/\\\/clair.si\\\/#organization\"},\"potentialAction\":[{\"@type\":\"SearchAction\",\"target\":{\"@type\":\"EntryPoint\",\"urlTemplate\":\"https:\\\/\\\/clair.si\\\/?s={search_term_string}\"},\"query-input\":{\"@type\":\"PropertyValueSpecification\",\"valueRequired\":true,\"valueName\":\"search_term_string\"}}],\"inLanguage\":\"hr\"},{\"@type\":\"Organization\",\"@id\":\"https:\\\/\\\/clair.si\\\/#organization\",\"name\":\"Clair\",\"url\":\"https:\\\/\\\/clair.si\\\/\",\"logo\":{\"@type\":\"ImageObject\",\"inLanguage\":\"hr\",\"@id\":\"https:\\\/\\\/clair.si\\\/#\\\/schema\\\/logo\\\/image\\\/\",\"url\":\"https:\\\/\\\/clair.si\\\/wp-content\\\/uploads\\\/2022\\\/11\\\/clair_logo_2022.jpg\",\"contentUrl\":\"https:\\\/\\\/clair.si\\\/wp-content\\\/uploads\\\/2022\\\/11\\\/clair_logo_2022.jpg\",\"width\":1920,\"height\":1920,\"caption\":\"Clair\"},\"image\":{\"@id\":\"https:\\\/\\\/clair.si\\\/#\\\/schema\\\/logo\\\/image\\\/\"},\"sameAs\":[\"https:\\\/\\\/www.facebook.com\\\/TrgovinaClair\\\/\"]}]}<\/script>\n<!-- \/ Yoast SEO plugin. -->","yoast_head_json":{"title":"Za\u0161tita za stremene Feeling Neoprene - Clair","description":"Sprije\u010dite da stremeni ogrebu va\u0161e sedlo sa za\u0161titom za stremene Feeling Neoprene. Mo\u017eete koristiti i tijekom lon\u017eiranja ili transporta. Provjerite.","robots":{"index":"index","follow":"follow","max-snippet":"max-snippet:-1","max-image-preview":"max-image-preview:large","max-video-preview":"max-video-preview:-1"},"canonical":"https:\/\/clair.si\/hr\/izdelek\/zastita-za-stremene-feeling-neoprene\/","og_locale":"hr_HR","og_type":"article","og_title":"Za\u0161tita za stremene Feeling Neoprene - Clair","og_description":"Sprije\u010dite da stremeni ogrebu va\u0161e sedlo sa za\u0161titom za stremene Feeling Neoprene. Mo\u017eete koristiti i tijekom lon\u017eiranja ili transporta. Provjerite.","og_url":"https:\/\/clair.si\/hr\/izdelek\/zastita-za-stremene-feeling-neoprene\/","og_site_name":"Clair","article_publisher":"https:\/\/www.facebook.com\/TrgovinaClair\/","article_modified_time":"2025-09-24T08:26:50+00:00","og_image":[{"width":800,"height":800,"url":"https:\/\/clair.si\/wp-content\/uploads\/2022\/07\/zascita-za-stremena-feeling-neoprene.jpg","type":"image\/jpeg"}],"twitter_card":"summary_large_image","schema":{"@context":"https:\/\/schema.org","@graph":[{"@type":"WebPage","@id":"https:\/\/clair.si\/hr\/izdelek\/zastita-za-stremene-feeling-neoprene\/","url":"https:\/\/clair.si\/hr\/izdelek\/zastita-za-stremene-feeling-neoprene\/","name":"Za\u0161tita za stremene Feeling Neoprene - Clair","isPartOf":{"@id":"https:\/\/clair.si\/#website"},"primaryImageOfPage":{"@id":"https:\/\/clair.si\/hr\/izdelek\/zastita-za-stremene-feeling-neoprene\/#primaryimage"},"image":{"@id":"https:\/\/clair.si\/hr\/izdelek\/zastita-za-stremene-feeling-neoprene\/#primaryimage"},"thumbnailUrl":"https:\/\/clair.si\/wp-content\/uploads\/2022\/07\/zascita-za-stremena-feeling-neoprene.webp","datePublished":"2022-07-26T16:22:30+00:00","dateModified":"2025-09-24T08:26:50+00:00","description":"Sprije\u010dite da stremeni ogrebu va\u0161e sedlo sa za\u0161titom za stremene Feeling Neoprene. Mo\u017eete koristiti i tijekom lon\u017eiranja ili transporta. Provjerite.","breadcrumb":{"@id":"https:\/\/clair.si\/hr\/izdelek\/zastita-za-stremene-feeling-neoprene\/#breadcrumb"},"inLanguage":"hr","potentialAction":[{"@type":"ReadAction","target":["https:\/\/clair.si\/hr\/izdelek\/zastita-za-stremene-feeling-neoprene\/"]}]},{"@type":"ImageObject","inLanguage":"hr","@id":"https:\/\/clair.si\/hr\/izdelek\/zastita-za-stremene-feeling-neoprene\/#primaryimage","url":"https:\/\/clair.si\/wp-content\/uploads\/2022\/07\/zascita-za-stremena-feeling-neoprene.webp","contentUrl":"https:\/\/clair.si\/wp-content\/uploads\/2022\/07\/zascita-za-stremena-feeling-neoprene.webp","width":800,"height":800,"caption":"Za\u0161\u010dita za stremena Feeling neoprene."},{"@type":"BreadcrumbList","@id":"https:\/\/clair.si\/hr\/izdelek\/zastita-za-stremene-feeling-neoprene\/#breadcrumb","itemListElement":[{"@type":"ListItem","position":1,"name":"Home","item":"https:\/\/clair.si\/hr\/"},{"@type":"ListItem","position":2,"name":"Trgovina","item":"https:\/\/clair.si\/trgovina\/"},{"@type":"ListItem","position":3,"name":"Za\u0161tita za stremene Feeling Neoprene"}]},{"@type":"WebSite","@id":"https:\/\/clair.si\/#website","url":"https:\/\/clair.si\/","name":"Clair","description":"Trgovina s konjeni\u0161ko opremo","publisher":{"@id":"https:\/\/clair.si\/#organization"},"potentialAction":[{"@type":"SearchAction","target":{"@type":"EntryPoint","urlTemplate":"https:\/\/clair.si\/?s={search_term_string}"},"query-input":{"@type":"PropertyValueSpecification","valueRequired":true,"valueName":"search_term_string"}}],"inLanguage":"hr"},{"@type":"Organization","@id":"https:\/\/clair.si\/#organization","name":"Clair","url":"https:\/\/clair.si\/","logo":{"@type":"ImageObject","inLanguage":"hr","@id":"https:\/\/clair.si\/#\/schema\/logo\/image\/","url":"https:\/\/clair.si\/wp-content\/uploads\/2022\/11\/clair_logo_2022.jpg","contentUrl":"https:\/\/clair.si\/wp-content\/uploads\/2022\/11\/clair_logo_2022.jpg","width":1920,"height":1920,"caption":"Clair"},"image":{"@id":"https:\/\/clair.si\/#\/schema\/logo\/image\/"},"sameAs":["https:\/\/www.facebook.com\/TrgovinaClair\/"]}]}},"_links":{"self":[{"href":"https:\/\/clair.si\/hr\/wp-json\/wp\/v2\/product\/102958","targetHints":{"allow":["GET"]}}],"collection":[{"href":"https:\/\/clair.si\/hr\/wp-json\/wp\/v2\/product"}],"about":[{"href":"https:\/\/clair.si\/hr\/wp-json\/wp\/v2\/types\/product"}],"version-history":[{"count":0,"href":"https:\/\/clair.si\/hr\/wp-json\/wp\/v2\/product\/102958\/revisions"}],"wp:featuredmedia":[{"embeddable":true,"href":"https:\/\/clair.si\/hr\/wp-json\/wp\/v2\/media\/102963"}],"wp:attachment":[{"href":"https:\/\/clair.si\/hr\/wp-json\/wp\/v2\/media?parent=102958"}],"wp:term":[{"taxonomy":"product_brand","embeddable":true,"href":"https:\/\/clair.si\/hr\/wp-json\/wp\/v2\/product_brand?post=102958"},{"taxonomy":"product_cat","embeddable":true,"href":"https:\/\/clair.si\/hr\/wp-json\/wp\/v2\/product_cat?post=102958"},{"taxonomy":"product_tag","embeddable":true,"href":"https:\/\/clair.si\/hr\/wp-json\/wp\/v2\/product_tag?post=102958"}],"curies":[{"name":"wp","href":"https:\/\/api.w.org\/{rel}","templated":true}]}}