{"id":102959,"date":"2022-07-26T14:50:08","date_gmt":"2022-07-26T12:50:08","guid":{"rendered":"https:\/\/clair.si\/izdelek\/uzengije-compositi-soft-reflex\/"},"modified":"2025-09-24T10:31:20","modified_gmt":"2025-09-24T08:31:20","slug":"uzengije-compositi-soft-reflex","status":"publish","type":"product","link":"https:\/\/clair.si\/hr\/izdelek\/uzengije-compositi-soft-reflex\/","title":{"rendered":"Uzengije Compositi Soft Reflex"},"content":{"rendered":"<p>\u0160iroka uzengija s amortizerom. <strong>Uzengije Compositi Soft Reflex<\/strong> posebno su dizajnirane <strong>za maksimalnu udobnost.<\/strong><\/p>\n<p>\u0160iroki donji dio uzengije, koji je oja\u010dan staklenim vlaknima, brine se za <strong>ubla\u017eavanje udaraca<\/strong> i naginje se nazad, tako da prati <strong>prirodno kretanje va\u0161e noge<\/strong>. Takav sustav opu\u0161ta napetost u koljenima i zglobovima. <\/p>\n<p><strong>Prednosti uzengija Soft Reflex:<\/strong><\/p>\n<ul>\n<li>Amortizirana (velika udobnost)<\/li>\n<li>\u0160iroki donji dio<\/li>\n<li>Protuklizni donji dio uzengije, oja\u010dan staklenim vlaknima (nije zamjenjiv)<\/li>\n<li>Lagane, stabilne, uravnote\u017eene uzengije<\/li>\n<li>Vrlo kvalitetne uzengije (vla\u010dna \u010dvrsto\u0107a &gt; 700 kg)<\/li>\n<li>Jednostavne za odr\u017eavanje<\/li>\n<li>Otporne na udarce i vlagu i pri niskim temperaturama<\/li>\n<\/ul>\n","protected":false},"excerpt":{"rendered":"<p>\u0160iroka uzengija s amortizerom. Uzengije Compositi Soft Reflex posebno su dizajnirane za maksimalnu udobnost. \u0160iroki donji dio uzengije, koji je<\/p>\n","protected":false},"featured_media":123447,"template":"","meta":{"footnotes":""},"product_brand":[],"product_cat":[5624,5930,6155],"product_tag":[],"class_list":{"0":"post-102959","1":"product","2":"type-product","3":"status-publish","4":"has-post-thumbnail","6":"product_cat-konj-hr","7":"product_cat-uzengle-i-uzengijski-remeni-remeni","8":"product_cat-uzengije","10":"first","11":"instock","12":"shipping-taxable","13":"purchasable","14":"product-type-variable"},"yoast_head":"<!-- This site is optimized with the Yoast SEO plugin v27.3 - https:\/\/yoast.com\/product\/yoast-seo-wordpress\/ -->\n<title>Uzengije Compositi Soft Reflex - Clair<\/title>\n<meta name=\"description\" content=\"Uzengija Compositi Soft Reflex dizajnirana za maksimalnu udobnost. Donji dio uzengije prati prirodno kretanje noge, \u0161to osigurava manje optere\u0107enje za zglobove.\" \/>\n<meta name=\"robots\" content=\"index, follow, max-snippet:-1, max-image-preview:large, max-video-preview:-1\" \/>\n<link rel=\"canonical\" href=\"https:\/\/clair.si\/hr\/izdelek\/uzengije-compositi-soft-reflex\/\" \/>\n<meta property=\"og:locale\" content=\"hr_HR\" \/>\n<meta property=\"og:type\" content=\"article\" \/>\n<meta property=\"og:title\" content=\"Uzengije Compositi Soft Reflex - Clair\" \/>\n<meta property=\"og:description\" content=\"Uzengija Compositi Soft Reflex dizajnirana za maksimalnu udobnost. Donji dio uzengije prati prirodno kretanje noge, \u0161to osigurava manje optere\u0107enje za zglobove.\" \/>\n<meta property=\"og:url\" content=\"https:\/\/clair.si\/hr\/izdelek\/uzengije-compositi-soft-reflex\/\" \/>\n<meta property=\"og:site_name\" content=\"Clair\" \/>\n<meta property=\"article:publisher\" content=\"https:\/\/www.facebook.com\/TrgovinaClair\/\" \/>\n<meta property=\"article:modified_time\" content=\"2025-09-24T08:31:20+00:00\" \/>\n<meta property=\"og:image\" content=\"https:\/\/clair.si\/wp-content\/uploads\/2022\/07\/compositi-soft-reflex-streme-siva.jpg\" \/>\n\t<meta property=\"og:image:width\" content=\"800\" \/>\n\t<meta property=\"og:image:height\" content=\"800\" \/>\n\t<meta property=\"og:image:type\" content=\"image\/jpeg\" \/>\n<meta name=\"twitter:card\" content=\"summary_large_image\" \/>\n<script type=\"application\/ld+json\" class=\"yoast-schema-graph\">{\"@context\":\"https:\\\/\\\/schema.org\",\"@graph\":[{\"@type\":\"WebPage\",\"@id\":\"https:\\\/\\\/clair.si\\\/hr\\\/izdelek\\\/uzengije-compositi-soft-reflex\\\/\",\"url\":\"https:\\\/\\\/clair.si\\\/hr\\\/izdelek\\\/uzengije-compositi-soft-reflex\\\/\",\"name\":\"Uzengije Compositi Soft Reflex - Clair\",\"isPartOf\":{\"@id\":\"https:\\\/\\\/clair.si\\\/#website\"},\"primaryImageOfPage\":{\"@id\":\"https:\\\/\\\/clair.si\\\/hr\\\/izdelek\\\/uzengije-compositi-soft-reflex\\\/#primaryimage\"},\"image\":{\"@id\":\"https:\\\/\\\/clair.si\\\/hr\\\/izdelek\\\/uzengije-compositi-soft-reflex\\\/#primaryimage\"},\"thumbnailUrl\":\"https:\\\/\\\/clair.si\\\/wp-content\\\/uploads\\\/2025\\\/12\\\/compositi-soft-reflex-stirrups.webp\",\"datePublished\":\"2022-07-26T12:50:08+00:00\",\"dateModified\":\"2025-09-24T08:31:20+00:00\",\"description\":\"Uzengija Compositi Soft Reflex dizajnirana za maksimalnu udobnost. Donji dio uzengije prati prirodno kretanje noge, \u0161to osigurava manje optere\u0107enje za zglobove.\",\"breadcrumb\":{\"@id\":\"https:\\\/\\\/clair.si\\\/hr\\\/izdelek\\\/uzengije-compositi-soft-reflex\\\/#breadcrumb\"},\"inLanguage\":\"hr\",\"potentialAction\":[{\"@type\":\"ReadAction\",\"target\":[\"https:\\\/\\\/clair.si\\\/hr\\\/izdelek\\\/uzengije-compositi-soft-reflex\\\/\"]}]},{\"@type\":\"ImageObject\",\"inLanguage\":\"hr\",\"@id\":\"https:\\\/\\\/clair.si\\\/hr\\\/izdelek\\\/uzengije-compositi-soft-reflex\\\/#primaryimage\",\"url\":\"https:\\\/\\\/clair.si\\\/wp-content\\\/uploads\\\/2025\\\/12\\\/compositi-soft-reflex-stirrups.webp\",\"contentUrl\":\"https:\\\/\\\/clair.si\\\/wp-content\\\/uploads\\\/2025\\\/12\\\/compositi-soft-reflex-stirrups.webp\",\"width\":800,\"height\":800},{\"@type\":\"BreadcrumbList\",\"@id\":\"https:\\\/\\\/clair.si\\\/hr\\\/izdelek\\\/uzengije-compositi-soft-reflex\\\/#breadcrumb\",\"itemListElement\":[{\"@type\":\"ListItem\",\"position\":1,\"name\":\"Home\",\"item\":\"https:\\\/\\\/clair.si\\\/hr\\\/\"},{\"@type\":\"ListItem\",\"position\":2,\"name\":\"Trgovina\",\"item\":\"https:\\\/\\\/clair.si\\\/trgovina\\\/\"},{\"@type\":\"ListItem\",\"position\":3,\"name\":\"Uzengije Compositi Soft Reflex\"}]},{\"@type\":\"WebSite\",\"@id\":\"https:\\\/\\\/clair.si\\\/#website\",\"url\":\"https:\\\/\\\/clair.si\\\/\",\"name\":\"Clair\",\"description\":\"Trgovina s konjeni\u0161ko opremo\",\"publisher\":{\"@id\":\"https:\\\/\\\/clair.si\\\/#organization\"},\"potentialAction\":[{\"@type\":\"SearchAction\",\"target\":{\"@type\":\"EntryPoint\",\"urlTemplate\":\"https:\\\/\\\/clair.si\\\/?s={search_term_string}\"},\"query-input\":{\"@type\":\"PropertyValueSpecification\",\"valueRequired\":true,\"valueName\":\"search_term_string\"}}],\"inLanguage\":\"hr\"},{\"@type\":\"Organization\",\"@id\":\"https:\\\/\\\/clair.si\\\/#organization\",\"name\":\"Clair\",\"url\":\"https:\\\/\\\/clair.si\\\/\",\"logo\":{\"@type\":\"ImageObject\",\"inLanguage\":\"hr\",\"@id\":\"https:\\\/\\\/clair.si\\\/#\\\/schema\\\/logo\\\/image\\\/\",\"url\":\"https:\\\/\\\/clair.si\\\/wp-content\\\/uploads\\\/2022\\\/11\\\/clair_logo_2022.jpg\",\"contentUrl\":\"https:\\\/\\\/clair.si\\\/wp-content\\\/uploads\\\/2022\\\/11\\\/clair_logo_2022.jpg\",\"width\":1920,\"height\":1920,\"caption\":\"Clair\"},\"image\":{\"@id\":\"https:\\\/\\\/clair.si\\\/#\\\/schema\\\/logo\\\/image\\\/\"},\"sameAs\":[\"https:\\\/\\\/www.facebook.com\\\/TrgovinaClair\\\/\"]}]}<\/script>\n<!-- \/ Yoast SEO plugin. -->","yoast_head_json":{"title":"Uzengije Compositi Soft Reflex - Clair","description":"Uzengija Compositi Soft Reflex dizajnirana za maksimalnu udobnost. Donji dio uzengije prati prirodno kretanje noge, \u0161to osigurava manje optere\u0107enje za zglobove.","robots":{"index":"index","follow":"follow","max-snippet":"max-snippet:-1","max-image-preview":"max-image-preview:large","max-video-preview":"max-video-preview:-1"},"canonical":"https:\/\/clair.si\/hr\/izdelek\/uzengije-compositi-soft-reflex\/","og_locale":"hr_HR","og_type":"article","og_title":"Uzengije Compositi Soft Reflex - Clair","og_description":"Uzengija Compositi Soft Reflex dizajnirana za maksimalnu udobnost. Donji dio uzengije prati prirodno kretanje noge, \u0161to osigurava manje optere\u0107enje za zglobove.","og_url":"https:\/\/clair.si\/hr\/izdelek\/uzengije-compositi-soft-reflex\/","og_site_name":"Clair","article_publisher":"https:\/\/www.facebook.com\/TrgovinaClair\/","article_modified_time":"2025-09-24T08:31:20+00:00","og_image":[{"width":800,"height":800,"url":"https:\/\/clair.si\/wp-content\/uploads\/2022\/07\/compositi-soft-reflex-streme-siva.jpg","type":"image\/jpeg"}],"twitter_card":"summary_large_image","schema":{"@context":"https:\/\/schema.org","@graph":[{"@type":"WebPage","@id":"https:\/\/clair.si\/hr\/izdelek\/uzengije-compositi-soft-reflex\/","url":"https:\/\/clair.si\/hr\/izdelek\/uzengije-compositi-soft-reflex\/","name":"Uzengije Compositi Soft Reflex - Clair","isPartOf":{"@id":"https:\/\/clair.si\/#website"},"primaryImageOfPage":{"@id":"https:\/\/clair.si\/hr\/izdelek\/uzengije-compositi-soft-reflex\/#primaryimage"},"image":{"@id":"https:\/\/clair.si\/hr\/izdelek\/uzengije-compositi-soft-reflex\/#primaryimage"},"thumbnailUrl":"https:\/\/clair.si\/wp-content\/uploads\/2025\/12\/compositi-soft-reflex-stirrups.webp","datePublished":"2022-07-26T12:50:08+00:00","dateModified":"2025-09-24T08:31:20+00:00","description":"Uzengija Compositi Soft Reflex dizajnirana za maksimalnu udobnost. Donji dio uzengije prati prirodno kretanje noge, \u0161to osigurava manje optere\u0107enje za zglobove.","breadcrumb":{"@id":"https:\/\/clair.si\/hr\/izdelek\/uzengije-compositi-soft-reflex\/#breadcrumb"},"inLanguage":"hr","potentialAction":[{"@type":"ReadAction","target":["https:\/\/clair.si\/hr\/izdelek\/uzengije-compositi-soft-reflex\/"]}]},{"@type":"ImageObject","inLanguage":"hr","@id":"https:\/\/clair.si\/hr\/izdelek\/uzengije-compositi-soft-reflex\/#primaryimage","url":"https:\/\/clair.si\/wp-content\/uploads\/2025\/12\/compositi-soft-reflex-stirrups.webp","contentUrl":"https:\/\/clair.si\/wp-content\/uploads\/2025\/12\/compositi-soft-reflex-stirrups.webp","width":800,"height":800},{"@type":"BreadcrumbList","@id":"https:\/\/clair.si\/hr\/izdelek\/uzengije-compositi-soft-reflex\/#breadcrumb","itemListElement":[{"@type":"ListItem","position":1,"name":"Home","item":"https:\/\/clair.si\/hr\/"},{"@type":"ListItem","position":2,"name":"Trgovina","item":"https:\/\/clair.si\/trgovina\/"},{"@type":"ListItem","position":3,"name":"Uzengije Compositi Soft Reflex"}]},{"@type":"WebSite","@id":"https:\/\/clair.si\/#website","url":"https:\/\/clair.si\/","name":"Clair","description":"Trgovina s konjeni\u0161ko opremo","publisher":{"@id":"https:\/\/clair.si\/#organization"},"potentialAction":[{"@type":"SearchAction","target":{"@type":"EntryPoint","urlTemplate":"https:\/\/clair.si\/?s={search_term_string}"},"query-input":{"@type":"PropertyValueSpecification","valueRequired":true,"valueName":"search_term_string"}}],"inLanguage":"hr"},{"@type":"Organization","@id":"https:\/\/clair.si\/#organization","name":"Clair","url":"https:\/\/clair.si\/","logo":{"@type":"ImageObject","inLanguage":"hr","@id":"https:\/\/clair.si\/#\/schema\/logo\/image\/","url":"https:\/\/clair.si\/wp-content\/uploads\/2022\/11\/clair_logo_2022.jpg","contentUrl":"https:\/\/clair.si\/wp-content\/uploads\/2022\/11\/clair_logo_2022.jpg","width":1920,"height":1920,"caption":"Clair"},"image":{"@id":"https:\/\/clair.si\/#\/schema\/logo\/image\/"},"sameAs":["https:\/\/www.facebook.com\/TrgovinaClair\/"]}]}},"_links":{"self":[{"href":"https:\/\/clair.si\/hr\/wp-json\/wp\/v2\/product\/102959","targetHints":{"allow":["GET"]}}],"collection":[{"href":"https:\/\/clair.si\/hr\/wp-json\/wp\/v2\/product"}],"about":[{"href":"https:\/\/clair.si\/hr\/wp-json\/wp\/v2\/types\/product"}],"version-history":[{"count":0,"href":"https:\/\/clair.si\/hr\/wp-json\/wp\/v2\/product\/102959\/revisions"}],"wp:featuredmedia":[{"embeddable":true,"href":"https:\/\/clair.si\/hr\/wp-json\/wp\/v2\/media\/123447"}],"wp:attachment":[{"href":"https:\/\/clair.si\/hr\/wp-json\/wp\/v2\/media?parent=102959"}],"wp:term":[{"taxonomy":"product_brand","embeddable":true,"href":"https:\/\/clair.si\/hr\/wp-json\/wp\/v2\/product_brand?post=102959"},{"taxonomy":"product_cat","embeddable":true,"href":"https:\/\/clair.si\/hr\/wp-json\/wp\/v2\/product_cat?post=102959"},{"taxonomy":"product_tag","embeddable":true,"href":"https:\/\/clair.si\/hr\/wp-json\/wp\/v2\/product_tag?post=102959"}],"curies":[{"name":"wp","href":"https:\/\/api.w.org\/{rel}","templated":true}]}}