{"id":103020,"date":"2022-07-26T11:26:24","date_gmt":"2022-07-26T09:26:24","guid":{"rendered":"https:\/\/clair.si\/izdelek\/kolut-za-namatanje-trake-ili-zice\/"},"modified":"2025-08-28T06:39:18","modified_gmt":"2025-08-28T04:39:18","slug":"kolut-za-namatanje-trake-ili-zice","status":"publish","type":"product","link":"https:\/\/clair.si\/hr\/izdelek\/kolut-za-namatanje-trake-ili-zice\/","title":{"rendered":"Kolut za namatanje trake ili \u017eice"},"content":{"rendered":"<p><strong>Kolut za namatanje trake ili \u017eice Horizont<\/strong> se koristi za lak\u0161e odmatanje i namatanje.<\/p>\n<p>Omogu\u0107uje namatanje do <strong>2000 m du\u017eine \u017eice i 750 m du\u017eine trake.<\/strong><\/p>\n<p>Ima prakti\u010dnu za\u0161titu za jednostavno zaustavljanje rada, plasti\u010dnu ru\u010dku i konusnu osovinu, koja slu\u017ei kao vodilica pri namatanju trake ili \u017eice.<\/p>\n<p>Izra\u0111en je od izdr\u017eljive plastike.<\/p>\n<p>Pri kupnji koluta preporu\u010damo i dr\u017ea\u010d za kolut (br. proizvoda 1019020).<\/p>\n","protected":false},"excerpt":{"rendered":"<p>Kolut za namatanje trake ili \u017eice Horizont se koristi za lak\u0161e odmatanje i namatanje. Omogu\u0107uje namatanje do 2000 m du\u017eine<\/p>\n","protected":false},"featured_media":103022,"template":"","meta":{"footnotes":""},"product_brand":[],"product_cat":[6591,5820,5821,5627],"product_tag":[],"class_list":{"0":"post-103020","1":"product","2":"type-product","3":"status-publish","4":"has-post-thumbnail","6":"product_cat-namatalice-traka-i-zica","7":"product_cat-oprema-za-pasnjake","8":"product_cat-ostala-oprema-za-pasnjake","9":"product_cat-stala-i-pasnjak","11":"first","12":"instock","13":"sale","14":"shipping-taxable","15":"purchasable","16":"product-type-simple"},"yoast_head":"<!-- This site is optimized with the Yoast SEO plugin v27.4 - https:\/\/yoast.com\/product\/yoast-seo-wordpress\/ -->\n<title>Kolut za namatanje trake ili \u017eice - Clair<\/title>\n<meta name=\"description\" content=\"Kolut za namatanje trake ili \u017eice je prakti\u010dan za odmatanje i namatanje \u017eice ili trake. Provjerite ponudu u web trgovini.\" \/>\n<meta name=\"robots\" content=\"index, follow, max-snippet:-1, max-image-preview:large, max-video-preview:-1\" \/>\n<link rel=\"canonical\" href=\"https:\/\/clair.si\/hr\/izdelek\/kolut-za-namatanje-trake-ili-zice\/\" \/>\n<meta property=\"og:locale\" content=\"hr_HR\" \/>\n<meta property=\"og:type\" content=\"article\" \/>\n<meta property=\"og:title\" content=\"Kolut za namatanje trake ili \u017eice - Clair\" \/>\n<meta property=\"og:description\" content=\"Kolut za namatanje trake ili \u017eice je prakti\u010dan za odmatanje i namatanje \u017eice ili trake. Provjerite ponudu u web trgovini.\" \/>\n<meta property=\"og:url\" content=\"https:\/\/clair.si\/hr\/izdelek\/kolut-za-namatanje-trake-ili-zice\/\" \/>\n<meta property=\"og:site_name\" content=\"Clair\" \/>\n<meta property=\"article:publisher\" content=\"https:\/\/www.facebook.com\/TrgovinaClair\/\" \/>\n<meta property=\"article:modified_time\" content=\"2025-08-28T04:39:18+00:00\" \/>\n<meta property=\"og:image\" content=\"https:\/\/clair.si\/wp-content\/uploads\/2022\/07\/NAVIJALEC-ZICE-kolut-1019021_1.jpeg\" \/>\n\t<meta property=\"og:image:width\" content=\"600\" \/>\n\t<meta property=\"og:image:height\" content=\"600\" \/>\n\t<meta property=\"og:image:type\" content=\"image\/jpeg\" \/>\n<meta name=\"twitter:card\" content=\"summary_large_image\" \/>\n<script type=\"application\/ld+json\" class=\"yoast-schema-graph\">{\"@context\":\"https:\\\/\\\/schema.org\",\"@graph\":[{\"@type\":\"WebPage\",\"@id\":\"https:\\\/\\\/clair.si\\\/hr\\\/izdelek\\\/kolut-za-namatanje-trake-ili-zice\\\/\",\"url\":\"https:\\\/\\\/clair.si\\\/hr\\\/izdelek\\\/kolut-za-namatanje-trake-ili-zice\\\/\",\"name\":\"Kolut za namatanje trake ili \u017eice - Clair\",\"isPartOf\":{\"@id\":\"https:\\\/\\\/clair.si\\\/#website\"},\"primaryImageOfPage\":{\"@id\":\"https:\\\/\\\/clair.si\\\/hr\\\/izdelek\\\/kolut-za-namatanje-trake-ili-zice\\\/#primaryimage\"},\"image\":{\"@id\":\"https:\\\/\\\/clair.si\\\/hr\\\/izdelek\\\/kolut-za-namatanje-trake-ili-zice\\\/#primaryimage\"},\"thumbnailUrl\":\"https:\\\/\\\/clair.si\\\/wp-content\\\/uploads\\\/2022\\\/07\\\/NAVIJALEC-ZICE-kolut-1019021_1.webp\",\"datePublished\":\"2022-07-26T09:26:24+00:00\",\"dateModified\":\"2025-08-28T04:39:18+00:00\",\"description\":\"Kolut za namatanje trake ili \u017eice je prakti\u010dan za odmatanje i namatanje \u017eice ili trake. Provjerite ponudu u web trgovini.\",\"breadcrumb\":{\"@id\":\"https:\\\/\\\/clair.si\\\/hr\\\/izdelek\\\/kolut-za-namatanje-trake-ili-zice\\\/#breadcrumb\"},\"inLanguage\":\"hr\",\"potentialAction\":[{\"@type\":\"ReadAction\",\"target\":[\"https:\\\/\\\/clair.si\\\/hr\\\/izdelek\\\/kolut-za-namatanje-trake-ili-zice\\\/\"]}]},{\"@type\":\"ImageObject\",\"inLanguage\":\"hr\",\"@id\":\"https:\\\/\\\/clair.si\\\/hr\\\/izdelek\\\/kolut-za-namatanje-trake-ili-zice\\\/#primaryimage\",\"url\":\"https:\\\/\\\/clair.si\\\/wp-content\\\/uploads\\\/2022\\\/07\\\/NAVIJALEC-ZICE-kolut-1019021_1.webp\",\"contentUrl\":\"https:\\\/\\\/clair.si\\\/wp-content\\\/uploads\\\/2022\\\/07\\\/NAVIJALEC-ZICE-kolut-1019021_1.webp\",\"width\":600,\"height\":600,\"caption\":\"Kolut za navijanje \u017eice in traku\"},{\"@type\":\"BreadcrumbList\",\"@id\":\"https:\\\/\\\/clair.si\\\/hr\\\/izdelek\\\/kolut-za-namatanje-trake-ili-zice\\\/#breadcrumb\",\"itemListElement\":[{\"@type\":\"ListItem\",\"position\":1,\"name\":\"Home\",\"item\":\"https:\\\/\\\/clair.si\\\/hr\\\/\"},{\"@type\":\"ListItem\",\"position\":2,\"name\":\"Trgovina\",\"item\":\"https:\\\/\\\/clair.si\\\/trgovina\\\/\"},{\"@type\":\"ListItem\",\"position\":3,\"name\":\"Kolut za namatanje trake ili \u017eice\"}]},{\"@type\":\"WebSite\",\"@id\":\"https:\\\/\\\/clair.si\\\/#website\",\"url\":\"https:\\\/\\\/clair.si\\\/\",\"name\":\"Clair\",\"description\":\"Trgovina s konjeni\u0161ko opremo\",\"publisher\":{\"@id\":\"https:\\\/\\\/clair.si\\\/#organization\"},\"potentialAction\":[{\"@type\":\"SearchAction\",\"target\":{\"@type\":\"EntryPoint\",\"urlTemplate\":\"https:\\\/\\\/clair.si\\\/?s={search_term_string}\"},\"query-input\":{\"@type\":\"PropertyValueSpecification\",\"valueRequired\":true,\"valueName\":\"search_term_string\"}}],\"inLanguage\":\"hr\"},{\"@type\":\"Organization\",\"@id\":\"https:\\\/\\\/clair.si\\\/#organization\",\"name\":\"Clair\",\"url\":\"https:\\\/\\\/clair.si\\\/\",\"logo\":{\"@type\":\"ImageObject\",\"inLanguage\":\"hr\",\"@id\":\"https:\\\/\\\/clair.si\\\/#\\\/schema\\\/logo\\\/image\\\/\",\"url\":\"https:\\\/\\\/clair.si\\\/wp-content\\\/uploads\\\/2022\\\/11\\\/clair_logo_2022.jpg\",\"contentUrl\":\"https:\\\/\\\/clair.si\\\/wp-content\\\/uploads\\\/2022\\\/11\\\/clair_logo_2022.jpg\",\"width\":1920,\"height\":1920,\"caption\":\"Clair\"},\"image\":{\"@id\":\"https:\\\/\\\/clair.si\\\/#\\\/schema\\\/logo\\\/image\\\/\"},\"sameAs\":[\"https:\\\/\\\/www.facebook.com\\\/TrgovinaClair\\\/\"]}]}<\/script>\n<!-- \/ Yoast SEO plugin. -->","yoast_head_json":{"title":"Kolut za namatanje trake ili \u017eice - Clair","description":"Kolut za namatanje trake ili \u017eice je prakti\u010dan za odmatanje i namatanje \u017eice ili trake. Provjerite ponudu u web trgovini.","robots":{"index":"index","follow":"follow","max-snippet":"max-snippet:-1","max-image-preview":"max-image-preview:large","max-video-preview":"max-video-preview:-1"},"canonical":"https:\/\/clair.si\/hr\/izdelek\/kolut-za-namatanje-trake-ili-zice\/","og_locale":"hr_HR","og_type":"article","og_title":"Kolut za namatanje trake ili \u017eice - Clair","og_description":"Kolut za namatanje trake ili \u017eice je prakti\u010dan za odmatanje i namatanje \u017eice ili trake. Provjerite ponudu u web trgovini.","og_url":"https:\/\/clair.si\/hr\/izdelek\/kolut-za-namatanje-trake-ili-zice\/","og_site_name":"Clair","article_publisher":"https:\/\/www.facebook.com\/TrgovinaClair\/","article_modified_time":"2025-08-28T04:39:18+00:00","og_image":[{"width":600,"height":600,"url":"https:\/\/clair.si\/wp-content\/uploads\/2022\/07\/NAVIJALEC-ZICE-kolut-1019021_1.jpeg","type":"image\/jpeg"}],"twitter_card":"summary_large_image","schema":{"@context":"https:\/\/schema.org","@graph":[{"@type":"WebPage","@id":"https:\/\/clair.si\/hr\/izdelek\/kolut-za-namatanje-trake-ili-zice\/","url":"https:\/\/clair.si\/hr\/izdelek\/kolut-za-namatanje-trake-ili-zice\/","name":"Kolut za namatanje trake ili \u017eice - Clair","isPartOf":{"@id":"https:\/\/clair.si\/#website"},"primaryImageOfPage":{"@id":"https:\/\/clair.si\/hr\/izdelek\/kolut-za-namatanje-trake-ili-zice\/#primaryimage"},"image":{"@id":"https:\/\/clair.si\/hr\/izdelek\/kolut-za-namatanje-trake-ili-zice\/#primaryimage"},"thumbnailUrl":"https:\/\/clair.si\/wp-content\/uploads\/2022\/07\/NAVIJALEC-ZICE-kolut-1019021_1.webp","datePublished":"2022-07-26T09:26:24+00:00","dateModified":"2025-08-28T04:39:18+00:00","description":"Kolut za namatanje trake ili \u017eice je prakti\u010dan za odmatanje i namatanje \u017eice ili trake. Provjerite ponudu u web trgovini.","breadcrumb":{"@id":"https:\/\/clair.si\/hr\/izdelek\/kolut-za-namatanje-trake-ili-zice\/#breadcrumb"},"inLanguage":"hr","potentialAction":[{"@type":"ReadAction","target":["https:\/\/clair.si\/hr\/izdelek\/kolut-za-namatanje-trake-ili-zice\/"]}]},{"@type":"ImageObject","inLanguage":"hr","@id":"https:\/\/clair.si\/hr\/izdelek\/kolut-za-namatanje-trake-ili-zice\/#primaryimage","url":"https:\/\/clair.si\/wp-content\/uploads\/2022\/07\/NAVIJALEC-ZICE-kolut-1019021_1.webp","contentUrl":"https:\/\/clair.si\/wp-content\/uploads\/2022\/07\/NAVIJALEC-ZICE-kolut-1019021_1.webp","width":600,"height":600,"caption":"Kolut za navijanje \u017eice in traku"},{"@type":"BreadcrumbList","@id":"https:\/\/clair.si\/hr\/izdelek\/kolut-za-namatanje-trake-ili-zice\/#breadcrumb","itemListElement":[{"@type":"ListItem","position":1,"name":"Home","item":"https:\/\/clair.si\/hr\/"},{"@type":"ListItem","position":2,"name":"Trgovina","item":"https:\/\/clair.si\/trgovina\/"},{"@type":"ListItem","position":3,"name":"Kolut za namatanje trake ili \u017eice"}]},{"@type":"WebSite","@id":"https:\/\/clair.si\/#website","url":"https:\/\/clair.si\/","name":"Clair","description":"Trgovina s konjeni\u0161ko opremo","publisher":{"@id":"https:\/\/clair.si\/#organization"},"potentialAction":[{"@type":"SearchAction","target":{"@type":"EntryPoint","urlTemplate":"https:\/\/clair.si\/?s={search_term_string}"},"query-input":{"@type":"PropertyValueSpecification","valueRequired":true,"valueName":"search_term_string"}}],"inLanguage":"hr"},{"@type":"Organization","@id":"https:\/\/clair.si\/#organization","name":"Clair","url":"https:\/\/clair.si\/","logo":{"@type":"ImageObject","inLanguage":"hr","@id":"https:\/\/clair.si\/#\/schema\/logo\/image\/","url":"https:\/\/clair.si\/wp-content\/uploads\/2022\/11\/clair_logo_2022.jpg","contentUrl":"https:\/\/clair.si\/wp-content\/uploads\/2022\/11\/clair_logo_2022.jpg","width":1920,"height":1920,"caption":"Clair"},"image":{"@id":"https:\/\/clair.si\/#\/schema\/logo\/image\/"},"sameAs":["https:\/\/www.facebook.com\/TrgovinaClair\/"]}]}},"_links":{"self":[{"href":"https:\/\/clair.si\/hr\/wp-json\/wp\/v2\/product\/103020","targetHints":{"allow":["GET"]}}],"collection":[{"href":"https:\/\/clair.si\/hr\/wp-json\/wp\/v2\/product"}],"about":[{"href":"https:\/\/clair.si\/hr\/wp-json\/wp\/v2\/types\/product"}],"version-history":[{"count":0,"href":"https:\/\/clair.si\/hr\/wp-json\/wp\/v2\/product\/103020\/revisions"}],"wp:featuredmedia":[{"embeddable":true,"href":"https:\/\/clair.si\/hr\/wp-json\/wp\/v2\/media\/103022"}],"wp:attachment":[{"href":"https:\/\/clair.si\/hr\/wp-json\/wp\/v2\/media?parent=103020"}],"wp:term":[{"taxonomy":"product_brand","embeddable":true,"href":"https:\/\/clair.si\/hr\/wp-json\/wp\/v2\/product_brand?post=103020"},{"taxonomy":"product_cat","embeddable":true,"href":"https:\/\/clair.si\/hr\/wp-json\/wp\/v2\/product_cat?post=103020"},{"taxonomy":"product_tag","embeddable":true,"href":"https:\/\/clair.si\/hr\/wp-json\/wp\/v2\/product_tag?post=103020"}],"curies":[{"name":"wp","href":"https:\/\/api.w.org\/{rel}","templated":true}]}}