{"id":103035,"date":"2022-07-26T10:28:43","date_gmt":"2022-07-26T08:28:43","guid":{"rendered":"https:\/\/clair.si\/izdelek\/digitalni-mjerac-napona-ranger\/"},"modified":"2025-08-28T06:39:18","modified_gmt":"2025-08-28T04:39:18","slug":"digitalni-mjerac-napona-ranger","status":"publish","type":"product","link":"https:\/\/clair.si\/hr\/izdelek\/digitalni-mjerac-napona-ranger\/","title":{"rendered":"Digitalni mjera\u010d napona Ranger"},"content":{"rendered":"<p><strong>Mjera\u010d napona Ranger<\/strong> Horizont se koristi za <strong>provjeru rada elektri\u010dnog pastira<\/strong> te mjerenje napona u ogradi.<\/p>\n<p>Na digitalnom mjera\u010du je metalni kontaktni dio koji se pritisne na \u017eicu ili traku i tako osigurava <strong>optimalan kontakt.<\/strong><\/p>\n<p>Uzemljiva\u010dka sonda se gurne u zemlju.<\/p>\n<p>Prednosti mjera\u010da napona su:<\/p>\n<ul>\n<li><strong>Precizno o\u010ditavanje<\/strong> pomo\u0107u digitalnog ispisa napona<\/li>\n<li>Ure\u0111aj se uklju\u010duje automatski pri dodiru elektri\u010dne ograde<\/li>\n<li>Ne klizaju\u0107a izolacija ku\u0107i\u0161ta na uzemljiva\u010dkoj sondi za osiguravanje sigurnosti<\/li>\n<li>Dodatna za\u0161tita za sprje\u010davanje \u0161tete na mjera\u010du pri neuporabi s namatanjem kabela oko mjera\u010da napona<\/li>\n<li>Radi na bateriju (prilo\u017eena).<\/li>\n<\/ul>\n","protected":false},"excerpt":{"rendered":"<p>Mjera\u010d napona Ranger Horizont se koristi za provjeru rada elektri\u010dnog pastira te mjerenje napona u ogradi. Na digitalnom mjera\u010du je<\/p>\n","protected":false},"featured_media":103039,"template":"","meta":{"footnotes":""},"product_brand":[],"product_cat":[6594,5820,5821,5627],"product_tag":[],"class_list":{"0":"post-103035","1":"product","2":"type-product","3":"status-publish","4":"has-post-thumbnail","6":"product_cat-mjeraci-napona-elektricne-ograde","7":"product_cat-oprema-za-pasnjake","8":"product_cat-ostala-oprema-za-pasnjake","9":"product_cat-stala-i-pasnjak","11":"first","12":"instock","13":"shipping-taxable","14":"purchasable","15":"product-type-simple"},"yoast_head":"<!-- This site is optimized with the Yoast SEO plugin v27.3 - https:\/\/yoast.com\/product\/yoast-seo-wordpress\/ -->\n<title>Digitalni mjera\u010d napona Ranger - Clair<\/title>\n<meta name=\"description\" content=\"Digitalni mjera\u010d napona Ranger koristimo za provjeru rada elektri\u010dnog pastira. Dostupan u web trgovini!\" \/>\n<meta name=\"robots\" content=\"index, follow, max-snippet:-1, max-image-preview:large, max-video-preview:-1\" \/>\n<link rel=\"canonical\" href=\"https:\/\/clair.si\/hr\/izdelek\/digitalni-mjerac-napona-ranger\/\" \/>\n<meta property=\"og:locale\" content=\"hr_HR\" \/>\n<meta property=\"og:type\" content=\"article\" \/>\n<meta property=\"og:title\" content=\"Digitalni mjera\u010d napona Ranger - Clair\" \/>\n<meta property=\"og:description\" content=\"Digitalni mjera\u010d napona Ranger koristimo za provjeru rada elektri\u010dnog pastira. Dostupan u web trgovini!\" \/>\n<meta property=\"og:url\" content=\"https:\/\/clair.si\/hr\/izdelek\/digitalni-mjerac-napona-ranger\/\" \/>\n<meta property=\"og:site_name\" content=\"Clair\" \/>\n<meta property=\"article:publisher\" content=\"https:\/\/www.facebook.com\/TrgovinaClair\/\" \/>\n<meta property=\"article:modified_time\" content=\"2025-08-28T04:39:18+00:00\" \/>\n<meta property=\"og:image\" content=\"https:\/\/clair.si\/wp-content\/uploads\/2022\/07\/1019039.jpeg\" \/>\n\t<meta property=\"og:image:width\" content=\"1500\" \/>\n\t<meta property=\"og:image:height\" content=\"1500\" \/>\n\t<meta property=\"og:image:type\" content=\"image\/jpeg\" \/>\n<meta name=\"twitter:card\" content=\"summary_large_image\" \/>\n<meta name=\"twitter:label1\" content=\"Procijenjeno vrijeme \u010ditanja\" \/>\n\t<meta name=\"twitter:data1\" content=\"1 minuta\" \/>\n<script type=\"application\/ld+json\" class=\"yoast-schema-graph\">{\"@context\":\"https:\\\/\\\/schema.org\",\"@graph\":[{\"@type\":\"WebPage\",\"@id\":\"https:\\\/\\\/clair.si\\\/hr\\\/izdelek\\\/digitalni-mjerac-napona-ranger\\\/\",\"url\":\"https:\\\/\\\/clair.si\\\/hr\\\/izdelek\\\/digitalni-mjerac-napona-ranger\\\/\",\"name\":\"Digitalni mjera\u010d napona Ranger - Clair\",\"isPartOf\":{\"@id\":\"https:\\\/\\\/clair.si\\\/#website\"},\"primaryImageOfPage\":{\"@id\":\"https:\\\/\\\/clair.si\\\/hr\\\/izdelek\\\/digitalni-mjerac-napona-ranger\\\/#primaryimage\"},\"image\":{\"@id\":\"https:\\\/\\\/clair.si\\\/hr\\\/izdelek\\\/digitalni-mjerac-napona-ranger\\\/#primaryimage\"},\"thumbnailUrl\":\"https:\\\/\\\/clair.si\\\/wp-content\\\/uploads\\\/2022\\\/07\\\/1019039.webp\",\"datePublished\":\"2022-07-26T08:28:43+00:00\",\"dateModified\":\"2025-08-28T04:39:18+00:00\",\"description\":\"Digitalni mjera\u010d napona Ranger koristimo za provjeru rada elektri\u010dnog pastira. Dostupan u web trgovini!\",\"breadcrumb\":{\"@id\":\"https:\\\/\\\/clair.si\\\/hr\\\/izdelek\\\/digitalni-mjerac-napona-ranger\\\/#breadcrumb\"},\"inLanguage\":\"hr\",\"potentialAction\":[{\"@type\":\"ReadAction\",\"target\":[\"https:\\\/\\\/clair.si\\\/hr\\\/izdelek\\\/digitalni-mjerac-napona-ranger\\\/\"]}]},{\"@type\":\"ImageObject\",\"inLanguage\":\"hr\",\"@id\":\"https:\\\/\\\/clair.si\\\/hr\\\/izdelek\\\/digitalni-mjerac-napona-ranger\\\/#primaryimage\",\"url\":\"https:\\\/\\\/clair.si\\\/wp-content\\\/uploads\\\/2022\\\/07\\\/1019039.webp\",\"contentUrl\":\"https:\\\/\\\/clair.si\\\/wp-content\\\/uploads\\\/2022\\\/07\\\/1019039.webp\",\"width\":1500,\"height\":1500,\"caption\":\"Digitalni merilnik elektri\u010dne napetosti\"},{\"@type\":\"BreadcrumbList\",\"@id\":\"https:\\\/\\\/clair.si\\\/hr\\\/izdelek\\\/digitalni-mjerac-napona-ranger\\\/#breadcrumb\",\"itemListElement\":[{\"@type\":\"ListItem\",\"position\":1,\"name\":\"Home\",\"item\":\"https:\\\/\\\/clair.si\\\/hr\\\/\"},{\"@type\":\"ListItem\",\"position\":2,\"name\":\"Trgovina\",\"item\":\"https:\\\/\\\/clair.si\\\/trgovina\\\/\"},{\"@type\":\"ListItem\",\"position\":3,\"name\":\"Digitalni mjera\u010d napona Ranger\"}]},{\"@type\":\"WebSite\",\"@id\":\"https:\\\/\\\/clair.si\\\/#website\",\"url\":\"https:\\\/\\\/clair.si\\\/\",\"name\":\"Clair\",\"description\":\"Trgovina s konjeni\u0161ko opremo\",\"publisher\":{\"@id\":\"https:\\\/\\\/clair.si\\\/#organization\"},\"potentialAction\":[{\"@type\":\"SearchAction\",\"target\":{\"@type\":\"EntryPoint\",\"urlTemplate\":\"https:\\\/\\\/clair.si\\\/?s={search_term_string}\"},\"query-input\":{\"@type\":\"PropertyValueSpecification\",\"valueRequired\":true,\"valueName\":\"search_term_string\"}}],\"inLanguage\":\"hr\"},{\"@type\":\"Organization\",\"@id\":\"https:\\\/\\\/clair.si\\\/#organization\",\"name\":\"Clair\",\"url\":\"https:\\\/\\\/clair.si\\\/\",\"logo\":{\"@type\":\"ImageObject\",\"inLanguage\":\"hr\",\"@id\":\"https:\\\/\\\/clair.si\\\/#\\\/schema\\\/logo\\\/image\\\/\",\"url\":\"https:\\\/\\\/clair.si\\\/wp-content\\\/uploads\\\/2022\\\/11\\\/clair_logo_2022.jpg\",\"contentUrl\":\"https:\\\/\\\/clair.si\\\/wp-content\\\/uploads\\\/2022\\\/11\\\/clair_logo_2022.jpg\",\"width\":1920,\"height\":1920,\"caption\":\"Clair\"},\"image\":{\"@id\":\"https:\\\/\\\/clair.si\\\/#\\\/schema\\\/logo\\\/image\\\/\"},\"sameAs\":[\"https:\\\/\\\/www.facebook.com\\\/TrgovinaClair\\\/\"]}]}<\/script>\n<!-- \/ Yoast SEO plugin. -->","yoast_head_json":{"title":"Digitalni mjera\u010d napona Ranger - Clair","description":"Digitalni mjera\u010d napona Ranger koristimo za provjeru rada elektri\u010dnog pastira. Dostupan u web trgovini!","robots":{"index":"index","follow":"follow","max-snippet":"max-snippet:-1","max-image-preview":"max-image-preview:large","max-video-preview":"max-video-preview:-1"},"canonical":"https:\/\/clair.si\/hr\/izdelek\/digitalni-mjerac-napona-ranger\/","og_locale":"hr_HR","og_type":"article","og_title":"Digitalni mjera\u010d napona Ranger - Clair","og_description":"Digitalni mjera\u010d napona Ranger koristimo za provjeru rada elektri\u010dnog pastira. Dostupan u web trgovini!","og_url":"https:\/\/clair.si\/hr\/izdelek\/digitalni-mjerac-napona-ranger\/","og_site_name":"Clair","article_publisher":"https:\/\/www.facebook.com\/TrgovinaClair\/","article_modified_time":"2025-08-28T04:39:18+00:00","og_image":[{"width":1500,"height":1500,"url":"https:\/\/clair.si\/wp-content\/uploads\/2022\/07\/1019039.jpeg","type":"image\/jpeg"}],"twitter_card":"summary_large_image","twitter_misc":{"Procijenjeno vrijeme \u010ditanja":"1 minuta"},"schema":{"@context":"https:\/\/schema.org","@graph":[{"@type":"WebPage","@id":"https:\/\/clair.si\/hr\/izdelek\/digitalni-mjerac-napona-ranger\/","url":"https:\/\/clair.si\/hr\/izdelek\/digitalni-mjerac-napona-ranger\/","name":"Digitalni mjera\u010d napona Ranger - Clair","isPartOf":{"@id":"https:\/\/clair.si\/#website"},"primaryImageOfPage":{"@id":"https:\/\/clair.si\/hr\/izdelek\/digitalni-mjerac-napona-ranger\/#primaryimage"},"image":{"@id":"https:\/\/clair.si\/hr\/izdelek\/digitalni-mjerac-napona-ranger\/#primaryimage"},"thumbnailUrl":"https:\/\/clair.si\/wp-content\/uploads\/2022\/07\/1019039.webp","datePublished":"2022-07-26T08:28:43+00:00","dateModified":"2025-08-28T04:39:18+00:00","description":"Digitalni mjera\u010d napona Ranger koristimo za provjeru rada elektri\u010dnog pastira. Dostupan u web trgovini!","breadcrumb":{"@id":"https:\/\/clair.si\/hr\/izdelek\/digitalni-mjerac-napona-ranger\/#breadcrumb"},"inLanguage":"hr","potentialAction":[{"@type":"ReadAction","target":["https:\/\/clair.si\/hr\/izdelek\/digitalni-mjerac-napona-ranger\/"]}]},{"@type":"ImageObject","inLanguage":"hr","@id":"https:\/\/clair.si\/hr\/izdelek\/digitalni-mjerac-napona-ranger\/#primaryimage","url":"https:\/\/clair.si\/wp-content\/uploads\/2022\/07\/1019039.webp","contentUrl":"https:\/\/clair.si\/wp-content\/uploads\/2022\/07\/1019039.webp","width":1500,"height":1500,"caption":"Digitalni merilnik elektri\u010dne napetosti"},{"@type":"BreadcrumbList","@id":"https:\/\/clair.si\/hr\/izdelek\/digitalni-mjerac-napona-ranger\/#breadcrumb","itemListElement":[{"@type":"ListItem","position":1,"name":"Home","item":"https:\/\/clair.si\/hr\/"},{"@type":"ListItem","position":2,"name":"Trgovina","item":"https:\/\/clair.si\/trgovina\/"},{"@type":"ListItem","position":3,"name":"Digitalni mjera\u010d napona Ranger"}]},{"@type":"WebSite","@id":"https:\/\/clair.si\/#website","url":"https:\/\/clair.si\/","name":"Clair","description":"Trgovina s konjeni\u0161ko opremo","publisher":{"@id":"https:\/\/clair.si\/#organization"},"potentialAction":[{"@type":"SearchAction","target":{"@type":"EntryPoint","urlTemplate":"https:\/\/clair.si\/?s={search_term_string}"},"query-input":{"@type":"PropertyValueSpecification","valueRequired":true,"valueName":"search_term_string"}}],"inLanguage":"hr"},{"@type":"Organization","@id":"https:\/\/clair.si\/#organization","name":"Clair","url":"https:\/\/clair.si\/","logo":{"@type":"ImageObject","inLanguage":"hr","@id":"https:\/\/clair.si\/#\/schema\/logo\/image\/","url":"https:\/\/clair.si\/wp-content\/uploads\/2022\/11\/clair_logo_2022.jpg","contentUrl":"https:\/\/clair.si\/wp-content\/uploads\/2022\/11\/clair_logo_2022.jpg","width":1920,"height":1920,"caption":"Clair"},"image":{"@id":"https:\/\/clair.si\/#\/schema\/logo\/image\/"},"sameAs":["https:\/\/www.facebook.com\/TrgovinaClair\/"]}]}},"_links":{"self":[{"href":"https:\/\/clair.si\/hr\/wp-json\/wp\/v2\/product\/103035","targetHints":{"allow":["GET"]}}],"collection":[{"href":"https:\/\/clair.si\/hr\/wp-json\/wp\/v2\/product"}],"about":[{"href":"https:\/\/clair.si\/hr\/wp-json\/wp\/v2\/types\/product"}],"version-history":[{"count":0,"href":"https:\/\/clair.si\/hr\/wp-json\/wp\/v2\/product\/103035\/revisions"}],"wp:featuredmedia":[{"embeddable":true,"href":"https:\/\/clair.si\/hr\/wp-json\/wp\/v2\/media\/103039"}],"wp:attachment":[{"href":"https:\/\/clair.si\/hr\/wp-json\/wp\/v2\/media?parent=103035"}],"wp:term":[{"taxonomy":"product_brand","embeddable":true,"href":"https:\/\/clair.si\/hr\/wp-json\/wp\/v2\/product_brand?post=103035"},{"taxonomy":"product_cat","embeddable":true,"href":"https:\/\/clair.si\/hr\/wp-json\/wp\/v2\/product_cat?post=103035"},{"taxonomy":"product_tag","embeddable":true,"href":"https:\/\/clair.si\/hr\/wp-json\/wp\/v2\/product_tag?post=103035"}],"curies":[{"name":"wp","href":"https:\/\/api.w.org\/{rel}","templated":true}]}}