{"id":103047,"date":"2022-07-26T10:16:21","date_gmt":"2022-07-26T08:16:21","guid":{"rendered":"https:\/\/clair.si\/izdelek\/set-kablova-za-spajanje-elektricnog-pastira\/"},"modified":"2025-08-28T06:39:16","modified_gmt":"2025-08-28T04:39:16","slug":"set-kablova-za-spajanje-elektricnog-pastira","status":"publish","type":"product","link":"https:\/\/clair.si\/hr\/izdelek\/set-kablova-za-spajanje-elektricnog-pastira\/","title":{"rendered":"Komplet kablova za priklju\u010dak elektri\u010dnog pastira"},"content":{"rendered":"<div class=\"product-tabs-wrapper\">\n<div class=\"container\">\n<div class=\"row\">\n<div class=\"col-12 poduct-tabs-inner\">\n<div class=\"woocommerce-tabs wc-tabs-wrapper tabs-layout-tabs\" data-state=\"first\" data-layout=\"tabs\">\n<div class=\"wd-accordion-item wd-tab-wrapper woodmart-tab-wrapper\">\n<div id=\"tab-description\" class=\"entry-content woocommerce-Tabs-panel woocommerce-Tabs-panel--description wd-active panel wc-tab\" role=\"tabpanel\" aria-labelledby=\"tab-title-description\" data-accordion-index=\"description\">\n<div class=\"wc-tab-inner\">\n<p>Komplet<strong> kablova za priklju\u010dak elektri\u010dnog pastira<\/strong> i \u0161tap za uzemljenje Horizont.<\/p>\n<p>Spojnica u obliku srca prikladna je za povezivanje <strong>trake \u0161irine do 12 mm ili \u017eice.<\/strong><\/p>\n<p>Visokonaponski kablovi dodatno su oja\u010dani plasti\u010dnim omotom. Pocin\u010dani materijal. <\/p>\n<p><strong>Uklju\u010deno u isporuku kompleta:<\/strong><\/p>\n<ul>\n<li>\u0160tap za uzemljenje<\/li>\n<li>Priklju\u010dni kabel za ogradu 2m<\/li>\n<li>Kabel za uzemljenje 3m<\/li>\n<li>Opozorilna plo\u010da<\/li>\n<\/ul>\n<\/div>\n<\/div>\n<\/div>\n<div class=\"wd-accordion-item wd-tab-wrapper woodmart-tab-wrapper\"><\/div>\n<div class=\"wd-accordion-item wd-tab-wrapper woodmart-tab-wrapper\"><\/div>\n<\/div>\n<\/div>\n<\/div>\n<\/div>\n<\/div>\n<div class=\"container related-and-upsells\">\n<div class=\"upsells-carousel\"><\/div>\n<\/div>\n","protected":false},"excerpt":{"rendered":"<p>Komplet kablova za priklju\u010dak elektri\u010dnog pastira i \u0161tap za uzemljenje Horizont. Spojnica u obliku srca prikladna je za povezivanje trake<\/p>\n","protected":false},"featured_media":103050,"template":"","meta":{"footnotes":""},"product_brand":[],"product_cat":[5820,5821,6596,5627],"product_tag":[],"class_list":{"0":"post-103047","1":"product","2":"type-product","3":"status-publish","4":"has-post-thumbnail","6":"product_cat-oprema-za-pasnjake","7":"product_cat-ostala-oprema-za-pasnjake","8":"product_cat-prikljucni-kablovi-i-uzemljenje","9":"product_cat-stala-i-pasnjak","11":"first","12":"instock","13":"sale","14":"shipping-taxable","15":"purchasable","16":"product-type-simple"},"yoast_head":"<!-- This site is optimized with the Yoast SEO plugin v27.4 - https:\/\/yoast.com\/product\/yoast-seo-wordpress\/ -->\n<title>Komplet kablova za priklju\u010dak elektri\u010dnog pastira - Clair<\/title>\n<meta name=\"description\" content=\"Komplet kablova za priklju\u010dak elektri\u010dnog pastira dostupan je u na\u0161oj web trgovini. Provjerite ponudu i kupite vrhunsku kvalitetu!\" \/>\n<meta name=\"robots\" content=\"index, follow, max-snippet:-1, max-image-preview:large, max-video-preview:-1\" \/>\n<link rel=\"canonical\" href=\"https:\/\/clair.si\/hr\/izdelek\/set-kablova-za-spajanje-elektricnog-pastira\/\" \/>\n<meta property=\"og:locale\" content=\"hr_HR\" \/>\n<meta property=\"og:type\" content=\"article\" \/>\n<meta property=\"og:title\" content=\"Komplet kablova za priklju\u010dak elektri\u010dnog pastira - Clair\" \/>\n<meta property=\"og:description\" content=\"Komplet kablova za priklju\u010dak elektri\u010dnog pastira dostupan je u na\u0161oj web trgovini. Provjerite ponudu i kupite vrhunsku kvalitetu!\" \/>\n<meta property=\"og:url\" content=\"https:\/\/clair.si\/hr\/izdelek\/set-kablova-za-spajanje-elektricnog-pastira\/\" \/>\n<meta property=\"og:site_name\" content=\"Clair\" \/>\n<meta property=\"article:publisher\" content=\"https:\/\/www.facebook.com\/TrgovinaClair\/\" \/>\n<meta property=\"article:modified_time\" content=\"2025-08-28T04:39:16+00:00\" \/>\n<meta property=\"og:image\" content=\"https:\/\/clair.si\/wp-content\/uploads\/2022\/07\/1019043.jpeg\" \/>\n\t<meta property=\"og:image:width\" content=\"600\" \/>\n\t<meta property=\"og:image:height\" content=\"600\" \/>\n\t<meta property=\"og:image:type\" content=\"image\/jpeg\" \/>\n<meta name=\"twitter:card\" content=\"summary_large_image\" \/>\n<script type=\"application\/ld+json\" class=\"yoast-schema-graph\">{\"@context\":\"https:\\\/\\\/schema.org\",\"@graph\":[{\"@type\":\"WebPage\",\"@id\":\"https:\\\/\\\/clair.si\\\/hr\\\/izdelek\\\/set-kablova-za-spajanje-elektricnog-pastira\\\/\",\"url\":\"https:\\\/\\\/clair.si\\\/hr\\\/izdelek\\\/set-kablova-za-spajanje-elektricnog-pastira\\\/\",\"name\":\"Komplet kablova za priklju\u010dak elektri\u010dnog pastira - Clair\",\"isPartOf\":{\"@id\":\"https:\\\/\\\/clair.si\\\/#website\"},\"primaryImageOfPage\":{\"@id\":\"https:\\\/\\\/clair.si\\\/hr\\\/izdelek\\\/set-kablova-za-spajanje-elektricnog-pastira\\\/#primaryimage\"},\"image\":{\"@id\":\"https:\\\/\\\/clair.si\\\/hr\\\/izdelek\\\/set-kablova-za-spajanje-elektricnog-pastira\\\/#primaryimage\"},\"thumbnailUrl\":\"https:\\\/\\\/clair.si\\\/wp-content\\\/uploads\\\/2022\\\/07\\\/1019043.webp\",\"datePublished\":\"2022-07-26T08:16:21+00:00\",\"dateModified\":\"2025-08-28T04:39:16+00:00\",\"description\":\"Komplet kablova za priklju\u010dak elektri\u010dnog pastira dostupan je u na\u0161oj web trgovini. Provjerite ponudu i kupite vrhunsku kvalitetu!\",\"breadcrumb\":{\"@id\":\"https:\\\/\\\/clair.si\\\/hr\\\/izdelek\\\/set-kablova-za-spajanje-elektricnog-pastira\\\/#breadcrumb\"},\"inLanguage\":\"hr\",\"potentialAction\":[{\"@type\":\"ReadAction\",\"target\":[\"https:\\\/\\\/clair.si\\\/hr\\\/izdelek\\\/set-kablova-za-spajanje-elektricnog-pastira\\\/\"]}]},{\"@type\":\"ImageObject\",\"inLanguage\":\"hr\",\"@id\":\"https:\\\/\\\/clair.si\\\/hr\\\/izdelek\\\/set-kablova-za-spajanje-elektricnog-pastira\\\/#primaryimage\",\"url\":\"https:\\\/\\\/clair.si\\\/wp-content\\\/uploads\\\/2022\\\/07\\\/1019043.webp\",\"contentUrl\":\"https:\\\/\\\/clair.si\\\/wp-content\\\/uploads\\\/2022\\\/07\\\/1019043.webp\",\"width\":600,\"height\":600,\"caption\":\"Komplet kablov za priklop\"},{\"@type\":\"BreadcrumbList\",\"@id\":\"https:\\\/\\\/clair.si\\\/hr\\\/izdelek\\\/set-kablova-za-spajanje-elektricnog-pastira\\\/#breadcrumb\",\"itemListElement\":[{\"@type\":\"ListItem\",\"position\":1,\"name\":\"Home\",\"item\":\"https:\\\/\\\/clair.si\\\/hr\\\/\"},{\"@type\":\"ListItem\",\"position\":2,\"name\":\"Trgovina\",\"item\":\"https:\\\/\\\/clair.si\\\/trgovina\\\/\"},{\"@type\":\"ListItem\",\"position\":3,\"name\":\"Komplet kablova za priklju\u010dak elektri\u010dnog pastira\"}]},{\"@type\":\"WebSite\",\"@id\":\"https:\\\/\\\/clair.si\\\/#website\",\"url\":\"https:\\\/\\\/clair.si\\\/\",\"name\":\"Clair\",\"description\":\"Trgovina s konjeni\u0161ko opremo\",\"publisher\":{\"@id\":\"https:\\\/\\\/clair.si\\\/#organization\"},\"potentialAction\":[{\"@type\":\"SearchAction\",\"target\":{\"@type\":\"EntryPoint\",\"urlTemplate\":\"https:\\\/\\\/clair.si\\\/?s={search_term_string}\"},\"query-input\":{\"@type\":\"PropertyValueSpecification\",\"valueRequired\":true,\"valueName\":\"search_term_string\"}}],\"inLanguage\":\"hr\"},{\"@type\":\"Organization\",\"@id\":\"https:\\\/\\\/clair.si\\\/#organization\",\"name\":\"Clair\",\"url\":\"https:\\\/\\\/clair.si\\\/\",\"logo\":{\"@type\":\"ImageObject\",\"inLanguage\":\"hr\",\"@id\":\"https:\\\/\\\/clair.si\\\/#\\\/schema\\\/logo\\\/image\\\/\",\"url\":\"https:\\\/\\\/clair.si\\\/wp-content\\\/uploads\\\/2022\\\/11\\\/clair_logo_2022.jpg\",\"contentUrl\":\"https:\\\/\\\/clair.si\\\/wp-content\\\/uploads\\\/2022\\\/11\\\/clair_logo_2022.jpg\",\"width\":1920,\"height\":1920,\"caption\":\"Clair\"},\"image\":{\"@id\":\"https:\\\/\\\/clair.si\\\/#\\\/schema\\\/logo\\\/image\\\/\"},\"sameAs\":[\"https:\\\/\\\/www.facebook.com\\\/TrgovinaClair\\\/\"]}]}<\/script>\n<!-- \/ Yoast SEO plugin. -->","yoast_head_json":{"title":"Komplet kablova za priklju\u010dak elektri\u010dnog pastira - Clair","description":"Komplet kablova za priklju\u010dak elektri\u010dnog pastira dostupan je u na\u0161oj web trgovini. Provjerite ponudu i kupite vrhunsku kvalitetu!","robots":{"index":"index","follow":"follow","max-snippet":"max-snippet:-1","max-image-preview":"max-image-preview:large","max-video-preview":"max-video-preview:-1"},"canonical":"https:\/\/clair.si\/hr\/izdelek\/set-kablova-za-spajanje-elektricnog-pastira\/","og_locale":"hr_HR","og_type":"article","og_title":"Komplet kablova za priklju\u010dak elektri\u010dnog pastira - Clair","og_description":"Komplet kablova za priklju\u010dak elektri\u010dnog pastira dostupan je u na\u0161oj web trgovini. Provjerite ponudu i kupite vrhunsku kvalitetu!","og_url":"https:\/\/clair.si\/hr\/izdelek\/set-kablova-za-spajanje-elektricnog-pastira\/","og_site_name":"Clair","article_publisher":"https:\/\/www.facebook.com\/TrgovinaClair\/","article_modified_time":"2025-08-28T04:39:16+00:00","og_image":[{"width":600,"height":600,"url":"https:\/\/clair.si\/wp-content\/uploads\/2022\/07\/1019043.jpeg","type":"image\/jpeg"}],"twitter_card":"summary_large_image","schema":{"@context":"https:\/\/schema.org","@graph":[{"@type":"WebPage","@id":"https:\/\/clair.si\/hr\/izdelek\/set-kablova-za-spajanje-elektricnog-pastira\/","url":"https:\/\/clair.si\/hr\/izdelek\/set-kablova-za-spajanje-elektricnog-pastira\/","name":"Komplet kablova za priklju\u010dak elektri\u010dnog pastira - Clair","isPartOf":{"@id":"https:\/\/clair.si\/#website"},"primaryImageOfPage":{"@id":"https:\/\/clair.si\/hr\/izdelek\/set-kablova-za-spajanje-elektricnog-pastira\/#primaryimage"},"image":{"@id":"https:\/\/clair.si\/hr\/izdelek\/set-kablova-za-spajanje-elektricnog-pastira\/#primaryimage"},"thumbnailUrl":"https:\/\/clair.si\/wp-content\/uploads\/2022\/07\/1019043.webp","datePublished":"2022-07-26T08:16:21+00:00","dateModified":"2025-08-28T04:39:16+00:00","description":"Komplet kablova za priklju\u010dak elektri\u010dnog pastira dostupan je u na\u0161oj web trgovini. Provjerite ponudu i kupite vrhunsku kvalitetu!","breadcrumb":{"@id":"https:\/\/clair.si\/hr\/izdelek\/set-kablova-za-spajanje-elektricnog-pastira\/#breadcrumb"},"inLanguage":"hr","potentialAction":[{"@type":"ReadAction","target":["https:\/\/clair.si\/hr\/izdelek\/set-kablova-za-spajanje-elektricnog-pastira\/"]}]},{"@type":"ImageObject","inLanguage":"hr","@id":"https:\/\/clair.si\/hr\/izdelek\/set-kablova-za-spajanje-elektricnog-pastira\/#primaryimage","url":"https:\/\/clair.si\/wp-content\/uploads\/2022\/07\/1019043.webp","contentUrl":"https:\/\/clair.si\/wp-content\/uploads\/2022\/07\/1019043.webp","width":600,"height":600,"caption":"Komplet kablov za priklop"},{"@type":"BreadcrumbList","@id":"https:\/\/clair.si\/hr\/izdelek\/set-kablova-za-spajanje-elektricnog-pastira\/#breadcrumb","itemListElement":[{"@type":"ListItem","position":1,"name":"Home","item":"https:\/\/clair.si\/hr\/"},{"@type":"ListItem","position":2,"name":"Trgovina","item":"https:\/\/clair.si\/trgovina\/"},{"@type":"ListItem","position":3,"name":"Komplet kablova za priklju\u010dak elektri\u010dnog pastira"}]},{"@type":"WebSite","@id":"https:\/\/clair.si\/#website","url":"https:\/\/clair.si\/","name":"Clair","description":"Trgovina s konjeni\u0161ko opremo","publisher":{"@id":"https:\/\/clair.si\/#organization"},"potentialAction":[{"@type":"SearchAction","target":{"@type":"EntryPoint","urlTemplate":"https:\/\/clair.si\/?s={search_term_string}"},"query-input":{"@type":"PropertyValueSpecification","valueRequired":true,"valueName":"search_term_string"}}],"inLanguage":"hr"},{"@type":"Organization","@id":"https:\/\/clair.si\/#organization","name":"Clair","url":"https:\/\/clair.si\/","logo":{"@type":"ImageObject","inLanguage":"hr","@id":"https:\/\/clair.si\/#\/schema\/logo\/image\/","url":"https:\/\/clair.si\/wp-content\/uploads\/2022\/11\/clair_logo_2022.jpg","contentUrl":"https:\/\/clair.si\/wp-content\/uploads\/2022\/11\/clair_logo_2022.jpg","width":1920,"height":1920,"caption":"Clair"},"image":{"@id":"https:\/\/clair.si\/#\/schema\/logo\/image\/"},"sameAs":["https:\/\/www.facebook.com\/TrgovinaClair\/"]}]}},"_links":{"self":[{"href":"https:\/\/clair.si\/hr\/wp-json\/wp\/v2\/product\/103047","targetHints":{"allow":["GET"]}}],"collection":[{"href":"https:\/\/clair.si\/hr\/wp-json\/wp\/v2\/product"}],"about":[{"href":"https:\/\/clair.si\/hr\/wp-json\/wp\/v2\/types\/product"}],"version-history":[{"count":0,"href":"https:\/\/clair.si\/hr\/wp-json\/wp\/v2\/product\/103047\/revisions"}],"wp:featuredmedia":[{"embeddable":true,"href":"https:\/\/clair.si\/hr\/wp-json\/wp\/v2\/media\/103050"}],"wp:attachment":[{"href":"https:\/\/clair.si\/hr\/wp-json\/wp\/v2\/media?parent=103047"}],"wp:term":[{"taxonomy":"product_brand","embeddable":true,"href":"https:\/\/clair.si\/hr\/wp-json\/wp\/v2\/product_brand?post=103047"},{"taxonomy":"product_cat","embeddable":true,"href":"https:\/\/clair.si\/hr\/wp-json\/wp\/v2\/product_cat?post=103047"},{"taxonomy":"product_tag","embeddable":true,"href":"https:\/\/clair.si\/hr\/wp-json\/wp\/v2\/product_tag?post=103047"}],"curies":[{"name":"wp","href":"https:\/\/api.w.org\/{rel}","templated":true}]}}