{"id":103048,"date":"2022-07-26T09:26:02","date_gmt":"2022-07-26T07:26:02","guid":{"rendered":"https:\/\/clair.si\/izdelek\/stap-za-uzemljenje-t-profil\/"},"modified":"2025-08-28T06:39:40","modified_gmt":"2025-08-28T04:39:40","slug":"stap-za-uzemljenje-t-profil","status":"publish","type":"product","link":"https:\/\/clair.si\/hr\/izdelek\/stap-za-uzemljenje-t-profil\/","title":{"rendered":"\u0160tap za uzemljenje T profil"},"content":{"rendered":"<p><strong>\u0160tap za uzemljenje<\/strong> T-profil <strong>duljine 100 cm<\/strong> Horizont.<\/p>\n<p>Prikladan za uporabu s 12V akumulatorom ili 12V baterijskim solarnim ure\u0111ajima.<\/p>\n<p>Izra\u0111en od pocin\u010danog materijala, kutnog oblika.<\/p>\n<p><strong>Debljina je 3 mm.<\/strong><\/p>\n<p>Uz njega dolazi priklju\u010dni vijak.<\/p>\n","protected":false},"excerpt":{"rendered":"<p>\u0160tap za uzemljenje T-profil duljine 100 cm Horizont. Prikladan za uporabu s 12V akumulatorom ili 12V baterijskim solarnim ure\u0111ajima. Izra\u0111en<\/p>\n","protected":false},"featured_media":103051,"template":"","meta":{"footnotes":""},"product_brand":[],"product_cat":[5820,5821,6596,5627],"product_tag":[],"class_list":{"0":"post-103048","1":"product","2":"type-product","3":"status-publish","4":"has-post-thumbnail","6":"product_cat-oprema-za-pasnjake","7":"product_cat-ostala-oprema-za-pasnjake","8":"product_cat-prikljucni-kablovi-i-uzemljenje","9":"product_cat-stala-i-pasnjak","11":"first","12":"instock","13":"sale","14":"shipping-taxable","15":"purchasable","16":"product-type-simple"},"yoast_head":"<!-- This site is optimized with the Yoast SEO plugin v27.4 - https:\/\/yoast.com\/product\/yoast-seo-wordpress\/ -->\n<title>\u0160tap za uzemljenje T profil - Clair<\/title>\n<meta name=\"description\" content=\"\u0160tap za uzemljenje dostupan je u na\u0161oj web trgovini. Izuzetna kvaliteta i niska cijena. Provjerite ponudu!\" \/>\n<meta name=\"robots\" content=\"index, follow, max-snippet:-1, max-image-preview:large, max-video-preview:-1\" \/>\n<link rel=\"canonical\" href=\"https:\/\/clair.si\/hr\/izdelek\/stap-za-uzemljenje-t-profil\/\" \/>\n<meta property=\"og:locale\" content=\"hr_HR\" \/>\n<meta property=\"og:type\" content=\"article\" \/>\n<meta property=\"og:title\" content=\"\u0160tap za uzemljenje T profil - Clair\" \/>\n<meta property=\"og:description\" content=\"\u0160tap za uzemljenje dostupan je u na\u0161oj web trgovini. Izuzetna kvaliteta i niska cijena. Provjerite ponudu!\" \/>\n<meta property=\"og:url\" content=\"https:\/\/clair.si\/hr\/izdelek\/stap-za-uzemljenje-t-profil\/\" \/>\n<meta property=\"og:site_name\" content=\"Clair\" \/>\n<meta property=\"article:publisher\" content=\"https:\/\/www.facebook.com\/TrgovinaClair\/\" \/>\n<meta property=\"article:modified_time\" content=\"2025-08-28T04:39:40+00:00\" \/>\n<meta property=\"og:image\" content=\"https:\/\/clair.si\/wp-content\/uploads\/2022\/07\/1019199.jpeg\" \/>\n\t<meta property=\"og:image:width\" content=\"600\" \/>\n\t<meta property=\"og:image:height\" content=\"600\" \/>\n\t<meta property=\"og:image:type\" content=\"image\/jpeg\" \/>\n<meta name=\"twitter:card\" content=\"summary_large_image\" \/>\n<script type=\"application\/ld+json\" class=\"yoast-schema-graph\">{\"@context\":\"https:\\\/\\\/schema.org\",\"@graph\":[{\"@type\":\"WebPage\",\"@id\":\"https:\\\/\\\/clair.si\\\/hr\\\/izdelek\\\/stap-za-uzemljenje-t-profil\\\/\",\"url\":\"https:\\\/\\\/clair.si\\\/hr\\\/izdelek\\\/stap-za-uzemljenje-t-profil\\\/\",\"name\":\"\u0160tap za uzemljenje T profil - Clair\",\"isPartOf\":{\"@id\":\"https:\\\/\\\/clair.si\\\/#website\"},\"primaryImageOfPage\":{\"@id\":\"https:\\\/\\\/clair.si\\\/hr\\\/izdelek\\\/stap-za-uzemljenje-t-profil\\\/#primaryimage\"},\"image\":{\"@id\":\"https:\\\/\\\/clair.si\\\/hr\\\/izdelek\\\/stap-za-uzemljenje-t-profil\\\/#primaryimage\"},\"thumbnailUrl\":\"https:\\\/\\\/clair.si\\\/wp-content\\\/uploads\\\/2022\\\/07\\\/1019199.webp\",\"datePublished\":\"2022-07-26T07:26:02+00:00\",\"dateModified\":\"2025-08-28T04:39:40+00:00\",\"description\":\"\u0160tap za uzemljenje dostupan je u na\u0161oj web trgovini. Izuzetna kvaliteta i niska cijena. Provjerite ponudu!\",\"breadcrumb\":{\"@id\":\"https:\\\/\\\/clair.si\\\/hr\\\/izdelek\\\/stap-za-uzemljenje-t-profil\\\/#breadcrumb\"},\"inLanguage\":\"hr\",\"potentialAction\":[{\"@type\":\"ReadAction\",\"target\":[\"https:\\\/\\\/clair.si\\\/hr\\\/izdelek\\\/stap-za-uzemljenje-t-profil\\\/\"]}]},{\"@type\":\"ImageObject\",\"inLanguage\":\"hr\",\"@id\":\"https:\\\/\\\/clair.si\\\/hr\\\/izdelek\\\/stap-za-uzemljenje-t-profil\\\/#primaryimage\",\"url\":\"https:\\\/\\\/clair.si\\\/wp-content\\\/uploads\\\/2022\\\/07\\\/1019199.webp\",\"contentUrl\":\"https:\\\/\\\/clair.si\\\/wp-content\\\/uploads\\\/2022\\\/07\\\/1019199.webp\",\"width\":600,\"height\":600,\"caption\":\"Palica za ozemljitev T profil\"},{\"@type\":\"BreadcrumbList\",\"@id\":\"https:\\\/\\\/clair.si\\\/hr\\\/izdelek\\\/stap-za-uzemljenje-t-profil\\\/#breadcrumb\",\"itemListElement\":[{\"@type\":\"ListItem\",\"position\":1,\"name\":\"Home\",\"item\":\"https:\\\/\\\/clair.si\\\/hr\\\/\"},{\"@type\":\"ListItem\",\"position\":2,\"name\":\"Trgovina\",\"item\":\"https:\\\/\\\/clair.si\\\/trgovina\\\/\"},{\"@type\":\"ListItem\",\"position\":3,\"name\":\"\u0160tap za uzemljenje T profil\"}]},{\"@type\":\"WebSite\",\"@id\":\"https:\\\/\\\/clair.si\\\/#website\",\"url\":\"https:\\\/\\\/clair.si\\\/\",\"name\":\"Clair\",\"description\":\"Trgovina s konjeni\u0161ko opremo\",\"publisher\":{\"@id\":\"https:\\\/\\\/clair.si\\\/#organization\"},\"potentialAction\":[{\"@type\":\"SearchAction\",\"target\":{\"@type\":\"EntryPoint\",\"urlTemplate\":\"https:\\\/\\\/clair.si\\\/?s={search_term_string}\"},\"query-input\":{\"@type\":\"PropertyValueSpecification\",\"valueRequired\":true,\"valueName\":\"search_term_string\"}}],\"inLanguage\":\"hr\"},{\"@type\":\"Organization\",\"@id\":\"https:\\\/\\\/clair.si\\\/#organization\",\"name\":\"Clair\",\"url\":\"https:\\\/\\\/clair.si\\\/\",\"logo\":{\"@type\":\"ImageObject\",\"inLanguage\":\"hr\",\"@id\":\"https:\\\/\\\/clair.si\\\/#\\\/schema\\\/logo\\\/image\\\/\",\"url\":\"https:\\\/\\\/clair.si\\\/wp-content\\\/uploads\\\/2022\\\/11\\\/clair_logo_2022.jpg\",\"contentUrl\":\"https:\\\/\\\/clair.si\\\/wp-content\\\/uploads\\\/2022\\\/11\\\/clair_logo_2022.jpg\",\"width\":1920,\"height\":1920,\"caption\":\"Clair\"},\"image\":{\"@id\":\"https:\\\/\\\/clair.si\\\/#\\\/schema\\\/logo\\\/image\\\/\"},\"sameAs\":[\"https:\\\/\\\/www.facebook.com\\\/TrgovinaClair\\\/\"]}]}<\/script>\n<!-- \/ Yoast SEO plugin. -->","yoast_head_json":{"title":"\u0160tap za uzemljenje T profil - Clair","description":"\u0160tap za uzemljenje dostupan je u na\u0161oj web trgovini. Izuzetna kvaliteta i niska cijena. Provjerite ponudu!","robots":{"index":"index","follow":"follow","max-snippet":"max-snippet:-1","max-image-preview":"max-image-preview:large","max-video-preview":"max-video-preview:-1"},"canonical":"https:\/\/clair.si\/hr\/izdelek\/stap-za-uzemljenje-t-profil\/","og_locale":"hr_HR","og_type":"article","og_title":"\u0160tap za uzemljenje T profil - Clair","og_description":"\u0160tap za uzemljenje dostupan je u na\u0161oj web trgovini. Izuzetna kvaliteta i niska cijena. Provjerite ponudu!","og_url":"https:\/\/clair.si\/hr\/izdelek\/stap-za-uzemljenje-t-profil\/","og_site_name":"Clair","article_publisher":"https:\/\/www.facebook.com\/TrgovinaClair\/","article_modified_time":"2025-08-28T04:39:40+00:00","og_image":[{"width":600,"height":600,"url":"https:\/\/clair.si\/wp-content\/uploads\/2022\/07\/1019199.jpeg","type":"image\/jpeg"}],"twitter_card":"summary_large_image","schema":{"@context":"https:\/\/schema.org","@graph":[{"@type":"WebPage","@id":"https:\/\/clair.si\/hr\/izdelek\/stap-za-uzemljenje-t-profil\/","url":"https:\/\/clair.si\/hr\/izdelek\/stap-za-uzemljenje-t-profil\/","name":"\u0160tap za uzemljenje T profil - Clair","isPartOf":{"@id":"https:\/\/clair.si\/#website"},"primaryImageOfPage":{"@id":"https:\/\/clair.si\/hr\/izdelek\/stap-za-uzemljenje-t-profil\/#primaryimage"},"image":{"@id":"https:\/\/clair.si\/hr\/izdelek\/stap-za-uzemljenje-t-profil\/#primaryimage"},"thumbnailUrl":"https:\/\/clair.si\/wp-content\/uploads\/2022\/07\/1019199.webp","datePublished":"2022-07-26T07:26:02+00:00","dateModified":"2025-08-28T04:39:40+00:00","description":"\u0160tap za uzemljenje dostupan je u na\u0161oj web trgovini. Izuzetna kvaliteta i niska cijena. Provjerite ponudu!","breadcrumb":{"@id":"https:\/\/clair.si\/hr\/izdelek\/stap-za-uzemljenje-t-profil\/#breadcrumb"},"inLanguage":"hr","potentialAction":[{"@type":"ReadAction","target":["https:\/\/clair.si\/hr\/izdelek\/stap-za-uzemljenje-t-profil\/"]}]},{"@type":"ImageObject","inLanguage":"hr","@id":"https:\/\/clair.si\/hr\/izdelek\/stap-za-uzemljenje-t-profil\/#primaryimage","url":"https:\/\/clair.si\/wp-content\/uploads\/2022\/07\/1019199.webp","contentUrl":"https:\/\/clair.si\/wp-content\/uploads\/2022\/07\/1019199.webp","width":600,"height":600,"caption":"Palica za ozemljitev T profil"},{"@type":"BreadcrumbList","@id":"https:\/\/clair.si\/hr\/izdelek\/stap-za-uzemljenje-t-profil\/#breadcrumb","itemListElement":[{"@type":"ListItem","position":1,"name":"Home","item":"https:\/\/clair.si\/hr\/"},{"@type":"ListItem","position":2,"name":"Trgovina","item":"https:\/\/clair.si\/trgovina\/"},{"@type":"ListItem","position":3,"name":"\u0160tap za uzemljenje T profil"}]},{"@type":"WebSite","@id":"https:\/\/clair.si\/#website","url":"https:\/\/clair.si\/","name":"Clair","description":"Trgovina s konjeni\u0161ko opremo","publisher":{"@id":"https:\/\/clair.si\/#organization"},"potentialAction":[{"@type":"SearchAction","target":{"@type":"EntryPoint","urlTemplate":"https:\/\/clair.si\/?s={search_term_string}"},"query-input":{"@type":"PropertyValueSpecification","valueRequired":true,"valueName":"search_term_string"}}],"inLanguage":"hr"},{"@type":"Organization","@id":"https:\/\/clair.si\/#organization","name":"Clair","url":"https:\/\/clair.si\/","logo":{"@type":"ImageObject","inLanguage":"hr","@id":"https:\/\/clair.si\/#\/schema\/logo\/image\/","url":"https:\/\/clair.si\/wp-content\/uploads\/2022\/11\/clair_logo_2022.jpg","contentUrl":"https:\/\/clair.si\/wp-content\/uploads\/2022\/11\/clair_logo_2022.jpg","width":1920,"height":1920,"caption":"Clair"},"image":{"@id":"https:\/\/clair.si\/#\/schema\/logo\/image\/"},"sameAs":["https:\/\/www.facebook.com\/TrgovinaClair\/"]}]}},"_links":{"self":[{"href":"https:\/\/clair.si\/hr\/wp-json\/wp\/v2\/product\/103048","targetHints":{"allow":["GET"]}}],"collection":[{"href":"https:\/\/clair.si\/hr\/wp-json\/wp\/v2\/product"}],"about":[{"href":"https:\/\/clair.si\/hr\/wp-json\/wp\/v2\/types\/product"}],"version-history":[{"count":0,"href":"https:\/\/clair.si\/hr\/wp-json\/wp\/v2\/product\/103048\/revisions"}],"wp:featuredmedia":[{"embeddable":true,"href":"https:\/\/clair.si\/hr\/wp-json\/wp\/v2\/media\/103051"}],"wp:attachment":[{"href":"https:\/\/clair.si\/hr\/wp-json\/wp\/v2\/media?parent=103048"}],"wp:term":[{"taxonomy":"product_brand","embeddable":true,"href":"https:\/\/clair.si\/hr\/wp-json\/wp\/v2\/product_brand?post=103048"},{"taxonomy":"product_cat","embeddable":true,"href":"https:\/\/clair.si\/hr\/wp-json\/wp\/v2\/product_cat?post=103048"},{"taxonomy":"product_tag","embeddable":true,"href":"https:\/\/clair.si\/hr\/wp-json\/wp\/v2\/product_tag?post=103048"}],"curies":[{"name":"wp","href":"https:\/\/api.w.org\/{rel}","templated":true}]}}