{"id":103070,"date":"2022-07-25T10:48:19","date_gmt":"2022-07-25T08:48:19","guid":{"rendered":"https:\/\/clair.si\/izdelek\/norton-pro-podrepnik-za-australsko-sedlo\/"},"modified":"2025-08-28T06:54:44","modified_gmt":"2025-08-28T04:54:44","slug":"norton-pro-podrepnik-za-australsko-sedlo","status":"publish","type":"product","link":"https:\/\/clair.si\/hr\/izdelek\/norton-pro-podrepnik-za-australsko-sedlo\/","title":{"rendered":"NORTON PRO podrepnik za australsko sedlo"},"content":{"rendered":"<p id=\"tw-target-text\" class=\"tw-data-text tw-text-large tw-ta\" dir=\"ltr\" data-placeholder=\"Translation\"><span class=\"Y2IQFc\" lang=\"sl\"><strong>NORTON PRO podrepnik za australsko sedlo<\/strong> &#8211; lijepo ukra\u0161en \u017eutim \u0161avovima. Izra\u0111en od nauljene bivolje ko\u017ee.<br \/>\n<\/span><\/p>\n<p dir=\"ltr\" data-placeholder=\"Translation\">Da sedlo ostane na mjestu!<\/p>\n","protected":false},"excerpt":{"rendered":"<p><span class=\"Y2IQFc\" lang=\"sl\"><strong>NORTON PRO podrepnik za australsko sedlo<\/strong> &#8211; lijepo ukra\u0161en \u017eutim \u0161avovima. Izra\u0111en od nauljene bivolje ko\u017ee.  <\/span><\/p>\n","protected":false},"featured_media":103074,"template":"","meta":{"footnotes":""},"product_brand":[],"product_cat":[5942,5624,5940],"product_tag":[],"class_list":{"0":"post-103070","1":"product","2":"type-product","3":"status-publish","4":"has-post-thumbnail","6":"product_cat-dodatna-oprema-za-sedla","7":"product_cat-konj-hr","8":"product_cat-sedla-hr","10":"first","11":"instock","12":"sale","13":"shipping-taxable","14":"purchasable","15":"product-type-simple"},"yoast_head":"<!-- This site is optimized with the Yoast SEO plugin v27.4 - https:\/\/yoast.com\/product\/yoast-seo-wordpress\/ -->\n<title>NORTON PRO podrepnik za australsko sedlo - Clair<\/title>\n<meta name=\"description\" content=\"NORTON PRO podrepnik za australsko sedlo - lijepo ukra\u0161en \u017eutim \u0161avovima. Izra\u0111en od nauljene bivolje ko\u017ee. Pogledajte i ponudu australskih sedla!\" \/>\n<meta name=\"robots\" content=\"index, follow, max-snippet:-1, max-image-preview:large, max-video-preview:-1\" \/>\n<link rel=\"canonical\" href=\"https:\/\/clair.si\/hr\/izdelek\/norton-pro-podrepnik-za-australsko-sedlo\/\" \/>\n<meta property=\"og:locale\" content=\"hr_HR\" \/>\n<meta property=\"og:type\" content=\"article\" \/>\n<meta property=\"og:title\" content=\"NORTON PRO podrepnik za australsko sedlo - Clair\" \/>\n<meta property=\"og:description\" content=\"NORTON PRO podrepnik za australsko sedlo - lijepo ukra\u0161en \u017eutim \u0161avovima. Izra\u0111en od nauljene bivolje ko\u017ee. Pogledajte i ponudu australskih sedla!\" \/>\n<meta property=\"og:url\" content=\"https:\/\/clair.si\/hr\/izdelek\/norton-pro-podrepnik-za-australsko-sedlo\/\" \/>\n<meta property=\"og:site_name\" content=\"Clair\" \/>\n<meta property=\"article:publisher\" content=\"https:\/\/www.facebook.com\/TrgovinaClair\/\" \/>\n<meta property=\"article:modified_time\" content=\"2025-08-28T04:54:44+00:00\" \/>\n<meta property=\"og:image\" content=\"https:\/\/clair.si\/wp-content\/uploads\/2022\/07\/norton-pro-podrepnik-za-avstralsko-sedlo.jpg\" \/>\n\t<meta property=\"og:image:width\" content=\"800\" \/>\n\t<meta property=\"og:image:height\" content=\"800\" \/>\n\t<meta property=\"og:image:type\" content=\"image\/jpeg\" \/>\n<meta name=\"twitter:card\" content=\"summary_large_image\" \/>\n<script type=\"application\/ld+json\" class=\"yoast-schema-graph\">{\"@context\":\"https:\\\/\\\/schema.org\",\"@graph\":[{\"@type\":\"WebPage\",\"@id\":\"https:\\\/\\\/clair.si\\\/hr\\\/izdelek\\\/norton-pro-podrepnik-za-australsko-sedlo\\\/\",\"url\":\"https:\\\/\\\/clair.si\\\/hr\\\/izdelek\\\/norton-pro-podrepnik-za-australsko-sedlo\\\/\",\"name\":\"NORTON PRO podrepnik za australsko sedlo - Clair\",\"isPartOf\":{\"@id\":\"https:\\\/\\\/clair.si\\\/#website\"},\"primaryImageOfPage\":{\"@id\":\"https:\\\/\\\/clair.si\\\/hr\\\/izdelek\\\/norton-pro-podrepnik-za-australsko-sedlo\\\/#primaryimage\"},\"image\":{\"@id\":\"https:\\\/\\\/clair.si\\\/hr\\\/izdelek\\\/norton-pro-podrepnik-za-australsko-sedlo\\\/#primaryimage\"},\"thumbnailUrl\":\"https:\\\/\\\/clair.si\\\/wp-content\\\/uploads\\\/2022\\\/07\\\/norton-pro-podrepnik-za-avstralsko-sedlo.webp\",\"datePublished\":\"2022-07-25T08:48:19+00:00\",\"dateModified\":\"2025-08-28T04:54:44+00:00\",\"description\":\"NORTON PRO podrepnik za australsko sedlo - lijepo ukra\u0161en \u017eutim \u0161avovima. Izra\u0111en od nauljene bivolje ko\u017ee. Pogledajte i ponudu australskih sedla!\",\"breadcrumb\":{\"@id\":\"https:\\\/\\\/clair.si\\\/hr\\\/izdelek\\\/norton-pro-podrepnik-za-australsko-sedlo\\\/#breadcrumb\"},\"inLanguage\":\"hr\",\"potentialAction\":[{\"@type\":\"ReadAction\",\"target\":[\"https:\\\/\\\/clair.si\\\/hr\\\/izdelek\\\/norton-pro-podrepnik-za-australsko-sedlo\\\/\"]}]},{\"@type\":\"ImageObject\",\"inLanguage\":\"hr\",\"@id\":\"https:\\\/\\\/clair.si\\\/hr\\\/izdelek\\\/norton-pro-podrepnik-za-australsko-sedlo\\\/#primaryimage\",\"url\":\"https:\\\/\\\/clair.si\\\/wp-content\\\/uploads\\\/2022\\\/07\\\/norton-pro-podrepnik-za-avstralsko-sedlo.webp\",\"contentUrl\":\"https:\\\/\\\/clair.si\\\/wp-content\\\/uploads\\\/2022\\\/07\\\/norton-pro-podrepnik-za-avstralsko-sedlo.webp\",\"width\":800,\"height\":800,\"caption\":\"Podrepnik za avstralsko sedlo.\"},{\"@type\":\"BreadcrumbList\",\"@id\":\"https:\\\/\\\/clair.si\\\/hr\\\/izdelek\\\/norton-pro-podrepnik-za-australsko-sedlo\\\/#breadcrumb\",\"itemListElement\":[{\"@type\":\"ListItem\",\"position\":1,\"name\":\"Home\",\"item\":\"https:\\\/\\\/clair.si\\\/hr\\\/\"},{\"@type\":\"ListItem\",\"position\":2,\"name\":\"Trgovina\",\"item\":\"https:\\\/\\\/clair.si\\\/trgovina\\\/\"},{\"@type\":\"ListItem\",\"position\":3,\"name\":\"NORTON PRO podrepnik za australsko sedlo\"}]},{\"@type\":\"WebSite\",\"@id\":\"https:\\\/\\\/clair.si\\\/#website\",\"url\":\"https:\\\/\\\/clair.si\\\/\",\"name\":\"Clair\",\"description\":\"Trgovina s konjeni\u0161ko opremo\",\"publisher\":{\"@id\":\"https:\\\/\\\/clair.si\\\/#organization\"},\"potentialAction\":[{\"@type\":\"SearchAction\",\"target\":{\"@type\":\"EntryPoint\",\"urlTemplate\":\"https:\\\/\\\/clair.si\\\/?s={search_term_string}\"},\"query-input\":{\"@type\":\"PropertyValueSpecification\",\"valueRequired\":true,\"valueName\":\"search_term_string\"}}],\"inLanguage\":\"hr\"},{\"@type\":\"Organization\",\"@id\":\"https:\\\/\\\/clair.si\\\/#organization\",\"name\":\"Clair\",\"url\":\"https:\\\/\\\/clair.si\\\/\",\"logo\":{\"@type\":\"ImageObject\",\"inLanguage\":\"hr\",\"@id\":\"https:\\\/\\\/clair.si\\\/#\\\/schema\\\/logo\\\/image\\\/\",\"url\":\"https:\\\/\\\/clair.si\\\/wp-content\\\/uploads\\\/2022\\\/11\\\/clair_logo_2022.jpg\",\"contentUrl\":\"https:\\\/\\\/clair.si\\\/wp-content\\\/uploads\\\/2022\\\/11\\\/clair_logo_2022.jpg\",\"width\":1920,\"height\":1920,\"caption\":\"Clair\"},\"image\":{\"@id\":\"https:\\\/\\\/clair.si\\\/#\\\/schema\\\/logo\\\/image\\\/\"},\"sameAs\":[\"https:\\\/\\\/www.facebook.com\\\/TrgovinaClair\\\/\"]}]}<\/script>\n<!-- \/ Yoast SEO plugin. -->","yoast_head_json":{"title":"NORTON PRO podrepnik za australsko sedlo - Clair","description":"NORTON PRO podrepnik za australsko sedlo - lijepo ukra\u0161en \u017eutim \u0161avovima. Izra\u0111en od nauljene bivolje ko\u017ee. Pogledajte i ponudu australskih sedla!","robots":{"index":"index","follow":"follow","max-snippet":"max-snippet:-1","max-image-preview":"max-image-preview:large","max-video-preview":"max-video-preview:-1"},"canonical":"https:\/\/clair.si\/hr\/izdelek\/norton-pro-podrepnik-za-australsko-sedlo\/","og_locale":"hr_HR","og_type":"article","og_title":"NORTON PRO podrepnik za australsko sedlo - Clair","og_description":"NORTON PRO podrepnik za australsko sedlo - lijepo ukra\u0161en \u017eutim \u0161avovima. Izra\u0111en od nauljene bivolje ko\u017ee. Pogledajte i ponudu australskih sedla!","og_url":"https:\/\/clair.si\/hr\/izdelek\/norton-pro-podrepnik-za-australsko-sedlo\/","og_site_name":"Clair","article_publisher":"https:\/\/www.facebook.com\/TrgovinaClair\/","article_modified_time":"2025-08-28T04:54:44+00:00","og_image":[{"width":800,"height":800,"url":"https:\/\/clair.si\/wp-content\/uploads\/2022\/07\/norton-pro-podrepnik-za-avstralsko-sedlo.jpg","type":"image\/jpeg"}],"twitter_card":"summary_large_image","schema":{"@context":"https:\/\/schema.org","@graph":[{"@type":"WebPage","@id":"https:\/\/clair.si\/hr\/izdelek\/norton-pro-podrepnik-za-australsko-sedlo\/","url":"https:\/\/clair.si\/hr\/izdelek\/norton-pro-podrepnik-za-australsko-sedlo\/","name":"NORTON PRO podrepnik za australsko sedlo - Clair","isPartOf":{"@id":"https:\/\/clair.si\/#website"},"primaryImageOfPage":{"@id":"https:\/\/clair.si\/hr\/izdelek\/norton-pro-podrepnik-za-australsko-sedlo\/#primaryimage"},"image":{"@id":"https:\/\/clair.si\/hr\/izdelek\/norton-pro-podrepnik-za-australsko-sedlo\/#primaryimage"},"thumbnailUrl":"https:\/\/clair.si\/wp-content\/uploads\/2022\/07\/norton-pro-podrepnik-za-avstralsko-sedlo.webp","datePublished":"2022-07-25T08:48:19+00:00","dateModified":"2025-08-28T04:54:44+00:00","description":"NORTON PRO podrepnik za australsko sedlo - lijepo ukra\u0161en \u017eutim \u0161avovima. Izra\u0111en od nauljene bivolje ko\u017ee. Pogledajte i ponudu australskih sedla!","breadcrumb":{"@id":"https:\/\/clair.si\/hr\/izdelek\/norton-pro-podrepnik-za-australsko-sedlo\/#breadcrumb"},"inLanguage":"hr","potentialAction":[{"@type":"ReadAction","target":["https:\/\/clair.si\/hr\/izdelek\/norton-pro-podrepnik-za-australsko-sedlo\/"]}]},{"@type":"ImageObject","inLanguage":"hr","@id":"https:\/\/clair.si\/hr\/izdelek\/norton-pro-podrepnik-za-australsko-sedlo\/#primaryimage","url":"https:\/\/clair.si\/wp-content\/uploads\/2022\/07\/norton-pro-podrepnik-za-avstralsko-sedlo.webp","contentUrl":"https:\/\/clair.si\/wp-content\/uploads\/2022\/07\/norton-pro-podrepnik-za-avstralsko-sedlo.webp","width":800,"height":800,"caption":"Podrepnik za avstralsko sedlo."},{"@type":"BreadcrumbList","@id":"https:\/\/clair.si\/hr\/izdelek\/norton-pro-podrepnik-za-australsko-sedlo\/#breadcrumb","itemListElement":[{"@type":"ListItem","position":1,"name":"Home","item":"https:\/\/clair.si\/hr\/"},{"@type":"ListItem","position":2,"name":"Trgovina","item":"https:\/\/clair.si\/trgovina\/"},{"@type":"ListItem","position":3,"name":"NORTON PRO podrepnik za australsko sedlo"}]},{"@type":"WebSite","@id":"https:\/\/clair.si\/#website","url":"https:\/\/clair.si\/","name":"Clair","description":"Trgovina s konjeni\u0161ko opremo","publisher":{"@id":"https:\/\/clair.si\/#organization"},"potentialAction":[{"@type":"SearchAction","target":{"@type":"EntryPoint","urlTemplate":"https:\/\/clair.si\/?s={search_term_string}"},"query-input":{"@type":"PropertyValueSpecification","valueRequired":true,"valueName":"search_term_string"}}],"inLanguage":"hr"},{"@type":"Organization","@id":"https:\/\/clair.si\/#organization","name":"Clair","url":"https:\/\/clair.si\/","logo":{"@type":"ImageObject","inLanguage":"hr","@id":"https:\/\/clair.si\/#\/schema\/logo\/image\/","url":"https:\/\/clair.si\/wp-content\/uploads\/2022\/11\/clair_logo_2022.jpg","contentUrl":"https:\/\/clair.si\/wp-content\/uploads\/2022\/11\/clair_logo_2022.jpg","width":1920,"height":1920,"caption":"Clair"},"image":{"@id":"https:\/\/clair.si\/#\/schema\/logo\/image\/"},"sameAs":["https:\/\/www.facebook.com\/TrgovinaClair\/"]}]}},"_links":{"self":[{"href":"https:\/\/clair.si\/hr\/wp-json\/wp\/v2\/product\/103070","targetHints":{"allow":["GET"]}}],"collection":[{"href":"https:\/\/clair.si\/hr\/wp-json\/wp\/v2\/product"}],"about":[{"href":"https:\/\/clair.si\/hr\/wp-json\/wp\/v2\/types\/product"}],"version-history":[{"count":0,"href":"https:\/\/clair.si\/hr\/wp-json\/wp\/v2\/product\/103070\/revisions"}],"wp:featuredmedia":[{"embeddable":true,"href":"https:\/\/clair.si\/hr\/wp-json\/wp\/v2\/media\/103074"}],"wp:attachment":[{"href":"https:\/\/clair.si\/hr\/wp-json\/wp\/v2\/media?parent=103070"}],"wp:term":[{"taxonomy":"product_brand","embeddable":true,"href":"https:\/\/clair.si\/hr\/wp-json\/wp\/v2\/product_brand?post=103070"},{"taxonomy":"product_cat","embeddable":true,"href":"https:\/\/clair.si\/hr\/wp-json\/wp\/v2\/product_cat?post=103070"},{"taxonomy":"product_tag","embeddable":true,"href":"https:\/\/clair.si\/hr\/wp-json\/wp\/v2\/product_tag?post=103070"}],"curies":[{"name":"wp","href":"https:\/\/api.w.org\/{rel}","templated":true}]}}