{"id":103081,"date":"2022-07-26T11:48:14","date_gmt":"2022-07-26T09:48:14","guid":{"rendered":"https:\/\/clair.si\/izdelek\/prekidac-za-ukljucivanje-i-iskljucivanje-ograde\/"},"modified":"2025-08-28T06:38:59","modified_gmt":"2025-08-28T04:38:59","slug":"prekidac-za-ukljucivanje-i-iskljucivanje-ograde","status":"publish","type":"product","link":"https:\/\/clair.si\/hr\/izdelek\/prekidac-za-ukljucivanje-i-iskljucivanje-ograde\/","title":{"rendered":"Prekida\u010d za uklju\u010divanje i isklju\u010divanje ograde"},"content":{"rendered":"<p><strong>Prekida\u010d za uklju\u010divanje i isklju\u010divanje ograde<\/strong> Horizont. Mogu\u0107nost dva priklju\u010dka. Prekida\u010d se mo\u017ee<strong> koristiti odvojeno od elektri\u010dnog pastira.<\/strong>  <\/p>\n<p>Dimenzije: visina 12 cm, du\u017eina 6 cm<\/p>\n<p><strong>Postavke:<\/strong><\/p>\n<ul>\n<li>0 \u2013 Isklju\u010deno<\/li>\n<li>1 \u2013 Prva ograda<\/li>\n<li>2 \u2013 Druga ograda<\/li>\n<li>3 \u2013 Uklju\u010divanje 1. i 2. ograde istovremeno  <\/li>\n<\/ul>\n","protected":false},"excerpt":{"rendered":"<p>Prekida\u010d za uklju\u010divanje i isklju\u010divanje ograde Horizont. Mogu\u0107nost dva priklju\u010dka. Prekida\u010d se mo\u017ee koristiti odvojeno od elektri\u010dnog pastira. Dimenzije: visina<\/p>\n","protected":false},"featured_media":103083,"template":"","meta":{"footnotes":""},"product_brand":[],"product_cat":[6308,5820,5821,5627],"product_tag":[],"class_list":{"0":"post-103081","1":"product","2":"type-product","3":"status-publish","4":"has-post-thumbnail","6":"product_cat-dodatna-oprema-za-elektricnu-ogradu","7":"product_cat-oprema-za-pasnjake","8":"product_cat-ostala-oprema-za-pasnjake","9":"product_cat-stala-i-pasnjak","11":"first","12":"instock","13":"sale","14":"shipping-taxable","15":"purchasable","16":"product-type-simple"},"yoast_head":"<!-- This site is optimized with the Yoast SEO plugin v27.4 - https:\/\/yoast.com\/product\/yoast-seo-wordpress\/ -->\n<title>Prekida\u010d za uklju\u010divanje i isklju\u010divanje ograde - Clair<\/title>\n<meta name=\"description\" content=\"Prekida\u010d za uklju\u010divanje i isklju\u010divanje ograde jednostavan je za kori\u0161tenje. Nabavite ga u na\u0161oj web trgovini. Provjerite ponudu!\" \/>\n<meta name=\"robots\" content=\"index, follow, max-snippet:-1, max-image-preview:large, max-video-preview:-1\" \/>\n<link rel=\"canonical\" href=\"https:\/\/clair.si\/hr\/izdelek\/prekidac-za-ukljucivanje-i-iskljucivanje-ograde\/\" \/>\n<meta property=\"og:locale\" content=\"hr_HR\" \/>\n<meta property=\"og:type\" content=\"article\" \/>\n<meta property=\"og:title\" content=\"Prekida\u010d za uklju\u010divanje i isklju\u010divanje ograde - Clair\" \/>\n<meta property=\"og:description\" content=\"Prekida\u010d za uklju\u010divanje i isklju\u010divanje ograde jednostavan je za kori\u0161tenje. Nabavite ga u na\u0161oj web trgovini. Provjerite ponudu!\" \/>\n<meta property=\"og:url\" content=\"https:\/\/clair.si\/hr\/izdelek\/prekidac-za-ukljucivanje-i-iskljucivanje-ograde\/\" \/>\n<meta property=\"og:site_name\" content=\"Clair\" \/>\n<meta property=\"article:publisher\" content=\"https:\/\/www.facebook.com\/TrgovinaClair\/\" \/>\n<meta property=\"article:modified_time\" content=\"2025-08-28T04:38:59+00:00\" \/>\n<meta property=\"og:image\" content=\"https:\/\/clair.si\/wp-content\/uploads\/2022\/07\/1019004.jpeg\" \/>\n\t<meta property=\"og:image:width\" content=\"1500\" \/>\n\t<meta property=\"og:image:height\" content=\"1500\" \/>\n\t<meta property=\"og:image:type\" content=\"image\/jpeg\" \/>\n<meta name=\"twitter:card\" content=\"summary_large_image\" \/>\n<script type=\"application\/ld+json\" class=\"yoast-schema-graph\">{\"@context\":\"https:\\\/\\\/schema.org\",\"@graph\":[{\"@type\":\"WebPage\",\"@id\":\"https:\\\/\\\/clair.si\\\/hr\\\/izdelek\\\/prekidac-za-ukljucivanje-i-iskljucivanje-ograde\\\/\",\"url\":\"https:\\\/\\\/clair.si\\\/hr\\\/izdelek\\\/prekidac-za-ukljucivanje-i-iskljucivanje-ograde\\\/\",\"name\":\"Prekida\u010d za uklju\u010divanje i isklju\u010divanje ograde - Clair\",\"isPartOf\":{\"@id\":\"https:\\\/\\\/clair.si\\\/#website\"},\"primaryImageOfPage\":{\"@id\":\"https:\\\/\\\/clair.si\\\/hr\\\/izdelek\\\/prekidac-za-ukljucivanje-i-iskljucivanje-ograde\\\/#primaryimage\"},\"image\":{\"@id\":\"https:\\\/\\\/clair.si\\\/hr\\\/izdelek\\\/prekidac-za-ukljucivanje-i-iskljucivanje-ograde\\\/#primaryimage\"},\"thumbnailUrl\":\"https:\\\/\\\/clair.si\\\/wp-content\\\/uploads\\\/2022\\\/07\\\/1019004.webp\",\"datePublished\":\"2022-07-26T09:48:14+00:00\",\"dateModified\":\"2025-08-28T04:38:59+00:00\",\"description\":\"Prekida\u010d za uklju\u010divanje i isklju\u010divanje ograde jednostavan je za kori\u0161tenje. Nabavite ga u na\u0161oj web trgovini. Provjerite ponudu!\",\"breadcrumb\":{\"@id\":\"https:\\\/\\\/clair.si\\\/hr\\\/izdelek\\\/prekidac-za-ukljucivanje-i-iskljucivanje-ograde\\\/#breadcrumb\"},\"inLanguage\":\"hr\",\"potentialAction\":[{\"@type\":\"ReadAction\",\"target\":[\"https:\\\/\\\/clair.si\\\/hr\\\/izdelek\\\/prekidac-za-ukljucivanje-i-iskljucivanje-ograde\\\/\"]}]},{\"@type\":\"ImageObject\",\"inLanguage\":\"hr\",\"@id\":\"https:\\\/\\\/clair.si\\\/hr\\\/izdelek\\\/prekidac-za-ukljucivanje-i-iskljucivanje-ograde\\\/#primaryimage\",\"url\":\"https:\\\/\\\/clair.si\\\/wp-content\\\/uploads\\\/2022\\\/07\\\/1019004.webp\",\"contentUrl\":\"https:\\\/\\\/clair.si\\\/wp-content\\\/uploads\\\/2022\\\/07\\\/1019004.webp\",\"width\":1500,\"height\":1500,\"caption\":\"Stikalo za vklop in izklop elektri\u010dne ograje\"},{\"@type\":\"BreadcrumbList\",\"@id\":\"https:\\\/\\\/clair.si\\\/hr\\\/izdelek\\\/prekidac-za-ukljucivanje-i-iskljucivanje-ograde\\\/#breadcrumb\",\"itemListElement\":[{\"@type\":\"ListItem\",\"position\":1,\"name\":\"Home\",\"item\":\"https:\\\/\\\/clair.si\\\/hr\\\/\"},{\"@type\":\"ListItem\",\"position\":2,\"name\":\"Trgovina\",\"item\":\"https:\\\/\\\/clair.si\\\/trgovina\\\/\"},{\"@type\":\"ListItem\",\"position\":3,\"name\":\"Prekida\u010d za uklju\u010divanje i isklju\u010divanje ograde\"}]},{\"@type\":\"WebSite\",\"@id\":\"https:\\\/\\\/clair.si\\\/#website\",\"url\":\"https:\\\/\\\/clair.si\\\/\",\"name\":\"Clair\",\"description\":\"Trgovina s konjeni\u0161ko opremo\",\"publisher\":{\"@id\":\"https:\\\/\\\/clair.si\\\/#organization\"},\"potentialAction\":[{\"@type\":\"SearchAction\",\"target\":{\"@type\":\"EntryPoint\",\"urlTemplate\":\"https:\\\/\\\/clair.si\\\/?s={search_term_string}\"},\"query-input\":{\"@type\":\"PropertyValueSpecification\",\"valueRequired\":true,\"valueName\":\"search_term_string\"}}],\"inLanguage\":\"hr\"},{\"@type\":\"Organization\",\"@id\":\"https:\\\/\\\/clair.si\\\/#organization\",\"name\":\"Clair\",\"url\":\"https:\\\/\\\/clair.si\\\/\",\"logo\":{\"@type\":\"ImageObject\",\"inLanguage\":\"hr\",\"@id\":\"https:\\\/\\\/clair.si\\\/#\\\/schema\\\/logo\\\/image\\\/\",\"url\":\"https:\\\/\\\/clair.si\\\/wp-content\\\/uploads\\\/2022\\\/11\\\/clair_logo_2022.jpg\",\"contentUrl\":\"https:\\\/\\\/clair.si\\\/wp-content\\\/uploads\\\/2022\\\/11\\\/clair_logo_2022.jpg\",\"width\":1920,\"height\":1920,\"caption\":\"Clair\"},\"image\":{\"@id\":\"https:\\\/\\\/clair.si\\\/#\\\/schema\\\/logo\\\/image\\\/\"},\"sameAs\":[\"https:\\\/\\\/www.facebook.com\\\/TrgovinaClair\\\/\"]}]}<\/script>\n<!-- \/ Yoast SEO plugin. -->","yoast_head_json":{"title":"Prekida\u010d za uklju\u010divanje i isklju\u010divanje ograde - Clair","description":"Prekida\u010d za uklju\u010divanje i isklju\u010divanje ograde jednostavan je za kori\u0161tenje. Nabavite ga u na\u0161oj web trgovini. Provjerite ponudu!","robots":{"index":"index","follow":"follow","max-snippet":"max-snippet:-1","max-image-preview":"max-image-preview:large","max-video-preview":"max-video-preview:-1"},"canonical":"https:\/\/clair.si\/hr\/izdelek\/prekidac-za-ukljucivanje-i-iskljucivanje-ograde\/","og_locale":"hr_HR","og_type":"article","og_title":"Prekida\u010d za uklju\u010divanje i isklju\u010divanje ograde - Clair","og_description":"Prekida\u010d za uklju\u010divanje i isklju\u010divanje ograde jednostavan je za kori\u0161tenje. Nabavite ga u na\u0161oj web trgovini. Provjerite ponudu!","og_url":"https:\/\/clair.si\/hr\/izdelek\/prekidac-za-ukljucivanje-i-iskljucivanje-ograde\/","og_site_name":"Clair","article_publisher":"https:\/\/www.facebook.com\/TrgovinaClair\/","article_modified_time":"2025-08-28T04:38:59+00:00","og_image":[{"width":1500,"height":1500,"url":"https:\/\/clair.si\/wp-content\/uploads\/2022\/07\/1019004.jpeg","type":"image\/jpeg"}],"twitter_card":"summary_large_image","schema":{"@context":"https:\/\/schema.org","@graph":[{"@type":"WebPage","@id":"https:\/\/clair.si\/hr\/izdelek\/prekidac-za-ukljucivanje-i-iskljucivanje-ograde\/","url":"https:\/\/clair.si\/hr\/izdelek\/prekidac-za-ukljucivanje-i-iskljucivanje-ograde\/","name":"Prekida\u010d za uklju\u010divanje i isklju\u010divanje ograde - Clair","isPartOf":{"@id":"https:\/\/clair.si\/#website"},"primaryImageOfPage":{"@id":"https:\/\/clair.si\/hr\/izdelek\/prekidac-za-ukljucivanje-i-iskljucivanje-ograde\/#primaryimage"},"image":{"@id":"https:\/\/clair.si\/hr\/izdelek\/prekidac-za-ukljucivanje-i-iskljucivanje-ograde\/#primaryimage"},"thumbnailUrl":"https:\/\/clair.si\/wp-content\/uploads\/2022\/07\/1019004.webp","datePublished":"2022-07-26T09:48:14+00:00","dateModified":"2025-08-28T04:38:59+00:00","description":"Prekida\u010d za uklju\u010divanje i isklju\u010divanje ograde jednostavan je za kori\u0161tenje. Nabavite ga u na\u0161oj web trgovini. Provjerite ponudu!","breadcrumb":{"@id":"https:\/\/clair.si\/hr\/izdelek\/prekidac-za-ukljucivanje-i-iskljucivanje-ograde\/#breadcrumb"},"inLanguage":"hr","potentialAction":[{"@type":"ReadAction","target":["https:\/\/clair.si\/hr\/izdelek\/prekidac-za-ukljucivanje-i-iskljucivanje-ograde\/"]}]},{"@type":"ImageObject","inLanguage":"hr","@id":"https:\/\/clair.si\/hr\/izdelek\/prekidac-za-ukljucivanje-i-iskljucivanje-ograde\/#primaryimage","url":"https:\/\/clair.si\/wp-content\/uploads\/2022\/07\/1019004.webp","contentUrl":"https:\/\/clair.si\/wp-content\/uploads\/2022\/07\/1019004.webp","width":1500,"height":1500,"caption":"Stikalo za vklop in izklop elektri\u010dne ograje"},{"@type":"BreadcrumbList","@id":"https:\/\/clair.si\/hr\/izdelek\/prekidac-za-ukljucivanje-i-iskljucivanje-ograde\/#breadcrumb","itemListElement":[{"@type":"ListItem","position":1,"name":"Home","item":"https:\/\/clair.si\/hr\/"},{"@type":"ListItem","position":2,"name":"Trgovina","item":"https:\/\/clair.si\/trgovina\/"},{"@type":"ListItem","position":3,"name":"Prekida\u010d za uklju\u010divanje i isklju\u010divanje ograde"}]},{"@type":"WebSite","@id":"https:\/\/clair.si\/#website","url":"https:\/\/clair.si\/","name":"Clair","description":"Trgovina s konjeni\u0161ko opremo","publisher":{"@id":"https:\/\/clair.si\/#organization"},"potentialAction":[{"@type":"SearchAction","target":{"@type":"EntryPoint","urlTemplate":"https:\/\/clair.si\/?s={search_term_string}"},"query-input":{"@type":"PropertyValueSpecification","valueRequired":true,"valueName":"search_term_string"}}],"inLanguage":"hr"},{"@type":"Organization","@id":"https:\/\/clair.si\/#organization","name":"Clair","url":"https:\/\/clair.si\/","logo":{"@type":"ImageObject","inLanguage":"hr","@id":"https:\/\/clair.si\/#\/schema\/logo\/image\/","url":"https:\/\/clair.si\/wp-content\/uploads\/2022\/11\/clair_logo_2022.jpg","contentUrl":"https:\/\/clair.si\/wp-content\/uploads\/2022\/11\/clair_logo_2022.jpg","width":1920,"height":1920,"caption":"Clair"},"image":{"@id":"https:\/\/clair.si\/#\/schema\/logo\/image\/"},"sameAs":["https:\/\/www.facebook.com\/TrgovinaClair\/"]}]}},"_links":{"self":[{"href":"https:\/\/clair.si\/hr\/wp-json\/wp\/v2\/product\/103081","targetHints":{"allow":["GET"]}}],"collection":[{"href":"https:\/\/clair.si\/hr\/wp-json\/wp\/v2\/product"}],"about":[{"href":"https:\/\/clair.si\/hr\/wp-json\/wp\/v2\/types\/product"}],"version-history":[{"count":0,"href":"https:\/\/clair.si\/hr\/wp-json\/wp\/v2\/product\/103081\/revisions"}],"wp:featuredmedia":[{"embeddable":true,"href":"https:\/\/clair.si\/hr\/wp-json\/wp\/v2\/media\/103083"}],"wp:attachment":[{"href":"https:\/\/clair.si\/hr\/wp-json\/wp\/v2\/media?parent=103081"}],"wp:term":[{"taxonomy":"product_brand","embeddable":true,"href":"https:\/\/clair.si\/hr\/wp-json\/wp\/v2\/product_brand?post=103081"},{"taxonomy":"product_cat","embeddable":true,"href":"https:\/\/clair.si\/hr\/wp-json\/wp\/v2\/product_cat?post=103081"},{"taxonomy":"product_tag","embeddable":true,"href":"https:\/\/clair.si\/hr\/wp-json\/wp\/v2\/product_tag?post=103081"}],"curies":[{"name":"wp","href":"https:\/\/api.w.org\/{rel}","templated":true}]}}