{"id":103088,"date":"2022-07-26T11:37:12","date_gmt":"2022-07-26T09:37:12","guid":{"rendered":"https:\/\/clair.si\/izdelek\/kolut-za-namatanje-zice-beaumont\/"},"modified":"2025-08-28T06:39:21","modified_gmt":"2025-08-28T04:39:21","slug":"kolut-za-namatanje-zice-beaumont","status":"publish","type":"product","link":"https:\/\/clair.si\/hr\/izdelek\/kolut-za-namatanje-zice-beaumont\/","title":{"rendered":"Kolut za namatanje \u017eice Beaumont"},"content":{"rendered":"<p><strong>Kolut za namatanje \u017eice<\/strong> Beaumont, koristi se za lak\u0161e odmotavanje i namatanje \u017eice.<\/p>\n<p>Omogu\u0107uje namatanje <strong>do 500 m du\u017eine \u017eice<\/strong> s prakti\u010dnom ru\u010dkom.<\/p>\n<p>Ima osigura\u010d za jednostavno zaustavljanje i plasti\u010dni dr\u017ea\u010d.<\/p>\n<p>Izra\u0111en je od <strong>izdr\u017eljive plastike.<\/strong><\/p>\n","protected":false},"excerpt":{"rendered":"<p>Kolut za namatanje \u017eice Beaumont, koristi se za lak\u0161e odmotavanje i namatanje \u017eice. Omogu\u0107uje namatanje do 500 m du\u017eine \u017eice<\/p>\n","protected":false},"featured_media":103091,"template":"","meta":{"footnotes":""},"product_brand":[],"product_cat":[6591,5820,5821,5627],"product_tag":[],"class_list":{"0":"post-103088","1":"product","2":"type-product","3":"status-publish","4":"has-post-thumbnail","6":"product_cat-namatalice-traka-i-zica","7":"product_cat-oprema-za-pasnjake","8":"product_cat-ostala-oprema-za-pasnjake","9":"product_cat-stala-i-pasnjak","11":"first","12":"instock","13":"sale","14":"shipping-taxable","15":"purchasable","16":"product-type-simple"},"yoast_head":"<!-- This site is optimized with the Yoast SEO plugin v27.4 - https:\/\/yoast.com\/product\/yoast-seo-wordpress\/ -->\n<title>Kolut za namatanje \u017eice Beaumont - Clair<\/title>\n<meta name=\"description\" content=\"Kolut za namatanje \u017eice Beaumont je kvalitetan kolut za namatanje marke Ukal. Provjerite i na\u0161e ostale proizvode u web trgovini.\" \/>\n<meta name=\"robots\" content=\"index, follow, max-snippet:-1, max-image-preview:large, max-video-preview:-1\" \/>\n<link rel=\"canonical\" href=\"https:\/\/clair.si\/hr\/izdelek\/kolut-za-namatanje-zice-beaumont\/\" \/>\n<meta property=\"og:locale\" content=\"hr_HR\" \/>\n<meta property=\"og:type\" content=\"article\" \/>\n<meta property=\"og:title\" content=\"Kolut za namatanje \u017eice Beaumont - Clair\" \/>\n<meta property=\"og:description\" content=\"Kolut za namatanje \u017eice Beaumont je kvalitetan kolut za namatanje marke Ukal. Provjerite i na\u0161e ostale proizvode u web trgovini.\" \/>\n<meta property=\"og:url\" content=\"https:\/\/clair.si\/hr\/izdelek\/kolut-za-namatanje-zice-beaumont\/\" \/>\n<meta property=\"og:site_name\" content=\"Clair\" \/>\n<meta property=\"article:publisher\" content=\"https:\/\/www.facebook.com\/TrgovinaClair\/\" \/>\n<meta property=\"article:modified_time\" content=\"2025-08-28T04:39:21+00:00\" \/>\n<meta property=\"og:image\" content=\"https:\/\/clair.si\/wp-content\/uploads\/2022\/07\/kolut-za-navijanje-zice-Beaumont-1019018.jpeg\" \/>\n\t<meta property=\"og:image:width\" content=\"1110\" \/>\n\t<meta property=\"og:image:height\" content=\"1110\" \/>\n\t<meta property=\"og:image:type\" content=\"image\/jpeg\" \/>\n<meta name=\"twitter:card\" content=\"summary_large_image\" \/>\n<script type=\"application\/ld+json\" class=\"yoast-schema-graph\">{\"@context\":\"https:\\\/\\\/schema.org\",\"@graph\":[{\"@type\":\"WebPage\",\"@id\":\"https:\\\/\\\/clair.si\\\/hr\\\/izdelek\\\/kolut-za-namatanje-zice-beaumont\\\/\",\"url\":\"https:\\\/\\\/clair.si\\\/hr\\\/izdelek\\\/kolut-za-namatanje-zice-beaumont\\\/\",\"name\":\"Kolut za namatanje \u017eice Beaumont - Clair\",\"isPartOf\":{\"@id\":\"https:\\\/\\\/clair.si\\\/#website\"},\"primaryImageOfPage\":{\"@id\":\"https:\\\/\\\/clair.si\\\/hr\\\/izdelek\\\/kolut-za-namatanje-zice-beaumont\\\/#primaryimage\"},\"image\":{\"@id\":\"https:\\\/\\\/clair.si\\\/hr\\\/izdelek\\\/kolut-za-namatanje-zice-beaumont\\\/#primaryimage\"},\"thumbnailUrl\":\"https:\\\/\\\/clair.si\\\/wp-content\\\/uploads\\\/2022\\\/07\\\/kolut-za-navijanje-zice-Beaumont-1019018.webp\",\"datePublished\":\"2022-07-26T09:37:12+00:00\",\"dateModified\":\"2025-08-28T04:39:21+00:00\",\"description\":\"Kolut za namatanje \u017eice Beaumont je kvalitetan kolut za namatanje marke Ukal. Provjerite i na\u0161e ostale proizvode u web trgovini.\",\"breadcrumb\":{\"@id\":\"https:\\\/\\\/clair.si\\\/hr\\\/izdelek\\\/kolut-za-namatanje-zice-beaumont\\\/#breadcrumb\"},\"inLanguage\":\"hr\",\"potentialAction\":[{\"@type\":\"ReadAction\",\"target\":[\"https:\\\/\\\/clair.si\\\/hr\\\/izdelek\\\/kolut-za-namatanje-zice-beaumont\\\/\"]}]},{\"@type\":\"ImageObject\",\"inLanguage\":\"hr\",\"@id\":\"https:\\\/\\\/clair.si\\\/hr\\\/izdelek\\\/kolut-za-namatanje-zice-beaumont\\\/#primaryimage\",\"url\":\"https:\\\/\\\/clair.si\\\/wp-content\\\/uploads\\\/2022\\\/07\\\/kolut-za-navijanje-zice-Beaumont-1019018.webp\",\"contentUrl\":\"https:\\\/\\\/clair.si\\\/wp-content\\\/uploads\\\/2022\\\/07\\\/kolut-za-navijanje-zice-Beaumont-1019018.webp\",\"width\":1110,\"height\":1110,\"caption\":\"Kolut za navijanje \u017eice\"},{\"@type\":\"BreadcrumbList\",\"@id\":\"https:\\\/\\\/clair.si\\\/hr\\\/izdelek\\\/kolut-za-namatanje-zice-beaumont\\\/#breadcrumb\",\"itemListElement\":[{\"@type\":\"ListItem\",\"position\":1,\"name\":\"Home\",\"item\":\"https:\\\/\\\/clair.si\\\/hr\\\/\"},{\"@type\":\"ListItem\",\"position\":2,\"name\":\"Trgovina\",\"item\":\"https:\\\/\\\/clair.si\\\/trgovina\\\/\"},{\"@type\":\"ListItem\",\"position\":3,\"name\":\"Kolut za namatanje \u017eice Beaumont\"}]},{\"@type\":\"WebSite\",\"@id\":\"https:\\\/\\\/clair.si\\\/#website\",\"url\":\"https:\\\/\\\/clair.si\\\/\",\"name\":\"Clair\",\"description\":\"Trgovina s konjeni\u0161ko opremo\",\"publisher\":{\"@id\":\"https:\\\/\\\/clair.si\\\/#organization\"},\"potentialAction\":[{\"@type\":\"SearchAction\",\"target\":{\"@type\":\"EntryPoint\",\"urlTemplate\":\"https:\\\/\\\/clair.si\\\/?s={search_term_string}\"},\"query-input\":{\"@type\":\"PropertyValueSpecification\",\"valueRequired\":true,\"valueName\":\"search_term_string\"}}],\"inLanguage\":\"hr\"},{\"@type\":\"Organization\",\"@id\":\"https:\\\/\\\/clair.si\\\/#organization\",\"name\":\"Clair\",\"url\":\"https:\\\/\\\/clair.si\\\/\",\"logo\":{\"@type\":\"ImageObject\",\"inLanguage\":\"hr\",\"@id\":\"https:\\\/\\\/clair.si\\\/#\\\/schema\\\/logo\\\/image\\\/\",\"url\":\"https:\\\/\\\/clair.si\\\/wp-content\\\/uploads\\\/2022\\\/11\\\/clair_logo_2022.jpg\",\"contentUrl\":\"https:\\\/\\\/clair.si\\\/wp-content\\\/uploads\\\/2022\\\/11\\\/clair_logo_2022.jpg\",\"width\":1920,\"height\":1920,\"caption\":\"Clair\"},\"image\":{\"@id\":\"https:\\\/\\\/clair.si\\\/#\\\/schema\\\/logo\\\/image\\\/\"},\"sameAs\":[\"https:\\\/\\\/www.facebook.com\\\/TrgovinaClair\\\/\"]}]}<\/script>\n<!-- \/ Yoast SEO plugin. -->","yoast_head_json":{"title":"Kolut za namatanje \u017eice Beaumont - Clair","description":"Kolut za namatanje \u017eice Beaumont je kvalitetan kolut za namatanje marke Ukal. Provjerite i na\u0161e ostale proizvode u web trgovini.","robots":{"index":"index","follow":"follow","max-snippet":"max-snippet:-1","max-image-preview":"max-image-preview:large","max-video-preview":"max-video-preview:-1"},"canonical":"https:\/\/clair.si\/hr\/izdelek\/kolut-za-namatanje-zice-beaumont\/","og_locale":"hr_HR","og_type":"article","og_title":"Kolut za namatanje \u017eice Beaumont - Clair","og_description":"Kolut za namatanje \u017eice Beaumont je kvalitetan kolut za namatanje marke Ukal. Provjerite i na\u0161e ostale proizvode u web trgovini.","og_url":"https:\/\/clair.si\/hr\/izdelek\/kolut-za-namatanje-zice-beaumont\/","og_site_name":"Clair","article_publisher":"https:\/\/www.facebook.com\/TrgovinaClair\/","article_modified_time":"2025-08-28T04:39:21+00:00","og_image":[{"width":1110,"height":1110,"url":"https:\/\/clair.si\/wp-content\/uploads\/2022\/07\/kolut-za-navijanje-zice-Beaumont-1019018.jpeg","type":"image\/jpeg"}],"twitter_card":"summary_large_image","schema":{"@context":"https:\/\/schema.org","@graph":[{"@type":"WebPage","@id":"https:\/\/clair.si\/hr\/izdelek\/kolut-za-namatanje-zice-beaumont\/","url":"https:\/\/clair.si\/hr\/izdelek\/kolut-za-namatanje-zice-beaumont\/","name":"Kolut za namatanje \u017eice Beaumont - Clair","isPartOf":{"@id":"https:\/\/clair.si\/#website"},"primaryImageOfPage":{"@id":"https:\/\/clair.si\/hr\/izdelek\/kolut-za-namatanje-zice-beaumont\/#primaryimage"},"image":{"@id":"https:\/\/clair.si\/hr\/izdelek\/kolut-za-namatanje-zice-beaumont\/#primaryimage"},"thumbnailUrl":"https:\/\/clair.si\/wp-content\/uploads\/2022\/07\/kolut-za-navijanje-zice-Beaumont-1019018.webp","datePublished":"2022-07-26T09:37:12+00:00","dateModified":"2025-08-28T04:39:21+00:00","description":"Kolut za namatanje \u017eice Beaumont je kvalitetan kolut za namatanje marke Ukal. Provjerite i na\u0161e ostale proizvode u web trgovini.","breadcrumb":{"@id":"https:\/\/clair.si\/hr\/izdelek\/kolut-za-namatanje-zice-beaumont\/#breadcrumb"},"inLanguage":"hr","potentialAction":[{"@type":"ReadAction","target":["https:\/\/clair.si\/hr\/izdelek\/kolut-za-namatanje-zice-beaumont\/"]}]},{"@type":"ImageObject","inLanguage":"hr","@id":"https:\/\/clair.si\/hr\/izdelek\/kolut-za-namatanje-zice-beaumont\/#primaryimage","url":"https:\/\/clair.si\/wp-content\/uploads\/2022\/07\/kolut-za-navijanje-zice-Beaumont-1019018.webp","contentUrl":"https:\/\/clair.si\/wp-content\/uploads\/2022\/07\/kolut-za-navijanje-zice-Beaumont-1019018.webp","width":1110,"height":1110,"caption":"Kolut za navijanje \u017eice"},{"@type":"BreadcrumbList","@id":"https:\/\/clair.si\/hr\/izdelek\/kolut-za-namatanje-zice-beaumont\/#breadcrumb","itemListElement":[{"@type":"ListItem","position":1,"name":"Home","item":"https:\/\/clair.si\/hr\/"},{"@type":"ListItem","position":2,"name":"Trgovina","item":"https:\/\/clair.si\/trgovina\/"},{"@type":"ListItem","position":3,"name":"Kolut za namatanje \u017eice Beaumont"}]},{"@type":"WebSite","@id":"https:\/\/clair.si\/#website","url":"https:\/\/clair.si\/","name":"Clair","description":"Trgovina s konjeni\u0161ko opremo","publisher":{"@id":"https:\/\/clair.si\/#organization"},"potentialAction":[{"@type":"SearchAction","target":{"@type":"EntryPoint","urlTemplate":"https:\/\/clair.si\/?s={search_term_string}"},"query-input":{"@type":"PropertyValueSpecification","valueRequired":true,"valueName":"search_term_string"}}],"inLanguage":"hr"},{"@type":"Organization","@id":"https:\/\/clair.si\/#organization","name":"Clair","url":"https:\/\/clair.si\/","logo":{"@type":"ImageObject","inLanguage":"hr","@id":"https:\/\/clair.si\/#\/schema\/logo\/image\/","url":"https:\/\/clair.si\/wp-content\/uploads\/2022\/11\/clair_logo_2022.jpg","contentUrl":"https:\/\/clair.si\/wp-content\/uploads\/2022\/11\/clair_logo_2022.jpg","width":1920,"height":1920,"caption":"Clair"},"image":{"@id":"https:\/\/clair.si\/#\/schema\/logo\/image\/"},"sameAs":["https:\/\/www.facebook.com\/TrgovinaClair\/"]}]}},"_links":{"self":[{"href":"https:\/\/clair.si\/hr\/wp-json\/wp\/v2\/product\/103088","targetHints":{"allow":["GET"]}}],"collection":[{"href":"https:\/\/clair.si\/hr\/wp-json\/wp\/v2\/product"}],"about":[{"href":"https:\/\/clair.si\/hr\/wp-json\/wp\/v2\/types\/product"}],"version-history":[{"count":0,"href":"https:\/\/clair.si\/hr\/wp-json\/wp\/v2\/product\/103088\/revisions"}],"wp:featuredmedia":[{"embeddable":true,"href":"https:\/\/clair.si\/hr\/wp-json\/wp\/v2\/media\/103091"}],"wp:attachment":[{"href":"https:\/\/clair.si\/hr\/wp-json\/wp\/v2\/media?parent=103088"}],"wp:term":[{"taxonomy":"product_brand","embeddable":true,"href":"https:\/\/clair.si\/hr\/wp-json\/wp\/v2\/product_brand?post=103088"},{"taxonomy":"product_cat","embeddable":true,"href":"https:\/\/clair.si\/hr\/wp-json\/wp\/v2\/product_cat?post=103088"},{"taxonomy":"product_tag","embeddable":true,"href":"https:\/\/clair.si\/hr\/wp-json\/wp\/v2\/product_tag?post=103088"}],"curies":[{"name":"wp","href":"https:\/\/api.w.org\/{rel}","templated":true}]}}