{"id":103089,"date":"2022-07-26T11:12:53","date_gmt":"2022-07-26T09:12:53","guid":{"rendered":"https:\/\/clair.si\/izdelek\/drzac-koluta-za-namatanje-trake-ili-zice\/"},"modified":"2025-08-28T06:39:16","modified_gmt":"2025-08-28T04:39:16","slug":"drzac-koluta-za-namatanje-trake-ili-zice","status":"publish","type":"product","link":"https:\/\/clair.si\/hr\/izdelek\/drzac-koluta-za-namatanje-trake-ili-zice\/","title":{"rendered":"Dr\u017ea\u010d za kolut za namatanje trake ili \u017eice"},"content":{"rendered":"<p><strong>Dr\u017ea\u010d za kolut<\/strong> (br. proizvoda 1019021) Horizont pridonosi jednostavnijoj uporabi namatanja trake ili \u017eice. <\/p>\n","protected":false},"excerpt":{"rendered":"<p>Dr\u017ea\u010d za kolut (br. proizvoda 1019021) Horizont pridonosi jednostavnijoj uporabi namatanja trake ili \u017eice.<\/p>\n","protected":false},"featured_media":103094,"template":"","meta":{"footnotes":""},"product_brand":[],"product_cat":[6591,5820,5821,5627],"product_tag":[],"class_list":{"0":"post-103089","1":"product","2":"type-product","3":"status-publish","4":"has-post-thumbnail","6":"product_cat-namatalice-traka-i-zica","7":"product_cat-oprema-za-pasnjake","8":"product_cat-ostala-oprema-za-pasnjake","9":"product_cat-stala-i-pasnjak","11":"first","12":"instock","13":"shipping-taxable","14":"purchasable","15":"product-type-simple"},"yoast_head":"<!-- This site is optimized with the Yoast SEO plugin v27.3 - https:\/\/yoast.com\/product\/yoast-seo-wordpress\/ -->\n<title>Dr\u017ea\u010d za kolut za namatanje trake ili \u017eice - Clair<\/title>\n<meta name=\"description\" content=\"Dr\u017ea\u010d za kolut za namatanje trake ili \u017eice omogu\u0107uje nam jednostavno i brzo namatanje trake ili \u017eice. Provjerite ponudu!\" \/>\n<meta name=\"robots\" content=\"index, follow, max-snippet:-1, max-image-preview:large, max-video-preview:-1\" \/>\n<link rel=\"canonical\" href=\"https:\/\/clair.si\/hr\/izdelek\/drzac-koluta-za-namatanje-trake-ili-zice\/\" \/>\n<meta property=\"og:locale\" content=\"hr_HR\" \/>\n<meta property=\"og:type\" content=\"article\" \/>\n<meta property=\"og:title\" content=\"Dr\u017ea\u010d za kolut za namatanje trake ili \u017eice - Clair\" \/>\n<meta property=\"og:description\" content=\"Dr\u017ea\u010d za kolut za namatanje trake ili \u017eice omogu\u0107uje nam jednostavno i brzo namatanje trake ili \u017eice. Provjerite ponudu!\" \/>\n<meta property=\"og:url\" content=\"https:\/\/clair.si\/hr\/izdelek\/drzac-koluta-za-namatanje-trake-ili-zice\/\" \/>\n<meta property=\"og:site_name\" content=\"Clair\" \/>\n<meta property=\"article:publisher\" content=\"https:\/\/www.facebook.com\/TrgovinaClair\/\" \/>\n<meta property=\"article:modified_time\" content=\"2025-08-28T04:39:16+00:00\" \/>\n<meta property=\"og:image\" content=\"https:\/\/clair.si\/wp-content\/uploads\/2022\/07\/1019020.jpeg\" \/>\n\t<meta property=\"og:image:width\" content=\"600\" \/>\n\t<meta property=\"og:image:height\" content=\"600\" \/>\n\t<meta property=\"og:image:type\" content=\"image\/jpeg\" \/>\n<meta name=\"twitter:card\" content=\"summary_large_image\" \/>\n<script type=\"application\/ld+json\" class=\"yoast-schema-graph\">{\"@context\":\"https:\\\/\\\/schema.org\",\"@graph\":[{\"@type\":\"WebPage\",\"@id\":\"https:\\\/\\\/clair.si\\\/hr\\\/izdelek\\\/drzac-koluta-za-namatanje-trake-ili-zice\\\/\",\"url\":\"https:\\\/\\\/clair.si\\\/hr\\\/izdelek\\\/drzac-koluta-za-namatanje-trake-ili-zice\\\/\",\"name\":\"Dr\u017ea\u010d za kolut za namatanje trake ili \u017eice - Clair\",\"isPartOf\":{\"@id\":\"https:\\\/\\\/clair.si\\\/#website\"},\"primaryImageOfPage\":{\"@id\":\"https:\\\/\\\/clair.si\\\/hr\\\/izdelek\\\/drzac-koluta-za-namatanje-trake-ili-zice\\\/#primaryimage\"},\"image\":{\"@id\":\"https:\\\/\\\/clair.si\\\/hr\\\/izdelek\\\/drzac-koluta-za-namatanje-trake-ili-zice\\\/#primaryimage\"},\"thumbnailUrl\":\"https:\\\/\\\/clair.si\\\/wp-content\\\/uploads\\\/2022\\\/07\\\/1019020.webp\",\"datePublished\":\"2022-07-26T09:12:53+00:00\",\"dateModified\":\"2025-08-28T04:39:16+00:00\",\"description\":\"Dr\u017ea\u010d za kolut za namatanje trake ili \u017eice omogu\u0107uje nam jednostavno i brzo namatanje trake ili \u017eice. Provjerite ponudu!\",\"breadcrumb\":{\"@id\":\"https:\\\/\\\/clair.si\\\/hr\\\/izdelek\\\/drzac-koluta-za-namatanje-trake-ili-zice\\\/#breadcrumb\"},\"inLanguage\":\"hr\",\"potentialAction\":[{\"@type\":\"ReadAction\",\"target\":[\"https:\\\/\\\/clair.si\\\/hr\\\/izdelek\\\/drzac-koluta-za-namatanje-trake-ili-zice\\\/\"]}]},{\"@type\":\"ImageObject\",\"inLanguage\":\"hr\",\"@id\":\"https:\\\/\\\/clair.si\\\/hr\\\/izdelek\\\/drzac-koluta-za-namatanje-trake-ili-zice\\\/#primaryimage\",\"url\":\"https:\\\/\\\/clair.si\\\/wp-content\\\/uploads\\\/2022\\\/07\\\/1019020.webp\",\"contentUrl\":\"https:\\\/\\\/clair.si\\\/wp-content\\\/uploads\\\/2022\\\/07\\\/1019020.webp\",\"width\":600,\"height\":600,\"caption\":\"Dr\u017ealo za kolut za navijanje traku ali \u017eice\"},{\"@type\":\"BreadcrumbList\",\"@id\":\"https:\\\/\\\/clair.si\\\/hr\\\/izdelek\\\/drzac-koluta-za-namatanje-trake-ili-zice\\\/#breadcrumb\",\"itemListElement\":[{\"@type\":\"ListItem\",\"position\":1,\"name\":\"Home\",\"item\":\"https:\\\/\\\/clair.si\\\/hr\\\/\"},{\"@type\":\"ListItem\",\"position\":2,\"name\":\"Trgovina\",\"item\":\"https:\\\/\\\/clair.si\\\/trgovina\\\/\"},{\"@type\":\"ListItem\",\"position\":3,\"name\":\"Dr\u017ea\u010d za kolut za namatanje trake ili \u017eice\"}]},{\"@type\":\"WebSite\",\"@id\":\"https:\\\/\\\/clair.si\\\/#website\",\"url\":\"https:\\\/\\\/clair.si\\\/\",\"name\":\"Clair\",\"description\":\"Trgovina s konjeni\u0161ko opremo\",\"publisher\":{\"@id\":\"https:\\\/\\\/clair.si\\\/#organization\"},\"potentialAction\":[{\"@type\":\"SearchAction\",\"target\":{\"@type\":\"EntryPoint\",\"urlTemplate\":\"https:\\\/\\\/clair.si\\\/?s={search_term_string}\"},\"query-input\":{\"@type\":\"PropertyValueSpecification\",\"valueRequired\":true,\"valueName\":\"search_term_string\"}}],\"inLanguage\":\"hr\"},{\"@type\":\"Organization\",\"@id\":\"https:\\\/\\\/clair.si\\\/#organization\",\"name\":\"Clair\",\"url\":\"https:\\\/\\\/clair.si\\\/\",\"logo\":{\"@type\":\"ImageObject\",\"inLanguage\":\"hr\",\"@id\":\"https:\\\/\\\/clair.si\\\/#\\\/schema\\\/logo\\\/image\\\/\",\"url\":\"https:\\\/\\\/clair.si\\\/wp-content\\\/uploads\\\/2022\\\/11\\\/clair_logo_2022.jpg\",\"contentUrl\":\"https:\\\/\\\/clair.si\\\/wp-content\\\/uploads\\\/2022\\\/11\\\/clair_logo_2022.jpg\",\"width\":1920,\"height\":1920,\"caption\":\"Clair\"},\"image\":{\"@id\":\"https:\\\/\\\/clair.si\\\/#\\\/schema\\\/logo\\\/image\\\/\"},\"sameAs\":[\"https:\\\/\\\/www.facebook.com\\\/TrgovinaClair\\\/\"]}]}<\/script>\n<!-- \/ Yoast SEO plugin. -->","yoast_head_json":{"title":"Dr\u017ea\u010d za kolut za namatanje trake ili \u017eice - Clair","description":"Dr\u017ea\u010d za kolut za namatanje trake ili \u017eice omogu\u0107uje nam jednostavno i brzo namatanje trake ili \u017eice. Provjerite ponudu!","robots":{"index":"index","follow":"follow","max-snippet":"max-snippet:-1","max-image-preview":"max-image-preview:large","max-video-preview":"max-video-preview:-1"},"canonical":"https:\/\/clair.si\/hr\/izdelek\/drzac-koluta-za-namatanje-trake-ili-zice\/","og_locale":"hr_HR","og_type":"article","og_title":"Dr\u017ea\u010d za kolut za namatanje trake ili \u017eice - Clair","og_description":"Dr\u017ea\u010d za kolut za namatanje trake ili \u017eice omogu\u0107uje nam jednostavno i brzo namatanje trake ili \u017eice. Provjerite ponudu!","og_url":"https:\/\/clair.si\/hr\/izdelek\/drzac-koluta-za-namatanje-trake-ili-zice\/","og_site_name":"Clair","article_publisher":"https:\/\/www.facebook.com\/TrgovinaClair\/","article_modified_time":"2025-08-28T04:39:16+00:00","og_image":[{"width":600,"height":600,"url":"https:\/\/clair.si\/wp-content\/uploads\/2022\/07\/1019020.jpeg","type":"image\/jpeg"}],"twitter_card":"summary_large_image","schema":{"@context":"https:\/\/schema.org","@graph":[{"@type":"WebPage","@id":"https:\/\/clair.si\/hr\/izdelek\/drzac-koluta-za-namatanje-trake-ili-zice\/","url":"https:\/\/clair.si\/hr\/izdelek\/drzac-koluta-za-namatanje-trake-ili-zice\/","name":"Dr\u017ea\u010d za kolut za namatanje trake ili \u017eice - Clair","isPartOf":{"@id":"https:\/\/clair.si\/#website"},"primaryImageOfPage":{"@id":"https:\/\/clair.si\/hr\/izdelek\/drzac-koluta-za-namatanje-trake-ili-zice\/#primaryimage"},"image":{"@id":"https:\/\/clair.si\/hr\/izdelek\/drzac-koluta-za-namatanje-trake-ili-zice\/#primaryimage"},"thumbnailUrl":"https:\/\/clair.si\/wp-content\/uploads\/2022\/07\/1019020.webp","datePublished":"2022-07-26T09:12:53+00:00","dateModified":"2025-08-28T04:39:16+00:00","description":"Dr\u017ea\u010d za kolut za namatanje trake ili \u017eice omogu\u0107uje nam jednostavno i brzo namatanje trake ili \u017eice. Provjerite ponudu!","breadcrumb":{"@id":"https:\/\/clair.si\/hr\/izdelek\/drzac-koluta-za-namatanje-trake-ili-zice\/#breadcrumb"},"inLanguage":"hr","potentialAction":[{"@type":"ReadAction","target":["https:\/\/clair.si\/hr\/izdelek\/drzac-koluta-za-namatanje-trake-ili-zice\/"]}]},{"@type":"ImageObject","inLanguage":"hr","@id":"https:\/\/clair.si\/hr\/izdelek\/drzac-koluta-za-namatanje-trake-ili-zice\/#primaryimage","url":"https:\/\/clair.si\/wp-content\/uploads\/2022\/07\/1019020.webp","contentUrl":"https:\/\/clair.si\/wp-content\/uploads\/2022\/07\/1019020.webp","width":600,"height":600,"caption":"Dr\u017ealo za kolut za navijanje traku ali \u017eice"},{"@type":"BreadcrumbList","@id":"https:\/\/clair.si\/hr\/izdelek\/drzac-koluta-za-namatanje-trake-ili-zice\/#breadcrumb","itemListElement":[{"@type":"ListItem","position":1,"name":"Home","item":"https:\/\/clair.si\/hr\/"},{"@type":"ListItem","position":2,"name":"Trgovina","item":"https:\/\/clair.si\/trgovina\/"},{"@type":"ListItem","position":3,"name":"Dr\u017ea\u010d za kolut za namatanje trake ili \u017eice"}]},{"@type":"WebSite","@id":"https:\/\/clair.si\/#website","url":"https:\/\/clair.si\/","name":"Clair","description":"Trgovina s konjeni\u0161ko opremo","publisher":{"@id":"https:\/\/clair.si\/#organization"},"potentialAction":[{"@type":"SearchAction","target":{"@type":"EntryPoint","urlTemplate":"https:\/\/clair.si\/?s={search_term_string}"},"query-input":{"@type":"PropertyValueSpecification","valueRequired":true,"valueName":"search_term_string"}}],"inLanguage":"hr"},{"@type":"Organization","@id":"https:\/\/clair.si\/#organization","name":"Clair","url":"https:\/\/clair.si\/","logo":{"@type":"ImageObject","inLanguage":"hr","@id":"https:\/\/clair.si\/#\/schema\/logo\/image\/","url":"https:\/\/clair.si\/wp-content\/uploads\/2022\/11\/clair_logo_2022.jpg","contentUrl":"https:\/\/clair.si\/wp-content\/uploads\/2022\/11\/clair_logo_2022.jpg","width":1920,"height":1920,"caption":"Clair"},"image":{"@id":"https:\/\/clair.si\/#\/schema\/logo\/image\/"},"sameAs":["https:\/\/www.facebook.com\/TrgovinaClair\/"]}]}},"_links":{"self":[{"href":"https:\/\/clair.si\/hr\/wp-json\/wp\/v2\/product\/103089","targetHints":{"allow":["GET"]}}],"collection":[{"href":"https:\/\/clair.si\/hr\/wp-json\/wp\/v2\/product"}],"about":[{"href":"https:\/\/clair.si\/hr\/wp-json\/wp\/v2\/types\/product"}],"version-history":[{"count":0,"href":"https:\/\/clair.si\/hr\/wp-json\/wp\/v2\/product\/103089\/revisions"}],"wp:featuredmedia":[{"embeddable":true,"href":"https:\/\/clair.si\/hr\/wp-json\/wp\/v2\/media\/103094"}],"wp:attachment":[{"href":"https:\/\/clair.si\/hr\/wp-json\/wp\/v2\/media?parent=103089"}],"wp:term":[{"taxonomy":"product_brand","embeddable":true,"href":"https:\/\/clair.si\/hr\/wp-json\/wp\/v2\/product_brand?post=103089"},{"taxonomy":"product_cat","embeddable":true,"href":"https:\/\/clair.si\/hr\/wp-json\/wp\/v2\/product_cat?post=103089"},{"taxonomy":"product_tag","embeddable":true,"href":"https:\/\/clair.si\/hr\/wp-json\/wp\/v2\/product_tag?post=103089"}],"curies":[{"name":"wp","href":"https:\/\/api.w.org\/{rel}","templated":true}]}}