{"id":103160,"date":"2022-07-29T12:42:36","date_gmt":"2022-07-29T10:42:36","guid":{"rendered":"https:\/\/clair.si\/izdelek\/drska-za-vile-za-gnoj\/"},"modified":"2026-03-25T09:22:44","modified_gmt":"2026-03-25T08:22:44","slug":"drska-za-vile-za-gnoj","status":"publish","type":"product","link":"https:\/\/clair.si\/hr\/izdelek\/drska-za-vile-za-gnoj\/","title":{"rendered":"Dr\u0161ka za vile za gnoj"},"content":{"rendered":"<p><strong>Aluminijska dr\u0161ka za vile za gno<\/strong>j s D zavr\u0161etkom, duljine 123 cm.<\/p>\n","protected":false},"excerpt":{"rendered":"<p>Aluminijska dr\u0161ka za vile za gnoj s D zavr\u0161etkom, duljine 123 cm.<\/p>\n","protected":false},"featured_media":103162,"template":"","meta":{"footnotes":""},"product_brand":[],"product_cat":[5756,5627],"product_tag":[],"class_list":{"0":"post-103160","1":"product","2":"type-product","3":"status-publish","4":"has-post-thumbnail","6":"product_cat-dodaci-za-stalu","7":"product_cat-stala-i-pasnjak","9":"first","10":"instock","11":"shipping-taxable","12":"purchasable","13":"product-type-simple"},"yoast_head":"<!-- This site is optimized with the Yoast SEO plugin v27.3 - https:\/\/yoast.com\/product\/yoast-seo-wordpress\/ -->\n<title>Dr\u0161ka za vile za gnoj - Clair<\/title>\n<meta name=\"description\" content=\"Dr\u0161ka za vile za gnoj izra\u0111ena je od aluminija i stoga je iznimno lagana. Mo\u017eete je prona\u0107i u na\u0161oj web trgovini. Provjerite ponudu!\" \/>\n<meta name=\"robots\" content=\"index, follow, max-snippet:-1, max-image-preview:large, max-video-preview:-1\" \/>\n<link rel=\"canonical\" href=\"https:\/\/clair.si\/hr\/izdelek\/drska-za-vile-za-gnoj\/\" \/>\n<meta property=\"og:locale\" content=\"hr_HR\" \/>\n<meta property=\"og:type\" content=\"article\" \/>\n<meta property=\"og:title\" content=\"Dr\u0161ka za vile za gnoj - Clair\" \/>\n<meta property=\"og:description\" content=\"Dr\u0161ka za vile za gnoj izra\u0111ena je od aluminija i stoga je iznimno lagana. Mo\u017eete je prona\u0107i u na\u0161oj web trgovini. Provjerite ponudu!\" \/>\n<meta property=\"og:url\" content=\"https:\/\/clair.si\/hr\/izdelek\/drska-za-vile-za-gnoj\/\" \/>\n<meta property=\"og:site_name\" content=\"Clair\" \/>\n<meta property=\"article:publisher\" content=\"https:\/\/www.facebook.com\/TrgovinaClair\/\" \/>\n<meta property=\"article:modified_time\" content=\"2026-03-25T08:22:44+00:00\" \/>\n<meta property=\"og:image\" content=\"https:\/\/clair.si\/wp-content\/uploads\/2022\/07\/ROCAJ-ZA-VILE-za-droben-material-aluminij-1259013_1.webp\" \/>\n\t<meta property=\"og:image:width\" content=\"700\" \/>\n\t<meta property=\"og:image:height\" content=\"700\" \/>\n\t<meta property=\"og:image:type\" content=\"image\/jpeg\" \/>\n<meta name=\"twitter:card\" content=\"summary_large_image\" \/>\n<meta name=\"twitter:label1\" content=\"Procijenjeno vrijeme \u010ditanja\" \/>\n\t<meta name=\"twitter:data1\" content=\"1 minuta\" \/>\n<script type=\"application\/ld+json\" class=\"yoast-schema-graph\">{\"@context\":\"https:\\\/\\\/schema.org\",\"@graph\":[{\"@type\":\"WebPage\",\"@id\":\"https:\\\/\\\/clair.si\\\/hr\\\/izdelek\\\/drska-za-vile-za-gnoj\\\/\",\"url\":\"https:\\\/\\\/clair.si\\\/hr\\\/izdelek\\\/drska-za-vile-za-gnoj\\\/\",\"name\":\"Dr\u0161ka za vile za gnoj - Clair\",\"isPartOf\":{\"@id\":\"https:\\\/\\\/clair.si\\\/#website\"},\"primaryImageOfPage\":{\"@id\":\"https:\\\/\\\/clair.si\\\/hr\\\/izdelek\\\/drska-za-vile-za-gnoj\\\/#primaryimage\"},\"image\":{\"@id\":\"https:\\\/\\\/clair.si\\\/hr\\\/izdelek\\\/drska-za-vile-za-gnoj\\\/#primaryimage\"},\"thumbnailUrl\":\"https:\\\/\\\/clair.si\\\/wp-content\\\/uploads\\\/2022\\\/07\\\/ROCAJ-ZA-VILE-za-droben-material-aluminij-1259013_1.webp\",\"datePublished\":\"2022-07-29T10:42:36+00:00\",\"dateModified\":\"2026-03-25T08:22:44+00:00\",\"description\":\"Dr\u0161ka za vile za gnoj izra\u0111ena je od aluminija i stoga je iznimno lagana. Mo\u017eete je prona\u0107i u na\u0161oj web trgovini. Provjerite ponudu!\",\"breadcrumb\":{\"@id\":\"https:\\\/\\\/clair.si\\\/hr\\\/izdelek\\\/drska-za-vile-za-gnoj\\\/#breadcrumb\"},\"inLanguage\":\"hr\",\"potentialAction\":[{\"@type\":\"ReadAction\",\"target\":[\"https:\\\/\\\/clair.si\\\/hr\\\/izdelek\\\/drska-za-vile-za-gnoj\\\/\"]}]},{\"@type\":\"ImageObject\",\"inLanguage\":\"hr\",\"@id\":\"https:\\\/\\\/clair.si\\\/hr\\\/izdelek\\\/drska-za-vile-za-gnoj\\\/#primaryimage\",\"url\":\"https:\\\/\\\/clair.si\\\/wp-content\\\/uploads\\\/2022\\\/07\\\/ROCAJ-ZA-VILE-za-droben-material-aluminij-1259013_1.webp\",\"contentUrl\":\"https:\\\/\\\/clair.si\\\/wp-content\\\/uploads\\\/2022\\\/07\\\/ROCAJ-ZA-VILE-za-droben-material-aluminij-1259013_1.webp\",\"width\":700,\"height\":700,\"caption\":\"Ro\u010daj za vile za gnoj\"},{\"@type\":\"BreadcrumbList\",\"@id\":\"https:\\\/\\\/clair.si\\\/hr\\\/izdelek\\\/drska-za-vile-za-gnoj\\\/#breadcrumb\",\"itemListElement\":[{\"@type\":\"ListItem\",\"position\":1,\"name\":\"Home\",\"item\":\"https:\\\/\\\/clair.si\\\/hr\\\/\"},{\"@type\":\"ListItem\",\"position\":2,\"name\":\"Trgovina\",\"item\":\"https:\\\/\\\/clair.si\\\/trgovina\\\/\"},{\"@type\":\"ListItem\",\"position\":3,\"name\":\"Dr\u0161ka za vile za gnoj\"}]},{\"@type\":\"WebSite\",\"@id\":\"https:\\\/\\\/clair.si\\\/#website\",\"url\":\"https:\\\/\\\/clair.si\\\/\",\"name\":\"Clair\",\"description\":\"Trgovina s konjeni\u0161ko opremo\",\"publisher\":{\"@id\":\"https:\\\/\\\/clair.si\\\/#organization\"},\"potentialAction\":[{\"@type\":\"SearchAction\",\"target\":{\"@type\":\"EntryPoint\",\"urlTemplate\":\"https:\\\/\\\/clair.si\\\/?s={search_term_string}\"},\"query-input\":{\"@type\":\"PropertyValueSpecification\",\"valueRequired\":true,\"valueName\":\"search_term_string\"}}],\"inLanguage\":\"hr\"},{\"@type\":\"Organization\",\"@id\":\"https:\\\/\\\/clair.si\\\/#organization\",\"name\":\"Clair\",\"url\":\"https:\\\/\\\/clair.si\\\/\",\"logo\":{\"@type\":\"ImageObject\",\"inLanguage\":\"hr\",\"@id\":\"https:\\\/\\\/clair.si\\\/#\\\/schema\\\/logo\\\/image\\\/\",\"url\":\"https:\\\/\\\/clair.si\\\/wp-content\\\/uploads\\\/2022\\\/11\\\/clair_logo_2022.jpg\",\"contentUrl\":\"https:\\\/\\\/clair.si\\\/wp-content\\\/uploads\\\/2022\\\/11\\\/clair_logo_2022.jpg\",\"width\":1920,\"height\":1920,\"caption\":\"Clair\"},\"image\":{\"@id\":\"https:\\\/\\\/clair.si\\\/#\\\/schema\\\/logo\\\/image\\\/\"},\"sameAs\":[\"https:\\\/\\\/www.facebook.com\\\/TrgovinaClair\\\/\"]}]}<\/script>\n<!-- \/ Yoast SEO plugin. -->","yoast_head_json":{"title":"Dr\u0161ka za vile za gnoj - Clair","description":"Dr\u0161ka za vile za gnoj izra\u0111ena je od aluminija i stoga je iznimno lagana. Mo\u017eete je prona\u0107i u na\u0161oj web trgovini. Provjerite ponudu!","robots":{"index":"index","follow":"follow","max-snippet":"max-snippet:-1","max-image-preview":"max-image-preview:large","max-video-preview":"max-video-preview:-1"},"canonical":"https:\/\/clair.si\/hr\/izdelek\/drska-za-vile-za-gnoj\/","og_locale":"hr_HR","og_type":"article","og_title":"Dr\u0161ka za vile za gnoj - Clair","og_description":"Dr\u0161ka za vile za gnoj izra\u0111ena je od aluminija i stoga je iznimno lagana. Mo\u017eete je prona\u0107i u na\u0161oj web trgovini. Provjerite ponudu!","og_url":"https:\/\/clair.si\/hr\/izdelek\/drska-za-vile-za-gnoj\/","og_site_name":"Clair","article_publisher":"https:\/\/www.facebook.com\/TrgovinaClair\/","article_modified_time":"2026-03-25T08:22:44+00:00","og_image":[{"width":700,"height":700,"url":"https:\/\/clair.si\/wp-content\/uploads\/2022\/07\/ROCAJ-ZA-VILE-za-droben-material-aluminij-1259013_1.webp","type":"image\/jpeg"}],"twitter_card":"summary_large_image","twitter_misc":{"Procijenjeno vrijeme \u010ditanja":"1 minuta"},"schema":{"@context":"https:\/\/schema.org","@graph":[{"@type":"WebPage","@id":"https:\/\/clair.si\/hr\/izdelek\/drska-za-vile-za-gnoj\/","url":"https:\/\/clair.si\/hr\/izdelek\/drska-za-vile-za-gnoj\/","name":"Dr\u0161ka za vile za gnoj - Clair","isPartOf":{"@id":"https:\/\/clair.si\/#website"},"primaryImageOfPage":{"@id":"https:\/\/clair.si\/hr\/izdelek\/drska-za-vile-za-gnoj\/#primaryimage"},"image":{"@id":"https:\/\/clair.si\/hr\/izdelek\/drska-za-vile-za-gnoj\/#primaryimage"},"thumbnailUrl":"https:\/\/clair.si\/wp-content\/uploads\/2022\/07\/ROCAJ-ZA-VILE-za-droben-material-aluminij-1259013_1.webp","datePublished":"2022-07-29T10:42:36+00:00","dateModified":"2026-03-25T08:22:44+00:00","description":"Dr\u0161ka za vile za gnoj izra\u0111ena je od aluminija i stoga je iznimno lagana. Mo\u017eete je prona\u0107i u na\u0161oj web trgovini. Provjerite ponudu!","breadcrumb":{"@id":"https:\/\/clair.si\/hr\/izdelek\/drska-za-vile-za-gnoj\/#breadcrumb"},"inLanguage":"hr","potentialAction":[{"@type":"ReadAction","target":["https:\/\/clair.si\/hr\/izdelek\/drska-za-vile-za-gnoj\/"]}]},{"@type":"ImageObject","inLanguage":"hr","@id":"https:\/\/clair.si\/hr\/izdelek\/drska-za-vile-za-gnoj\/#primaryimage","url":"https:\/\/clair.si\/wp-content\/uploads\/2022\/07\/ROCAJ-ZA-VILE-za-droben-material-aluminij-1259013_1.webp","contentUrl":"https:\/\/clair.si\/wp-content\/uploads\/2022\/07\/ROCAJ-ZA-VILE-za-droben-material-aluminij-1259013_1.webp","width":700,"height":700,"caption":"Ro\u010daj za vile za gnoj"},{"@type":"BreadcrumbList","@id":"https:\/\/clair.si\/hr\/izdelek\/drska-za-vile-za-gnoj\/#breadcrumb","itemListElement":[{"@type":"ListItem","position":1,"name":"Home","item":"https:\/\/clair.si\/hr\/"},{"@type":"ListItem","position":2,"name":"Trgovina","item":"https:\/\/clair.si\/trgovina\/"},{"@type":"ListItem","position":3,"name":"Dr\u0161ka za vile za gnoj"}]},{"@type":"WebSite","@id":"https:\/\/clair.si\/#website","url":"https:\/\/clair.si\/","name":"Clair","description":"Trgovina s konjeni\u0161ko opremo","publisher":{"@id":"https:\/\/clair.si\/#organization"},"potentialAction":[{"@type":"SearchAction","target":{"@type":"EntryPoint","urlTemplate":"https:\/\/clair.si\/?s={search_term_string}"},"query-input":{"@type":"PropertyValueSpecification","valueRequired":true,"valueName":"search_term_string"}}],"inLanguage":"hr"},{"@type":"Organization","@id":"https:\/\/clair.si\/#organization","name":"Clair","url":"https:\/\/clair.si\/","logo":{"@type":"ImageObject","inLanguage":"hr","@id":"https:\/\/clair.si\/#\/schema\/logo\/image\/","url":"https:\/\/clair.si\/wp-content\/uploads\/2022\/11\/clair_logo_2022.jpg","contentUrl":"https:\/\/clair.si\/wp-content\/uploads\/2022\/11\/clair_logo_2022.jpg","width":1920,"height":1920,"caption":"Clair"},"image":{"@id":"https:\/\/clair.si\/#\/schema\/logo\/image\/"},"sameAs":["https:\/\/www.facebook.com\/TrgovinaClair\/"]}]}},"_links":{"self":[{"href":"https:\/\/clair.si\/hr\/wp-json\/wp\/v2\/product\/103160","targetHints":{"allow":["GET"]}}],"collection":[{"href":"https:\/\/clair.si\/hr\/wp-json\/wp\/v2\/product"}],"about":[{"href":"https:\/\/clair.si\/hr\/wp-json\/wp\/v2\/types\/product"}],"version-history":[{"count":2,"href":"https:\/\/clair.si\/hr\/wp-json\/wp\/v2\/product\/103160\/revisions"}],"predecessor-version":[{"id":134239,"href":"https:\/\/clair.si\/hr\/wp-json\/wp\/v2\/product\/103160\/revisions\/134239"}],"wp:featuredmedia":[{"embeddable":true,"href":"https:\/\/clair.si\/hr\/wp-json\/wp\/v2\/media\/103162"}],"wp:attachment":[{"href":"https:\/\/clair.si\/hr\/wp-json\/wp\/v2\/media?parent=103160"}],"wp:term":[{"taxonomy":"product_brand","embeddable":true,"href":"https:\/\/clair.si\/hr\/wp-json\/wp\/v2\/product_brand?post=103160"},{"taxonomy":"product_cat","embeddable":true,"href":"https:\/\/clair.si\/hr\/wp-json\/wp\/v2\/product_cat?post=103160"},{"taxonomy":"product_tag","embeddable":true,"href":"https:\/\/clair.si\/hr\/wp-json\/wp\/v2\/product_tag?post=103160"}],"curies":[{"name":"wp","href":"https:\/\/api.w.org\/{rel}","templated":true}]}}