{"id":103214,"date":"2022-07-29T13:15:49","date_gmt":"2022-07-29T11:15:49","guid":{"rendered":"https:\/\/clair.si\/izdelek\/vile-za-gnoj-s-kosarom\/"},"modified":"2025-08-27T12:04:12","modified_gmt":"2025-08-27T10:04:12","slug":"vile-za-gnoj-s-kosarom","status":"publish","type":"product","link":"https:\/\/clair.si\/hr\/izdelek\/vile-za-gnoj-s-kosarom\/","title":{"rendered":"Vile za gnoj s ko\u0161arom"},"content":{"rendered":"<ul>\n<li>Robustna plastika<\/li>\n<li>17 zubaca<\/li>\n<li>Dimenzije: 35 x 40 cm<\/li>\n<li>Bez ru\u010dke<\/li>\n<\/ul>\n","protected":false},"excerpt":{"rendered":"<p>Robustna plastika 17 zubaca Dimenzije: 35 x 40 cm Bez ru\u010dke<\/p>\n","protected":false},"featured_media":103215,"template":"","meta":{"footnotes":""},"product_brand":[],"product_cat":[5756,5627],"product_tag":[],"class_list":{"0":"post-103214","1":"product","2":"type-product","3":"status-publish","4":"has-post-thumbnail","6":"product_cat-dodaci-za-stalu","7":"product_cat-stala-i-pasnjak","9":"first","10":"instock","11":"shipping-taxable","12":"purchasable","13":"product-type-simple"},"yoast_head":"<!-- This site is optimized with the Yoast SEO plugin v27.3 - https:\/\/yoast.com\/product\/yoast-seo-wordpress\/ -->\n<title>Vile za gnoj s ko\u0161arom - Clair<\/title>\n<meta name=\"description\" content=\"Vile za gnoj s ko\u0161arom u na\u0161oj web trgovini dobivate bez ru\u010dke. Kvalitetne su i prakti\u010dne. Provjerite i ponudu drugih vila.\" \/>\n<meta name=\"robots\" content=\"index, follow, max-snippet:-1, max-image-preview:large, max-video-preview:-1\" \/>\n<link rel=\"canonical\" href=\"https:\/\/clair.si\/hr\/izdelek\/vile-za-gnoj-s-kosarom\/\" \/>\n<meta property=\"og:locale\" content=\"hr_HR\" \/>\n<meta property=\"og:type\" content=\"article\" \/>\n<meta property=\"og:title\" content=\"Vile za gnoj s ko\u0161arom - Clair\" \/>\n<meta property=\"og:description\" content=\"Vile za gnoj s ko\u0161arom u na\u0161oj web trgovini dobivate bez ru\u010dke. Kvalitetne su i prakti\u010dne. Provjerite i ponudu drugih vila.\" \/>\n<meta property=\"og:url\" content=\"https:\/\/clair.si\/hr\/izdelek\/vile-za-gnoj-s-kosarom\/\" \/>\n<meta property=\"og:site_name\" content=\"Clair\" \/>\n<meta property=\"article:publisher\" content=\"https:\/\/www.facebook.com\/TrgovinaClair\/\" \/>\n<meta property=\"article:modified_time\" content=\"2025-08-27T10:04:12+00:00\" \/>\n<meta property=\"og:image\" content=\"https:\/\/clair.si\/wp-content\/uploads\/2022\/07\/1259018.jpeg\" \/>\n\t<meta property=\"og:image:width\" content=\"600\" \/>\n\t<meta property=\"og:image:height\" content=\"600\" \/>\n\t<meta property=\"og:image:type\" content=\"image\/jpeg\" \/>\n<meta name=\"twitter:card\" content=\"summary_large_image\" \/>\n<script type=\"application\/ld+json\" class=\"yoast-schema-graph\">{\"@context\":\"https:\\\/\\\/schema.org\",\"@graph\":[{\"@type\":\"WebPage\",\"@id\":\"https:\\\/\\\/clair.si\\\/hr\\\/izdelek\\\/vile-za-gnoj-s-kosarom\\\/\",\"url\":\"https:\\\/\\\/clair.si\\\/hr\\\/izdelek\\\/vile-za-gnoj-s-kosarom\\\/\",\"name\":\"Vile za gnoj s ko\u0161arom - Clair\",\"isPartOf\":{\"@id\":\"https:\\\/\\\/clair.si\\\/#website\"},\"primaryImageOfPage\":{\"@id\":\"https:\\\/\\\/clair.si\\\/hr\\\/izdelek\\\/vile-za-gnoj-s-kosarom\\\/#primaryimage\"},\"image\":{\"@id\":\"https:\\\/\\\/clair.si\\\/hr\\\/izdelek\\\/vile-za-gnoj-s-kosarom\\\/#primaryimage\"},\"thumbnailUrl\":\"https:\\\/\\\/clair.si\\\/wp-content\\\/uploads\\\/2022\\\/07\\\/1259018.webp\",\"datePublished\":\"2022-07-29T11:15:49+00:00\",\"dateModified\":\"2025-08-27T10:04:12+00:00\",\"description\":\"Vile za gnoj s ko\u0161arom u na\u0161oj web trgovini dobivate bez ru\u010dke. Kvalitetne su i prakti\u010dne. Provjerite i ponudu drugih vila.\",\"breadcrumb\":{\"@id\":\"https:\\\/\\\/clair.si\\\/hr\\\/izdelek\\\/vile-za-gnoj-s-kosarom\\\/#breadcrumb\"},\"inLanguage\":\"hr\",\"potentialAction\":[{\"@type\":\"ReadAction\",\"target\":[\"https:\\\/\\\/clair.si\\\/hr\\\/izdelek\\\/vile-za-gnoj-s-kosarom\\\/\"]}]},{\"@type\":\"ImageObject\",\"inLanguage\":\"hr\",\"@id\":\"https:\\\/\\\/clair.si\\\/hr\\\/izdelek\\\/vile-za-gnoj-s-kosarom\\\/#primaryimage\",\"url\":\"https:\\\/\\\/clair.si\\\/wp-content\\\/uploads\\\/2022\\\/07\\\/1259018.webp\",\"contentUrl\":\"https:\\\/\\\/clair.si\\\/wp-content\\\/uploads\\\/2022\\\/07\\\/1259018.webp\",\"width\":600,\"height\":600,\"caption\":\"Vile za gnoj s ko\u0161aro\"},{\"@type\":\"BreadcrumbList\",\"@id\":\"https:\\\/\\\/clair.si\\\/hr\\\/izdelek\\\/vile-za-gnoj-s-kosarom\\\/#breadcrumb\",\"itemListElement\":[{\"@type\":\"ListItem\",\"position\":1,\"name\":\"Home\",\"item\":\"https:\\\/\\\/clair.si\\\/hr\\\/\"},{\"@type\":\"ListItem\",\"position\":2,\"name\":\"Trgovina\",\"item\":\"https:\\\/\\\/clair.si\\\/trgovina\\\/\"},{\"@type\":\"ListItem\",\"position\":3,\"name\":\"Vile za gnoj s ko\u0161arom\"}]},{\"@type\":\"WebSite\",\"@id\":\"https:\\\/\\\/clair.si\\\/#website\",\"url\":\"https:\\\/\\\/clair.si\\\/\",\"name\":\"Clair\",\"description\":\"Trgovina s konjeni\u0161ko opremo\",\"publisher\":{\"@id\":\"https:\\\/\\\/clair.si\\\/#organization\"},\"potentialAction\":[{\"@type\":\"SearchAction\",\"target\":{\"@type\":\"EntryPoint\",\"urlTemplate\":\"https:\\\/\\\/clair.si\\\/?s={search_term_string}\"},\"query-input\":{\"@type\":\"PropertyValueSpecification\",\"valueRequired\":true,\"valueName\":\"search_term_string\"}}],\"inLanguage\":\"hr\"},{\"@type\":\"Organization\",\"@id\":\"https:\\\/\\\/clair.si\\\/#organization\",\"name\":\"Clair\",\"url\":\"https:\\\/\\\/clair.si\\\/\",\"logo\":{\"@type\":\"ImageObject\",\"inLanguage\":\"hr\",\"@id\":\"https:\\\/\\\/clair.si\\\/#\\\/schema\\\/logo\\\/image\\\/\",\"url\":\"https:\\\/\\\/clair.si\\\/wp-content\\\/uploads\\\/2022\\\/11\\\/clair_logo_2022.jpg\",\"contentUrl\":\"https:\\\/\\\/clair.si\\\/wp-content\\\/uploads\\\/2022\\\/11\\\/clair_logo_2022.jpg\",\"width\":1920,\"height\":1920,\"caption\":\"Clair\"},\"image\":{\"@id\":\"https:\\\/\\\/clair.si\\\/#\\\/schema\\\/logo\\\/image\\\/\"},\"sameAs\":[\"https:\\\/\\\/www.facebook.com\\\/TrgovinaClair\\\/\"]}]}<\/script>\n<!-- \/ Yoast SEO plugin. -->","yoast_head_json":{"title":"Vile za gnoj s ko\u0161arom - Clair","description":"Vile za gnoj s ko\u0161arom u na\u0161oj web trgovini dobivate bez ru\u010dke. Kvalitetne su i prakti\u010dne. Provjerite i ponudu drugih vila.","robots":{"index":"index","follow":"follow","max-snippet":"max-snippet:-1","max-image-preview":"max-image-preview:large","max-video-preview":"max-video-preview:-1"},"canonical":"https:\/\/clair.si\/hr\/izdelek\/vile-za-gnoj-s-kosarom\/","og_locale":"hr_HR","og_type":"article","og_title":"Vile za gnoj s ko\u0161arom - Clair","og_description":"Vile za gnoj s ko\u0161arom u na\u0161oj web trgovini dobivate bez ru\u010dke. Kvalitetne su i prakti\u010dne. Provjerite i ponudu drugih vila.","og_url":"https:\/\/clair.si\/hr\/izdelek\/vile-za-gnoj-s-kosarom\/","og_site_name":"Clair","article_publisher":"https:\/\/www.facebook.com\/TrgovinaClair\/","article_modified_time":"2025-08-27T10:04:12+00:00","og_image":[{"width":600,"height":600,"url":"https:\/\/clair.si\/wp-content\/uploads\/2022\/07\/1259018.jpeg","type":"image\/jpeg"}],"twitter_card":"summary_large_image","schema":{"@context":"https:\/\/schema.org","@graph":[{"@type":"WebPage","@id":"https:\/\/clair.si\/hr\/izdelek\/vile-za-gnoj-s-kosarom\/","url":"https:\/\/clair.si\/hr\/izdelek\/vile-za-gnoj-s-kosarom\/","name":"Vile za gnoj s ko\u0161arom - Clair","isPartOf":{"@id":"https:\/\/clair.si\/#website"},"primaryImageOfPage":{"@id":"https:\/\/clair.si\/hr\/izdelek\/vile-za-gnoj-s-kosarom\/#primaryimage"},"image":{"@id":"https:\/\/clair.si\/hr\/izdelek\/vile-za-gnoj-s-kosarom\/#primaryimage"},"thumbnailUrl":"https:\/\/clair.si\/wp-content\/uploads\/2022\/07\/1259018.webp","datePublished":"2022-07-29T11:15:49+00:00","dateModified":"2025-08-27T10:04:12+00:00","description":"Vile za gnoj s ko\u0161arom u na\u0161oj web trgovini dobivate bez ru\u010dke. Kvalitetne su i prakti\u010dne. Provjerite i ponudu drugih vila.","breadcrumb":{"@id":"https:\/\/clair.si\/hr\/izdelek\/vile-za-gnoj-s-kosarom\/#breadcrumb"},"inLanguage":"hr","potentialAction":[{"@type":"ReadAction","target":["https:\/\/clair.si\/hr\/izdelek\/vile-za-gnoj-s-kosarom\/"]}]},{"@type":"ImageObject","inLanguage":"hr","@id":"https:\/\/clair.si\/hr\/izdelek\/vile-za-gnoj-s-kosarom\/#primaryimage","url":"https:\/\/clair.si\/wp-content\/uploads\/2022\/07\/1259018.webp","contentUrl":"https:\/\/clair.si\/wp-content\/uploads\/2022\/07\/1259018.webp","width":600,"height":600,"caption":"Vile za gnoj s ko\u0161aro"},{"@type":"BreadcrumbList","@id":"https:\/\/clair.si\/hr\/izdelek\/vile-za-gnoj-s-kosarom\/#breadcrumb","itemListElement":[{"@type":"ListItem","position":1,"name":"Home","item":"https:\/\/clair.si\/hr\/"},{"@type":"ListItem","position":2,"name":"Trgovina","item":"https:\/\/clair.si\/trgovina\/"},{"@type":"ListItem","position":3,"name":"Vile za gnoj s ko\u0161arom"}]},{"@type":"WebSite","@id":"https:\/\/clair.si\/#website","url":"https:\/\/clair.si\/","name":"Clair","description":"Trgovina s konjeni\u0161ko opremo","publisher":{"@id":"https:\/\/clair.si\/#organization"},"potentialAction":[{"@type":"SearchAction","target":{"@type":"EntryPoint","urlTemplate":"https:\/\/clair.si\/?s={search_term_string}"},"query-input":{"@type":"PropertyValueSpecification","valueRequired":true,"valueName":"search_term_string"}}],"inLanguage":"hr"},{"@type":"Organization","@id":"https:\/\/clair.si\/#organization","name":"Clair","url":"https:\/\/clair.si\/","logo":{"@type":"ImageObject","inLanguage":"hr","@id":"https:\/\/clair.si\/#\/schema\/logo\/image\/","url":"https:\/\/clair.si\/wp-content\/uploads\/2022\/11\/clair_logo_2022.jpg","contentUrl":"https:\/\/clair.si\/wp-content\/uploads\/2022\/11\/clair_logo_2022.jpg","width":1920,"height":1920,"caption":"Clair"},"image":{"@id":"https:\/\/clair.si\/#\/schema\/logo\/image\/"},"sameAs":["https:\/\/www.facebook.com\/TrgovinaClair\/"]}]}},"_links":{"self":[{"href":"https:\/\/clair.si\/hr\/wp-json\/wp\/v2\/product\/103214","targetHints":{"allow":["GET"]}}],"collection":[{"href":"https:\/\/clair.si\/hr\/wp-json\/wp\/v2\/product"}],"about":[{"href":"https:\/\/clair.si\/hr\/wp-json\/wp\/v2\/types\/product"}],"version-history":[{"count":0,"href":"https:\/\/clair.si\/hr\/wp-json\/wp\/v2\/product\/103214\/revisions"}],"wp:featuredmedia":[{"embeddable":true,"href":"https:\/\/clair.si\/hr\/wp-json\/wp\/v2\/media\/103215"}],"wp:attachment":[{"href":"https:\/\/clair.si\/hr\/wp-json\/wp\/v2\/media?parent=103214"}],"wp:term":[{"taxonomy":"product_brand","embeddable":true,"href":"https:\/\/clair.si\/hr\/wp-json\/wp\/v2\/product_brand?post=103214"},{"taxonomy":"product_cat","embeddable":true,"href":"https:\/\/clair.si\/hr\/wp-json\/wp\/v2\/product_cat?post=103214"},{"taxonomy":"product_tag","embeddable":true,"href":"https:\/\/clair.si\/hr\/wp-json\/wp\/v2\/product_tag?post=103214"}],"curies":[{"name":"wp","href":"https:\/\/api.w.org\/{rel}","templated":true}]}}