{"id":103249,"date":"2022-07-24T16:27:07","date_gmt":"2022-07-24T14:27:07","guid":{"rendered":"https:\/\/clair.si\/izdelek\/western-podsedelni-remen-westride-soft\/"},"modified":"2025-09-28T18:53:23","modified_gmt":"2025-09-28T16:53:23","slug":"western-podsedelni-kolan-westride-soft","status":"publish","type":"product","link":"https:\/\/clair.si\/hr\/izdelek\/western-podsedelni-kolan-westride-soft\/","title":{"rendered":"Western kolan Westride Soft"},"content":{"rendered":"<p>Western kolan Westride Soft<\/p>\n<p>Umjetni materijal i sinteti\u010dka ov\u010dja ko\u017ea.<\/p>\n","protected":false},"excerpt":{"rendered":"<p>Western kolan Westride Soft Umjetni materijal i sinteti\u010dka ov\u010dja ko\u017ea.<\/p>\n","protected":false},"featured_media":103294,"template":"","meta":{"footnotes":""},"product_brand":[],"product_cat":[5657,5818,5990,5624,5897,5794,5896],"product_tag":[],"class_list":{"0":"post-103249","1":"product","2":"type-product","3":"status-publish","4":"has-post-thumbnail","6":"product_cat-kategorije-hr","7":"product_cat-kolan","8":"product_cat-kolani-od-ovcje-koze","9":"product_cat-konj-hr","10":"product_cat-pojasevi-za-sedlo","11":"product_cat-western-hr","12":"product_cat-western-kolani","14":"first","15":"instock","16":"sale","17":"shipping-taxable","18":"purchasable","19":"product-type-variable"},"yoast_head":"<!-- This site is optimized with the Yoast SEO plugin v27.4 - https:\/\/yoast.com\/product\/yoast-seo-wordpress\/ -->\n<title>Western kolan Westride Soft - Clair<\/title>\n<meta name=\"description\" content=\"Western kolan Westride Soft Umjetni materijal i sinteti\u010dka ov\u010dja ko\u017ea.\" \/>\n<meta name=\"robots\" content=\"index, follow, max-snippet:-1, max-image-preview:large, max-video-preview:-1\" \/>\n<link rel=\"canonical\" href=\"https:\/\/clair.si\/hr\/izdelek\/western-podsedelni-kolan-westride-soft\/\" \/>\n<meta property=\"og:locale\" content=\"hr_HR\" \/>\n<meta property=\"og:type\" content=\"article\" \/>\n<meta property=\"og:title\" content=\"Western kolan Westride Soft - Clair\" \/>\n<meta property=\"og:description\" content=\"Western kolan Westride Soft Umjetni materijal i sinteti\u010dka ov\u010dja ko\u017ea.\" \/>\n<meta property=\"og:url\" content=\"https:\/\/clair.si\/hr\/izdelek\/western-podsedelni-kolan-westride-soft\/\" \/>\n<meta property=\"og:site_name\" content=\"Clair\" \/>\n<meta property=\"article:publisher\" content=\"https:\/\/www.facebook.com\/TrgovinaClair\/\" \/>\n<meta property=\"article:modified_time\" content=\"2025-09-28T16:53:23+00:00\" \/>\n<meta property=\"og:image\" content=\"https:\/\/clair.si\/wp-content\/uploads\/2022\/07\/westride-western-podsedelni-pas-z-sinteticno-ovcko.jpg\" \/>\n\t<meta property=\"og:image:width\" content=\"800\" \/>\n\t<meta property=\"og:image:height\" content=\"800\" \/>\n\t<meta property=\"og:image:type\" content=\"image\/jpeg\" \/>\n<meta name=\"twitter:card\" content=\"summary_large_image\" \/>\n<meta name=\"twitter:label1\" content=\"Procijenjeno vrijeme \u010ditanja\" \/>\n\t<meta name=\"twitter:data1\" content=\"1 minuta\" \/>\n<script type=\"application\/ld+json\" class=\"yoast-schema-graph\">{\"@context\":\"https:\\\/\\\/schema.org\",\"@graph\":[{\"@type\":\"WebPage\",\"@id\":\"https:\\\/\\\/clair.si\\\/hr\\\/izdelek\\\/western-podsedelni-kolan-westride-soft\\\/\",\"url\":\"https:\\\/\\\/clair.si\\\/hr\\\/izdelek\\\/western-podsedelni-kolan-westride-soft\\\/\",\"name\":\"Western kolan Westride Soft - Clair\",\"isPartOf\":{\"@id\":\"https:\\\/\\\/clair.si\\\/#website\"},\"primaryImageOfPage\":{\"@id\":\"https:\\\/\\\/clair.si\\\/hr\\\/izdelek\\\/western-podsedelni-kolan-westride-soft\\\/#primaryimage\"},\"image\":{\"@id\":\"https:\\\/\\\/clair.si\\\/hr\\\/izdelek\\\/western-podsedelni-kolan-westride-soft\\\/#primaryimage\"},\"thumbnailUrl\":\"https:\\\/\\\/clair.si\\\/wp-content\\\/uploads\\\/2022\\\/07\\\/westride-western-podsedelni-pas-z-sinteticno-ovcko.webp\",\"datePublished\":\"2022-07-24T14:27:07+00:00\",\"dateModified\":\"2025-09-28T16:53:23+00:00\",\"description\":\"Western kolan Westride Soft Umjetni materijal i sinteti\u010dka ov\u010dja ko\u017ea.\",\"breadcrumb\":{\"@id\":\"https:\\\/\\\/clair.si\\\/hr\\\/izdelek\\\/western-podsedelni-kolan-westride-soft\\\/#breadcrumb\"},\"inLanguage\":\"hr\",\"potentialAction\":[{\"@type\":\"ReadAction\",\"target\":[\"https:\\\/\\\/clair.si\\\/hr\\\/izdelek\\\/western-podsedelni-kolan-westride-soft\\\/\"]}]},{\"@type\":\"ImageObject\",\"inLanguage\":\"hr\",\"@id\":\"https:\\\/\\\/clair.si\\\/hr\\\/izdelek\\\/western-podsedelni-kolan-westride-soft\\\/#primaryimage\",\"url\":\"https:\\\/\\\/clair.si\\\/wp-content\\\/uploads\\\/2022\\\/07\\\/westride-western-podsedelni-pas-z-sinteticno-ovcko.webp\",\"contentUrl\":\"https:\\\/\\\/clair.si\\\/wp-content\\\/uploads\\\/2022\\\/07\\\/westride-western-podsedelni-pas-z-sinteticno-ovcko.webp\",\"width\":800,\"height\":800},{\"@type\":\"BreadcrumbList\",\"@id\":\"https:\\\/\\\/clair.si\\\/hr\\\/izdelek\\\/western-podsedelni-kolan-westride-soft\\\/#breadcrumb\",\"itemListElement\":[{\"@type\":\"ListItem\",\"position\":1,\"name\":\"Home\",\"item\":\"https:\\\/\\\/clair.si\\\/hr\\\/\"},{\"@type\":\"ListItem\",\"position\":2,\"name\":\"Trgovina\",\"item\":\"https:\\\/\\\/clair.si\\\/trgovina\\\/\"},{\"@type\":\"ListItem\",\"position\":3,\"name\":\"Western kolan Westride Soft\"}]},{\"@type\":\"WebSite\",\"@id\":\"https:\\\/\\\/clair.si\\\/#website\",\"url\":\"https:\\\/\\\/clair.si\\\/\",\"name\":\"Clair\",\"description\":\"Trgovina s konjeni\u0161ko opremo\",\"publisher\":{\"@id\":\"https:\\\/\\\/clair.si\\\/#organization\"},\"potentialAction\":[{\"@type\":\"SearchAction\",\"target\":{\"@type\":\"EntryPoint\",\"urlTemplate\":\"https:\\\/\\\/clair.si\\\/?s={search_term_string}\"},\"query-input\":{\"@type\":\"PropertyValueSpecification\",\"valueRequired\":true,\"valueName\":\"search_term_string\"}}],\"inLanguage\":\"hr\"},{\"@type\":\"Organization\",\"@id\":\"https:\\\/\\\/clair.si\\\/#organization\",\"name\":\"Clair\",\"url\":\"https:\\\/\\\/clair.si\\\/\",\"logo\":{\"@type\":\"ImageObject\",\"inLanguage\":\"hr\",\"@id\":\"https:\\\/\\\/clair.si\\\/#\\\/schema\\\/logo\\\/image\\\/\",\"url\":\"https:\\\/\\\/clair.si\\\/wp-content\\\/uploads\\\/2022\\\/11\\\/clair_logo_2022.jpg\",\"contentUrl\":\"https:\\\/\\\/clair.si\\\/wp-content\\\/uploads\\\/2022\\\/11\\\/clair_logo_2022.jpg\",\"width\":1920,\"height\":1920,\"caption\":\"Clair\"},\"image\":{\"@id\":\"https:\\\/\\\/clair.si\\\/#\\\/schema\\\/logo\\\/image\\\/\"},\"sameAs\":[\"https:\\\/\\\/www.facebook.com\\\/TrgovinaClair\\\/\"]}]}<\/script>\n<!-- \/ Yoast SEO plugin. -->","yoast_head_json":{"title":"Western kolan Westride Soft - Clair","description":"Western kolan Westride Soft Umjetni materijal i sinteti\u010dka ov\u010dja ko\u017ea.","robots":{"index":"index","follow":"follow","max-snippet":"max-snippet:-1","max-image-preview":"max-image-preview:large","max-video-preview":"max-video-preview:-1"},"canonical":"https:\/\/clair.si\/hr\/izdelek\/western-podsedelni-kolan-westride-soft\/","og_locale":"hr_HR","og_type":"article","og_title":"Western kolan Westride Soft - Clair","og_description":"Western kolan Westride Soft Umjetni materijal i sinteti\u010dka ov\u010dja ko\u017ea.","og_url":"https:\/\/clair.si\/hr\/izdelek\/western-podsedelni-kolan-westride-soft\/","og_site_name":"Clair","article_publisher":"https:\/\/www.facebook.com\/TrgovinaClair\/","article_modified_time":"2025-09-28T16:53:23+00:00","og_image":[{"width":800,"height":800,"url":"https:\/\/clair.si\/wp-content\/uploads\/2022\/07\/westride-western-podsedelni-pas-z-sinteticno-ovcko.jpg","type":"image\/jpeg"}],"twitter_card":"summary_large_image","twitter_misc":{"Procijenjeno vrijeme \u010ditanja":"1 minuta"},"schema":{"@context":"https:\/\/schema.org","@graph":[{"@type":"WebPage","@id":"https:\/\/clair.si\/hr\/izdelek\/western-podsedelni-kolan-westride-soft\/","url":"https:\/\/clair.si\/hr\/izdelek\/western-podsedelni-kolan-westride-soft\/","name":"Western kolan Westride Soft - Clair","isPartOf":{"@id":"https:\/\/clair.si\/#website"},"primaryImageOfPage":{"@id":"https:\/\/clair.si\/hr\/izdelek\/western-podsedelni-kolan-westride-soft\/#primaryimage"},"image":{"@id":"https:\/\/clair.si\/hr\/izdelek\/western-podsedelni-kolan-westride-soft\/#primaryimage"},"thumbnailUrl":"https:\/\/clair.si\/wp-content\/uploads\/2022\/07\/westride-western-podsedelni-pas-z-sinteticno-ovcko.webp","datePublished":"2022-07-24T14:27:07+00:00","dateModified":"2025-09-28T16:53:23+00:00","description":"Western kolan Westride Soft Umjetni materijal i sinteti\u010dka ov\u010dja ko\u017ea.","breadcrumb":{"@id":"https:\/\/clair.si\/hr\/izdelek\/western-podsedelni-kolan-westride-soft\/#breadcrumb"},"inLanguage":"hr","potentialAction":[{"@type":"ReadAction","target":["https:\/\/clair.si\/hr\/izdelek\/western-podsedelni-kolan-westride-soft\/"]}]},{"@type":"ImageObject","inLanguage":"hr","@id":"https:\/\/clair.si\/hr\/izdelek\/western-podsedelni-kolan-westride-soft\/#primaryimage","url":"https:\/\/clair.si\/wp-content\/uploads\/2022\/07\/westride-western-podsedelni-pas-z-sinteticno-ovcko.webp","contentUrl":"https:\/\/clair.si\/wp-content\/uploads\/2022\/07\/westride-western-podsedelni-pas-z-sinteticno-ovcko.webp","width":800,"height":800},{"@type":"BreadcrumbList","@id":"https:\/\/clair.si\/hr\/izdelek\/western-podsedelni-kolan-westride-soft\/#breadcrumb","itemListElement":[{"@type":"ListItem","position":1,"name":"Home","item":"https:\/\/clair.si\/hr\/"},{"@type":"ListItem","position":2,"name":"Trgovina","item":"https:\/\/clair.si\/trgovina\/"},{"@type":"ListItem","position":3,"name":"Western kolan Westride Soft"}]},{"@type":"WebSite","@id":"https:\/\/clair.si\/#website","url":"https:\/\/clair.si\/","name":"Clair","description":"Trgovina s konjeni\u0161ko opremo","publisher":{"@id":"https:\/\/clair.si\/#organization"},"potentialAction":[{"@type":"SearchAction","target":{"@type":"EntryPoint","urlTemplate":"https:\/\/clair.si\/?s={search_term_string}"},"query-input":{"@type":"PropertyValueSpecification","valueRequired":true,"valueName":"search_term_string"}}],"inLanguage":"hr"},{"@type":"Organization","@id":"https:\/\/clair.si\/#organization","name":"Clair","url":"https:\/\/clair.si\/","logo":{"@type":"ImageObject","inLanguage":"hr","@id":"https:\/\/clair.si\/#\/schema\/logo\/image\/","url":"https:\/\/clair.si\/wp-content\/uploads\/2022\/11\/clair_logo_2022.jpg","contentUrl":"https:\/\/clair.si\/wp-content\/uploads\/2022\/11\/clair_logo_2022.jpg","width":1920,"height":1920,"caption":"Clair"},"image":{"@id":"https:\/\/clair.si\/#\/schema\/logo\/image\/"},"sameAs":["https:\/\/www.facebook.com\/TrgovinaClair\/"]}]}},"_links":{"self":[{"href":"https:\/\/clair.si\/hr\/wp-json\/wp\/v2\/product\/103249","targetHints":{"allow":["GET"]}}],"collection":[{"href":"https:\/\/clair.si\/hr\/wp-json\/wp\/v2\/product"}],"about":[{"href":"https:\/\/clair.si\/hr\/wp-json\/wp\/v2\/types\/product"}],"version-history":[{"count":3,"href":"https:\/\/clair.si\/hr\/wp-json\/wp\/v2\/product\/103249\/revisions"}],"predecessor-version":[{"id":115086,"href":"https:\/\/clair.si\/hr\/wp-json\/wp\/v2\/product\/103249\/revisions\/115086"}],"wp:featuredmedia":[{"embeddable":true,"href":"https:\/\/clair.si\/hr\/wp-json\/wp\/v2\/media\/103294"}],"wp:attachment":[{"href":"https:\/\/clair.si\/hr\/wp-json\/wp\/v2\/media?parent=103249"}],"wp:term":[{"taxonomy":"product_brand","embeddable":true,"href":"https:\/\/clair.si\/hr\/wp-json\/wp\/v2\/product_brand?post=103249"},{"taxonomy":"product_cat","embeddable":true,"href":"https:\/\/clair.si\/hr\/wp-json\/wp\/v2\/product_cat?post=103249"},{"taxonomy":"product_tag","embeddable":true,"href":"https:\/\/clair.si\/hr\/wp-json\/wp\/v2\/product_tag?post=103249"}],"curies":[{"name":"wp","href":"https:\/\/api.w.org\/{rel}","templated":true}]}}