{"id":103322,"date":"2022-07-20T11:40:14","date_gmt":"2022-07-20T09:40:14","guid":{"rendered":"https:\/\/clair.si\/izdelek\/zica-blue-max-w3\/"},"modified":"2025-08-28T06:37:57","modified_gmt":"2025-08-28T04:37:57","slug":"zica-blue-max-w3","status":"publish","type":"product","link":"https:\/\/clair.si\/hr\/izdelek\/zica-blue-max-w3\/","title":{"rendered":"\u017dica Blue Max W3"},"content":{"rendered":"<p><strong>\u017dica Blue Max W3<\/strong> za elektri\u010dnog pastira prikladna je za duge ograde i na\u0161 je prodajni hit.<\/p>\n<p><strong>Visoka kvaliteta materijala<\/strong> vodi\u010da jam\u010di visoku vodljivost te otpornost na trganje i vremenske uvjete. Odabirom pravog vodi\u010da mo\u017eete bitno utjecati na sigurnost pa\u0161e. <\/p>\n<p>\u017dica od tri inox vodi\u010da, promjera 0,30 mm i malog otpora 0,711 Ohm\/m.<\/p>\n<p>Duljina \u017eice je 500 m i ima vla\u010dnu \u010dvrsto\u0107u 130 kg.<\/p>\n","protected":false},"excerpt":{"rendered":"<p>Zna\u010dajke:<\/p>\n<p><img loading=\"lazy\" decoding=\"async\" class=\"\" src=\"https:\/\/sp-ao.shortpixel.ai\/client\/to_auto,q_lossy,ret_img,w_46,h_46\/https:\/\/www.agro-clair.si\/wp-content\/uploads\/2020\/05\/UV-zascita.png\" width=\"50\" height=\"50\"><\/p>\n","protected":false},"featured_media":103329,"template":"","meta":{"footnotes":""},"product_brand":[],"product_cat":[5820,5627,6633],"product_tag":[],"class_list":{"0":"post-103322","1":"product","2":"type-product","3":"status-publish","4":"has-post-thumbnail","6":"product_cat-oprema-za-pasnjake","7":"product_cat-stala-i-pasnjak","8":"product_cat-trake-i-zice","10":"first","11":"instock","12":"sale","13":"shipping-taxable","14":"purchasable","15":"product-type-simple"},"yoast_head":"<!-- This site is optimized with the Yoast SEO plugin v27.4 - https:\/\/yoast.com\/product\/yoast-seo-wordpress\/ -->\n<title>\u017dica Blue Max W3 - Clair<\/title>\n<meta name=\"description\" content=\"\u017dica Blue Max W3 je kvalitetna \u017eica, prikladna za duge ograde. Tako\u0111er je na\u0161 prodajni hit! Osigurajte svoju!\" \/>\n<meta name=\"robots\" content=\"index, follow, max-snippet:-1, max-image-preview:large, max-video-preview:-1\" \/>\n<link rel=\"canonical\" href=\"https:\/\/clair.si\/hr\/izdelek\/zica-blue-max-w3\/\" \/>\n<meta property=\"og:locale\" content=\"hr_HR\" \/>\n<meta property=\"og:type\" content=\"article\" \/>\n<meta property=\"og:title\" content=\"\u017dica Blue Max W3 - Clair\" \/>\n<meta property=\"og:description\" content=\"\u017dica Blue Max W3 je kvalitetna \u017eica, prikladna za duge ograde. Tako\u0111er je na\u0161 prodajni hit! Osigurajte svoju!\" \/>\n<meta property=\"og:url\" content=\"https:\/\/clair.si\/hr\/izdelek\/zica-blue-max-w3\/\" \/>\n<meta property=\"og:site_name\" content=\"Clair\" \/>\n<meta property=\"article:publisher\" content=\"https:\/\/www.facebook.com\/TrgovinaClair\/\" \/>\n<meta property=\"article:modified_time\" content=\"2025-08-28T04:37:57+00:00\" \/>\n<meta property=\"og:image\" content=\"https:\/\/clair.si\/wp-content\/uploads\/2022\/07\/ZICA-BLUE-MAX-W3-TB-Max-130kg-500m-modra-1012002_5.jpeg\" \/>\n\t<meta property=\"og:image:width\" content=\"600\" \/>\n\t<meta property=\"og:image:height\" content=\"600\" \/>\n\t<meta property=\"og:image:type\" content=\"image\/jpeg\" \/>\n<meta name=\"twitter:card\" content=\"summary_large_image\" \/>\n<script type=\"application\/ld+json\" class=\"yoast-schema-graph\">{\"@context\":\"https:\\\/\\\/schema.org\",\"@graph\":[{\"@type\":\"WebPage\",\"@id\":\"https:\\\/\\\/clair.si\\\/hr\\\/izdelek\\\/zica-blue-max-w3\\\/\",\"url\":\"https:\\\/\\\/clair.si\\\/hr\\\/izdelek\\\/zica-blue-max-w3\\\/\",\"name\":\"\u017dica Blue Max W3 - Clair\",\"isPartOf\":{\"@id\":\"https:\\\/\\\/clair.si\\\/#website\"},\"primaryImageOfPage\":{\"@id\":\"https:\\\/\\\/clair.si\\\/hr\\\/izdelek\\\/zica-blue-max-w3\\\/#primaryimage\"},\"image\":{\"@id\":\"https:\\\/\\\/clair.si\\\/hr\\\/izdelek\\\/zica-blue-max-w3\\\/#primaryimage\"},\"thumbnailUrl\":\"https:\\\/\\\/clair.si\\\/wp-content\\\/uploads\\\/2022\\\/07\\\/ZICA-BLUE-MAX-W3-TB-Max-130kg-500m-modra-1012002_5.webp\",\"datePublished\":\"2022-07-20T09:40:14+00:00\",\"dateModified\":\"2025-08-28T04:37:57+00:00\",\"description\":\"\u017dica Blue Max W3 je kvalitetna \u017eica, prikladna za duge ograde. Tako\u0111er je na\u0161 prodajni hit! Osigurajte svoju!\",\"breadcrumb\":{\"@id\":\"https:\\\/\\\/clair.si\\\/hr\\\/izdelek\\\/zica-blue-max-w3\\\/#breadcrumb\"},\"inLanguage\":\"hr\",\"potentialAction\":[{\"@type\":\"ReadAction\",\"target\":[\"https:\\\/\\\/clair.si\\\/hr\\\/izdelek\\\/zica-blue-max-w3\\\/\"]}]},{\"@type\":\"ImageObject\",\"inLanguage\":\"hr\",\"@id\":\"https:\\\/\\\/clair.si\\\/hr\\\/izdelek\\\/zica-blue-max-w3\\\/#primaryimage\",\"url\":\"https:\\\/\\\/clair.si\\\/wp-content\\\/uploads\\\/2022\\\/07\\\/ZICA-BLUE-MAX-W3-TB-Max-130kg-500m-modra-1012002_5.webp\",\"contentUrl\":\"https:\\\/\\\/clair.si\\\/wp-content\\\/uploads\\\/2022\\\/07\\\/ZICA-BLUE-MAX-W3-TB-Max-130kg-500m-modra-1012002_5.webp\",\"width\":600,\"height\":600,\"caption\":\"\u017dica Blue Max W3\"},{\"@type\":\"BreadcrumbList\",\"@id\":\"https:\\\/\\\/clair.si\\\/hr\\\/izdelek\\\/zica-blue-max-w3\\\/#breadcrumb\",\"itemListElement\":[{\"@type\":\"ListItem\",\"position\":1,\"name\":\"Home\",\"item\":\"https:\\\/\\\/clair.si\\\/hr\\\/\"},{\"@type\":\"ListItem\",\"position\":2,\"name\":\"Trgovina\",\"item\":\"https:\\\/\\\/clair.si\\\/trgovina\\\/\"},{\"@type\":\"ListItem\",\"position\":3,\"name\":\"\u017dica Blue Max W3\"}]},{\"@type\":\"WebSite\",\"@id\":\"https:\\\/\\\/clair.si\\\/#website\",\"url\":\"https:\\\/\\\/clair.si\\\/\",\"name\":\"Clair\",\"description\":\"Trgovina s konjeni\u0161ko opremo\",\"publisher\":{\"@id\":\"https:\\\/\\\/clair.si\\\/#organization\"},\"potentialAction\":[{\"@type\":\"SearchAction\",\"target\":{\"@type\":\"EntryPoint\",\"urlTemplate\":\"https:\\\/\\\/clair.si\\\/?s={search_term_string}\"},\"query-input\":{\"@type\":\"PropertyValueSpecification\",\"valueRequired\":true,\"valueName\":\"search_term_string\"}}],\"inLanguage\":\"hr\"},{\"@type\":\"Organization\",\"@id\":\"https:\\\/\\\/clair.si\\\/#organization\",\"name\":\"Clair\",\"url\":\"https:\\\/\\\/clair.si\\\/\",\"logo\":{\"@type\":\"ImageObject\",\"inLanguage\":\"hr\",\"@id\":\"https:\\\/\\\/clair.si\\\/#\\\/schema\\\/logo\\\/image\\\/\",\"url\":\"https:\\\/\\\/clair.si\\\/wp-content\\\/uploads\\\/2022\\\/11\\\/clair_logo_2022.jpg\",\"contentUrl\":\"https:\\\/\\\/clair.si\\\/wp-content\\\/uploads\\\/2022\\\/11\\\/clair_logo_2022.jpg\",\"width\":1920,\"height\":1920,\"caption\":\"Clair\"},\"image\":{\"@id\":\"https:\\\/\\\/clair.si\\\/#\\\/schema\\\/logo\\\/image\\\/\"},\"sameAs\":[\"https:\\\/\\\/www.facebook.com\\\/TrgovinaClair\\\/\"]}]}<\/script>\n<!-- \/ Yoast SEO plugin. -->","yoast_head_json":{"title":"\u017dica Blue Max W3 - Clair","description":"\u017dica Blue Max W3 je kvalitetna \u017eica, prikladna za duge ograde. Tako\u0111er je na\u0161 prodajni hit! Osigurajte svoju!","robots":{"index":"index","follow":"follow","max-snippet":"max-snippet:-1","max-image-preview":"max-image-preview:large","max-video-preview":"max-video-preview:-1"},"canonical":"https:\/\/clair.si\/hr\/izdelek\/zica-blue-max-w3\/","og_locale":"hr_HR","og_type":"article","og_title":"\u017dica Blue Max W3 - Clair","og_description":"\u017dica Blue Max W3 je kvalitetna \u017eica, prikladna za duge ograde. Tako\u0111er je na\u0161 prodajni hit! Osigurajte svoju!","og_url":"https:\/\/clair.si\/hr\/izdelek\/zica-blue-max-w3\/","og_site_name":"Clair","article_publisher":"https:\/\/www.facebook.com\/TrgovinaClair\/","article_modified_time":"2025-08-28T04:37:57+00:00","og_image":[{"width":600,"height":600,"url":"https:\/\/clair.si\/wp-content\/uploads\/2022\/07\/ZICA-BLUE-MAX-W3-TB-Max-130kg-500m-modra-1012002_5.jpeg","type":"image\/jpeg"}],"twitter_card":"summary_large_image","schema":{"@context":"https:\/\/schema.org","@graph":[{"@type":"WebPage","@id":"https:\/\/clair.si\/hr\/izdelek\/zica-blue-max-w3\/","url":"https:\/\/clair.si\/hr\/izdelek\/zica-blue-max-w3\/","name":"\u017dica Blue Max W3 - Clair","isPartOf":{"@id":"https:\/\/clair.si\/#website"},"primaryImageOfPage":{"@id":"https:\/\/clair.si\/hr\/izdelek\/zica-blue-max-w3\/#primaryimage"},"image":{"@id":"https:\/\/clair.si\/hr\/izdelek\/zica-blue-max-w3\/#primaryimage"},"thumbnailUrl":"https:\/\/clair.si\/wp-content\/uploads\/2022\/07\/ZICA-BLUE-MAX-W3-TB-Max-130kg-500m-modra-1012002_5.webp","datePublished":"2022-07-20T09:40:14+00:00","dateModified":"2025-08-28T04:37:57+00:00","description":"\u017dica Blue Max W3 je kvalitetna \u017eica, prikladna za duge ograde. Tako\u0111er je na\u0161 prodajni hit! Osigurajte svoju!","breadcrumb":{"@id":"https:\/\/clair.si\/hr\/izdelek\/zica-blue-max-w3\/#breadcrumb"},"inLanguage":"hr","potentialAction":[{"@type":"ReadAction","target":["https:\/\/clair.si\/hr\/izdelek\/zica-blue-max-w3\/"]}]},{"@type":"ImageObject","inLanguage":"hr","@id":"https:\/\/clair.si\/hr\/izdelek\/zica-blue-max-w3\/#primaryimage","url":"https:\/\/clair.si\/wp-content\/uploads\/2022\/07\/ZICA-BLUE-MAX-W3-TB-Max-130kg-500m-modra-1012002_5.webp","contentUrl":"https:\/\/clair.si\/wp-content\/uploads\/2022\/07\/ZICA-BLUE-MAX-W3-TB-Max-130kg-500m-modra-1012002_5.webp","width":600,"height":600,"caption":"\u017dica Blue Max W3"},{"@type":"BreadcrumbList","@id":"https:\/\/clair.si\/hr\/izdelek\/zica-blue-max-w3\/#breadcrumb","itemListElement":[{"@type":"ListItem","position":1,"name":"Home","item":"https:\/\/clair.si\/hr\/"},{"@type":"ListItem","position":2,"name":"Trgovina","item":"https:\/\/clair.si\/trgovina\/"},{"@type":"ListItem","position":3,"name":"\u017dica Blue Max W3"}]},{"@type":"WebSite","@id":"https:\/\/clair.si\/#website","url":"https:\/\/clair.si\/","name":"Clair","description":"Trgovina s konjeni\u0161ko opremo","publisher":{"@id":"https:\/\/clair.si\/#organization"},"potentialAction":[{"@type":"SearchAction","target":{"@type":"EntryPoint","urlTemplate":"https:\/\/clair.si\/?s={search_term_string}"},"query-input":{"@type":"PropertyValueSpecification","valueRequired":true,"valueName":"search_term_string"}}],"inLanguage":"hr"},{"@type":"Organization","@id":"https:\/\/clair.si\/#organization","name":"Clair","url":"https:\/\/clair.si\/","logo":{"@type":"ImageObject","inLanguage":"hr","@id":"https:\/\/clair.si\/#\/schema\/logo\/image\/","url":"https:\/\/clair.si\/wp-content\/uploads\/2022\/11\/clair_logo_2022.jpg","contentUrl":"https:\/\/clair.si\/wp-content\/uploads\/2022\/11\/clair_logo_2022.jpg","width":1920,"height":1920,"caption":"Clair"},"image":{"@id":"https:\/\/clair.si\/#\/schema\/logo\/image\/"},"sameAs":["https:\/\/www.facebook.com\/TrgovinaClair\/"]}]}},"_links":{"self":[{"href":"https:\/\/clair.si\/hr\/wp-json\/wp\/v2\/product\/103322","targetHints":{"allow":["GET"]}}],"collection":[{"href":"https:\/\/clair.si\/hr\/wp-json\/wp\/v2\/product"}],"about":[{"href":"https:\/\/clair.si\/hr\/wp-json\/wp\/v2\/types\/product"}],"version-history":[{"count":0,"href":"https:\/\/clair.si\/hr\/wp-json\/wp\/v2\/product\/103322\/revisions"}],"wp:featuredmedia":[{"embeddable":true,"href":"https:\/\/clair.si\/hr\/wp-json\/wp\/v2\/media\/103329"}],"wp:attachment":[{"href":"https:\/\/clair.si\/hr\/wp-json\/wp\/v2\/media?parent=103322"}],"wp:term":[{"taxonomy":"product_brand","embeddable":true,"href":"https:\/\/clair.si\/hr\/wp-json\/wp\/v2\/product_brand?post=103322"},{"taxonomy":"product_cat","embeddable":true,"href":"https:\/\/clair.si\/hr\/wp-json\/wp\/v2\/product_cat?post=103322"},{"taxonomy":"product_tag","embeddable":true,"href":"https:\/\/clair.si\/hr\/wp-json\/wp\/v2\/product_tag?post=103322"}],"curies":[{"name":"wp","href":"https:\/\/api.w.org\/{rel}","templated":true}]}}