{"id":103337,"date":"2022-07-20T11:24:30","date_gmt":"2022-07-20T09:24:30","guid":{"rendered":"https:\/\/clair.si\/izdelek\/spojnica-za-zicu-4-6-mm\/"},"modified":"2025-08-28T06:38:42","modified_gmt":"2025-08-28T04:38:42","slug":"spojnica-za-zicu-4-6-mm","status":"publish","type":"product","link":"https:\/\/clair.si\/hr\/izdelek\/spojnica-za-zicu-4-6-mm\/","title":{"rendered":"Spojnica za \u017eicu 4-6 mm"},"content":{"rendered":"<p>Konektor za kabelske elektri\u010dne ograde Horizont osigurava <strong>sigurnu i trajnu<\/strong> vezu u\u017eeta.<\/p>\n<p>Spojnica je izra\u0111ena od <strong>pocin\u010danog \u010delika<\/strong>.<\/p>\n<p>Velika kontaktna povr\u0161ina osigurava siguran protok struje.<\/p>\n","protected":false},"excerpt":{"rendered":"<p>U kompletu je 5 komada.<\/p>\n","protected":false},"featured_media":103340,"template":"","meta":{"footnotes":""},"product_brand":[],"product_cat":[6308,5820,5821,5627,6633],"product_tag":[],"class_list":{"0":"post-103337","1":"product","2":"type-product","3":"status-publish","4":"has-post-thumbnail","6":"product_cat-dodatna-oprema-za-elektricnu-ogradu","7":"product_cat-oprema-za-pasnjake","8":"product_cat-ostala-oprema-za-pasnjake","9":"product_cat-stala-i-pasnjak","10":"product_cat-trake-i-zice","12":"first","13":"instock","14":"sale","15":"shipping-taxable","16":"purchasable","17":"product-type-simple"},"yoast_head":"<!-- This site is optimized with the Yoast SEO plugin v27.4 - https:\/\/yoast.com\/product\/yoast-seo-wordpress\/ -->\n<title>Spojnica za \u017eicu 4-6 mm - Clair<\/title>\n<meta name=\"description\" content=\"Spojnica za \u017eicu 4-6 mm je konektor za kabelske elektri\u010dne ograde Horizont, koji mo\u017eete prona\u0107i u na\u0161oj ponudi u web trgovini.\" \/>\n<meta name=\"robots\" content=\"index, follow, max-snippet:-1, max-image-preview:large, max-video-preview:-1\" \/>\n<link rel=\"canonical\" href=\"https:\/\/clair.si\/hr\/izdelek\/spojnica-za-zicu-4-6-mm\/\" \/>\n<meta property=\"og:locale\" content=\"hr_HR\" \/>\n<meta property=\"og:type\" content=\"article\" \/>\n<meta property=\"og:title\" content=\"Spojnica za \u017eicu 4-6 mm - Clair\" \/>\n<meta property=\"og:description\" content=\"Spojnica za \u017eicu 4-6 mm je konektor za kabelske elektri\u010dne ograde Horizont, koji mo\u017eete prona\u0107i u na\u0161oj ponudi u web trgovini.\" \/>\n<meta property=\"og:url\" content=\"https:\/\/clair.si\/hr\/izdelek\/spojnica-za-zicu-4-6-mm\/\" \/>\n<meta property=\"og:site_name\" content=\"Clair\" \/>\n<meta property=\"article:publisher\" content=\"https:\/\/www.facebook.com\/TrgovinaClair\/\" \/>\n<meta property=\"article:modified_time\" content=\"2025-08-28T04:38:42+00:00\" \/>\n<meta property=\"og:image\" content=\"https:\/\/clair.si\/wp-content\/uploads\/2022\/07\/15483C__01.jpeg\" \/>\n\t<meta property=\"og:image:width\" content=\"400\" \/>\n\t<meta property=\"og:image:height\" content=\"400\" \/>\n\t<meta property=\"og:image:type\" content=\"image\/jpeg\" \/>\n<meta name=\"twitter:card\" content=\"summary_large_image\" \/>\n<script type=\"application\/ld+json\" class=\"yoast-schema-graph\">{\"@context\":\"https:\\\/\\\/schema.org\",\"@graph\":[{\"@type\":\"WebPage\",\"@id\":\"https:\\\/\\\/clair.si\\\/hr\\\/izdelek\\\/spojnica-za-zicu-4-6-mm\\\/\",\"url\":\"https:\\\/\\\/clair.si\\\/hr\\\/izdelek\\\/spojnica-za-zicu-4-6-mm\\\/\",\"name\":\"Spojnica za \u017eicu 4-6 mm - Clair\",\"isPartOf\":{\"@id\":\"https:\\\/\\\/clair.si\\\/#website\"},\"primaryImageOfPage\":{\"@id\":\"https:\\\/\\\/clair.si\\\/hr\\\/izdelek\\\/spojnica-za-zicu-4-6-mm\\\/#primaryimage\"},\"image\":{\"@id\":\"https:\\\/\\\/clair.si\\\/hr\\\/izdelek\\\/spojnica-za-zicu-4-6-mm\\\/#primaryimage\"},\"thumbnailUrl\":\"https:\\\/\\\/clair.si\\\/wp-content\\\/uploads\\\/2022\\\/07\\\/15483C__01.webp\",\"datePublished\":\"2022-07-20T09:24:30+00:00\",\"dateModified\":\"2025-08-28T04:38:42+00:00\",\"description\":\"Spojnica za \u017eicu 4-6 mm je konektor za kabelske elektri\u010dne ograde Horizont, koji mo\u017eete prona\u0107i u na\u0161oj ponudi u web trgovini.\",\"breadcrumb\":{\"@id\":\"https:\\\/\\\/clair.si\\\/hr\\\/izdelek\\\/spojnica-za-zicu-4-6-mm\\\/#breadcrumb\"},\"inLanguage\":\"hr\",\"potentialAction\":[{\"@type\":\"ReadAction\",\"target\":[\"https:\\\/\\\/clair.si\\\/hr\\\/izdelek\\\/spojnica-za-zicu-4-6-mm\\\/\"]}]},{\"@type\":\"ImageObject\",\"inLanguage\":\"hr\",\"@id\":\"https:\\\/\\\/clair.si\\\/hr\\\/izdelek\\\/spojnica-za-zicu-4-6-mm\\\/#primaryimage\",\"url\":\"https:\\\/\\\/clair.si\\\/wp-content\\\/uploads\\\/2022\\\/07\\\/15483C__01.webp\",\"contentUrl\":\"https:\\\/\\\/clair.si\\\/wp-content\\\/uploads\\\/2022\\\/07\\\/15483C__01.webp\",\"width\":400,\"height\":400,\"caption\":\"Spojka za elektri\u010dne ograje\"},{\"@type\":\"BreadcrumbList\",\"@id\":\"https:\\\/\\\/clair.si\\\/hr\\\/izdelek\\\/spojnica-za-zicu-4-6-mm\\\/#breadcrumb\",\"itemListElement\":[{\"@type\":\"ListItem\",\"position\":1,\"name\":\"Home\",\"item\":\"https:\\\/\\\/clair.si\\\/hr\\\/\"},{\"@type\":\"ListItem\",\"position\":2,\"name\":\"Trgovina\",\"item\":\"https:\\\/\\\/clair.si\\\/trgovina\\\/\"},{\"@type\":\"ListItem\",\"position\":3,\"name\":\"Spojnica za \u017eicu 4-6 mm\"}]},{\"@type\":\"WebSite\",\"@id\":\"https:\\\/\\\/clair.si\\\/#website\",\"url\":\"https:\\\/\\\/clair.si\\\/\",\"name\":\"Clair\",\"description\":\"Trgovina s konjeni\u0161ko opremo\",\"publisher\":{\"@id\":\"https:\\\/\\\/clair.si\\\/#organization\"},\"potentialAction\":[{\"@type\":\"SearchAction\",\"target\":{\"@type\":\"EntryPoint\",\"urlTemplate\":\"https:\\\/\\\/clair.si\\\/?s={search_term_string}\"},\"query-input\":{\"@type\":\"PropertyValueSpecification\",\"valueRequired\":true,\"valueName\":\"search_term_string\"}}],\"inLanguage\":\"hr\"},{\"@type\":\"Organization\",\"@id\":\"https:\\\/\\\/clair.si\\\/#organization\",\"name\":\"Clair\",\"url\":\"https:\\\/\\\/clair.si\\\/\",\"logo\":{\"@type\":\"ImageObject\",\"inLanguage\":\"hr\",\"@id\":\"https:\\\/\\\/clair.si\\\/#\\\/schema\\\/logo\\\/image\\\/\",\"url\":\"https:\\\/\\\/clair.si\\\/wp-content\\\/uploads\\\/2022\\\/11\\\/clair_logo_2022.jpg\",\"contentUrl\":\"https:\\\/\\\/clair.si\\\/wp-content\\\/uploads\\\/2022\\\/11\\\/clair_logo_2022.jpg\",\"width\":1920,\"height\":1920,\"caption\":\"Clair\"},\"image\":{\"@id\":\"https:\\\/\\\/clair.si\\\/#\\\/schema\\\/logo\\\/image\\\/\"},\"sameAs\":[\"https:\\\/\\\/www.facebook.com\\\/TrgovinaClair\\\/\"]}]}<\/script>\n<!-- \/ Yoast SEO plugin. -->","yoast_head_json":{"title":"Spojnica za \u017eicu 4-6 mm - Clair","description":"Spojnica za \u017eicu 4-6 mm je konektor za kabelske elektri\u010dne ograde Horizont, koji mo\u017eete prona\u0107i u na\u0161oj ponudi u web trgovini.","robots":{"index":"index","follow":"follow","max-snippet":"max-snippet:-1","max-image-preview":"max-image-preview:large","max-video-preview":"max-video-preview:-1"},"canonical":"https:\/\/clair.si\/hr\/izdelek\/spojnica-za-zicu-4-6-mm\/","og_locale":"hr_HR","og_type":"article","og_title":"Spojnica za \u017eicu 4-6 mm - Clair","og_description":"Spojnica za \u017eicu 4-6 mm je konektor za kabelske elektri\u010dne ograde Horizont, koji mo\u017eete prona\u0107i u na\u0161oj ponudi u web trgovini.","og_url":"https:\/\/clair.si\/hr\/izdelek\/spojnica-za-zicu-4-6-mm\/","og_site_name":"Clair","article_publisher":"https:\/\/www.facebook.com\/TrgovinaClair\/","article_modified_time":"2025-08-28T04:38:42+00:00","og_image":[{"width":400,"height":400,"url":"https:\/\/clair.si\/wp-content\/uploads\/2022\/07\/15483C__01.jpeg","type":"image\/jpeg"}],"twitter_card":"summary_large_image","schema":{"@context":"https:\/\/schema.org","@graph":[{"@type":"WebPage","@id":"https:\/\/clair.si\/hr\/izdelek\/spojnica-za-zicu-4-6-mm\/","url":"https:\/\/clair.si\/hr\/izdelek\/spojnica-za-zicu-4-6-mm\/","name":"Spojnica za \u017eicu 4-6 mm - Clair","isPartOf":{"@id":"https:\/\/clair.si\/#website"},"primaryImageOfPage":{"@id":"https:\/\/clair.si\/hr\/izdelek\/spojnica-za-zicu-4-6-mm\/#primaryimage"},"image":{"@id":"https:\/\/clair.si\/hr\/izdelek\/spojnica-za-zicu-4-6-mm\/#primaryimage"},"thumbnailUrl":"https:\/\/clair.si\/wp-content\/uploads\/2022\/07\/15483C__01.webp","datePublished":"2022-07-20T09:24:30+00:00","dateModified":"2025-08-28T04:38:42+00:00","description":"Spojnica za \u017eicu 4-6 mm je konektor za kabelske elektri\u010dne ograde Horizont, koji mo\u017eete prona\u0107i u na\u0161oj ponudi u web trgovini.","breadcrumb":{"@id":"https:\/\/clair.si\/hr\/izdelek\/spojnica-za-zicu-4-6-mm\/#breadcrumb"},"inLanguage":"hr","potentialAction":[{"@type":"ReadAction","target":["https:\/\/clair.si\/hr\/izdelek\/spojnica-za-zicu-4-6-mm\/"]}]},{"@type":"ImageObject","inLanguage":"hr","@id":"https:\/\/clair.si\/hr\/izdelek\/spojnica-za-zicu-4-6-mm\/#primaryimage","url":"https:\/\/clair.si\/wp-content\/uploads\/2022\/07\/15483C__01.webp","contentUrl":"https:\/\/clair.si\/wp-content\/uploads\/2022\/07\/15483C__01.webp","width":400,"height":400,"caption":"Spojka za elektri\u010dne ograje"},{"@type":"BreadcrumbList","@id":"https:\/\/clair.si\/hr\/izdelek\/spojnica-za-zicu-4-6-mm\/#breadcrumb","itemListElement":[{"@type":"ListItem","position":1,"name":"Home","item":"https:\/\/clair.si\/hr\/"},{"@type":"ListItem","position":2,"name":"Trgovina","item":"https:\/\/clair.si\/trgovina\/"},{"@type":"ListItem","position":3,"name":"Spojnica za \u017eicu 4-6 mm"}]},{"@type":"WebSite","@id":"https:\/\/clair.si\/#website","url":"https:\/\/clair.si\/","name":"Clair","description":"Trgovina s konjeni\u0161ko opremo","publisher":{"@id":"https:\/\/clair.si\/#organization"},"potentialAction":[{"@type":"SearchAction","target":{"@type":"EntryPoint","urlTemplate":"https:\/\/clair.si\/?s={search_term_string}"},"query-input":{"@type":"PropertyValueSpecification","valueRequired":true,"valueName":"search_term_string"}}],"inLanguage":"hr"},{"@type":"Organization","@id":"https:\/\/clair.si\/#organization","name":"Clair","url":"https:\/\/clair.si\/","logo":{"@type":"ImageObject","inLanguage":"hr","@id":"https:\/\/clair.si\/#\/schema\/logo\/image\/","url":"https:\/\/clair.si\/wp-content\/uploads\/2022\/11\/clair_logo_2022.jpg","contentUrl":"https:\/\/clair.si\/wp-content\/uploads\/2022\/11\/clair_logo_2022.jpg","width":1920,"height":1920,"caption":"Clair"},"image":{"@id":"https:\/\/clair.si\/#\/schema\/logo\/image\/"},"sameAs":["https:\/\/www.facebook.com\/TrgovinaClair\/"]}]}},"_links":{"self":[{"href":"https:\/\/clair.si\/hr\/wp-json\/wp\/v2\/product\/103337","targetHints":{"allow":["GET"]}}],"collection":[{"href":"https:\/\/clair.si\/hr\/wp-json\/wp\/v2\/product"}],"about":[{"href":"https:\/\/clair.si\/hr\/wp-json\/wp\/v2\/types\/product"}],"version-history":[{"count":0,"href":"https:\/\/clair.si\/hr\/wp-json\/wp\/v2\/product\/103337\/revisions"}],"wp:featuredmedia":[{"embeddable":true,"href":"https:\/\/clair.si\/hr\/wp-json\/wp\/v2\/media\/103340"}],"wp:attachment":[{"href":"https:\/\/clair.si\/hr\/wp-json\/wp\/v2\/media?parent=103337"}],"wp:term":[{"taxonomy":"product_brand","embeddable":true,"href":"https:\/\/clair.si\/hr\/wp-json\/wp\/v2\/product_brand?post=103337"},{"taxonomy":"product_cat","embeddable":true,"href":"https:\/\/clair.si\/hr\/wp-json\/wp\/v2\/product_cat?post=103337"},{"taxonomy":"product_tag","embeddable":true,"href":"https:\/\/clair.si\/hr\/wp-json\/wp\/v2\/product_tag?post=103337"}],"curies":[{"name":"wp","href":"https:\/\/api.w.org\/{rel}","templated":true}]}}