{"id":103408,"date":"2022-07-19T12:15:11","date_gmt":"2022-07-19T10:15:11","guid":{"rendered":"https:\/\/clair.si\/izdelek\/elektricna-traka-turbomax-tld-20-mm\/"},"modified":"2025-08-28T06:38:34","modified_gmt":"2025-08-28T04:38:34","slug":"elektricna-traka-turbomax-tld-20-mm","status":"publish","type":"product","link":"https:\/\/clair.si\/hr\/izdelek\/elektricna-traka-turbomax-tld-20-mm\/","title":{"rendered":"Elektri\u010dna traka Turbomax TLD 20 mm"},"content":{"rendered":"<p><strong>Elektri\u010dna traka Turbomax TLD<\/strong> 20 mm za ogradu pa\u0161njaka izra\u0111ena je od visokokvalitetne plastike i nehr\u0111aju\u0107eg \u010delika, \u0161to osigurava dugi vijek trajanja. <strong>TLD vodi\u010di<\/strong> omogu\u0107uju dobru provodljivost i vla\u010dnu \u010dvrsto\u0107u, zbog \u010dega je to <strong>traka vi\u0161e kvalitete<\/strong> i <strong>vi\u0161eg cjenovnog razreda.<\/strong><\/p>\n<p>S elektri\u010dnom trakom Turbomax TLD 20 mm mogu\u0107e je posti\u0107i visoku u\u010dinkovitost zbog visoke provodljivosti, \u010dak i na <strong>dugim ogradama.<\/strong> Stoga je traka iznimno prikladna za <strong>duge i vrlo duge ograde.<\/strong> Vodljivost TLD max vodi\u010da mnogo je ve\u0107a od standardne vodljivosti. TLD max vodi\u010di su <strong>iznimno otporni na vremenske uvjete.<\/strong> <\/p>\n<p><strong>Popre\u010dne veze<\/strong> u traci osiguravaju stalan protok struje \u010dak i u slu\u010daju da se vodi\u010d <strong>slomi.<\/strong><\/p>\n<p>\u0160irina trake 20 mm i bijela boja s crnim rubovima omogu\u0107uje ve\u0107i kontrast s okolinom i tako pove\u0107ava vidljivost trake u sumrak. Traka je duga 200 m. <\/p>\n<p>Za sigurnu ispa\u0161u va\u0161ih \u017eivotinja u slu\u010daju <strong>puknu\u0107a trake<\/strong> koristite dodatke kao \u0161to je <strong>vezica za traku.<\/strong> Nemojte vezivati traku, jer to pove\u0107ava gubitak energije i smanjuje provodljivost.<\/p>\n<p>U slu\u010daju da postavljate ograde \u2013 <strong>trake u vi\u0161e razina<\/strong>, za optimalno djelovanje pa\u0161ne ograde uvijek koristite <strong>uvijek isti<\/strong> provodni materijal \u2013 <strong>traku.<\/strong><\/p>\n","protected":false},"excerpt":{"rendered":"<p>Zna\u010dajke:<\/p>\n<p><img loading=\"lazy\" decoding=\"async\" class=\"\" src=\"https:\/\/sp-ao.shortpixel.ai\/client\/to_auto,q_lossy,ret_img,w_75,h_75\/https:\/\/www.agro-clair.si\/wp-content\/uploads\/2021\/02\/tldmax_red.png\" width=\"60\" height=\"60\"> <img loading=\"lazy\" decoding=\"async\" class=\"\" src=\"https:\/\/sp-ao.shortpixel.ai\/client\/to_auto,q_lossy,ret_img,w_69,h_75\/https:\/\/www.agro-clair.si\/wp-content\/uploads\/2021\/02\/UV_garancija_5let.png\" width=\"53\" height=\"58\"> <img loading=\"lazy\" decoding=\"async\" class=\"\" src=\"https:\/\/sp-ao.shortpixel.ai\/client\/to_auto,q_lossy,ret_img,w_46,h_46\/https:\/\/www.agro-clair.si\/wp-content\/uploads\/2020\/05\/UV-zascita.png\" width=\"56\" height=\"56\"><\/p>\n","protected":false},"featured_media":103414,"template":"","meta":{"footnotes":""},"product_brand":[],"product_cat":[5820,5627,6633],"product_tag":[],"class_list":{"0":"post-103408","1":"product","2":"type-product","3":"status-publish","4":"has-post-thumbnail","6":"product_cat-oprema-za-pasnjake","7":"product_cat-stala-i-pasnjak","8":"product_cat-trake-i-zice","10":"first","11":"instock","12":"sale","13":"shipping-taxable","14":"purchasable","15":"product-type-simple"},"yoast_head":"<!-- This site is optimized with the Yoast SEO plugin v27.4 - https:\/\/yoast.com\/product\/yoast-seo-wordpress\/ -->\n<title>Elektri\u010dna traka Turbomax TLD 20 mm - Clair<\/title>\n<meta name=\"description\" content=\"Elektri\u010dna traka Turbomax TLD 20 mm je kvalitetna elektri\u010dna traka. Provjerite na\u0161u ponudu el. traka i \u017eica!\" \/>\n<meta name=\"robots\" content=\"index, follow, max-snippet:-1, max-image-preview:large, max-video-preview:-1\" \/>\n<link rel=\"canonical\" href=\"https:\/\/clair.si\/hr\/izdelek\/elektricna-traka-turbomax-tld-20-mm\/\" \/>\n<meta property=\"og:locale\" content=\"hr_HR\" \/>\n<meta property=\"og:type\" content=\"article\" \/>\n<meta property=\"og:title\" content=\"Elektri\u010dna traka Turbomax TLD 20 mm - Clair\" \/>\n<meta property=\"og:description\" content=\"Elektri\u010dna traka Turbomax TLD 20 mm je kvalitetna elektri\u010dna traka. Provjerite na\u0161u ponudu el. traka i \u017eica!\" \/>\n<meta property=\"og:url\" content=\"https:\/\/clair.si\/hr\/izdelek\/elektricna-traka-turbomax-tld-20-mm\/\" \/>\n<meta property=\"og:site_name\" content=\"Clair\" \/>\n<meta property=\"article:publisher\" content=\"https:\/\/www.facebook.com\/TrgovinaClair\/\" \/>\n<meta property=\"article:modified_time\" content=\"2025-08-28T04:38:34+00:00\" \/>\n<meta property=\"og:image\" content=\"https:\/\/clair.si\/wp-content\/uploads\/2022\/07\/TRAK-SIRINE-20-mm-Turbomax-T20-TLD-200-m-1012119_5.jpeg\" \/>\n\t<meta property=\"og:image:width\" content=\"2000\" \/>\n\t<meta property=\"og:image:height\" content=\"2000\" \/>\n\t<meta property=\"og:image:type\" content=\"image\/jpeg\" \/>\n<meta name=\"twitter:card\" content=\"summary_large_image\" \/>\n<meta name=\"twitter:label1\" content=\"Procijenjeno vrijeme \u010ditanja\" \/>\n\t<meta name=\"twitter:data1\" content=\"1 minuta\" \/>\n<script type=\"application\/ld+json\" class=\"yoast-schema-graph\">{\"@context\":\"https:\\\/\\\/schema.org\",\"@graph\":[{\"@type\":\"WebPage\",\"@id\":\"https:\\\/\\\/clair.si\\\/hr\\\/izdelek\\\/elektricna-traka-turbomax-tld-20-mm\\\/\",\"url\":\"https:\\\/\\\/clair.si\\\/hr\\\/izdelek\\\/elektricna-traka-turbomax-tld-20-mm\\\/\",\"name\":\"Elektri\u010dna traka Turbomax TLD 20 mm - Clair\",\"isPartOf\":{\"@id\":\"https:\\\/\\\/clair.si\\\/#website\"},\"primaryImageOfPage\":{\"@id\":\"https:\\\/\\\/clair.si\\\/hr\\\/izdelek\\\/elektricna-traka-turbomax-tld-20-mm\\\/#primaryimage\"},\"image\":{\"@id\":\"https:\\\/\\\/clair.si\\\/hr\\\/izdelek\\\/elektricna-traka-turbomax-tld-20-mm\\\/#primaryimage\"},\"thumbnailUrl\":\"https:\\\/\\\/clair.si\\\/wp-content\\\/uploads\\\/2022\\\/07\\\/TRAK-SIRINE-20-mm-Turbomax-T20-TLD-200-m-1012119_5.webp\",\"datePublished\":\"2022-07-19T10:15:11+00:00\",\"dateModified\":\"2025-08-28T04:38:34+00:00\",\"description\":\"Elektri\u010dna traka Turbomax TLD 20 mm je kvalitetna elektri\u010dna traka. Provjerite na\u0161u ponudu el. traka i \u017eica!\",\"breadcrumb\":{\"@id\":\"https:\\\/\\\/clair.si\\\/hr\\\/izdelek\\\/elektricna-traka-turbomax-tld-20-mm\\\/#breadcrumb\"},\"inLanguage\":\"hr\",\"potentialAction\":[{\"@type\":\"ReadAction\",\"target\":[\"https:\\\/\\\/clair.si\\\/hr\\\/izdelek\\\/elektricna-traka-turbomax-tld-20-mm\\\/\"]}]},{\"@type\":\"ImageObject\",\"inLanguage\":\"hr\",\"@id\":\"https:\\\/\\\/clair.si\\\/hr\\\/izdelek\\\/elektricna-traka-turbomax-tld-20-mm\\\/#primaryimage\",\"url\":\"https:\\\/\\\/clair.si\\\/wp-content\\\/uploads\\\/2022\\\/07\\\/TRAK-SIRINE-20-mm-Turbomax-T20-TLD-200-m-1012119_5.webp\",\"contentUrl\":\"https:\\\/\\\/clair.si\\\/wp-content\\\/uploads\\\/2022\\\/07\\\/TRAK-SIRINE-20-mm-Turbomax-T20-TLD-200-m-1012119_5.webp\",\"width\":2000,\"height\":2000},{\"@type\":\"BreadcrumbList\",\"@id\":\"https:\\\/\\\/clair.si\\\/hr\\\/izdelek\\\/elektricna-traka-turbomax-tld-20-mm\\\/#breadcrumb\",\"itemListElement\":[{\"@type\":\"ListItem\",\"position\":1,\"name\":\"Home\",\"item\":\"https:\\\/\\\/clair.si\\\/hr\\\/\"},{\"@type\":\"ListItem\",\"position\":2,\"name\":\"Trgovina\",\"item\":\"https:\\\/\\\/clair.si\\\/trgovina\\\/\"},{\"@type\":\"ListItem\",\"position\":3,\"name\":\"Elektri\u010dna traka Turbomax TLD 20 mm\"}]},{\"@type\":\"WebSite\",\"@id\":\"https:\\\/\\\/clair.si\\\/#website\",\"url\":\"https:\\\/\\\/clair.si\\\/\",\"name\":\"Clair\",\"description\":\"Trgovina s konjeni\u0161ko opremo\",\"publisher\":{\"@id\":\"https:\\\/\\\/clair.si\\\/#organization\"},\"potentialAction\":[{\"@type\":\"SearchAction\",\"target\":{\"@type\":\"EntryPoint\",\"urlTemplate\":\"https:\\\/\\\/clair.si\\\/?s={search_term_string}\"},\"query-input\":{\"@type\":\"PropertyValueSpecification\",\"valueRequired\":true,\"valueName\":\"search_term_string\"}}],\"inLanguage\":\"hr\"},{\"@type\":\"Organization\",\"@id\":\"https:\\\/\\\/clair.si\\\/#organization\",\"name\":\"Clair\",\"url\":\"https:\\\/\\\/clair.si\\\/\",\"logo\":{\"@type\":\"ImageObject\",\"inLanguage\":\"hr\",\"@id\":\"https:\\\/\\\/clair.si\\\/#\\\/schema\\\/logo\\\/image\\\/\",\"url\":\"https:\\\/\\\/clair.si\\\/wp-content\\\/uploads\\\/2022\\\/11\\\/clair_logo_2022.jpg\",\"contentUrl\":\"https:\\\/\\\/clair.si\\\/wp-content\\\/uploads\\\/2022\\\/11\\\/clair_logo_2022.jpg\",\"width\":1920,\"height\":1920,\"caption\":\"Clair\"},\"image\":{\"@id\":\"https:\\\/\\\/clair.si\\\/#\\\/schema\\\/logo\\\/image\\\/\"},\"sameAs\":[\"https:\\\/\\\/www.facebook.com\\\/TrgovinaClair\\\/\"]}]}<\/script>\n<!-- \/ Yoast SEO plugin. -->","yoast_head_json":{"title":"Elektri\u010dna traka Turbomax TLD 20 mm - Clair","description":"Elektri\u010dna traka Turbomax TLD 20 mm je kvalitetna elektri\u010dna traka. Provjerite na\u0161u ponudu el. traka i \u017eica!","robots":{"index":"index","follow":"follow","max-snippet":"max-snippet:-1","max-image-preview":"max-image-preview:large","max-video-preview":"max-video-preview:-1"},"canonical":"https:\/\/clair.si\/hr\/izdelek\/elektricna-traka-turbomax-tld-20-mm\/","og_locale":"hr_HR","og_type":"article","og_title":"Elektri\u010dna traka Turbomax TLD 20 mm - Clair","og_description":"Elektri\u010dna traka Turbomax TLD 20 mm je kvalitetna elektri\u010dna traka. Provjerite na\u0161u ponudu el. traka i \u017eica!","og_url":"https:\/\/clair.si\/hr\/izdelek\/elektricna-traka-turbomax-tld-20-mm\/","og_site_name":"Clair","article_publisher":"https:\/\/www.facebook.com\/TrgovinaClair\/","article_modified_time":"2025-08-28T04:38:34+00:00","og_image":[{"width":2000,"height":2000,"url":"https:\/\/clair.si\/wp-content\/uploads\/2022\/07\/TRAK-SIRINE-20-mm-Turbomax-T20-TLD-200-m-1012119_5.jpeg","type":"image\/jpeg"}],"twitter_card":"summary_large_image","twitter_misc":{"Procijenjeno vrijeme \u010ditanja":"1 minuta"},"schema":{"@context":"https:\/\/schema.org","@graph":[{"@type":"WebPage","@id":"https:\/\/clair.si\/hr\/izdelek\/elektricna-traka-turbomax-tld-20-mm\/","url":"https:\/\/clair.si\/hr\/izdelek\/elektricna-traka-turbomax-tld-20-mm\/","name":"Elektri\u010dna traka Turbomax TLD 20 mm - Clair","isPartOf":{"@id":"https:\/\/clair.si\/#website"},"primaryImageOfPage":{"@id":"https:\/\/clair.si\/hr\/izdelek\/elektricna-traka-turbomax-tld-20-mm\/#primaryimage"},"image":{"@id":"https:\/\/clair.si\/hr\/izdelek\/elektricna-traka-turbomax-tld-20-mm\/#primaryimage"},"thumbnailUrl":"https:\/\/clair.si\/wp-content\/uploads\/2022\/07\/TRAK-SIRINE-20-mm-Turbomax-T20-TLD-200-m-1012119_5.webp","datePublished":"2022-07-19T10:15:11+00:00","dateModified":"2025-08-28T04:38:34+00:00","description":"Elektri\u010dna traka Turbomax TLD 20 mm je kvalitetna elektri\u010dna traka. Provjerite na\u0161u ponudu el. traka i \u017eica!","breadcrumb":{"@id":"https:\/\/clair.si\/hr\/izdelek\/elektricna-traka-turbomax-tld-20-mm\/#breadcrumb"},"inLanguage":"hr","potentialAction":[{"@type":"ReadAction","target":["https:\/\/clair.si\/hr\/izdelek\/elektricna-traka-turbomax-tld-20-mm\/"]}]},{"@type":"ImageObject","inLanguage":"hr","@id":"https:\/\/clair.si\/hr\/izdelek\/elektricna-traka-turbomax-tld-20-mm\/#primaryimage","url":"https:\/\/clair.si\/wp-content\/uploads\/2022\/07\/TRAK-SIRINE-20-mm-Turbomax-T20-TLD-200-m-1012119_5.webp","contentUrl":"https:\/\/clair.si\/wp-content\/uploads\/2022\/07\/TRAK-SIRINE-20-mm-Turbomax-T20-TLD-200-m-1012119_5.webp","width":2000,"height":2000},{"@type":"BreadcrumbList","@id":"https:\/\/clair.si\/hr\/izdelek\/elektricna-traka-turbomax-tld-20-mm\/#breadcrumb","itemListElement":[{"@type":"ListItem","position":1,"name":"Home","item":"https:\/\/clair.si\/hr\/"},{"@type":"ListItem","position":2,"name":"Trgovina","item":"https:\/\/clair.si\/trgovina\/"},{"@type":"ListItem","position":3,"name":"Elektri\u010dna traka Turbomax TLD 20 mm"}]},{"@type":"WebSite","@id":"https:\/\/clair.si\/#website","url":"https:\/\/clair.si\/","name":"Clair","description":"Trgovina s konjeni\u0161ko opremo","publisher":{"@id":"https:\/\/clair.si\/#organization"},"potentialAction":[{"@type":"SearchAction","target":{"@type":"EntryPoint","urlTemplate":"https:\/\/clair.si\/?s={search_term_string}"},"query-input":{"@type":"PropertyValueSpecification","valueRequired":true,"valueName":"search_term_string"}}],"inLanguage":"hr"},{"@type":"Organization","@id":"https:\/\/clair.si\/#organization","name":"Clair","url":"https:\/\/clair.si\/","logo":{"@type":"ImageObject","inLanguage":"hr","@id":"https:\/\/clair.si\/#\/schema\/logo\/image\/","url":"https:\/\/clair.si\/wp-content\/uploads\/2022\/11\/clair_logo_2022.jpg","contentUrl":"https:\/\/clair.si\/wp-content\/uploads\/2022\/11\/clair_logo_2022.jpg","width":1920,"height":1920,"caption":"Clair"},"image":{"@id":"https:\/\/clair.si\/#\/schema\/logo\/image\/"},"sameAs":["https:\/\/www.facebook.com\/TrgovinaClair\/"]}]}},"_links":{"self":[{"href":"https:\/\/clair.si\/hr\/wp-json\/wp\/v2\/product\/103408","targetHints":{"allow":["GET"]}}],"collection":[{"href":"https:\/\/clair.si\/hr\/wp-json\/wp\/v2\/product"}],"about":[{"href":"https:\/\/clair.si\/hr\/wp-json\/wp\/v2\/types\/product"}],"version-history":[{"count":0,"href":"https:\/\/clair.si\/hr\/wp-json\/wp\/v2\/product\/103408\/revisions"}],"wp:featuredmedia":[{"embeddable":true,"href":"https:\/\/clair.si\/hr\/wp-json\/wp\/v2\/media\/103414"}],"wp:attachment":[{"href":"https:\/\/clair.si\/hr\/wp-json\/wp\/v2\/media?parent=103408"}],"wp:term":[{"taxonomy":"product_brand","embeddable":true,"href":"https:\/\/clair.si\/hr\/wp-json\/wp\/v2\/product_brand?post=103408"},{"taxonomy":"product_cat","embeddable":true,"href":"https:\/\/clair.si\/hr\/wp-json\/wp\/v2\/product_cat?post=103408"},{"taxonomy":"product_tag","embeddable":true,"href":"https:\/\/clair.si\/hr\/wp-json\/wp\/v2\/product_tag?post=103408"}],"curies":[{"name":"wp","href":"https:\/\/api.w.org\/{rel}","templated":true}]}}