{"id":103422,"date":"2022-07-18T13:56:26","date_gmt":"2022-07-18T11:56:26","guid":{"rendered":"https:\/\/clair.si\/izdelek\/elektricna-traka-farmer-20-mm\/"},"modified":"2025-12-07T11:19:03","modified_gmt":"2025-12-07T10:19:03","slug":"elektricna-traka-farmer-20-mm","status":"publish","type":"product","link":"https:\/\/clair.si\/hr\/izdelek\/elektricna-traka-farmer-20-mm\/","title":{"rendered":"Elektri\u010dna traka Farmer 20 mm"},"content":{"rendered":"<p><strong>Elektri\u010dna traka Farmer<\/strong> 20 mm za ogradu pa\u0161njaka izra\u0111ena je od <strong>visokokvalitetnih pletenica<\/strong> isprepletenih s <strong>elektroprovodljivim inox<\/strong> \u017eicama, \u0161to osigurava dugi vijek trajanja trake i dobru provodljivost. Pogodna je prvenstveno za <strong>manje pa\u0161njake.<\/strong> <\/p>\n<p><strong>Visoka kvaliteta materijala<\/strong> vodi\u010da osigurava, osim visoke provodljivosti, i otpornost na trganje i vremenske uvjete.<\/p>\n<p>Osigurajte zaista dobru provodljivost i omogu\u0107ite postavljanje ograde s \u0161to manje <strong>podrasta<\/strong>.<\/p>\n<p>U slu\u010daju da postavljate ograde \u2013 trake u vi\u0161e razina, za optimalnu za\u0161titu va\u0161ih konja uvijek koristite <strong>isti provodni materijal \u2013 traku.<\/strong><\/p>\n<p>Elektri\u010dna traka Farmer dostupna je u dvije boje, bijeloj i naran\u010dastoj. Bijela boja trake je zbog kontrasta s prirodom primjerenija za sumrak i tamu, naran\u010dasta boja trake omogu\u0107uje dobru vidljivost trake. Duljina trake je 200 m i \u0161irina 20 mm.  <\/p>\n<p>Da bi pa\u0161a va\u0161ih konja bila sigurna i postavljanje pa\u0161njaka dugotrajno, u slu\u010daju <strong>puknu\u0107a trake<\/strong> za spajanje dva kraja trake koristite dodatke kao \u0161to su <strong>veza za 20 mm ili 40 mm traku.<\/strong> <\/p>\n","protected":false},"excerpt":{"rendered":"<p>Elektri\u010dna traka Farmer 20 mm za ogradu pa\u0161njaka izra\u0111ena je od visokokvalitetnih pletenica isprepletenih s elektroprovodljivim inox \u017eicama, \u0161to osigurava<\/p>\n","protected":false},"featured_media":107510,"template":"","meta":{"footnotes":""},"product_brand":[],"product_cat":[5820,5627,6633],"product_tag":[],"class_list":{"0":"post-103422","1":"product","2":"type-product","3":"status-publish","4":"has-post-thumbnail","6":"product_cat-oprema-za-pasnjake","7":"product_cat-stala-i-pasnjak","8":"product_cat-trake-i-zice","10":"first","11":"instock","12":"sale","13":"shipping-taxable","14":"purchasable","15":"product-type-variable"},"yoast_head":"<!-- This site is optimized with the Yoast SEO plugin v27.4 - https:\/\/yoast.com\/product\/yoast-seo-wordpress\/ -->\n<title>Elektri\u010dna traka Farmer 20 mm - Clair<\/title>\n<meta name=\"description\" content=\"Elektri\u010dna traka Farmer 20 mm je kvalitetna elektri\u010dna traka, marke Horizont, koja je poznata po svojoj u\u010dinkovitosti.\" \/>\n<meta name=\"robots\" content=\"index, follow, max-snippet:-1, max-image-preview:large, max-video-preview:-1\" \/>\n<link rel=\"canonical\" href=\"https:\/\/clair.si\/hr\/izdelek\/elektricna-traka-farmer-20-mm\/\" \/>\n<meta property=\"og:locale\" content=\"hr_HR\" \/>\n<meta property=\"og:type\" content=\"article\" \/>\n<meta property=\"og:title\" content=\"Elektri\u010dna traka Farmer 20 mm - Clair\" \/>\n<meta property=\"og:description\" content=\"Elektri\u010dna traka Farmer 20 mm je kvalitetna elektri\u010dna traka, marke Horizont, koja je poznata po svojoj u\u010dinkovitosti.\" \/>\n<meta property=\"og:url\" content=\"https:\/\/clair.si\/hr\/izdelek\/elektricna-traka-farmer-20-mm\/\" \/>\n<meta property=\"og:site_name\" content=\"Clair\" \/>\n<meta property=\"article:publisher\" content=\"https:\/\/www.facebook.com\/TrgovinaClair\/\" \/>\n<meta property=\"article:modified_time\" content=\"2025-12-07T10:19:03+00:00\" \/>\n<meta property=\"og:image\" content=\"https:\/\/clair.si\/wp-content\/uploads\/2022\/07\/TRAK-SIRINE-20-mm-Farmer-200-m-oranzen-1012129_7.jpeg\" \/>\n\t<meta property=\"og:image:width\" content=\"2000\" \/>\n\t<meta property=\"og:image:height\" content=\"2000\" \/>\n\t<meta property=\"og:image:type\" content=\"image\/jpeg\" \/>\n<meta name=\"twitter:card\" content=\"summary_large_image\" \/>\n<meta name=\"twitter:label1\" content=\"Procijenjeno vrijeme \u010ditanja\" \/>\n\t<meta name=\"twitter:data1\" content=\"1 minuta\" \/>\n<script type=\"application\/ld+json\" class=\"yoast-schema-graph\">{\"@context\":\"https:\\\/\\\/schema.org\",\"@graph\":[{\"@type\":\"WebPage\",\"@id\":\"https:\\\/\\\/clair.si\\\/hr\\\/izdelek\\\/elektricna-traka-farmer-20-mm\\\/\",\"url\":\"https:\\\/\\\/clair.si\\\/hr\\\/izdelek\\\/elektricna-traka-farmer-20-mm\\\/\",\"name\":\"Elektri\u010dna traka Farmer 20 mm - Clair\",\"isPartOf\":{\"@id\":\"https:\\\/\\\/clair.si\\\/#website\"},\"primaryImageOfPage\":{\"@id\":\"https:\\\/\\\/clair.si\\\/hr\\\/izdelek\\\/elektricna-traka-farmer-20-mm\\\/#primaryimage\"},\"image\":{\"@id\":\"https:\\\/\\\/clair.si\\\/hr\\\/izdelek\\\/elektricna-traka-farmer-20-mm\\\/#primaryimage\"},\"thumbnailUrl\":\"https:\\\/\\\/clair.si\\\/wp-content\\\/uploads\\\/2022\\\/07\\\/TRAK-SIRINE-20-mm-Farmer-200-m-oranzen-1012129_7.webp\",\"datePublished\":\"2022-07-18T11:56:26+00:00\",\"dateModified\":\"2025-12-07T10:19:03+00:00\",\"description\":\"Elektri\u010dna traka Farmer 20 mm je kvalitetna elektri\u010dna traka, marke Horizont, koja je poznata po svojoj u\u010dinkovitosti.\",\"breadcrumb\":{\"@id\":\"https:\\\/\\\/clair.si\\\/hr\\\/izdelek\\\/elektricna-traka-farmer-20-mm\\\/#breadcrumb\"},\"inLanguage\":\"hr\",\"potentialAction\":[{\"@type\":\"ReadAction\",\"target\":[\"https:\\\/\\\/clair.si\\\/hr\\\/izdelek\\\/elektricna-traka-farmer-20-mm\\\/\"]}]},{\"@type\":\"ImageObject\",\"inLanguage\":\"hr\",\"@id\":\"https:\\\/\\\/clair.si\\\/hr\\\/izdelek\\\/elektricna-traka-farmer-20-mm\\\/#primaryimage\",\"url\":\"https:\\\/\\\/clair.si\\\/wp-content\\\/uploads\\\/2022\\\/07\\\/TRAK-SIRINE-20-mm-Farmer-200-m-oranzen-1012129_7.webp\",\"contentUrl\":\"https:\\\/\\\/clair.si\\\/wp-content\\\/uploads\\\/2022\\\/07\\\/TRAK-SIRINE-20-mm-Farmer-200-m-oranzen-1012129_7.webp\",\"width\":2000,\"height\":2000},{\"@type\":\"BreadcrumbList\",\"@id\":\"https:\\\/\\\/clair.si\\\/hr\\\/izdelek\\\/elektricna-traka-farmer-20-mm\\\/#breadcrumb\",\"itemListElement\":[{\"@type\":\"ListItem\",\"position\":1,\"name\":\"Home\",\"item\":\"https:\\\/\\\/clair.si\\\/hr\\\/\"},{\"@type\":\"ListItem\",\"position\":2,\"name\":\"Trgovina\",\"item\":\"https:\\\/\\\/clair.si\\\/trgovina\\\/\"},{\"@type\":\"ListItem\",\"position\":3,\"name\":\"Elektri\u010dna traka Farmer 20 mm\"}]},{\"@type\":\"WebSite\",\"@id\":\"https:\\\/\\\/clair.si\\\/#website\",\"url\":\"https:\\\/\\\/clair.si\\\/\",\"name\":\"Clair\",\"description\":\"Trgovina s konjeni\u0161ko opremo\",\"publisher\":{\"@id\":\"https:\\\/\\\/clair.si\\\/#organization\"},\"potentialAction\":[{\"@type\":\"SearchAction\",\"target\":{\"@type\":\"EntryPoint\",\"urlTemplate\":\"https:\\\/\\\/clair.si\\\/?s={search_term_string}\"},\"query-input\":{\"@type\":\"PropertyValueSpecification\",\"valueRequired\":true,\"valueName\":\"search_term_string\"}}],\"inLanguage\":\"hr\"},{\"@type\":\"Organization\",\"@id\":\"https:\\\/\\\/clair.si\\\/#organization\",\"name\":\"Clair\",\"url\":\"https:\\\/\\\/clair.si\\\/\",\"logo\":{\"@type\":\"ImageObject\",\"inLanguage\":\"hr\",\"@id\":\"https:\\\/\\\/clair.si\\\/#\\\/schema\\\/logo\\\/image\\\/\",\"url\":\"https:\\\/\\\/clair.si\\\/wp-content\\\/uploads\\\/2022\\\/11\\\/clair_logo_2022.jpg\",\"contentUrl\":\"https:\\\/\\\/clair.si\\\/wp-content\\\/uploads\\\/2022\\\/11\\\/clair_logo_2022.jpg\",\"width\":1920,\"height\":1920,\"caption\":\"Clair\"},\"image\":{\"@id\":\"https:\\\/\\\/clair.si\\\/#\\\/schema\\\/logo\\\/image\\\/\"},\"sameAs\":[\"https:\\\/\\\/www.facebook.com\\\/TrgovinaClair\\\/\"]}]}<\/script>\n<!-- \/ Yoast SEO plugin. -->","yoast_head_json":{"title":"Elektri\u010dna traka Farmer 20 mm - Clair","description":"Elektri\u010dna traka Farmer 20 mm je kvalitetna elektri\u010dna traka, marke Horizont, koja je poznata po svojoj u\u010dinkovitosti.","robots":{"index":"index","follow":"follow","max-snippet":"max-snippet:-1","max-image-preview":"max-image-preview:large","max-video-preview":"max-video-preview:-1"},"canonical":"https:\/\/clair.si\/hr\/izdelek\/elektricna-traka-farmer-20-mm\/","og_locale":"hr_HR","og_type":"article","og_title":"Elektri\u010dna traka Farmer 20 mm - Clair","og_description":"Elektri\u010dna traka Farmer 20 mm je kvalitetna elektri\u010dna traka, marke Horizont, koja je poznata po svojoj u\u010dinkovitosti.","og_url":"https:\/\/clair.si\/hr\/izdelek\/elektricna-traka-farmer-20-mm\/","og_site_name":"Clair","article_publisher":"https:\/\/www.facebook.com\/TrgovinaClair\/","article_modified_time":"2025-12-07T10:19:03+00:00","og_image":[{"width":2000,"height":2000,"url":"https:\/\/clair.si\/wp-content\/uploads\/2022\/07\/TRAK-SIRINE-20-mm-Farmer-200-m-oranzen-1012129_7.jpeg","type":"image\/jpeg"}],"twitter_card":"summary_large_image","twitter_misc":{"Procijenjeno vrijeme \u010ditanja":"1 minuta"},"schema":{"@context":"https:\/\/schema.org","@graph":[{"@type":"WebPage","@id":"https:\/\/clair.si\/hr\/izdelek\/elektricna-traka-farmer-20-mm\/","url":"https:\/\/clair.si\/hr\/izdelek\/elektricna-traka-farmer-20-mm\/","name":"Elektri\u010dna traka Farmer 20 mm - Clair","isPartOf":{"@id":"https:\/\/clair.si\/#website"},"primaryImageOfPage":{"@id":"https:\/\/clair.si\/hr\/izdelek\/elektricna-traka-farmer-20-mm\/#primaryimage"},"image":{"@id":"https:\/\/clair.si\/hr\/izdelek\/elektricna-traka-farmer-20-mm\/#primaryimage"},"thumbnailUrl":"https:\/\/clair.si\/wp-content\/uploads\/2022\/07\/TRAK-SIRINE-20-mm-Farmer-200-m-oranzen-1012129_7.webp","datePublished":"2022-07-18T11:56:26+00:00","dateModified":"2025-12-07T10:19:03+00:00","description":"Elektri\u010dna traka Farmer 20 mm je kvalitetna elektri\u010dna traka, marke Horizont, koja je poznata po svojoj u\u010dinkovitosti.","breadcrumb":{"@id":"https:\/\/clair.si\/hr\/izdelek\/elektricna-traka-farmer-20-mm\/#breadcrumb"},"inLanguage":"hr","potentialAction":[{"@type":"ReadAction","target":["https:\/\/clair.si\/hr\/izdelek\/elektricna-traka-farmer-20-mm\/"]}]},{"@type":"ImageObject","inLanguage":"hr","@id":"https:\/\/clair.si\/hr\/izdelek\/elektricna-traka-farmer-20-mm\/#primaryimage","url":"https:\/\/clair.si\/wp-content\/uploads\/2022\/07\/TRAK-SIRINE-20-mm-Farmer-200-m-oranzen-1012129_7.webp","contentUrl":"https:\/\/clair.si\/wp-content\/uploads\/2022\/07\/TRAK-SIRINE-20-mm-Farmer-200-m-oranzen-1012129_7.webp","width":2000,"height":2000},{"@type":"BreadcrumbList","@id":"https:\/\/clair.si\/hr\/izdelek\/elektricna-traka-farmer-20-mm\/#breadcrumb","itemListElement":[{"@type":"ListItem","position":1,"name":"Home","item":"https:\/\/clair.si\/hr\/"},{"@type":"ListItem","position":2,"name":"Trgovina","item":"https:\/\/clair.si\/trgovina\/"},{"@type":"ListItem","position":3,"name":"Elektri\u010dna traka Farmer 20 mm"}]},{"@type":"WebSite","@id":"https:\/\/clair.si\/#website","url":"https:\/\/clair.si\/","name":"Clair","description":"Trgovina s konjeni\u0161ko opremo","publisher":{"@id":"https:\/\/clair.si\/#organization"},"potentialAction":[{"@type":"SearchAction","target":{"@type":"EntryPoint","urlTemplate":"https:\/\/clair.si\/?s={search_term_string}"},"query-input":{"@type":"PropertyValueSpecification","valueRequired":true,"valueName":"search_term_string"}}],"inLanguage":"hr"},{"@type":"Organization","@id":"https:\/\/clair.si\/#organization","name":"Clair","url":"https:\/\/clair.si\/","logo":{"@type":"ImageObject","inLanguage":"hr","@id":"https:\/\/clair.si\/#\/schema\/logo\/image\/","url":"https:\/\/clair.si\/wp-content\/uploads\/2022\/11\/clair_logo_2022.jpg","contentUrl":"https:\/\/clair.si\/wp-content\/uploads\/2022\/11\/clair_logo_2022.jpg","width":1920,"height":1920,"caption":"Clair"},"image":{"@id":"https:\/\/clair.si\/#\/schema\/logo\/image\/"},"sameAs":["https:\/\/www.facebook.com\/TrgovinaClair\/"]}]}},"_links":{"self":[{"href":"https:\/\/clair.si\/hr\/wp-json\/wp\/v2\/product\/103422","targetHints":{"allow":["GET"]}}],"collection":[{"href":"https:\/\/clair.si\/hr\/wp-json\/wp\/v2\/product"}],"about":[{"href":"https:\/\/clair.si\/hr\/wp-json\/wp\/v2\/types\/product"}],"version-history":[{"count":0,"href":"https:\/\/clair.si\/hr\/wp-json\/wp\/v2\/product\/103422\/revisions"}],"wp:featuredmedia":[{"embeddable":true,"href":"https:\/\/clair.si\/hr\/wp-json\/wp\/v2\/media\/107510"}],"wp:attachment":[{"href":"https:\/\/clair.si\/hr\/wp-json\/wp\/v2\/media?parent=103422"}],"wp:term":[{"taxonomy":"product_brand","embeddable":true,"href":"https:\/\/clair.si\/hr\/wp-json\/wp\/v2\/product_brand?post=103422"},{"taxonomy":"product_cat","embeddable":true,"href":"https:\/\/clair.si\/hr\/wp-json\/wp\/v2\/product_cat?post=103422"},{"taxonomy":"product_tag","embeddable":true,"href":"https:\/\/clair.si\/hr\/wp-json\/wp\/v2\/product_tag?post=103422"}],"curies":[{"name":"wp","href":"https:\/\/api.w.org\/{rel}","templated":true}]}}