{"id":103438,"date":"2022-07-18T10:16:59","date_gmt":"2022-07-18T08:16:59","guid":{"rendered":"https:\/\/clair.si\/izdelek\/okrugli-izolator-za-traku-ili-zicu-ranger\/"},"modified":"2025-08-28T06:40:26","modified_gmt":"2025-08-28T04:40:26","slug":"okrugli-izolator-za-traku-ili-zicu-ranger","status":"publish","type":"product","link":"https:\/\/clair.si\/hr\/izdelek\/okrugli-izolator-za-traku-ili-zicu-ranger\/","title":{"rendered":"Okrugli izolator za traku ili \u017eicu Ranger"},"content":{"rendered":"<p><strong>Izolator za traku ili \u017eicu<\/strong> Horizont prikladan je za <strong>\u017eicu promjera do 8 mm ili traku \u0161irine do 20 mm<\/strong>.<\/p>\n<p>Ima <strong>drveni navoj \u00d8 6 mm<\/strong> koji omogu\u0107uje brzo uvrtanje u drvo bez prethodne pripreme.<\/p>\n<p><strong>Dr\u017ei ravnu liniju<\/strong> \u017eice ili trake bez da ih <strong>fiksno<\/strong> pri\u010dvrstimo na izolator.<\/p>\n<p>Zbog duljine <strong>vijka (20 cm)<\/strong> mo\u017eemo osigurati ve\u0107u udaljenost od stupi\u0107a ili ve\u0107 prethodno napravljene ograde.<\/p>\n<p>Dizajniran je <strong>trajno,<\/strong> ima odli\u010dna izolacijska svojstva i otpornu plastiku na vremenske uvjete, te omogu\u0107uje sigurnu monta\u017eu trake ili \u017eice.<\/p>\n","protected":false},"excerpt":{"rendered":"<p>U kompletu je 10 komada.<\/p>\n","protected":false},"featured_media":103441,"template":"","meta":{"footnotes":""},"product_brand":[],"product_cat":[6304,5820,5627],"product_tag":[],"class_list":{"0":"post-103438","1":"product","2":"type-product","3":"status-publish","4":"has-post-thumbnail","6":"product_cat-izolatori","7":"product_cat-oprema-za-pasnjake","8":"product_cat-stala-i-pasnjak","10":"first","11":"instock","12":"sale","13":"shipping-taxable","14":"purchasable","15":"product-type-simple"},"yoast_head":"<!-- This site is optimized with the Yoast SEO plugin v27.4 - https:\/\/yoast.com\/product\/yoast-seo-wordpress\/ -->\n<title>Okrugli izolator za traku ili \u017eicu Ranger - Clair<\/title>\n<meta name=\"description\" content=\"Okrugli izolator za traku ili \u017eicu Ranger jedan je od kvalitetnijih izolatora u na\u0161oj web trgovini. Provjerite!\" \/>\n<meta name=\"robots\" content=\"index, follow, max-snippet:-1, max-image-preview:large, max-video-preview:-1\" \/>\n<link rel=\"canonical\" href=\"https:\/\/clair.si\/hr\/izdelek\/okrugli-izolator-za-traku-ili-zicu-ranger\/\" \/>\n<meta property=\"og:locale\" content=\"hr_HR\" \/>\n<meta property=\"og:type\" content=\"article\" \/>\n<meta property=\"og:title\" content=\"Okrugli izolator za traku ili \u017eicu Ranger - Clair\" \/>\n<meta property=\"og:description\" content=\"Okrugli izolator za traku ili \u017eicu Ranger jedan je od kvalitetnijih izolatora u na\u0161oj web trgovini. Provjerite!\" \/>\n<meta property=\"og:url\" content=\"https:\/\/clair.si\/hr\/izdelek\/okrugli-izolator-za-traku-ili-zicu-ranger\/\" \/>\n<meta property=\"og:site_name\" content=\"Clair\" \/>\n<meta property=\"article:publisher\" content=\"https:\/\/www.facebook.com\/TrgovinaClair\/\" \/>\n<meta property=\"article:modified_time\" content=\"2025-08-28T04:40:26+00:00\" \/>\n<meta property=\"og:image\" content=\"https:\/\/clair.si\/wp-content\/uploads\/2022\/07\/1013014.jpeg\" \/>\n\t<meta property=\"og:image:width\" content=\"600\" \/>\n\t<meta property=\"og:image:height\" content=\"600\" \/>\n\t<meta property=\"og:image:type\" content=\"image\/jpeg\" \/>\n<meta name=\"twitter:card\" content=\"summary_large_image\" \/>\n<meta name=\"twitter:label1\" content=\"Procijenjeno vrijeme \u010ditanja\" \/>\n\t<meta name=\"twitter:data1\" content=\"1 minuta\" \/>\n<script type=\"application\/ld+json\" class=\"yoast-schema-graph\">{\"@context\":\"https:\\\/\\\/schema.org\",\"@graph\":[{\"@type\":\"WebPage\",\"@id\":\"https:\\\/\\\/clair.si\\\/hr\\\/izdelek\\\/okrugli-izolator-za-traku-ili-zicu-ranger\\\/\",\"url\":\"https:\\\/\\\/clair.si\\\/hr\\\/izdelek\\\/okrugli-izolator-za-traku-ili-zicu-ranger\\\/\",\"name\":\"Okrugli izolator za traku ili \u017eicu Ranger - Clair\",\"isPartOf\":{\"@id\":\"https:\\\/\\\/clair.si\\\/#website\"},\"primaryImageOfPage\":{\"@id\":\"https:\\\/\\\/clair.si\\\/hr\\\/izdelek\\\/okrugli-izolator-za-traku-ili-zicu-ranger\\\/#primaryimage\"},\"image\":{\"@id\":\"https:\\\/\\\/clair.si\\\/hr\\\/izdelek\\\/okrugli-izolator-za-traku-ili-zicu-ranger\\\/#primaryimage\"},\"thumbnailUrl\":\"https:\\\/\\\/clair.si\\\/wp-content\\\/uploads\\\/2022\\\/07\\\/1013014.webp\",\"datePublished\":\"2022-07-18T08:16:59+00:00\",\"dateModified\":\"2025-08-28T04:40:26+00:00\",\"description\":\"Okrugli izolator za traku ili \u017eicu Ranger jedan je od kvalitetnijih izolatora u na\u0161oj web trgovini. Provjerite!\",\"breadcrumb\":{\"@id\":\"https:\\\/\\\/clair.si\\\/hr\\\/izdelek\\\/okrugli-izolator-za-traku-ili-zicu-ranger\\\/#breadcrumb\"},\"inLanguage\":\"hr\",\"potentialAction\":[{\"@type\":\"ReadAction\",\"target\":[\"https:\\\/\\\/clair.si\\\/hr\\\/izdelek\\\/okrugli-izolator-za-traku-ili-zicu-ranger\\\/\"]}]},{\"@type\":\"ImageObject\",\"inLanguage\":\"hr\",\"@id\":\"https:\\\/\\\/clair.si\\\/hr\\\/izdelek\\\/okrugli-izolator-za-traku-ili-zicu-ranger\\\/#primaryimage\",\"url\":\"https:\\\/\\\/clair.si\\\/wp-content\\\/uploads\\\/2022\\\/07\\\/1013014.webp\",\"contentUrl\":\"https:\\\/\\\/clair.si\\\/wp-content\\\/uploads\\\/2022\\\/07\\\/1013014.webp\",\"width\":600,\"height\":600,\"caption\":\"Izolator za trak ali \u017eico\"},{\"@type\":\"BreadcrumbList\",\"@id\":\"https:\\\/\\\/clair.si\\\/hr\\\/izdelek\\\/okrugli-izolator-za-traku-ili-zicu-ranger\\\/#breadcrumb\",\"itemListElement\":[{\"@type\":\"ListItem\",\"position\":1,\"name\":\"Home\",\"item\":\"https:\\\/\\\/clair.si\\\/hr\\\/\"},{\"@type\":\"ListItem\",\"position\":2,\"name\":\"Trgovina\",\"item\":\"https:\\\/\\\/clair.si\\\/trgovina\\\/\"},{\"@type\":\"ListItem\",\"position\":3,\"name\":\"Okrugli izolator za traku ili \u017eicu Ranger\"}]},{\"@type\":\"WebSite\",\"@id\":\"https:\\\/\\\/clair.si\\\/#website\",\"url\":\"https:\\\/\\\/clair.si\\\/\",\"name\":\"Clair\",\"description\":\"Trgovina s konjeni\u0161ko opremo\",\"publisher\":{\"@id\":\"https:\\\/\\\/clair.si\\\/#organization\"},\"potentialAction\":[{\"@type\":\"SearchAction\",\"target\":{\"@type\":\"EntryPoint\",\"urlTemplate\":\"https:\\\/\\\/clair.si\\\/?s={search_term_string}\"},\"query-input\":{\"@type\":\"PropertyValueSpecification\",\"valueRequired\":true,\"valueName\":\"search_term_string\"}}],\"inLanguage\":\"hr\"},{\"@type\":\"Organization\",\"@id\":\"https:\\\/\\\/clair.si\\\/#organization\",\"name\":\"Clair\",\"url\":\"https:\\\/\\\/clair.si\\\/\",\"logo\":{\"@type\":\"ImageObject\",\"inLanguage\":\"hr\",\"@id\":\"https:\\\/\\\/clair.si\\\/#\\\/schema\\\/logo\\\/image\\\/\",\"url\":\"https:\\\/\\\/clair.si\\\/wp-content\\\/uploads\\\/2022\\\/11\\\/clair_logo_2022.jpg\",\"contentUrl\":\"https:\\\/\\\/clair.si\\\/wp-content\\\/uploads\\\/2022\\\/11\\\/clair_logo_2022.jpg\",\"width\":1920,\"height\":1920,\"caption\":\"Clair\"},\"image\":{\"@id\":\"https:\\\/\\\/clair.si\\\/#\\\/schema\\\/logo\\\/image\\\/\"},\"sameAs\":[\"https:\\\/\\\/www.facebook.com\\\/TrgovinaClair\\\/\"]}]}<\/script>\n<!-- \/ Yoast SEO plugin. -->","yoast_head_json":{"title":"Okrugli izolator za traku ili \u017eicu Ranger - Clair","description":"Okrugli izolator za traku ili \u017eicu Ranger jedan je od kvalitetnijih izolatora u na\u0161oj web trgovini. Provjerite!","robots":{"index":"index","follow":"follow","max-snippet":"max-snippet:-1","max-image-preview":"max-image-preview:large","max-video-preview":"max-video-preview:-1"},"canonical":"https:\/\/clair.si\/hr\/izdelek\/okrugli-izolator-za-traku-ili-zicu-ranger\/","og_locale":"hr_HR","og_type":"article","og_title":"Okrugli izolator za traku ili \u017eicu Ranger - Clair","og_description":"Okrugli izolator za traku ili \u017eicu Ranger jedan je od kvalitetnijih izolatora u na\u0161oj web trgovini. Provjerite!","og_url":"https:\/\/clair.si\/hr\/izdelek\/okrugli-izolator-za-traku-ili-zicu-ranger\/","og_site_name":"Clair","article_publisher":"https:\/\/www.facebook.com\/TrgovinaClair\/","article_modified_time":"2025-08-28T04:40:26+00:00","og_image":[{"width":600,"height":600,"url":"https:\/\/clair.si\/wp-content\/uploads\/2022\/07\/1013014.jpeg","type":"image\/jpeg"}],"twitter_card":"summary_large_image","twitter_misc":{"Procijenjeno vrijeme \u010ditanja":"1 minuta"},"schema":{"@context":"https:\/\/schema.org","@graph":[{"@type":"WebPage","@id":"https:\/\/clair.si\/hr\/izdelek\/okrugli-izolator-za-traku-ili-zicu-ranger\/","url":"https:\/\/clair.si\/hr\/izdelek\/okrugli-izolator-za-traku-ili-zicu-ranger\/","name":"Okrugli izolator za traku ili \u017eicu Ranger - Clair","isPartOf":{"@id":"https:\/\/clair.si\/#website"},"primaryImageOfPage":{"@id":"https:\/\/clair.si\/hr\/izdelek\/okrugli-izolator-za-traku-ili-zicu-ranger\/#primaryimage"},"image":{"@id":"https:\/\/clair.si\/hr\/izdelek\/okrugli-izolator-za-traku-ili-zicu-ranger\/#primaryimage"},"thumbnailUrl":"https:\/\/clair.si\/wp-content\/uploads\/2022\/07\/1013014.webp","datePublished":"2022-07-18T08:16:59+00:00","dateModified":"2025-08-28T04:40:26+00:00","description":"Okrugli izolator za traku ili \u017eicu Ranger jedan je od kvalitetnijih izolatora u na\u0161oj web trgovini. Provjerite!","breadcrumb":{"@id":"https:\/\/clair.si\/hr\/izdelek\/okrugli-izolator-za-traku-ili-zicu-ranger\/#breadcrumb"},"inLanguage":"hr","potentialAction":[{"@type":"ReadAction","target":["https:\/\/clair.si\/hr\/izdelek\/okrugli-izolator-za-traku-ili-zicu-ranger\/"]}]},{"@type":"ImageObject","inLanguage":"hr","@id":"https:\/\/clair.si\/hr\/izdelek\/okrugli-izolator-za-traku-ili-zicu-ranger\/#primaryimage","url":"https:\/\/clair.si\/wp-content\/uploads\/2022\/07\/1013014.webp","contentUrl":"https:\/\/clair.si\/wp-content\/uploads\/2022\/07\/1013014.webp","width":600,"height":600,"caption":"Izolator za trak ali \u017eico"},{"@type":"BreadcrumbList","@id":"https:\/\/clair.si\/hr\/izdelek\/okrugli-izolator-za-traku-ili-zicu-ranger\/#breadcrumb","itemListElement":[{"@type":"ListItem","position":1,"name":"Home","item":"https:\/\/clair.si\/hr\/"},{"@type":"ListItem","position":2,"name":"Trgovina","item":"https:\/\/clair.si\/trgovina\/"},{"@type":"ListItem","position":3,"name":"Okrugli izolator za traku ili \u017eicu Ranger"}]},{"@type":"WebSite","@id":"https:\/\/clair.si\/#website","url":"https:\/\/clair.si\/","name":"Clair","description":"Trgovina s konjeni\u0161ko opremo","publisher":{"@id":"https:\/\/clair.si\/#organization"},"potentialAction":[{"@type":"SearchAction","target":{"@type":"EntryPoint","urlTemplate":"https:\/\/clair.si\/?s={search_term_string}"},"query-input":{"@type":"PropertyValueSpecification","valueRequired":true,"valueName":"search_term_string"}}],"inLanguage":"hr"},{"@type":"Organization","@id":"https:\/\/clair.si\/#organization","name":"Clair","url":"https:\/\/clair.si\/","logo":{"@type":"ImageObject","inLanguage":"hr","@id":"https:\/\/clair.si\/#\/schema\/logo\/image\/","url":"https:\/\/clair.si\/wp-content\/uploads\/2022\/11\/clair_logo_2022.jpg","contentUrl":"https:\/\/clair.si\/wp-content\/uploads\/2022\/11\/clair_logo_2022.jpg","width":1920,"height":1920,"caption":"Clair"},"image":{"@id":"https:\/\/clair.si\/#\/schema\/logo\/image\/"},"sameAs":["https:\/\/www.facebook.com\/TrgovinaClair\/"]}]}},"_links":{"self":[{"href":"https:\/\/clair.si\/hr\/wp-json\/wp\/v2\/product\/103438","targetHints":{"allow":["GET"]}}],"collection":[{"href":"https:\/\/clair.si\/hr\/wp-json\/wp\/v2\/product"}],"about":[{"href":"https:\/\/clair.si\/hr\/wp-json\/wp\/v2\/types\/product"}],"version-history":[{"count":0,"href":"https:\/\/clair.si\/hr\/wp-json\/wp\/v2\/product\/103438\/revisions"}],"wp:featuredmedia":[{"embeddable":true,"href":"https:\/\/clair.si\/hr\/wp-json\/wp\/v2\/media\/103441"}],"wp:attachment":[{"href":"https:\/\/clair.si\/hr\/wp-json\/wp\/v2\/media?parent=103438"}],"wp:term":[{"taxonomy":"product_brand","embeddable":true,"href":"https:\/\/clair.si\/hr\/wp-json\/wp\/v2\/product_brand?post=103438"},{"taxonomy":"product_cat","embeddable":true,"href":"https:\/\/clair.si\/hr\/wp-json\/wp\/v2\/product_cat?post=103438"},{"taxonomy":"product_tag","embeddable":true,"href":"https:\/\/clair.si\/hr\/wp-json\/wp\/v2\/product_tag?post=103438"}],"curies":[{"name":"wp","href":"https:\/\/api.w.org\/{rel}","templated":true}]}}