{"id":103455,"date":"2022-07-15T12:04:16","date_gmt":"2022-07-15T10:04:16","guid":{"rendered":"https:\/\/clair.si\/izdelek\/vijcani-izolator-za-traku-ili-zicu-s-urezom-ranger\/"},"modified":"2025-08-28T06:02:38","modified_gmt":"2025-08-28T04:02:38","slug":"vijcani-izolator-za-traku-ili-zicu-s-urezom-ranger","status":"publish","type":"product","link":"https:\/\/clair.si\/hr\/izdelek\/vijcani-izolator-za-traku-ili-zicu-s-urezom-ranger\/","title":{"rendered":"Vij\u010dani izolator za traku ili \u017eicu s urezom Ranger"},"content":{"rendered":"<p><strong>Vij\u010dani izolator za traku ili \u017eicu<\/strong> Horizont prikladan je za postavljanje pa\u0161njaka sa <strong>\u017eicom promjera do 4 mm ili trakom \u0161irine do 20 mm<\/strong>.<\/p>\n<p>Ima <strong>drveni navoj \u00d8 6 mm<\/strong> koji omogu\u0107uje brzo uvrtanje u drvo bez prethodne pripreme.<\/p>\n<p><strong>Dr\u017ei ravnu liniju \u017eice<\/strong> ili trake bez da ih fiksno pri\u010dvrstimo na izolator.<\/p>\n<p>Ima <strong>odli\u010dna izolacijska svojstva<\/strong>, otpornu plastiku na vremenske utjecaje i omogu\u0107uje sigurno postavljanje trake ili \u017eice.<\/p>\n","protected":false},"excerpt":{"rendered":"<p>U kompletu je 25 komada.<\/p>\n","protected":false},"featured_media":103459,"template":"","meta":{"footnotes":""},"product_brand":[],"product_cat":[6304,5820,5627],"product_tag":[],"class_list":{"0":"post-103455","1":"product","2":"type-product","3":"status-publish","4":"has-post-thumbnail","6":"product_cat-izolatori","7":"product_cat-oprema-za-pasnjake","8":"product_cat-stala-i-pasnjak","10":"first","11":"instock","12":"sale","13":"shipping-taxable","14":"purchasable","15":"product-type-simple"},"yoast_head":"<!-- This site is optimized with the Yoast SEO plugin v27.4 - https:\/\/yoast.com\/product\/yoast-seo-wordpress\/ -->\n<title>Vij\u010dani izolator za traku ili \u017eicu s urezom Ranger - Clair<\/title>\n<meta name=\"description\" content=\"Vij\u010dani izolator za traku ili \u017eicu s urezom Ranger ima odli\u010dne izolacijske sposobnosti i otporan je na vremenske uvjete. Provjerite!\" \/>\n<meta name=\"robots\" content=\"index, follow, max-snippet:-1, max-image-preview:large, max-video-preview:-1\" \/>\n<link rel=\"canonical\" href=\"https:\/\/clair.si\/hr\/izdelek\/vijcani-izolator-za-traku-ili-zicu-s-urezom-ranger\/\" \/>\n<meta property=\"og:locale\" content=\"hr_HR\" \/>\n<meta property=\"og:type\" content=\"article\" \/>\n<meta property=\"og:title\" content=\"Vij\u010dani izolator za traku ili \u017eicu s urezom Ranger - Clair\" \/>\n<meta property=\"og:description\" content=\"Vij\u010dani izolator za traku ili \u017eicu s urezom Ranger ima odli\u010dne izolacijske sposobnosti i otporan je na vremenske uvjete. Provjerite!\" \/>\n<meta property=\"og:url\" content=\"https:\/\/clair.si\/hr\/izdelek\/vijcani-izolator-za-traku-ili-zicu-s-urezom-ranger\/\" \/>\n<meta property=\"og:site_name\" content=\"Clair\" \/>\n<meta property=\"article:publisher\" content=\"https:\/\/www.facebook.com\/TrgovinaClair\/\" \/>\n<meta property=\"article:modified_time\" content=\"2025-08-28T04:02:38+00:00\" \/>\n<meta property=\"og:image\" content=\"https:\/\/clair.si\/wp-content\/uploads\/2022\/07\/1013023.jpeg\" \/>\n\t<meta property=\"og:image:width\" content=\"600\" \/>\n\t<meta property=\"og:image:height\" content=\"600\" \/>\n\t<meta property=\"og:image:type\" content=\"image\/jpeg\" \/>\n<meta name=\"twitter:card\" content=\"summary_large_image\" \/>\n<meta name=\"twitter:label1\" content=\"Procijenjeno vrijeme \u010ditanja\" \/>\n\t<meta name=\"twitter:data1\" content=\"1 minuta\" \/>\n<script type=\"application\/ld+json\" class=\"yoast-schema-graph\">{\"@context\":\"https:\\\/\\\/schema.org\",\"@graph\":[{\"@type\":\"WebPage\",\"@id\":\"https:\\\/\\\/clair.si\\\/hr\\\/izdelek\\\/vijcani-izolator-za-traku-ili-zicu-s-urezom-ranger\\\/\",\"url\":\"https:\\\/\\\/clair.si\\\/hr\\\/izdelek\\\/vijcani-izolator-za-traku-ili-zicu-s-urezom-ranger\\\/\",\"name\":\"Vij\u010dani izolator za traku ili \u017eicu s urezom Ranger - Clair\",\"isPartOf\":{\"@id\":\"https:\\\/\\\/clair.si\\\/#website\"},\"primaryImageOfPage\":{\"@id\":\"https:\\\/\\\/clair.si\\\/hr\\\/izdelek\\\/vijcani-izolator-za-traku-ili-zicu-s-urezom-ranger\\\/#primaryimage\"},\"image\":{\"@id\":\"https:\\\/\\\/clair.si\\\/hr\\\/izdelek\\\/vijcani-izolator-za-traku-ili-zicu-s-urezom-ranger\\\/#primaryimage\"},\"thumbnailUrl\":\"https:\\\/\\\/clair.si\\\/wp-content\\\/uploads\\\/2022\\\/07\\\/1013023.webp\",\"datePublished\":\"2022-07-15T10:04:16+00:00\",\"dateModified\":\"2025-08-28T04:02:38+00:00\",\"description\":\"Vij\u010dani izolator za traku ili \u017eicu s urezom Ranger ima odli\u010dne izolacijske sposobnosti i otporan je na vremenske uvjete. Provjerite!\",\"breadcrumb\":{\"@id\":\"https:\\\/\\\/clair.si\\\/hr\\\/izdelek\\\/vijcani-izolator-za-traku-ili-zicu-s-urezom-ranger\\\/#breadcrumb\"},\"inLanguage\":\"hr\",\"potentialAction\":[{\"@type\":\"ReadAction\",\"target\":[\"https:\\\/\\\/clair.si\\\/hr\\\/izdelek\\\/vijcani-izolator-za-traku-ili-zicu-s-urezom-ranger\\\/\"]}]},{\"@type\":\"ImageObject\",\"inLanguage\":\"hr\",\"@id\":\"https:\\\/\\\/clair.si\\\/hr\\\/izdelek\\\/vijcani-izolator-za-traku-ili-zicu-s-urezom-ranger\\\/#primaryimage\",\"url\":\"https:\\\/\\\/clair.si\\\/wp-content\\\/uploads\\\/2022\\\/07\\\/1013023.webp\",\"contentUrl\":\"https:\\\/\\\/clair.si\\\/wp-content\\\/uploads\\\/2022\\\/07\\\/1013023.webp\",\"width\":600,\"height\":600,\"caption\":\"Vija\u010dni izolator za trak ali \u017eico\"},{\"@type\":\"BreadcrumbList\",\"@id\":\"https:\\\/\\\/clair.si\\\/hr\\\/izdelek\\\/vijcani-izolator-za-traku-ili-zicu-s-urezom-ranger\\\/#breadcrumb\",\"itemListElement\":[{\"@type\":\"ListItem\",\"position\":1,\"name\":\"Home\",\"item\":\"https:\\\/\\\/clair.si\\\/hr\\\/\"},{\"@type\":\"ListItem\",\"position\":2,\"name\":\"Trgovina\",\"item\":\"https:\\\/\\\/clair.si\\\/trgovina\\\/\"},{\"@type\":\"ListItem\",\"position\":3,\"name\":\"Vij\u010dani izolator za traku ili \u017eicu s urezom Ranger\"}]},{\"@type\":\"WebSite\",\"@id\":\"https:\\\/\\\/clair.si\\\/#website\",\"url\":\"https:\\\/\\\/clair.si\\\/\",\"name\":\"Clair\",\"description\":\"Trgovina s konjeni\u0161ko opremo\",\"publisher\":{\"@id\":\"https:\\\/\\\/clair.si\\\/#organization\"},\"potentialAction\":[{\"@type\":\"SearchAction\",\"target\":{\"@type\":\"EntryPoint\",\"urlTemplate\":\"https:\\\/\\\/clair.si\\\/?s={search_term_string}\"},\"query-input\":{\"@type\":\"PropertyValueSpecification\",\"valueRequired\":true,\"valueName\":\"search_term_string\"}}],\"inLanguage\":\"hr\"},{\"@type\":\"Organization\",\"@id\":\"https:\\\/\\\/clair.si\\\/#organization\",\"name\":\"Clair\",\"url\":\"https:\\\/\\\/clair.si\\\/\",\"logo\":{\"@type\":\"ImageObject\",\"inLanguage\":\"hr\",\"@id\":\"https:\\\/\\\/clair.si\\\/#\\\/schema\\\/logo\\\/image\\\/\",\"url\":\"https:\\\/\\\/clair.si\\\/wp-content\\\/uploads\\\/2022\\\/11\\\/clair_logo_2022.jpg\",\"contentUrl\":\"https:\\\/\\\/clair.si\\\/wp-content\\\/uploads\\\/2022\\\/11\\\/clair_logo_2022.jpg\",\"width\":1920,\"height\":1920,\"caption\":\"Clair\"},\"image\":{\"@id\":\"https:\\\/\\\/clair.si\\\/#\\\/schema\\\/logo\\\/image\\\/\"},\"sameAs\":[\"https:\\\/\\\/www.facebook.com\\\/TrgovinaClair\\\/\"]}]}<\/script>\n<!-- \/ Yoast SEO plugin. -->","yoast_head_json":{"title":"Vij\u010dani izolator za traku ili \u017eicu s urezom Ranger - Clair","description":"Vij\u010dani izolator za traku ili \u017eicu s urezom Ranger ima odli\u010dne izolacijske sposobnosti i otporan je na vremenske uvjete. Provjerite!","robots":{"index":"index","follow":"follow","max-snippet":"max-snippet:-1","max-image-preview":"max-image-preview:large","max-video-preview":"max-video-preview:-1"},"canonical":"https:\/\/clair.si\/hr\/izdelek\/vijcani-izolator-za-traku-ili-zicu-s-urezom-ranger\/","og_locale":"hr_HR","og_type":"article","og_title":"Vij\u010dani izolator za traku ili \u017eicu s urezom Ranger - Clair","og_description":"Vij\u010dani izolator za traku ili \u017eicu s urezom Ranger ima odli\u010dne izolacijske sposobnosti i otporan je na vremenske uvjete. Provjerite!","og_url":"https:\/\/clair.si\/hr\/izdelek\/vijcani-izolator-za-traku-ili-zicu-s-urezom-ranger\/","og_site_name":"Clair","article_publisher":"https:\/\/www.facebook.com\/TrgovinaClair\/","article_modified_time":"2025-08-28T04:02:38+00:00","og_image":[{"width":600,"height":600,"url":"https:\/\/clair.si\/wp-content\/uploads\/2022\/07\/1013023.jpeg","type":"image\/jpeg"}],"twitter_card":"summary_large_image","twitter_misc":{"Procijenjeno vrijeme \u010ditanja":"1 minuta"},"schema":{"@context":"https:\/\/schema.org","@graph":[{"@type":"WebPage","@id":"https:\/\/clair.si\/hr\/izdelek\/vijcani-izolator-za-traku-ili-zicu-s-urezom-ranger\/","url":"https:\/\/clair.si\/hr\/izdelek\/vijcani-izolator-za-traku-ili-zicu-s-urezom-ranger\/","name":"Vij\u010dani izolator za traku ili \u017eicu s urezom Ranger - Clair","isPartOf":{"@id":"https:\/\/clair.si\/#website"},"primaryImageOfPage":{"@id":"https:\/\/clair.si\/hr\/izdelek\/vijcani-izolator-za-traku-ili-zicu-s-urezom-ranger\/#primaryimage"},"image":{"@id":"https:\/\/clair.si\/hr\/izdelek\/vijcani-izolator-za-traku-ili-zicu-s-urezom-ranger\/#primaryimage"},"thumbnailUrl":"https:\/\/clair.si\/wp-content\/uploads\/2022\/07\/1013023.webp","datePublished":"2022-07-15T10:04:16+00:00","dateModified":"2025-08-28T04:02:38+00:00","description":"Vij\u010dani izolator za traku ili \u017eicu s urezom Ranger ima odli\u010dne izolacijske sposobnosti i otporan je na vremenske uvjete. Provjerite!","breadcrumb":{"@id":"https:\/\/clair.si\/hr\/izdelek\/vijcani-izolator-za-traku-ili-zicu-s-urezom-ranger\/#breadcrumb"},"inLanguage":"hr","potentialAction":[{"@type":"ReadAction","target":["https:\/\/clair.si\/hr\/izdelek\/vijcani-izolator-za-traku-ili-zicu-s-urezom-ranger\/"]}]},{"@type":"ImageObject","inLanguage":"hr","@id":"https:\/\/clair.si\/hr\/izdelek\/vijcani-izolator-za-traku-ili-zicu-s-urezom-ranger\/#primaryimage","url":"https:\/\/clair.si\/wp-content\/uploads\/2022\/07\/1013023.webp","contentUrl":"https:\/\/clair.si\/wp-content\/uploads\/2022\/07\/1013023.webp","width":600,"height":600,"caption":"Vija\u010dni izolator za trak ali \u017eico"},{"@type":"BreadcrumbList","@id":"https:\/\/clair.si\/hr\/izdelek\/vijcani-izolator-za-traku-ili-zicu-s-urezom-ranger\/#breadcrumb","itemListElement":[{"@type":"ListItem","position":1,"name":"Home","item":"https:\/\/clair.si\/hr\/"},{"@type":"ListItem","position":2,"name":"Trgovina","item":"https:\/\/clair.si\/trgovina\/"},{"@type":"ListItem","position":3,"name":"Vij\u010dani izolator za traku ili \u017eicu s urezom Ranger"}]},{"@type":"WebSite","@id":"https:\/\/clair.si\/#website","url":"https:\/\/clair.si\/","name":"Clair","description":"Trgovina s konjeni\u0161ko opremo","publisher":{"@id":"https:\/\/clair.si\/#organization"},"potentialAction":[{"@type":"SearchAction","target":{"@type":"EntryPoint","urlTemplate":"https:\/\/clair.si\/?s={search_term_string}"},"query-input":{"@type":"PropertyValueSpecification","valueRequired":true,"valueName":"search_term_string"}}],"inLanguage":"hr"},{"@type":"Organization","@id":"https:\/\/clair.si\/#organization","name":"Clair","url":"https:\/\/clair.si\/","logo":{"@type":"ImageObject","inLanguage":"hr","@id":"https:\/\/clair.si\/#\/schema\/logo\/image\/","url":"https:\/\/clair.si\/wp-content\/uploads\/2022\/11\/clair_logo_2022.jpg","contentUrl":"https:\/\/clair.si\/wp-content\/uploads\/2022\/11\/clair_logo_2022.jpg","width":1920,"height":1920,"caption":"Clair"},"image":{"@id":"https:\/\/clair.si\/#\/schema\/logo\/image\/"},"sameAs":["https:\/\/www.facebook.com\/TrgovinaClair\/"]}]}},"_links":{"self":[{"href":"https:\/\/clair.si\/hr\/wp-json\/wp\/v2\/product\/103455","targetHints":{"allow":["GET"]}}],"collection":[{"href":"https:\/\/clair.si\/hr\/wp-json\/wp\/v2\/product"}],"about":[{"href":"https:\/\/clair.si\/hr\/wp-json\/wp\/v2\/types\/product"}],"version-history":[{"count":0,"href":"https:\/\/clair.si\/hr\/wp-json\/wp\/v2\/product\/103455\/revisions"}],"wp:featuredmedia":[{"embeddable":true,"href":"https:\/\/clair.si\/hr\/wp-json\/wp\/v2\/media\/103459"}],"wp:attachment":[{"href":"https:\/\/clair.si\/hr\/wp-json\/wp\/v2\/media?parent=103455"}],"wp:term":[{"taxonomy":"product_brand","embeddable":true,"href":"https:\/\/clair.si\/hr\/wp-json\/wp\/v2\/product_brand?post=103455"},{"taxonomy":"product_cat","embeddable":true,"href":"https:\/\/clair.si\/hr\/wp-json\/wp\/v2\/product_cat?post=103455"},{"taxonomy":"product_tag","embeddable":true,"href":"https:\/\/clair.si\/hr\/wp-json\/wp\/v2\/product_tag?post=103455"}],"curies":[{"name":"wp","href":"https:\/\/api.w.org\/{rel}","templated":true}]}}