{"id":103458,"date":"2022-07-15T11:48:54","date_gmt":"2022-07-15T09:48:54","guid":{"rendered":"https:\/\/clair.si\/izdelek\/vijcani-izolator-za-ogradu-vrata-economy\/"},"modified":"2025-08-28T06:02:35","modified_gmt":"2025-08-28T04:02:35","slug":"vijcani-izolator-za-ogradu-vrata-economy","status":"publish","type":"product","link":"https:\/\/clair.si\/hr\/izdelek\/vijcani-izolator-za-ogradu-vrata-economy\/","title":{"rendered":"Vij\u010dani izolator za ogradu vrata Economy"},"content":{"rendered":"<p>Vij\u010dani <strong>izolator za ogradu<\/strong> vrata Horizont koristi se za ru\u010dke i ru\u010dke s oprugom, gdje su prijelazi.<\/p>\n<p><strong>Brza instalacija<\/strong> s vijkom za drvo M6 privijanjem u drvo bez prethodne pripreme.<\/p>\n<p><strong>Obostrane petlje<\/strong> izra\u0111ene su od pocin\u010danog \u017eeljeza, a srednji dio je od <strong>plastike (polipropilen<\/strong> \u2013 ja\u010di materijal, kemijski i toplinski otporan).<\/p>\n<p>Petlje uvijek postoje u pravilnom polo\u017eaju, ne okre\u0107u se kada vij\u010dani izolator pri\u010dvrstimo u drvo.<\/p>\n<p>Ima <strong>odli\u010dna izolacijska svojstva<\/strong> i otpornu plastiku na vremenske uvjete.<\/p>\n","protected":false},"excerpt":{"rendered":"<p>U kompletu je 10 komada.<\/p>\n","protected":false},"featured_media":103461,"template":"","meta":{"footnotes":""},"product_brand":[],"product_cat":[6304,5820,5627],"product_tag":[],"class_list":{"0":"post-103458","1":"product","2":"type-product","3":"status-publish","4":"has-post-thumbnail","6":"product_cat-izolatori","7":"product_cat-oprema-za-pasnjake","8":"product_cat-stala-i-pasnjak","10":"first","11":"instock","12":"shipping-taxable","13":"purchasable","14":"product-type-simple"},"yoast_head":"<!-- This site is optimized with the Yoast SEO plugin v27.3 - https:\/\/yoast.com\/product\/yoast-seo-wordpress\/ -->\n<title>Vij\u010dani izolator za ogradu vrata Economy - Clair<\/title>\n<meta name=\"description\" content=\"Vij\u010dani izolator za ogradu vrata Economy koristi se na prijelazima na pa\u0161njak i s njega. Provjerite na\u0161u bogatu ponudu!\" \/>\n<meta name=\"robots\" content=\"index, follow, max-snippet:-1, max-image-preview:large, max-video-preview:-1\" \/>\n<link rel=\"canonical\" href=\"https:\/\/clair.si\/hr\/izdelek\/vijcani-izolator-za-ogradu-vrata-economy\/\" \/>\n<meta property=\"og:locale\" content=\"hr_HR\" \/>\n<meta property=\"og:type\" content=\"article\" \/>\n<meta property=\"og:title\" content=\"Vij\u010dani izolator za ogradu vrata Economy - Clair\" \/>\n<meta property=\"og:description\" content=\"Vij\u010dani izolator za ogradu vrata Economy koristi se na prijelazima na pa\u0161njak i s njega. Provjerite na\u0161u bogatu ponudu!\" \/>\n<meta property=\"og:url\" content=\"https:\/\/clair.si\/hr\/izdelek\/vijcani-izolator-za-ogradu-vrata-economy\/\" \/>\n<meta property=\"og:site_name\" content=\"Clair\" \/>\n<meta property=\"article:publisher\" content=\"https:\/\/www.facebook.com\/TrgovinaClair\/\" \/>\n<meta property=\"article:modified_time\" content=\"2025-08-28T04:02:35+00:00\" \/>\n<meta property=\"og:image\" content=\"https:\/\/clair.si\/wp-content\/uploads\/2022\/07\/IZOLATOR-ZA-VRATA-z-vijakom-Economy-1013034-1.jpeg\" \/>\n\t<meta property=\"og:image:width\" content=\"400\" \/>\n\t<meta property=\"og:image:height\" content=\"400\" \/>\n\t<meta property=\"og:image:type\" content=\"image\/jpeg\" \/>\n<meta name=\"twitter:card\" content=\"summary_large_image\" \/>\n<meta name=\"twitter:label1\" content=\"Procijenjeno vrijeme \u010ditanja\" \/>\n\t<meta name=\"twitter:data1\" content=\"1 minuta\" \/>\n<script type=\"application\/ld+json\" class=\"yoast-schema-graph\">{\"@context\":\"https:\\\/\\\/schema.org\",\"@graph\":[{\"@type\":\"WebPage\",\"@id\":\"https:\\\/\\\/clair.si\\\/hr\\\/izdelek\\\/vijcani-izolator-za-ogradu-vrata-economy\\\/\",\"url\":\"https:\\\/\\\/clair.si\\\/hr\\\/izdelek\\\/vijcani-izolator-za-ogradu-vrata-economy\\\/\",\"name\":\"Vij\u010dani izolator za ogradu vrata Economy - Clair\",\"isPartOf\":{\"@id\":\"https:\\\/\\\/clair.si\\\/#website\"},\"primaryImageOfPage\":{\"@id\":\"https:\\\/\\\/clair.si\\\/hr\\\/izdelek\\\/vijcani-izolator-za-ogradu-vrata-economy\\\/#primaryimage\"},\"image\":{\"@id\":\"https:\\\/\\\/clair.si\\\/hr\\\/izdelek\\\/vijcani-izolator-za-ogradu-vrata-economy\\\/#primaryimage\"},\"thumbnailUrl\":\"https:\\\/\\\/clair.si\\\/wp-content\\\/uploads\\\/2022\\\/07\\\/IZOLATOR-ZA-VRATA-z-vijakom-Economy-1013034-1.webp\",\"datePublished\":\"2022-07-15T09:48:54+00:00\",\"dateModified\":\"2025-08-28T04:02:35+00:00\",\"description\":\"Vij\u010dani izolator za ogradu vrata Economy koristi se na prijelazima na pa\u0161njak i s njega. Provjerite na\u0161u bogatu ponudu!\",\"breadcrumb\":{\"@id\":\"https:\\\/\\\/clair.si\\\/hr\\\/izdelek\\\/vijcani-izolator-za-ogradu-vrata-economy\\\/#breadcrumb\"},\"inLanguage\":\"hr\",\"potentialAction\":[{\"@type\":\"ReadAction\",\"target\":[\"https:\\\/\\\/clair.si\\\/hr\\\/izdelek\\\/vijcani-izolator-za-ogradu-vrata-economy\\\/\"]}]},{\"@type\":\"ImageObject\",\"inLanguage\":\"hr\",\"@id\":\"https:\\\/\\\/clair.si\\\/hr\\\/izdelek\\\/vijcani-izolator-za-ogradu-vrata-economy\\\/#primaryimage\",\"url\":\"https:\\\/\\\/clair.si\\\/wp-content\\\/uploads\\\/2022\\\/07\\\/IZOLATOR-ZA-VRATA-z-vijakom-Economy-1013034-1.webp\",\"contentUrl\":\"https:\\\/\\\/clair.si\\\/wp-content\\\/uploads\\\/2022\\\/07\\\/IZOLATOR-ZA-VRATA-z-vijakom-Economy-1013034-1.webp\",\"width\":400,\"height\":400,\"caption\":\"Izolator za vrata z vijakom\"},{\"@type\":\"BreadcrumbList\",\"@id\":\"https:\\\/\\\/clair.si\\\/hr\\\/izdelek\\\/vijcani-izolator-za-ogradu-vrata-economy\\\/#breadcrumb\",\"itemListElement\":[{\"@type\":\"ListItem\",\"position\":1,\"name\":\"Home\",\"item\":\"https:\\\/\\\/clair.si\\\/hr\\\/\"},{\"@type\":\"ListItem\",\"position\":2,\"name\":\"Trgovina\",\"item\":\"https:\\\/\\\/clair.si\\\/trgovina\\\/\"},{\"@type\":\"ListItem\",\"position\":3,\"name\":\"Vij\u010dani izolator za ogradu vrata Economy\"}]},{\"@type\":\"WebSite\",\"@id\":\"https:\\\/\\\/clair.si\\\/#website\",\"url\":\"https:\\\/\\\/clair.si\\\/\",\"name\":\"Clair\",\"description\":\"Trgovina s konjeni\u0161ko opremo\",\"publisher\":{\"@id\":\"https:\\\/\\\/clair.si\\\/#organization\"},\"potentialAction\":[{\"@type\":\"SearchAction\",\"target\":{\"@type\":\"EntryPoint\",\"urlTemplate\":\"https:\\\/\\\/clair.si\\\/?s={search_term_string}\"},\"query-input\":{\"@type\":\"PropertyValueSpecification\",\"valueRequired\":true,\"valueName\":\"search_term_string\"}}],\"inLanguage\":\"hr\"},{\"@type\":\"Organization\",\"@id\":\"https:\\\/\\\/clair.si\\\/#organization\",\"name\":\"Clair\",\"url\":\"https:\\\/\\\/clair.si\\\/\",\"logo\":{\"@type\":\"ImageObject\",\"inLanguage\":\"hr\",\"@id\":\"https:\\\/\\\/clair.si\\\/#\\\/schema\\\/logo\\\/image\\\/\",\"url\":\"https:\\\/\\\/clair.si\\\/wp-content\\\/uploads\\\/2022\\\/11\\\/clair_logo_2022.jpg\",\"contentUrl\":\"https:\\\/\\\/clair.si\\\/wp-content\\\/uploads\\\/2022\\\/11\\\/clair_logo_2022.jpg\",\"width\":1920,\"height\":1920,\"caption\":\"Clair\"},\"image\":{\"@id\":\"https:\\\/\\\/clair.si\\\/#\\\/schema\\\/logo\\\/image\\\/\"},\"sameAs\":[\"https:\\\/\\\/www.facebook.com\\\/TrgovinaClair\\\/\"]}]}<\/script>\n<!-- \/ Yoast SEO plugin. -->","yoast_head_json":{"title":"Vij\u010dani izolator za ogradu vrata Economy - Clair","description":"Vij\u010dani izolator za ogradu vrata Economy koristi se na prijelazima na pa\u0161njak i s njega. Provjerite na\u0161u bogatu ponudu!","robots":{"index":"index","follow":"follow","max-snippet":"max-snippet:-1","max-image-preview":"max-image-preview:large","max-video-preview":"max-video-preview:-1"},"canonical":"https:\/\/clair.si\/hr\/izdelek\/vijcani-izolator-za-ogradu-vrata-economy\/","og_locale":"hr_HR","og_type":"article","og_title":"Vij\u010dani izolator za ogradu vrata Economy - Clair","og_description":"Vij\u010dani izolator za ogradu vrata Economy koristi se na prijelazima na pa\u0161njak i s njega. Provjerite na\u0161u bogatu ponudu!","og_url":"https:\/\/clair.si\/hr\/izdelek\/vijcani-izolator-za-ogradu-vrata-economy\/","og_site_name":"Clair","article_publisher":"https:\/\/www.facebook.com\/TrgovinaClair\/","article_modified_time":"2025-08-28T04:02:35+00:00","og_image":[{"width":400,"height":400,"url":"https:\/\/clair.si\/wp-content\/uploads\/2022\/07\/IZOLATOR-ZA-VRATA-z-vijakom-Economy-1013034-1.jpeg","type":"image\/jpeg"}],"twitter_card":"summary_large_image","twitter_misc":{"Procijenjeno vrijeme \u010ditanja":"1 minuta"},"schema":{"@context":"https:\/\/schema.org","@graph":[{"@type":"WebPage","@id":"https:\/\/clair.si\/hr\/izdelek\/vijcani-izolator-za-ogradu-vrata-economy\/","url":"https:\/\/clair.si\/hr\/izdelek\/vijcani-izolator-za-ogradu-vrata-economy\/","name":"Vij\u010dani izolator za ogradu vrata Economy - Clair","isPartOf":{"@id":"https:\/\/clair.si\/#website"},"primaryImageOfPage":{"@id":"https:\/\/clair.si\/hr\/izdelek\/vijcani-izolator-za-ogradu-vrata-economy\/#primaryimage"},"image":{"@id":"https:\/\/clair.si\/hr\/izdelek\/vijcani-izolator-za-ogradu-vrata-economy\/#primaryimage"},"thumbnailUrl":"https:\/\/clair.si\/wp-content\/uploads\/2022\/07\/IZOLATOR-ZA-VRATA-z-vijakom-Economy-1013034-1.webp","datePublished":"2022-07-15T09:48:54+00:00","dateModified":"2025-08-28T04:02:35+00:00","description":"Vij\u010dani izolator za ogradu vrata Economy koristi se na prijelazima na pa\u0161njak i s njega. Provjerite na\u0161u bogatu ponudu!","breadcrumb":{"@id":"https:\/\/clair.si\/hr\/izdelek\/vijcani-izolator-za-ogradu-vrata-economy\/#breadcrumb"},"inLanguage":"hr","potentialAction":[{"@type":"ReadAction","target":["https:\/\/clair.si\/hr\/izdelek\/vijcani-izolator-za-ogradu-vrata-economy\/"]}]},{"@type":"ImageObject","inLanguage":"hr","@id":"https:\/\/clair.si\/hr\/izdelek\/vijcani-izolator-za-ogradu-vrata-economy\/#primaryimage","url":"https:\/\/clair.si\/wp-content\/uploads\/2022\/07\/IZOLATOR-ZA-VRATA-z-vijakom-Economy-1013034-1.webp","contentUrl":"https:\/\/clair.si\/wp-content\/uploads\/2022\/07\/IZOLATOR-ZA-VRATA-z-vijakom-Economy-1013034-1.webp","width":400,"height":400,"caption":"Izolator za vrata z vijakom"},{"@type":"BreadcrumbList","@id":"https:\/\/clair.si\/hr\/izdelek\/vijcani-izolator-za-ogradu-vrata-economy\/#breadcrumb","itemListElement":[{"@type":"ListItem","position":1,"name":"Home","item":"https:\/\/clair.si\/hr\/"},{"@type":"ListItem","position":2,"name":"Trgovina","item":"https:\/\/clair.si\/trgovina\/"},{"@type":"ListItem","position":3,"name":"Vij\u010dani izolator za ogradu vrata Economy"}]},{"@type":"WebSite","@id":"https:\/\/clair.si\/#website","url":"https:\/\/clair.si\/","name":"Clair","description":"Trgovina s konjeni\u0161ko opremo","publisher":{"@id":"https:\/\/clair.si\/#organization"},"potentialAction":[{"@type":"SearchAction","target":{"@type":"EntryPoint","urlTemplate":"https:\/\/clair.si\/?s={search_term_string}"},"query-input":{"@type":"PropertyValueSpecification","valueRequired":true,"valueName":"search_term_string"}}],"inLanguage":"hr"},{"@type":"Organization","@id":"https:\/\/clair.si\/#organization","name":"Clair","url":"https:\/\/clair.si\/","logo":{"@type":"ImageObject","inLanguage":"hr","@id":"https:\/\/clair.si\/#\/schema\/logo\/image\/","url":"https:\/\/clair.si\/wp-content\/uploads\/2022\/11\/clair_logo_2022.jpg","contentUrl":"https:\/\/clair.si\/wp-content\/uploads\/2022\/11\/clair_logo_2022.jpg","width":1920,"height":1920,"caption":"Clair"},"image":{"@id":"https:\/\/clair.si\/#\/schema\/logo\/image\/"},"sameAs":["https:\/\/www.facebook.com\/TrgovinaClair\/"]}]}},"_links":{"self":[{"href":"https:\/\/clair.si\/hr\/wp-json\/wp\/v2\/product\/103458","targetHints":{"allow":["GET"]}}],"collection":[{"href":"https:\/\/clair.si\/hr\/wp-json\/wp\/v2\/product"}],"about":[{"href":"https:\/\/clair.si\/hr\/wp-json\/wp\/v2\/types\/product"}],"version-history":[{"count":0,"href":"https:\/\/clair.si\/hr\/wp-json\/wp\/v2\/product\/103458\/revisions"}],"wp:featuredmedia":[{"embeddable":true,"href":"https:\/\/clair.si\/hr\/wp-json\/wp\/v2\/media\/103461"}],"wp:attachment":[{"href":"https:\/\/clair.si\/hr\/wp-json\/wp\/v2\/media?parent=103458"}],"wp:term":[{"taxonomy":"product_brand","embeddable":true,"href":"https:\/\/clair.si\/hr\/wp-json\/wp\/v2\/product_brand?post=103458"},{"taxonomy":"product_cat","embeddable":true,"href":"https:\/\/clair.si\/hr\/wp-json\/wp\/v2\/product_cat?post=103458"},{"taxonomy":"product_tag","embeddable":true,"href":"https:\/\/clair.si\/hr\/wp-json\/wp\/v2\/product_tag?post=103458"}],"curies":[{"name":"wp","href":"https:\/\/api.w.org\/{rel}","templated":true}]}}