{"id":103479,"date":"2022-07-14T15:40:07","date_gmt":"2022-07-14T13:40:07","guid":{"rendered":"https:\/\/clair.si\/izdelek\/western-sedlo-westride-santa-fe\/"},"modified":"2025-08-28T08:11:45","modified_gmt":"2025-08-28T06:11:45","slug":"western-sedlo-westride-santa-fe","status":"publish","type":"product","link":"https:\/\/clair.si\/hr\/izdelek\/western-sedlo-westride-santa-fe\/","title":{"rendered":"Western sedlo Westride Santa Fe"},"content":{"rendered":"<p><span class=\"VIiyi\" lang=\"sl\"><span class=\"JLqJ4b ChMk0b\"><span class=\"Q4iAWc\"><strong>Western sedlo Westride Santa Fe<\/strong> je western sedlo meksi\u010dkog tipa, izra\u0111eno od nauljenog bivola i prikladno je za konje s u\u017eim i visokim grebenom.<\/span><\/span><\/span><\/p>\n<p><span class=\"VIiyi\" lang=\"sl\"> <span class=\"JLqJ4b ChMk0b\"><span class=\"Q4iAWc\">Sedlena osnova je izra\u0111ena od staklenih vlakana, a podstavljeno sjedalo je od glatke \u0161ivane ko\u017ee. Stra\u017enji dio sjedala opremljen je pametnim malim d\u017eepom koji se zatvara gumbom. <\/span><\/span> <\/span><\/p>\n<p><span class=\"VIiyi\" lang=\"sl\"><span class=\"JLqJ4b ChMk0b\"><span class=\"Q4iAWc\"><strong>Western sedlo Westride Santa Fe<\/strong> ima panele na donjoj strani podstavljene sinteti\u010dkom ov\u010djom ko\u017eom. <\/span><\/span><\/span><\/p>\n","protected":false},"excerpt":{"rendered":"<p><span class=\"VIiyi\" lang=\"sl\"><span class=\"JLqJ4b ChMk0b\"><span class=\"Q4iAWc\"><strong>Western sedlo Westride Santa Fe<\/strong> je western sedlo meksi\u010dkog tipa, izra\u0111eno od nauljenog bivola i prikladno je za konje s u\u017eim i visokim grebenom.<\/span><\/span><\/span><\/p>\n","protected":false},"featured_media":103489,"template":"","meta":{"footnotes":""},"product_brand":[],"product_cat":[5657,5624,5944,5940,5794,6125],"product_tag":[],"class_list":{"0":"post-103479","1":"product","2":"type-product","3":"status-publish","4":"has-post-thumbnail","6":"product_cat-kategorije-hr","7":"product_cat-konj-hr","8":"product_cat-sedla-hr-2","9":"product_cat-sedla-hr","10":"product_cat-western-hr","11":"product_cat-western-i-australska-sedla","13":"first","14":"instock","15":"sale","16":"shipping-taxable","17":"purchasable","18":"product-type-simple"},"yoast_head":"<!-- This site is optimized with the Yoast SEO plugin v27.4 - https:\/\/yoast.com\/product\/yoast-seo-wordpress\/ -->\n<title>Western sedlo Westride Santa Fe - Clair<\/title>\n<meta name=\"description\" content=\"Western sedlo Westride Santa Fe je western sedlo meksi\u010dkog tipa, izra\u0111eno od nauljenog bivola i prikladno je za konje s u\u017eim i visokim grebenom.\" \/>\n<meta name=\"robots\" content=\"index, follow, max-snippet:-1, max-image-preview:large, max-video-preview:-1\" \/>\n<link rel=\"canonical\" href=\"https:\/\/clair.si\/hr\/izdelek\/western-sedlo-westride-santa-fe\/\" \/>\n<meta property=\"og:locale\" content=\"hr_HR\" \/>\n<meta property=\"og:type\" content=\"article\" \/>\n<meta property=\"og:title\" content=\"Western sedlo Westride Santa Fe - Clair\" \/>\n<meta property=\"og:description\" content=\"Western sedlo Westride Santa Fe je western sedlo meksi\u010dkog tipa, izra\u0111eno od nauljenog bivola i prikladno je za konje s u\u017eim i visokim grebenom.\" \/>\n<meta property=\"og:url\" content=\"https:\/\/clair.si\/hr\/izdelek\/western-sedlo-westride-santa-fe\/\" \/>\n<meta property=\"og:site_name\" content=\"Clair\" \/>\n<meta property=\"article:publisher\" content=\"https:\/\/www.facebook.com\/TrgovinaClair\/\" \/>\n<meta property=\"article:modified_time\" content=\"2025-08-28T06:11:45+00:00\" \/>\n<meta property=\"og:image\" content=\"https:\/\/clair.si\/wp-content\/uploads\/2022\/07\/westride-santa-fe-western-sedlo.jpg\" \/>\n\t<meta property=\"og:image:width\" content=\"800\" \/>\n\t<meta property=\"og:image:height\" content=\"800\" \/>\n\t<meta property=\"og:image:type\" content=\"image\/jpeg\" \/>\n<meta name=\"twitter:card\" content=\"summary_large_image\" \/>\n<script type=\"application\/ld+json\" class=\"yoast-schema-graph\">{\"@context\":\"https:\\\/\\\/schema.org\",\"@graph\":[{\"@type\":\"WebPage\",\"@id\":\"https:\\\/\\\/clair.si\\\/hr\\\/izdelek\\\/western-sedlo-westride-santa-fe\\\/\",\"url\":\"https:\\\/\\\/clair.si\\\/hr\\\/izdelek\\\/western-sedlo-westride-santa-fe\\\/\",\"name\":\"Western sedlo Westride Santa Fe - Clair\",\"isPartOf\":{\"@id\":\"https:\\\/\\\/clair.si\\\/#website\"},\"primaryImageOfPage\":{\"@id\":\"https:\\\/\\\/clair.si\\\/hr\\\/izdelek\\\/western-sedlo-westride-santa-fe\\\/#primaryimage\"},\"image\":{\"@id\":\"https:\\\/\\\/clair.si\\\/hr\\\/izdelek\\\/western-sedlo-westride-santa-fe\\\/#primaryimage\"},\"thumbnailUrl\":\"https:\\\/\\\/clair.si\\\/wp-content\\\/uploads\\\/2022\\\/07\\\/westride-santa-fe-western-sedlo.webp\",\"datePublished\":\"2022-07-14T13:40:07+00:00\",\"dateModified\":\"2025-08-28T06:11:45+00:00\",\"description\":\"Western sedlo Westride Santa Fe je western sedlo meksi\u010dkog tipa, izra\u0111eno od nauljenog bivola i prikladno je za konje s u\u017eim i visokim grebenom.\",\"breadcrumb\":{\"@id\":\"https:\\\/\\\/clair.si\\\/hr\\\/izdelek\\\/western-sedlo-westride-santa-fe\\\/#breadcrumb\"},\"inLanguage\":\"hr\",\"potentialAction\":[{\"@type\":\"ReadAction\",\"target\":[\"https:\\\/\\\/clair.si\\\/hr\\\/izdelek\\\/western-sedlo-westride-santa-fe\\\/\"]}]},{\"@type\":\"ImageObject\",\"inLanguage\":\"hr\",\"@id\":\"https:\\\/\\\/clair.si\\\/hr\\\/izdelek\\\/western-sedlo-westride-santa-fe\\\/#primaryimage\",\"url\":\"https:\\\/\\\/clair.si\\\/wp-content\\\/uploads\\\/2022\\\/07\\\/westride-santa-fe-western-sedlo.webp\",\"contentUrl\":\"https:\\\/\\\/clair.si\\\/wp-content\\\/uploads\\\/2022\\\/07\\\/westride-santa-fe-western-sedlo.webp\",\"width\":800,\"height\":800,\"caption\":\"Santa Fe western sedlo.\"},{\"@type\":\"BreadcrumbList\",\"@id\":\"https:\\\/\\\/clair.si\\\/hr\\\/izdelek\\\/western-sedlo-westride-santa-fe\\\/#breadcrumb\",\"itemListElement\":[{\"@type\":\"ListItem\",\"position\":1,\"name\":\"Home\",\"item\":\"https:\\\/\\\/clair.si\\\/hr\\\/\"},{\"@type\":\"ListItem\",\"position\":2,\"name\":\"Trgovina\",\"item\":\"https:\\\/\\\/clair.si\\\/trgovina\\\/\"},{\"@type\":\"ListItem\",\"position\":3,\"name\":\"Western sedlo Westride Santa Fe\"}]},{\"@type\":\"WebSite\",\"@id\":\"https:\\\/\\\/clair.si\\\/#website\",\"url\":\"https:\\\/\\\/clair.si\\\/\",\"name\":\"Clair\",\"description\":\"Trgovina s konjeni\u0161ko opremo\",\"publisher\":{\"@id\":\"https:\\\/\\\/clair.si\\\/#organization\"},\"potentialAction\":[{\"@type\":\"SearchAction\",\"target\":{\"@type\":\"EntryPoint\",\"urlTemplate\":\"https:\\\/\\\/clair.si\\\/?s={search_term_string}\"},\"query-input\":{\"@type\":\"PropertyValueSpecification\",\"valueRequired\":true,\"valueName\":\"search_term_string\"}}],\"inLanguage\":\"hr\"},{\"@type\":\"Organization\",\"@id\":\"https:\\\/\\\/clair.si\\\/#organization\",\"name\":\"Clair\",\"url\":\"https:\\\/\\\/clair.si\\\/\",\"logo\":{\"@type\":\"ImageObject\",\"inLanguage\":\"hr\",\"@id\":\"https:\\\/\\\/clair.si\\\/#\\\/schema\\\/logo\\\/image\\\/\",\"url\":\"https:\\\/\\\/clair.si\\\/wp-content\\\/uploads\\\/2022\\\/11\\\/clair_logo_2022.jpg\",\"contentUrl\":\"https:\\\/\\\/clair.si\\\/wp-content\\\/uploads\\\/2022\\\/11\\\/clair_logo_2022.jpg\",\"width\":1920,\"height\":1920,\"caption\":\"Clair\"},\"image\":{\"@id\":\"https:\\\/\\\/clair.si\\\/#\\\/schema\\\/logo\\\/image\\\/\"},\"sameAs\":[\"https:\\\/\\\/www.facebook.com\\\/TrgovinaClair\\\/\"]}]}<\/script>\n<!-- \/ Yoast SEO plugin. -->","yoast_head_json":{"title":"Western sedlo Westride Santa Fe - Clair","description":"Western sedlo Westride Santa Fe je western sedlo meksi\u010dkog tipa, izra\u0111eno od nauljenog bivola i prikladno je za konje s u\u017eim i visokim grebenom.","robots":{"index":"index","follow":"follow","max-snippet":"max-snippet:-1","max-image-preview":"max-image-preview:large","max-video-preview":"max-video-preview:-1"},"canonical":"https:\/\/clair.si\/hr\/izdelek\/western-sedlo-westride-santa-fe\/","og_locale":"hr_HR","og_type":"article","og_title":"Western sedlo Westride Santa Fe - Clair","og_description":"Western sedlo Westride Santa Fe je western sedlo meksi\u010dkog tipa, izra\u0111eno od nauljenog bivola i prikladno je za konje s u\u017eim i visokim grebenom.","og_url":"https:\/\/clair.si\/hr\/izdelek\/western-sedlo-westride-santa-fe\/","og_site_name":"Clair","article_publisher":"https:\/\/www.facebook.com\/TrgovinaClair\/","article_modified_time":"2025-08-28T06:11:45+00:00","og_image":[{"width":800,"height":800,"url":"https:\/\/clair.si\/wp-content\/uploads\/2022\/07\/westride-santa-fe-western-sedlo.jpg","type":"image\/jpeg"}],"twitter_card":"summary_large_image","schema":{"@context":"https:\/\/schema.org","@graph":[{"@type":"WebPage","@id":"https:\/\/clair.si\/hr\/izdelek\/western-sedlo-westride-santa-fe\/","url":"https:\/\/clair.si\/hr\/izdelek\/western-sedlo-westride-santa-fe\/","name":"Western sedlo Westride Santa Fe - Clair","isPartOf":{"@id":"https:\/\/clair.si\/#website"},"primaryImageOfPage":{"@id":"https:\/\/clair.si\/hr\/izdelek\/western-sedlo-westride-santa-fe\/#primaryimage"},"image":{"@id":"https:\/\/clair.si\/hr\/izdelek\/western-sedlo-westride-santa-fe\/#primaryimage"},"thumbnailUrl":"https:\/\/clair.si\/wp-content\/uploads\/2022\/07\/westride-santa-fe-western-sedlo.webp","datePublished":"2022-07-14T13:40:07+00:00","dateModified":"2025-08-28T06:11:45+00:00","description":"Western sedlo Westride Santa Fe je western sedlo meksi\u010dkog tipa, izra\u0111eno od nauljenog bivola i prikladno je za konje s u\u017eim i visokim grebenom.","breadcrumb":{"@id":"https:\/\/clair.si\/hr\/izdelek\/western-sedlo-westride-santa-fe\/#breadcrumb"},"inLanguage":"hr","potentialAction":[{"@type":"ReadAction","target":["https:\/\/clair.si\/hr\/izdelek\/western-sedlo-westride-santa-fe\/"]}]},{"@type":"ImageObject","inLanguage":"hr","@id":"https:\/\/clair.si\/hr\/izdelek\/western-sedlo-westride-santa-fe\/#primaryimage","url":"https:\/\/clair.si\/wp-content\/uploads\/2022\/07\/westride-santa-fe-western-sedlo.webp","contentUrl":"https:\/\/clair.si\/wp-content\/uploads\/2022\/07\/westride-santa-fe-western-sedlo.webp","width":800,"height":800,"caption":"Santa Fe western sedlo."},{"@type":"BreadcrumbList","@id":"https:\/\/clair.si\/hr\/izdelek\/western-sedlo-westride-santa-fe\/#breadcrumb","itemListElement":[{"@type":"ListItem","position":1,"name":"Home","item":"https:\/\/clair.si\/hr\/"},{"@type":"ListItem","position":2,"name":"Trgovina","item":"https:\/\/clair.si\/trgovina\/"},{"@type":"ListItem","position":3,"name":"Western sedlo Westride Santa Fe"}]},{"@type":"WebSite","@id":"https:\/\/clair.si\/#website","url":"https:\/\/clair.si\/","name":"Clair","description":"Trgovina s konjeni\u0161ko opremo","publisher":{"@id":"https:\/\/clair.si\/#organization"},"potentialAction":[{"@type":"SearchAction","target":{"@type":"EntryPoint","urlTemplate":"https:\/\/clair.si\/?s={search_term_string}"},"query-input":{"@type":"PropertyValueSpecification","valueRequired":true,"valueName":"search_term_string"}}],"inLanguage":"hr"},{"@type":"Organization","@id":"https:\/\/clair.si\/#organization","name":"Clair","url":"https:\/\/clair.si\/","logo":{"@type":"ImageObject","inLanguage":"hr","@id":"https:\/\/clair.si\/#\/schema\/logo\/image\/","url":"https:\/\/clair.si\/wp-content\/uploads\/2022\/11\/clair_logo_2022.jpg","contentUrl":"https:\/\/clair.si\/wp-content\/uploads\/2022\/11\/clair_logo_2022.jpg","width":1920,"height":1920,"caption":"Clair"},"image":{"@id":"https:\/\/clair.si\/#\/schema\/logo\/image\/"},"sameAs":["https:\/\/www.facebook.com\/TrgovinaClair\/"]}]}},"_links":{"self":[{"href":"https:\/\/clair.si\/hr\/wp-json\/wp\/v2\/product\/103479","targetHints":{"allow":["GET"]}}],"collection":[{"href":"https:\/\/clair.si\/hr\/wp-json\/wp\/v2\/product"}],"about":[{"href":"https:\/\/clair.si\/hr\/wp-json\/wp\/v2\/types\/product"}],"version-history":[{"count":0,"href":"https:\/\/clair.si\/hr\/wp-json\/wp\/v2\/product\/103479\/revisions"}],"wp:featuredmedia":[{"embeddable":true,"href":"https:\/\/clair.si\/hr\/wp-json\/wp\/v2\/media\/103489"}],"wp:attachment":[{"href":"https:\/\/clair.si\/hr\/wp-json\/wp\/v2\/media?parent=103479"}],"wp:term":[{"taxonomy":"product_brand","embeddable":true,"href":"https:\/\/clair.si\/hr\/wp-json\/wp\/v2\/product_brand?post=103479"},{"taxonomy":"product_cat","embeddable":true,"href":"https:\/\/clair.si\/hr\/wp-json\/wp\/v2\/product_cat?post=103479"},{"taxonomy":"product_tag","embeddable":true,"href":"https:\/\/clair.si\/hr\/wp-json\/wp\/v2\/product_tag?post=103479"}],"curies":[{"name":"wp","href":"https:\/\/api.w.org\/{rel}","templated":true}]}}