{"id":103505,"date":"2022-07-14T13:25:55","date_gmt":"2022-07-14T11:25:55","guid":{"rendered":"https:\/\/clair.si\/izdelek\/elektricni-pastir-horizont-turbomax-an800-dual\/"},"modified":"2025-08-28T06:02:27","modified_gmt":"2025-08-28T04:02:27","slug":"elektricni-pastir-horizont-turbomax-an800-dual","status":"publish","type":"product","link":"https:\/\/clair.si\/hr\/izdelek\/elektricni-pastir-horizont-turbomax-an800-dual\/","title":{"rendered":"Elektri\u010dni pastir Horizont Turbomax AN800 Dual"},"content":{"rendered":"<p>Horizont je razvio premium Turbomax seriju za najzahtjevniju uporabu kako bi se osigurala maksimalna sigurnost.<\/p>\n<p><strong>Elektri\u010dni pastir Horizont Turbomax AN800 Dual<\/strong> je ure\u0111aj koji se mo\u017ee istovremeno priklju\u010diti na <strong>elektri\u010dnu mre\u017eu 230V i na 12V\/230Ah akumulator<\/strong>. Ovaj elektri\u010dni pastir se mo\u017ee, uz dokup 12V akumulatora i <strong>50W solarnog panela, nadograditi<\/strong>, tako da uporaba postane ekonomi\u010dnija. U slu\u010daju nestanka elektri\u010dne mre\u017ee, ure\u0111aj radi neprekidno, do ponovne uspostave.  <\/p>\n<p>Kada opremu instaliramo, prepoznaje smetnje na ogradi (vegetacija ili eventualni drugi gubici energije) i jo\u0161 uvijek <strong>osigurava maksimalnu snagu<\/strong> pribli\u017eno 55 sekundi. Kada Turbomax detektira promjenu u ogradi ve\u0107u od 50 Ohma (npr. kontakt sa \u017eivotinjom), smanjit \u0107e energiju na 5J ili manje. Kod naglih promjena u otporu (kada otpor padne s 1000 Ohma na 40 Ohma) \u010dut \u0107emo alarm koji \u0107e trajati 10 minuta opti\u010dki i zvu\u010dno. Tijekom alarma se smanjuje frekvencija pulsa na 3s. To zna\u010di da <strong>ure\u0111aj radi pouzdano u najte\u017eim okolnostima<\/strong>.    <\/p>\n<p><strong>Elektri\u010dni pastir Horizont Turbomax AN800 Dual<\/strong> je izra\u0111en od <strong>visoko kvalitetne plastike<\/strong> i otporan je na UV zrake, kontakt s uljima, udarce, kontakt s vodom i ima torzijsku otpornost. To osigurava da \u0107e elektri\u010dni pastir pouzdano raditi vi\u0161e godina, \u0161to potvr\u0111uje 5 godina garancije na proizvod. Testirano i napravljeno u skladu s va\u017ee\u0107im EU zakonodavstvom i sigurnosnim standardima EN 60335-7-76 i DIN EN ISO 9001.  <\/p>\n<p>Funkcije i posebnosti:<\/p>\n<ul>\n<li>6-stupanjski kontrolni ekran za provjeru napona i uzemljenja<\/li>\n<li>Opti\u010dki i zvu\u010dni alarm kod pada napona<\/li>\n<li>Power Control funkcija signalizira aktivnost ure\u0111aja prilikom pulsiranja<\/li>\n<li>Energy Control LED Display koji pokazuje kapacitet i rad punjive baterije<\/li>\n<li>Ure\u0111aj je primjeren za monta\u017eu na zid<\/li>\n<li>On\/Off prekida\u010d sa strane<\/li>\n<li>Priklju\u010dak na elektri\u010dnu mre\u017eu se nalazi ispod ure\u0111aja<\/li>\n<li>Turbo Effect u slu\u010daju gre\u0161ke &#8211; ure\u0111aj oda\u0161ilje sekundarni puls za osiguranje sigurnosti stada.<\/li>\n<li>Za otpor ve\u0107i od 500 Ohma ure\u0111aj jo\u0161 uvijek osigurava siguran rad.<\/li>\n<li>Mogu\u0107nost automatskog prebacivanja na solarno napajanje.<\/li>\n<\/ul>\n<p><strong>Uklju\u010deno u isporuku elektri\u010dnog pastira Horizont:<\/strong><\/p>\n<ul>\n<li>Priklju\u010dni kabel za priklju\u010dak na elektri\u010dnu mre\u017eu 230V<\/li>\n<li>Priklju\u010dne klemme na 12V akumulator<\/li>\n<\/ul>\n","protected":false},"excerpt":{"rendered":"<p>Zna\u010dajke:<\/p>\n<p><img decoding=\"async\" src=\"https:\/\/sp-ao.shortpixel.ai\/client\/to_auto,q_lossy,ret_img,w_46,h_46\/https:\/\/www.agro-clair.si\/wp-content\/uploads\/2020\/05\/kombiprikop-2.png\"> <img decoding=\"async\" src=\"https:\/\/sp-ao.shortpixel.ai\/client\/to_auto,q_lossy,ret_img,w_46,h_46\/https:\/\/www.agro-clair.si\/wp-content\/uploads\/2020\/05\/kontrolna-funkcija.png\"> <img decoding=\"async\" src=\"https:\/\/sp-ao.shortpixel.ai\/client\/to_auto,q_lossy,ret_img,w_46,h_46\/https:\/\/www.agro-clair.si\/wp-content\/uploads\/2020\/05\/25korakovtehnika.png\"> <img decoding=\"async\" src=\"https:\/\/sp-ao.shortpixel.ai\/client\/to_auto,q_lossy,ret_img,w_46,h_46\/https:\/\/www.agro-clair.si\/wp-content\/uploads\/2020\/05\/turbo.png\"> <img decoding=\"async\" src=\"https:\/\/sp-ao.shortpixel.ai\/client\/to_auto,q_lossy,ret_img,w_46,h_46\/https:\/\/www.agro-clair.si\/wp-content\/uploads\/2020\/05\/turbomax.png\"> <img decoding=\"async\" src=\"https:\/\/sp-ao.shortpixel.ai\/client\/to_auto,q_lossy,ret_img,w_46,h_46\/https:\/\/www.agro-clair.si\/wp-content\/uploads\/2020\/05\/funkcija-alarma.png\"> <img decoding=\"async\" src=\"https:\/\/sp-ao.shortpixel.ai\/client\/to_auto,q_lossy,ret_img,w_46,h_46\/https:\/\/www.agro-clair.si\/wp-content\/uploads\/2020\/05\/elektricnakontrola-1.png\"> <img decoding=\"async\" src=\"https:\/\/sp-ao.shortpixel.ai\/client\/to_auto,q_lossy,ret_img,w_46,h_46\/https:\/\/www.agro-clair.si\/wp-content\/uploads\/2020\/05\/zascita.png\"> <img decoding=\"async\" src=\"https:\/\/sp-ao.shortpixel.ai\/client\/to_auto,q_lossy,ret_img,w_46,h_46\/https:\/\/www.agro-clair.si\/wp-content\/uploads\/2020\/05\/ecomoc-1.png\"> <img decoding=\"async\" src=\"https:\/\/sp-ao.shortpixel.ai\/client\/to_auto,q_lossy,ret_img,w_46,h_46\/https:\/\/www.agro-clair.si\/wp-content\/uploads\/2020\/05\/kontrola-napetosti-ograje.png\"> <img decoding=\"async\" src=\"https:\/\/sp-ao.shortpixel.ai\/client\/to_auto,q_lossy,ret_img,w_46,h_46\/https:\/\/www.agro-clair.si\/wp-content\/uploads\/2020\/05\/volt-1.png\"> <img decoding=\"async\" src=\"https:\/\/sp-ao.shortpixel.ai\/client\/to_auto,q_lossy,ret_img,w_46,h_46\/https:\/\/www.agro-clair.si\/wp-content\/uploads\/2020\/05\/polikarobnat.png\"> <img decoding=\"async\" src=\"https:\/\/sp-ao.shortpixel.ai\/client\/to_auto,q_lossy,ret_img,w_46,h_46\/https:\/\/www.agro-clair.si\/wp-content\/uploads\/2020\/05\/UV-zascita.png\"><\/p>\n","protected":false},"featured_media":103510,"template":"","meta":{"footnotes":""},"product_brand":[],"product_cat":[5856,5820,5627],"product_tag":[],"class_list":{"0":"post-103505","1":"product","2":"type-product","3":"status-publish","4":"has-post-thumbnail","6":"product_cat-elektricni-pastiri","7":"product_cat-oprema-za-pasnjake","8":"product_cat-stala-i-pasnjak","10":"first","11":"outofstock","12":"sale","13":"shipping-taxable","14":"purchasable","15":"product-type-simple"},"yoast_head":"<!-- This site is optimized with the Yoast SEO plugin v27.4 - https:\/\/yoast.com\/product\/yoast-seo-wordpress\/ -->\n<title>Elektri\u010dni pastir Horizont Turbomax AN800 Dual - Clair<\/title>\n<meta name=\"description\" content=\"Elektri\u010dni pastir Horizont Turbomax AN800 Dual jedan je od pouzdanijih pastira. Sna\u017ean, otporan na vanjske utjecaje. Provjerite!\" \/>\n<meta name=\"robots\" content=\"index, follow, max-snippet:-1, max-image-preview:large, max-video-preview:-1\" \/>\n<link rel=\"canonical\" href=\"https:\/\/clair.si\/hr\/izdelek\/elektricni-pastir-horizont-turbomax-an800-dual\/\" \/>\n<meta property=\"og:locale\" content=\"hr_HR\" \/>\n<meta property=\"og:type\" content=\"article\" \/>\n<meta property=\"og:title\" content=\"Elektri\u010dni pastir Horizont Turbomax AN800 Dual - Clair\" \/>\n<meta property=\"og:description\" content=\"Elektri\u010dni pastir Horizont Turbomax AN800 Dual jedan je od pouzdanijih pastira. Sna\u017ean, otporan na vanjske utjecaje. Provjerite!\" \/>\n<meta property=\"og:url\" content=\"https:\/\/clair.si\/hr\/izdelek\/elektricni-pastir-horizont-turbomax-an800-dual\/\" \/>\n<meta property=\"og:site_name\" content=\"Clair\" \/>\n<meta property=\"article:publisher\" content=\"https:\/\/www.facebook.com\/TrgovinaClair\/\" \/>\n<meta property=\"article:modified_time\" content=\"2025-08-28T04:02:27+00:00\" \/>\n<meta property=\"og:image\" content=\"https:\/\/clair.si\/wp-content\/uploads\/2022\/07\/Elektricni-pastir-Horizont-Turbomax-AN800-Dual-3.jpeg\" \/>\n\t<meta property=\"og:image:width\" content=\"1500\" \/>\n\t<meta property=\"og:image:height\" content=\"1500\" \/>\n\t<meta property=\"og:image:type\" content=\"image\/jpeg\" \/>\n<meta name=\"twitter:card\" content=\"summary_large_image\" \/>\n<meta name=\"twitter:label1\" content=\"Procijenjeno vrijeme \u010ditanja\" \/>\n\t<meta name=\"twitter:data1\" content=\"2 minute\" \/>\n<script type=\"application\/ld+json\" class=\"yoast-schema-graph\">{\"@context\":\"https:\\\/\\\/schema.org\",\"@graph\":[{\"@type\":\"WebPage\",\"@id\":\"https:\\\/\\\/clair.si\\\/hr\\\/izdelek\\\/elektricni-pastir-horizont-turbomax-an800-dual\\\/\",\"url\":\"https:\\\/\\\/clair.si\\\/hr\\\/izdelek\\\/elektricni-pastir-horizont-turbomax-an800-dual\\\/\",\"name\":\"Elektri\u010dni pastir Horizont Turbomax AN800 Dual - Clair\",\"isPartOf\":{\"@id\":\"https:\\\/\\\/clair.si\\\/#website\"},\"primaryImageOfPage\":{\"@id\":\"https:\\\/\\\/clair.si\\\/hr\\\/izdelek\\\/elektricni-pastir-horizont-turbomax-an800-dual\\\/#primaryimage\"},\"image\":{\"@id\":\"https:\\\/\\\/clair.si\\\/hr\\\/izdelek\\\/elektricni-pastir-horizont-turbomax-an800-dual\\\/#primaryimage\"},\"thumbnailUrl\":\"https:\\\/\\\/clair.si\\\/wp-content\\\/uploads\\\/2022\\\/07\\\/Elektricni-pastir-Horizont-Turbomax-AN800-Dual-3.webp\",\"datePublished\":\"2022-07-14T11:25:55+00:00\",\"dateModified\":\"2025-08-28T04:02:27+00:00\",\"description\":\"Elektri\u010dni pastir Horizont Turbomax AN800 Dual jedan je od pouzdanijih pastira. Sna\u017ean, otporan na vanjske utjecaje. Provjerite!\",\"breadcrumb\":{\"@id\":\"https:\\\/\\\/clair.si\\\/hr\\\/izdelek\\\/elektricni-pastir-horizont-turbomax-an800-dual\\\/#breadcrumb\"},\"inLanguage\":\"hr\",\"potentialAction\":[{\"@type\":\"ReadAction\",\"target\":[\"https:\\\/\\\/clair.si\\\/hr\\\/izdelek\\\/elektricni-pastir-horizont-turbomax-an800-dual\\\/\"]}]},{\"@type\":\"ImageObject\",\"inLanguage\":\"hr\",\"@id\":\"https:\\\/\\\/clair.si\\\/hr\\\/izdelek\\\/elektricni-pastir-horizont-turbomax-an800-dual\\\/#primaryimage\",\"url\":\"https:\\\/\\\/clair.si\\\/wp-content\\\/uploads\\\/2022\\\/07\\\/Elektricni-pastir-Horizont-Turbomax-AN800-Dual-3.webp\",\"contentUrl\":\"https:\\\/\\\/clair.si\\\/wp-content\\\/uploads\\\/2022\\\/07\\\/Elektricni-pastir-Horizont-Turbomax-AN800-Dual-3.webp\",\"width\":1500,\"height\":1500},{\"@type\":\"BreadcrumbList\",\"@id\":\"https:\\\/\\\/clair.si\\\/hr\\\/izdelek\\\/elektricni-pastir-horizont-turbomax-an800-dual\\\/#breadcrumb\",\"itemListElement\":[{\"@type\":\"ListItem\",\"position\":1,\"name\":\"Home\",\"item\":\"https:\\\/\\\/clair.si\\\/hr\\\/\"},{\"@type\":\"ListItem\",\"position\":2,\"name\":\"Trgovina\",\"item\":\"https:\\\/\\\/clair.si\\\/trgovina\\\/\"},{\"@type\":\"ListItem\",\"position\":3,\"name\":\"Elektri\u010dni pastir Horizont Turbomax AN800 Dual\"}]},{\"@type\":\"WebSite\",\"@id\":\"https:\\\/\\\/clair.si\\\/#website\",\"url\":\"https:\\\/\\\/clair.si\\\/\",\"name\":\"Clair\",\"description\":\"Trgovina s konjeni\u0161ko opremo\",\"publisher\":{\"@id\":\"https:\\\/\\\/clair.si\\\/#organization\"},\"potentialAction\":[{\"@type\":\"SearchAction\",\"target\":{\"@type\":\"EntryPoint\",\"urlTemplate\":\"https:\\\/\\\/clair.si\\\/?s={search_term_string}\"},\"query-input\":{\"@type\":\"PropertyValueSpecification\",\"valueRequired\":true,\"valueName\":\"search_term_string\"}}],\"inLanguage\":\"hr\"},{\"@type\":\"Organization\",\"@id\":\"https:\\\/\\\/clair.si\\\/#organization\",\"name\":\"Clair\",\"url\":\"https:\\\/\\\/clair.si\\\/\",\"logo\":{\"@type\":\"ImageObject\",\"inLanguage\":\"hr\",\"@id\":\"https:\\\/\\\/clair.si\\\/#\\\/schema\\\/logo\\\/image\\\/\",\"url\":\"https:\\\/\\\/clair.si\\\/wp-content\\\/uploads\\\/2022\\\/11\\\/clair_logo_2022.jpg\",\"contentUrl\":\"https:\\\/\\\/clair.si\\\/wp-content\\\/uploads\\\/2022\\\/11\\\/clair_logo_2022.jpg\",\"width\":1920,\"height\":1920,\"caption\":\"Clair\"},\"image\":{\"@id\":\"https:\\\/\\\/clair.si\\\/#\\\/schema\\\/logo\\\/image\\\/\"},\"sameAs\":[\"https:\\\/\\\/www.facebook.com\\\/TrgovinaClair\\\/\"]}]}<\/script>\n<!-- \/ Yoast SEO plugin. -->","yoast_head_json":{"title":"Elektri\u010dni pastir Horizont Turbomax AN800 Dual - Clair","description":"Elektri\u010dni pastir Horizont Turbomax AN800 Dual jedan je od pouzdanijih pastira. Sna\u017ean, otporan na vanjske utjecaje. Provjerite!","robots":{"index":"index","follow":"follow","max-snippet":"max-snippet:-1","max-image-preview":"max-image-preview:large","max-video-preview":"max-video-preview:-1"},"canonical":"https:\/\/clair.si\/hr\/izdelek\/elektricni-pastir-horizont-turbomax-an800-dual\/","og_locale":"hr_HR","og_type":"article","og_title":"Elektri\u010dni pastir Horizont Turbomax AN800 Dual - Clair","og_description":"Elektri\u010dni pastir Horizont Turbomax AN800 Dual jedan je od pouzdanijih pastira. Sna\u017ean, otporan na vanjske utjecaje. Provjerite!","og_url":"https:\/\/clair.si\/hr\/izdelek\/elektricni-pastir-horizont-turbomax-an800-dual\/","og_site_name":"Clair","article_publisher":"https:\/\/www.facebook.com\/TrgovinaClair\/","article_modified_time":"2025-08-28T04:02:27+00:00","og_image":[{"width":1500,"height":1500,"url":"https:\/\/clair.si\/wp-content\/uploads\/2022\/07\/Elektricni-pastir-Horizont-Turbomax-AN800-Dual-3.jpeg","type":"image\/jpeg"}],"twitter_card":"summary_large_image","twitter_misc":{"Procijenjeno vrijeme \u010ditanja":"2 minute"},"schema":{"@context":"https:\/\/schema.org","@graph":[{"@type":"WebPage","@id":"https:\/\/clair.si\/hr\/izdelek\/elektricni-pastir-horizont-turbomax-an800-dual\/","url":"https:\/\/clair.si\/hr\/izdelek\/elektricni-pastir-horizont-turbomax-an800-dual\/","name":"Elektri\u010dni pastir Horizont Turbomax AN800 Dual - Clair","isPartOf":{"@id":"https:\/\/clair.si\/#website"},"primaryImageOfPage":{"@id":"https:\/\/clair.si\/hr\/izdelek\/elektricni-pastir-horizont-turbomax-an800-dual\/#primaryimage"},"image":{"@id":"https:\/\/clair.si\/hr\/izdelek\/elektricni-pastir-horizont-turbomax-an800-dual\/#primaryimage"},"thumbnailUrl":"https:\/\/clair.si\/wp-content\/uploads\/2022\/07\/Elektricni-pastir-Horizont-Turbomax-AN800-Dual-3.webp","datePublished":"2022-07-14T11:25:55+00:00","dateModified":"2025-08-28T04:02:27+00:00","description":"Elektri\u010dni pastir Horizont Turbomax AN800 Dual jedan je od pouzdanijih pastira. Sna\u017ean, otporan na vanjske utjecaje. Provjerite!","breadcrumb":{"@id":"https:\/\/clair.si\/hr\/izdelek\/elektricni-pastir-horizont-turbomax-an800-dual\/#breadcrumb"},"inLanguage":"hr","potentialAction":[{"@type":"ReadAction","target":["https:\/\/clair.si\/hr\/izdelek\/elektricni-pastir-horizont-turbomax-an800-dual\/"]}]},{"@type":"ImageObject","inLanguage":"hr","@id":"https:\/\/clair.si\/hr\/izdelek\/elektricni-pastir-horizont-turbomax-an800-dual\/#primaryimage","url":"https:\/\/clair.si\/wp-content\/uploads\/2022\/07\/Elektricni-pastir-Horizont-Turbomax-AN800-Dual-3.webp","contentUrl":"https:\/\/clair.si\/wp-content\/uploads\/2022\/07\/Elektricni-pastir-Horizont-Turbomax-AN800-Dual-3.webp","width":1500,"height":1500},{"@type":"BreadcrumbList","@id":"https:\/\/clair.si\/hr\/izdelek\/elektricni-pastir-horizont-turbomax-an800-dual\/#breadcrumb","itemListElement":[{"@type":"ListItem","position":1,"name":"Home","item":"https:\/\/clair.si\/hr\/"},{"@type":"ListItem","position":2,"name":"Trgovina","item":"https:\/\/clair.si\/trgovina\/"},{"@type":"ListItem","position":3,"name":"Elektri\u010dni pastir Horizont Turbomax AN800 Dual"}]},{"@type":"WebSite","@id":"https:\/\/clair.si\/#website","url":"https:\/\/clair.si\/","name":"Clair","description":"Trgovina s konjeni\u0161ko opremo","publisher":{"@id":"https:\/\/clair.si\/#organization"},"potentialAction":[{"@type":"SearchAction","target":{"@type":"EntryPoint","urlTemplate":"https:\/\/clair.si\/?s={search_term_string}"},"query-input":{"@type":"PropertyValueSpecification","valueRequired":true,"valueName":"search_term_string"}}],"inLanguage":"hr"},{"@type":"Organization","@id":"https:\/\/clair.si\/#organization","name":"Clair","url":"https:\/\/clair.si\/","logo":{"@type":"ImageObject","inLanguage":"hr","@id":"https:\/\/clair.si\/#\/schema\/logo\/image\/","url":"https:\/\/clair.si\/wp-content\/uploads\/2022\/11\/clair_logo_2022.jpg","contentUrl":"https:\/\/clair.si\/wp-content\/uploads\/2022\/11\/clair_logo_2022.jpg","width":1920,"height":1920,"caption":"Clair"},"image":{"@id":"https:\/\/clair.si\/#\/schema\/logo\/image\/"},"sameAs":["https:\/\/www.facebook.com\/TrgovinaClair\/"]}]}},"_links":{"self":[{"href":"https:\/\/clair.si\/hr\/wp-json\/wp\/v2\/product\/103505","targetHints":{"allow":["GET"]}}],"collection":[{"href":"https:\/\/clair.si\/hr\/wp-json\/wp\/v2\/product"}],"about":[{"href":"https:\/\/clair.si\/hr\/wp-json\/wp\/v2\/types\/product"}],"version-history":[{"count":0,"href":"https:\/\/clair.si\/hr\/wp-json\/wp\/v2\/product\/103505\/revisions"}],"wp:featuredmedia":[{"embeddable":true,"href":"https:\/\/clair.si\/hr\/wp-json\/wp\/v2\/media\/103510"}],"wp:attachment":[{"href":"https:\/\/clair.si\/hr\/wp-json\/wp\/v2\/media?parent=103505"}],"wp:term":[{"taxonomy":"product_brand","embeddable":true,"href":"https:\/\/clair.si\/hr\/wp-json\/wp\/v2\/product_brand?post=103505"},{"taxonomy":"product_cat","embeddable":true,"href":"https:\/\/clair.si\/hr\/wp-json\/wp\/v2\/product_cat?post=103505"},{"taxonomy":"product_tag","embeddable":true,"href":"https:\/\/clair.si\/hr\/wp-json\/wp\/v2\/product_tag?post=103505"}],"curies":[{"name":"wp","href":"https:\/\/api.w.org\/{rel}","templated":true}]}}