{"id":103525,"date":"2022-07-14T13:32:18","date_gmt":"2022-07-14T11:32:18","guid":{"rendered":"https:\/\/clair.si\/izdelek\/australsko-sedlo-wintec-pro-stock-hart\/"},"modified":"2025-08-28T08:11:43","modified_gmt":"2025-08-28T06:11:43","slug":"australsko-sedlo-wintec-pro-stock-hart","status":"publish","type":"product","link":"https:\/\/clair.si\/hr\/izdelek\/australsko-sedlo-wintec-pro-stock-hart\/","title":{"rendered":"Australsko sedlo WINTEC PRO Stock HART"},"content":{"rendered":"<p><span class=\"VIiyi\" lang=\"sl\"><span class=\"JLqJ4b ChMk0b\"><span class=\"Q4iAWc\"><strong>Australsko sedlo WINTEC PRO Stock HART<\/strong> savr\u0161eno je za jahanje na duge staze, brze aktivnosti ili za ujahavanje mladih konja.<br \/>\n<\/span><\/span><\/span><\/p>\n<p><span class=\"VIiyi\" lang=\"sl\"><span class=\"JLqJ4b ChMk0b\"><span class=\"Q4iAWc\">Prianjaju\u0107e, udobno sjedalo i njegov tradicionalni oblik osiguravaju da jaha\u010d ostane u ravnote\u017ei bez obzira na tempo jahanja.<\/span><\/span> <\/span><\/p>\n<p><span class=\"VIiyi\" lang=\"sl\"><span class=\"JLqJ4b ChMk0b\"><span class=\"Q4iAWc\"><strong>Australsko sedlo WINTEC PRO Stock HART<\/strong> pru\u017ea bezbri\u017enost, otporno je na vremenske uvjete, \u0161to zna\u010di da ga mo\u017eemo jahati bilo gdje, u svim vremenskim uvjetima i bilo koji dan, a nakon posla ga jednostavno skinemo i obri\u0161emo vla\u017enom krpom!<\/span><\/span> <\/span><\/p>\n<p><span class=\"VIiyi\" lang=\"sl\"><span class=\"JLqJ4b ChMk0b\"><span class=\"Q4iAWc\">Za konja je osigurano da u\u017eiva u super mekanim jastu\u010di\u0107ima sedla koji se prilago\u0111avaju oko njihovih mi\u0161i\u0107a i obujmljuju njihovu figuru. Tako im ovo sedlo pru\u017ea udobnost tijekom cijelog dana. <\/span><\/span><\/span><\/p>\n<p><strong><span class=\"VIiyi\" lang=\"sl\"><span class=\"JLqJ4b ChMk0b\" data-language-for-alternatives=\"sl\" data-language-to-translate-into=\"de\" data-phrase-index=\"0\" data-number-of-phrases=\"6\"><span class=\"Q4iAWc\">Elastiflex sedlena osnova<\/span><\/span><\/span><\/strong> <span class=\"VIiyi\" lang=\"sl\"><strong>&#8211;<\/strong> p<span class=\"JLqJ4b ChMk0b\" data-language-for-alternatives=\"sl\" data-language-to-translate-into=\"de\" data-phrase-index=\"2\" data-number-of-phrases=\"6\"><span class=\"Q4iAWc\">redstavljajte si udobnost sedelne osnove sa sposobno\u0161\u0107u savijanja i pomicanja sa svakim konjevim korakom.<\/span><\/span> <span class=\"JLqJ4b ChMk0b\" data-language-for-alternatives=\"sl\" data-language-to-translate-into=\"de\" data-phrase-index=\"3\" data-number-of-phrases=\"6\"><span class=\"Q4iAWc\">Kralje\u017enica va\u0161eg konja je za\u0161ti\u0107ena od udarnih sila, dok bo\u010dna fleksija omogu\u0107uje da le\u0111a va\u0161eg konja zanji\u0161u i kre\u0107u se neometano i prirodno.<\/span><\/span> <span class=\"JLqJ4b ChMk0b\" data-language-for-alternatives=\"sl\" data-language-to-translate-into=\"de\" data-phrase-index=\"0\" data-number-of-phrases=\"6\"><span class=\"Q4iAWc\">Elastiflex sedlno ogrodje<\/span><\/span> j<span class=\"JLqJ4b ChMk0b\" data-language-for-alternatives=\"sl\" data-language-to-translate-into=\"de\" data-phrase-index=\"4\" data-number-of-phrases=\"6\"><span class=\"Q4iAWc\">e izra\u0111eno od simetri\u010dnih materijala, iznimno lagano i sna\u017eno te za\u0161ti\u0107eno od loma ili uvijanja.<\/span><\/span> <span class=\"JLqJ4b ChMk0b\" data-language-for-alternatives=\"sl\" data-language-to-translate-into=\"de\" data-phrase-index=\"5\" data-number-of-phrases=\"6\"><span class=\"Q4iAWc\">S HART tehnologijom ste u sigurnim rukama u sedlu.<\/span><\/span><\/span><\/p>\n<p><span class=\"VIiyi\" lang=\"sl\"><strong><span class=\"JLqJ4b ChMk0b\" data-language-for-alternatives=\"sl\" data-language-to-translate-into=\"de\" data-phrase-index=\"0\" data-number-of-phrases=\"6\"><span class=\"Q4iAWc\">Sustav sedelnih jastuka CAIR &#8211;<\/span><\/span><\/strong> z<span class=\"JLqJ4b ChMk0b\" data-language-for-alternatives=\"sl\" data-language-to-translate-into=\"de\" data-phrase-index=\"2\" data-number-of-phrases=\"6\"><span class=\"Q4iAWc\">aupajte jednostavno u najbolju za\u0161titu koju mo\u017eete ponuditi svom konju.<\/span><\/span> <span class=\"JLqJ4b ChMk0b\" data-language-for-alternatives=\"sl\" data-language-to-translate-into=\"de\" data-phrase-index=\"3\" data-number-of-phrases=\"6\"><span class=\"Q4iAWc\">Super mekani zra\u010dni jastuci su u stalnom kontaktu s gibljivim le\u0111nim mi\u0161i\u0107ima va\u0161eg konja. Nude potpunu udobnost zbog ravnomjernog i ni\u017eeg pritiska u kombinaciji s najboljom apsorpcijom udaraca. <\/span><\/span> <span class=\"JLqJ4b ChMk0b\" data-language-for-alternatives=\"sl\" data-language-to-translate-into=\"de\" data-phrase-index=\"4\" data-number-of-phrases=\"6\"><span class=\"Q4iAWc\">S CAIR sustavom va\u0161 \u0107e konj reagirati sa slobodom kretanja koju mo\u017eete osjetiti.<\/span><\/span> <span class=\"JLqJ4b ChMk0b\" data-language-for-alternatives=\"sl\" data-language-to-translate-into=\"de\" data-phrase-index=\"5\" data-number-of-phrases=\"6\"><span class=\"Q4iAWc\">S HART tehnologijom ste u sigurnim rukama u sedlu.<\/span><\/span><\/span><\/p>\n<p><strong>EASY-CHANGE Fit Solution &#8211;  <\/strong><span class=\"VIiyi\" lang=\"sl\"><span class=\"JLqJ4b ChMk0b\" data-language-for-alternatives=\"sl\" data-language-to-translate-into=\"de\" data-phrase-index=\"2\" data-number-of-phrases=\"6\"><span class=\"Q4iAWc\">Kada je va\u0161 konj va\u0161 svijet, razumijemo va\u0161u potrebu za potpunim jamstvom o savr\u0161enom rje\u0161enju sada i u budu\u0107nosti.<\/span><\/span> <span class=\"JLqJ4b ChMk0b\" data-language-for-alternatives=\"sl\" data-language-to-translate-into=\"de\" data-phrase-index=\"3\" data-number-of-phrases=\"6\"><span class=\"Q4iAWc\">Opustite se s povjerenjem u potpunu prilagodljivost sedla.<\/span><\/span> <span class=\"JLqJ4b ChMk0b\" data-language-for-alternatives=\"sl\" data-language-to-translate-into=\"de\" data-phrase-index=\"4\" data-number-of-phrases=\"6\"><span class=\"Q4iAWc\">S najve\u0107im opsegom prilago\u0111avanja koji je mjerljiv, simetri\u010dan i potpuno reverzibilan. Tako znate da svom konju dajete sve s rje\u0161enjem zamjenjivih sedelnih lukova. <\/span><\/span> <span class=\"JLqJ4b ChMk0b\" data-language-for-alternatives=\"sl\" data-language-to-translate-into=\"de\" data-phrase-index=\"5\" data-number-of-phrases=\"6\"><span class=\"Q4iAWc\">S tehnologijom HART ste u sigurnim rukama.<\/span><\/span><\/span><\/p>\n","protected":false},"excerpt":{"rendered":"<p><span class=\"VIiyi\" lang=\"sl\"><span class=\"JLqJ4b ChMk0b\"><span class=\"Q4iAWc\"><strong>Australsko sedlo WINTEC PRO Stock HART<\/strong> pru\u017ea bezbri\u017enost, otporno je na vremenske uvjete, \u0161to zna\u010di da ga mo\u017eemo jahati bilo gdje, u svim vremenskim uvjetima i bilo koji dan, a nakon posla ga jednostavno skinemo i obri\u0161emo vla\u017enom krpom!<\/span><\/span><\/span><\/p>\n","protected":false},"featured_media":103535,"template":"","meta":{"footnotes":""},"product_brand":[],"product_cat":[5657,5624,5944,5940,5794,6125],"product_tag":[],"class_list":{"0":"post-103525","1":"product","2":"type-product","3":"status-publish","4":"has-post-thumbnail","6":"product_cat-kategorije-hr","7":"product_cat-konj-hr","8":"product_cat-sedla-hr-2","9":"product_cat-sedla-hr","10":"product_cat-western-hr","11":"product_cat-western-i-australska-sedla","13":"first","14":"onbackorder","15":"sale","16":"shipping-taxable","17":"purchasable","18":"product-type-simple"},"yoast_head":"<!-- This site is optimized with the Yoast SEO plugin v27.4 - https:\/\/yoast.com\/product\/yoast-seo-wordpress\/ -->\n<title>Australsko sedlo WINTEC PRO Stock HART - Clair<\/title>\n<meta name=\"description\" content=\"Australsko sedlo WINTEC PRO Stock HART savr\u0161eno je za jahanje na duge staze, brze aktivnosti ili za obuku mladih konja ili goveda.\" \/>\n<meta name=\"robots\" content=\"index, follow, max-snippet:-1, max-image-preview:large, max-video-preview:-1\" \/>\n<link rel=\"canonical\" href=\"https:\/\/clair.si\/hr\/izdelek\/australsko-sedlo-wintec-pro-stock-hart\/\" \/>\n<meta property=\"og:locale\" content=\"hr_HR\" \/>\n<meta property=\"og:type\" content=\"article\" \/>\n<meta property=\"og:title\" content=\"Australsko sedlo WINTEC PRO Stock HART - Clair\" \/>\n<meta property=\"og:description\" content=\"Australsko sedlo WINTEC PRO Stock HART savr\u0161eno je za jahanje na duge staze, brze aktivnosti ili za obuku mladih konja ili goveda.\" \/>\n<meta property=\"og:url\" content=\"https:\/\/clair.si\/hr\/izdelek\/australsko-sedlo-wintec-pro-stock-hart\/\" \/>\n<meta property=\"og:site_name\" content=\"Clair\" \/>\n<meta property=\"article:publisher\" content=\"https:\/\/www.facebook.com\/TrgovinaClair\/\" \/>\n<meta property=\"article:modified_time\" content=\"2025-08-28T06:11:43+00:00\" \/>\n<meta property=\"og:image\" content=\"https:\/\/clair.si\/wp-content\/uploads\/2022\/07\/wintec-pro-stock-hart-sedlo-avstralsko.jpg\" \/>\n\t<meta property=\"og:image:width\" content=\"800\" \/>\n\t<meta property=\"og:image:height\" content=\"800\" \/>\n\t<meta property=\"og:image:type\" content=\"image\/jpeg\" \/>\n<meta name=\"twitter:card\" content=\"summary_large_image\" \/>\n<meta name=\"twitter:label1\" content=\"Procijenjeno vrijeme \u010ditanja\" \/>\n\t<meta name=\"twitter:data1\" content=\"2 minute\" \/>\n<script type=\"application\/ld+json\" class=\"yoast-schema-graph\">{\"@context\":\"https:\\\/\\\/schema.org\",\"@graph\":[{\"@type\":\"WebPage\",\"@id\":\"https:\\\/\\\/clair.si\\\/hr\\\/izdelek\\\/australsko-sedlo-wintec-pro-stock-hart\\\/\",\"url\":\"https:\\\/\\\/clair.si\\\/hr\\\/izdelek\\\/australsko-sedlo-wintec-pro-stock-hart\\\/\",\"name\":\"Australsko sedlo WINTEC PRO Stock HART - Clair\",\"isPartOf\":{\"@id\":\"https:\\\/\\\/clair.si\\\/#website\"},\"primaryImageOfPage\":{\"@id\":\"https:\\\/\\\/clair.si\\\/hr\\\/izdelek\\\/australsko-sedlo-wintec-pro-stock-hart\\\/#primaryimage\"},\"image\":{\"@id\":\"https:\\\/\\\/clair.si\\\/hr\\\/izdelek\\\/australsko-sedlo-wintec-pro-stock-hart\\\/#primaryimage\"},\"thumbnailUrl\":\"https:\\\/\\\/clair.si\\\/wp-content\\\/uploads\\\/2022\\\/07\\\/wintec-pro-stock-hart-sedlo-avstralsko.webp\",\"datePublished\":\"2022-07-14T11:32:18+00:00\",\"dateModified\":\"2025-08-28T06:11:43+00:00\",\"description\":\"Australsko sedlo WINTEC PRO Stock HART savr\u0161eno je za jahanje na duge staze, brze aktivnosti ili za obuku mladih konja ili goveda.\",\"breadcrumb\":{\"@id\":\"https:\\\/\\\/clair.si\\\/hr\\\/izdelek\\\/australsko-sedlo-wintec-pro-stock-hart\\\/#breadcrumb\"},\"inLanguage\":\"hr\",\"potentialAction\":[{\"@type\":\"ReadAction\",\"target\":[\"https:\\\/\\\/clair.si\\\/hr\\\/izdelek\\\/australsko-sedlo-wintec-pro-stock-hart\\\/\"]}]},{\"@type\":\"ImageObject\",\"inLanguage\":\"hr\",\"@id\":\"https:\\\/\\\/clair.si\\\/hr\\\/izdelek\\\/australsko-sedlo-wintec-pro-stock-hart\\\/#primaryimage\",\"url\":\"https:\\\/\\\/clair.si\\\/wp-content\\\/uploads\\\/2022\\\/07\\\/wintec-pro-stock-hart-sedlo-avstralsko.webp\",\"contentUrl\":\"https:\\\/\\\/clair.si\\\/wp-content\\\/uploads\\\/2022\\\/07\\\/wintec-pro-stock-hart-sedlo-avstralsko.webp\",\"width\":800,\"height\":800,\"caption\":\"Wintec Pro avstralsko sedlo.\"},{\"@type\":\"BreadcrumbList\",\"@id\":\"https:\\\/\\\/clair.si\\\/hr\\\/izdelek\\\/australsko-sedlo-wintec-pro-stock-hart\\\/#breadcrumb\",\"itemListElement\":[{\"@type\":\"ListItem\",\"position\":1,\"name\":\"Home\",\"item\":\"https:\\\/\\\/clair.si\\\/hr\\\/\"},{\"@type\":\"ListItem\",\"position\":2,\"name\":\"Trgovina\",\"item\":\"https:\\\/\\\/clair.si\\\/trgovina\\\/\"},{\"@type\":\"ListItem\",\"position\":3,\"name\":\"Australsko sedlo WINTEC PRO Stock HART\"}]},{\"@type\":\"WebSite\",\"@id\":\"https:\\\/\\\/clair.si\\\/#website\",\"url\":\"https:\\\/\\\/clair.si\\\/\",\"name\":\"Clair\",\"description\":\"Trgovina s konjeni\u0161ko opremo\",\"publisher\":{\"@id\":\"https:\\\/\\\/clair.si\\\/#organization\"},\"potentialAction\":[{\"@type\":\"SearchAction\",\"target\":{\"@type\":\"EntryPoint\",\"urlTemplate\":\"https:\\\/\\\/clair.si\\\/?s={search_term_string}\"},\"query-input\":{\"@type\":\"PropertyValueSpecification\",\"valueRequired\":true,\"valueName\":\"search_term_string\"}}],\"inLanguage\":\"hr\"},{\"@type\":\"Organization\",\"@id\":\"https:\\\/\\\/clair.si\\\/#organization\",\"name\":\"Clair\",\"url\":\"https:\\\/\\\/clair.si\\\/\",\"logo\":{\"@type\":\"ImageObject\",\"inLanguage\":\"hr\",\"@id\":\"https:\\\/\\\/clair.si\\\/#\\\/schema\\\/logo\\\/image\\\/\",\"url\":\"https:\\\/\\\/clair.si\\\/wp-content\\\/uploads\\\/2022\\\/11\\\/clair_logo_2022.jpg\",\"contentUrl\":\"https:\\\/\\\/clair.si\\\/wp-content\\\/uploads\\\/2022\\\/11\\\/clair_logo_2022.jpg\",\"width\":1920,\"height\":1920,\"caption\":\"Clair\"},\"image\":{\"@id\":\"https:\\\/\\\/clair.si\\\/#\\\/schema\\\/logo\\\/image\\\/\"},\"sameAs\":[\"https:\\\/\\\/www.facebook.com\\\/TrgovinaClair\\\/\"]}]}<\/script>\n<!-- \/ Yoast SEO plugin. -->","yoast_head_json":{"title":"Australsko sedlo WINTEC PRO Stock HART - Clair","description":"Australsko sedlo WINTEC PRO Stock HART savr\u0161eno je za jahanje na duge staze, brze aktivnosti ili za obuku mladih konja ili goveda.","robots":{"index":"index","follow":"follow","max-snippet":"max-snippet:-1","max-image-preview":"max-image-preview:large","max-video-preview":"max-video-preview:-1"},"canonical":"https:\/\/clair.si\/hr\/izdelek\/australsko-sedlo-wintec-pro-stock-hart\/","og_locale":"hr_HR","og_type":"article","og_title":"Australsko sedlo WINTEC PRO Stock HART - Clair","og_description":"Australsko sedlo WINTEC PRO Stock HART savr\u0161eno je za jahanje na duge staze, brze aktivnosti ili za obuku mladih konja ili goveda.","og_url":"https:\/\/clair.si\/hr\/izdelek\/australsko-sedlo-wintec-pro-stock-hart\/","og_site_name":"Clair","article_publisher":"https:\/\/www.facebook.com\/TrgovinaClair\/","article_modified_time":"2025-08-28T06:11:43+00:00","og_image":[{"width":800,"height":800,"url":"https:\/\/clair.si\/wp-content\/uploads\/2022\/07\/wintec-pro-stock-hart-sedlo-avstralsko.jpg","type":"image\/jpeg"}],"twitter_card":"summary_large_image","twitter_misc":{"Procijenjeno vrijeme \u010ditanja":"2 minute"},"schema":{"@context":"https:\/\/schema.org","@graph":[{"@type":"WebPage","@id":"https:\/\/clair.si\/hr\/izdelek\/australsko-sedlo-wintec-pro-stock-hart\/","url":"https:\/\/clair.si\/hr\/izdelek\/australsko-sedlo-wintec-pro-stock-hart\/","name":"Australsko sedlo WINTEC PRO Stock HART - Clair","isPartOf":{"@id":"https:\/\/clair.si\/#website"},"primaryImageOfPage":{"@id":"https:\/\/clair.si\/hr\/izdelek\/australsko-sedlo-wintec-pro-stock-hart\/#primaryimage"},"image":{"@id":"https:\/\/clair.si\/hr\/izdelek\/australsko-sedlo-wintec-pro-stock-hart\/#primaryimage"},"thumbnailUrl":"https:\/\/clair.si\/wp-content\/uploads\/2022\/07\/wintec-pro-stock-hart-sedlo-avstralsko.webp","datePublished":"2022-07-14T11:32:18+00:00","dateModified":"2025-08-28T06:11:43+00:00","description":"Australsko sedlo WINTEC PRO Stock HART savr\u0161eno je za jahanje na duge staze, brze aktivnosti ili za obuku mladih konja ili goveda.","breadcrumb":{"@id":"https:\/\/clair.si\/hr\/izdelek\/australsko-sedlo-wintec-pro-stock-hart\/#breadcrumb"},"inLanguage":"hr","potentialAction":[{"@type":"ReadAction","target":["https:\/\/clair.si\/hr\/izdelek\/australsko-sedlo-wintec-pro-stock-hart\/"]}]},{"@type":"ImageObject","inLanguage":"hr","@id":"https:\/\/clair.si\/hr\/izdelek\/australsko-sedlo-wintec-pro-stock-hart\/#primaryimage","url":"https:\/\/clair.si\/wp-content\/uploads\/2022\/07\/wintec-pro-stock-hart-sedlo-avstralsko.webp","contentUrl":"https:\/\/clair.si\/wp-content\/uploads\/2022\/07\/wintec-pro-stock-hart-sedlo-avstralsko.webp","width":800,"height":800,"caption":"Wintec Pro avstralsko sedlo."},{"@type":"BreadcrumbList","@id":"https:\/\/clair.si\/hr\/izdelek\/australsko-sedlo-wintec-pro-stock-hart\/#breadcrumb","itemListElement":[{"@type":"ListItem","position":1,"name":"Home","item":"https:\/\/clair.si\/hr\/"},{"@type":"ListItem","position":2,"name":"Trgovina","item":"https:\/\/clair.si\/trgovina\/"},{"@type":"ListItem","position":3,"name":"Australsko sedlo WINTEC PRO Stock HART"}]},{"@type":"WebSite","@id":"https:\/\/clair.si\/#website","url":"https:\/\/clair.si\/","name":"Clair","description":"Trgovina s konjeni\u0161ko opremo","publisher":{"@id":"https:\/\/clair.si\/#organization"},"potentialAction":[{"@type":"SearchAction","target":{"@type":"EntryPoint","urlTemplate":"https:\/\/clair.si\/?s={search_term_string}"},"query-input":{"@type":"PropertyValueSpecification","valueRequired":true,"valueName":"search_term_string"}}],"inLanguage":"hr"},{"@type":"Organization","@id":"https:\/\/clair.si\/#organization","name":"Clair","url":"https:\/\/clair.si\/","logo":{"@type":"ImageObject","inLanguage":"hr","@id":"https:\/\/clair.si\/#\/schema\/logo\/image\/","url":"https:\/\/clair.si\/wp-content\/uploads\/2022\/11\/clair_logo_2022.jpg","contentUrl":"https:\/\/clair.si\/wp-content\/uploads\/2022\/11\/clair_logo_2022.jpg","width":1920,"height":1920,"caption":"Clair"},"image":{"@id":"https:\/\/clair.si\/#\/schema\/logo\/image\/"},"sameAs":["https:\/\/www.facebook.com\/TrgovinaClair\/"]}]}},"_links":{"self":[{"href":"https:\/\/clair.si\/hr\/wp-json\/wp\/v2\/product\/103525","targetHints":{"allow":["GET"]}}],"collection":[{"href":"https:\/\/clair.si\/hr\/wp-json\/wp\/v2\/product"}],"about":[{"href":"https:\/\/clair.si\/hr\/wp-json\/wp\/v2\/types\/product"}],"version-history":[{"count":0,"href":"https:\/\/clair.si\/hr\/wp-json\/wp\/v2\/product\/103525\/revisions"}],"wp:featuredmedia":[{"embeddable":true,"href":"https:\/\/clair.si\/hr\/wp-json\/wp\/v2\/media\/103535"}],"wp:attachment":[{"href":"https:\/\/clair.si\/hr\/wp-json\/wp\/v2\/media?parent=103525"}],"wp:term":[{"taxonomy":"product_brand","embeddable":true,"href":"https:\/\/clair.si\/hr\/wp-json\/wp\/v2\/product_brand?post=103525"},{"taxonomy":"product_cat","embeddable":true,"href":"https:\/\/clair.si\/hr\/wp-json\/wp\/v2\/product_cat?post=103525"},{"taxonomy":"product_tag","embeddable":true,"href":"https:\/\/clair.si\/hr\/wp-json\/wp\/v2\/product_tag?post=103525"}],"curies":[{"name":"wp","href":"https:\/\/api.w.org\/{rel}","templated":true}]}}