{"id":103549,"date":"2022-07-18T10:02:14","date_gmt":"2022-07-18T08:02:14","guid":{"rendered":"https:\/\/clair.si\/izdelek\/okrugli-izolator-za-traku-ili-zicu-economy-profi-farmer\/"},"modified":"2025-08-28T06:40:24","modified_gmt":"2025-08-28T04:40:24","slug":"okrugli-izolator-za-traku-ili-zicu-economy-profi-farmer","status":"publish","type":"product","link":"https:\/\/clair.si\/hr\/izdelek\/okrugli-izolator-za-traku-ili-zicu-economy-profi-farmer\/","title":{"rendered":"Okrugli izolator za traku ili \u017eicu Economy PROFI Farmer"},"content":{"rendered":"<p><strong>Izolator za traku ili \u017eicu<\/strong> Horizont prikladan je za <strong>\u017eicu promjera do 4 mm ili traku do 13 mm \u0161irine.<\/strong> <\/p>\n<p>Ima <strong>desni navoj \u00d8 6 mm<\/strong> koji omogu\u0107uje brzo privijanje, bez prethodne pripreme.<\/p>\n<p><strong>Dr\u017ei ravnu liniju<\/strong> \u017eice ili trake bez da ih fiksno pri\u010dvrstimo na izolator. Mo\u017ee se koristiti i kao <strong>kutni izolator<\/strong>. <\/p>\n<p>Dizajniran je <strong>izdr\u017eljivo<\/strong> jer je unutarnji dio <strong>prstena dodatno oja\u010dan \u010delikom<\/strong>, ima odli\u010dna izolacijska svojstva i otpornu plastiku na vremenske uvjete.<\/p>\n<p>Izolator se mo\u017ee kupiti pojedina\u010dno ili u kanti (120 komada).<\/p>\n","protected":false},"excerpt":{"rendered":"<p>U kompletu je 25 ili 120 komada.<\/p>\n","protected":false},"featured_media":103566,"template":"","meta":{"footnotes":""},"product_brand":[],"product_cat":[6304,5820,5627],"product_tag":[],"class_list":{"0":"post-103549","1":"product","2":"type-product","3":"status-publish","4":"has-post-thumbnail","6":"product_cat-izolatori","7":"product_cat-oprema-za-pasnjake","8":"product_cat-stala-i-pasnjak","10":"first","11":"instock","12":"sale","13":"shipping-taxable","14":"purchasable","15":"product-type-variable"},"yoast_head":"<!-- This site is optimized with the Yoast SEO plugin v27.4 - https:\/\/yoast.com\/product\/yoast-seo-wordpress\/ -->\n<title>Izolator za traku ili \u017eicu Economy PROFI Farmer - Clair<\/title>\n<meta name=\"description\" content=\"Izolator za traku ili \u017eicu Economy PROFI Farmer je kvalitetan i izdr\u017eljiv izolator. Provjerite na\u0161u web trgovinu!\" \/>\n<meta name=\"robots\" content=\"index, follow, max-snippet:-1, max-image-preview:large, max-video-preview:-1\" \/>\n<link rel=\"canonical\" href=\"https:\/\/clair.si\/hr\/izdelek\/okrugli-izolator-za-traku-ili-zicu-economy-profi-farmer\/\" \/>\n<meta property=\"og:locale\" content=\"hr_HR\" \/>\n<meta property=\"og:type\" content=\"article\" \/>\n<meta property=\"og:title\" content=\"Izolator za traku ili \u017eicu Economy PROFI Farmer - Clair\" \/>\n<meta property=\"og:description\" content=\"Izolator za traku ili \u017eicu Economy PROFI Farmer je kvalitetan i izdr\u017eljiv izolator. Provjerite na\u0161u web trgovinu!\" \/>\n<meta property=\"og:url\" content=\"https:\/\/clair.si\/hr\/izdelek\/okrugli-izolator-za-traku-ili-zicu-economy-profi-farmer\/\" \/>\n<meta property=\"og:site_name\" content=\"Clair\" \/>\n<meta property=\"article:publisher\" content=\"https:\/\/www.facebook.com\/TrgovinaClair\/\" \/>\n<meta property=\"article:modified_time\" content=\"2025-08-28T04:40:24+00:00\" \/>\n<meta property=\"og:image\" content=\"https:\/\/clair.si\/wp-content\/uploads\/2022\/07\/IZOLATOR-OKROGLI-Z-ZAREZO-Economy-PROFI-25-kos-1013048-1.jpg.webp\" \/>\n\t<meta property=\"og:image:width\" content=\"1000\" \/>\n\t<meta property=\"og:image:height\" content=\"1000\" \/>\n\t<meta property=\"og:image:type\" content=\"image\/webp\" \/>\n<meta name=\"twitter:card\" content=\"summary_large_image\" \/>\n<meta name=\"twitter:label1\" content=\"Procijenjeno vrijeme \u010ditanja\" \/>\n\t<meta name=\"twitter:data1\" content=\"1 minuta\" \/>\n<script type=\"application\/ld+json\" class=\"yoast-schema-graph\">{\"@context\":\"https:\\\/\\\/schema.org\",\"@graph\":[{\"@type\":\"WebPage\",\"@id\":\"https:\\\/\\\/clair.si\\\/hr\\\/izdelek\\\/okrugli-izolator-za-traku-ili-zicu-economy-profi-farmer\\\/\",\"url\":\"https:\\\/\\\/clair.si\\\/hr\\\/izdelek\\\/okrugli-izolator-za-traku-ili-zicu-economy-profi-farmer\\\/\",\"name\":\"Izolator za traku ili \u017eicu Economy PROFI Farmer - Clair\",\"isPartOf\":{\"@id\":\"https:\\\/\\\/clair.si\\\/#website\"},\"primaryImageOfPage\":{\"@id\":\"https:\\\/\\\/clair.si\\\/hr\\\/izdelek\\\/okrugli-izolator-za-traku-ili-zicu-economy-profi-farmer\\\/#primaryimage\"},\"image\":{\"@id\":\"https:\\\/\\\/clair.si\\\/hr\\\/izdelek\\\/okrugli-izolator-za-traku-ili-zicu-economy-profi-farmer\\\/#primaryimage\"},\"thumbnailUrl\":\"https:\\\/\\\/clair.si\\\/wp-content\\\/uploads\\\/2022\\\/07\\\/IZOLATOR-OKROGLI-Z-ZAREZO-Economy-PROFI-25-kos-1013048-1.jpg.webp\",\"datePublished\":\"2022-07-18T08:02:14+00:00\",\"dateModified\":\"2025-08-28T04:40:24+00:00\",\"description\":\"Izolator za traku ili \u017eicu Economy PROFI Farmer je kvalitetan i izdr\u017eljiv izolator. Provjerite na\u0161u web trgovinu!\",\"breadcrumb\":{\"@id\":\"https:\\\/\\\/clair.si\\\/hr\\\/izdelek\\\/okrugli-izolator-za-traku-ili-zicu-economy-profi-farmer\\\/#breadcrumb\"},\"inLanguage\":\"hr\",\"potentialAction\":[{\"@type\":\"ReadAction\",\"target\":[\"https:\\\/\\\/clair.si\\\/hr\\\/izdelek\\\/okrugli-izolator-za-traku-ili-zicu-economy-profi-farmer\\\/\"]}]},{\"@type\":\"ImageObject\",\"inLanguage\":\"hr\",\"@id\":\"https:\\\/\\\/clair.si\\\/hr\\\/izdelek\\\/okrugli-izolator-za-traku-ili-zicu-economy-profi-farmer\\\/#primaryimage\",\"url\":\"https:\\\/\\\/clair.si\\\/wp-content\\\/uploads\\\/2022\\\/07\\\/IZOLATOR-OKROGLI-Z-ZAREZO-Economy-PROFI-25-kos-1013048-1.jpg.webp\",\"contentUrl\":\"https:\\\/\\\/clair.si\\\/wp-content\\\/uploads\\\/2022\\\/07\\\/IZOLATOR-OKROGLI-Z-ZAREZO-Economy-PROFI-25-kos-1013048-1.jpg.webp\",\"width\":1000,\"height\":1000},{\"@type\":\"BreadcrumbList\",\"@id\":\"https:\\\/\\\/clair.si\\\/hr\\\/izdelek\\\/okrugli-izolator-za-traku-ili-zicu-economy-profi-farmer\\\/#breadcrumb\",\"itemListElement\":[{\"@type\":\"ListItem\",\"position\":1,\"name\":\"Home\",\"item\":\"https:\\\/\\\/clair.si\\\/hr\\\/\"},{\"@type\":\"ListItem\",\"position\":2,\"name\":\"Trgovina\",\"item\":\"https:\\\/\\\/clair.si\\\/trgovina\\\/\"},{\"@type\":\"ListItem\",\"position\":3,\"name\":\"Okrugli izolator za traku ili \u017eicu Economy PROFI Farmer\"}]},{\"@type\":\"WebSite\",\"@id\":\"https:\\\/\\\/clair.si\\\/#website\",\"url\":\"https:\\\/\\\/clair.si\\\/\",\"name\":\"Clair\",\"description\":\"Trgovina s konjeni\u0161ko opremo\",\"publisher\":{\"@id\":\"https:\\\/\\\/clair.si\\\/#organization\"},\"potentialAction\":[{\"@type\":\"SearchAction\",\"target\":{\"@type\":\"EntryPoint\",\"urlTemplate\":\"https:\\\/\\\/clair.si\\\/?s={search_term_string}\"},\"query-input\":{\"@type\":\"PropertyValueSpecification\",\"valueRequired\":true,\"valueName\":\"search_term_string\"}}],\"inLanguage\":\"hr\"},{\"@type\":\"Organization\",\"@id\":\"https:\\\/\\\/clair.si\\\/#organization\",\"name\":\"Clair\",\"url\":\"https:\\\/\\\/clair.si\\\/\",\"logo\":{\"@type\":\"ImageObject\",\"inLanguage\":\"hr\",\"@id\":\"https:\\\/\\\/clair.si\\\/#\\\/schema\\\/logo\\\/image\\\/\",\"url\":\"https:\\\/\\\/clair.si\\\/wp-content\\\/uploads\\\/2022\\\/11\\\/clair_logo_2022.jpg\",\"contentUrl\":\"https:\\\/\\\/clair.si\\\/wp-content\\\/uploads\\\/2022\\\/11\\\/clair_logo_2022.jpg\",\"width\":1920,\"height\":1920,\"caption\":\"Clair\"},\"image\":{\"@id\":\"https:\\\/\\\/clair.si\\\/#\\\/schema\\\/logo\\\/image\\\/\"},\"sameAs\":[\"https:\\\/\\\/www.facebook.com\\\/TrgovinaClair\\\/\"]}]}<\/script>\n<!-- \/ Yoast SEO plugin. -->","yoast_head_json":{"title":"Izolator za traku ili \u017eicu Economy PROFI Farmer - Clair","description":"Izolator za traku ili \u017eicu Economy PROFI Farmer je kvalitetan i izdr\u017eljiv izolator. Provjerite na\u0161u web trgovinu!","robots":{"index":"index","follow":"follow","max-snippet":"max-snippet:-1","max-image-preview":"max-image-preview:large","max-video-preview":"max-video-preview:-1"},"canonical":"https:\/\/clair.si\/hr\/izdelek\/okrugli-izolator-za-traku-ili-zicu-economy-profi-farmer\/","og_locale":"hr_HR","og_type":"article","og_title":"Izolator za traku ili \u017eicu Economy PROFI Farmer - Clair","og_description":"Izolator za traku ili \u017eicu Economy PROFI Farmer je kvalitetan i izdr\u017eljiv izolator. Provjerite na\u0161u web trgovinu!","og_url":"https:\/\/clair.si\/hr\/izdelek\/okrugli-izolator-za-traku-ili-zicu-economy-profi-farmer\/","og_site_name":"Clair","article_publisher":"https:\/\/www.facebook.com\/TrgovinaClair\/","article_modified_time":"2025-08-28T04:40:24+00:00","og_image":[{"width":1000,"height":1000,"url":"https:\/\/clair.si\/wp-content\/uploads\/2022\/07\/IZOLATOR-OKROGLI-Z-ZAREZO-Economy-PROFI-25-kos-1013048-1.jpg.webp","type":"image\/webp"}],"twitter_card":"summary_large_image","twitter_misc":{"Procijenjeno vrijeme \u010ditanja":"1 minuta"},"schema":{"@context":"https:\/\/schema.org","@graph":[{"@type":"WebPage","@id":"https:\/\/clair.si\/hr\/izdelek\/okrugli-izolator-za-traku-ili-zicu-economy-profi-farmer\/","url":"https:\/\/clair.si\/hr\/izdelek\/okrugli-izolator-za-traku-ili-zicu-economy-profi-farmer\/","name":"Izolator za traku ili \u017eicu Economy PROFI Farmer - Clair","isPartOf":{"@id":"https:\/\/clair.si\/#website"},"primaryImageOfPage":{"@id":"https:\/\/clair.si\/hr\/izdelek\/okrugli-izolator-za-traku-ili-zicu-economy-profi-farmer\/#primaryimage"},"image":{"@id":"https:\/\/clair.si\/hr\/izdelek\/okrugli-izolator-za-traku-ili-zicu-economy-profi-farmer\/#primaryimage"},"thumbnailUrl":"https:\/\/clair.si\/wp-content\/uploads\/2022\/07\/IZOLATOR-OKROGLI-Z-ZAREZO-Economy-PROFI-25-kos-1013048-1.jpg.webp","datePublished":"2022-07-18T08:02:14+00:00","dateModified":"2025-08-28T04:40:24+00:00","description":"Izolator za traku ili \u017eicu Economy PROFI Farmer je kvalitetan i izdr\u017eljiv izolator. Provjerite na\u0161u web trgovinu!","breadcrumb":{"@id":"https:\/\/clair.si\/hr\/izdelek\/okrugli-izolator-za-traku-ili-zicu-economy-profi-farmer\/#breadcrumb"},"inLanguage":"hr","potentialAction":[{"@type":"ReadAction","target":["https:\/\/clair.si\/hr\/izdelek\/okrugli-izolator-za-traku-ili-zicu-economy-profi-farmer\/"]}]},{"@type":"ImageObject","inLanguage":"hr","@id":"https:\/\/clair.si\/hr\/izdelek\/okrugli-izolator-za-traku-ili-zicu-economy-profi-farmer\/#primaryimage","url":"https:\/\/clair.si\/wp-content\/uploads\/2022\/07\/IZOLATOR-OKROGLI-Z-ZAREZO-Economy-PROFI-25-kos-1013048-1.jpg.webp","contentUrl":"https:\/\/clair.si\/wp-content\/uploads\/2022\/07\/IZOLATOR-OKROGLI-Z-ZAREZO-Economy-PROFI-25-kos-1013048-1.jpg.webp","width":1000,"height":1000},{"@type":"BreadcrumbList","@id":"https:\/\/clair.si\/hr\/izdelek\/okrugli-izolator-za-traku-ili-zicu-economy-profi-farmer\/#breadcrumb","itemListElement":[{"@type":"ListItem","position":1,"name":"Home","item":"https:\/\/clair.si\/hr\/"},{"@type":"ListItem","position":2,"name":"Trgovina","item":"https:\/\/clair.si\/trgovina\/"},{"@type":"ListItem","position":3,"name":"Okrugli izolator za traku ili \u017eicu Economy PROFI Farmer"}]},{"@type":"WebSite","@id":"https:\/\/clair.si\/#website","url":"https:\/\/clair.si\/","name":"Clair","description":"Trgovina s konjeni\u0161ko opremo","publisher":{"@id":"https:\/\/clair.si\/#organization"},"potentialAction":[{"@type":"SearchAction","target":{"@type":"EntryPoint","urlTemplate":"https:\/\/clair.si\/?s={search_term_string}"},"query-input":{"@type":"PropertyValueSpecification","valueRequired":true,"valueName":"search_term_string"}}],"inLanguage":"hr"},{"@type":"Organization","@id":"https:\/\/clair.si\/#organization","name":"Clair","url":"https:\/\/clair.si\/","logo":{"@type":"ImageObject","inLanguage":"hr","@id":"https:\/\/clair.si\/#\/schema\/logo\/image\/","url":"https:\/\/clair.si\/wp-content\/uploads\/2022\/11\/clair_logo_2022.jpg","contentUrl":"https:\/\/clair.si\/wp-content\/uploads\/2022\/11\/clair_logo_2022.jpg","width":1920,"height":1920,"caption":"Clair"},"image":{"@id":"https:\/\/clair.si\/#\/schema\/logo\/image\/"},"sameAs":["https:\/\/www.facebook.com\/TrgovinaClair\/"]}]}},"_links":{"self":[{"href":"https:\/\/clair.si\/hr\/wp-json\/wp\/v2\/product\/103549","targetHints":{"allow":["GET"]}}],"collection":[{"href":"https:\/\/clair.si\/hr\/wp-json\/wp\/v2\/product"}],"about":[{"href":"https:\/\/clair.si\/hr\/wp-json\/wp\/v2\/types\/product"}],"version-history":[{"count":0,"href":"https:\/\/clair.si\/hr\/wp-json\/wp\/v2\/product\/103549\/revisions"}],"wp:featuredmedia":[{"embeddable":true,"href":"https:\/\/clair.si\/hr\/wp-json\/wp\/v2\/media\/103566"}],"wp:attachment":[{"href":"https:\/\/clair.si\/hr\/wp-json\/wp\/v2\/media?parent=103549"}],"wp:term":[{"taxonomy":"product_brand","embeddable":true,"href":"https:\/\/clair.si\/hr\/wp-json\/wp\/v2\/product_brand?post=103549"},{"taxonomy":"product_cat","embeddable":true,"href":"https:\/\/clair.si\/hr\/wp-json\/wp\/v2\/product_cat?post=103549"},{"taxonomy":"product_tag","embeddable":true,"href":"https:\/\/clair.si\/hr\/wp-json\/wp\/v2\/product_tag?post=103549"}],"curies":[{"name":"wp","href":"https:\/\/api.w.org\/{rel}","templated":true}]}}