{"id":103574,"date":"2022-07-15T15:39:08","date_gmt":"2022-07-15T13:39:08","guid":{"rendered":"https:\/\/clair.si\/izdelek\/western-sedlo-westride-aurora\/"},"modified":"2025-08-28T08:12:41","modified_gmt":"2025-08-28T06:12:41","slug":"western-sedlo-westride-aurora","status":"publish","type":"product","link":"https:\/\/clair.si\/hr\/izdelek\/western-sedlo-westride-aurora\/","title":{"rendered":"Western sedlo Westride Aurora"},"content":{"rendered":"<p id=\"tw-target-text\" class=\"tw-data-text tw-text-large tw-ta\" dir=\"ltr\" data-placeholder=\"Translation\"><span class=\"Y2IQFc\" lang=\"sl\"><strong>Western sedlo Westride Aurora<\/strong> je izra\u0111eno od gove\u0111e ko\u017ee i ima sedleni okvir od drveta i plastike. <\/span><\/p>\n<p class=\"tw-data-text tw-text-large tw-ta\" dir=\"ltr\" data-placeholder=\"Translation\"><span class=\"Y2IQFc\" lang=\"sl\"><strong>Western sedlo Westride Aurora<\/strong> je lijepo ukra\u0161eno i ima vrlo udobno, podstavljeno sjedalo, napravljeno od podatne gove\u0111e ko\u017ee. <\/span><\/p>\n<p class=\"tw-data-text tw-text-large tw-ta\" dir=\"ltr\" data-placeholder=\"Translation\"><span class=\"Y2IQFc\" lang=\"sl\">Uzengije su oblikovane tako da jaha\u010deva noga lako prona\u0111e ugodan polo\u017eaj. Napravljene su od drveta i oja\u010dane metalom.<br \/>\n<\/span><\/p>\n<p class=\"tw-data-text tw-text-large tw-ta\" dir=\"ltr\" data-placeholder=\"Translation\"><span class=\"Y2IQFc\" lang=\"sl\">Western sedlo se tradicionalno kop\u010da ko\u017enim remenom na &#8220;kravatu&#8221;. <\/span><\/p>\n<p class=\"tw-data-text tw-text-large tw-ta\" dir=\"ltr\" data-placeholder=\"Translation\"><span class=\"Y2IQFc\" lang=\"sl\">Sedlene plo\u010de su podstavljene i prekrivene sinteti\u010dkim ov\u010djim krznom. <\/span><\/p>\n<p class=\"tw-data-text tw-text-large tw-ta\" dir=\"ltr\" data-placeholder=\"Translation\"><span class=\"Y2IQFc\" lang=\"sl\"> <\/span><\/p>\n","protected":false},"excerpt":{"rendered":"<p><span class=\"Y2IQFc\" lang=\"sl\"><strong>Western sedlo Westride Aurora<\/strong> je lijepo ukra\u0161eno i ima vrlo udobno, podstavljeno sjedalo, napravljeno od podatne gove\u0111e ko\u017ee. <\/span><\/p>\n","protected":false},"featured_media":103575,"template":"","meta":{"footnotes":""},"product_brand":[],"product_cat":[5657,5624,5944,5940,5794,6125],"product_tag":[],"class_list":{"0":"post-103574","1":"product","2":"type-product","3":"status-publish","4":"has-post-thumbnail","6":"product_cat-kategorije-hr","7":"product_cat-konj-hr","8":"product_cat-sedla-hr-2","9":"product_cat-sedla-hr","10":"product_cat-western-hr","11":"product_cat-western-i-australska-sedla","13":"first","14":"onbackorder","15":"sale","16":"shipping-taxable","17":"purchasable","18":"product-type-simple"},"yoast_head":"<!-- This site is optimized with the Yoast SEO plugin v27.4 - https:\/\/yoast.com\/product\/yoast-seo-wordpress\/ -->\n<title>Western sedlo Westride Aurora - Clair<\/title>\n<meta name=\"description\" content=\"Western sedlo Westride Aurora je lijepo ukra\u0161eno i ima vrlo udobno, podstavljeno sjedalo, napravljeno od podatne gove\u0111e ko\u017ee.\" \/>\n<meta name=\"robots\" content=\"index, follow, max-snippet:-1, max-image-preview:large, max-video-preview:-1\" \/>\n<link rel=\"canonical\" href=\"https:\/\/clair.si\/hr\/izdelek\/western-sedlo-westride-aurora\/\" \/>\n<meta property=\"og:locale\" content=\"hr_HR\" \/>\n<meta property=\"og:type\" content=\"article\" \/>\n<meta property=\"og:title\" content=\"Western sedlo Westride Aurora - Clair\" \/>\n<meta property=\"og:description\" content=\"Western sedlo Westride Aurora je lijepo ukra\u0161eno i ima vrlo udobno, podstavljeno sjedalo, napravljeno od podatne gove\u0111e ko\u017ee.\" \/>\n<meta property=\"og:url\" content=\"https:\/\/clair.si\/hr\/izdelek\/western-sedlo-westride-aurora\/\" \/>\n<meta property=\"og:site_name\" content=\"Clair\" \/>\n<meta property=\"article:publisher\" content=\"https:\/\/www.facebook.com\/TrgovinaClair\/\" \/>\n<meta property=\"article:modified_time\" content=\"2025-08-28T06:12:41+00:00\" \/>\n<meta property=\"og:image\" content=\"https:\/\/clair.si\/wp-content\/uploads\/2022\/07\/westride-aurora-western-sedlo.jpg\" \/>\n\t<meta property=\"og:image:width\" content=\"800\" \/>\n\t<meta property=\"og:image:height\" content=\"800\" \/>\n\t<meta property=\"og:image:type\" content=\"image\/jpeg\" \/>\n<meta name=\"twitter:card\" content=\"summary_large_image\" \/>\n<script type=\"application\/ld+json\" class=\"yoast-schema-graph\">{\"@context\":\"https:\\\/\\\/schema.org\",\"@graph\":[{\"@type\":\"WebPage\",\"@id\":\"https:\\\/\\\/clair.si\\\/hr\\\/izdelek\\\/western-sedlo-westride-aurora\\\/\",\"url\":\"https:\\\/\\\/clair.si\\\/hr\\\/izdelek\\\/western-sedlo-westride-aurora\\\/\",\"name\":\"Western sedlo Westride Aurora - Clair\",\"isPartOf\":{\"@id\":\"https:\\\/\\\/clair.si\\\/#website\"},\"primaryImageOfPage\":{\"@id\":\"https:\\\/\\\/clair.si\\\/hr\\\/izdelek\\\/western-sedlo-westride-aurora\\\/#primaryimage\"},\"image\":{\"@id\":\"https:\\\/\\\/clair.si\\\/hr\\\/izdelek\\\/western-sedlo-westride-aurora\\\/#primaryimage\"},\"thumbnailUrl\":\"https:\\\/\\\/clair.si\\\/wp-content\\\/uploads\\\/2022\\\/07\\\/westride-aurora-western-sedlo.webp\",\"datePublished\":\"2022-07-15T13:39:08+00:00\",\"dateModified\":\"2025-08-28T06:12:41+00:00\",\"description\":\"Western sedlo Westride Aurora je lijepo ukra\u0161eno i ima vrlo udobno, podstavljeno sjedalo, napravljeno od podatne gove\u0111e ko\u017ee.\",\"breadcrumb\":{\"@id\":\"https:\\\/\\\/clair.si\\\/hr\\\/izdelek\\\/western-sedlo-westride-aurora\\\/#breadcrumb\"},\"inLanguage\":\"hr\",\"potentialAction\":[{\"@type\":\"ReadAction\",\"target\":[\"https:\\\/\\\/clair.si\\\/hr\\\/izdelek\\\/western-sedlo-westride-aurora\\\/\"]}]},{\"@type\":\"ImageObject\",\"inLanguage\":\"hr\",\"@id\":\"https:\\\/\\\/clair.si\\\/hr\\\/izdelek\\\/western-sedlo-westride-aurora\\\/#primaryimage\",\"url\":\"https:\\\/\\\/clair.si\\\/wp-content\\\/uploads\\\/2022\\\/07\\\/westride-aurora-western-sedlo.webp\",\"contentUrl\":\"https:\\\/\\\/clair.si\\\/wp-content\\\/uploads\\\/2022\\\/07\\\/westride-aurora-western-sedlo.webp\",\"width\":800,\"height\":800,\"caption\":\"Western sedlo westride Aurora.\"},{\"@type\":\"BreadcrumbList\",\"@id\":\"https:\\\/\\\/clair.si\\\/hr\\\/izdelek\\\/western-sedlo-westride-aurora\\\/#breadcrumb\",\"itemListElement\":[{\"@type\":\"ListItem\",\"position\":1,\"name\":\"Home\",\"item\":\"https:\\\/\\\/clair.si\\\/hr\\\/\"},{\"@type\":\"ListItem\",\"position\":2,\"name\":\"Trgovina\",\"item\":\"https:\\\/\\\/clair.si\\\/trgovina\\\/\"},{\"@type\":\"ListItem\",\"position\":3,\"name\":\"Western sedlo Westride Aurora\"}]},{\"@type\":\"WebSite\",\"@id\":\"https:\\\/\\\/clair.si\\\/#website\",\"url\":\"https:\\\/\\\/clair.si\\\/\",\"name\":\"Clair\",\"description\":\"Trgovina s konjeni\u0161ko opremo\",\"publisher\":{\"@id\":\"https:\\\/\\\/clair.si\\\/#organization\"},\"potentialAction\":[{\"@type\":\"SearchAction\",\"target\":{\"@type\":\"EntryPoint\",\"urlTemplate\":\"https:\\\/\\\/clair.si\\\/?s={search_term_string}\"},\"query-input\":{\"@type\":\"PropertyValueSpecification\",\"valueRequired\":true,\"valueName\":\"search_term_string\"}}],\"inLanguage\":\"hr\"},{\"@type\":\"Organization\",\"@id\":\"https:\\\/\\\/clair.si\\\/#organization\",\"name\":\"Clair\",\"url\":\"https:\\\/\\\/clair.si\\\/\",\"logo\":{\"@type\":\"ImageObject\",\"inLanguage\":\"hr\",\"@id\":\"https:\\\/\\\/clair.si\\\/#\\\/schema\\\/logo\\\/image\\\/\",\"url\":\"https:\\\/\\\/clair.si\\\/wp-content\\\/uploads\\\/2022\\\/11\\\/clair_logo_2022.jpg\",\"contentUrl\":\"https:\\\/\\\/clair.si\\\/wp-content\\\/uploads\\\/2022\\\/11\\\/clair_logo_2022.jpg\",\"width\":1920,\"height\":1920,\"caption\":\"Clair\"},\"image\":{\"@id\":\"https:\\\/\\\/clair.si\\\/#\\\/schema\\\/logo\\\/image\\\/\"},\"sameAs\":[\"https:\\\/\\\/www.facebook.com\\\/TrgovinaClair\\\/\"]}]}<\/script>\n<!-- \/ Yoast SEO plugin. -->","yoast_head_json":{"title":"Western sedlo Westride Aurora - Clair","description":"Western sedlo Westride Aurora je lijepo ukra\u0161eno i ima vrlo udobno, podstavljeno sjedalo, napravljeno od podatne gove\u0111e ko\u017ee.","robots":{"index":"index","follow":"follow","max-snippet":"max-snippet:-1","max-image-preview":"max-image-preview:large","max-video-preview":"max-video-preview:-1"},"canonical":"https:\/\/clair.si\/hr\/izdelek\/western-sedlo-westride-aurora\/","og_locale":"hr_HR","og_type":"article","og_title":"Western sedlo Westride Aurora - Clair","og_description":"Western sedlo Westride Aurora je lijepo ukra\u0161eno i ima vrlo udobno, podstavljeno sjedalo, napravljeno od podatne gove\u0111e ko\u017ee.","og_url":"https:\/\/clair.si\/hr\/izdelek\/western-sedlo-westride-aurora\/","og_site_name":"Clair","article_publisher":"https:\/\/www.facebook.com\/TrgovinaClair\/","article_modified_time":"2025-08-28T06:12:41+00:00","og_image":[{"width":800,"height":800,"url":"https:\/\/clair.si\/wp-content\/uploads\/2022\/07\/westride-aurora-western-sedlo.jpg","type":"image\/jpeg"}],"twitter_card":"summary_large_image","schema":{"@context":"https:\/\/schema.org","@graph":[{"@type":"WebPage","@id":"https:\/\/clair.si\/hr\/izdelek\/western-sedlo-westride-aurora\/","url":"https:\/\/clair.si\/hr\/izdelek\/western-sedlo-westride-aurora\/","name":"Western sedlo Westride Aurora - Clair","isPartOf":{"@id":"https:\/\/clair.si\/#website"},"primaryImageOfPage":{"@id":"https:\/\/clair.si\/hr\/izdelek\/western-sedlo-westride-aurora\/#primaryimage"},"image":{"@id":"https:\/\/clair.si\/hr\/izdelek\/western-sedlo-westride-aurora\/#primaryimage"},"thumbnailUrl":"https:\/\/clair.si\/wp-content\/uploads\/2022\/07\/westride-aurora-western-sedlo.webp","datePublished":"2022-07-15T13:39:08+00:00","dateModified":"2025-08-28T06:12:41+00:00","description":"Western sedlo Westride Aurora je lijepo ukra\u0161eno i ima vrlo udobno, podstavljeno sjedalo, napravljeno od podatne gove\u0111e ko\u017ee.","breadcrumb":{"@id":"https:\/\/clair.si\/hr\/izdelek\/western-sedlo-westride-aurora\/#breadcrumb"},"inLanguage":"hr","potentialAction":[{"@type":"ReadAction","target":["https:\/\/clair.si\/hr\/izdelek\/western-sedlo-westride-aurora\/"]}]},{"@type":"ImageObject","inLanguage":"hr","@id":"https:\/\/clair.si\/hr\/izdelek\/western-sedlo-westride-aurora\/#primaryimage","url":"https:\/\/clair.si\/wp-content\/uploads\/2022\/07\/westride-aurora-western-sedlo.webp","contentUrl":"https:\/\/clair.si\/wp-content\/uploads\/2022\/07\/westride-aurora-western-sedlo.webp","width":800,"height":800,"caption":"Western sedlo westride Aurora."},{"@type":"BreadcrumbList","@id":"https:\/\/clair.si\/hr\/izdelek\/western-sedlo-westride-aurora\/#breadcrumb","itemListElement":[{"@type":"ListItem","position":1,"name":"Home","item":"https:\/\/clair.si\/hr\/"},{"@type":"ListItem","position":2,"name":"Trgovina","item":"https:\/\/clair.si\/trgovina\/"},{"@type":"ListItem","position":3,"name":"Western sedlo Westride Aurora"}]},{"@type":"WebSite","@id":"https:\/\/clair.si\/#website","url":"https:\/\/clair.si\/","name":"Clair","description":"Trgovina s konjeni\u0161ko opremo","publisher":{"@id":"https:\/\/clair.si\/#organization"},"potentialAction":[{"@type":"SearchAction","target":{"@type":"EntryPoint","urlTemplate":"https:\/\/clair.si\/?s={search_term_string}"},"query-input":{"@type":"PropertyValueSpecification","valueRequired":true,"valueName":"search_term_string"}}],"inLanguage":"hr"},{"@type":"Organization","@id":"https:\/\/clair.si\/#organization","name":"Clair","url":"https:\/\/clair.si\/","logo":{"@type":"ImageObject","inLanguage":"hr","@id":"https:\/\/clair.si\/#\/schema\/logo\/image\/","url":"https:\/\/clair.si\/wp-content\/uploads\/2022\/11\/clair_logo_2022.jpg","contentUrl":"https:\/\/clair.si\/wp-content\/uploads\/2022\/11\/clair_logo_2022.jpg","width":1920,"height":1920,"caption":"Clair"},"image":{"@id":"https:\/\/clair.si\/#\/schema\/logo\/image\/"},"sameAs":["https:\/\/www.facebook.com\/TrgovinaClair\/"]}]}},"_links":{"self":[{"href":"https:\/\/clair.si\/hr\/wp-json\/wp\/v2\/product\/103574","targetHints":{"allow":["GET"]}}],"collection":[{"href":"https:\/\/clair.si\/hr\/wp-json\/wp\/v2\/product"}],"about":[{"href":"https:\/\/clair.si\/hr\/wp-json\/wp\/v2\/types\/product"}],"version-history":[{"count":0,"href":"https:\/\/clair.si\/hr\/wp-json\/wp\/v2\/product\/103574\/revisions"}],"wp:featuredmedia":[{"embeddable":true,"href":"https:\/\/clair.si\/hr\/wp-json\/wp\/v2\/media\/103575"}],"wp:attachment":[{"href":"https:\/\/clair.si\/hr\/wp-json\/wp\/v2\/media?parent=103574"}],"wp:term":[{"taxonomy":"product_brand","embeddable":true,"href":"https:\/\/clair.si\/hr\/wp-json\/wp\/v2\/product_brand?post=103574"},{"taxonomy":"product_cat","embeddable":true,"href":"https:\/\/clair.si\/hr\/wp-json\/wp\/v2\/product_cat?post=103574"},{"taxonomy":"product_tag","embeddable":true,"href":"https:\/\/clair.si\/hr\/wp-json\/wp\/v2\/product_tag?post=103574"}],"curies":[{"name":"wp","href":"https:\/\/api.w.org\/{rel}","templated":true}]}}