{"id":103580,"date":"2022-07-15T13:35:30","date_gmt":"2022-07-15T11:35:30","guid":{"rendered":"https:\/\/clair.si\/izdelek\/izolator-za-stup-19-mm-farmer\/"},"modified":"2025-08-28T06:02:48","modified_gmt":"2025-08-28T04:02:48","slug":"izolator-za-stup-19-mm-farmer","status":"publish","type":"product","link":"https:\/\/clair.si\/hr\/izdelek\/izolator-za-stup-19-mm-farmer\/","title":{"rendered":"Izolator za stup 19 mm Farmer"},"content":{"rendered":"<p><strong>Izolator za stup<\/strong> Horizont prikladan je za postavljanje pa\u0161njaka za <strong>traku promjera do 40 mm<\/strong>.<\/p>\n<p>Matica na stra\u017enjoj strani izolatora omogu\u0107uje <strong>\u010dvrstu monta\u017eu<\/strong> na betonski \u017eeljezni stup od <strong>7 mm do 19 mm promjera.<\/strong><\/p>\n<p><strong>Dr\u017ei ravnu liniju<\/strong> trake bez da je fiksno pri\u010dvrstimo na izolator.<\/p>\n<p>Dizajniran je <strong>izdr\u017eljivo<\/strong>, ima odli\u010dna izolacijska svojstva i otpornu plastiku na vremenske utjecaje.<\/p>\n","protected":false},"excerpt":{"rendered":"<p>U kompletu je 10 komada.<\/p>\n","protected":false},"featured_media":103583,"template":"","meta":{"footnotes":""},"product_brand":[],"product_cat":[6304,5820,5627],"product_tag":[],"class_list":{"0":"post-103580","1":"product","2":"type-product","3":"status-publish","4":"has-post-thumbnail","6":"product_cat-izolatori","7":"product_cat-oprema-za-pasnjake","8":"product_cat-stala-i-pasnjak","10":"first","11":"instock","12":"shipping-taxable","13":"purchasable","14":"product-type-simple"},"yoast_head":"<!-- This site is optimized with the Yoast SEO plugin v27.3 - https:\/\/yoast.com\/product\/yoast-seo-wordpress\/ -->\n<title>Izolator za stup 19 mm Farmer - Clair<\/title>\n<meta name=\"description\" content=\"Izolator za stup 19 mm Farmer prikladan je za traku. Izdr\u017eljivog je dizajna i ima dobra svojstva za potpunu izolaciju.\" \/>\n<meta name=\"robots\" content=\"index, follow, max-snippet:-1, max-image-preview:large, max-video-preview:-1\" \/>\n<link rel=\"canonical\" href=\"https:\/\/clair.si\/hr\/izdelek\/izolator-za-stup-19-mm-farmer\/\" \/>\n<meta property=\"og:locale\" content=\"hr_HR\" \/>\n<meta property=\"og:type\" content=\"article\" \/>\n<meta property=\"og:title\" content=\"Izolator za stup 19 mm Farmer - Clair\" \/>\n<meta property=\"og:description\" content=\"Izolator za stup 19 mm Farmer prikladan je za traku. Izdr\u017eljivog je dizajna i ima dobra svojstva za potpunu izolaciju.\" \/>\n<meta property=\"og:url\" content=\"https:\/\/clair.si\/hr\/izdelek\/izolator-za-stup-19-mm-farmer\/\" \/>\n<meta property=\"og:site_name\" content=\"Clair\" \/>\n<meta property=\"article:publisher\" content=\"https:\/\/www.facebook.com\/TrgovinaClair\/\" \/>\n<meta property=\"article:modified_time\" content=\"2025-08-28T04:02:48+00:00\" \/>\n<meta property=\"og:image\" content=\"https:\/\/clair.si\/wp-content\/uploads\/2022\/07\/Izolator-za-trak-ali-zico-Horizont-Univerzalen-1013050.jpeg\" \/>\n\t<meta property=\"og:image:width\" content=\"600\" \/>\n\t<meta property=\"og:image:height\" content=\"600\" \/>\n\t<meta property=\"og:image:type\" content=\"image\/jpeg\" \/>\n<meta name=\"twitter:card\" content=\"summary_large_image\" \/>\n<meta name=\"twitter:label1\" content=\"Procijenjeno vrijeme \u010ditanja\" \/>\n\t<meta name=\"twitter:data1\" content=\"1 minuta\" \/>\n<script type=\"application\/ld+json\" class=\"yoast-schema-graph\">{\"@context\":\"https:\\\/\\\/schema.org\",\"@graph\":[{\"@type\":\"WebPage\",\"@id\":\"https:\\\/\\\/clair.si\\\/hr\\\/izdelek\\\/izolator-za-stup-19-mm-farmer\\\/\",\"url\":\"https:\\\/\\\/clair.si\\\/hr\\\/izdelek\\\/izolator-za-stup-19-mm-farmer\\\/\",\"name\":\"Izolator za stup 19 mm Farmer - Clair\",\"isPartOf\":{\"@id\":\"https:\\\/\\\/clair.si\\\/#website\"},\"primaryImageOfPage\":{\"@id\":\"https:\\\/\\\/clair.si\\\/hr\\\/izdelek\\\/izolator-za-stup-19-mm-farmer\\\/#primaryimage\"},\"image\":{\"@id\":\"https:\\\/\\\/clair.si\\\/hr\\\/izdelek\\\/izolator-za-stup-19-mm-farmer\\\/#primaryimage\"},\"thumbnailUrl\":\"https:\\\/\\\/clair.si\\\/wp-content\\\/uploads\\\/2022\\\/07\\\/Izolator-za-trak-ali-zico-Horizont-Univerzalen-1013050.webp\",\"datePublished\":\"2022-07-15T11:35:30+00:00\",\"dateModified\":\"2025-08-28T04:02:48+00:00\",\"description\":\"Izolator za stup 19 mm Farmer prikladan je za traku. Izdr\u017eljivog je dizajna i ima dobra svojstva za potpunu izolaciju.\",\"breadcrumb\":{\"@id\":\"https:\\\/\\\/clair.si\\\/hr\\\/izdelek\\\/izolator-za-stup-19-mm-farmer\\\/#breadcrumb\"},\"inLanguage\":\"hr\",\"potentialAction\":[{\"@type\":\"ReadAction\",\"target\":[\"https:\\\/\\\/clair.si\\\/hr\\\/izdelek\\\/izolator-za-stup-19-mm-farmer\\\/\"]}]},{\"@type\":\"ImageObject\",\"inLanguage\":\"hr\",\"@id\":\"https:\\\/\\\/clair.si\\\/hr\\\/izdelek\\\/izolator-za-stup-19-mm-farmer\\\/#primaryimage\",\"url\":\"https:\\\/\\\/clair.si\\\/wp-content\\\/uploads\\\/2022\\\/07\\\/Izolator-za-trak-ali-zico-Horizont-Univerzalen-1013050.webp\",\"contentUrl\":\"https:\\\/\\\/clair.si\\\/wp-content\\\/uploads\\\/2022\\\/07\\\/Izolator-za-trak-ali-zico-Horizont-Univerzalen-1013050.webp\",\"width\":600,\"height\":600,\"caption\":\"Izolator za trak ali zico Horizont\"},{\"@type\":\"BreadcrumbList\",\"@id\":\"https:\\\/\\\/clair.si\\\/hr\\\/izdelek\\\/izolator-za-stup-19-mm-farmer\\\/#breadcrumb\",\"itemListElement\":[{\"@type\":\"ListItem\",\"position\":1,\"name\":\"Home\",\"item\":\"https:\\\/\\\/clair.si\\\/hr\\\/\"},{\"@type\":\"ListItem\",\"position\":2,\"name\":\"Trgovina\",\"item\":\"https:\\\/\\\/clair.si\\\/trgovina\\\/\"},{\"@type\":\"ListItem\",\"position\":3,\"name\":\"Izolator za stup 19 mm Farmer\"}]},{\"@type\":\"WebSite\",\"@id\":\"https:\\\/\\\/clair.si\\\/#website\",\"url\":\"https:\\\/\\\/clair.si\\\/\",\"name\":\"Clair\",\"description\":\"Trgovina s konjeni\u0161ko opremo\",\"publisher\":{\"@id\":\"https:\\\/\\\/clair.si\\\/#organization\"},\"potentialAction\":[{\"@type\":\"SearchAction\",\"target\":{\"@type\":\"EntryPoint\",\"urlTemplate\":\"https:\\\/\\\/clair.si\\\/?s={search_term_string}\"},\"query-input\":{\"@type\":\"PropertyValueSpecification\",\"valueRequired\":true,\"valueName\":\"search_term_string\"}}],\"inLanguage\":\"hr\"},{\"@type\":\"Organization\",\"@id\":\"https:\\\/\\\/clair.si\\\/#organization\",\"name\":\"Clair\",\"url\":\"https:\\\/\\\/clair.si\\\/\",\"logo\":{\"@type\":\"ImageObject\",\"inLanguage\":\"hr\",\"@id\":\"https:\\\/\\\/clair.si\\\/#\\\/schema\\\/logo\\\/image\\\/\",\"url\":\"https:\\\/\\\/clair.si\\\/wp-content\\\/uploads\\\/2022\\\/11\\\/clair_logo_2022.jpg\",\"contentUrl\":\"https:\\\/\\\/clair.si\\\/wp-content\\\/uploads\\\/2022\\\/11\\\/clair_logo_2022.jpg\",\"width\":1920,\"height\":1920,\"caption\":\"Clair\"},\"image\":{\"@id\":\"https:\\\/\\\/clair.si\\\/#\\\/schema\\\/logo\\\/image\\\/\"},\"sameAs\":[\"https:\\\/\\\/www.facebook.com\\\/TrgovinaClair\\\/\"]}]}<\/script>\n<!-- \/ Yoast SEO plugin. -->","yoast_head_json":{"title":"Izolator za stup 19 mm Farmer - Clair","description":"Izolator za stup 19 mm Farmer prikladan je za traku. Izdr\u017eljivog je dizajna i ima dobra svojstva za potpunu izolaciju.","robots":{"index":"index","follow":"follow","max-snippet":"max-snippet:-1","max-image-preview":"max-image-preview:large","max-video-preview":"max-video-preview:-1"},"canonical":"https:\/\/clair.si\/hr\/izdelek\/izolator-za-stup-19-mm-farmer\/","og_locale":"hr_HR","og_type":"article","og_title":"Izolator za stup 19 mm Farmer - Clair","og_description":"Izolator za stup 19 mm Farmer prikladan je za traku. Izdr\u017eljivog je dizajna i ima dobra svojstva za potpunu izolaciju.","og_url":"https:\/\/clair.si\/hr\/izdelek\/izolator-za-stup-19-mm-farmer\/","og_site_name":"Clair","article_publisher":"https:\/\/www.facebook.com\/TrgovinaClair\/","article_modified_time":"2025-08-28T04:02:48+00:00","og_image":[{"width":600,"height":600,"url":"https:\/\/clair.si\/wp-content\/uploads\/2022\/07\/Izolator-za-trak-ali-zico-Horizont-Univerzalen-1013050.jpeg","type":"image\/jpeg"}],"twitter_card":"summary_large_image","twitter_misc":{"Procijenjeno vrijeme \u010ditanja":"1 minuta"},"schema":{"@context":"https:\/\/schema.org","@graph":[{"@type":"WebPage","@id":"https:\/\/clair.si\/hr\/izdelek\/izolator-za-stup-19-mm-farmer\/","url":"https:\/\/clair.si\/hr\/izdelek\/izolator-za-stup-19-mm-farmer\/","name":"Izolator za stup 19 mm Farmer - Clair","isPartOf":{"@id":"https:\/\/clair.si\/#website"},"primaryImageOfPage":{"@id":"https:\/\/clair.si\/hr\/izdelek\/izolator-za-stup-19-mm-farmer\/#primaryimage"},"image":{"@id":"https:\/\/clair.si\/hr\/izdelek\/izolator-za-stup-19-mm-farmer\/#primaryimage"},"thumbnailUrl":"https:\/\/clair.si\/wp-content\/uploads\/2022\/07\/Izolator-za-trak-ali-zico-Horizont-Univerzalen-1013050.webp","datePublished":"2022-07-15T11:35:30+00:00","dateModified":"2025-08-28T04:02:48+00:00","description":"Izolator za stup 19 mm Farmer prikladan je za traku. Izdr\u017eljivog je dizajna i ima dobra svojstva za potpunu izolaciju.","breadcrumb":{"@id":"https:\/\/clair.si\/hr\/izdelek\/izolator-za-stup-19-mm-farmer\/#breadcrumb"},"inLanguage":"hr","potentialAction":[{"@type":"ReadAction","target":["https:\/\/clair.si\/hr\/izdelek\/izolator-za-stup-19-mm-farmer\/"]}]},{"@type":"ImageObject","inLanguage":"hr","@id":"https:\/\/clair.si\/hr\/izdelek\/izolator-za-stup-19-mm-farmer\/#primaryimage","url":"https:\/\/clair.si\/wp-content\/uploads\/2022\/07\/Izolator-za-trak-ali-zico-Horizont-Univerzalen-1013050.webp","contentUrl":"https:\/\/clair.si\/wp-content\/uploads\/2022\/07\/Izolator-za-trak-ali-zico-Horizont-Univerzalen-1013050.webp","width":600,"height":600,"caption":"Izolator za trak ali zico Horizont"},{"@type":"BreadcrumbList","@id":"https:\/\/clair.si\/hr\/izdelek\/izolator-za-stup-19-mm-farmer\/#breadcrumb","itemListElement":[{"@type":"ListItem","position":1,"name":"Home","item":"https:\/\/clair.si\/hr\/"},{"@type":"ListItem","position":2,"name":"Trgovina","item":"https:\/\/clair.si\/trgovina\/"},{"@type":"ListItem","position":3,"name":"Izolator za stup 19 mm Farmer"}]},{"@type":"WebSite","@id":"https:\/\/clair.si\/#website","url":"https:\/\/clair.si\/","name":"Clair","description":"Trgovina s konjeni\u0161ko opremo","publisher":{"@id":"https:\/\/clair.si\/#organization"},"potentialAction":[{"@type":"SearchAction","target":{"@type":"EntryPoint","urlTemplate":"https:\/\/clair.si\/?s={search_term_string}"},"query-input":{"@type":"PropertyValueSpecification","valueRequired":true,"valueName":"search_term_string"}}],"inLanguage":"hr"},{"@type":"Organization","@id":"https:\/\/clair.si\/#organization","name":"Clair","url":"https:\/\/clair.si\/","logo":{"@type":"ImageObject","inLanguage":"hr","@id":"https:\/\/clair.si\/#\/schema\/logo\/image\/","url":"https:\/\/clair.si\/wp-content\/uploads\/2022\/11\/clair_logo_2022.jpg","contentUrl":"https:\/\/clair.si\/wp-content\/uploads\/2022\/11\/clair_logo_2022.jpg","width":1920,"height":1920,"caption":"Clair"},"image":{"@id":"https:\/\/clair.si\/#\/schema\/logo\/image\/"},"sameAs":["https:\/\/www.facebook.com\/TrgovinaClair\/"]}]}},"_links":{"self":[{"href":"https:\/\/clair.si\/hr\/wp-json\/wp\/v2\/product\/103580","targetHints":{"allow":["GET"]}}],"collection":[{"href":"https:\/\/clair.si\/hr\/wp-json\/wp\/v2\/product"}],"about":[{"href":"https:\/\/clair.si\/hr\/wp-json\/wp\/v2\/types\/product"}],"version-history":[{"count":0,"href":"https:\/\/clair.si\/hr\/wp-json\/wp\/v2\/product\/103580\/revisions"}],"wp:featuredmedia":[{"embeddable":true,"href":"https:\/\/clair.si\/hr\/wp-json\/wp\/v2\/media\/103583"}],"wp:attachment":[{"href":"https:\/\/clair.si\/hr\/wp-json\/wp\/v2\/media?parent=103580"}],"wp:term":[{"taxonomy":"product_brand","embeddable":true,"href":"https:\/\/clair.si\/hr\/wp-json\/wp\/v2\/product_brand?post=103580"},{"taxonomy":"product_cat","embeddable":true,"href":"https:\/\/clair.si\/hr\/wp-json\/wp\/v2\/product_cat?post=103580"},{"taxonomy":"product_tag","embeddable":true,"href":"https:\/\/clair.si\/hr\/wp-json\/wp\/v2\/product_tag?post=103580"}],"curies":[{"name":"wp","href":"https:\/\/api.w.org\/{rel}","templated":true}]}}