{"id":103588,"date":"2022-07-18T10:48:38","date_gmt":"2022-07-18T08:48:38","guid":{"rendered":"https:\/\/clair.si\/izdelek\/okrugli-izolator-za-traku-ili-zicu-s-urezom-dodatno-ojacan-ranger\/"},"modified":"2025-08-28T06:38:34","modified_gmt":"2025-08-28T04:38:34","slug":"okrugli-izolator-za-traku-ili-zicu-s-urezom-dodatno-ojacan-ranger","status":"publish","type":"product","link":"https:\/\/clair.si\/hr\/izdelek\/okrugli-izolator-za-traku-ili-zicu-s-urezom-dodatno-ojacan-ranger\/","title":{"rendered":"Okrugli izolator za traku ili \u017eicu s urezom, dodatno oja\u010dan Ranger"},"content":{"rendered":"<p><strong>Vij\u010dani izolator za traku ili \u017eicu<\/strong> Horizont prikladan je za postavljanje pa\u0161njaka sa <strong>\u017eicom promjera do 4 mm ili trakom \u0161irine do 13 mm.<\/strong><\/p>\n<p>Ima <strong>drveni navoj \u00d8 6 mm<\/strong> koji omogu\u0107uje brzo uvrtanje u drvo bez prethodne pripreme.<\/p>\n<p><strong>Dr\u017ei ravnu liniju<\/strong> \u017eice ili trake s mogu\u0107no\u0161\u0107u pode\u0161avanja s ili bez fiksne instalacije \u017eice ili trake na izolator. Mogu\u0107e ga je koristiti i kao <strong>kutni izolator.<\/strong> <\/p>\n<p>Dizajniran je izdr\u017eljivo jer je unutarnji dio prstena <strong>dodatno oja\u010dan \u010delikom<\/strong>, ima odli\u010dne izolacijske karakteristike i otpornu plastiku na vremenske uvjete.<\/p>\n<h4><em>Najprodavaniji izolator Horizont s UV za\u0161titom.<\/em><\/h4>\n","protected":false},"excerpt":{"rendered":"<p>U kompletu je 50 komada.<\/p>\n","protected":false},"featured_media":105525,"template":"","meta":{"footnotes":""},"product_brand":[],"product_cat":[6304,5820,5627],"product_tag":[],"class_list":{"0":"post-103588","1":"product","2":"type-product","3":"status-publish","4":"has-post-thumbnail","6":"product_cat-izolatori","7":"product_cat-oprema-za-pasnjake","8":"product_cat-stala-i-pasnjak","10":"first","11":"instock","12":"shipping-taxable","13":"purchasable","14":"product-type-simple"},"yoast_head":"<!-- This site is optimized with the Yoast SEO plugin v27.3 - https:\/\/yoast.com\/product\/yoast-seo-wordpress\/ -->\n<title>Okrugli izolator za traku ili \u017eicu s urezom - Clair<\/title>\n<meta name=\"description\" content=\"Okrugli izolator za traku ili \u017eicu s urezom je najprodavaniji izolator marke Horizont s UV za\u0161titom! Provjerite!\" \/>\n<meta name=\"robots\" content=\"index, follow, max-snippet:-1, max-image-preview:large, max-video-preview:-1\" \/>\n<link rel=\"canonical\" href=\"https:\/\/clair.si\/hr\/izdelek\/okrugli-izolator-za-traku-ili-zicu-s-urezom-dodatno-ojacan-ranger\/\" \/>\n<meta property=\"og:locale\" content=\"hr_HR\" \/>\n<meta property=\"og:type\" content=\"article\" \/>\n<meta property=\"og:title\" content=\"Okrugli izolator za traku ili \u017eicu s urezom - Clair\" \/>\n<meta property=\"og:description\" content=\"Okrugli izolator za traku ili \u017eicu s urezom je najprodavaniji izolator marke Horizont s UV za\u0161titom! Provjerite!\" \/>\n<meta property=\"og:url\" content=\"https:\/\/clair.si\/hr\/izdelek\/okrugli-izolator-za-traku-ili-zicu-s-urezom-dodatno-ojacan-ranger\/\" \/>\n<meta property=\"og:site_name\" content=\"Clair\" \/>\n<meta property=\"article:publisher\" content=\"https:\/\/www.facebook.com\/TrgovinaClair\/\" \/>\n<meta property=\"article:modified_time\" content=\"2025-08-28T04:38:34+00:00\" \/>\n<meta property=\"og:image\" content=\"https:\/\/clair.si\/wp-content\/uploads\/2022\/07\/1013001-1.webp\" \/>\n\t<meta property=\"og:image:width\" content=\"600\" \/>\n\t<meta property=\"og:image:height\" content=\"600\" \/>\n\t<meta property=\"og:image:type\" content=\"image\/jpeg\" \/>\n<meta name=\"twitter:card\" content=\"summary_large_image\" \/>\n<meta name=\"twitter:label1\" content=\"Procijenjeno vrijeme \u010ditanja\" \/>\n\t<meta name=\"twitter:data1\" content=\"1 minuta\" \/>\n<script type=\"application\/ld+json\" class=\"yoast-schema-graph\">{\"@context\":\"https:\\\/\\\/schema.org\",\"@graph\":[{\"@type\":\"WebPage\",\"@id\":\"https:\\\/\\\/clair.si\\\/hr\\\/izdelek\\\/okrugli-izolator-za-traku-ili-zicu-s-urezom-dodatno-ojacan-ranger\\\/\",\"url\":\"https:\\\/\\\/clair.si\\\/hr\\\/izdelek\\\/okrugli-izolator-za-traku-ili-zicu-s-urezom-dodatno-ojacan-ranger\\\/\",\"name\":\"Okrugli izolator za traku ili \u017eicu s urezom - Clair\",\"isPartOf\":{\"@id\":\"https:\\\/\\\/clair.si\\\/#website\"},\"primaryImageOfPage\":{\"@id\":\"https:\\\/\\\/clair.si\\\/hr\\\/izdelek\\\/okrugli-izolator-za-traku-ili-zicu-s-urezom-dodatno-ojacan-ranger\\\/#primaryimage\"},\"image\":{\"@id\":\"https:\\\/\\\/clair.si\\\/hr\\\/izdelek\\\/okrugli-izolator-za-traku-ili-zicu-s-urezom-dodatno-ojacan-ranger\\\/#primaryimage\"},\"thumbnailUrl\":\"https:\\\/\\\/clair.si\\\/wp-content\\\/uploads\\\/2022\\\/07\\\/1013001-1.webp\",\"datePublished\":\"2022-07-18T08:48:38+00:00\",\"dateModified\":\"2025-08-28T04:38:34+00:00\",\"description\":\"Okrugli izolator za traku ili \u017eicu s urezom je najprodavaniji izolator marke Horizont s UV za\u0161titom! Provjerite!\",\"breadcrumb\":{\"@id\":\"https:\\\/\\\/clair.si\\\/hr\\\/izdelek\\\/okrugli-izolator-za-traku-ili-zicu-s-urezom-dodatno-ojacan-ranger\\\/#breadcrumb\"},\"inLanguage\":\"hr\",\"potentialAction\":[{\"@type\":\"ReadAction\",\"target\":[\"https:\\\/\\\/clair.si\\\/hr\\\/izdelek\\\/okrugli-izolator-za-traku-ili-zicu-s-urezom-dodatno-ojacan-ranger\\\/\"]}]},{\"@type\":\"ImageObject\",\"inLanguage\":\"hr\",\"@id\":\"https:\\\/\\\/clair.si\\\/hr\\\/izdelek\\\/okrugli-izolator-za-traku-ili-zicu-s-urezom-dodatno-ojacan-ranger\\\/#primaryimage\",\"url\":\"https:\\\/\\\/clair.si\\\/wp-content\\\/uploads\\\/2022\\\/07\\\/1013001-1.webp\",\"contentUrl\":\"https:\\\/\\\/clair.si\\\/wp-content\\\/uploads\\\/2022\\\/07\\\/1013001-1.webp\",\"width\":600,\"height\":600},{\"@type\":\"BreadcrumbList\",\"@id\":\"https:\\\/\\\/clair.si\\\/hr\\\/izdelek\\\/okrugli-izolator-za-traku-ili-zicu-s-urezom-dodatno-ojacan-ranger\\\/#breadcrumb\",\"itemListElement\":[{\"@type\":\"ListItem\",\"position\":1,\"name\":\"Home\",\"item\":\"https:\\\/\\\/clair.si\\\/hr\\\/\"},{\"@type\":\"ListItem\",\"position\":2,\"name\":\"Trgovina\",\"item\":\"https:\\\/\\\/clair.si\\\/trgovina\\\/\"},{\"@type\":\"ListItem\",\"position\":3,\"name\":\"Okrugli izolator za traku ili \u017eicu s urezom, dodatno oja\u010dan Ranger\"}]},{\"@type\":\"WebSite\",\"@id\":\"https:\\\/\\\/clair.si\\\/#website\",\"url\":\"https:\\\/\\\/clair.si\\\/\",\"name\":\"Clair\",\"description\":\"Trgovina s konjeni\u0161ko opremo\",\"publisher\":{\"@id\":\"https:\\\/\\\/clair.si\\\/#organization\"},\"potentialAction\":[{\"@type\":\"SearchAction\",\"target\":{\"@type\":\"EntryPoint\",\"urlTemplate\":\"https:\\\/\\\/clair.si\\\/?s={search_term_string}\"},\"query-input\":{\"@type\":\"PropertyValueSpecification\",\"valueRequired\":true,\"valueName\":\"search_term_string\"}}],\"inLanguage\":\"hr\"},{\"@type\":\"Organization\",\"@id\":\"https:\\\/\\\/clair.si\\\/#organization\",\"name\":\"Clair\",\"url\":\"https:\\\/\\\/clair.si\\\/\",\"logo\":{\"@type\":\"ImageObject\",\"inLanguage\":\"hr\",\"@id\":\"https:\\\/\\\/clair.si\\\/#\\\/schema\\\/logo\\\/image\\\/\",\"url\":\"https:\\\/\\\/clair.si\\\/wp-content\\\/uploads\\\/2022\\\/11\\\/clair_logo_2022.jpg\",\"contentUrl\":\"https:\\\/\\\/clair.si\\\/wp-content\\\/uploads\\\/2022\\\/11\\\/clair_logo_2022.jpg\",\"width\":1920,\"height\":1920,\"caption\":\"Clair\"},\"image\":{\"@id\":\"https:\\\/\\\/clair.si\\\/#\\\/schema\\\/logo\\\/image\\\/\"},\"sameAs\":[\"https:\\\/\\\/www.facebook.com\\\/TrgovinaClair\\\/\"]}]}<\/script>\n<!-- \/ Yoast SEO plugin. -->","yoast_head_json":{"title":"Okrugli izolator za traku ili \u017eicu s urezom - Clair","description":"Okrugli izolator za traku ili \u017eicu s urezom je najprodavaniji izolator marke Horizont s UV za\u0161titom! Provjerite!","robots":{"index":"index","follow":"follow","max-snippet":"max-snippet:-1","max-image-preview":"max-image-preview:large","max-video-preview":"max-video-preview:-1"},"canonical":"https:\/\/clair.si\/hr\/izdelek\/okrugli-izolator-za-traku-ili-zicu-s-urezom-dodatno-ojacan-ranger\/","og_locale":"hr_HR","og_type":"article","og_title":"Okrugli izolator za traku ili \u017eicu s urezom - Clair","og_description":"Okrugli izolator za traku ili \u017eicu s urezom je najprodavaniji izolator marke Horizont s UV za\u0161titom! Provjerite!","og_url":"https:\/\/clair.si\/hr\/izdelek\/okrugli-izolator-za-traku-ili-zicu-s-urezom-dodatno-ojacan-ranger\/","og_site_name":"Clair","article_publisher":"https:\/\/www.facebook.com\/TrgovinaClair\/","article_modified_time":"2025-08-28T04:38:34+00:00","og_image":[{"width":600,"height":600,"url":"https:\/\/clair.si\/wp-content\/uploads\/2022\/07\/1013001-1.webp","type":"image\/jpeg"}],"twitter_card":"summary_large_image","twitter_misc":{"Procijenjeno vrijeme \u010ditanja":"1 minuta"},"schema":{"@context":"https:\/\/schema.org","@graph":[{"@type":"WebPage","@id":"https:\/\/clair.si\/hr\/izdelek\/okrugli-izolator-za-traku-ili-zicu-s-urezom-dodatno-ojacan-ranger\/","url":"https:\/\/clair.si\/hr\/izdelek\/okrugli-izolator-za-traku-ili-zicu-s-urezom-dodatno-ojacan-ranger\/","name":"Okrugli izolator za traku ili \u017eicu s urezom - Clair","isPartOf":{"@id":"https:\/\/clair.si\/#website"},"primaryImageOfPage":{"@id":"https:\/\/clair.si\/hr\/izdelek\/okrugli-izolator-za-traku-ili-zicu-s-urezom-dodatno-ojacan-ranger\/#primaryimage"},"image":{"@id":"https:\/\/clair.si\/hr\/izdelek\/okrugli-izolator-za-traku-ili-zicu-s-urezom-dodatno-ojacan-ranger\/#primaryimage"},"thumbnailUrl":"https:\/\/clair.si\/wp-content\/uploads\/2022\/07\/1013001-1.webp","datePublished":"2022-07-18T08:48:38+00:00","dateModified":"2025-08-28T04:38:34+00:00","description":"Okrugli izolator za traku ili \u017eicu s urezom je najprodavaniji izolator marke Horizont s UV za\u0161titom! Provjerite!","breadcrumb":{"@id":"https:\/\/clair.si\/hr\/izdelek\/okrugli-izolator-za-traku-ili-zicu-s-urezom-dodatno-ojacan-ranger\/#breadcrumb"},"inLanguage":"hr","potentialAction":[{"@type":"ReadAction","target":["https:\/\/clair.si\/hr\/izdelek\/okrugli-izolator-za-traku-ili-zicu-s-urezom-dodatno-ojacan-ranger\/"]}]},{"@type":"ImageObject","inLanguage":"hr","@id":"https:\/\/clair.si\/hr\/izdelek\/okrugli-izolator-za-traku-ili-zicu-s-urezom-dodatno-ojacan-ranger\/#primaryimage","url":"https:\/\/clair.si\/wp-content\/uploads\/2022\/07\/1013001-1.webp","contentUrl":"https:\/\/clair.si\/wp-content\/uploads\/2022\/07\/1013001-1.webp","width":600,"height":600},{"@type":"BreadcrumbList","@id":"https:\/\/clair.si\/hr\/izdelek\/okrugli-izolator-za-traku-ili-zicu-s-urezom-dodatno-ojacan-ranger\/#breadcrumb","itemListElement":[{"@type":"ListItem","position":1,"name":"Home","item":"https:\/\/clair.si\/hr\/"},{"@type":"ListItem","position":2,"name":"Trgovina","item":"https:\/\/clair.si\/trgovina\/"},{"@type":"ListItem","position":3,"name":"Okrugli izolator za traku ili \u017eicu s urezom, dodatno oja\u010dan Ranger"}]},{"@type":"WebSite","@id":"https:\/\/clair.si\/#website","url":"https:\/\/clair.si\/","name":"Clair","description":"Trgovina s konjeni\u0161ko opremo","publisher":{"@id":"https:\/\/clair.si\/#organization"},"potentialAction":[{"@type":"SearchAction","target":{"@type":"EntryPoint","urlTemplate":"https:\/\/clair.si\/?s={search_term_string}"},"query-input":{"@type":"PropertyValueSpecification","valueRequired":true,"valueName":"search_term_string"}}],"inLanguage":"hr"},{"@type":"Organization","@id":"https:\/\/clair.si\/#organization","name":"Clair","url":"https:\/\/clair.si\/","logo":{"@type":"ImageObject","inLanguage":"hr","@id":"https:\/\/clair.si\/#\/schema\/logo\/image\/","url":"https:\/\/clair.si\/wp-content\/uploads\/2022\/11\/clair_logo_2022.jpg","contentUrl":"https:\/\/clair.si\/wp-content\/uploads\/2022\/11\/clair_logo_2022.jpg","width":1920,"height":1920,"caption":"Clair"},"image":{"@id":"https:\/\/clair.si\/#\/schema\/logo\/image\/"},"sameAs":["https:\/\/www.facebook.com\/TrgovinaClair\/"]}]}},"_links":{"self":[{"href":"https:\/\/clair.si\/hr\/wp-json\/wp\/v2\/product\/103588","targetHints":{"allow":["GET"]}}],"collection":[{"href":"https:\/\/clair.si\/hr\/wp-json\/wp\/v2\/product"}],"about":[{"href":"https:\/\/clair.si\/hr\/wp-json\/wp\/v2\/types\/product"}],"version-history":[{"count":0,"href":"https:\/\/clair.si\/hr\/wp-json\/wp\/v2\/product\/103588\/revisions"}],"wp:featuredmedia":[{"embeddable":true,"href":"https:\/\/clair.si\/hr\/wp-json\/wp\/v2\/media\/105525"}],"wp:attachment":[{"href":"https:\/\/clair.si\/hr\/wp-json\/wp\/v2\/media?parent=103588"}],"wp:term":[{"taxonomy":"product_brand","embeddable":true,"href":"https:\/\/clair.si\/hr\/wp-json\/wp\/v2\/product_brand?post=103588"},{"taxonomy":"product_cat","embeddable":true,"href":"https:\/\/clair.si\/hr\/wp-json\/wp\/v2\/product_cat?post=103588"},{"taxonomy":"product_tag","embeddable":true,"href":"https:\/\/clair.si\/hr\/wp-json\/wp\/v2\/product_tag?post=103588"}],"curies":[{"name":"wp","href":"https:\/\/api.w.org\/{rel}","templated":true}]}}