{"id":103591,"date":"2022-07-18T13:37:37","date_gmt":"2022-07-18T11:37:37","guid":{"rendered":"https:\/\/clair.si\/izdelek\/elektricna-traka-farmer-10-mm\/"},"modified":"2026-04-07T15:26:10","modified_gmt":"2026-04-07T13:26:10","slug":"elektricna-traka-farmer-10-mm","status":"publish","type":"product","link":"https:\/\/clair.si\/hr\/izdelek\/elektricna-traka-farmer-10-mm\/","title":{"rendered":"Elektri\u010dna traka Farmer 10 mm"},"content":{"rendered":"<p>Elektri\u010dna <a href=\"https:\/\/clair.si\/hr\/kategorija\/stala-i-pasnjak\/oprema-za-pasnjake\/trake-i-zice\/\">traka<\/a> Farmer 10 mm za ogradu pa\u0161njaka izra\u0111ena je od visoko kvalitetnih pletenica isprepletenih s elektropovodljivim inox \u017eicama, \u0161to osigurava dugi vijek trajanja trake i dobru provodljivost. Primjerena je prvenstveno za manje pa\u0161njake ili \u010dredinke. <\/p>\n<p>Visoka kvaliteta materijala vodi\u010da osigurava, uz visoku provodljivost, i otpornost na trganje i vremenske utjecaje.<\/p>\n<p>Osigurajte zaista dobru provodljivost i omogu\u0107ite postavljanje ograde s \u0161to manje niskog raslinja.<\/p>\n<p>U slu\u010daju da postavljate ograde \u2013 trake u vi\u0161e razina, za optimalnu za\u0161titu va\u0161ih \u017eivotinja uvijek koristite isti provodni materijal \u2013 traku.<\/p>\n<p>Elektri\u010dna traka Farmer je dostupna u dvije boje, bijeloj i naran\u010dastoj. Bijela boja trake je, zbog kontrasta s prirodom, primjerenija za sumrak i tamu, naran\u010dasta boja trake omogu\u0107uje dobru vidljivost trake. Duljina trake je 200 m i \u0161irina 10 mm.  <\/p>\n<p>Da bi pa\u0161a va\u0161ih \u017eivotinja bila sigurna i postavljanje pa\u0161njaka dugotrajno, u slu\u010daju natrganja trake za spajanje dva kraja trake koristite dodatke kao \u0161to su vezice za 20 mm ili 40 mm traku.<\/p>\n","protected":false},"excerpt":{"rendered":"<p>Zna\u010dajke:<\/p>\n<p><img decoding=\"async\" src=\"https:\/\/sp-ao.shortpixel.ai\/client\/to_auto,q_lossy,ret_img,w_46,h_46\/https:\/\/www.agro-clair.si\/wp-content\/uploads\/2020\/05\/UV-zascita.png\"><\/p>\n","protected":false},"featured_media":103594,"template":"","meta":{"footnotes":""},"product_brand":[],"product_cat":[5820,5627,6633],"product_tag":[],"class_list":{"0":"post-103591","1":"product","2":"type-product","3":"status-publish","4":"has-post-thumbnail","6":"product_cat-oprema-za-pasnjake","7":"product_cat-stala-i-pasnjak","8":"product_cat-trake-i-zice","10":"first","11":"instock","12":"sale","13":"shipping-taxable","14":"purchasable","15":"product-type-variable"},"yoast_head":"<!-- This site is optimized with the Yoast SEO plugin v27.4 - https:\/\/yoast.com\/product\/yoast-seo-wordpress\/ -->\n<title>Elektri\u010dna traka Farmer 10 mm - Clair<\/title>\n<meta name=\"description\" content=\"Elektri\u010dna traka Farmer 10 mm je kvalitetna elektri\u010dna traka, koja je na\u0161im konjima dobro vidljiva. Provjerite u trgovini!\" \/>\n<meta name=\"robots\" content=\"index, follow, max-snippet:-1, max-image-preview:large, max-video-preview:-1\" \/>\n<link rel=\"canonical\" href=\"https:\/\/clair.si\/hr\/izdelek\/elektricna-traka-farmer-10-mm\/\" \/>\n<meta property=\"og:locale\" content=\"hr_HR\" \/>\n<meta property=\"og:type\" content=\"article\" \/>\n<meta property=\"og:title\" content=\"Elektri\u010dna traka Farmer 10 mm - Clair\" \/>\n<meta property=\"og:description\" content=\"Elektri\u010dna traka Farmer 10 mm je kvalitetna elektri\u010dna traka, koja je na\u0161im konjima dobro vidljiva. Provjerite u trgovini!\" \/>\n<meta property=\"og:url\" content=\"https:\/\/clair.si\/hr\/izdelek\/elektricna-traka-farmer-10-mm\/\" \/>\n<meta property=\"og:site_name\" content=\"Clair\" \/>\n<meta property=\"article:publisher\" content=\"https:\/\/www.facebook.com\/TrgovinaClair\/\" \/>\n<meta property=\"article:modified_time\" content=\"2026-04-07T13:26:10+00:00\" \/>\n<meta property=\"og:image\" content=\"https:\/\/clair.si\/wp-content\/uploads\/2022\/07\/TRAK-SIRINE-10-mm-Farmer-200-m-oranzen-1012101_13.jpeg\" \/>\n\t<meta property=\"og:image:width\" content=\"1920\" \/>\n\t<meta property=\"og:image:height\" content=\"1920\" \/>\n\t<meta property=\"og:image:type\" content=\"image\/jpeg\" \/>\n<meta name=\"twitter:card\" content=\"summary_large_image\" \/>\n<meta name=\"twitter:label1\" content=\"Procijenjeno vrijeme \u010ditanja\" \/>\n\t<meta name=\"twitter:data1\" content=\"1 minuta\" \/>\n<script type=\"application\/ld+json\" class=\"yoast-schema-graph\">{\"@context\":\"https:\\\/\\\/schema.org\",\"@graph\":[{\"@type\":\"WebPage\",\"@id\":\"https:\\\/\\\/clair.si\\\/hr\\\/izdelek\\\/elektricna-traka-farmer-10-mm\\\/\",\"url\":\"https:\\\/\\\/clair.si\\\/hr\\\/izdelek\\\/elektricna-traka-farmer-10-mm\\\/\",\"name\":\"Elektri\u010dna traka Farmer 10 mm - Clair\",\"isPartOf\":{\"@id\":\"https:\\\/\\\/clair.si\\\/#website\"},\"primaryImageOfPage\":{\"@id\":\"https:\\\/\\\/clair.si\\\/hr\\\/izdelek\\\/elektricna-traka-farmer-10-mm\\\/#primaryimage\"},\"image\":{\"@id\":\"https:\\\/\\\/clair.si\\\/hr\\\/izdelek\\\/elektricna-traka-farmer-10-mm\\\/#primaryimage\"},\"thumbnailUrl\":\"https:\\\/\\\/clair.si\\\/wp-content\\\/uploads\\\/2022\\\/07\\\/TRAK-SIRINE-10-mm-Farmer-200-m-oranzen-1012101_13.webp\",\"datePublished\":\"2022-07-18T11:37:37+00:00\",\"dateModified\":\"2026-04-07T13:26:10+00:00\",\"description\":\"Elektri\u010dna traka Farmer 10 mm je kvalitetna elektri\u010dna traka, koja je na\u0161im konjima dobro vidljiva. Provjerite u trgovini!\",\"breadcrumb\":{\"@id\":\"https:\\\/\\\/clair.si\\\/hr\\\/izdelek\\\/elektricna-traka-farmer-10-mm\\\/#breadcrumb\"},\"inLanguage\":\"hr\",\"potentialAction\":[{\"@type\":\"ReadAction\",\"target\":[\"https:\\\/\\\/clair.si\\\/hr\\\/izdelek\\\/elektricna-traka-farmer-10-mm\\\/\"]}]},{\"@type\":\"ImageObject\",\"inLanguage\":\"hr\",\"@id\":\"https:\\\/\\\/clair.si\\\/hr\\\/izdelek\\\/elektricna-traka-farmer-10-mm\\\/#primaryimage\",\"url\":\"https:\\\/\\\/clair.si\\\/wp-content\\\/uploads\\\/2022\\\/07\\\/TRAK-SIRINE-10-mm-Farmer-200-m-oranzen-1012101_13.webp\",\"contentUrl\":\"https:\\\/\\\/clair.si\\\/wp-content\\\/uploads\\\/2022\\\/07\\\/TRAK-SIRINE-10-mm-Farmer-200-m-oranzen-1012101_13.webp\",\"width\":1920,\"height\":1920,\"caption\":\"elektri\u010dni trak Farmer\"},{\"@type\":\"BreadcrumbList\",\"@id\":\"https:\\\/\\\/clair.si\\\/hr\\\/izdelek\\\/elektricna-traka-farmer-10-mm\\\/#breadcrumb\",\"itemListElement\":[{\"@type\":\"ListItem\",\"position\":1,\"name\":\"Home\",\"item\":\"https:\\\/\\\/clair.si\\\/hr\\\/\"},{\"@type\":\"ListItem\",\"position\":2,\"name\":\"Trgovina\",\"item\":\"https:\\\/\\\/clair.si\\\/trgovina\\\/\"},{\"@type\":\"ListItem\",\"position\":3,\"name\":\"Elektri\u010dna traka Farmer 10 mm\"}]},{\"@type\":\"WebSite\",\"@id\":\"https:\\\/\\\/clair.si\\\/#website\",\"url\":\"https:\\\/\\\/clair.si\\\/\",\"name\":\"Clair\",\"description\":\"Trgovina s konjeni\u0161ko opremo\",\"publisher\":{\"@id\":\"https:\\\/\\\/clair.si\\\/#organization\"},\"potentialAction\":[{\"@type\":\"SearchAction\",\"target\":{\"@type\":\"EntryPoint\",\"urlTemplate\":\"https:\\\/\\\/clair.si\\\/?s={search_term_string}\"},\"query-input\":{\"@type\":\"PropertyValueSpecification\",\"valueRequired\":true,\"valueName\":\"search_term_string\"}}],\"inLanguage\":\"hr\"},{\"@type\":\"Organization\",\"@id\":\"https:\\\/\\\/clair.si\\\/#organization\",\"name\":\"Clair\",\"url\":\"https:\\\/\\\/clair.si\\\/\",\"logo\":{\"@type\":\"ImageObject\",\"inLanguage\":\"hr\",\"@id\":\"https:\\\/\\\/clair.si\\\/#\\\/schema\\\/logo\\\/image\\\/\",\"url\":\"https:\\\/\\\/clair.si\\\/wp-content\\\/uploads\\\/2022\\\/11\\\/clair_logo_2022.jpg\",\"contentUrl\":\"https:\\\/\\\/clair.si\\\/wp-content\\\/uploads\\\/2022\\\/11\\\/clair_logo_2022.jpg\",\"width\":1920,\"height\":1920,\"caption\":\"Clair\"},\"image\":{\"@id\":\"https:\\\/\\\/clair.si\\\/#\\\/schema\\\/logo\\\/image\\\/\"},\"sameAs\":[\"https:\\\/\\\/www.facebook.com\\\/TrgovinaClair\\\/\"]}]}<\/script>\n<!-- \/ Yoast SEO plugin. -->","yoast_head_json":{"title":"Elektri\u010dna traka Farmer 10 mm - Clair","description":"Elektri\u010dna traka Farmer 10 mm je kvalitetna elektri\u010dna traka, koja je na\u0161im konjima dobro vidljiva. Provjerite u trgovini!","robots":{"index":"index","follow":"follow","max-snippet":"max-snippet:-1","max-image-preview":"max-image-preview:large","max-video-preview":"max-video-preview:-1"},"canonical":"https:\/\/clair.si\/hr\/izdelek\/elektricna-traka-farmer-10-mm\/","og_locale":"hr_HR","og_type":"article","og_title":"Elektri\u010dna traka Farmer 10 mm - Clair","og_description":"Elektri\u010dna traka Farmer 10 mm je kvalitetna elektri\u010dna traka, koja je na\u0161im konjima dobro vidljiva. Provjerite u trgovini!","og_url":"https:\/\/clair.si\/hr\/izdelek\/elektricna-traka-farmer-10-mm\/","og_site_name":"Clair","article_publisher":"https:\/\/www.facebook.com\/TrgovinaClair\/","article_modified_time":"2026-04-07T13:26:10+00:00","og_image":[{"width":1920,"height":1920,"url":"https:\/\/clair.si\/wp-content\/uploads\/2022\/07\/TRAK-SIRINE-10-mm-Farmer-200-m-oranzen-1012101_13.jpeg","type":"image\/jpeg"}],"twitter_card":"summary_large_image","twitter_misc":{"Procijenjeno vrijeme \u010ditanja":"1 minuta"},"schema":{"@context":"https:\/\/schema.org","@graph":[{"@type":"WebPage","@id":"https:\/\/clair.si\/hr\/izdelek\/elektricna-traka-farmer-10-mm\/","url":"https:\/\/clair.si\/hr\/izdelek\/elektricna-traka-farmer-10-mm\/","name":"Elektri\u010dna traka Farmer 10 mm - Clair","isPartOf":{"@id":"https:\/\/clair.si\/#website"},"primaryImageOfPage":{"@id":"https:\/\/clair.si\/hr\/izdelek\/elektricna-traka-farmer-10-mm\/#primaryimage"},"image":{"@id":"https:\/\/clair.si\/hr\/izdelek\/elektricna-traka-farmer-10-mm\/#primaryimage"},"thumbnailUrl":"https:\/\/clair.si\/wp-content\/uploads\/2022\/07\/TRAK-SIRINE-10-mm-Farmer-200-m-oranzen-1012101_13.webp","datePublished":"2022-07-18T11:37:37+00:00","dateModified":"2026-04-07T13:26:10+00:00","description":"Elektri\u010dna traka Farmer 10 mm je kvalitetna elektri\u010dna traka, koja je na\u0161im konjima dobro vidljiva. Provjerite u trgovini!","breadcrumb":{"@id":"https:\/\/clair.si\/hr\/izdelek\/elektricna-traka-farmer-10-mm\/#breadcrumb"},"inLanguage":"hr","potentialAction":[{"@type":"ReadAction","target":["https:\/\/clair.si\/hr\/izdelek\/elektricna-traka-farmer-10-mm\/"]}]},{"@type":"ImageObject","inLanguage":"hr","@id":"https:\/\/clair.si\/hr\/izdelek\/elektricna-traka-farmer-10-mm\/#primaryimage","url":"https:\/\/clair.si\/wp-content\/uploads\/2022\/07\/TRAK-SIRINE-10-mm-Farmer-200-m-oranzen-1012101_13.webp","contentUrl":"https:\/\/clair.si\/wp-content\/uploads\/2022\/07\/TRAK-SIRINE-10-mm-Farmer-200-m-oranzen-1012101_13.webp","width":1920,"height":1920,"caption":"elektri\u010dni trak Farmer"},{"@type":"BreadcrumbList","@id":"https:\/\/clair.si\/hr\/izdelek\/elektricna-traka-farmer-10-mm\/#breadcrumb","itemListElement":[{"@type":"ListItem","position":1,"name":"Home","item":"https:\/\/clair.si\/hr\/"},{"@type":"ListItem","position":2,"name":"Trgovina","item":"https:\/\/clair.si\/trgovina\/"},{"@type":"ListItem","position":3,"name":"Elektri\u010dna traka Farmer 10 mm"}]},{"@type":"WebSite","@id":"https:\/\/clair.si\/#website","url":"https:\/\/clair.si\/","name":"Clair","description":"Trgovina s konjeni\u0161ko opremo","publisher":{"@id":"https:\/\/clair.si\/#organization"},"potentialAction":[{"@type":"SearchAction","target":{"@type":"EntryPoint","urlTemplate":"https:\/\/clair.si\/?s={search_term_string}"},"query-input":{"@type":"PropertyValueSpecification","valueRequired":true,"valueName":"search_term_string"}}],"inLanguage":"hr"},{"@type":"Organization","@id":"https:\/\/clair.si\/#organization","name":"Clair","url":"https:\/\/clair.si\/","logo":{"@type":"ImageObject","inLanguage":"hr","@id":"https:\/\/clair.si\/#\/schema\/logo\/image\/","url":"https:\/\/clair.si\/wp-content\/uploads\/2022\/11\/clair_logo_2022.jpg","contentUrl":"https:\/\/clair.si\/wp-content\/uploads\/2022\/11\/clair_logo_2022.jpg","width":1920,"height":1920,"caption":"Clair"},"image":{"@id":"https:\/\/clair.si\/#\/schema\/logo\/image\/"},"sameAs":["https:\/\/www.facebook.com\/TrgovinaClair\/"]}]}},"_links":{"self":[{"href":"https:\/\/clair.si\/hr\/wp-json\/wp\/v2\/product\/103591","targetHints":{"allow":["GET"]}}],"collection":[{"href":"https:\/\/clair.si\/hr\/wp-json\/wp\/v2\/product"}],"about":[{"href":"https:\/\/clair.si\/hr\/wp-json\/wp\/v2\/types\/product"}],"version-history":[{"count":0,"href":"https:\/\/clair.si\/hr\/wp-json\/wp\/v2\/product\/103591\/revisions"}],"wp:featuredmedia":[{"embeddable":true,"href":"https:\/\/clair.si\/hr\/wp-json\/wp\/v2\/media\/103594"}],"wp:attachment":[{"href":"https:\/\/clair.si\/hr\/wp-json\/wp\/v2\/media?parent=103591"}],"wp:term":[{"taxonomy":"product_brand","embeddable":true,"href":"https:\/\/clair.si\/hr\/wp-json\/wp\/v2\/product_brand?post=103591"},{"taxonomy":"product_cat","embeddable":true,"href":"https:\/\/clair.si\/hr\/wp-json\/wp\/v2\/product_cat?post=103591"},{"taxonomy":"product_tag","embeddable":true,"href":"https:\/\/clair.si\/hr\/wp-json\/wp\/v2\/product_tag?post=103591"}],"curies":[{"name":"wp","href":"https:\/\/api.w.org\/{rel}","templated":true}]}}