{"id":103592,"date":"2022-07-18T11:58:06","date_gmt":"2022-07-18T09:58:06","guid":{"rendered":"https:\/\/clair.si\/izdelek\/pricvrsni-izolator-za-traku-2-cm-ranger\/"},"modified":"2025-12-07T11:18:59","modified_gmt":"2025-12-07T10:18:59","slug":"pricvrsni-izolator-za-traku-2-cm-ranger","status":"publish","type":"product","link":"https:\/\/clair.si\/hr\/izdelek\/pricvrsni-izolator-za-traku-2-cm-ranger\/","title":{"rendered":"Pri\u010dvrsni izolator za traku 2 cm Ranger"},"content":{"rendered":"<p><strong>Pri\u010dvrsni izolator za traku<\/strong> Horizont prikladan je za postavljanje pa\u0161njaka s <strong>trakom promjera do 20 mm<\/strong>.<\/p>\n<p>Pri\u010dvr\u0161\u0107uje se na stupi\u0107 \u010davlima ili vijcima.<\/p>\n<p><strong>Dr\u017ei ravnu liniju<\/strong> trake bez da je fiksno pri\u010dvrstimo na izolator.<\/p>\n<p>Dizajniran je da bude izdr\u017eljiv, ima odli\u010dne izolacijske karakteristike i <strong>otpornu plastiku<\/strong> na vremenske uvjete.<\/p>\n","protected":false},"excerpt":{"rendered":"<p>U kompletu je 10 komada.<\/p>\n","protected":false},"featured_media":103593,"template":"","meta":{"footnotes":""},"product_brand":[],"product_cat":[6304,5820,5627],"product_tag":[],"class_list":{"0":"post-103592","1":"product","2":"type-product","3":"status-publish","4":"has-post-thumbnail","6":"product_cat-izolatori","7":"product_cat-oprema-za-pasnjake","8":"product_cat-stala-i-pasnjak","10":"first","11":"instock","12":"shipping-taxable","13":"purchasable","14":"product-type-simple"},"yoast_head":"<!-- This site is optimized with the Yoast SEO plugin v27.3 - https:\/\/yoast.com\/product\/yoast-seo-wordpress\/ -->\n<title>Pri\u010dvrsni izolator za traku 2 cm Ranger - Clair<\/title>\n<meta name=\"description\" content=\"Pri\u010dvrsni izolator za traku 2 cm Ranger mo\u017eete prona\u0107i u na\u0161oj web trgovini. Provjerite online i osigurajte svoj primjerak.\" \/>\n<meta name=\"robots\" content=\"index, follow, max-snippet:-1, max-image-preview:large, max-video-preview:-1\" \/>\n<link rel=\"canonical\" href=\"https:\/\/clair.si\/hr\/izdelek\/pricvrsni-izolator-za-traku-2-cm-ranger\/\" \/>\n<meta property=\"og:locale\" content=\"hr_HR\" \/>\n<meta property=\"og:type\" content=\"article\" \/>\n<meta property=\"og:title\" content=\"Pri\u010dvrsni izolator za traku 2 cm Ranger - Clair\" \/>\n<meta property=\"og:description\" content=\"Pri\u010dvrsni izolator za traku 2 cm Ranger mo\u017eete prona\u0107i u na\u0161oj web trgovini. Provjerite online i osigurajte svoj primjerak.\" \/>\n<meta property=\"og:url\" content=\"https:\/\/clair.si\/hr\/izdelek\/pricvrsni-izolator-za-traku-2-cm-ranger\/\" \/>\n<meta property=\"og:site_name\" content=\"Clair\" \/>\n<meta property=\"article:publisher\" content=\"https:\/\/www.facebook.com\/TrgovinaClair\/\" \/>\n<meta property=\"article:modified_time\" content=\"2025-12-07T10:18:59+00:00\" \/>\n<meta property=\"og:image\" content=\"https:\/\/clair.si\/wp-content\/uploads\/2022\/07\/Izolator-za-trak-1013005.jpeg\" \/>\n\t<meta property=\"og:image:width\" content=\"500\" \/>\n\t<meta property=\"og:image:height\" content=\"500\" \/>\n\t<meta property=\"og:image:type\" content=\"image\/jpeg\" \/>\n<meta name=\"twitter:card\" content=\"summary_large_image\" \/>\n<script type=\"application\/ld+json\" class=\"yoast-schema-graph\">{\"@context\":\"https:\\\/\\\/schema.org\",\"@graph\":[{\"@type\":\"WebPage\",\"@id\":\"https:\\\/\\\/clair.si\\\/hr\\\/izdelek\\\/pricvrsni-izolator-za-traku-2-cm-ranger\\\/\",\"url\":\"https:\\\/\\\/clair.si\\\/hr\\\/izdelek\\\/pricvrsni-izolator-za-traku-2-cm-ranger\\\/\",\"name\":\"Pri\u010dvrsni izolator za traku 2 cm Ranger - Clair\",\"isPartOf\":{\"@id\":\"https:\\\/\\\/clair.si\\\/#website\"},\"primaryImageOfPage\":{\"@id\":\"https:\\\/\\\/clair.si\\\/hr\\\/izdelek\\\/pricvrsni-izolator-za-traku-2-cm-ranger\\\/#primaryimage\"},\"image\":{\"@id\":\"https:\\\/\\\/clair.si\\\/hr\\\/izdelek\\\/pricvrsni-izolator-za-traku-2-cm-ranger\\\/#primaryimage\"},\"thumbnailUrl\":\"https:\\\/\\\/clair.si\\\/wp-content\\\/uploads\\\/2022\\\/07\\\/Izolator-za-trak-1013005.webp\",\"datePublished\":\"2022-07-18T09:58:06+00:00\",\"dateModified\":\"2025-12-07T10:18:59+00:00\",\"description\":\"Pri\u010dvrsni izolator za traku 2 cm Ranger mo\u017eete prona\u0107i u na\u0161oj web trgovini. Provjerite online i osigurajte svoj primjerak.\",\"breadcrumb\":{\"@id\":\"https:\\\/\\\/clair.si\\\/hr\\\/izdelek\\\/pricvrsni-izolator-za-traku-2-cm-ranger\\\/#breadcrumb\"},\"inLanguage\":\"hr\",\"potentialAction\":[{\"@type\":\"ReadAction\",\"target\":[\"https:\\\/\\\/clair.si\\\/hr\\\/izdelek\\\/pricvrsni-izolator-za-traku-2-cm-ranger\\\/\"]}]},{\"@type\":\"ImageObject\",\"inLanguage\":\"hr\",\"@id\":\"https:\\\/\\\/clair.si\\\/hr\\\/izdelek\\\/pricvrsni-izolator-za-traku-2-cm-ranger\\\/#primaryimage\",\"url\":\"https:\\\/\\\/clair.si\\\/wp-content\\\/uploads\\\/2022\\\/07\\\/Izolator-za-trak-1013005.webp\",\"contentUrl\":\"https:\\\/\\\/clair.si\\\/wp-content\\\/uploads\\\/2022\\\/07\\\/Izolator-za-trak-1013005.webp\",\"width\":500,\"height\":500,\"caption\":\"Pribitni izolator za trak 2 cm\"},{\"@type\":\"BreadcrumbList\",\"@id\":\"https:\\\/\\\/clair.si\\\/hr\\\/izdelek\\\/pricvrsni-izolator-za-traku-2-cm-ranger\\\/#breadcrumb\",\"itemListElement\":[{\"@type\":\"ListItem\",\"position\":1,\"name\":\"Home\",\"item\":\"https:\\\/\\\/clair.si\\\/hr\\\/\"},{\"@type\":\"ListItem\",\"position\":2,\"name\":\"Trgovina\",\"item\":\"https:\\\/\\\/clair.si\\\/trgovina\\\/\"},{\"@type\":\"ListItem\",\"position\":3,\"name\":\"Pri\u010dvrsni izolator za traku 2 cm Ranger\"}]},{\"@type\":\"WebSite\",\"@id\":\"https:\\\/\\\/clair.si\\\/#website\",\"url\":\"https:\\\/\\\/clair.si\\\/\",\"name\":\"Clair\",\"description\":\"Trgovina s konjeni\u0161ko opremo\",\"publisher\":{\"@id\":\"https:\\\/\\\/clair.si\\\/#organization\"},\"potentialAction\":[{\"@type\":\"SearchAction\",\"target\":{\"@type\":\"EntryPoint\",\"urlTemplate\":\"https:\\\/\\\/clair.si\\\/?s={search_term_string}\"},\"query-input\":{\"@type\":\"PropertyValueSpecification\",\"valueRequired\":true,\"valueName\":\"search_term_string\"}}],\"inLanguage\":\"hr\"},{\"@type\":\"Organization\",\"@id\":\"https:\\\/\\\/clair.si\\\/#organization\",\"name\":\"Clair\",\"url\":\"https:\\\/\\\/clair.si\\\/\",\"logo\":{\"@type\":\"ImageObject\",\"inLanguage\":\"hr\",\"@id\":\"https:\\\/\\\/clair.si\\\/#\\\/schema\\\/logo\\\/image\\\/\",\"url\":\"https:\\\/\\\/clair.si\\\/wp-content\\\/uploads\\\/2022\\\/11\\\/clair_logo_2022.jpg\",\"contentUrl\":\"https:\\\/\\\/clair.si\\\/wp-content\\\/uploads\\\/2022\\\/11\\\/clair_logo_2022.jpg\",\"width\":1920,\"height\":1920,\"caption\":\"Clair\"},\"image\":{\"@id\":\"https:\\\/\\\/clair.si\\\/#\\\/schema\\\/logo\\\/image\\\/\"},\"sameAs\":[\"https:\\\/\\\/www.facebook.com\\\/TrgovinaClair\\\/\"]}]}<\/script>\n<!-- \/ Yoast SEO plugin. -->","yoast_head_json":{"title":"Pri\u010dvrsni izolator za traku 2 cm Ranger - Clair","description":"Pri\u010dvrsni izolator za traku 2 cm Ranger mo\u017eete prona\u0107i u na\u0161oj web trgovini. Provjerite online i osigurajte svoj primjerak.","robots":{"index":"index","follow":"follow","max-snippet":"max-snippet:-1","max-image-preview":"max-image-preview:large","max-video-preview":"max-video-preview:-1"},"canonical":"https:\/\/clair.si\/hr\/izdelek\/pricvrsni-izolator-za-traku-2-cm-ranger\/","og_locale":"hr_HR","og_type":"article","og_title":"Pri\u010dvrsni izolator za traku 2 cm Ranger - Clair","og_description":"Pri\u010dvrsni izolator za traku 2 cm Ranger mo\u017eete prona\u0107i u na\u0161oj web trgovini. Provjerite online i osigurajte svoj primjerak.","og_url":"https:\/\/clair.si\/hr\/izdelek\/pricvrsni-izolator-za-traku-2-cm-ranger\/","og_site_name":"Clair","article_publisher":"https:\/\/www.facebook.com\/TrgovinaClair\/","article_modified_time":"2025-12-07T10:18:59+00:00","og_image":[{"width":500,"height":500,"url":"https:\/\/clair.si\/wp-content\/uploads\/2022\/07\/Izolator-za-trak-1013005.jpeg","type":"image\/jpeg"}],"twitter_card":"summary_large_image","schema":{"@context":"https:\/\/schema.org","@graph":[{"@type":"WebPage","@id":"https:\/\/clair.si\/hr\/izdelek\/pricvrsni-izolator-za-traku-2-cm-ranger\/","url":"https:\/\/clair.si\/hr\/izdelek\/pricvrsni-izolator-za-traku-2-cm-ranger\/","name":"Pri\u010dvrsni izolator za traku 2 cm Ranger - Clair","isPartOf":{"@id":"https:\/\/clair.si\/#website"},"primaryImageOfPage":{"@id":"https:\/\/clair.si\/hr\/izdelek\/pricvrsni-izolator-za-traku-2-cm-ranger\/#primaryimage"},"image":{"@id":"https:\/\/clair.si\/hr\/izdelek\/pricvrsni-izolator-za-traku-2-cm-ranger\/#primaryimage"},"thumbnailUrl":"https:\/\/clair.si\/wp-content\/uploads\/2022\/07\/Izolator-za-trak-1013005.webp","datePublished":"2022-07-18T09:58:06+00:00","dateModified":"2025-12-07T10:18:59+00:00","description":"Pri\u010dvrsni izolator za traku 2 cm Ranger mo\u017eete prona\u0107i u na\u0161oj web trgovini. Provjerite online i osigurajte svoj primjerak.","breadcrumb":{"@id":"https:\/\/clair.si\/hr\/izdelek\/pricvrsni-izolator-za-traku-2-cm-ranger\/#breadcrumb"},"inLanguage":"hr","potentialAction":[{"@type":"ReadAction","target":["https:\/\/clair.si\/hr\/izdelek\/pricvrsni-izolator-za-traku-2-cm-ranger\/"]}]},{"@type":"ImageObject","inLanguage":"hr","@id":"https:\/\/clair.si\/hr\/izdelek\/pricvrsni-izolator-za-traku-2-cm-ranger\/#primaryimage","url":"https:\/\/clair.si\/wp-content\/uploads\/2022\/07\/Izolator-za-trak-1013005.webp","contentUrl":"https:\/\/clair.si\/wp-content\/uploads\/2022\/07\/Izolator-za-trak-1013005.webp","width":500,"height":500,"caption":"Pribitni izolator za trak 2 cm"},{"@type":"BreadcrumbList","@id":"https:\/\/clair.si\/hr\/izdelek\/pricvrsni-izolator-za-traku-2-cm-ranger\/#breadcrumb","itemListElement":[{"@type":"ListItem","position":1,"name":"Home","item":"https:\/\/clair.si\/hr\/"},{"@type":"ListItem","position":2,"name":"Trgovina","item":"https:\/\/clair.si\/trgovina\/"},{"@type":"ListItem","position":3,"name":"Pri\u010dvrsni izolator za traku 2 cm Ranger"}]},{"@type":"WebSite","@id":"https:\/\/clair.si\/#website","url":"https:\/\/clair.si\/","name":"Clair","description":"Trgovina s konjeni\u0161ko opremo","publisher":{"@id":"https:\/\/clair.si\/#organization"},"potentialAction":[{"@type":"SearchAction","target":{"@type":"EntryPoint","urlTemplate":"https:\/\/clair.si\/?s={search_term_string}"},"query-input":{"@type":"PropertyValueSpecification","valueRequired":true,"valueName":"search_term_string"}}],"inLanguage":"hr"},{"@type":"Organization","@id":"https:\/\/clair.si\/#organization","name":"Clair","url":"https:\/\/clair.si\/","logo":{"@type":"ImageObject","inLanguage":"hr","@id":"https:\/\/clair.si\/#\/schema\/logo\/image\/","url":"https:\/\/clair.si\/wp-content\/uploads\/2022\/11\/clair_logo_2022.jpg","contentUrl":"https:\/\/clair.si\/wp-content\/uploads\/2022\/11\/clair_logo_2022.jpg","width":1920,"height":1920,"caption":"Clair"},"image":{"@id":"https:\/\/clair.si\/#\/schema\/logo\/image\/"},"sameAs":["https:\/\/www.facebook.com\/TrgovinaClair\/"]}]}},"_links":{"self":[{"href":"https:\/\/clair.si\/hr\/wp-json\/wp\/v2\/product\/103592","targetHints":{"allow":["GET"]}}],"collection":[{"href":"https:\/\/clair.si\/hr\/wp-json\/wp\/v2\/product"}],"about":[{"href":"https:\/\/clair.si\/hr\/wp-json\/wp\/v2\/types\/product"}],"version-history":[{"count":0,"href":"https:\/\/clair.si\/hr\/wp-json\/wp\/v2\/product\/103592\/revisions"}],"wp:featuredmedia":[{"embeddable":true,"href":"https:\/\/clair.si\/hr\/wp-json\/wp\/v2\/media\/103593"}],"wp:attachment":[{"href":"https:\/\/clair.si\/hr\/wp-json\/wp\/v2\/media?parent=103592"}],"wp:term":[{"taxonomy":"product_brand","embeddable":true,"href":"https:\/\/clair.si\/hr\/wp-json\/wp\/v2\/product_brand?post=103592"},{"taxonomy":"product_cat","embeddable":true,"href":"https:\/\/clair.si\/hr\/wp-json\/wp\/v2\/product_cat?post=103592"},{"taxonomy":"product_tag","embeddable":true,"href":"https:\/\/clair.si\/hr\/wp-json\/wp\/v2\/product_tag?post=103592"}],"curies":[{"name":"wp","href":"https:\/\/api.w.org\/{rel}","templated":true}]}}