{"id":103599,"date":"2022-07-14T13:23:19","date_gmt":"2022-07-14T11:23:19","guid":{"rendered":"https:\/\/clair.si\/izdelek\/australsko-sedlo-norton-club\/"},"modified":"2026-03-04T14:25:25","modified_gmt":"2026-03-04T13:25:25","slug":"australsko-sedlo-norton-club","status":"publish","type":"product","link":"https:\/\/clair.si\/hr\/izdelek\/australsko-sedlo-norton-club\/","title":{"rendered":"Australsko sedlo NORTON Club"},"content":{"rendered":"<p><span class=\"VIiyi\" lang=\"sl\"><span class=\"JLqJ4b ChMk0b\"><span class=\"Q4iAWc\"><strong>Australsko sedlo NORTON Club,<\/strong> sedlo u dvije sme\u0111e nijanse, izra\u0111eno od bivolje ko\u017ee. Ima iznimno duboko sjedalo i vrlo udobno sjedalo. <\/span><\/span> <\/span><\/p>\n<p><span class=\"VIiyi\" lang=\"sl\"><span class=\"JLqJ4b ChMk0b\"><span class=\"Q4iAWc\">Sedla su punjena vunenim punilom, podstavljena filcom.<\/span><\/span><\/span><\/p>\n<p><span class=\"VIiyi\" lang=\"sl\"><span class=\"JLqJ4b ChMk0b\"><span class=\"Q4iAWc\"> <strong>Australsko sedlo NORTON Club<\/strong> lijepo je ukra\u0161eno vidljivim \u0161avovima i metalnim gumbima zlatne boje.<\/span><\/span> <\/span><\/p>\n<p><span class=\"VIiyi\" lang=\"sl\"> <span class=\"JLqJ4b ChMk0b\"><span class=\"Q4iAWc\">Sedlo dobivate s parom ko\u017enih stremena, parom ko\u017enih uzengija, 78 cm pamu\u010dnim remenom s dvije kop\u010de i ko\u017enim stra\u017enjim remenom.<\/span><\/span><\/span><\/p>\n","protected":false},"excerpt":{"rendered":"<p><span class=\"VIiyi\" lang=\"sl\"><span class=\"JLqJ4b ChMk0b\"><span class=\"Q4iAWc\"><strong>Australsko sedlo NORTON Club,<\/strong> sedlo u dvije sme\u0111e nijanse, izra\u0111eno od bivolje ko\u017ee. Ima iznimno duboko sjedalo i vrlo udobno sjedalo. <\/span><\/span><\/span><\/p>\n","protected":false},"featured_media":103603,"template":"","meta":{"footnotes":""},"product_brand":[],"product_cat":[5657,5624,5940,5944,5794,6125],"product_tag":[],"class_list":{"0":"post-103599","1":"product","2":"type-product","3":"status-publish","4":"has-post-thumbnail","6":"product_cat-kategorije-hr","7":"product_cat-konj-hr","8":"product_cat-sedla-hr","9":"product_cat-sedla-hr-2","10":"product_cat-western-hr","11":"product_cat-western-i-australska-sedla","13":"first","14":"instock","15":"sale","16":"shipping-taxable","17":"purchasable","18":"product-type-variable"},"yoast_head":"<!-- This site is optimized with the Yoast SEO plugin v27.4 - https:\/\/yoast.com\/product\/yoast-seo-wordpress\/ -->\n<title>Australsko sedlo NORTON Club - Clair<\/title>\n<meta name=\"description\" content=\"Australsko sedlo NORTON Club, sedlo u dvije sme\u0111e nijanse, izra\u0111eno od bivolje ko\u017ee. Ima iznimno duboko sjedalo i vrlo udobno sjedalo.\" \/>\n<meta name=\"robots\" content=\"index, follow, max-snippet:-1, max-image-preview:large, max-video-preview:-1\" \/>\n<link rel=\"canonical\" href=\"https:\/\/clair.si\/hr\/izdelek\/australsko-sedlo-norton-club\/\" \/>\n<meta property=\"og:locale\" content=\"hr_HR\" \/>\n<meta property=\"og:type\" content=\"article\" \/>\n<meta property=\"og:title\" content=\"Australsko sedlo NORTON Club - Clair\" \/>\n<meta property=\"og:description\" content=\"Australsko sedlo NORTON Club, sedlo u dvije sme\u0111e nijanse, izra\u0111eno od bivolje ko\u017ee. Ima iznimno duboko sjedalo i vrlo udobno sjedalo.\" \/>\n<meta property=\"og:url\" content=\"https:\/\/clair.si\/hr\/izdelek\/australsko-sedlo-norton-club\/\" \/>\n<meta property=\"og:site_name\" content=\"Clair\" \/>\n<meta property=\"article:publisher\" content=\"https:\/\/www.facebook.com\/TrgovinaClair\/\" \/>\n<meta property=\"article:modified_time\" content=\"2026-03-04T13:25:25+00:00\" \/>\n<meta property=\"og:image\" content=\"https:\/\/clair.si\/wp-content\/uploads\/2022\/07\/norton-club-avstralsko-sedlo.jpg\" \/>\n\t<meta property=\"og:image:width\" content=\"800\" \/>\n\t<meta property=\"og:image:height\" content=\"800\" \/>\n\t<meta property=\"og:image:type\" content=\"image\/jpeg\" \/>\n<meta name=\"twitter:card\" content=\"summary_large_image\" \/>\n<script type=\"application\/ld+json\" class=\"yoast-schema-graph\">{\"@context\":\"https:\\\/\\\/schema.org\",\"@graph\":[{\"@type\":\"WebPage\",\"@id\":\"https:\\\/\\\/clair.si\\\/hr\\\/izdelek\\\/australsko-sedlo-norton-club\\\/\",\"url\":\"https:\\\/\\\/clair.si\\\/hr\\\/izdelek\\\/australsko-sedlo-norton-club\\\/\",\"name\":\"Australsko sedlo NORTON Club - Clair\",\"isPartOf\":{\"@id\":\"https:\\\/\\\/clair.si\\\/#website\"},\"primaryImageOfPage\":{\"@id\":\"https:\\\/\\\/clair.si\\\/hr\\\/izdelek\\\/australsko-sedlo-norton-club\\\/#primaryimage\"},\"image\":{\"@id\":\"https:\\\/\\\/clair.si\\\/hr\\\/izdelek\\\/australsko-sedlo-norton-club\\\/#primaryimage\"},\"thumbnailUrl\":\"https:\\\/\\\/clair.si\\\/wp-content\\\/uploads\\\/2022\\\/07\\\/norton-club-avstralsko-sedlo.webp\",\"datePublished\":\"2022-07-14T11:23:19+00:00\",\"dateModified\":\"2026-03-04T13:25:25+00:00\",\"description\":\"Australsko sedlo NORTON Club, sedlo u dvije sme\u0111e nijanse, izra\u0111eno od bivolje ko\u017ee. Ima iznimno duboko sjedalo i vrlo udobno sjedalo.\",\"breadcrumb\":{\"@id\":\"https:\\\/\\\/clair.si\\\/hr\\\/izdelek\\\/australsko-sedlo-norton-club\\\/#breadcrumb\"},\"inLanguage\":\"hr\",\"potentialAction\":[{\"@type\":\"ReadAction\",\"target\":[\"https:\\\/\\\/clair.si\\\/hr\\\/izdelek\\\/australsko-sedlo-norton-club\\\/\"]}]},{\"@type\":\"ImageObject\",\"inLanguage\":\"hr\",\"@id\":\"https:\\\/\\\/clair.si\\\/hr\\\/izdelek\\\/australsko-sedlo-norton-club\\\/#primaryimage\",\"url\":\"https:\\\/\\\/clair.si\\\/wp-content\\\/uploads\\\/2022\\\/07\\\/norton-club-avstralsko-sedlo.webp\",\"contentUrl\":\"https:\\\/\\\/clair.si\\\/wp-content\\\/uploads\\\/2022\\\/07\\\/norton-club-avstralsko-sedlo.webp\",\"width\":800,\"height\":800,\"caption\":\"Avstralsko sedlo Norton.\"},{\"@type\":\"BreadcrumbList\",\"@id\":\"https:\\\/\\\/clair.si\\\/hr\\\/izdelek\\\/australsko-sedlo-norton-club\\\/#breadcrumb\",\"itemListElement\":[{\"@type\":\"ListItem\",\"position\":1,\"name\":\"Home\",\"item\":\"https:\\\/\\\/clair.si\\\/hr\\\/\"},{\"@type\":\"ListItem\",\"position\":2,\"name\":\"Trgovina\",\"item\":\"https:\\\/\\\/clair.si\\\/trgovina\\\/\"},{\"@type\":\"ListItem\",\"position\":3,\"name\":\"Australsko sedlo NORTON Club\"}]},{\"@type\":\"WebSite\",\"@id\":\"https:\\\/\\\/clair.si\\\/#website\",\"url\":\"https:\\\/\\\/clair.si\\\/\",\"name\":\"Clair\",\"description\":\"Trgovina s konjeni\u0161ko opremo\",\"publisher\":{\"@id\":\"https:\\\/\\\/clair.si\\\/#organization\"},\"potentialAction\":[{\"@type\":\"SearchAction\",\"target\":{\"@type\":\"EntryPoint\",\"urlTemplate\":\"https:\\\/\\\/clair.si\\\/?s={search_term_string}\"},\"query-input\":{\"@type\":\"PropertyValueSpecification\",\"valueRequired\":true,\"valueName\":\"search_term_string\"}}],\"inLanguage\":\"hr\"},{\"@type\":\"Organization\",\"@id\":\"https:\\\/\\\/clair.si\\\/#organization\",\"name\":\"Clair\",\"url\":\"https:\\\/\\\/clair.si\\\/\",\"logo\":{\"@type\":\"ImageObject\",\"inLanguage\":\"hr\",\"@id\":\"https:\\\/\\\/clair.si\\\/#\\\/schema\\\/logo\\\/image\\\/\",\"url\":\"https:\\\/\\\/clair.si\\\/wp-content\\\/uploads\\\/2022\\\/11\\\/clair_logo_2022.jpg\",\"contentUrl\":\"https:\\\/\\\/clair.si\\\/wp-content\\\/uploads\\\/2022\\\/11\\\/clair_logo_2022.jpg\",\"width\":1920,\"height\":1920,\"caption\":\"Clair\"},\"image\":{\"@id\":\"https:\\\/\\\/clair.si\\\/#\\\/schema\\\/logo\\\/image\\\/\"},\"sameAs\":[\"https:\\\/\\\/www.facebook.com\\\/TrgovinaClair\\\/\"]}]}<\/script>\n<!-- \/ Yoast SEO plugin. -->","yoast_head_json":{"title":"Australsko sedlo NORTON Club - Clair","description":"Australsko sedlo NORTON Club, sedlo u dvije sme\u0111e nijanse, izra\u0111eno od bivolje ko\u017ee. Ima iznimno duboko sjedalo i vrlo udobno sjedalo.","robots":{"index":"index","follow":"follow","max-snippet":"max-snippet:-1","max-image-preview":"max-image-preview:large","max-video-preview":"max-video-preview:-1"},"canonical":"https:\/\/clair.si\/hr\/izdelek\/australsko-sedlo-norton-club\/","og_locale":"hr_HR","og_type":"article","og_title":"Australsko sedlo NORTON Club - Clair","og_description":"Australsko sedlo NORTON Club, sedlo u dvije sme\u0111e nijanse, izra\u0111eno od bivolje ko\u017ee. Ima iznimno duboko sjedalo i vrlo udobno sjedalo.","og_url":"https:\/\/clair.si\/hr\/izdelek\/australsko-sedlo-norton-club\/","og_site_name":"Clair","article_publisher":"https:\/\/www.facebook.com\/TrgovinaClair\/","article_modified_time":"2026-03-04T13:25:25+00:00","og_image":[{"width":800,"height":800,"url":"https:\/\/clair.si\/wp-content\/uploads\/2022\/07\/norton-club-avstralsko-sedlo.jpg","type":"image\/jpeg"}],"twitter_card":"summary_large_image","schema":{"@context":"https:\/\/schema.org","@graph":[{"@type":"WebPage","@id":"https:\/\/clair.si\/hr\/izdelek\/australsko-sedlo-norton-club\/","url":"https:\/\/clair.si\/hr\/izdelek\/australsko-sedlo-norton-club\/","name":"Australsko sedlo NORTON Club - Clair","isPartOf":{"@id":"https:\/\/clair.si\/#website"},"primaryImageOfPage":{"@id":"https:\/\/clair.si\/hr\/izdelek\/australsko-sedlo-norton-club\/#primaryimage"},"image":{"@id":"https:\/\/clair.si\/hr\/izdelek\/australsko-sedlo-norton-club\/#primaryimage"},"thumbnailUrl":"https:\/\/clair.si\/wp-content\/uploads\/2022\/07\/norton-club-avstralsko-sedlo.webp","datePublished":"2022-07-14T11:23:19+00:00","dateModified":"2026-03-04T13:25:25+00:00","description":"Australsko sedlo NORTON Club, sedlo u dvije sme\u0111e nijanse, izra\u0111eno od bivolje ko\u017ee. Ima iznimno duboko sjedalo i vrlo udobno sjedalo.","breadcrumb":{"@id":"https:\/\/clair.si\/hr\/izdelek\/australsko-sedlo-norton-club\/#breadcrumb"},"inLanguage":"hr","potentialAction":[{"@type":"ReadAction","target":["https:\/\/clair.si\/hr\/izdelek\/australsko-sedlo-norton-club\/"]}]},{"@type":"ImageObject","inLanguage":"hr","@id":"https:\/\/clair.si\/hr\/izdelek\/australsko-sedlo-norton-club\/#primaryimage","url":"https:\/\/clair.si\/wp-content\/uploads\/2022\/07\/norton-club-avstralsko-sedlo.webp","contentUrl":"https:\/\/clair.si\/wp-content\/uploads\/2022\/07\/norton-club-avstralsko-sedlo.webp","width":800,"height":800,"caption":"Avstralsko sedlo Norton."},{"@type":"BreadcrumbList","@id":"https:\/\/clair.si\/hr\/izdelek\/australsko-sedlo-norton-club\/#breadcrumb","itemListElement":[{"@type":"ListItem","position":1,"name":"Home","item":"https:\/\/clair.si\/hr\/"},{"@type":"ListItem","position":2,"name":"Trgovina","item":"https:\/\/clair.si\/trgovina\/"},{"@type":"ListItem","position":3,"name":"Australsko sedlo NORTON Club"}]},{"@type":"WebSite","@id":"https:\/\/clair.si\/#website","url":"https:\/\/clair.si\/","name":"Clair","description":"Trgovina s konjeni\u0161ko opremo","publisher":{"@id":"https:\/\/clair.si\/#organization"},"potentialAction":[{"@type":"SearchAction","target":{"@type":"EntryPoint","urlTemplate":"https:\/\/clair.si\/?s={search_term_string}"},"query-input":{"@type":"PropertyValueSpecification","valueRequired":true,"valueName":"search_term_string"}}],"inLanguage":"hr"},{"@type":"Organization","@id":"https:\/\/clair.si\/#organization","name":"Clair","url":"https:\/\/clair.si\/","logo":{"@type":"ImageObject","inLanguage":"hr","@id":"https:\/\/clair.si\/#\/schema\/logo\/image\/","url":"https:\/\/clair.si\/wp-content\/uploads\/2022\/11\/clair_logo_2022.jpg","contentUrl":"https:\/\/clair.si\/wp-content\/uploads\/2022\/11\/clair_logo_2022.jpg","width":1920,"height":1920,"caption":"Clair"},"image":{"@id":"https:\/\/clair.si\/#\/schema\/logo\/image\/"},"sameAs":["https:\/\/www.facebook.com\/TrgovinaClair\/"]}]}},"_links":{"self":[{"href":"https:\/\/clair.si\/hr\/wp-json\/wp\/v2\/product\/103599","targetHints":{"allow":["GET"]}}],"collection":[{"href":"https:\/\/clair.si\/hr\/wp-json\/wp\/v2\/product"}],"about":[{"href":"https:\/\/clair.si\/hr\/wp-json\/wp\/v2\/types\/product"}],"version-history":[{"count":0,"href":"https:\/\/clair.si\/hr\/wp-json\/wp\/v2\/product\/103599\/revisions"}],"wp:featuredmedia":[{"embeddable":true,"href":"https:\/\/clair.si\/hr\/wp-json\/wp\/v2\/media\/103603"}],"wp:attachment":[{"href":"https:\/\/clair.si\/hr\/wp-json\/wp\/v2\/media?parent=103599"}],"wp:term":[{"taxonomy":"product_brand","embeddable":true,"href":"https:\/\/clair.si\/hr\/wp-json\/wp\/v2\/product_brand?post=103599"},{"taxonomy":"product_cat","embeddable":true,"href":"https:\/\/clair.si\/hr\/wp-json\/wp\/v2\/product_cat?post=103599"},{"taxonomy":"product_tag","embeddable":true,"href":"https:\/\/clair.si\/hr\/wp-json\/wp\/v2\/product_tag?post=103599"}],"curies":[{"name":"wp","href":"https:\/\/api.w.org\/{rel}","templated":true}]}}