{"id":103631,"date":"2022-07-14T09:42:28","date_gmt":"2022-07-14T07:42:28","guid":{"rendered":"https:\/\/clair.si\/izdelek\/elektricni-pastir-horizont-hotshock-n500\/"},"modified":"2025-08-28T06:02:04","modified_gmt":"2025-08-28T04:02:04","slug":"elektricni-pastir-horizont-hotshock-n500","status":"publish","type":"product","link":"https:\/\/clair.si\/hr\/izdelek\/elektricni-pastir-horizont-hotshock-n500\/","title":{"rendered":"Elektri\u010dni pastir Horizont Hotshock N500"},"content":{"rendered":"<p><strong><a href=\"https:\/\/clair.si\/hr\/kategorija\/elektricni-pastiri\/\">Elektri\u010dni pastir<\/a> Horizont Hotshock N500<\/strong> je primjeren za konje i sprje\u010dava vukove da u\u0111u u ogradu.<\/p>\n<p><strong>Osim uzemljenja, ima dva priklju\u010dka.<\/strong> Jedan priklju\u010dak za normalan rad i drugi, koji ima ograni\u010denu snagu djelovanja na maksimalno 1 J, koji mo\u017ee poslu\u017eiti da postavimo manju ogradu na istom podru\u010dju.<\/p>\n<p>Izra\u0111en je od <strong>visoko kvalitetne plastike<\/strong> i otporan je na UV zrake, kontakt s uljima, udarce, kontakt s vodom i ima torzijsku otpornost. To osigurava da \u0107e <strong>elektri\u010dni pastir Horizont Hotshock N500<\/strong> pouzdano raditi du\u017ee vrijeme. <\/p>\n<p><strong>Elektri\u010dni pastir Horizont<\/strong> <strong>Hotshock<\/strong> je tako\u0111er primjeren za za\u0161titu dugodlakih i neosjetljivih \u017eivotinja na elektri\u010dne impulse od divljih zvijeri, zbog odgovaraju\u0107e napetosti.<\/p>\n<p>Dodatne informacije:<\/p>\n<ul>\n<li>Kontrola pulsa: kada ure\u0111aj ne radi optimalno, upali se svjetlo upozorenja<\/li>\n<li>Nadzor snage: pokazuje aktivnost ure\u0111aja treptanjem svjetla tijekom pulsiranja<\/li>\n<li>Ure\u0111aj ima ventilacijske otvore koji slu\u017ee za odvod kondenzata<\/li>\n<li>Testirano i izra\u0111eno u skladu s va\u017ee\u0107im zakonodavstvom EU i sigurnosnim standardima EN 60335-7-76 i DIN EN ISO 9001.<\/li>\n<\/ul>\n<p><strong>Uklju\u010deno u isporuku elektri\u010dnog pastira Horizont:<\/strong><\/p>\n<ul>\n<li>Zidni ulo\u0161ci i vijci<\/li>\n<li>Priklju\u010dni kabel za priklju\u010dak na elektri\u010dnu mre\u017eu 230V<\/li>\n<\/ul>\n","protected":false},"excerpt":{"rendered":"<p>Zna\u010dajke:<\/p>\n<p><img decoding=\"async\" src=\"https:\/\/sp-ao.shortpixel.ai\/client\/to_auto,q_lossy,ret_img,w_46,h_46\/https:\/\/www.agro-clair.si\/wp-content\/uploads\/2020\/05\/kontrolna-funkcija.png\"> <img decoding=\"async\" src=\"https:\/\/sp-ao.shortpixel.ai\/client\/to_auto,q_lossy,ret_img,w_46,h_46\/https:\/\/www.agro-clair.si\/wp-content\/uploads\/2020\/05\/kontrola-napetosti-ograje.png\"> <img decoding=\"async\" src=\"https:\/\/sp-ao.shortpixel.ai\/client\/to_auto,q_lossy,ret_img,w_46,h_46\/https:\/\/www.agro-clair.si\/wp-content\/uploads\/2020\/05\/dva-ograjna-terminala.png\"> <img decoding=\"async\" src=\"https:\/\/sp-ao.shortpixel.ai\/client\/to_auto,q_lossy,ret_img,w_46,h_46\/https:\/\/www.agro-clair.si\/wp-content\/uploads\/2020\/05\/UV-zascita.png\"> <img decoding=\"async\" src=\"https:\/\/sp-ao.shortpixel.ai\/client\/to_auto,q_lossy,ret_img,w_46,h_46\/https:\/\/www.agro-clair.si\/wp-content\/uploads\/2020\/05\/polikarobnat.png\"><\/p>\n","protected":false},"featured_media":103635,"template":"","meta":{"footnotes":""},"product_brand":[],"product_cat":[5856,5820,5627],"product_tag":[],"class_list":{"0":"post-103631","1":"product","2":"type-product","3":"status-publish","4":"has-post-thumbnail","6":"product_cat-elektricni-pastiri","7":"product_cat-oprema-za-pasnjake","8":"product_cat-stala-i-pasnjak","10":"first","11":"instock","12":"sale","13":"shipping-taxable","14":"purchasable","15":"product-type-simple"},"yoast_head":"<!-- This site is optimized with the Yoast SEO plugin v27.4 - https:\/\/yoast.com\/product\/yoast-seo-wordpress\/ -->\n<title>Elektri\u010dni pastir Horizont Hotshock N500 - Clair<\/title>\n<meta name=\"description\" content=\"Elektri\u010dni pastir Horizont Hotshock N500 je sna\u017eniji elektri\u010dni pastir koji je primjeren za ogra\u0111ivanje na\u0161ih konja. Provjerite web trgovinu!\" \/>\n<meta name=\"robots\" content=\"index, follow, max-snippet:-1, max-image-preview:large, max-video-preview:-1\" \/>\n<link rel=\"canonical\" href=\"https:\/\/clair.si\/hr\/izdelek\/elektricni-pastir-horizont-hotshock-n500\/\" \/>\n<meta property=\"og:locale\" content=\"hr_HR\" \/>\n<meta property=\"og:type\" content=\"article\" \/>\n<meta property=\"og:title\" content=\"Elektri\u010dni pastir Horizont Hotshock N500 - Clair\" \/>\n<meta property=\"og:description\" content=\"Elektri\u010dni pastir Horizont Hotshock N500 je sna\u017eniji elektri\u010dni pastir koji je primjeren za ogra\u0111ivanje na\u0161ih konja. Provjerite web trgovinu!\" \/>\n<meta property=\"og:url\" content=\"https:\/\/clair.si\/hr\/izdelek\/elektricni-pastir-horizont-hotshock-n500\/\" \/>\n<meta property=\"og:site_name\" content=\"Clair\" \/>\n<meta property=\"article:publisher\" content=\"https:\/\/www.facebook.com\/TrgovinaClair\/\" \/>\n<meta property=\"article:modified_time\" content=\"2025-08-28T04:02:04+00:00\" \/>\n<meta property=\"og:image\" content=\"https:\/\/clair.si\/wp-content\/uploads\/2022\/07\/Elektricni-pastir-Horizont-Hotshock-N500-3.jpeg\" \/>\n\t<meta property=\"og:image:width\" content=\"1500\" \/>\n\t<meta property=\"og:image:height\" content=\"1500\" \/>\n\t<meta property=\"og:image:type\" content=\"image\/jpeg\" \/>\n<meta name=\"twitter:card\" content=\"summary_large_image\" \/>\n<meta name=\"twitter:label1\" content=\"Procijenjeno vrijeme \u010ditanja\" \/>\n\t<meta name=\"twitter:data1\" content=\"1 minuta\" \/>\n<script type=\"application\/ld+json\" class=\"yoast-schema-graph\">{\"@context\":\"https:\\\/\\\/schema.org\",\"@graph\":[{\"@type\":\"WebPage\",\"@id\":\"https:\\\/\\\/clair.si\\\/hr\\\/izdelek\\\/elektricni-pastir-horizont-hotshock-n500\\\/\",\"url\":\"https:\\\/\\\/clair.si\\\/hr\\\/izdelek\\\/elektricni-pastir-horizont-hotshock-n500\\\/\",\"name\":\"Elektri\u010dni pastir Horizont Hotshock N500 - Clair\",\"isPartOf\":{\"@id\":\"https:\\\/\\\/clair.si\\\/#website\"},\"primaryImageOfPage\":{\"@id\":\"https:\\\/\\\/clair.si\\\/hr\\\/izdelek\\\/elektricni-pastir-horizont-hotshock-n500\\\/#primaryimage\"},\"image\":{\"@id\":\"https:\\\/\\\/clair.si\\\/hr\\\/izdelek\\\/elektricni-pastir-horizont-hotshock-n500\\\/#primaryimage\"},\"thumbnailUrl\":\"https:\\\/\\\/clair.si\\\/wp-content\\\/uploads\\\/2022\\\/07\\\/Elektricni-pastir-Horizont-Hotshock-N500-3.webp\",\"datePublished\":\"2022-07-14T07:42:28+00:00\",\"dateModified\":\"2025-08-28T04:02:04+00:00\",\"description\":\"Elektri\u010dni pastir Horizont Hotshock N500 je sna\u017eniji elektri\u010dni pastir koji je primjeren za ogra\u0111ivanje na\u0161ih konja. Provjerite web trgovinu!\",\"breadcrumb\":{\"@id\":\"https:\\\/\\\/clair.si\\\/hr\\\/izdelek\\\/elektricni-pastir-horizont-hotshock-n500\\\/#breadcrumb\"},\"inLanguage\":\"hr\",\"potentialAction\":[{\"@type\":\"ReadAction\",\"target\":[\"https:\\\/\\\/clair.si\\\/hr\\\/izdelek\\\/elektricni-pastir-horizont-hotshock-n500\\\/\"]}]},{\"@type\":\"ImageObject\",\"inLanguage\":\"hr\",\"@id\":\"https:\\\/\\\/clair.si\\\/hr\\\/izdelek\\\/elektricni-pastir-horizont-hotshock-n500\\\/#primaryimage\",\"url\":\"https:\\\/\\\/clair.si\\\/wp-content\\\/uploads\\\/2022\\\/07\\\/Elektricni-pastir-Horizont-Hotshock-N500-3.webp\",\"contentUrl\":\"https:\\\/\\\/clair.si\\\/wp-content\\\/uploads\\\/2022\\\/07\\\/Elektricni-pastir-Horizont-Hotshock-N500-3.webp\",\"width\":1500,\"height\":1500},{\"@type\":\"BreadcrumbList\",\"@id\":\"https:\\\/\\\/clair.si\\\/hr\\\/izdelek\\\/elektricni-pastir-horizont-hotshock-n500\\\/#breadcrumb\",\"itemListElement\":[{\"@type\":\"ListItem\",\"position\":1,\"name\":\"Home\",\"item\":\"https:\\\/\\\/clair.si\\\/hr\\\/\"},{\"@type\":\"ListItem\",\"position\":2,\"name\":\"Trgovina\",\"item\":\"https:\\\/\\\/clair.si\\\/trgovina\\\/\"},{\"@type\":\"ListItem\",\"position\":3,\"name\":\"Elektri\u010dni pastir Horizont Hotshock N500\"}]},{\"@type\":\"WebSite\",\"@id\":\"https:\\\/\\\/clair.si\\\/#website\",\"url\":\"https:\\\/\\\/clair.si\\\/\",\"name\":\"Clair\",\"description\":\"Trgovina s konjeni\u0161ko opremo\",\"publisher\":{\"@id\":\"https:\\\/\\\/clair.si\\\/#organization\"},\"potentialAction\":[{\"@type\":\"SearchAction\",\"target\":{\"@type\":\"EntryPoint\",\"urlTemplate\":\"https:\\\/\\\/clair.si\\\/?s={search_term_string}\"},\"query-input\":{\"@type\":\"PropertyValueSpecification\",\"valueRequired\":true,\"valueName\":\"search_term_string\"}}],\"inLanguage\":\"hr\"},{\"@type\":\"Organization\",\"@id\":\"https:\\\/\\\/clair.si\\\/#organization\",\"name\":\"Clair\",\"url\":\"https:\\\/\\\/clair.si\\\/\",\"logo\":{\"@type\":\"ImageObject\",\"inLanguage\":\"hr\",\"@id\":\"https:\\\/\\\/clair.si\\\/#\\\/schema\\\/logo\\\/image\\\/\",\"url\":\"https:\\\/\\\/clair.si\\\/wp-content\\\/uploads\\\/2022\\\/11\\\/clair_logo_2022.jpg\",\"contentUrl\":\"https:\\\/\\\/clair.si\\\/wp-content\\\/uploads\\\/2022\\\/11\\\/clair_logo_2022.jpg\",\"width\":1920,\"height\":1920,\"caption\":\"Clair\"},\"image\":{\"@id\":\"https:\\\/\\\/clair.si\\\/#\\\/schema\\\/logo\\\/image\\\/\"},\"sameAs\":[\"https:\\\/\\\/www.facebook.com\\\/TrgovinaClair\\\/\"]}]}<\/script>\n<!-- \/ Yoast SEO plugin. -->","yoast_head_json":{"title":"Elektri\u010dni pastir Horizont Hotshock N500 - Clair","description":"Elektri\u010dni pastir Horizont Hotshock N500 je sna\u017eniji elektri\u010dni pastir koji je primjeren za ogra\u0111ivanje na\u0161ih konja. Provjerite web trgovinu!","robots":{"index":"index","follow":"follow","max-snippet":"max-snippet:-1","max-image-preview":"max-image-preview:large","max-video-preview":"max-video-preview:-1"},"canonical":"https:\/\/clair.si\/hr\/izdelek\/elektricni-pastir-horizont-hotshock-n500\/","og_locale":"hr_HR","og_type":"article","og_title":"Elektri\u010dni pastir Horizont Hotshock N500 - Clair","og_description":"Elektri\u010dni pastir Horizont Hotshock N500 je sna\u017eniji elektri\u010dni pastir koji je primjeren za ogra\u0111ivanje na\u0161ih konja. Provjerite web trgovinu!","og_url":"https:\/\/clair.si\/hr\/izdelek\/elektricni-pastir-horizont-hotshock-n500\/","og_site_name":"Clair","article_publisher":"https:\/\/www.facebook.com\/TrgovinaClair\/","article_modified_time":"2025-08-28T04:02:04+00:00","og_image":[{"width":1500,"height":1500,"url":"https:\/\/clair.si\/wp-content\/uploads\/2022\/07\/Elektricni-pastir-Horizont-Hotshock-N500-3.jpeg","type":"image\/jpeg"}],"twitter_card":"summary_large_image","twitter_misc":{"Procijenjeno vrijeme \u010ditanja":"1 minuta"},"schema":{"@context":"https:\/\/schema.org","@graph":[{"@type":"WebPage","@id":"https:\/\/clair.si\/hr\/izdelek\/elektricni-pastir-horizont-hotshock-n500\/","url":"https:\/\/clair.si\/hr\/izdelek\/elektricni-pastir-horizont-hotshock-n500\/","name":"Elektri\u010dni pastir Horizont Hotshock N500 - Clair","isPartOf":{"@id":"https:\/\/clair.si\/#website"},"primaryImageOfPage":{"@id":"https:\/\/clair.si\/hr\/izdelek\/elektricni-pastir-horizont-hotshock-n500\/#primaryimage"},"image":{"@id":"https:\/\/clair.si\/hr\/izdelek\/elektricni-pastir-horizont-hotshock-n500\/#primaryimage"},"thumbnailUrl":"https:\/\/clair.si\/wp-content\/uploads\/2022\/07\/Elektricni-pastir-Horizont-Hotshock-N500-3.webp","datePublished":"2022-07-14T07:42:28+00:00","dateModified":"2025-08-28T04:02:04+00:00","description":"Elektri\u010dni pastir Horizont Hotshock N500 je sna\u017eniji elektri\u010dni pastir koji je primjeren za ogra\u0111ivanje na\u0161ih konja. Provjerite web trgovinu!","breadcrumb":{"@id":"https:\/\/clair.si\/hr\/izdelek\/elektricni-pastir-horizont-hotshock-n500\/#breadcrumb"},"inLanguage":"hr","potentialAction":[{"@type":"ReadAction","target":["https:\/\/clair.si\/hr\/izdelek\/elektricni-pastir-horizont-hotshock-n500\/"]}]},{"@type":"ImageObject","inLanguage":"hr","@id":"https:\/\/clair.si\/hr\/izdelek\/elektricni-pastir-horizont-hotshock-n500\/#primaryimage","url":"https:\/\/clair.si\/wp-content\/uploads\/2022\/07\/Elektricni-pastir-Horizont-Hotshock-N500-3.webp","contentUrl":"https:\/\/clair.si\/wp-content\/uploads\/2022\/07\/Elektricni-pastir-Horizont-Hotshock-N500-3.webp","width":1500,"height":1500},{"@type":"BreadcrumbList","@id":"https:\/\/clair.si\/hr\/izdelek\/elektricni-pastir-horizont-hotshock-n500\/#breadcrumb","itemListElement":[{"@type":"ListItem","position":1,"name":"Home","item":"https:\/\/clair.si\/hr\/"},{"@type":"ListItem","position":2,"name":"Trgovina","item":"https:\/\/clair.si\/trgovina\/"},{"@type":"ListItem","position":3,"name":"Elektri\u010dni pastir Horizont Hotshock N500"}]},{"@type":"WebSite","@id":"https:\/\/clair.si\/#website","url":"https:\/\/clair.si\/","name":"Clair","description":"Trgovina s konjeni\u0161ko opremo","publisher":{"@id":"https:\/\/clair.si\/#organization"},"potentialAction":[{"@type":"SearchAction","target":{"@type":"EntryPoint","urlTemplate":"https:\/\/clair.si\/?s={search_term_string}"},"query-input":{"@type":"PropertyValueSpecification","valueRequired":true,"valueName":"search_term_string"}}],"inLanguage":"hr"},{"@type":"Organization","@id":"https:\/\/clair.si\/#organization","name":"Clair","url":"https:\/\/clair.si\/","logo":{"@type":"ImageObject","inLanguage":"hr","@id":"https:\/\/clair.si\/#\/schema\/logo\/image\/","url":"https:\/\/clair.si\/wp-content\/uploads\/2022\/11\/clair_logo_2022.jpg","contentUrl":"https:\/\/clair.si\/wp-content\/uploads\/2022\/11\/clair_logo_2022.jpg","width":1920,"height":1920,"caption":"Clair"},"image":{"@id":"https:\/\/clair.si\/#\/schema\/logo\/image\/"},"sameAs":["https:\/\/www.facebook.com\/TrgovinaClair\/"]}]}},"_links":{"self":[{"href":"https:\/\/clair.si\/hr\/wp-json\/wp\/v2\/product\/103631","targetHints":{"allow":["GET"]}}],"collection":[{"href":"https:\/\/clair.si\/hr\/wp-json\/wp\/v2\/product"}],"about":[{"href":"https:\/\/clair.si\/hr\/wp-json\/wp\/v2\/types\/product"}],"version-history":[{"count":0,"href":"https:\/\/clair.si\/hr\/wp-json\/wp\/v2\/product\/103631\/revisions"}],"wp:featuredmedia":[{"embeddable":true,"href":"https:\/\/clair.si\/hr\/wp-json\/wp\/v2\/media\/103635"}],"wp:attachment":[{"href":"https:\/\/clair.si\/hr\/wp-json\/wp\/v2\/media?parent=103631"}],"wp:term":[{"taxonomy":"product_brand","embeddable":true,"href":"https:\/\/clair.si\/hr\/wp-json\/wp\/v2\/product_brand?post=103631"},{"taxonomy":"product_cat","embeddable":true,"href":"https:\/\/clair.si\/hr\/wp-json\/wp\/v2\/product_cat?post=103631"},{"taxonomy":"product_tag","embeddable":true,"href":"https:\/\/clair.si\/hr\/wp-json\/wp\/v2\/product_tag?post=103631"}],"curies":[{"name":"wp","href":"https:\/\/api.w.org\/{rel}","templated":true}]}}