{"id":103632,"date":"2022-07-14T08:36:06","date_gmt":"2022-07-14T06:36:06","guid":{"rendered":"https:\/\/clair.si\/izdelek\/elektricni-pastir-horizont-farmer-as50-solar\/"},"modified":"2025-08-28T06:10:29","modified_gmt":"2025-08-28T04:10:29","slug":"elektricni-pastir-horizont-farmer-as50-solar","status":"publish","type":"product","link":"https:\/\/clair.si\/hr\/izdelek\/elektricni-pastir-horizont-farmer-as50-solar\/","title":{"rendered":"Elektri\u010dni pastir Horizont Farmer AS50 Solar"},"content":{"rendered":"<p>Ku\u0107i\u0161te <strong>elektri\u010dnog pastira Horizont Farmer AS50<\/strong> izra\u0111eno je od visokokvalitetne <strong>ABS plastike<\/strong>, koja je iznimno robusna.<\/p>\n<p>Na proizvod je 3 godine jamstva. Na ure\u0111aju je <strong>10W solarni panel<\/strong>, koji je izra\u0111en od kaljenog stakla i na koji je 4 godine jamstva, a u ure\u0111aju je skrivena <strong>12V punjiva baterija<\/strong>. <\/p>\n<p>Sustav automatski prebacuje izme\u0111u punjenja i potro\u0161nje te <strong>automatski uravnava energiju<\/strong> i osigurava <strong>ekonomi\u010dnost<\/strong> elektri\u010dnog pastira. Elektri\u010dni sustav za solarno punjenje integriran je u ku\u0107i\u0161tu ure\u0111aja, tako da je za\u0161ti\u0107en od vremenskih utjecaja. <\/p>\n<p><strong>Elektri\u010dni pastir Horizont Farmer AS50<\/strong> je <strong>otporan<\/strong> na UV zrake, vodu i kontakt s uljima.<\/p>\n<p>Dodatne informacije:<\/p>\n<ul>\n<li>Mogu\u0107nost priklju\u010dka na elektri\u010dnu mre\u017eu 230V, s kojom mo\u017eemo napuniti 12V bateriju u ure\u0111aju<\/li>\n<li>Ekolo\u0161ki prihvatljiv ure\u0111aj<\/li>\n<li>Jednostavno preno\u0161enje jednom rukom<\/li>\n<li>3 razinski kontrolni ekran<\/li>\n<li>Savjet: Prije uporabe napunite bateriju<\/li>\n<li>Uti\u010dnica za uzemljenje nalazi se u ku\u0107i\u0161tu ure\u0111aja.<\/li>\n<\/ul>\n<p><strong>Uklju\u010deno u isporuku elektri\u010dnog pastira:<\/strong><\/p>\n<ul>\n<li>Priklju\u010dni kabel za ogradu i uzemljenje<\/li>\n<li>Priklju\u010dni kabel za priklju\u010dak na elektri\u010dnu mre\u017eu 230V<\/li>\n<li>10W solarni panel<\/li>\n<li>12V punjiva baterija<\/li>\n<\/ul>\n","protected":false},"excerpt":{"rendered":"<p>Zna\u010dajke:<\/p>\n<p><img decoding=\"async\" src=\"https:\/\/sp-ao.shortpixel.ai\/client\/to_auto,q_lossy,ret_img,w_46,h_46\/https:\/\/www.agro-clair.si\/wp-content\/uploads\/2020\/05\/elektricnakontrola.png\"> <img decoding=\"async\" src=\"https:\/\/sp-ao.shortpixel.ai\/client\/to_auto,q_lossy,ret_img,w_46,h_46\/https:\/\/www.agro-clair.si\/wp-content\/uploads\/2020\/05\/vklop.png\"> <img decoding=\"async\" src=\"https:\/\/sp-ao.shortpixel.ai\/client\/to_auto,q_lossy,ret_img,w_46,h_46\/https:\/\/www.agro-clair.si\/wp-content\/uploads\/2020\/05\/solar.png\"> <img decoding=\"async\" src=\"https:\/\/sp-ao.shortpixel.ai\/client\/to_auto,q_lossy,ret_img,w_46,h_46\/https:\/\/www.agro-clair.si\/wp-content\/uploads\/2020\/05\/rocaj.png\"> <img decoding=\"async\" src=\"https:\/\/sp-ao.shortpixel.ai\/client\/to_auto,q_lossy,ret_img,w_46,h_46\/https:\/\/www.agro-clair.si\/wp-content\/uploads\/2020\/05\/UV-zascita.png\"> <img decoding=\"async\" src=\"https:\/\/sp-ao.shortpixel.ai\/client\/to_auto,q_lossy,ret_img,w_46,h_46\/https:\/\/www.agro-clair.si\/wp-content\/uploads\/2020\/05\/polikarobnat.png\"> <img decoding=\"async\" src=\"https:\/\/sp-ao.shortpixel.ai\/client\/to_auto,q_lossy,ret_img,w_46,h_46\/https:\/\/www.agro-clair.si\/wp-content\/uploads\/2020\/05\/ecomoc.png\"><\/p>\n","protected":false},"featured_media":103640,"template":"","meta":{"footnotes":""},"product_brand":[],"product_cat":[5856,5820,5627],"product_tag":[],"class_list":{"0":"post-103632","1":"product","2":"type-product","3":"status-publish","4":"has-post-thumbnail","6":"product_cat-elektricni-pastiri","7":"product_cat-oprema-za-pasnjake","8":"product_cat-stala-i-pasnjak","10":"first","11":"outofstock","12":"sale","13":"shipping-taxable","14":"purchasable","15":"product-type-simple"},"yoast_head":"<!-- This site is optimized with the Yoast SEO plugin v27.4 - https:\/\/yoast.com\/product\/yoast-seo-wordpress\/ -->\n<title>Elektri\u010dni pastir Horizont Farmer Solar - Clair<\/title>\n<meta name=\"description\" content=\"Elektri\u010dni pastir Horizont Farmer Solar primjeren je za ograde mirnijih konja. Provjerite ponudu u web trgovini!\" \/>\n<meta name=\"robots\" content=\"index, follow, max-snippet:-1, max-image-preview:large, max-video-preview:-1\" \/>\n<link rel=\"canonical\" href=\"https:\/\/clair.si\/hr\/izdelek\/elektricni-pastir-horizont-farmer-as50-solar\/\" \/>\n<meta property=\"og:locale\" content=\"hr_HR\" \/>\n<meta property=\"og:type\" content=\"article\" \/>\n<meta property=\"og:title\" content=\"Elektri\u010dni pastir Horizont Farmer Solar - Clair\" \/>\n<meta property=\"og:description\" content=\"Elektri\u010dni pastir Horizont Farmer Solar primjeren je za ograde mirnijih konja. Provjerite ponudu u web trgovini!\" \/>\n<meta property=\"og:url\" content=\"https:\/\/clair.si\/hr\/izdelek\/elektricni-pastir-horizont-farmer-as50-solar\/\" \/>\n<meta property=\"og:site_name\" content=\"Clair\" \/>\n<meta property=\"article:publisher\" content=\"https:\/\/www.facebook.com\/TrgovinaClair\/\" \/>\n<meta property=\"article:modified_time\" content=\"2025-08-28T04:10:29+00:00\" \/>\n<meta property=\"og:image\" content=\"https:\/\/clair.si\/wp-content\/uploads\/2022\/07\/Elektricni-pastir-Horizont-Farmer-AS50-Solar-3.jpeg\" \/>\n\t<meta property=\"og:image:width\" content=\"1500\" \/>\n\t<meta property=\"og:image:height\" content=\"1500\" \/>\n\t<meta property=\"og:image:type\" content=\"image\/jpeg\" \/>\n<meta name=\"twitter:card\" content=\"summary_large_image\" \/>\n<meta name=\"twitter:label1\" content=\"Procijenjeno vrijeme \u010ditanja\" \/>\n\t<meta name=\"twitter:data1\" content=\"1 minuta\" \/>\n<script type=\"application\/ld+json\" class=\"yoast-schema-graph\">{\"@context\":\"https:\\\/\\\/schema.org\",\"@graph\":[{\"@type\":\"WebPage\",\"@id\":\"https:\\\/\\\/clair.si\\\/hr\\\/izdelek\\\/elektricni-pastir-horizont-farmer-as50-solar\\\/\",\"url\":\"https:\\\/\\\/clair.si\\\/hr\\\/izdelek\\\/elektricni-pastir-horizont-farmer-as50-solar\\\/\",\"name\":\"Elektri\u010dni pastir Horizont Farmer Solar - Clair\",\"isPartOf\":{\"@id\":\"https:\\\/\\\/clair.si\\\/#website\"},\"primaryImageOfPage\":{\"@id\":\"https:\\\/\\\/clair.si\\\/hr\\\/izdelek\\\/elektricni-pastir-horizont-farmer-as50-solar\\\/#primaryimage\"},\"image\":{\"@id\":\"https:\\\/\\\/clair.si\\\/hr\\\/izdelek\\\/elektricni-pastir-horizont-farmer-as50-solar\\\/#primaryimage\"},\"thumbnailUrl\":\"https:\\\/\\\/clair.si\\\/wp-content\\\/uploads\\\/2022\\\/07\\\/Elektricni-pastir-Horizont-Farmer-AS50-Solar-3.webp\",\"datePublished\":\"2022-07-14T06:36:06+00:00\",\"dateModified\":\"2025-08-28T04:10:29+00:00\",\"description\":\"Elektri\u010dni pastir Horizont Farmer Solar primjeren je za ograde mirnijih konja. Provjerite ponudu u web trgovini!\",\"breadcrumb\":{\"@id\":\"https:\\\/\\\/clair.si\\\/hr\\\/izdelek\\\/elektricni-pastir-horizont-farmer-as50-solar\\\/#breadcrumb\"},\"inLanguage\":\"hr\",\"potentialAction\":[{\"@type\":\"ReadAction\",\"target\":[\"https:\\\/\\\/clair.si\\\/hr\\\/izdelek\\\/elektricni-pastir-horizont-farmer-as50-solar\\\/\"]}]},{\"@type\":\"ImageObject\",\"inLanguage\":\"hr\",\"@id\":\"https:\\\/\\\/clair.si\\\/hr\\\/izdelek\\\/elektricni-pastir-horizont-farmer-as50-solar\\\/#primaryimage\",\"url\":\"https:\\\/\\\/clair.si\\\/wp-content\\\/uploads\\\/2022\\\/07\\\/Elektricni-pastir-Horizont-Farmer-AS50-Solar-3.webp\",\"contentUrl\":\"https:\\\/\\\/clair.si\\\/wp-content\\\/uploads\\\/2022\\\/07\\\/Elektricni-pastir-Horizont-Farmer-AS50-Solar-3.webp\",\"width\":1500,\"height\":1500},{\"@type\":\"BreadcrumbList\",\"@id\":\"https:\\\/\\\/clair.si\\\/hr\\\/izdelek\\\/elektricni-pastir-horizont-farmer-as50-solar\\\/#breadcrumb\",\"itemListElement\":[{\"@type\":\"ListItem\",\"position\":1,\"name\":\"Home\",\"item\":\"https:\\\/\\\/clair.si\\\/hr\\\/\"},{\"@type\":\"ListItem\",\"position\":2,\"name\":\"Trgovina\",\"item\":\"https:\\\/\\\/clair.si\\\/trgovina\\\/\"},{\"@type\":\"ListItem\",\"position\":3,\"name\":\"Elektri\u010dni pastir Horizont Farmer AS50 Solar\"}]},{\"@type\":\"WebSite\",\"@id\":\"https:\\\/\\\/clair.si\\\/#website\",\"url\":\"https:\\\/\\\/clair.si\\\/\",\"name\":\"Clair\",\"description\":\"Trgovina s konjeni\u0161ko opremo\",\"publisher\":{\"@id\":\"https:\\\/\\\/clair.si\\\/#organization\"},\"potentialAction\":[{\"@type\":\"SearchAction\",\"target\":{\"@type\":\"EntryPoint\",\"urlTemplate\":\"https:\\\/\\\/clair.si\\\/?s={search_term_string}\"},\"query-input\":{\"@type\":\"PropertyValueSpecification\",\"valueRequired\":true,\"valueName\":\"search_term_string\"}}],\"inLanguage\":\"hr\"},{\"@type\":\"Organization\",\"@id\":\"https:\\\/\\\/clair.si\\\/#organization\",\"name\":\"Clair\",\"url\":\"https:\\\/\\\/clair.si\\\/\",\"logo\":{\"@type\":\"ImageObject\",\"inLanguage\":\"hr\",\"@id\":\"https:\\\/\\\/clair.si\\\/#\\\/schema\\\/logo\\\/image\\\/\",\"url\":\"https:\\\/\\\/clair.si\\\/wp-content\\\/uploads\\\/2022\\\/11\\\/clair_logo_2022.jpg\",\"contentUrl\":\"https:\\\/\\\/clair.si\\\/wp-content\\\/uploads\\\/2022\\\/11\\\/clair_logo_2022.jpg\",\"width\":1920,\"height\":1920,\"caption\":\"Clair\"},\"image\":{\"@id\":\"https:\\\/\\\/clair.si\\\/#\\\/schema\\\/logo\\\/image\\\/\"},\"sameAs\":[\"https:\\\/\\\/www.facebook.com\\\/TrgovinaClair\\\/\"]}]}<\/script>\n<!-- \/ Yoast SEO plugin. -->","yoast_head_json":{"title":"Elektri\u010dni pastir Horizont Farmer Solar - Clair","description":"Elektri\u010dni pastir Horizont Farmer Solar primjeren je za ograde mirnijih konja. Provjerite ponudu u web trgovini!","robots":{"index":"index","follow":"follow","max-snippet":"max-snippet:-1","max-image-preview":"max-image-preview:large","max-video-preview":"max-video-preview:-1"},"canonical":"https:\/\/clair.si\/hr\/izdelek\/elektricni-pastir-horizont-farmer-as50-solar\/","og_locale":"hr_HR","og_type":"article","og_title":"Elektri\u010dni pastir Horizont Farmer Solar - Clair","og_description":"Elektri\u010dni pastir Horizont Farmer Solar primjeren je za ograde mirnijih konja. Provjerite ponudu u web trgovini!","og_url":"https:\/\/clair.si\/hr\/izdelek\/elektricni-pastir-horizont-farmer-as50-solar\/","og_site_name":"Clair","article_publisher":"https:\/\/www.facebook.com\/TrgovinaClair\/","article_modified_time":"2025-08-28T04:10:29+00:00","og_image":[{"width":1500,"height":1500,"url":"https:\/\/clair.si\/wp-content\/uploads\/2022\/07\/Elektricni-pastir-Horizont-Farmer-AS50-Solar-3.jpeg","type":"image\/jpeg"}],"twitter_card":"summary_large_image","twitter_misc":{"Procijenjeno vrijeme \u010ditanja":"1 minuta"},"schema":{"@context":"https:\/\/schema.org","@graph":[{"@type":"WebPage","@id":"https:\/\/clair.si\/hr\/izdelek\/elektricni-pastir-horizont-farmer-as50-solar\/","url":"https:\/\/clair.si\/hr\/izdelek\/elektricni-pastir-horizont-farmer-as50-solar\/","name":"Elektri\u010dni pastir Horizont Farmer Solar - Clair","isPartOf":{"@id":"https:\/\/clair.si\/#website"},"primaryImageOfPage":{"@id":"https:\/\/clair.si\/hr\/izdelek\/elektricni-pastir-horizont-farmer-as50-solar\/#primaryimage"},"image":{"@id":"https:\/\/clair.si\/hr\/izdelek\/elektricni-pastir-horizont-farmer-as50-solar\/#primaryimage"},"thumbnailUrl":"https:\/\/clair.si\/wp-content\/uploads\/2022\/07\/Elektricni-pastir-Horizont-Farmer-AS50-Solar-3.webp","datePublished":"2022-07-14T06:36:06+00:00","dateModified":"2025-08-28T04:10:29+00:00","description":"Elektri\u010dni pastir Horizont Farmer Solar primjeren je za ograde mirnijih konja. Provjerite ponudu u web trgovini!","breadcrumb":{"@id":"https:\/\/clair.si\/hr\/izdelek\/elektricni-pastir-horizont-farmer-as50-solar\/#breadcrumb"},"inLanguage":"hr","potentialAction":[{"@type":"ReadAction","target":["https:\/\/clair.si\/hr\/izdelek\/elektricni-pastir-horizont-farmer-as50-solar\/"]}]},{"@type":"ImageObject","inLanguage":"hr","@id":"https:\/\/clair.si\/hr\/izdelek\/elektricni-pastir-horizont-farmer-as50-solar\/#primaryimage","url":"https:\/\/clair.si\/wp-content\/uploads\/2022\/07\/Elektricni-pastir-Horizont-Farmer-AS50-Solar-3.webp","contentUrl":"https:\/\/clair.si\/wp-content\/uploads\/2022\/07\/Elektricni-pastir-Horizont-Farmer-AS50-Solar-3.webp","width":1500,"height":1500},{"@type":"BreadcrumbList","@id":"https:\/\/clair.si\/hr\/izdelek\/elektricni-pastir-horizont-farmer-as50-solar\/#breadcrumb","itemListElement":[{"@type":"ListItem","position":1,"name":"Home","item":"https:\/\/clair.si\/hr\/"},{"@type":"ListItem","position":2,"name":"Trgovina","item":"https:\/\/clair.si\/trgovina\/"},{"@type":"ListItem","position":3,"name":"Elektri\u010dni pastir Horizont Farmer AS50 Solar"}]},{"@type":"WebSite","@id":"https:\/\/clair.si\/#website","url":"https:\/\/clair.si\/","name":"Clair","description":"Trgovina s konjeni\u0161ko opremo","publisher":{"@id":"https:\/\/clair.si\/#organization"},"potentialAction":[{"@type":"SearchAction","target":{"@type":"EntryPoint","urlTemplate":"https:\/\/clair.si\/?s={search_term_string}"},"query-input":{"@type":"PropertyValueSpecification","valueRequired":true,"valueName":"search_term_string"}}],"inLanguage":"hr"},{"@type":"Organization","@id":"https:\/\/clair.si\/#organization","name":"Clair","url":"https:\/\/clair.si\/","logo":{"@type":"ImageObject","inLanguage":"hr","@id":"https:\/\/clair.si\/#\/schema\/logo\/image\/","url":"https:\/\/clair.si\/wp-content\/uploads\/2022\/11\/clair_logo_2022.jpg","contentUrl":"https:\/\/clair.si\/wp-content\/uploads\/2022\/11\/clair_logo_2022.jpg","width":1920,"height":1920,"caption":"Clair"},"image":{"@id":"https:\/\/clair.si\/#\/schema\/logo\/image\/"},"sameAs":["https:\/\/www.facebook.com\/TrgovinaClair\/"]}]}},"_links":{"self":[{"href":"https:\/\/clair.si\/hr\/wp-json\/wp\/v2\/product\/103632","targetHints":{"allow":["GET"]}}],"collection":[{"href":"https:\/\/clair.si\/hr\/wp-json\/wp\/v2\/product"}],"about":[{"href":"https:\/\/clair.si\/hr\/wp-json\/wp\/v2\/types\/product"}],"version-history":[{"count":0,"href":"https:\/\/clair.si\/hr\/wp-json\/wp\/v2\/product\/103632\/revisions"}],"wp:featuredmedia":[{"embeddable":true,"href":"https:\/\/clair.si\/hr\/wp-json\/wp\/v2\/media\/103640"}],"wp:attachment":[{"href":"https:\/\/clair.si\/hr\/wp-json\/wp\/v2\/media?parent=103632"}],"wp:term":[{"taxonomy":"product_brand","embeddable":true,"href":"https:\/\/clair.si\/hr\/wp-json\/wp\/v2\/product_brand?post=103632"},{"taxonomy":"product_cat","embeddable":true,"href":"https:\/\/clair.si\/hr\/wp-json\/wp\/v2\/product_cat?post=103632"},{"taxonomy":"product_tag","embeddable":true,"href":"https:\/\/clair.si\/hr\/wp-json\/wp\/v2\/product_tag?post=103632"}],"curies":[{"name":"wp","href":"https:\/\/api.w.org\/{rel}","templated":true}]}}