{"id":103633,"date":"2022-07-13T12:20:36","date_gmt":"2022-07-13T10:20:36","guid":{"rendered":"https:\/\/clair.si\/izdelek\/baterijski-elektricni-pastir-horizont-trapper-b22\/"},"modified":"2025-09-26T17:28:09","modified_gmt":"2025-09-26T15:28:09","slug":"baterijski-elektricni-pastir-horizont-trapper-b22","status":"publish","type":"product","link":"https:\/\/clair.si\/hr\/izdelek\/baterijski-elektricni-pastir-horizont-trapper-b22\/","title":{"rendered":"Baterijski elektri\u010dni pastir Horizont Trapper B22"},"content":{"rendered":"<p><strong>Elektri\u010dni pastir Horizont Trapper B22<\/strong> je baterijski pastir za <strong>priklju\u010dak na 9V\/120Ah ili 12V\/12Ah bateriju.<\/strong><\/p>\n<p>Ure\u0111aj je <strong>jednostavan za uporabu<\/strong> i tako\u0111er prikladan za one koji se ne razumiju ba\u0161 najbolje u elektri\u010dne pastire. Pastir je prikladan za ogra\u0111ivanje konja. <\/p>\n<p>Dodatne informacije:<\/p>\n<ul>\n<li>Prekida\u010d za uklju\u010divanje i isklju\u010divanje<\/li>\n<li>Ku\u0107i\u0161te za sve suhe baterije 9V ili 12V<\/li>\n<li>Prakti\u010dna ru\u010dka za prijenos<\/li>\n<li>Kontrolna funkcija<\/li>\n<\/ul>\n<p><strong>Uklju\u010deno u isporuku elektri\u010dnog pastira Horizont:<\/strong><\/p>\n<ul>\n<li>\u0160tap za uzemljenje cca 30 cm<\/li>\n<li>Priklju\u010dni kabel za ogradu i uzemljenje<\/li>\n<\/ul>\n","protected":false},"excerpt":{"rendered":"<p>Zna\u010dajke:<\/p>\n<p><img decoding=\"async\" src=\"https:\/\/sp-ao.shortpixel.ai\/client\/to_auto,q_lossy,ret_img,w_46,h_46\/https:\/\/www.agro-clair.si\/wp-content\/uploads\/2020\/05\/kontrola-napetosti-ograje.png\"> <img decoding=\"async\" src=\"https:\/\/sp-ao.shortpixel.ai\/client\/to_auto,q_lossy,ret_img,w_46,h_46\/https:\/\/www.agro-clair.si\/wp-content\/uploads\/2020\/05\/vklop.png\"> <img decoding=\"async\" src=\"https:\/\/sp-ao.shortpixel.ai\/client\/to_auto,q_lossy,ret_img,w_46,h_46\/https:\/\/www.agro-clair.si\/wp-content\/uploads\/2020\/05\/rocaj.png\"> <img decoding=\"async\" src=\"https:\/\/sp-ao.shortpixel.ai\/client\/to_auto,q_lossy,ret_img,w_46,h_46\/https:\/\/www.agro-clair.si\/wp-content\/uploads\/2020\/05\/polikarobnat.png\"> <img decoding=\"async\" src=\"https:\/\/sp-ao.shortpixel.ai\/client\/to_auto,q_lossy,ret_img,w_46,h_46\/https:\/\/www.agro-clair.si\/wp-content\/uploads\/2020\/05\/solar.png\"> <img decoding=\"async\" src=\"https:\/\/sp-ao.shortpixel.ai\/client\/to_auto,q_lossy,ret_img,w_46,h_46\/https:\/\/www.agro-clair.si\/wp-content\/uploads\/2020\/05\/UV-zascita.png\"><\/p>\n","protected":false},"featured_media":103647,"template":"","meta":{"footnotes":""},"product_brand":[],"product_cat":[560,559,551],"product_tag":[],"class_list":{"0":"post-103633","1":"product","2":"type-product","3":"status-publish","4":"has-post-thumbnail","6":"product_cat-elektricni-pastirji","7":"product_cat-pasna-oprema","8":"product_cat-hlev-in-pasnik","10":"first","11":"instock","12":"sale","13":"sold-individually","14":"shipping-taxable","15":"purchasable","16":"product-type-simple"},"yoast_head":"<!-- This site is optimized with the Yoast SEO plugin v27.4 - https:\/\/yoast.com\/product\/yoast-seo-wordpress\/ -->\n<title>Baterijski elektri\u010dni pastir Horizont Trapper B22 - Clair<\/title>\n<meta name=\"description\" content=\"Baterijski elektri\u010dni pastir Horizont Trapper B22 je zbog svoje jednostavne uporabe prikladan za sve, pa i za po\u010detnike.\" \/>\n<meta name=\"robots\" content=\"index, follow, max-snippet:-1, max-image-preview:large, max-video-preview:-1\" \/>\n<link rel=\"canonical\" href=\"https:\/\/clair.si\/hr\/izdelek\/baterijski-elektricni-pastir-horizont-trapper-b22\/\" \/>\n<meta property=\"og:locale\" content=\"hr_HR\" \/>\n<meta property=\"og:type\" content=\"article\" \/>\n<meta property=\"og:title\" content=\"Baterijski elektri\u010dni pastir Horizont Trapper B22 - Clair\" \/>\n<meta property=\"og:description\" content=\"Baterijski elektri\u010dni pastir Horizont Trapper B22 je zbog svoje jednostavne uporabe prikladan za sve, pa i za po\u010detnike.\" \/>\n<meta property=\"og:url\" content=\"https:\/\/clair.si\/hr\/izdelek\/baterijski-elektricni-pastir-horizont-trapper-b22\/\" \/>\n<meta property=\"og:site_name\" content=\"Clair\" \/>\n<meta property=\"article:publisher\" content=\"https:\/\/www.facebook.com\/TrgovinaClair\/\" \/>\n<meta property=\"article:modified_time\" content=\"2025-09-26T15:28:09+00:00\" \/>\n<meta property=\"og:image\" content=\"https:\/\/clair.si\/wp-content\/uploads\/2022\/07\/Elektricni-pastir-Horizont-Trapper-B22-3.jpeg\" \/>\n\t<meta property=\"og:image:width\" content=\"1500\" \/>\n\t<meta property=\"og:image:height\" content=\"1500\" \/>\n\t<meta property=\"og:image:type\" content=\"image\/jpeg\" \/>\n<meta name=\"twitter:card\" content=\"summary_large_image\" \/>\n<script type=\"application\/ld+json\" class=\"yoast-schema-graph\">{\"@context\":\"https:\\\/\\\/schema.org\",\"@graph\":[{\"@type\":\"WebPage\",\"@id\":\"https:\\\/\\\/clair.si\\\/hr\\\/izdelek\\\/baterijski-elektricni-pastir-horizont-trapper-b22\\\/\",\"url\":\"https:\\\/\\\/clair.si\\\/hr\\\/izdelek\\\/baterijski-elektricni-pastir-horizont-trapper-b22\\\/\",\"name\":\"Baterijski elektri\u010dni pastir Horizont Trapper B22 - Clair\",\"isPartOf\":{\"@id\":\"https:\\\/\\\/clair.si\\\/#website\"},\"primaryImageOfPage\":{\"@id\":\"https:\\\/\\\/clair.si\\\/hr\\\/izdelek\\\/baterijski-elektricni-pastir-horizont-trapper-b22\\\/#primaryimage\"},\"image\":{\"@id\":\"https:\\\/\\\/clair.si\\\/hr\\\/izdelek\\\/baterijski-elektricni-pastir-horizont-trapper-b22\\\/#primaryimage\"},\"thumbnailUrl\":\"https:\\\/\\\/clair.si\\\/wp-content\\\/uploads\\\/2022\\\/07\\\/Elektricni-pastir-Horizont-Trapper-B22-3.webp\",\"datePublished\":\"2022-07-13T10:20:36+00:00\",\"dateModified\":\"2025-09-26T15:28:09+00:00\",\"description\":\"Baterijski elektri\u010dni pastir Horizont Trapper B22 je zbog svoje jednostavne uporabe prikladan za sve, pa i za po\u010detnike.\",\"breadcrumb\":{\"@id\":\"https:\\\/\\\/clair.si\\\/hr\\\/izdelek\\\/baterijski-elektricni-pastir-horizont-trapper-b22\\\/#breadcrumb\"},\"inLanguage\":\"hr\",\"potentialAction\":[{\"@type\":\"ReadAction\",\"target\":[\"https:\\\/\\\/clair.si\\\/hr\\\/izdelek\\\/baterijski-elektricni-pastir-horizont-trapper-b22\\\/\"]}]},{\"@type\":\"ImageObject\",\"inLanguage\":\"hr\",\"@id\":\"https:\\\/\\\/clair.si\\\/hr\\\/izdelek\\\/baterijski-elektricni-pastir-horizont-trapper-b22\\\/#primaryimage\",\"url\":\"https:\\\/\\\/clair.si\\\/wp-content\\\/uploads\\\/2022\\\/07\\\/Elektricni-pastir-Horizont-Trapper-B22-3.webp\",\"contentUrl\":\"https:\\\/\\\/clair.si\\\/wp-content\\\/uploads\\\/2022\\\/07\\\/Elektricni-pastir-Horizont-Trapper-B22-3.webp\",\"width\":1500,\"height\":1500},{\"@type\":\"BreadcrumbList\",\"@id\":\"https:\\\/\\\/clair.si\\\/hr\\\/izdelek\\\/baterijski-elektricni-pastir-horizont-trapper-b22\\\/#breadcrumb\",\"itemListElement\":[{\"@type\":\"ListItem\",\"position\":1,\"name\":\"Home\",\"item\":\"https:\\\/\\\/clair.si\\\/hr\\\/\"},{\"@type\":\"ListItem\",\"position\":2,\"name\":\"Trgovina\",\"item\":\"https:\\\/\\\/clair.si\\\/trgovina\\\/\"},{\"@type\":\"ListItem\",\"position\":3,\"name\":\"Baterijski elektri\u010dni pastir Horizont Trapper B22\"}]},{\"@type\":\"WebSite\",\"@id\":\"https:\\\/\\\/clair.si\\\/#website\",\"url\":\"https:\\\/\\\/clair.si\\\/\",\"name\":\"Clair\",\"description\":\"Trgovina s konjeni\u0161ko opremo\",\"publisher\":{\"@id\":\"https:\\\/\\\/clair.si\\\/#organization\"},\"potentialAction\":[{\"@type\":\"SearchAction\",\"target\":{\"@type\":\"EntryPoint\",\"urlTemplate\":\"https:\\\/\\\/clair.si\\\/?s={search_term_string}\"},\"query-input\":{\"@type\":\"PropertyValueSpecification\",\"valueRequired\":true,\"valueName\":\"search_term_string\"}}],\"inLanguage\":\"hr\"},{\"@type\":\"Organization\",\"@id\":\"https:\\\/\\\/clair.si\\\/#organization\",\"name\":\"Clair\",\"url\":\"https:\\\/\\\/clair.si\\\/\",\"logo\":{\"@type\":\"ImageObject\",\"inLanguage\":\"hr\",\"@id\":\"https:\\\/\\\/clair.si\\\/#\\\/schema\\\/logo\\\/image\\\/\",\"url\":\"https:\\\/\\\/clair.si\\\/wp-content\\\/uploads\\\/2022\\\/11\\\/clair_logo_2022.jpg\",\"contentUrl\":\"https:\\\/\\\/clair.si\\\/wp-content\\\/uploads\\\/2022\\\/11\\\/clair_logo_2022.jpg\",\"width\":1920,\"height\":1920,\"caption\":\"Clair\"},\"image\":{\"@id\":\"https:\\\/\\\/clair.si\\\/#\\\/schema\\\/logo\\\/image\\\/\"},\"sameAs\":[\"https:\\\/\\\/www.facebook.com\\\/TrgovinaClair\\\/\"]}]}<\/script>\n<!-- \/ Yoast SEO plugin. -->","yoast_head_json":{"title":"Baterijski elektri\u010dni pastir Horizont Trapper B22 - Clair","description":"Baterijski elektri\u010dni pastir Horizont Trapper B22 je zbog svoje jednostavne uporabe prikladan za sve, pa i za po\u010detnike.","robots":{"index":"index","follow":"follow","max-snippet":"max-snippet:-1","max-image-preview":"max-image-preview:large","max-video-preview":"max-video-preview:-1"},"canonical":"https:\/\/clair.si\/hr\/izdelek\/baterijski-elektricni-pastir-horizont-trapper-b22\/","og_locale":"hr_HR","og_type":"article","og_title":"Baterijski elektri\u010dni pastir Horizont Trapper B22 - Clair","og_description":"Baterijski elektri\u010dni pastir Horizont Trapper B22 je zbog svoje jednostavne uporabe prikladan za sve, pa i za po\u010detnike.","og_url":"https:\/\/clair.si\/hr\/izdelek\/baterijski-elektricni-pastir-horizont-trapper-b22\/","og_site_name":"Clair","article_publisher":"https:\/\/www.facebook.com\/TrgovinaClair\/","article_modified_time":"2025-09-26T15:28:09+00:00","og_image":[{"width":1500,"height":1500,"url":"https:\/\/clair.si\/wp-content\/uploads\/2022\/07\/Elektricni-pastir-Horizont-Trapper-B22-3.jpeg","type":"image\/jpeg"}],"twitter_card":"summary_large_image","schema":{"@context":"https:\/\/schema.org","@graph":[{"@type":"WebPage","@id":"https:\/\/clair.si\/hr\/izdelek\/baterijski-elektricni-pastir-horizont-trapper-b22\/","url":"https:\/\/clair.si\/hr\/izdelek\/baterijski-elektricni-pastir-horizont-trapper-b22\/","name":"Baterijski elektri\u010dni pastir Horizont Trapper B22 - Clair","isPartOf":{"@id":"https:\/\/clair.si\/#website"},"primaryImageOfPage":{"@id":"https:\/\/clair.si\/hr\/izdelek\/baterijski-elektricni-pastir-horizont-trapper-b22\/#primaryimage"},"image":{"@id":"https:\/\/clair.si\/hr\/izdelek\/baterijski-elektricni-pastir-horizont-trapper-b22\/#primaryimage"},"thumbnailUrl":"https:\/\/clair.si\/wp-content\/uploads\/2022\/07\/Elektricni-pastir-Horizont-Trapper-B22-3.webp","datePublished":"2022-07-13T10:20:36+00:00","dateModified":"2025-09-26T15:28:09+00:00","description":"Baterijski elektri\u010dni pastir Horizont Trapper B22 je zbog svoje jednostavne uporabe prikladan za sve, pa i za po\u010detnike.","breadcrumb":{"@id":"https:\/\/clair.si\/hr\/izdelek\/baterijski-elektricni-pastir-horizont-trapper-b22\/#breadcrumb"},"inLanguage":"hr","potentialAction":[{"@type":"ReadAction","target":["https:\/\/clair.si\/hr\/izdelek\/baterijski-elektricni-pastir-horizont-trapper-b22\/"]}]},{"@type":"ImageObject","inLanguage":"hr","@id":"https:\/\/clair.si\/hr\/izdelek\/baterijski-elektricni-pastir-horizont-trapper-b22\/#primaryimage","url":"https:\/\/clair.si\/wp-content\/uploads\/2022\/07\/Elektricni-pastir-Horizont-Trapper-B22-3.webp","contentUrl":"https:\/\/clair.si\/wp-content\/uploads\/2022\/07\/Elektricni-pastir-Horizont-Trapper-B22-3.webp","width":1500,"height":1500},{"@type":"BreadcrumbList","@id":"https:\/\/clair.si\/hr\/izdelek\/baterijski-elektricni-pastir-horizont-trapper-b22\/#breadcrumb","itemListElement":[{"@type":"ListItem","position":1,"name":"Home","item":"https:\/\/clair.si\/hr\/"},{"@type":"ListItem","position":2,"name":"Trgovina","item":"https:\/\/clair.si\/trgovina\/"},{"@type":"ListItem","position":3,"name":"Baterijski elektri\u010dni pastir Horizont Trapper B22"}]},{"@type":"WebSite","@id":"https:\/\/clair.si\/#website","url":"https:\/\/clair.si\/","name":"Clair","description":"Trgovina s konjeni\u0161ko opremo","publisher":{"@id":"https:\/\/clair.si\/#organization"},"potentialAction":[{"@type":"SearchAction","target":{"@type":"EntryPoint","urlTemplate":"https:\/\/clair.si\/?s={search_term_string}"},"query-input":{"@type":"PropertyValueSpecification","valueRequired":true,"valueName":"search_term_string"}}],"inLanguage":"hr"},{"@type":"Organization","@id":"https:\/\/clair.si\/#organization","name":"Clair","url":"https:\/\/clair.si\/","logo":{"@type":"ImageObject","inLanguage":"hr","@id":"https:\/\/clair.si\/#\/schema\/logo\/image\/","url":"https:\/\/clair.si\/wp-content\/uploads\/2022\/11\/clair_logo_2022.jpg","contentUrl":"https:\/\/clair.si\/wp-content\/uploads\/2022\/11\/clair_logo_2022.jpg","width":1920,"height":1920,"caption":"Clair"},"image":{"@id":"https:\/\/clair.si\/#\/schema\/logo\/image\/"},"sameAs":["https:\/\/www.facebook.com\/TrgovinaClair\/"]}]}},"_links":{"self":[{"href":"https:\/\/clair.si\/hr\/wp-json\/wp\/v2\/product\/103633","targetHints":{"allow":["GET"]}}],"collection":[{"href":"https:\/\/clair.si\/hr\/wp-json\/wp\/v2\/product"}],"about":[{"href":"https:\/\/clair.si\/hr\/wp-json\/wp\/v2\/types\/product"}],"version-history":[{"count":0,"href":"https:\/\/clair.si\/hr\/wp-json\/wp\/v2\/product\/103633\/revisions"}],"wp:featuredmedia":[{"embeddable":true,"href":"https:\/\/clair.si\/hr\/wp-json\/wp\/v2\/media\/103647"}],"wp:attachment":[{"href":"https:\/\/clair.si\/hr\/wp-json\/wp\/v2\/media?parent=103633"}],"wp:term":[{"taxonomy":"product_brand","embeddable":true,"href":"https:\/\/clair.si\/hr\/wp-json\/wp\/v2\/product_brand?post=103633"},{"taxonomy":"product_cat","embeddable":true,"href":"https:\/\/clair.si\/hr\/wp-json\/wp\/v2\/product_cat?post=103633"},{"taxonomy":"product_tag","embeddable":true,"href":"https:\/\/clair.si\/hr\/wp-json\/wp\/v2\/product_tag?post=103633"}],"curies":[{"name":"wp","href":"https:\/\/api.w.org\/{rel}","templated":true}]}}