{"id":103646,"date":"2022-07-13T11:44:15","date_gmt":"2022-07-13T09:44:15","guid":{"rendered":"https:\/\/clair.si\/izdelek\/akumulatorski-elektricni-pastir-horizont-hotshock-a300\/"},"modified":"2025-08-28T06:07:19","modified_gmt":"2025-08-28T04:07:19","slug":"akumulatorski-elektricni-pastir-horizont-hotshock-a300","status":"publish","type":"product","link":"https:\/\/clair.si\/hr\/izdelek\/akumulatorski-elektricni-pastir-horizont-hotshock-a300\/","title":{"rendered":"Akumulatorski elektri\u010dni pastir Horizont Hotshock A300"},"content":{"rendered":"<p><strong>Akumulatorski elektri\u010dni pastir Horizont Hotshock A300<\/strong> je zbog svoje visoke napetosti primjeren posebice za konje.<\/p>\n<p><strong>Osim uzemljenja sadr\u017ei dva priklju\u010dka<\/strong>. Jedan priklju\u010dak za normalan rad, \u0161to zna\u010di da radi punom snagom i drugi, koji ima ograni\u010denu snagu rada na maksimalno 0.5 J. Drugi priklju\u010dak se mo\u017ee koristiti za dodatnu ogradu na manjem podru\u010dju. <\/p>\n<p>Ovaj elektri\u010dni pastir ima posebnu osobinu <strong>visoke izlazne energije<\/strong> pri minimalnom otporu. Kratki impuls dozvoljava energiji da se optimalno prenese u ogradu i osigurava sna\u017ean \u0161ok. To <strong>osigurava prijenos energije pod te\u017eim uvjetima,<\/strong> kao \u0161to je na primjer visoka vegetacija.  <\/p>\n<p>Pastir se mo\u017ee, uz dokup 12V\/100Ah akumulatora i <strong>20W solarnog panela nadograditi,<\/strong> tako da uporaba postane ekonomi\u010dnija.<\/p>\n<p><strong>Elektri\u010dni pastir Horizont Hotshock A300<\/strong> je izra\u0111en od <strong>visoko kvalitetne plastike<\/strong> i otporan je na UV zrake, kontakt s uljima, udarce i kontakt s vodom. To osigurava da \u0107e elektri\u010dni pastir pouzdano raditi du\u017ee vrijeme. <\/p>\n<p>Dodatne informacije:<\/p>\n<ul>\n<li>3 razinski kontrolni ekran,<\/li>\n<li>nadzor snage: pokazuje aktivnost ure\u0111aja s treptanjem lampice prilikom pulsiranja,<\/li>\n<li>kontrola pulsa: upozoravaju\u0107a lampica se upali kada ure\u0111aj radi ispod minimalne granice snage,<\/li>\n<li>testirano i napravljeno u skladu s va\u017ee\u0107im EU zakonodavstvom i sigurnosnim standardima EN 60335-7-76 i DIN EN ISO 9001,<\/li>\n<li>ure\u0111aj ima ventilacijske otvore koji slu\u017ee za odvod kondenzata.<\/li>\n<\/ul>\n<p><strong>Uklju\u010deno u isporuku elektri\u010dnog pastira Horizont:<\/strong><\/p>\n<ul>\n<li>Priklju\u010dne klemne za priklju\u010dak na 12V akumulator<\/li>\n<\/ul>\n","protected":false},"excerpt":{"rendered":"<p>Zna\u010dajke:<\/p>\n<p><img decoding=\"async\" src=\"https:\/\/sp-ao.shortpixel.ai\/client\/to_auto,q_lossy,ret_img,w_46,h_46\/https:\/\/www.agro-clair.si\/wp-content\/uploads\/2020\/05\/elektricnakontrola.png\"> <img decoding=\"async\" src=\"https:\/\/sp-ao.shortpixel.ai\/client\/to_auto,q_lossy,ret_img,w_46,h_46\/https:\/\/www.agro-clair.si\/wp-content\/uploads\/2020\/05\/vklop.png\"> <img decoding=\"async\" src=\"https:\/\/sp-ao.shortpixel.ai\/client\/to_auto,q_lossy,ret_img,w_46,h_46\/https:\/\/www.agro-clair.si\/wp-content\/uploads\/2020\/05\/UV-zascita.png\"> <img decoding=\"async\" src=\"https:\/\/sp-ao.shortpixel.ai\/client\/to_auto,q_lossy,ret_img,w_46,h_46\/https:\/\/www.agro-clair.si\/wp-content\/uploads\/2020\/05\/dva-ograjna-terminala.png\"> <img decoding=\"async\" src=\"https:\/\/sp-ao.shortpixel.ai\/client\/to_auto,q_lossy,ret_img,w_46,h_46\/https:\/\/www.agro-clair.si\/wp-content\/uploads\/2020\/05\/polikarobnat.png\"> <img decoding=\"async\" src=\"https:\/\/sp-ao.shortpixel.ai\/client\/to_auto,q_lossy,ret_img,w_46,h_46\/https:\/\/www.agro-clair.si\/wp-content\/uploads\/2020\/05\/kontrolna-funkcija.png\"><\/p>\n","protected":false},"featured_media":103654,"template":"","meta":{"footnotes":""},"product_brand":[],"product_cat":[5856,5820,5627],"product_tag":[],"class_list":{"0":"post-103646","1":"product","2":"type-product","3":"status-publish","4":"has-post-thumbnail","6":"product_cat-elektricni-pastiri","7":"product_cat-oprema-za-pasnjake","8":"product_cat-stala-i-pasnjak","10":"first","11":"instock","12":"sale","13":"shipping-taxable","14":"purchasable","15":"product-type-simple"},"yoast_head":"<!-- This site is optimized with the Yoast SEO plugin v27.4 - https:\/\/yoast.com\/product\/yoast-seo-wordpress\/ -->\n<title>Akumulatorski elektri\u010dni pastir Hotshock A300 - Clair<\/title>\n<meta name=\"description\" content=\"Akumulatorski elektri\u010dni pastir Hotshock je zbog svoje visoke napetosti savr\u0161en za ogra\u0111ivanje va\u0161ih konja.\" \/>\n<meta name=\"robots\" content=\"index, follow, max-snippet:-1, max-image-preview:large, max-video-preview:-1\" \/>\n<link rel=\"canonical\" href=\"https:\/\/clair.si\/hr\/izdelek\/akumulatorski-elektricni-pastir-horizont-hotshock-a300\/\" \/>\n<meta property=\"og:locale\" content=\"hr_HR\" \/>\n<meta property=\"og:type\" content=\"article\" \/>\n<meta property=\"og:title\" content=\"Akumulatorski elektri\u010dni pastir Hotshock A300 - Clair\" \/>\n<meta property=\"og:description\" content=\"Akumulatorski elektri\u010dni pastir Hotshock je zbog svoje visoke napetosti savr\u0161en za ogra\u0111ivanje va\u0161ih konja.\" \/>\n<meta property=\"og:url\" content=\"https:\/\/clair.si\/hr\/izdelek\/akumulatorski-elektricni-pastir-horizont-hotshock-a300\/\" \/>\n<meta property=\"og:site_name\" content=\"Clair\" \/>\n<meta property=\"article:publisher\" content=\"https:\/\/www.facebook.com\/TrgovinaClair\/\" \/>\n<meta property=\"article:modified_time\" content=\"2025-08-28T04:07:19+00:00\" \/>\n<meta property=\"og:image\" content=\"https:\/\/clair.si\/wp-content\/uploads\/2022\/07\/Elektricni-pastir-Horizont-Hotshock-A300-4.jpeg\" \/>\n\t<meta property=\"og:image:width\" content=\"1500\" \/>\n\t<meta property=\"og:image:height\" content=\"1500\" \/>\n\t<meta property=\"og:image:type\" content=\"image\/jpeg\" \/>\n<meta name=\"twitter:card\" content=\"summary_large_image\" \/>\n<meta name=\"twitter:label1\" content=\"Procijenjeno vrijeme \u010ditanja\" \/>\n\t<meta name=\"twitter:data1\" content=\"1 minuta\" \/>\n<script type=\"application\/ld+json\" class=\"yoast-schema-graph\">{\"@context\":\"https:\\\/\\\/schema.org\",\"@graph\":[{\"@type\":\"WebPage\",\"@id\":\"https:\\\/\\\/clair.si\\\/hr\\\/izdelek\\\/akumulatorski-elektricni-pastir-horizont-hotshock-a300\\\/\",\"url\":\"https:\\\/\\\/clair.si\\\/hr\\\/izdelek\\\/akumulatorski-elektricni-pastir-horizont-hotshock-a300\\\/\",\"name\":\"Akumulatorski elektri\u010dni pastir Hotshock A300 - Clair\",\"isPartOf\":{\"@id\":\"https:\\\/\\\/clair.si\\\/#website\"},\"primaryImageOfPage\":{\"@id\":\"https:\\\/\\\/clair.si\\\/hr\\\/izdelek\\\/akumulatorski-elektricni-pastir-horizont-hotshock-a300\\\/#primaryimage\"},\"image\":{\"@id\":\"https:\\\/\\\/clair.si\\\/hr\\\/izdelek\\\/akumulatorski-elektricni-pastir-horizont-hotshock-a300\\\/#primaryimage\"},\"thumbnailUrl\":\"https:\\\/\\\/clair.si\\\/wp-content\\\/uploads\\\/2022\\\/07\\\/Elektricni-pastir-Horizont-Hotshock-A300-4.webp\",\"datePublished\":\"2022-07-13T09:44:15+00:00\",\"dateModified\":\"2025-08-28T04:07:19+00:00\",\"description\":\"Akumulatorski elektri\u010dni pastir Hotshock je zbog svoje visoke napetosti savr\u0161en za ogra\u0111ivanje va\u0161ih konja.\",\"breadcrumb\":{\"@id\":\"https:\\\/\\\/clair.si\\\/hr\\\/izdelek\\\/akumulatorski-elektricni-pastir-horizont-hotshock-a300\\\/#breadcrumb\"},\"inLanguage\":\"hr\",\"potentialAction\":[{\"@type\":\"ReadAction\",\"target\":[\"https:\\\/\\\/clair.si\\\/hr\\\/izdelek\\\/akumulatorski-elektricni-pastir-horizont-hotshock-a300\\\/\"]}]},{\"@type\":\"ImageObject\",\"inLanguage\":\"hr\",\"@id\":\"https:\\\/\\\/clair.si\\\/hr\\\/izdelek\\\/akumulatorski-elektricni-pastir-horizont-hotshock-a300\\\/#primaryimage\",\"url\":\"https:\\\/\\\/clair.si\\\/wp-content\\\/uploads\\\/2022\\\/07\\\/Elektricni-pastir-Horizont-Hotshock-A300-4.webp\",\"contentUrl\":\"https:\\\/\\\/clair.si\\\/wp-content\\\/uploads\\\/2022\\\/07\\\/Elektricni-pastir-Horizont-Hotshock-A300-4.webp\",\"width\":1500,\"height\":1500,\"caption\":\"Elektri\u010dni pastir Horizont Hotshock\"},{\"@type\":\"BreadcrumbList\",\"@id\":\"https:\\\/\\\/clair.si\\\/hr\\\/izdelek\\\/akumulatorski-elektricni-pastir-horizont-hotshock-a300\\\/#breadcrumb\",\"itemListElement\":[{\"@type\":\"ListItem\",\"position\":1,\"name\":\"Home\",\"item\":\"https:\\\/\\\/clair.si\\\/hr\\\/\"},{\"@type\":\"ListItem\",\"position\":2,\"name\":\"Trgovina\",\"item\":\"https:\\\/\\\/clair.si\\\/trgovina\\\/\"},{\"@type\":\"ListItem\",\"position\":3,\"name\":\"Akumulatorski elektri\u010dni pastir Horizont Hotshock A300\"}]},{\"@type\":\"WebSite\",\"@id\":\"https:\\\/\\\/clair.si\\\/#website\",\"url\":\"https:\\\/\\\/clair.si\\\/\",\"name\":\"Clair\",\"description\":\"Trgovina s konjeni\u0161ko opremo\",\"publisher\":{\"@id\":\"https:\\\/\\\/clair.si\\\/#organization\"},\"potentialAction\":[{\"@type\":\"SearchAction\",\"target\":{\"@type\":\"EntryPoint\",\"urlTemplate\":\"https:\\\/\\\/clair.si\\\/?s={search_term_string}\"},\"query-input\":{\"@type\":\"PropertyValueSpecification\",\"valueRequired\":true,\"valueName\":\"search_term_string\"}}],\"inLanguage\":\"hr\"},{\"@type\":\"Organization\",\"@id\":\"https:\\\/\\\/clair.si\\\/#organization\",\"name\":\"Clair\",\"url\":\"https:\\\/\\\/clair.si\\\/\",\"logo\":{\"@type\":\"ImageObject\",\"inLanguage\":\"hr\",\"@id\":\"https:\\\/\\\/clair.si\\\/#\\\/schema\\\/logo\\\/image\\\/\",\"url\":\"https:\\\/\\\/clair.si\\\/wp-content\\\/uploads\\\/2022\\\/11\\\/clair_logo_2022.jpg\",\"contentUrl\":\"https:\\\/\\\/clair.si\\\/wp-content\\\/uploads\\\/2022\\\/11\\\/clair_logo_2022.jpg\",\"width\":1920,\"height\":1920,\"caption\":\"Clair\"},\"image\":{\"@id\":\"https:\\\/\\\/clair.si\\\/#\\\/schema\\\/logo\\\/image\\\/\"},\"sameAs\":[\"https:\\\/\\\/www.facebook.com\\\/TrgovinaClair\\\/\"]}]}<\/script>\n<!-- \/ Yoast SEO plugin. -->","yoast_head_json":{"title":"Akumulatorski elektri\u010dni pastir Hotshock A300 - Clair","description":"Akumulatorski elektri\u010dni pastir Hotshock je zbog svoje visoke napetosti savr\u0161en za ogra\u0111ivanje va\u0161ih konja.","robots":{"index":"index","follow":"follow","max-snippet":"max-snippet:-1","max-image-preview":"max-image-preview:large","max-video-preview":"max-video-preview:-1"},"canonical":"https:\/\/clair.si\/hr\/izdelek\/akumulatorski-elektricni-pastir-horizont-hotshock-a300\/","og_locale":"hr_HR","og_type":"article","og_title":"Akumulatorski elektri\u010dni pastir Hotshock A300 - Clair","og_description":"Akumulatorski elektri\u010dni pastir Hotshock je zbog svoje visoke napetosti savr\u0161en za ogra\u0111ivanje va\u0161ih konja.","og_url":"https:\/\/clair.si\/hr\/izdelek\/akumulatorski-elektricni-pastir-horizont-hotshock-a300\/","og_site_name":"Clair","article_publisher":"https:\/\/www.facebook.com\/TrgovinaClair\/","article_modified_time":"2025-08-28T04:07:19+00:00","og_image":[{"width":1500,"height":1500,"url":"https:\/\/clair.si\/wp-content\/uploads\/2022\/07\/Elektricni-pastir-Horizont-Hotshock-A300-4.jpeg","type":"image\/jpeg"}],"twitter_card":"summary_large_image","twitter_misc":{"Procijenjeno vrijeme \u010ditanja":"1 minuta"},"schema":{"@context":"https:\/\/schema.org","@graph":[{"@type":"WebPage","@id":"https:\/\/clair.si\/hr\/izdelek\/akumulatorski-elektricni-pastir-horizont-hotshock-a300\/","url":"https:\/\/clair.si\/hr\/izdelek\/akumulatorski-elektricni-pastir-horizont-hotshock-a300\/","name":"Akumulatorski elektri\u010dni pastir Hotshock A300 - Clair","isPartOf":{"@id":"https:\/\/clair.si\/#website"},"primaryImageOfPage":{"@id":"https:\/\/clair.si\/hr\/izdelek\/akumulatorski-elektricni-pastir-horizont-hotshock-a300\/#primaryimage"},"image":{"@id":"https:\/\/clair.si\/hr\/izdelek\/akumulatorski-elektricni-pastir-horizont-hotshock-a300\/#primaryimage"},"thumbnailUrl":"https:\/\/clair.si\/wp-content\/uploads\/2022\/07\/Elektricni-pastir-Horizont-Hotshock-A300-4.webp","datePublished":"2022-07-13T09:44:15+00:00","dateModified":"2025-08-28T04:07:19+00:00","description":"Akumulatorski elektri\u010dni pastir Hotshock je zbog svoje visoke napetosti savr\u0161en za ogra\u0111ivanje va\u0161ih konja.","breadcrumb":{"@id":"https:\/\/clair.si\/hr\/izdelek\/akumulatorski-elektricni-pastir-horizont-hotshock-a300\/#breadcrumb"},"inLanguage":"hr","potentialAction":[{"@type":"ReadAction","target":["https:\/\/clair.si\/hr\/izdelek\/akumulatorski-elektricni-pastir-horizont-hotshock-a300\/"]}]},{"@type":"ImageObject","inLanguage":"hr","@id":"https:\/\/clair.si\/hr\/izdelek\/akumulatorski-elektricni-pastir-horizont-hotshock-a300\/#primaryimage","url":"https:\/\/clair.si\/wp-content\/uploads\/2022\/07\/Elektricni-pastir-Horizont-Hotshock-A300-4.webp","contentUrl":"https:\/\/clair.si\/wp-content\/uploads\/2022\/07\/Elektricni-pastir-Horizont-Hotshock-A300-4.webp","width":1500,"height":1500,"caption":"Elektri\u010dni pastir Horizont Hotshock"},{"@type":"BreadcrumbList","@id":"https:\/\/clair.si\/hr\/izdelek\/akumulatorski-elektricni-pastir-horizont-hotshock-a300\/#breadcrumb","itemListElement":[{"@type":"ListItem","position":1,"name":"Home","item":"https:\/\/clair.si\/hr\/"},{"@type":"ListItem","position":2,"name":"Trgovina","item":"https:\/\/clair.si\/trgovina\/"},{"@type":"ListItem","position":3,"name":"Akumulatorski elektri\u010dni pastir Horizont Hotshock A300"}]},{"@type":"WebSite","@id":"https:\/\/clair.si\/#website","url":"https:\/\/clair.si\/","name":"Clair","description":"Trgovina s konjeni\u0161ko opremo","publisher":{"@id":"https:\/\/clair.si\/#organization"},"potentialAction":[{"@type":"SearchAction","target":{"@type":"EntryPoint","urlTemplate":"https:\/\/clair.si\/?s={search_term_string}"},"query-input":{"@type":"PropertyValueSpecification","valueRequired":true,"valueName":"search_term_string"}}],"inLanguage":"hr"},{"@type":"Organization","@id":"https:\/\/clair.si\/#organization","name":"Clair","url":"https:\/\/clair.si\/","logo":{"@type":"ImageObject","inLanguage":"hr","@id":"https:\/\/clair.si\/#\/schema\/logo\/image\/","url":"https:\/\/clair.si\/wp-content\/uploads\/2022\/11\/clair_logo_2022.jpg","contentUrl":"https:\/\/clair.si\/wp-content\/uploads\/2022\/11\/clair_logo_2022.jpg","width":1920,"height":1920,"caption":"Clair"},"image":{"@id":"https:\/\/clair.si\/#\/schema\/logo\/image\/"},"sameAs":["https:\/\/www.facebook.com\/TrgovinaClair\/"]}]}},"_links":{"self":[{"href":"https:\/\/clair.si\/hr\/wp-json\/wp\/v2\/product\/103646","targetHints":{"allow":["GET"]}}],"collection":[{"href":"https:\/\/clair.si\/hr\/wp-json\/wp\/v2\/product"}],"about":[{"href":"https:\/\/clair.si\/hr\/wp-json\/wp\/v2\/types\/product"}],"version-history":[{"count":0,"href":"https:\/\/clair.si\/hr\/wp-json\/wp\/v2\/product\/103646\/revisions"}],"wp:featuredmedia":[{"embeddable":true,"href":"https:\/\/clair.si\/hr\/wp-json\/wp\/v2\/media\/103654"}],"wp:attachment":[{"href":"https:\/\/clair.si\/hr\/wp-json\/wp\/v2\/media?parent=103646"}],"wp:term":[{"taxonomy":"product_brand","embeddable":true,"href":"https:\/\/clair.si\/hr\/wp-json\/wp\/v2\/product_brand?post=103646"},{"taxonomy":"product_cat","embeddable":true,"href":"https:\/\/clair.si\/hr\/wp-json\/wp\/v2\/product_cat?post=103646"},{"taxonomy":"product_tag","embeddable":true,"href":"https:\/\/clair.si\/hr\/wp-json\/wp\/v2\/product_tag?post=103646"}],"curies":[{"name":"wp","href":"https:\/\/api.w.org\/{rel}","templated":true}]}}