{"id":103673,"date":"2022-06-27T09:20:49","date_gmt":"2022-06-27T07:20:49","guid":{"rendered":"https:\/\/clair.si\/izdelek\/pojilica-za-konje-gus-model-61\/"},"modified":"2025-08-28T08:32:43","modified_gmt":"2025-08-28T06:32:43","slug":"pojilica-za-konje-gus-model-61","status":"publish","type":"product","link":"https:\/\/clair.si\/hr\/izdelek\/pojilica-za-konje-gus-model-61\/","title":{"rendered":"Pojilica za konje GUS Model 61"},"content":{"rendered":"<p><strong>Pojilica za konje<\/strong> <strong>GUS<\/strong> Model 61 radi na pritisak cijevnog ventila. Tako\u0111er se mo\u017ee koristiti za \u017edrijebe. <strong><br \/>\n<\/strong><\/p>\n<p><strong>Zna\u010dajke:<\/strong><\/p>\n<ul>\n<li>Emajl od lijevanog \u017eeljeza<\/li>\n<li>Glatki cijevni ventil za tiho dovo\u0111enje vode<\/li>\n<li>Priklju\u010dak: 1\/2\u201d (na gornjoj ili donjoj strani)<\/li>\n<li>\u010cetiri rupe za pri\u010dvr\u0161\u0107ivanje<\/li>\n<li>Prikladno za pri\u010dvr\u0161\u0107ivanje na zid ili cijev<\/li>\n<li>Koli\u010dina protoka vode do 6 l\/min, pri pritisku 5 bara<\/li>\n<\/ul>\n","protected":false},"excerpt":{"rendered":"<p>Pojilica za konje GUS Model 61 radi na pritisak cijevnog ventila. Tako\u0111er se mo\u017ee koristiti za \u017edrijebe. Zna\u010dajke: Emajl od<\/p>\n","protected":false},"featured_media":103678,"template":"","meta":{"footnotes":""},"product_brand":[],"product_cat":[6152,5627],"product_tag":[],"class_list":{"0":"post-103673","1":"product","2":"type-product","3":"status-publish","4":"has-post-thumbnail","6":"product_cat-pojilice-za-konje","7":"product_cat-stala-i-pasnjak","9":"first","10":"instock","11":"sale","12":"shipping-taxable","13":"purchasable","14":"product-type-simple"},"yoast_head":"<!-- This site is optimized with the Yoast SEO plugin v27.4 - https:\/\/yoast.com\/product\/yoast-seo-wordpress\/ -->\n<title>Pojilica za konje GUS Model 61 - Clair<\/title>\n<meta name=\"description\" content=\"Pojilica Gus radi na pritisak cijevnog ventila. Mogu\u0107nost monta\u017ee na zid. Vi\u0161e informacija pro\u010ditajte u web trgovini.\" \/>\n<meta name=\"robots\" content=\"index, follow, max-snippet:-1, max-image-preview:large, max-video-preview:-1\" \/>\n<link rel=\"canonical\" href=\"https:\/\/clair.si\/hr\/izdelek\/pojilica-za-konje-gus-model-61\/\" \/>\n<meta property=\"og:locale\" content=\"hr_HR\" \/>\n<meta property=\"og:type\" content=\"article\" \/>\n<meta property=\"og:title\" content=\"Pojilica za konje GUS Model 61 - Clair\" \/>\n<meta property=\"og:description\" content=\"Pojilica Gus radi na pritisak cijevnog ventila. Mogu\u0107nost monta\u017ee na zid. Vi\u0161e informacija pro\u010ditajte u web trgovini.\" \/>\n<meta property=\"og:url\" content=\"https:\/\/clair.si\/hr\/izdelek\/pojilica-za-konje-gus-model-61\/\" \/>\n<meta property=\"og:site_name\" content=\"Clair\" \/>\n<meta property=\"article:publisher\" content=\"https:\/\/www.facebook.com\/TrgovinaClair\/\" \/>\n<meta property=\"article:modified_time\" content=\"2025-08-28T06:32:43+00:00\" \/>\n<meta property=\"og:image\" content=\"https:\/\/clair.si\/wp-content\/uploads\/2022\/06\/NAPAJALNIK-GUS-s-cevnim-ventilom-1251925_4.jpeg\" \/>\n\t<meta property=\"og:image:width\" content=\"800\" \/>\n\t<meta property=\"og:image:height\" content=\"800\" \/>\n\t<meta property=\"og:image:type\" content=\"image\/jpeg\" \/>\n<meta name=\"twitter:card\" content=\"summary_large_image\" \/>\n<script type=\"application\/ld+json\" class=\"yoast-schema-graph\">{\"@context\":\"https:\\\/\\\/schema.org\",\"@graph\":[{\"@type\":\"WebPage\",\"@id\":\"https:\\\/\\\/clair.si\\\/hr\\\/izdelek\\\/pojilica-za-konje-gus-model-61\\\/\",\"url\":\"https:\\\/\\\/clair.si\\\/hr\\\/izdelek\\\/pojilica-za-konje-gus-model-61\\\/\",\"name\":\"Pojilica za konje GUS Model 61 - Clair\",\"isPartOf\":{\"@id\":\"https:\\\/\\\/clair.si\\\/#website\"},\"primaryImageOfPage\":{\"@id\":\"https:\\\/\\\/clair.si\\\/hr\\\/izdelek\\\/pojilica-za-konje-gus-model-61\\\/#primaryimage\"},\"image\":{\"@id\":\"https:\\\/\\\/clair.si\\\/hr\\\/izdelek\\\/pojilica-za-konje-gus-model-61\\\/#primaryimage\"},\"thumbnailUrl\":\"https:\\\/\\\/clair.si\\\/wp-content\\\/uploads\\\/2022\\\/06\\\/NAPAJALNIK-GUS-s-cevnim-ventilom-1251925_4.webp\",\"datePublished\":\"2022-06-27T07:20:49+00:00\",\"dateModified\":\"2025-08-28T06:32:43+00:00\",\"description\":\"Pojilica Gus radi na pritisak cijevnog ventila. Mogu\u0107nost monta\u017ee na zid. Vi\u0161e informacija pro\u010ditajte u web trgovini.\",\"breadcrumb\":{\"@id\":\"https:\\\/\\\/clair.si\\\/hr\\\/izdelek\\\/pojilica-za-konje-gus-model-61\\\/#breadcrumb\"},\"inLanguage\":\"hr\",\"potentialAction\":[{\"@type\":\"ReadAction\",\"target\":[\"https:\\\/\\\/clair.si\\\/hr\\\/izdelek\\\/pojilica-za-konje-gus-model-61\\\/\"]}]},{\"@type\":\"ImageObject\",\"inLanguage\":\"hr\",\"@id\":\"https:\\\/\\\/clair.si\\\/hr\\\/izdelek\\\/pojilica-za-konje-gus-model-61\\\/#primaryimage\",\"url\":\"https:\\\/\\\/clair.si\\\/wp-content\\\/uploads\\\/2022\\\/06\\\/NAPAJALNIK-GUS-s-cevnim-ventilom-1251925_4.webp\",\"contentUrl\":\"https:\\\/\\\/clair.si\\\/wp-content\\\/uploads\\\/2022\\\/06\\\/NAPAJALNIK-GUS-s-cevnim-ventilom-1251925_4.webp\",\"width\":800,\"height\":800,\"caption\":\"Napajalnik Gus za konje\"},{\"@type\":\"BreadcrumbList\",\"@id\":\"https:\\\/\\\/clair.si\\\/hr\\\/izdelek\\\/pojilica-za-konje-gus-model-61\\\/#breadcrumb\",\"itemListElement\":[{\"@type\":\"ListItem\",\"position\":1,\"name\":\"Home\",\"item\":\"https:\\\/\\\/clair.si\\\/hr\\\/\"},{\"@type\":\"ListItem\",\"position\":2,\"name\":\"Trgovina\",\"item\":\"https:\\\/\\\/clair.si\\\/trgovina\\\/\"},{\"@type\":\"ListItem\",\"position\":3,\"name\":\"Pojilica za konje GUS Model 61\"}]},{\"@type\":\"WebSite\",\"@id\":\"https:\\\/\\\/clair.si\\\/#website\",\"url\":\"https:\\\/\\\/clair.si\\\/\",\"name\":\"Clair\",\"description\":\"Trgovina s konjeni\u0161ko opremo\",\"publisher\":{\"@id\":\"https:\\\/\\\/clair.si\\\/#organization\"},\"potentialAction\":[{\"@type\":\"SearchAction\",\"target\":{\"@type\":\"EntryPoint\",\"urlTemplate\":\"https:\\\/\\\/clair.si\\\/?s={search_term_string}\"},\"query-input\":{\"@type\":\"PropertyValueSpecification\",\"valueRequired\":true,\"valueName\":\"search_term_string\"}}],\"inLanguage\":\"hr\"},{\"@type\":\"Organization\",\"@id\":\"https:\\\/\\\/clair.si\\\/#organization\",\"name\":\"Clair\",\"url\":\"https:\\\/\\\/clair.si\\\/\",\"logo\":{\"@type\":\"ImageObject\",\"inLanguage\":\"hr\",\"@id\":\"https:\\\/\\\/clair.si\\\/#\\\/schema\\\/logo\\\/image\\\/\",\"url\":\"https:\\\/\\\/clair.si\\\/wp-content\\\/uploads\\\/2022\\\/11\\\/clair_logo_2022.jpg\",\"contentUrl\":\"https:\\\/\\\/clair.si\\\/wp-content\\\/uploads\\\/2022\\\/11\\\/clair_logo_2022.jpg\",\"width\":1920,\"height\":1920,\"caption\":\"Clair\"},\"image\":{\"@id\":\"https:\\\/\\\/clair.si\\\/#\\\/schema\\\/logo\\\/image\\\/\"},\"sameAs\":[\"https:\\\/\\\/www.facebook.com\\\/TrgovinaClair\\\/\"]}]}<\/script>\n<!-- \/ Yoast SEO plugin. -->","yoast_head_json":{"title":"Pojilica za konje GUS Model 61 - Clair","description":"Pojilica Gus radi na pritisak cijevnog ventila. Mogu\u0107nost monta\u017ee na zid. Vi\u0161e informacija pro\u010ditajte u web trgovini.","robots":{"index":"index","follow":"follow","max-snippet":"max-snippet:-1","max-image-preview":"max-image-preview:large","max-video-preview":"max-video-preview:-1"},"canonical":"https:\/\/clair.si\/hr\/izdelek\/pojilica-za-konje-gus-model-61\/","og_locale":"hr_HR","og_type":"article","og_title":"Pojilica za konje GUS Model 61 - Clair","og_description":"Pojilica Gus radi na pritisak cijevnog ventila. Mogu\u0107nost monta\u017ee na zid. Vi\u0161e informacija pro\u010ditajte u web trgovini.","og_url":"https:\/\/clair.si\/hr\/izdelek\/pojilica-za-konje-gus-model-61\/","og_site_name":"Clair","article_publisher":"https:\/\/www.facebook.com\/TrgovinaClair\/","article_modified_time":"2025-08-28T06:32:43+00:00","og_image":[{"width":800,"height":800,"url":"https:\/\/clair.si\/wp-content\/uploads\/2022\/06\/NAPAJALNIK-GUS-s-cevnim-ventilom-1251925_4.jpeg","type":"image\/jpeg"}],"twitter_card":"summary_large_image","schema":{"@context":"https:\/\/schema.org","@graph":[{"@type":"WebPage","@id":"https:\/\/clair.si\/hr\/izdelek\/pojilica-za-konje-gus-model-61\/","url":"https:\/\/clair.si\/hr\/izdelek\/pojilica-za-konje-gus-model-61\/","name":"Pojilica za konje GUS Model 61 - Clair","isPartOf":{"@id":"https:\/\/clair.si\/#website"},"primaryImageOfPage":{"@id":"https:\/\/clair.si\/hr\/izdelek\/pojilica-za-konje-gus-model-61\/#primaryimage"},"image":{"@id":"https:\/\/clair.si\/hr\/izdelek\/pojilica-za-konje-gus-model-61\/#primaryimage"},"thumbnailUrl":"https:\/\/clair.si\/wp-content\/uploads\/2022\/06\/NAPAJALNIK-GUS-s-cevnim-ventilom-1251925_4.webp","datePublished":"2022-06-27T07:20:49+00:00","dateModified":"2025-08-28T06:32:43+00:00","description":"Pojilica Gus radi na pritisak cijevnog ventila. Mogu\u0107nost monta\u017ee na zid. Vi\u0161e informacija pro\u010ditajte u web trgovini.","breadcrumb":{"@id":"https:\/\/clair.si\/hr\/izdelek\/pojilica-za-konje-gus-model-61\/#breadcrumb"},"inLanguage":"hr","potentialAction":[{"@type":"ReadAction","target":["https:\/\/clair.si\/hr\/izdelek\/pojilica-za-konje-gus-model-61\/"]}]},{"@type":"ImageObject","inLanguage":"hr","@id":"https:\/\/clair.si\/hr\/izdelek\/pojilica-za-konje-gus-model-61\/#primaryimage","url":"https:\/\/clair.si\/wp-content\/uploads\/2022\/06\/NAPAJALNIK-GUS-s-cevnim-ventilom-1251925_4.webp","contentUrl":"https:\/\/clair.si\/wp-content\/uploads\/2022\/06\/NAPAJALNIK-GUS-s-cevnim-ventilom-1251925_4.webp","width":800,"height":800,"caption":"Napajalnik Gus za konje"},{"@type":"BreadcrumbList","@id":"https:\/\/clair.si\/hr\/izdelek\/pojilica-za-konje-gus-model-61\/#breadcrumb","itemListElement":[{"@type":"ListItem","position":1,"name":"Home","item":"https:\/\/clair.si\/hr\/"},{"@type":"ListItem","position":2,"name":"Trgovina","item":"https:\/\/clair.si\/trgovina\/"},{"@type":"ListItem","position":3,"name":"Pojilica za konje GUS Model 61"}]},{"@type":"WebSite","@id":"https:\/\/clair.si\/#website","url":"https:\/\/clair.si\/","name":"Clair","description":"Trgovina s konjeni\u0161ko opremo","publisher":{"@id":"https:\/\/clair.si\/#organization"},"potentialAction":[{"@type":"SearchAction","target":{"@type":"EntryPoint","urlTemplate":"https:\/\/clair.si\/?s={search_term_string}"},"query-input":{"@type":"PropertyValueSpecification","valueRequired":true,"valueName":"search_term_string"}}],"inLanguage":"hr"},{"@type":"Organization","@id":"https:\/\/clair.si\/#organization","name":"Clair","url":"https:\/\/clair.si\/","logo":{"@type":"ImageObject","inLanguage":"hr","@id":"https:\/\/clair.si\/#\/schema\/logo\/image\/","url":"https:\/\/clair.si\/wp-content\/uploads\/2022\/11\/clair_logo_2022.jpg","contentUrl":"https:\/\/clair.si\/wp-content\/uploads\/2022\/11\/clair_logo_2022.jpg","width":1920,"height":1920,"caption":"Clair"},"image":{"@id":"https:\/\/clair.si\/#\/schema\/logo\/image\/"},"sameAs":["https:\/\/www.facebook.com\/TrgovinaClair\/"]}]}},"_links":{"self":[{"href":"https:\/\/clair.si\/hr\/wp-json\/wp\/v2\/product\/103673","targetHints":{"allow":["GET"]}}],"collection":[{"href":"https:\/\/clair.si\/hr\/wp-json\/wp\/v2\/product"}],"about":[{"href":"https:\/\/clair.si\/hr\/wp-json\/wp\/v2\/types\/product"}],"version-history":[{"count":0,"href":"https:\/\/clair.si\/hr\/wp-json\/wp\/v2\/product\/103673\/revisions"}],"wp:featuredmedia":[{"embeddable":true,"href":"https:\/\/clair.si\/hr\/wp-json\/wp\/v2\/media\/103678"}],"wp:attachment":[{"href":"https:\/\/clair.si\/hr\/wp-json\/wp\/v2\/media?parent=103673"}],"wp:term":[{"taxonomy":"product_brand","embeddable":true,"href":"https:\/\/clair.si\/hr\/wp-json\/wp\/v2\/product_brand?post=103673"},{"taxonomy":"product_cat","embeddable":true,"href":"https:\/\/clair.si\/hr\/wp-json\/wp\/v2\/product_cat?post=103673"},{"taxonomy":"product_tag","embeddable":true,"href":"https:\/\/clair.si\/hr\/wp-json\/wp\/v2\/product_tag?post=103673"}],"curies":[{"name":"wp","href":"https:\/\/api.w.org\/{rel}","templated":true}]}}