{"id":103674,"date":"2022-06-28T10:06:38","date_gmt":"2022-06-28T08:06:38","guid":{"rendered":"https:\/\/clair.si\/izdelek\/grijajuci-kabel-s-termostatom-protiv-smrzavanja\/"},"modified":"2025-08-28T09:34:36","modified_gmt":"2025-08-28T07:34:36","slug":"grijajuci-kabel-s-termostatom-protiv-smrzavanja","status":"publish","type":"product","link":"https:\/\/clair.si\/hr\/izdelek\/grijajuci-kabel-s-termostatom-protiv-smrzavanja\/","title":{"rendered":"Grijaju\u0107i kabel s termostatom protiv smrzavanja"},"content":{"rendered":"<p><strong>Grijaju\u0107i kabel protiv smrzavanja<\/strong> s dvo metarskim napojnim kabelom<\/p>\n<ul>\n<li>Jednostavno, sigurno, zadovoljavaju\u0107e i pouzdano<\/li>\n<li>Korisno <strong>za sve vrste vodovodnih cijevi<\/strong><\/li>\n<li>Plug-and Play za jednostavno postavljanje<\/li>\n<li>Na vodovodnu cijev namjestite grijaju\u0107i kabel s izolir trakom ili alu ljepljivom trakom i utika\u010d priklju\u010dite na uti\u010dnicu<\/li>\n<li><strong>Name\u0161ten termostat se automatski uklju\u010di<\/strong> \u010dim se temperatura vode u cijevi spusti ispod + 3 \u00b0 Celzija<\/li>\n<li>Grijaju\u0107i kabel zajam\u010deno <strong>sprje\u010dava smrzavanje vode u cijevima<\/strong><\/li>\n<li>Ne postavljajte tamo gdje \u017eivotinje mogu dose\u0107i kabel (za\u0161titite od ugriza)<\/li>\n<li>U kombinaciji s dodatnom izolacijom, grija\u0107i kabel u\u010dinkovit je za maksimalnu za\u0161titu od smrzavanja <strong>do -45 \u00b0 Celzija<\/strong><\/li>\n<li>Pozor: kabel nije mogu\u0107e rezati, stoga je potrebno naru\u010diti odgovaraju\u0107u duljinu<\/li>\n<\/ul>\n","protected":false},"excerpt":{"rendered":"<p>Grijaju\u0107i kabel protiv smrzavanja s dvo metarskim napojnim kabelom Jednostavno, sigurno, zadovoljavaju\u0107e i pouzdano Korisno za sve vrste vodovodnih cijevi<\/p>\n","protected":false},"featured_media":103683,"template":"","meta":{"footnotes":""},"product_brand":[],"product_cat":[6152,5627],"product_tag":[],"class_list":{"0":"post-103674","1":"product","2":"type-product","3":"status-publish","4":"has-post-thumbnail","6":"product_cat-pojilice-za-konje","7":"product_cat-stala-i-pasnjak","9":"first","10":"instock","11":"sale","12":"shipping-taxable","13":"purchasable","14":"product-type-variable"},"yoast_head":"<!-- This site is optimized with the Yoast SEO plugin v27.4 - https:\/\/yoast.com\/product\/yoast-seo-wordpress\/ -->\n<title>Grijaju\u0107i kabel s termostatom protiv smrzavanja - Clair<\/title>\n<meta name=\"description\" content=\"Grijaju\u0107i kabel protiv smrzavanja s dvo metarskim napojnim kabelom Jednostavno, sigurno, zadovoljavaju\u0107e i pouzdano Korisno za sve vrste vodovodnih cijevi\" \/>\n<meta name=\"robots\" content=\"index, follow, max-snippet:-1, max-image-preview:large, max-video-preview:-1\" \/>\n<link rel=\"canonical\" href=\"https:\/\/clair.si\/hr\/izdelek\/grijajuci-kabel-s-termostatom-protiv-smrzavanja\/\" \/>\n<meta property=\"og:locale\" content=\"hr_HR\" \/>\n<meta property=\"og:type\" content=\"article\" \/>\n<meta property=\"og:title\" content=\"Grijaju\u0107i kabel s termostatom protiv smrzavanja - Clair\" \/>\n<meta property=\"og:description\" content=\"Grijaju\u0107i kabel protiv smrzavanja s dvo metarskim napojnim kabelom Jednostavno, sigurno, zadovoljavaju\u0107e i pouzdano Korisno za sve vrste vodovodnih cijevi\" \/>\n<meta property=\"og:url\" content=\"https:\/\/clair.si\/hr\/izdelek\/grijajuci-kabel-s-termostatom-protiv-smrzavanja\/\" \/>\n<meta property=\"og:site_name\" content=\"Clair\" \/>\n<meta property=\"article:publisher\" content=\"https:\/\/www.facebook.com\/TrgovinaClair\/\" \/>\n<meta property=\"article:modified_time\" content=\"2025-08-28T07:34:36+00:00\" \/>\n<meta property=\"og:image\" content=\"https:\/\/clair.si\/wp-content\/uploads\/2022\/11\/clair_logo_2022.webp\" \/>\n\t<meta property=\"og:image:width\" content=\"1920\" \/>\n\t<meta property=\"og:image:height\" content=\"1920\" \/>\n\t<meta property=\"og:image:type\" content=\"image\/jpeg\" \/>\n<meta name=\"twitter:card\" content=\"summary_large_image\" \/>\n<meta name=\"twitter:label1\" content=\"Procijenjeno vrijeme \u010ditanja\" \/>\n\t<meta name=\"twitter:data1\" content=\"1 minuta\" \/>\n<script type=\"application\/ld+json\" class=\"yoast-schema-graph\">{\"@context\":\"https:\\\/\\\/schema.org\",\"@graph\":[{\"@type\":\"WebPage\",\"@id\":\"https:\\\/\\\/clair.si\\\/hr\\\/izdelek\\\/grijajuci-kabel-s-termostatom-protiv-smrzavanja\\\/\",\"url\":\"https:\\\/\\\/clair.si\\\/hr\\\/izdelek\\\/grijajuci-kabel-s-termostatom-protiv-smrzavanja\\\/\",\"name\":\"Grijaju\u0107i kabel s termostatom protiv smrzavanja - Clair\",\"isPartOf\":{\"@id\":\"https:\\\/\\\/clair.si\\\/#website\"},\"primaryImageOfPage\":{\"@id\":\"https:\\\/\\\/clair.si\\\/hr\\\/izdelek\\\/grijajuci-kabel-s-termostatom-protiv-smrzavanja\\\/#primaryimage\"},\"image\":{\"@id\":\"https:\\\/\\\/clair.si\\\/hr\\\/izdelek\\\/grijajuci-kabel-s-termostatom-protiv-smrzavanja\\\/#primaryimage\"},\"thumbnailUrl\":\"https:\\\/\\\/clair.si\\\/wp-content\\\/uploads\\\/2022\\\/06\\\/Grelni-kabel-s-termostatom-proti-zmrzovanju.jpg.webp\",\"datePublished\":\"2022-06-28T08:06:38+00:00\",\"dateModified\":\"2025-08-28T07:34:36+00:00\",\"description\":\"Grijaju\u0107i kabel protiv smrzavanja s dvo metarskim napojnim kabelom Jednostavno, sigurno, zadovoljavaju\u0107e i pouzdano Korisno za sve vrste vodovodnih cijevi\",\"breadcrumb\":{\"@id\":\"https:\\\/\\\/clair.si\\\/hr\\\/izdelek\\\/grijajuci-kabel-s-termostatom-protiv-smrzavanja\\\/#breadcrumb\"},\"inLanguage\":\"hr\",\"potentialAction\":[{\"@type\":\"ReadAction\",\"target\":[\"https:\\\/\\\/clair.si\\\/hr\\\/izdelek\\\/grijajuci-kabel-s-termostatom-protiv-smrzavanja\\\/\"]}]},{\"@type\":\"ImageObject\",\"inLanguage\":\"hr\",\"@id\":\"https:\\\/\\\/clair.si\\\/hr\\\/izdelek\\\/grijajuci-kabel-s-termostatom-protiv-smrzavanja\\\/#primaryimage\",\"url\":\"https:\\\/\\\/clair.si\\\/wp-content\\\/uploads\\\/2022\\\/06\\\/Grelni-kabel-s-termostatom-proti-zmrzovanju.jpg.webp\",\"contentUrl\":\"https:\\\/\\\/clair.si\\\/wp-content\\\/uploads\\\/2022\\\/06\\\/Grelni-kabel-s-termostatom-proti-zmrzovanju.jpg.webp\",\"width\":630,\"height\":630,\"caption\":\"Grelni kabel proti zmrzovanju\"},{\"@type\":\"BreadcrumbList\",\"@id\":\"https:\\\/\\\/clair.si\\\/hr\\\/izdelek\\\/grijajuci-kabel-s-termostatom-protiv-smrzavanja\\\/#breadcrumb\",\"itemListElement\":[{\"@type\":\"ListItem\",\"position\":1,\"name\":\"Home\",\"item\":\"https:\\\/\\\/clair.si\\\/hr\\\/\"},{\"@type\":\"ListItem\",\"position\":2,\"name\":\"Trgovina\",\"item\":\"https:\\\/\\\/clair.si\\\/trgovina\\\/\"},{\"@type\":\"ListItem\",\"position\":3,\"name\":\"Grijaju\u0107i kabel s termostatom protiv smrzavanja\"}]},{\"@type\":\"WebSite\",\"@id\":\"https:\\\/\\\/clair.si\\\/#website\",\"url\":\"https:\\\/\\\/clair.si\\\/\",\"name\":\"Clair\",\"description\":\"Trgovina s konjeni\u0161ko opremo\",\"publisher\":{\"@id\":\"https:\\\/\\\/clair.si\\\/#organization\"},\"potentialAction\":[{\"@type\":\"SearchAction\",\"target\":{\"@type\":\"EntryPoint\",\"urlTemplate\":\"https:\\\/\\\/clair.si\\\/?s={search_term_string}\"},\"query-input\":{\"@type\":\"PropertyValueSpecification\",\"valueRequired\":true,\"valueName\":\"search_term_string\"}}],\"inLanguage\":\"hr\"},{\"@type\":\"Organization\",\"@id\":\"https:\\\/\\\/clair.si\\\/#organization\",\"name\":\"Clair\",\"url\":\"https:\\\/\\\/clair.si\\\/\",\"logo\":{\"@type\":\"ImageObject\",\"inLanguage\":\"hr\",\"@id\":\"https:\\\/\\\/clair.si\\\/#\\\/schema\\\/logo\\\/image\\\/\",\"url\":\"https:\\\/\\\/clair.si\\\/wp-content\\\/uploads\\\/2022\\\/11\\\/clair_logo_2022.jpg\",\"contentUrl\":\"https:\\\/\\\/clair.si\\\/wp-content\\\/uploads\\\/2022\\\/11\\\/clair_logo_2022.jpg\",\"width\":1920,\"height\":1920,\"caption\":\"Clair\"},\"image\":{\"@id\":\"https:\\\/\\\/clair.si\\\/#\\\/schema\\\/logo\\\/image\\\/\"},\"sameAs\":[\"https:\\\/\\\/www.facebook.com\\\/TrgovinaClair\\\/\"]}]}<\/script>\n<!-- \/ Yoast SEO plugin. -->","yoast_head_json":{"title":"Grijaju\u0107i kabel s termostatom protiv smrzavanja - Clair","description":"Grijaju\u0107i kabel protiv smrzavanja s dvo metarskim napojnim kabelom Jednostavno, sigurno, zadovoljavaju\u0107e i pouzdano Korisno za sve vrste vodovodnih cijevi","robots":{"index":"index","follow":"follow","max-snippet":"max-snippet:-1","max-image-preview":"max-image-preview:large","max-video-preview":"max-video-preview:-1"},"canonical":"https:\/\/clair.si\/hr\/izdelek\/grijajuci-kabel-s-termostatom-protiv-smrzavanja\/","og_locale":"hr_HR","og_type":"article","og_title":"Grijaju\u0107i kabel s termostatom protiv smrzavanja - Clair","og_description":"Grijaju\u0107i kabel protiv smrzavanja s dvo metarskim napojnim kabelom Jednostavno, sigurno, zadovoljavaju\u0107e i pouzdano Korisno za sve vrste vodovodnih cijevi","og_url":"https:\/\/clair.si\/hr\/izdelek\/grijajuci-kabel-s-termostatom-protiv-smrzavanja\/","og_site_name":"Clair","article_publisher":"https:\/\/www.facebook.com\/TrgovinaClair\/","article_modified_time":"2025-08-28T07:34:36+00:00","og_image":[{"width":1920,"height":1920,"url":"https:\/\/clair.si\/wp-content\/uploads\/2022\/11\/clair_logo_2022.webp","type":"image\/jpeg"}],"twitter_card":"summary_large_image","twitter_misc":{"Procijenjeno vrijeme \u010ditanja":"1 minuta"},"schema":{"@context":"https:\/\/schema.org","@graph":[{"@type":"WebPage","@id":"https:\/\/clair.si\/hr\/izdelek\/grijajuci-kabel-s-termostatom-protiv-smrzavanja\/","url":"https:\/\/clair.si\/hr\/izdelek\/grijajuci-kabel-s-termostatom-protiv-smrzavanja\/","name":"Grijaju\u0107i kabel s termostatom protiv smrzavanja - Clair","isPartOf":{"@id":"https:\/\/clair.si\/#website"},"primaryImageOfPage":{"@id":"https:\/\/clair.si\/hr\/izdelek\/grijajuci-kabel-s-termostatom-protiv-smrzavanja\/#primaryimage"},"image":{"@id":"https:\/\/clair.si\/hr\/izdelek\/grijajuci-kabel-s-termostatom-protiv-smrzavanja\/#primaryimage"},"thumbnailUrl":"https:\/\/clair.si\/wp-content\/uploads\/2022\/06\/Grelni-kabel-s-termostatom-proti-zmrzovanju.jpg.webp","datePublished":"2022-06-28T08:06:38+00:00","dateModified":"2025-08-28T07:34:36+00:00","description":"Grijaju\u0107i kabel protiv smrzavanja s dvo metarskim napojnim kabelom Jednostavno, sigurno, zadovoljavaju\u0107e i pouzdano Korisno za sve vrste vodovodnih cijevi","breadcrumb":{"@id":"https:\/\/clair.si\/hr\/izdelek\/grijajuci-kabel-s-termostatom-protiv-smrzavanja\/#breadcrumb"},"inLanguage":"hr","potentialAction":[{"@type":"ReadAction","target":["https:\/\/clair.si\/hr\/izdelek\/grijajuci-kabel-s-termostatom-protiv-smrzavanja\/"]}]},{"@type":"ImageObject","inLanguage":"hr","@id":"https:\/\/clair.si\/hr\/izdelek\/grijajuci-kabel-s-termostatom-protiv-smrzavanja\/#primaryimage","url":"https:\/\/clair.si\/wp-content\/uploads\/2022\/06\/Grelni-kabel-s-termostatom-proti-zmrzovanju.jpg.webp","contentUrl":"https:\/\/clair.si\/wp-content\/uploads\/2022\/06\/Grelni-kabel-s-termostatom-proti-zmrzovanju.jpg.webp","width":630,"height":630,"caption":"Grelni kabel proti zmrzovanju"},{"@type":"BreadcrumbList","@id":"https:\/\/clair.si\/hr\/izdelek\/grijajuci-kabel-s-termostatom-protiv-smrzavanja\/#breadcrumb","itemListElement":[{"@type":"ListItem","position":1,"name":"Home","item":"https:\/\/clair.si\/hr\/"},{"@type":"ListItem","position":2,"name":"Trgovina","item":"https:\/\/clair.si\/trgovina\/"},{"@type":"ListItem","position":3,"name":"Grijaju\u0107i kabel s termostatom protiv smrzavanja"}]},{"@type":"WebSite","@id":"https:\/\/clair.si\/#website","url":"https:\/\/clair.si\/","name":"Clair","description":"Trgovina s konjeni\u0161ko opremo","publisher":{"@id":"https:\/\/clair.si\/#organization"},"potentialAction":[{"@type":"SearchAction","target":{"@type":"EntryPoint","urlTemplate":"https:\/\/clair.si\/?s={search_term_string}"},"query-input":{"@type":"PropertyValueSpecification","valueRequired":true,"valueName":"search_term_string"}}],"inLanguage":"hr"},{"@type":"Organization","@id":"https:\/\/clair.si\/#organization","name":"Clair","url":"https:\/\/clair.si\/","logo":{"@type":"ImageObject","inLanguage":"hr","@id":"https:\/\/clair.si\/#\/schema\/logo\/image\/","url":"https:\/\/clair.si\/wp-content\/uploads\/2022\/11\/clair_logo_2022.jpg","contentUrl":"https:\/\/clair.si\/wp-content\/uploads\/2022\/11\/clair_logo_2022.jpg","width":1920,"height":1920,"caption":"Clair"},"image":{"@id":"https:\/\/clair.si\/#\/schema\/logo\/image\/"},"sameAs":["https:\/\/www.facebook.com\/TrgovinaClair\/"]}]}},"_links":{"self":[{"href":"https:\/\/clair.si\/hr\/wp-json\/wp\/v2\/product\/103674","targetHints":{"allow":["GET"]}}],"collection":[{"href":"https:\/\/clair.si\/hr\/wp-json\/wp\/v2\/product"}],"about":[{"href":"https:\/\/clair.si\/hr\/wp-json\/wp\/v2\/types\/product"}],"version-history":[{"count":0,"href":"https:\/\/clair.si\/hr\/wp-json\/wp\/v2\/product\/103674\/revisions"}],"wp:featuredmedia":[{"embeddable":true,"href":"https:\/\/clair.si\/hr\/wp-json\/wp\/v2\/media\/103683"}],"wp:attachment":[{"href":"https:\/\/clair.si\/hr\/wp-json\/wp\/v2\/media?parent=103674"}],"wp:term":[{"taxonomy":"product_brand","embeddable":true,"href":"https:\/\/clair.si\/hr\/wp-json\/wp\/v2\/product_brand?post=103674"},{"taxonomy":"product_cat","embeddable":true,"href":"https:\/\/clair.si\/hr\/wp-json\/wp\/v2\/product_cat?post=103674"},{"taxonomy":"product_tag","embeddable":true,"href":"https:\/\/clair.si\/hr\/wp-json\/wp\/v2\/product_tag?post=103674"}],"curies":[{"name":"wp","href":"https:\/\/api.w.org\/{rel}","templated":true}]}}