{"id":103701,"date":"2022-06-25T16:50:05","date_gmt":"2022-06-25T14:50:05","guid":{"rendered":"https:\/\/clair.si\/izdelek\/grijani-pojilnik-za-konje-lister-sb-22h\/"},"modified":"2025-08-28T08:32:45","modified_gmt":"2025-08-28T06:32:45","slug":"grijani-pojilnik-za-konje-lister-sb-22h","status":"publish","type":"product","link":"https:\/\/clair.si\/hr\/izdelek\/grijani-pojilnik-za-konje-lister-sb-22h\/","title":{"rendered":"Grijani pojilnik za konje Lister SB 22H"},"content":{"rendered":"<p><strong>Grijani <a href=\"https:\/\/clair.si\/hr\/kategorija\/pojilice-za-konje\/\">pojilnik za konje<\/a> Lister SB 22H<\/strong> radi pritiskom na cijevni ventil.<\/p>\n<p><strong>Zna\u010dajke:<\/strong><\/p>\n<ul>\n<li>Izdr\u017eljiva plastika otporna na ugrize<\/li>\n<li dir=\"ltr\" data-placeholder=\"Prevod\">Priklju\u010dak: 1\/2\u201d (na gornjoj ili donjoj strani)<\/li>\n<li dir=\"ltr\" data-placeholder=\"Prevod\">Fleksibilni mjedeni ventil s vijkom za regulaciju vode<\/li>\n<li dir=\"ltr\" data-placeholder=\"Prevod\">\u010ci\u0161\u0107enje je jednostavno zbog uklonjivog plasti\u010dnog \u010depa u sredini<\/li>\n<li dir=\"ltr\" data-placeholder=\"Prevod\">Kabel sadr\u017ei ugra\u0111eni termostat koji se uklju\u010duje ako temperatura padne ispod + 5<span lang=\"sl\">\u00b0 C i isklju\u010duje se ako temperatura naraste do + 15\u00b0 C<\/span><\/li>\n<li dir=\"ltr\" data-placeholder=\"Prevod\">Koli\u010dina protoka vode pribli\u017eno 11 L\/min, pri pritisku 5 bara<\/li>\n<li dir=\"ltr\" data-placeholder=\"Prevod\">Zapremina posude pribli\u017eno 2 L<\/li>\n<li dir=\"ltr\" data-placeholder=\"Prevod\">Grijani kabel 230V\/33W<\/li>\n<li>\u010cetiri rupe za fiksiranje<\/li>\n<li>Pogodan za pri\u010dvr\u0161\u0107ivanje na zid<\/li>\n<\/ul>\n","protected":false},"excerpt":{"rendered":"<p>Grijani pojilnik za konje Lister SB 22H radi pritiskom na cijevni ventil. Zna\u010dajke: Izdr\u017eljiva plastika otporna na ugrize Priklju\u010dak: 1\/2\u201d<\/p>\n","protected":false},"featured_media":103704,"template":"","meta":{"footnotes":""},"product_brand":[],"product_cat":[6152,5627],"product_tag":[],"class_list":{"0":"post-103701","1":"product","2":"type-product","3":"status-publish","4":"has-post-thumbnail","6":"product_cat-pojilice-za-konje","7":"product_cat-stala-i-pasnjak","9":"first","10":"instock","11":"sale","12":"shipping-taxable","13":"purchasable","14":"product-type-simple"},"yoast_head":"<!-- This site is optimized with the Yoast SEO plugin v27.4 - https:\/\/yoast.com\/product\/yoast-seo-wordpress\/ -->\n<title>Grijani pojilnik za konje Lister SB 22H - Clair<\/title>\n<meta name=\"description\" content=\"Grijani pojilnik Lister 22H kod nas mo\u017eete dobiti po povoljnoj cijeni. Vi\u0161e vas ne\u0107e brinuti smrznuta voda u pojilniku. Provjerite!\" \/>\n<meta name=\"robots\" content=\"index, follow, max-snippet:-1, max-image-preview:large, max-video-preview:-1\" \/>\n<link rel=\"canonical\" href=\"https:\/\/clair.si\/hr\/izdelek\/grijani-pojilnik-za-konje-lister-sb-22h\/\" \/>\n<meta property=\"og:locale\" content=\"hr_HR\" \/>\n<meta property=\"og:type\" content=\"article\" \/>\n<meta property=\"og:title\" content=\"Grijani pojilnik za konje Lister SB 22H - Clair\" \/>\n<meta property=\"og:description\" content=\"Grijani pojilnik Lister 22H kod nas mo\u017eete dobiti po povoljnoj cijeni. Vi\u0161e vas ne\u0107e brinuti smrznuta voda u pojilniku. Provjerite!\" \/>\n<meta property=\"og:url\" content=\"https:\/\/clair.si\/hr\/izdelek\/grijani-pojilnik-za-konje-lister-sb-22h\/\" \/>\n<meta property=\"og:site_name\" content=\"Clair\" \/>\n<meta property=\"article:publisher\" content=\"https:\/\/www.facebook.com\/TrgovinaClair\/\" \/>\n<meta property=\"article:modified_time\" content=\"2025-08-28T06:32:45+00:00\" \/>\n<meta property=\"og:image\" content=\"https:\/\/clair.si\/wp-content\/uploads\/2022\/06\/NAPAJALNIK-Lister-SB-22H-230V-33W-NKN_1251070_8.jpeg\" \/>\n\t<meta property=\"og:image:width\" content=\"300\" \/>\n\t<meta property=\"og:image:height\" content=\"300\" \/>\n\t<meta property=\"og:image:type\" content=\"image\/jpeg\" \/>\n<meta name=\"twitter:card\" content=\"summary_large_image\" \/>\n<meta name=\"twitter:label1\" content=\"Procijenjeno vrijeme \u010ditanja\" \/>\n\t<meta name=\"twitter:data1\" content=\"1 minuta\" \/>\n<script type=\"application\/ld+json\" class=\"yoast-schema-graph\">{\"@context\":\"https:\\\/\\\/schema.org\",\"@graph\":[{\"@type\":\"WebPage\",\"@id\":\"https:\\\/\\\/clair.si\\\/hr\\\/izdelek\\\/grijani-pojilnik-za-konje-lister-sb-22h\\\/\",\"url\":\"https:\\\/\\\/clair.si\\\/hr\\\/izdelek\\\/grijani-pojilnik-za-konje-lister-sb-22h\\\/\",\"name\":\"Grijani pojilnik za konje Lister SB 22H - Clair\",\"isPartOf\":{\"@id\":\"https:\\\/\\\/clair.si\\\/#website\"},\"primaryImageOfPage\":{\"@id\":\"https:\\\/\\\/clair.si\\\/hr\\\/izdelek\\\/grijani-pojilnik-za-konje-lister-sb-22h\\\/#primaryimage\"},\"image\":{\"@id\":\"https:\\\/\\\/clair.si\\\/hr\\\/izdelek\\\/grijani-pojilnik-za-konje-lister-sb-22h\\\/#primaryimage\"},\"thumbnailUrl\":\"https:\\\/\\\/clair.si\\\/wp-content\\\/uploads\\\/2022\\\/06\\\/NAPAJALNIK-Lister-SB-22H-230V-33W-NKN_1251070_8.webp\",\"datePublished\":\"2022-06-25T14:50:05+00:00\",\"dateModified\":\"2025-08-28T06:32:45+00:00\",\"description\":\"Grijani pojilnik Lister 22H kod nas mo\u017eete dobiti po povoljnoj cijeni. Vi\u0161e vas ne\u0107e brinuti smrznuta voda u pojilniku. Provjerite!\",\"breadcrumb\":{\"@id\":\"https:\\\/\\\/clair.si\\\/hr\\\/izdelek\\\/grijani-pojilnik-za-konje-lister-sb-22h\\\/#breadcrumb\"},\"inLanguage\":\"hr\",\"potentialAction\":[{\"@type\":\"ReadAction\",\"target\":[\"https:\\\/\\\/clair.si\\\/hr\\\/izdelek\\\/grijani-pojilnik-za-konje-lister-sb-22h\\\/\"]}]},{\"@type\":\"ImageObject\",\"inLanguage\":\"hr\",\"@id\":\"https:\\\/\\\/clair.si\\\/hr\\\/izdelek\\\/grijani-pojilnik-za-konje-lister-sb-22h\\\/#primaryimage\",\"url\":\"https:\\\/\\\/clair.si\\\/wp-content\\\/uploads\\\/2022\\\/06\\\/NAPAJALNIK-Lister-SB-22H-230V-33W-NKN_1251070_8.webp\",\"contentUrl\":\"https:\\\/\\\/clair.si\\\/wp-content\\\/uploads\\\/2022\\\/06\\\/NAPAJALNIK-Lister-SB-22H-230V-33W-NKN_1251070_8.webp\",\"width\":300,\"height\":300,\"caption\":\"Grelni napajalnik\"},{\"@type\":\"BreadcrumbList\",\"@id\":\"https:\\\/\\\/clair.si\\\/hr\\\/izdelek\\\/grijani-pojilnik-za-konje-lister-sb-22h\\\/#breadcrumb\",\"itemListElement\":[{\"@type\":\"ListItem\",\"position\":1,\"name\":\"Home\",\"item\":\"https:\\\/\\\/clair.si\\\/hr\\\/\"},{\"@type\":\"ListItem\",\"position\":2,\"name\":\"Trgovina\",\"item\":\"https:\\\/\\\/clair.si\\\/trgovina\\\/\"},{\"@type\":\"ListItem\",\"position\":3,\"name\":\"Grijani pojilnik za konje Lister SB 22H\"}]},{\"@type\":\"WebSite\",\"@id\":\"https:\\\/\\\/clair.si\\\/#website\",\"url\":\"https:\\\/\\\/clair.si\\\/\",\"name\":\"Clair\",\"description\":\"Trgovina s konjeni\u0161ko opremo\",\"publisher\":{\"@id\":\"https:\\\/\\\/clair.si\\\/#organization\"},\"potentialAction\":[{\"@type\":\"SearchAction\",\"target\":{\"@type\":\"EntryPoint\",\"urlTemplate\":\"https:\\\/\\\/clair.si\\\/?s={search_term_string}\"},\"query-input\":{\"@type\":\"PropertyValueSpecification\",\"valueRequired\":true,\"valueName\":\"search_term_string\"}}],\"inLanguage\":\"hr\"},{\"@type\":\"Organization\",\"@id\":\"https:\\\/\\\/clair.si\\\/#organization\",\"name\":\"Clair\",\"url\":\"https:\\\/\\\/clair.si\\\/\",\"logo\":{\"@type\":\"ImageObject\",\"inLanguage\":\"hr\",\"@id\":\"https:\\\/\\\/clair.si\\\/#\\\/schema\\\/logo\\\/image\\\/\",\"url\":\"https:\\\/\\\/clair.si\\\/wp-content\\\/uploads\\\/2022\\\/11\\\/clair_logo_2022.jpg\",\"contentUrl\":\"https:\\\/\\\/clair.si\\\/wp-content\\\/uploads\\\/2022\\\/11\\\/clair_logo_2022.jpg\",\"width\":1920,\"height\":1920,\"caption\":\"Clair\"},\"image\":{\"@id\":\"https:\\\/\\\/clair.si\\\/#\\\/schema\\\/logo\\\/image\\\/\"},\"sameAs\":[\"https:\\\/\\\/www.facebook.com\\\/TrgovinaClair\\\/\"]}]}<\/script>\n<!-- \/ Yoast SEO plugin. -->","yoast_head_json":{"title":"Grijani pojilnik za konje Lister SB 22H - Clair","description":"Grijani pojilnik Lister 22H kod nas mo\u017eete dobiti po povoljnoj cijeni. Vi\u0161e vas ne\u0107e brinuti smrznuta voda u pojilniku. Provjerite!","robots":{"index":"index","follow":"follow","max-snippet":"max-snippet:-1","max-image-preview":"max-image-preview:large","max-video-preview":"max-video-preview:-1"},"canonical":"https:\/\/clair.si\/hr\/izdelek\/grijani-pojilnik-za-konje-lister-sb-22h\/","og_locale":"hr_HR","og_type":"article","og_title":"Grijani pojilnik za konje Lister SB 22H - Clair","og_description":"Grijani pojilnik Lister 22H kod nas mo\u017eete dobiti po povoljnoj cijeni. Vi\u0161e vas ne\u0107e brinuti smrznuta voda u pojilniku. Provjerite!","og_url":"https:\/\/clair.si\/hr\/izdelek\/grijani-pojilnik-za-konje-lister-sb-22h\/","og_site_name":"Clair","article_publisher":"https:\/\/www.facebook.com\/TrgovinaClair\/","article_modified_time":"2025-08-28T06:32:45+00:00","og_image":[{"width":300,"height":300,"url":"https:\/\/clair.si\/wp-content\/uploads\/2022\/06\/NAPAJALNIK-Lister-SB-22H-230V-33W-NKN_1251070_8.jpeg","type":"image\/jpeg"}],"twitter_card":"summary_large_image","twitter_misc":{"Procijenjeno vrijeme \u010ditanja":"1 minuta"},"schema":{"@context":"https:\/\/schema.org","@graph":[{"@type":"WebPage","@id":"https:\/\/clair.si\/hr\/izdelek\/grijani-pojilnik-za-konje-lister-sb-22h\/","url":"https:\/\/clair.si\/hr\/izdelek\/grijani-pojilnik-za-konje-lister-sb-22h\/","name":"Grijani pojilnik za konje Lister SB 22H - Clair","isPartOf":{"@id":"https:\/\/clair.si\/#website"},"primaryImageOfPage":{"@id":"https:\/\/clair.si\/hr\/izdelek\/grijani-pojilnik-za-konje-lister-sb-22h\/#primaryimage"},"image":{"@id":"https:\/\/clair.si\/hr\/izdelek\/grijani-pojilnik-za-konje-lister-sb-22h\/#primaryimage"},"thumbnailUrl":"https:\/\/clair.si\/wp-content\/uploads\/2022\/06\/NAPAJALNIK-Lister-SB-22H-230V-33W-NKN_1251070_8.webp","datePublished":"2022-06-25T14:50:05+00:00","dateModified":"2025-08-28T06:32:45+00:00","description":"Grijani pojilnik Lister 22H kod nas mo\u017eete dobiti po povoljnoj cijeni. Vi\u0161e vas ne\u0107e brinuti smrznuta voda u pojilniku. Provjerite!","breadcrumb":{"@id":"https:\/\/clair.si\/hr\/izdelek\/grijani-pojilnik-za-konje-lister-sb-22h\/#breadcrumb"},"inLanguage":"hr","potentialAction":[{"@type":"ReadAction","target":["https:\/\/clair.si\/hr\/izdelek\/grijani-pojilnik-za-konje-lister-sb-22h\/"]}]},{"@type":"ImageObject","inLanguage":"hr","@id":"https:\/\/clair.si\/hr\/izdelek\/grijani-pojilnik-za-konje-lister-sb-22h\/#primaryimage","url":"https:\/\/clair.si\/wp-content\/uploads\/2022\/06\/NAPAJALNIK-Lister-SB-22H-230V-33W-NKN_1251070_8.webp","contentUrl":"https:\/\/clair.si\/wp-content\/uploads\/2022\/06\/NAPAJALNIK-Lister-SB-22H-230V-33W-NKN_1251070_8.webp","width":300,"height":300,"caption":"Grelni napajalnik"},{"@type":"BreadcrumbList","@id":"https:\/\/clair.si\/hr\/izdelek\/grijani-pojilnik-za-konje-lister-sb-22h\/#breadcrumb","itemListElement":[{"@type":"ListItem","position":1,"name":"Home","item":"https:\/\/clair.si\/hr\/"},{"@type":"ListItem","position":2,"name":"Trgovina","item":"https:\/\/clair.si\/trgovina\/"},{"@type":"ListItem","position":3,"name":"Grijani pojilnik za konje Lister SB 22H"}]},{"@type":"WebSite","@id":"https:\/\/clair.si\/#website","url":"https:\/\/clair.si\/","name":"Clair","description":"Trgovina s konjeni\u0161ko opremo","publisher":{"@id":"https:\/\/clair.si\/#organization"},"potentialAction":[{"@type":"SearchAction","target":{"@type":"EntryPoint","urlTemplate":"https:\/\/clair.si\/?s={search_term_string}"},"query-input":{"@type":"PropertyValueSpecification","valueRequired":true,"valueName":"search_term_string"}}],"inLanguage":"hr"},{"@type":"Organization","@id":"https:\/\/clair.si\/#organization","name":"Clair","url":"https:\/\/clair.si\/","logo":{"@type":"ImageObject","inLanguage":"hr","@id":"https:\/\/clair.si\/#\/schema\/logo\/image\/","url":"https:\/\/clair.si\/wp-content\/uploads\/2022\/11\/clair_logo_2022.jpg","contentUrl":"https:\/\/clair.si\/wp-content\/uploads\/2022\/11\/clair_logo_2022.jpg","width":1920,"height":1920,"caption":"Clair"},"image":{"@id":"https:\/\/clair.si\/#\/schema\/logo\/image\/"},"sameAs":["https:\/\/www.facebook.com\/TrgovinaClair\/"]}]}},"_links":{"self":[{"href":"https:\/\/clair.si\/hr\/wp-json\/wp\/v2\/product\/103701","targetHints":{"allow":["GET"]}}],"collection":[{"href":"https:\/\/clair.si\/hr\/wp-json\/wp\/v2\/product"}],"about":[{"href":"https:\/\/clair.si\/hr\/wp-json\/wp\/v2\/types\/product"}],"version-history":[{"count":0,"href":"https:\/\/clair.si\/hr\/wp-json\/wp\/v2\/product\/103701\/revisions"}],"wp:featuredmedia":[{"embeddable":true,"href":"https:\/\/clair.si\/hr\/wp-json\/wp\/v2\/media\/103704"}],"wp:attachment":[{"href":"https:\/\/clair.si\/hr\/wp-json\/wp\/v2\/media?parent=103701"}],"wp:term":[{"taxonomy":"product_brand","embeddable":true,"href":"https:\/\/clair.si\/hr\/wp-json\/wp\/v2\/product_brand?post=103701"},{"taxonomy":"product_cat","embeddable":true,"href":"https:\/\/clair.si\/hr\/wp-json\/wp\/v2\/product_cat?post=103701"},{"taxonomy":"product_tag","embeddable":true,"href":"https:\/\/clair.si\/hr\/wp-json\/wp\/v2\/product_tag?post=103701"}],"curies":[{"name":"wp","href":"https:\/\/api.w.org\/{rel}","templated":true}]}}