{"id":103706,"date":"2022-06-25T10:06:33","date_gmt":"2022-06-25T08:06:33","guid":{"rendered":"https:\/\/clair.si\/izdelek\/marstall-spremnik-za-hranu\/"},"modified":"2025-08-27T15:38:31","modified_gmt":"2025-08-27T13:38:31","slug":"marstall-spremnik-za-hranu","status":"publish","type":"product","link":"https:\/\/clair.si\/hr\/izdelek\/marstall-spremnik-za-hranu\/","title":{"rendered":"Marstall spremnik za hranu"},"content":{"rendered":"<p><strong>Marstall spremnik za hranu<\/strong> izra\u0111en je od tvrde plastike i ima zapreminu 60 L.<\/p>\n<p>Mo\u017eete ga \u010dvrsto zatvoriti odgovaraju\u0107im poklopcem.<\/p>\n<p>Koristite ga za pohranu hrane.<\/p>\n","protected":false},"excerpt":{"rendered":"<p>Marstall spremnik za hranu izra\u0111en je od tvrde plastike i ima zapreminu 60 L. Mo\u017eete ga \u010dvrsto zatvoriti odgovaraju\u0107im poklopcem.<\/p>\n","protected":false},"featured_media":103710,"template":"","meta":{"footnotes":""},"product_brand":[],"product_cat":[5824,5710,6089,5627],"product_tag":[],"class_list":{"0":"post-103706","1":"product","2":"type-product","3":"status-publish","4":"has-post-thumbnail","6":"product_cat-hranilice","7":"product_cat-hrana-za-konje-hr","8":"product_cat-marstall-hr","9":"product_cat-stala-i-pasnjak","11":"first","12":"instock","13":"sale","14":"shipping-taxable","15":"purchasable","16":"product-type-simple"},"yoast_head":"<!-- This site is optimized with the Yoast SEO plugin v27.4 - https:\/\/yoast.com\/product\/yoast-seo-wordpress\/ -->\n<title>Marstall spremnik za hranu - Clair<\/title>\n<meta name=\"description\" content=\"Marstall spremnik za hranu mo\u017eete koristiti za pohranu i skladi\u0161tenje hrane. Vrlo korisno i prakti\u010dno!\" \/>\n<meta name=\"robots\" content=\"index, follow, max-snippet:-1, max-image-preview:large, max-video-preview:-1\" \/>\n<link rel=\"canonical\" href=\"https:\/\/clair.si\/hr\/izdelek\/marstall-spremnik-za-hranu\/\" \/>\n<meta property=\"og:locale\" content=\"hr_HR\" \/>\n<meta property=\"og:type\" content=\"article\" \/>\n<meta property=\"og:title\" content=\"Marstall spremnik za hranu - Clair\" \/>\n<meta property=\"og:description\" content=\"Marstall spremnik za hranu mo\u017eete koristiti za pohranu i skladi\u0161tenje hrane. Vrlo korisno i prakti\u010dno!\" \/>\n<meta property=\"og:url\" content=\"https:\/\/clair.si\/hr\/izdelek\/marstall-spremnik-za-hranu\/\" \/>\n<meta property=\"og:site_name\" content=\"Clair\" \/>\n<meta property=\"article:publisher\" content=\"https:\/\/www.facebook.com\/TrgovinaClair\/\" \/>\n<meta property=\"article:modified_time\" content=\"2025-08-27T13:38:31+00:00\" \/>\n<meta property=\"og:image\" content=\"https:\/\/clair.si\/wp-content\/uploads\/2022\/06\/MARSTALL-zabojnik-za-krmila-60-l-1253159_1.jpeg\" \/>\n\t<meta property=\"og:image:width\" content=\"1000\" \/>\n\t<meta property=\"og:image:height\" content=\"1000\" \/>\n\t<meta property=\"og:image:type\" content=\"image\/jpeg\" \/>\n<meta name=\"twitter:card\" content=\"summary_large_image\" \/>\n<script type=\"application\/ld+json\" class=\"yoast-schema-graph\">{\"@context\":\"https:\\\/\\\/schema.org\",\"@graph\":[{\"@type\":\"WebPage\",\"@id\":\"https:\\\/\\\/clair.si\\\/hr\\\/izdelek\\\/marstall-spremnik-za-hranu\\\/\",\"url\":\"https:\\\/\\\/clair.si\\\/hr\\\/izdelek\\\/marstall-spremnik-za-hranu\\\/\",\"name\":\"Marstall spremnik za hranu - Clair\",\"isPartOf\":{\"@id\":\"https:\\\/\\\/clair.si\\\/#website\"},\"primaryImageOfPage\":{\"@id\":\"https:\\\/\\\/clair.si\\\/hr\\\/izdelek\\\/marstall-spremnik-za-hranu\\\/#primaryimage\"},\"image\":{\"@id\":\"https:\\\/\\\/clair.si\\\/hr\\\/izdelek\\\/marstall-spremnik-za-hranu\\\/#primaryimage\"},\"thumbnailUrl\":\"https:\\\/\\\/clair.si\\\/wp-content\\\/uploads\\\/2022\\\/06\\\/MARSTALL-zabojnik-za-krmila-60-l-1253159_1.webp\",\"datePublished\":\"2022-06-25T08:06:33+00:00\",\"dateModified\":\"2025-08-27T13:38:31+00:00\",\"description\":\"Marstall spremnik za hranu mo\u017eete koristiti za pohranu i skladi\u0161tenje hrane. Vrlo korisno i prakti\u010dno!\",\"breadcrumb\":{\"@id\":\"https:\\\/\\\/clair.si\\\/hr\\\/izdelek\\\/marstall-spremnik-za-hranu\\\/#breadcrumb\"},\"inLanguage\":\"hr\",\"potentialAction\":[{\"@type\":\"ReadAction\",\"target\":[\"https:\\\/\\\/clair.si\\\/hr\\\/izdelek\\\/marstall-spremnik-za-hranu\\\/\"]}]},{\"@type\":\"ImageObject\",\"inLanguage\":\"hr\",\"@id\":\"https:\\\/\\\/clair.si\\\/hr\\\/izdelek\\\/marstall-spremnik-za-hranu\\\/#primaryimage\",\"url\":\"https:\\\/\\\/clair.si\\\/wp-content\\\/uploads\\\/2022\\\/06\\\/MARSTALL-zabojnik-za-krmila-60-l-1253159_1.webp\",\"contentUrl\":\"https:\\\/\\\/clair.si\\\/wp-content\\\/uploads\\\/2022\\\/06\\\/MARSTALL-zabojnik-za-krmila-60-l-1253159_1.webp\",\"width\":1000,\"height\":1000,\"caption\":\"Zabojnik za krmila Marstall\"},{\"@type\":\"BreadcrumbList\",\"@id\":\"https:\\\/\\\/clair.si\\\/hr\\\/izdelek\\\/marstall-spremnik-za-hranu\\\/#breadcrumb\",\"itemListElement\":[{\"@type\":\"ListItem\",\"position\":1,\"name\":\"Home\",\"item\":\"https:\\\/\\\/clair.si\\\/hr\\\/\"},{\"@type\":\"ListItem\",\"position\":2,\"name\":\"Trgovina\",\"item\":\"https:\\\/\\\/clair.si\\\/trgovina\\\/\"},{\"@type\":\"ListItem\",\"position\":3,\"name\":\"Marstall spremnik za hranu\"}]},{\"@type\":\"WebSite\",\"@id\":\"https:\\\/\\\/clair.si\\\/#website\",\"url\":\"https:\\\/\\\/clair.si\\\/\",\"name\":\"Clair\",\"description\":\"Trgovina s konjeni\u0161ko opremo\",\"publisher\":{\"@id\":\"https:\\\/\\\/clair.si\\\/#organization\"},\"potentialAction\":[{\"@type\":\"SearchAction\",\"target\":{\"@type\":\"EntryPoint\",\"urlTemplate\":\"https:\\\/\\\/clair.si\\\/?s={search_term_string}\"},\"query-input\":{\"@type\":\"PropertyValueSpecification\",\"valueRequired\":true,\"valueName\":\"search_term_string\"}}],\"inLanguage\":\"hr\"},{\"@type\":\"Organization\",\"@id\":\"https:\\\/\\\/clair.si\\\/#organization\",\"name\":\"Clair\",\"url\":\"https:\\\/\\\/clair.si\\\/\",\"logo\":{\"@type\":\"ImageObject\",\"inLanguage\":\"hr\",\"@id\":\"https:\\\/\\\/clair.si\\\/#\\\/schema\\\/logo\\\/image\\\/\",\"url\":\"https:\\\/\\\/clair.si\\\/wp-content\\\/uploads\\\/2022\\\/11\\\/clair_logo_2022.jpg\",\"contentUrl\":\"https:\\\/\\\/clair.si\\\/wp-content\\\/uploads\\\/2022\\\/11\\\/clair_logo_2022.jpg\",\"width\":1920,\"height\":1920,\"caption\":\"Clair\"},\"image\":{\"@id\":\"https:\\\/\\\/clair.si\\\/#\\\/schema\\\/logo\\\/image\\\/\"},\"sameAs\":[\"https:\\\/\\\/www.facebook.com\\\/TrgovinaClair\\\/\"]}]}<\/script>\n<!-- \/ Yoast SEO plugin. -->","yoast_head_json":{"title":"Marstall spremnik za hranu - Clair","description":"Marstall spremnik za hranu mo\u017eete koristiti za pohranu i skladi\u0161tenje hrane. Vrlo korisno i prakti\u010dno!","robots":{"index":"index","follow":"follow","max-snippet":"max-snippet:-1","max-image-preview":"max-image-preview:large","max-video-preview":"max-video-preview:-1"},"canonical":"https:\/\/clair.si\/hr\/izdelek\/marstall-spremnik-za-hranu\/","og_locale":"hr_HR","og_type":"article","og_title":"Marstall spremnik za hranu - Clair","og_description":"Marstall spremnik za hranu mo\u017eete koristiti za pohranu i skladi\u0161tenje hrane. Vrlo korisno i prakti\u010dno!","og_url":"https:\/\/clair.si\/hr\/izdelek\/marstall-spremnik-za-hranu\/","og_site_name":"Clair","article_publisher":"https:\/\/www.facebook.com\/TrgovinaClair\/","article_modified_time":"2025-08-27T13:38:31+00:00","og_image":[{"width":1000,"height":1000,"url":"https:\/\/clair.si\/wp-content\/uploads\/2022\/06\/MARSTALL-zabojnik-za-krmila-60-l-1253159_1.jpeg","type":"image\/jpeg"}],"twitter_card":"summary_large_image","schema":{"@context":"https:\/\/schema.org","@graph":[{"@type":"WebPage","@id":"https:\/\/clair.si\/hr\/izdelek\/marstall-spremnik-za-hranu\/","url":"https:\/\/clair.si\/hr\/izdelek\/marstall-spremnik-za-hranu\/","name":"Marstall spremnik za hranu - Clair","isPartOf":{"@id":"https:\/\/clair.si\/#website"},"primaryImageOfPage":{"@id":"https:\/\/clair.si\/hr\/izdelek\/marstall-spremnik-za-hranu\/#primaryimage"},"image":{"@id":"https:\/\/clair.si\/hr\/izdelek\/marstall-spremnik-za-hranu\/#primaryimage"},"thumbnailUrl":"https:\/\/clair.si\/wp-content\/uploads\/2022\/06\/MARSTALL-zabojnik-za-krmila-60-l-1253159_1.webp","datePublished":"2022-06-25T08:06:33+00:00","dateModified":"2025-08-27T13:38:31+00:00","description":"Marstall spremnik za hranu mo\u017eete koristiti za pohranu i skladi\u0161tenje hrane. Vrlo korisno i prakti\u010dno!","breadcrumb":{"@id":"https:\/\/clair.si\/hr\/izdelek\/marstall-spremnik-za-hranu\/#breadcrumb"},"inLanguage":"hr","potentialAction":[{"@type":"ReadAction","target":["https:\/\/clair.si\/hr\/izdelek\/marstall-spremnik-za-hranu\/"]}]},{"@type":"ImageObject","inLanguage":"hr","@id":"https:\/\/clair.si\/hr\/izdelek\/marstall-spremnik-za-hranu\/#primaryimage","url":"https:\/\/clair.si\/wp-content\/uploads\/2022\/06\/MARSTALL-zabojnik-za-krmila-60-l-1253159_1.webp","contentUrl":"https:\/\/clair.si\/wp-content\/uploads\/2022\/06\/MARSTALL-zabojnik-za-krmila-60-l-1253159_1.webp","width":1000,"height":1000,"caption":"Zabojnik za krmila Marstall"},{"@type":"BreadcrumbList","@id":"https:\/\/clair.si\/hr\/izdelek\/marstall-spremnik-za-hranu\/#breadcrumb","itemListElement":[{"@type":"ListItem","position":1,"name":"Home","item":"https:\/\/clair.si\/hr\/"},{"@type":"ListItem","position":2,"name":"Trgovina","item":"https:\/\/clair.si\/trgovina\/"},{"@type":"ListItem","position":3,"name":"Marstall spremnik za hranu"}]},{"@type":"WebSite","@id":"https:\/\/clair.si\/#website","url":"https:\/\/clair.si\/","name":"Clair","description":"Trgovina s konjeni\u0161ko opremo","publisher":{"@id":"https:\/\/clair.si\/#organization"},"potentialAction":[{"@type":"SearchAction","target":{"@type":"EntryPoint","urlTemplate":"https:\/\/clair.si\/?s={search_term_string}"},"query-input":{"@type":"PropertyValueSpecification","valueRequired":true,"valueName":"search_term_string"}}],"inLanguage":"hr"},{"@type":"Organization","@id":"https:\/\/clair.si\/#organization","name":"Clair","url":"https:\/\/clair.si\/","logo":{"@type":"ImageObject","inLanguage":"hr","@id":"https:\/\/clair.si\/#\/schema\/logo\/image\/","url":"https:\/\/clair.si\/wp-content\/uploads\/2022\/11\/clair_logo_2022.jpg","contentUrl":"https:\/\/clair.si\/wp-content\/uploads\/2022\/11\/clair_logo_2022.jpg","width":1920,"height":1920,"caption":"Clair"},"image":{"@id":"https:\/\/clair.si\/#\/schema\/logo\/image\/"},"sameAs":["https:\/\/www.facebook.com\/TrgovinaClair\/"]}]}},"_links":{"self":[{"href":"https:\/\/clair.si\/hr\/wp-json\/wp\/v2\/product\/103706","targetHints":{"allow":["GET"]}}],"collection":[{"href":"https:\/\/clair.si\/hr\/wp-json\/wp\/v2\/product"}],"about":[{"href":"https:\/\/clair.si\/hr\/wp-json\/wp\/v2\/types\/product"}],"version-history":[{"count":0,"href":"https:\/\/clair.si\/hr\/wp-json\/wp\/v2\/product\/103706\/revisions"}],"wp:featuredmedia":[{"embeddable":true,"href":"https:\/\/clair.si\/hr\/wp-json\/wp\/v2\/media\/103710"}],"wp:attachment":[{"href":"https:\/\/clair.si\/hr\/wp-json\/wp\/v2\/media?parent=103706"}],"wp:term":[{"taxonomy":"product_brand","embeddable":true,"href":"https:\/\/clair.si\/hr\/wp-json\/wp\/v2\/product_brand?post=103706"},{"taxonomy":"product_cat","embeddable":true,"href":"https:\/\/clair.si\/hr\/wp-json\/wp\/v2\/product_cat?post=103706"},{"taxonomy":"product_tag","embeddable":true,"href":"https:\/\/clair.si\/hr\/wp-json\/wp\/v2\/product_tag?post=103706"}],"curies":[{"name":"wp","href":"https:\/\/api.w.org\/{rel}","templated":true}]}}