{"id":103708,"date":"2022-06-25T11:34:27","date_gmt":"2022-06-25T09:34:27","guid":{"rendered":"https:\/\/clair.si\/izdelek\/veci-pojilnik-za-konje-gus\/"},"modified":"2026-04-05T19:10:37","modified_gmt":"2026-04-05T17:10:37","slug":"veci-pojilnik-za-konje-gus","status":"publish","type":"product","link":"https:\/\/clair.si\/hr\/izdelek\/veci-pojilnik-za-konje-gus\/","title":{"rendered":"Ve\u0107i pojilnik za konje Gus"},"content":{"rendered":"<p><strong>Pojilnik za konje Horizont Gus, <\/strong>ve\u0107i model radi pritiskom na jezi\u010dak.<strong><br \/>\n<\/strong><\/p>\n<p><strong>Zna\u010dajke:<\/strong><\/p>\n<ul>\n<li>Posuda s dvostrukim rubom, presvu\u010dena lijevanim \u017eeljezom<\/li>\n<li>Mjedeni ventil<\/li>\n<li>Priklju\u010dak: 1\/2\u201d (na gornjoj ili donjoj strani)<\/li>\n<li>\u010cetiri rupe za fiksiranje na cijev 6\/4\u2033<\/li>\n<li>Prikladno za pri\u010dvr\u0161\u0107ivanje na zid ili cijev<\/li>\n<li>Koli\u010dina protoka vode pribli\u017eno 8 \u2013 10 L\/min, pri pritisku 5 bara<\/li>\n<li>Lijevano \u017eeljezni jezi\u010dak (GUS)<\/li>\n<\/ul>\n","protected":false},"excerpt":{"rendered":"<p>Pojilnik za konje Horizont Gus, ve\u0107i model radi pritiskom na jezi\u010dak. Zna\u010dajke: Posuda s dvostrukim rubom, presvu\u010dena lijevanim \u017eeljezom Mjedeni<\/p>\n","protected":false},"featured_media":103711,"template":"","meta":{"footnotes":""},"product_brand":[],"product_cat":[6152,5627],"product_tag":[],"class_list":{"0":"post-103708","1":"product","2":"type-product","3":"status-publish","4":"has-post-thumbnail","6":"product_cat-pojilice-za-konje","7":"product_cat-stala-i-pasnjak","9":"first","10":"instock","11":"sale","12":"shipping-taxable","13":"purchasable","14":"product-type-simple"},"yoast_head":"<!-- This site is optimized with the Yoast SEO plugin v27.4 - https:\/\/yoast.com\/product\/yoast-seo-wordpress\/ -->\n<title>Ve\u0107i pojilnik za konje Gus - Clair<\/title>\n<meta name=\"description\" content=\"Pojilnik za konje Gus je kvalitetan pojilnik. Provjerite na\u0161u web trgovinu i pogledajte ponudu svih pojilnika za konje.\" \/>\n<meta name=\"robots\" content=\"index, follow, max-snippet:-1, max-image-preview:large, max-video-preview:-1\" \/>\n<link rel=\"canonical\" href=\"https:\/\/clair.si\/hr\/izdelek\/veci-pojilnik-za-konje-gus\/\" \/>\n<meta property=\"og:locale\" content=\"hr_HR\" \/>\n<meta property=\"og:type\" content=\"article\" \/>\n<meta property=\"og:title\" content=\"Ve\u0107i pojilnik za konje Gus - Clair\" \/>\n<meta property=\"og:description\" content=\"Pojilnik za konje Gus je kvalitetan pojilnik. Provjerite na\u0161u web trgovinu i pogledajte ponudu svih pojilnika za konje.\" \/>\n<meta property=\"og:url\" content=\"https:\/\/clair.si\/hr\/izdelek\/veci-pojilnik-za-konje-gus\/\" \/>\n<meta property=\"og:site_name\" content=\"Clair\" \/>\n<meta property=\"article:publisher\" content=\"https:\/\/www.facebook.com\/TrgovinaClair\/\" \/>\n<meta property=\"article:modified_time\" content=\"2026-04-05T17:10:37+00:00\" \/>\n<meta property=\"og:image\" content=\"https:\/\/clair.si\/wp-content\/uploads\/2022\/06\/NAPAJALNIK-CLAIR-GUS-veliki-1253100_1-1.jpeg\" \/>\n\t<meta property=\"og:image:width\" content=\"700\" \/>\n\t<meta property=\"og:image:height\" content=\"700\" \/>\n\t<meta property=\"og:image:type\" content=\"image\/jpeg\" \/>\n<meta name=\"twitter:card\" content=\"summary_large_image\" \/>\n<script type=\"application\/ld+json\" class=\"yoast-schema-graph\">{\"@context\":\"https:\\\/\\\/schema.org\",\"@graph\":[{\"@type\":\"WebPage\",\"@id\":\"https:\\\/\\\/clair.si\\\/hr\\\/izdelek\\\/veci-pojilnik-za-konje-gus\\\/\",\"url\":\"https:\\\/\\\/clair.si\\\/hr\\\/izdelek\\\/veci-pojilnik-za-konje-gus\\\/\",\"name\":\"Ve\u0107i pojilnik za konje Gus - Clair\",\"isPartOf\":{\"@id\":\"https:\\\/\\\/clair.si\\\/#website\"},\"primaryImageOfPage\":{\"@id\":\"https:\\\/\\\/clair.si\\\/hr\\\/izdelek\\\/veci-pojilnik-za-konje-gus\\\/#primaryimage\"},\"image\":{\"@id\":\"https:\\\/\\\/clair.si\\\/hr\\\/izdelek\\\/veci-pojilnik-za-konje-gus\\\/#primaryimage\"},\"thumbnailUrl\":\"https:\\\/\\\/clair.si\\\/wp-content\\\/uploads\\\/2022\\\/06\\\/NAPAJALNIK-CLAIR-GUS-veliki-1253100_1-1.webp\",\"datePublished\":\"2022-06-25T09:34:27+00:00\",\"dateModified\":\"2026-04-05T17:10:37+00:00\",\"description\":\"Pojilnik za konje Gus je kvalitetan pojilnik. Provjerite na\u0161u web trgovinu i pogledajte ponudu svih pojilnika za konje.\",\"breadcrumb\":{\"@id\":\"https:\\\/\\\/clair.si\\\/hr\\\/izdelek\\\/veci-pojilnik-za-konje-gus\\\/#breadcrumb\"},\"inLanguage\":\"hr\",\"potentialAction\":[{\"@type\":\"ReadAction\",\"target\":[\"https:\\\/\\\/clair.si\\\/hr\\\/izdelek\\\/veci-pojilnik-za-konje-gus\\\/\"]}]},{\"@type\":\"ImageObject\",\"inLanguage\":\"hr\",\"@id\":\"https:\\\/\\\/clair.si\\\/hr\\\/izdelek\\\/veci-pojilnik-za-konje-gus\\\/#primaryimage\",\"url\":\"https:\\\/\\\/clair.si\\\/wp-content\\\/uploads\\\/2022\\\/06\\\/NAPAJALNIK-CLAIR-GUS-veliki-1253100_1-1.webp\",\"contentUrl\":\"https:\\\/\\\/clair.si\\\/wp-content\\\/uploads\\\/2022\\\/06\\\/NAPAJALNIK-CLAIR-GUS-veliki-1253100_1-1.webp\",\"width\":700,\"height\":700,\"caption\":\"Ve\u010dji napajalnik za konje\"},{\"@type\":\"BreadcrumbList\",\"@id\":\"https:\\\/\\\/clair.si\\\/hr\\\/izdelek\\\/veci-pojilnik-za-konje-gus\\\/#breadcrumb\",\"itemListElement\":[{\"@type\":\"ListItem\",\"position\":1,\"name\":\"Home\",\"item\":\"https:\\\/\\\/clair.si\\\/hr\\\/\"},{\"@type\":\"ListItem\",\"position\":2,\"name\":\"Trgovina\",\"item\":\"https:\\\/\\\/clair.si\\\/trgovina\\\/\"},{\"@type\":\"ListItem\",\"position\":3,\"name\":\"Ve\u0107i pojilnik za konje Gus\"}]},{\"@type\":\"WebSite\",\"@id\":\"https:\\\/\\\/clair.si\\\/#website\",\"url\":\"https:\\\/\\\/clair.si\\\/\",\"name\":\"Clair\",\"description\":\"Trgovina s konjeni\u0161ko opremo\",\"publisher\":{\"@id\":\"https:\\\/\\\/clair.si\\\/#organization\"},\"potentialAction\":[{\"@type\":\"SearchAction\",\"target\":{\"@type\":\"EntryPoint\",\"urlTemplate\":\"https:\\\/\\\/clair.si\\\/?s={search_term_string}\"},\"query-input\":{\"@type\":\"PropertyValueSpecification\",\"valueRequired\":true,\"valueName\":\"search_term_string\"}}],\"inLanguage\":\"hr\"},{\"@type\":\"Organization\",\"@id\":\"https:\\\/\\\/clair.si\\\/#organization\",\"name\":\"Clair\",\"url\":\"https:\\\/\\\/clair.si\\\/\",\"logo\":{\"@type\":\"ImageObject\",\"inLanguage\":\"hr\",\"@id\":\"https:\\\/\\\/clair.si\\\/#\\\/schema\\\/logo\\\/image\\\/\",\"url\":\"https:\\\/\\\/clair.si\\\/wp-content\\\/uploads\\\/2022\\\/11\\\/clair_logo_2022.jpg\",\"contentUrl\":\"https:\\\/\\\/clair.si\\\/wp-content\\\/uploads\\\/2022\\\/11\\\/clair_logo_2022.jpg\",\"width\":1920,\"height\":1920,\"caption\":\"Clair\"},\"image\":{\"@id\":\"https:\\\/\\\/clair.si\\\/#\\\/schema\\\/logo\\\/image\\\/\"},\"sameAs\":[\"https:\\\/\\\/www.facebook.com\\\/TrgovinaClair\\\/\"]}]}<\/script>\n<!-- \/ Yoast SEO plugin. -->","yoast_head_json":{"title":"Ve\u0107i pojilnik za konje Gus - Clair","description":"Pojilnik za konje Gus je kvalitetan pojilnik. Provjerite na\u0161u web trgovinu i pogledajte ponudu svih pojilnika za konje.","robots":{"index":"index","follow":"follow","max-snippet":"max-snippet:-1","max-image-preview":"max-image-preview:large","max-video-preview":"max-video-preview:-1"},"canonical":"https:\/\/clair.si\/hr\/izdelek\/veci-pojilnik-za-konje-gus\/","og_locale":"hr_HR","og_type":"article","og_title":"Ve\u0107i pojilnik za konje Gus - Clair","og_description":"Pojilnik za konje Gus je kvalitetan pojilnik. Provjerite na\u0161u web trgovinu i pogledajte ponudu svih pojilnika za konje.","og_url":"https:\/\/clair.si\/hr\/izdelek\/veci-pojilnik-za-konje-gus\/","og_site_name":"Clair","article_publisher":"https:\/\/www.facebook.com\/TrgovinaClair\/","article_modified_time":"2026-04-05T17:10:37+00:00","og_image":[{"width":700,"height":700,"url":"https:\/\/clair.si\/wp-content\/uploads\/2022\/06\/NAPAJALNIK-CLAIR-GUS-veliki-1253100_1-1.jpeg","type":"image\/jpeg"}],"twitter_card":"summary_large_image","schema":{"@context":"https:\/\/schema.org","@graph":[{"@type":"WebPage","@id":"https:\/\/clair.si\/hr\/izdelek\/veci-pojilnik-za-konje-gus\/","url":"https:\/\/clair.si\/hr\/izdelek\/veci-pojilnik-za-konje-gus\/","name":"Ve\u0107i pojilnik za konje Gus - Clair","isPartOf":{"@id":"https:\/\/clair.si\/#website"},"primaryImageOfPage":{"@id":"https:\/\/clair.si\/hr\/izdelek\/veci-pojilnik-za-konje-gus\/#primaryimage"},"image":{"@id":"https:\/\/clair.si\/hr\/izdelek\/veci-pojilnik-za-konje-gus\/#primaryimage"},"thumbnailUrl":"https:\/\/clair.si\/wp-content\/uploads\/2022\/06\/NAPAJALNIK-CLAIR-GUS-veliki-1253100_1-1.webp","datePublished":"2022-06-25T09:34:27+00:00","dateModified":"2026-04-05T17:10:37+00:00","description":"Pojilnik za konje Gus je kvalitetan pojilnik. Provjerite na\u0161u web trgovinu i pogledajte ponudu svih pojilnika za konje.","breadcrumb":{"@id":"https:\/\/clair.si\/hr\/izdelek\/veci-pojilnik-za-konje-gus\/#breadcrumb"},"inLanguage":"hr","potentialAction":[{"@type":"ReadAction","target":["https:\/\/clair.si\/hr\/izdelek\/veci-pojilnik-za-konje-gus\/"]}]},{"@type":"ImageObject","inLanguage":"hr","@id":"https:\/\/clair.si\/hr\/izdelek\/veci-pojilnik-za-konje-gus\/#primaryimage","url":"https:\/\/clair.si\/wp-content\/uploads\/2022\/06\/NAPAJALNIK-CLAIR-GUS-veliki-1253100_1-1.webp","contentUrl":"https:\/\/clair.si\/wp-content\/uploads\/2022\/06\/NAPAJALNIK-CLAIR-GUS-veliki-1253100_1-1.webp","width":700,"height":700,"caption":"Ve\u010dji napajalnik za konje"},{"@type":"BreadcrumbList","@id":"https:\/\/clair.si\/hr\/izdelek\/veci-pojilnik-za-konje-gus\/#breadcrumb","itemListElement":[{"@type":"ListItem","position":1,"name":"Home","item":"https:\/\/clair.si\/hr\/"},{"@type":"ListItem","position":2,"name":"Trgovina","item":"https:\/\/clair.si\/trgovina\/"},{"@type":"ListItem","position":3,"name":"Ve\u0107i pojilnik za konje Gus"}]},{"@type":"WebSite","@id":"https:\/\/clair.si\/#website","url":"https:\/\/clair.si\/","name":"Clair","description":"Trgovina s konjeni\u0161ko opremo","publisher":{"@id":"https:\/\/clair.si\/#organization"},"potentialAction":[{"@type":"SearchAction","target":{"@type":"EntryPoint","urlTemplate":"https:\/\/clair.si\/?s={search_term_string}"},"query-input":{"@type":"PropertyValueSpecification","valueRequired":true,"valueName":"search_term_string"}}],"inLanguage":"hr"},{"@type":"Organization","@id":"https:\/\/clair.si\/#organization","name":"Clair","url":"https:\/\/clair.si\/","logo":{"@type":"ImageObject","inLanguage":"hr","@id":"https:\/\/clair.si\/#\/schema\/logo\/image\/","url":"https:\/\/clair.si\/wp-content\/uploads\/2022\/11\/clair_logo_2022.jpg","contentUrl":"https:\/\/clair.si\/wp-content\/uploads\/2022\/11\/clair_logo_2022.jpg","width":1920,"height":1920,"caption":"Clair"},"image":{"@id":"https:\/\/clair.si\/#\/schema\/logo\/image\/"},"sameAs":["https:\/\/www.facebook.com\/TrgovinaClair\/"]}]}},"_links":{"self":[{"href":"https:\/\/clair.si\/hr\/wp-json\/wp\/v2\/product\/103708","targetHints":{"allow":["GET"]}}],"collection":[{"href":"https:\/\/clair.si\/hr\/wp-json\/wp\/v2\/product"}],"about":[{"href":"https:\/\/clair.si\/hr\/wp-json\/wp\/v2\/types\/product"}],"version-history":[{"count":0,"href":"https:\/\/clair.si\/hr\/wp-json\/wp\/v2\/product\/103708\/revisions"}],"wp:featuredmedia":[{"embeddable":true,"href":"https:\/\/clair.si\/hr\/wp-json\/wp\/v2\/media\/103711"}],"wp:attachment":[{"href":"https:\/\/clair.si\/hr\/wp-json\/wp\/v2\/media?parent=103708"}],"wp:term":[{"taxonomy":"product_brand","embeddable":true,"href":"https:\/\/clair.si\/hr\/wp-json\/wp\/v2\/product_brand?post=103708"},{"taxonomy":"product_cat","embeddable":true,"href":"https:\/\/clair.si\/hr\/wp-json\/wp\/v2\/product_cat?post=103708"},{"taxonomy":"product_tag","embeddable":true,"href":"https:\/\/clair.si\/hr\/wp-json\/wp\/v2\/product_tag?post=103708"}],"curies":[{"name":"wp","href":"https:\/\/api.w.org\/{rel}","templated":true}]}}