{"id":103718,"date":"2022-06-25T16:42:12","date_gmt":"2022-06-25T14:42:12","guid":{"rendered":"https:\/\/clair.si\/izdelek\/grijani-pojilnik-za-konje-lister-sb-2h\/"},"modified":"2025-08-28T08:32:44","modified_gmt":"2025-08-28T06:32:44","slug":"grijani-pojilnik-za-konje-lister-sb-2h","status":"publish","type":"product","link":"https:\/\/clair.si\/hr\/izdelek\/grijani-pojilnik-za-konje-lister-sb-2h\/","title":{"rendered":"Grijani pojilnik za konje Lister SB 2H"},"content":{"rendered":"<p><strong>Grijani pojilnik za konje Lister SB 2H<\/strong> radi pritiskom na jezi\u010dak.<strong><br \/>\n<\/strong><\/p>\n<p><strong>Zna\u010dajke:<\/strong><\/p>\n<ul>\n<li dir=\"ltr\" data-placeholder=\"Prevod\">Pojilnik za konje je izra\u0111en od izdr\u017eljive plastike otporne na ugrize<\/li>\n<li dir=\"ltr\" data-placeholder=\"Prevod\">Pojilnik opremljen s potisnim jezi\u010dkom i plasti\u010dnim ventilom<\/li>\n<li dir=\"ltr\" data-placeholder=\"Prevod\">Priklju\u010dci za vodu mogu biti na gornjoj ili donjoj strani ili izravno na vodoravno postavljenoj vodovodnoj cijevi<\/li>\n<li dir=\"ltr\" data-placeholder=\"Prevod\">Kabel sadr\u017ei ugra\u0111eni termostat koji se uklju\u010duje ako temperatura padne ispod + 5<span lang=\"sl\">\u00b0 C i isklju\u010duje se ako temperatura naraste do + 15\u00b0 C<\/span><\/li>\n<li dir=\"ltr\" data-placeholder=\"Prevod\">Priklju\u010dak: 1\/2\u201d<\/li>\n<li dir=\"ltr\" data-placeholder=\"Prevod\">Koli\u010dina protoka vode pribli\u017eno 19,6 L \/ min, pri tlaku 5 bara<\/li>\n<li dir=\"ltr\" data-placeholder=\"Prevod\">Zapremina posude: pribli\u017eno 1 L<\/li>\n<li dir=\"ltr\" data-placeholder=\"Prevod\">Grijani kabel 230V\/33W<\/li>\n<li dir=\"ltr\" data-placeholder=\"Prevod\">Pojilnik s grija\u010dim kabelom 230 V\/ 33 W<\/li>\n<li dir=\"ltr\" data-placeholder=\"Prevod\">Do pribli\u017eno <span lang=\"sl\">-20 \u00b0 C<\/span><\/li>\n<\/ul>\n","protected":false},"excerpt":{"rendered":"<p>Grijani pojilnik za konje Lister SB 2H radi pritiskom na jezi\u010dak. Zna\u010dajke: Pojilnik za konje je izra\u0111en od izdr\u017eljive plastike<\/p>\n","protected":false},"featured_media":103726,"template":"","meta":{"footnotes":""},"product_brand":[],"product_cat":[6152,5627],"product_tag":[],"class_list":{"0":"post-103718","1":"product","2":"type-product","3":"status-publish","4":"has-post-thumbnail","6":"product_cat-pojilice-za-konje","7":"product_cat-stala-i-pasnjak","9":"first","10":"instock","11":"sale","12":"shipping-taxable","13":"purchasable","14":"product-type-simple"},"yoast_head":"<!-- This site is optimized with the Yoast SEO plugin v27.4 - https:\/\/yoast.com\/product\/yoast-seo-wordpress\/ -->\n<title>Grijani pojilnik za konje Lister SB 2H - Clair<\/title>\n<meta name=\"description\" content=\"Grijani pojilnik za konje Lister je kvalitetan i povoljan. Vi\u0161e informacija mo\u017eete pro\u010ditati na web stranici.\" \/>\n<meta name=\"robots\" content=\"index, follow, max-snippet:-1, max-image-preview:large, max-video-preview:-1\" \/>\n<link rel=\"canonical\" href=\"https:\/\/clair.si\/hr\/izdelek\/grijani-pojilnik-za-konje-lister-sb-2h\/\" \/>\n<meta property=\"og:locale\" content=\"hr_HR\" \/>\n<meta property=\"og:type\" content=\"article\" \/>\n<meta property=\"og:title\" content=\"Grijani pojilnik za konje Lister SB 2H - Clair\" \/>\n<meta property=\"og:description\" content=\"Grijani pojilnik za konje Lister je kvalitetan i povoljan. Vi\u0161e informacija mo\u017eete pro\u010ditati na web stranici.\" \/>\n<meta property=\"og:url\" content=\"https:\/\/clair.si\/hr\/izdelek\/grijani-pojilnik-za-konje-lister-sb-2h\/\" \/>\n<meta property=\"og:site_name\" content=\"Clair\" \/>\n<meta property=\"article:publisher\" content=\"https:\/\/www.facebook.com\/TrgovinaClair\/\" \/>\n<meta property=\"article:modified_time\" content=\"2025-08-28T06:32:44+00:00\" \/>\n<meta property=\"og:image\" content=\"https:\/\/clair.si\/wp-content\/uploads\/2022\/06\/NAPAJALNIK-ZA-KONJA-SB-2H-230V-1253131_4.jpeg\" \/>\n\t<meta property=\"og:image:width\" content=\"500\" \/>\n\t<meta property=\"og:image:height\" content=\"500\" \/>\n\t<meta property=\"og:image:type\" content=\"image\/jpeg\" \/>\n<meta name=\"twitter:card\" content=\"summary_large_image\" \/>\n<meta name=\"twitter:label1\" content=\"Procijenjeno vrijeme \u010ditanja\" \/>\n\t<meta name=\"twitter:data1\" content=\"1 minuta\" \/>\n<script type=\"application\/ld+json\" class=\"yoast-schema-graph\">{\"@context\":\"https:\\\/\\\/schema.org\",\"@graph\":[{\"@type\":\"WebPage\",\"@id\":\"https:\\\/\\\/clair.si\\\/hr\\\/izdelek\\\/grijani-pojilnik-za-konje-lister-sb-2h\\\/\",\"url\":\"https:\\\/\\\/clair.si\\\/hr\\\/izdelek\\\/grijani-pojilnik-za-konje-lister-sb-2h\\\/\",\"name\":\"Grijani pojilnik za konje Lister SB 2H - Clair\",\"isPartOf\":{\"@id\":\"https:\\\/\\\/clair.si\\\/#website\"},\"primaryImageOfPage\":{\"@id\":\"https:\\\/\\\/clair.si\\\/hr\\\/izdelek\\\/grijani-pojilnik-za-konje-lister-sb-2h\\\/#primaryimage\"},\"image\":{\"@id\":\"https:\\\/\\\/clair.si\\\/hr\\\/izdelek\\\/grijani-pojilnik-za-konje-lister-sb-2h\\\/#primaryimage\"},\"thumbnailUrl\":\"https:\\\/\\\/clair.si\\\/wp-content\\\/uploads\\\/2022\\\/06\\\/NAPAJALNIK-ZA-KONJA-SB-2H-230V-1253131_4.webp\",\"datePublished\":\"2022-06-25T14:42:12+00:00\",\"dateModified\":\"2025-08-28T06:32:44+00:00\",\"description\":\"Grijani pojilnik za konje Lister je kvalitetan i povoljan. Vi\u0161e informacija mo\u017eete pro\u010ditati na web stranici.\",\"breadcrumb\":{\"@id\":\"https:\\\/\\\/clair.si\\\/hr\\\/izdelek\\\/grijani-pojilnik-za-konje-lister-sb-2h\\\/#breadcrumb\"},\"inLanguage\":\"hr\",\"potentialAction\":[{\"@type\":\"ReadAction\",\"target\":[\"https:\\\/\\\/clair.si\\\/hr\\\/izdelek\\\/grijani-pojilnik-za-konje-lister-sb-2h\\\/\"]}]},{\"@type\":\"ImageObject\",\"inLanguage\":\"hr\",\"@id\":\"https:\\\/\\\/clair.si\\\/hr\\\/izdelek\\\/grijani-pojilnik-za-konje-lister-sb-2h\\\/#primaryimage\",\"url\":\"https:\\\/\\\/clair.si\\\/wp-content\\\/uploads\\\/2022\\\/06\\\/NAPAJALNIK-ZA-KONJA-SB-2H-230V-1253131_4.webp\",\"contentUrl\":\"https:\\\/\\\/clair.si\\\/wp-content\\\/uploads\\\/2022\\\/06\\\/NAPAJALNIK-ZA-KONJA-SB-2H-230V-1253131_4.webp\",\"width\":500,\"height\":500,\"caption\":\"Grelni napajalnik za konje\"},{\"@type\":\"BreadcrumbList\",\"@id\":\"https:\\\/\\\/clair.si\\\/hr\\\/izdelek\\\/grijani-pojilnik-za-konje-lister-sb-2h\\\/#breadcrumb\",\"itemListElement\":[{\"@type\":\"ListItem\",\"position\":1,\"name\":\"Home\",\"item\":\"https:\\\/\\\/clair.si\\\/hr\\\/\"},{\"@type\":\"ListItem\",\"position\":2,\"name\":\"Trgovina\",\"item\":\"https:\\\/\\\/clair.si\\\/trgovina\\\/\"},{\"@type\":\"ListItem\",\"position\":3,\"name\":\"Grijani pojilnik za konje Lister SB 2H\"}]},{\"@type\":\"WebSite\",\"@id\":\"https:\\\/\\\/clair.si\\\/#website\",\"url\":\"https:\\\/\\\/clair.si\\\/\",\"name\":\"Clair\",\"description\":\"Trgovina s konjeni\u0161ko opremo\",\"publisher\":{\"@id\":\"https:\\\/\\\/clair.si\\\/#organization\"},\"potentialAction\":[{\"@type\":\"SearchAction\",\"target\":{\"@type\":\"EntryPoint\",\"urlTemplate\":\"https:\\\/\\\/clair.si\\\/?s={search_term_string}\"},\"query-input\":{\"@type\":\"PropertyValueSpecification\",\"valueRequired\":true,\"valueName\":\"search_term_string\"}}],\"inLanguage\":\"hr\"},{\"@type\":\"Organization\",\"@id\":\"https:\\\/\\\/clair.si\\\/#organization\",\"name\":\"Clair\",\"url\":\"https:\\\/\\\/clair.si\\\/\",\"logo\":{\"@type\":\"ImageObject\",\"inLanguage\":\"hr\",\"@id\":\"https:\\\/\\\/clair.si\\\/#\\\/schema\\\/logo\\\/image\\\/\",\"url\":\"https:\\\/\\\/clair.si\\\/wp-content\\\/uploads\\\/2022\\\/11\\\/clair_logo_2022.jpg\",\"contentUrl\":\"https:\\\/\\\/clair.si\\\/wp-content\\\/uploads\\\/2022\\\/11\\\/clair_logo_2022.jpg\",\"width\":1920,\"height\":1920,\"caption\":\"Clair\"},\"image\":{\"@id\":\"https:\\\/\\\/clair.si\\\/#\\\/schema\\\/logo\\\/image\\\/\"},\"sameAs\":[\"https:\\\/\\\/www.facebook.com\\\/TrgovinaClair\\\/\"]}]}<\/script>\n<!-- \/ Yoast SEO plugin. -->","yoast_head_json":{"title":"Grijani pojilnik za konje Lister SB 2H - Clair","description":"Grijani pojilnik za konje Lister je kvalitetan i povoljan. Vi\u0161e informacija mo\u017eete pro\u010ditati na web stranici.","robots":{"index":"index","follow":"follow","max-snippet":"max-snippet:-1","max-image-preview":"max-image-preview:large","max-video-preview":"max-video-preview:-1"},"canonical":"https:\/\/clair.si\/hr\/izdelek\/grijani-pojilnik-za-konje-lister-sb-2h\/","og_locale":"hr_HR","og_type":"article","og_title":"Grijani pojilnik za konje Lister SB 2H - Clair","og_description":"Grijani pojilnik za konje Lister je kvalitetan i povoljan. Vi\u0161e informacija mo\u017eete pro\u010ditati na web stranici.","og_url":"https:\/\/clair.si\/hr\/izdelek\/grijani-pojilnik-za-konje-lister-sb-2h\/","og_site_name":"Clair","article_publisher":"https:\/\/www.facebook.com\/TrgovinaClair\/","article_modified_time":"2025-08-28T06:32:44+00:00","og_image":[{"width":500,"height":500,"url":"https:\/\/clair.si\/wp-content\/uploads\/2022\/06\/NAPAJALNIK-ZA-KONJA-SB-2H-230V-1253131_4.jpeg","type":"image\/jpeg"}],"twitter_card":"summary_large_image","twitter_misc":{"Procijenjeno vrijeme \u010ditanja":"1 minuta"},"schema":{"@context":"https:\/\/schema.org","@graph":[{"@type":"WebPage","@id":"https:\/\/clair.si\/hr\/izdelek\/grijani-pojilnik-za-konje-lister-sb-2h\/","url":"https:\/\/clair.si\/hr\/izdelek\/grijani-pojilnik-za-konje-lister-sb-2h\/","name":"Grijani pojilnik za konje Lister SB 2H - Clair","isPartOf":{"@id":"https:\/\/clair.si\/#website"},"primaryImageOfPage":{"@id":"https:\/\/clair.si\/hr\/izdelek\/grijani-pojilnik-za-konje-lister-sb-2h\/#primaryimage"},"image":{"@id":"https:\/\/clair.si\/hr\/izdelek\/grijani-pojilnik-za-konje-lister-sb-2h\/#primaryimage"},"thumbnailUrl":"https:\/\/clair.si\/wp-content\/uploads\/2022\/06\/NAPAJALNIK-ZA-KONJA-SB-2H-230V-1253131_4.webp","datePublished":"2022-06-25T14:42:12+00:00","dateModified":"2025-08-28T06:32:44+00:00","description":"Grijani pojilnik za konje Lister je kvalitetan i povoljan. Vi\u0161e informacija mo\u017eete pro\u010ditati na web stranici.","breadcrumb":{"@id":"https:\/\/clair.si\/hr\/izdelek\/grijani-pojilnik-za-konje-lister-sb-2h\/#breadcrumb"},"inLanguage":"hr","potentialAction":[{"@type":"ReadAction","target":["https:\/\/clair.si\/hr\/izdelek\/grijani-pojilnik-za-konje-lister-sb-2h\/"]}]},{"@type":"ImageObject","inLanguage":"hr","@id":"https:\/\/clair.si\/hr\/izdelek\/grijani-pojilnik-za-konje-lister-sb-2h\/#primaryimage","url":"https:\/\/clair.si\/wp-content\/uploads\/2022\/06\/NAPAJALNIK-ZA-KONJA-SB-2H-230V-1253131_4.webp","contentUrl":"https:\/\/clair.si\/wp-content\/uploads\/2022\/06\/NAPAJALNIK-ZA-KONJA-SB-2H-230V-1253131_4.webp","width":500,"height":500,"caption":"Grelni napajalnik za konje"},{"@type":"BreadcrumbList","@id":"https:\/\/clair.si\/hr\/izdelek\/grijani-pojilnik-za-konje-lister-sb-2h\/#breadcrumb","itemListElement":[{"@type":"ListItem","position":1,"name":"Home","item":"https:\/\/clair.si\/hr\/"},{"@type":"ListItem","position":2,"name":"Trgovina","item":"https:\/\/clair.si\/trgovina\/"},{"@type":"ListItem","position":3,"name":"Grijani pojilnik za konje Lister SB 2H"}]},{"@type":"WebSite","@id":"https:\/\/clair.si\/#website","url":"https:\/\/clair.si\/","name":"Clair","description":"Trgovina s konjeni\u0161ko opremo","publisher":{"@id":"https:\/\/clair.si\/#organization"},"potentialAction":[{"@type":"SearchAction","target":{"@type":"EntryPoint","urlTemplate":"https:\/\/clair.si\/?s={search_term_string}"},"query-input":{"@type":"PropertyValueSpecification","valueRequired":true,"valueName":"search_term_string"}}],"inLanguage":"hr"},{"@type":"Organization","@id":"https:\/\/clair.si\/#organization","name":"Clair","url":"https:\/\/clair.si\/","logo":{"@type":"ImageObject","inLanguage":"hr","@id":"https:\/\/clair.si\/#\/schema\/logo\/image\/","url":"https:\/\/clair.si\/wp-content\/uploads\/2022\/11\/clair_logo_2022.jpg","contentUrl":"https:\/\/clair.si\/wp-content\/uploads\/2022\/11\/clair_logo_2022.jpg","width":1920,"height":1920,"caption":"Clair"},"image":{"@id":"https:\/\/clair.si\/#\/schema\/logo\/image\/"},"sameAs":["https:\/\/www.facebook.com\/TrgovinaClair\/"]}]}},"_links":{"self":[{"href":"https:\/\/clair.si\/hr\/wp-json\/wp\/v2\/product\/103718","targetHints":{"allow":["GET"]}}],"collection":[{"href":"https:\/\/clair.si\/hr\/wp-json\/wp\/v2\/product"}],"about":[{"href":"https:\/\/clair.si\/hr\/wp-json\/wp\/v2\/types\/product"}],"version-history":[{"count":0,"href":"https:\/\/clair.si\/hr\/wp-json\/wp\/v2\/product\/103718\/revisions"}],"wp:featuredmedia":[{"embeddable":true,"href":"https:\/\/clair.si\/hr\/wp-json\/wp\/v2\/media\/103726"}],"wp:attachment":[{"href":"https:\/\/clair.si\/hr\/wp-json\/wp\/v2\/media?parent=103718"}],"wp:term":[{"taxonomy":"product_brand","embeddable":true,"href":"https:\/\/clair.si\/hr\/wp-json\/wp\/v2\/product_brand?post=103718"},{"taxonomy":"product_cat","embeddable":true,"href":"https:\/\/clair.si\/hr\/wp-json\/wp\/v2\/product_cat?post=103718"},{"taxonomy":"product_tag","embeddable":true,"href":"https:\/\/clair.si\/hr\/wp-json\/wp\/v2\/product_tag?post=103718"}],"curies":[{"name":"wp","href":"https:\/\/api.w.org\/{rel}","templated":true}]}}