{"id":103731,"date":"2022-06-27T11:21:29","date_gmt":"2022-06-27T09:21:29","guid":{"rendered":"https:\/\/clair.si\/izdelek\/jfc-eco-pvc-pojilica-za-konje-s-plovkom\/"},"modified":"2025-08-28T09:30:59","modified_gmt":"2025-08-28T07:30:59","slug":"jfc-eco-pvc-pojilica-za-konje-s-plovkom","status":"publish","type":"product","link":"https:\/\/clair.si\/hr\/izdelek\/jfc-eco-pvc-pojilica-za-konje-s-plovkom\/","title":{"rendered":"JFC ECO PVC pojilica za konje s plovkom"},"content":{"rendered":"<p><strong>JFC ECO PVC pojilica za konje<\/strong> radi na plovak. JFC pojilica osigurava jednostavan pristup svje\u017eoj i \u010distoj pitkoj vodi. <strong><br \/>\n<\/strong><\/p>\n<p><strong>Zna\u010dajke:<\/strong><\/p>\n<ul>\n<li>Posuda je izra\u0111ena od debelog polietilena, <span class=\"Y2IQFc\" lang=\"sl\">\u0161to je \u010dini iznimno izdr\u017eljivom i pru\u017ea visoku otpornost na temperaturne oscilacije<\/span><\/li>\n<li>Glatka povr\u0161ina<\/li>\n<li>Svi rubovi su zaobljeni, \u0161to osigurava ve\u0107u sigurnost \u017eivotinja<\/li>\n<li>Izdr\u017eljiva pojilica, koja je prikladna za postavljanje na pa\u0161njaku ili u \u0161tali<\/li>\n<li>Dvostruko oja\u010dan rub za dodatnu \u010dvrsto\u0107u<\/li>\n<li>Mogu\u0107nost kori\u0161tenja ventila na lijevoj ili desnoj strani<\/li>\n<li>Jednostavna instalacija<\/li>\n<li>\u010cetiri rupe za fiksiranje<\/li>\n<li>Prikladno za pri\u010dvr\u0161\u0107ivanje na zid ili cijev<\/li>\n<li>Zapremina 2l<\/li>\n<li>Zelene boje<\/li>\n<li>Na donjoj strani je ispusni \u010dep za lak\u0161e \u010di\u0161\u0107enje<\/li>\n<\/ul>\n<p>Upute za instalaciju:<\/p>\n<p>Pri\u010dvrstite pojilicu na odabrano mjesto. Uklonite poklopac i postavite ventil u skladu s vodovodnom instalacijom. Da biste zadovoljili pravilima, pojilica mora biti priklju\u010dena na glavnu vodovodnu instalaciju. Najmanja visina od glavne instalacije do ventila je 1 metar.   <\/p>\n","protected":false},"excerpt":{"rendered":"<p>JFC ECO PVC pojilica za konje radi na plovak. JFC pojilica osigurava jednostavan pristup svje\u017eoj i \u010distoj pitkoj vodi. Zna\u010dajke:<\/p>\n","protected":false},"featured_media":103736,"template":"","meta":{"footnotes":""},"product_brand":[],"product_cat":[6152,5627],"product_tag":[],"class_list":{"0":"post-103731","1":"product","2":"type-product","3":"status-publish","4":"has-post-thumbnail","6":"product_cat-pojilice-za-konje","7":"product_cat-stala-i-pasnjak","9":"first","10":"instock","11":"sale","12":"featured","13":"shipping-taxable","14":"purchasable","15":"product-type-simple"},"yoast_head":"<!-- This site is optimized with the Yoast SEO plugin v27.4 - https:\/\/yoast.com\/product\/yoast-seo-wordpress\/ -->\n<title>JFC ECO PVC pojilica za konje s plovkom - Clair<\/title>\n<meta name=\"description\" content=\"JFC ECO pojilica za konje izra\u0111ena je od kvalitetnog materijala koji je otporan na promjene temperature.\" \/>\n<meta name=\"robots\" content=\"index, follow, max-snippet:-1, max-image-preview:large, max-video-preview:-1\" \/>\n<link rel=\"canonical\" href=\"https:\/\/clair.si\/hr\/izdelek\/jfc-eco-pvc-pojilica-za-konje-s-plovkom\/\" \/>\n<meta property=\"og:locale\" content=\"hr_HR\" \/>\n<meta property=\"og:type\" content=\"article\" \/>\n<meta property=\"og:title\" content=\"JFC ECO PVC pojilica za konje s plovkom - Clair\" \/>\n<meta property=\"og:description\" content=\"JFC ECO pojilica za konje izra\u0111ena je od kvalitetnog materijala koji je otporan na promjene temperature.\" \/>\n<meta property=\"og:url\" content=\"https:\/\/clair.si\/hr\/izdelek\/jfc-eco-pvc-pojilica-za-konje-s-plovkom\/\" \/>\n<meta property=\"og:site_name\" content=\"Clair\" \/>\n<meta property=\"article:publisher\" content=\"https:\/\/www.facebook.com\/TrgovinaClair\/\" \/>\n<meta property=\"article:modified_time\" content=\"2025-08-28T07:30:59+00:00\" \/>\n<meta property=\"og:image\" content=\"https:\/\/clair.si\/wp-content\/uploads\/2022\/11\/clair_logo_2022.webp\" \/>\n\t<meta property=\"og:image:width\" content=\"1920\" \/>\n\t<meta property=\"og:image:height\" content=\"1920\" \/>\n\t<meta property=\"og:image:type\" content=\"image\/jpeg\" \/>\n<meta name=\"twitter:card\" content=\"summary_large_image\" \/>\n<meta name=\"twitter:label1\" content=\"Procijenjeno vrijeme \u010ditanja\" \/>\n\t<meta name=\"twitter:data1\" content=\"1 minuta\" \/>\n<script type=\"application\/ld+json\" class=\"yoast-schema-graph\">{\"@context\":\"https:\\\/\\\/schema.org\",\"@graph\":[{\"@type\":\"WebPage\",\"@id\":\"https:\\\/\\\/clair.si\\\/hr\\\/izdelek\\\/jfc-eco-pvc-pojilica-za-konje-s-plovkom\\\/\",\"url\":\"https:\\\/\\\/clair.si\\\/hr\\\/izdelek\\\/jfc-eco-pvc-pojilica-za-konje-s-plovkom\\\/\",\"name\":\"JFC ECO PVC pojilica za konje s plovkom - Clair\",\"isPartOf\":{\"@id\":\"https:\\\/\\\/clair.si\\\/#website\"},\"primaryImageOfPage\":{\"@id\":\"https:\\\/\\\/clair.si\\\/hr\\\/izdelek\\\/jfc-eco-pvc-pojilica-za-konje-s-plovkom\\\/#primaryimage\"},\"image\":{\"@id\":\"https:\\\/\\\/clair.si\\\/hr\\\/izdelek\\\/jfc-eco-pvc-pojilica-za-konje-s-plovkom\\\/#primaryimage\"},\"thumbnailUrl\":\"https:\\\/\\\/clair.si\\\/wp-content\\\/uploads\\\/2022\\\/06\\\/NAPAJALNIK-JFC-PVC-s-plovcem-ECO-1253141_1.webp\",\"datePublished\":\"2022-06-27T09:21:29+00:00\",\"dateModified\":\"2025-08-28T07:30:59+00:00\",\"description\":\"JFC ECO pojilica za konje izra\u0111ena je od kvalitetnog materijala koji je otporan na promjene temperature.\",\"breadcrumb\":{\"@id\":\"https:\\\/\\\/clair.si\\\/hr\\\/izdelek\\\/jfc-eco-pvc-pojilica-za-konje-s-plovkom\\\/#breadcrumb\"},\"inLanguage\":\"hr\",\"potentialAction\":[{\"@type\":\"ReadAction\",\"target\":[\"https:\\\/\\\/clair.si\\\/hr\\\/izdelek\\\/jfc-eco-pvc-pojilica-za-konje-s-plovkom\\\/\"]}]},{\"@type\":\"ImageObject\",\"inLanguage\":\"hr\",\"@id\":\"https:\\\/\\\/clair.si\\\/hr\\\/izdelek\\\/jfc-eco-pvc-pojilica-za-konje-s-plovkom\\\/#primaryimage\",\"url\":\"https:\\\/\\\/clair.si\\\/wp-content\\\/uploads\\\/2022\\\/06\\\/NAPAJALNIK-JFC-PVC-s-plovcem-ECO-1253141_1.webp\",\"contentUrl\":\"https:\\\/\\\/clair.si\\\/wp-content\\\/uploads\\\/2022\\\/06\\\/NAPAJALNIK-JFC-PVC-s-plovcem-ECO-1253141_1.webp\",\"width\":500,\"height\":500,\"caption\":\"Napajalnik JFC za konje\"},{\"@type\":\"BreadcrumbList\",\"@id\":\"https:\\\/\\\/clair.si\\\/hr\\\/izdelek\\\/jfc-eco-pvc-pojilica-za-konje-s-plovkom\\\/#breadcrumb\",\"itemListElement\":[{\"@type\":\"ListItem\",\"position\":1,\"name\":\"Home\",\"item\":\"https:\\\/\\\/clair.si\\\/hr\\\/\"},{\"@type\":\"ListItem\",\"position\":2,\"name\":\"Trgovina\",\"item\":\"https:\\\/\\\/clair.si\\\/trgovina\\\/\"},{\"@type\":\"ListItem\",\"position\":3,\"name\":\"JFC ECO PVC pojilica za konje s plovkom\"}]},{\"@type\":\"WebSite\",\"@id\":\"https:\\\/\\\/clair.si\\\/#website\",\"url\":\"https:\\\/\\\/clair.si\\\/\",\"name\":\"Clair\",\"description\":\"Trgovina s konjeni\u0161ko opremo\",\"publisher\":{\"@id\":\"https:\\\/\\\/clair.si\\\/#organization\"},\"potentialAction\":[{\"@type\":\"SearchAction\",\"target\":{\"@type\":\"EntryPoint\",\"urlTemplate\":\"https:\\\/\\\/clair.si\\\/?s={search_term_string}\"},\"query-input\":{\"@type\":\"PropertyValueSpecification\",\"valueRequired\":true,\"valueName\":\"search_term_string\"}}],\"inLanguage\":\"hr\"},{\"@type\":\"Organization\",\"@id\":\"https:\\\/\\\/clair.si\\\/#organization\",\"name\":\"Clair\",\"url\":\"https:\\\/\\\/clair.si\\\/\",\"logo\":{\"@type\":\"ImageObject\",\"inLanguage\":\"hr\",\"@id\":\"https:\\\/\\\/clair.si\\\/#\\\/schema\\\/logo\\\/image\\\/\",\"url\":\"https:\\\/\\\/clair.si\\\/wp-content\\\/uploads\\\/2022\\\/11\\\/clair_logo_2022.jpg\",\"contentUrl\":\"https:\\\/\\\/clair.si\\\/wp-content\\\/uploads\\\/2022\\\/11\\\/clair_logo_2022.jpg\",\"width\":1920,\"height\":1920,\"caption\":\"Clair\"},\"image\":{\"@id\":\"https:\\\/\\\/clair.si\\\/#\\\/schema\\\/logo\\\/image\\\/\"},\"sameAs\":[\"https:\\\/\\\/www.facebook.com\\\/TrgovinaClair\\\/\"]}]}<\/script>\n<!-- \/ Yoast SEO plugin. -->","yoast_head_json":{"title":"JFC ECO PVC pojilica za konje s plovkom - Clair","description":"JFC ECO pojilica za konje izra\u0111ena je od kvalitetnog materijala koji je otporan na promjene temperature.","robots":{"index":"index","follow":"follow","max-snippet":"max-snippet:-1","max-image-preview":"max-image-preview:large","max-video-preview":"max-video-preview:-1"},"canonical":"https:\/\/clair.si\/hr\/izdelek\/jfc-eco-pvc-pojilica-za-konje-s-plovkom\/","og_locale":"hr_HR","og_type":"article","og_title":"JFC ECO PVC pojilica za konje s plovkom - Clair","og_description":"JFC ECO pojilica za konje izra\u0111ena je od kvalitetnog materijala koji je otporan na promjene temperature.","og_url":"https:\/\/clair.si\/hr\/izdelek\/jfc-eco-pvc-pojilica-za-konje-s-plovkom\/","og_site_name":"Clair","article_publisher":"https:\/\/www.facebook.com\/TrgovinaClair\/","article_modified_time":"2025-08-28T07:30:59+00:00","og_image":[{"width":1920,"height":1920,"url":"https:\/\/clair.si\/wp-content\/uploads\/2022\/11\/clair_logo_2022.webp","type":"image\/jpeg"}],"twitter_card":"summary_large_image","twitter_misc":{"Procijenjeno vrijeme \u010ditanja":"1 minuta"},"schema":{"@context":"https:\/\/schema.org","@graph":[{"@type":"WebPage","@id":"https:\/\/clair.si\/hr\/izdelek\/jfc-eco-pvc-pojilica-za-konje-s-plovkom\/","url":"https:\/\/clair.si\/hr\/izdelek\/jfc-eco-pvc-pojilica-za-konje-s-plovkom\/","name":"JFC ECO PVC pojilica za konje s plovkom - Clair","isPartOf":{"@id":"https:\/\/clair.si\/#website"},"primaryImageOfPage":{"@id":"https:\/\/clair.si\/hr\/izdelek\/jfc-eco-pvc-pojilica-za-konje-s-plovkom\/#primaryimage"},"image":{"@id":"https:\/\/clair.si\/hr\/izdelek\/jfc-eco-pvc-pojilica-za-konje-s-plovkom\/#primaryimage"},"thumbnailUrl":"https:\/\/clair.si\/wp-content\/uploads\/2022\/06\/NAPAJALNIK-JFC-PVC-s-plovcem-ECO-1253141_1.webp","datePublished":"2022-06-27T09:21:29+00:00","dateModified":"2025-08-28T07:30:59+00:00","description":"JFC ECO pojilica za konje izra\u0111ena je od kvalitetnog materijala koji je otporan na promjene temperature.","breadcrumb":{"@id":"https:\/\/clair.si\/hr\/izdelek\/jfc-eco-pvc-pojilica-za-konje-s-plovkom\/#breadcrumb"},"inLanguage":"hr","potentialAction":[{"@type":"ReadAction","target":["https:\/\/clair.si\/hr\/izdelek\/jfc-eco-pvc-pojilica-za-konje-s-plovkom\/"]}]},{"@type":"ImageObject","inLanguage":"hr","@id":"https:\/\/clair.si\/hr\/izdelek\/jfc-eco-pvc-pojilica-za-konje-s-plovkom\/#primaryimage","url":"https:\/\/clair.si\/wp-content\/uploads\/2022\/06\/NAPAJALNIK-JFC-PVC-s-plovcem-ECO-1253141_1.webp","contentUrl":"https:\/\/clair.si\/wp-content\/uploads\/2022\/06\/NAPAJALNIK-JFC-PVC-s-plovcem-ECO-1253141_1.webp","width":500,"height":500,"caption":"Napajalnik JFC za konje"},{"@type":"BreadcrumbList","@id":"https:\/\/clair.si\/hr\/izdelek\/jfc-eco-pvc-pojilica-za-konje-s-plovkom\/#breadcrumb","itemListElement":[{"@type":"ListItem","position":1,"name":"Home","item":"https:\/\/clair.si\/hr\/"},{"@type":"ListItem","position":2,"name":"Trgovina","item":"https:\/\/clair.si\/trgovina\/"},{"@type":"ListItem","position":3,"name":"JFC ECO PVC pojilica za konje s plovkom"}]},{"@type":"WebSite","@id":"https:\/\/clair.si\/#website","url":"https:\/\/clair.si\/","name":"Clair","description":"Trgovina s konjeni\u0161ko opremo","publisher":{"@id":"https:\/\/clair.si\/#organization"},"potentialAction":[{"@type":"SearchAction","target":{"@type":"EntryPoint","urlTemplate":"https:\/\/clair.si\/?s={search_term_string}"},"query-input":{"@type":"PropertyValueSpecification","valueRequired":true,"valueName":"search_term_string"}}],"inLanguage":"hr"},{"@type":"Organization","@id":"https:\/\/clair.si\/#organization","name":"Clair","url":"https:\/\/clair.si\/","logo":{"@type":"ImageObject","inLanguage":"hr","@id":"https:\/\/clair.si\/#\/schema\/logo\/image\/","url":"https:\/\/clair.si\/wp-content\/uploads\/2022\/11\/clair_logo_2022.jpg","contentUrl":"https:\/\/clair.si\/wp-content\/uploads\/2022\/11\/clair_logo_2022.jpg","width":1920,"height":1920,"caption":"Clair"},"image":{"@id":"https:\/\/clair.si\/#\/schema\/logo\/image\/"},"sameAs":["https:\/\/www.facebook.com\/TrgovinaClair\/"]}]}},"_links":{"self":[{"href":"https:\/\/clair.si\/hr\/wp-json\/wp\/v2\/product\/103731","targetHints":{"allow":["GET"]}}],"collection":[{"href":"https:\/\/clair.si\/hr\/wp-json\/wp\/v2\/product"}],"about":[{"href":"https:\/\/clair.si\/hr\/wp-json\/wp\/v2\/types\/product"}],"version-history":[{"count":0,"href":"https:\/\/clair.si\/hr\/wp-json\/wp\/v2\/product\/103731\/revisions"}],"wp:featuredmedia":[{"embeddable":true,"href":"https:\/\/clair.si\/hr\/wp-json\/wp\/v2\/media\/103736"}],"wp:attachment":[{"href":"https:\/\/clair.si\/hr\/wp-json\/wp\/v2\/media?parent=103731"}],"wp:term":[{"taxonomy":"product_brand","embeddable":true,"href":"https:\/\/clair.si\/hr\/wp-json\/wp\/v2\/product_brand?post=103731"},{"taxonomy":"product_cat","embeddable":true,"href":"https:\/\/clair.si\/hr\/wp-json\/wp\/v2\/product_cat?post=103731"},{"taxonomy":"product_tag","embeddable":true,"href":"https:\/\/clair.si\/hr\/wp-json\/wp\/v2\/product_tag?post=103731"}],"curies":[{"name":"wp","href":"https:\/\/api.w.org\/{rel}","templated":true}]}}